{"id":284,"date":"2023-11-06T22:45:58","date_gmt":"2023-11-06T22:45:58","guid":{"rendered":"https:\/\/exceladvisor.org\/pt\/calcular-diferenca-horaria\/"},"modified":"2023-12-06T11:34:58","modified_gmt":"2023-12-06T11:34:58","slug":"calcular-diferenca-horaria","status":"publish","type":"page","link":"https:\/\/exceladvisor.org\/pt\/calcular-diferenca-horaria\/","title":{"rendered":"Como calcular a diferen\u00e7a hor\u00e1ria entre duas horas?"},"content":{"rendered":"<div class=\"excel-before-content-2\" id=\"excel-2351360286\"><script type=\"text\/javascript\">\r\n\tatOptions = {\r\n\t\t'key' : 'c1158f160081d6540a8409e6925dab94',\r\n\t\t'format' : 'iframe',\r\n\t\t'height' : 250,\r\n\t\t'width' : 300,\r\n\t\t'params' : {}\r\n\t};\r\n<\/script>\r\n<script type=\"text\/javascript\" src=\"\/\/www.highperformanceformat.com\/c1158f160081d6540a8409e6925dab94\/invoke.js\"><\/script><\/div><div class=\"excel-before-content\" id=\"excel-489700221\"><script type=\"text\/javascript\">\r\n\tatOptions = {\r\n\t\t'key' : 'c1158f160081d6540a8409e6925dab94',\r\n\t\t'format' : 'iframe',\r\n\t\t'height' : 250,\r\n\t\t'width' : 300,\r\n\t\t'params' : {}\r\n\t};\r\n<\/script>\r\n<script type=\"text\/javascript\" src=\"\/\/www.highperformanceformat.com\/c1158f160081d6540a8409e6925dab94\/invoke.js\"><\/script><\/div> <p>Se voc\u00ea estiver trabalhando com dados onde h\u00e1 valores de tempo, as dicas que vou compartilhar hoje podem ser \u00fateis para voc\u00ea. Agora escute.<\/p><p> No Excel <a href=\"https:\/\/exceladvisor.org\/pt\/funcoes-do-excel\/\">existem muitas fun\u00e7\u00f5es<\/a> para gerenciar data e hora. Mas n\u00e3o existe uma fun\u00e7\u00e3o espec\u00edfica que voc\u00ea possa usar para obter a diferen\u00e7a entre os valores de tempo.<\/p><p> Como voc\u00ea sabe, um valor de tempo \u00e9 um valor num\u00e9rico formatado como hora, mas quando voc\u00ea deduz um valor de outro, ele retorna um n\u00famero decimal e voc\u00ea precisa format\u00e1-lo novamente como hora.<\/p><p> Mas aqui est\u00e1 a dor:<\/p><p> Ao formatar esse valor de resultado, ele exibe esses valores em horas e minutos (a partir de 00:00) em vez de exibir a diferen\u00e7a real em horas e minutos.<\/p><p> Ent\u00e3o se voc\u00ea tiver uma diferen\u00e7a de 5 horas e 30 minutos, vai aparecer como 05:00. Voc\u00ea n\u00e3o precisa mais se preocupar.<\/p><h2 id=\"tab-con-0\" class=\"wp-block-heading\"> 1. Obtenha a diferen\u00e7a em horas e minutos<\/h2><p> Esta \u00e9 uma das maneiras mais comuns de obter a diferen\u00e7a entre dois tempos. Suponha que voc\u00ea tenha um hor\u00e1rio de in\u00edcio e de t\u00e9rmino (como abaixo), onde precisa obter a diferen\u00e7a entre os dois. <\/p><div class=\"wp-block-image\"><figure class=\"aligncenter\"><img decoding=\"async\" src=\"https:\/\/exceladvisor.org\/wp-content\/uploads\/2023\/08\/calculer-la-difference-de-temps-entre-le-debut-et-la-fin-min.png\" sizes=\"\" srcset=\"\" alt=\"calcular a diferen\u00e7a de tempo entre o in\u00edcio e o fim\"><\/figure><\/div><ol><li> Primeiro, voc\u00ea pode simplesmente deduzir o hor\u00e1rio de t\u00e9rmino do hor\u00e1rio de in\u00edcio e obter\u00e1 algo como abaixo. <br><img decoding=\"async\" title=\"calcular-diferen\u00e7a de tempo-deduzir-in\u00edcio-fim-min\" src=\"https:\/\/exceladvisor.org\/wp-content\/uploads\/2023\/08\/calculer-le-decalage-horaire-deduire-debut-fin-min-1.png\" sizes=\"\" srcset=\"\" alt=\"calculate time difference deduct start end\"><\/li><li> Agora voc\u00ea precisa converter esse tempo em horas e minutos.<\/li><li> Para isso, selecione a c\u00e9lula e abra as op\u00e7\u00f5es de formato (Ctrl+1).<\/li><li> Depois disso, selecione a categoria \u201cHora\u201d e selecione o segundo formato de hora. <br><img decoding=\"async\" title=\"calcular o formato da diferen\u00e7a de tempo em horas e minutos-min\" src=\"https:\/\/exceladvisor.org\/wp-content\/uploads\/2023\/08\/calculer-le-format-de-difference-de-temps-en-heure-et-miutes-min.png\" sizes=\"\" srcset=\"\" alt=\"calculate time difference format into hour and minutes\"><\/li><li> No final, clique em OK. <br><img decoding=\"async\" title=\"calcular-o-tempo-turno-horas-minutos-min\" src=\"https:\/\/exceladvisor.org\/wp-content\/uploads\/2023\/08\/calculer-le-decalage-horaire-heures-miutes-min.png\" sizes=\"\" srcset=\"\" alt=\"calculate time difference hours minutes\"><\/li><\/ol><p> Depois de fazer isso, ele converter\u00e1 (formato) essa diferen\u00e7a de hor\u00e1rio em horas e minutos, em vez do formato de hora normal.<\/p><h2 id=\"tab-con-1\" class=\"wp-block-heading\"> 2. Seja diferente em horas e n\u00fameros<\/h2><p> Esta n\u00e3o \u00e9 uma forma comum de obter a diferen\u00e7a hor\u00e1ria, mas ainda \u00e9 \u00fatil e importante. Digamos que voc\u00ea queira obter a diferen\u00e7a entre o hor\u00e1rio de in\u00edcio e o hor\u00e1rio de t\u00e9rmino em horas, mas n\u00e3o em n\u00fameros normais.<\/p><p> Por exemplo, se a diferen\u00e7a entre o hor\u00e1rio de in\u00edcio e o hor\u00e1rio de t\u00e9rmino for de 4 horas e 30 minutos, dever\u00e1 ser de 4,5 horas. Aqui est\u00e1 a f\u00f3rmula que voc\u00ea deve usar. <\/p><pre class=\"wp-block-code\"> <code class=\"language-excel-formula\" lang=\"excel-formula\">=(end_time-start_time)*24<\/code><\/pre><div class=\"wp-block-image\"><figure class=\"aligncenter\"><img decoding=\"async\" src=\"https:\/\/exceladvisor.org\/wp-content\/uploads\/2023\/08\/calculer-le-decalage-horaire-en-nombre-dheures-min.png\" sizes=\"\" srcset=\"\" alt=\"calcular a diferen\u00e7a hor\u00e1ria em n\u00famero de horas\"><\/figure><\/div><p> Depois de inserir esta f\u00f3rmula, ela retornar\u00e1 as horas como d\u00edgitos e os minutos (se os tiver) como decimais.<\/p><h3 class=\"wp-block-heading\"> Como funciona essa f\u00f3rmula?<\/h3><p> Como eu disse antes, o Excel armazena data e hora em n\u00fameros e, quando voc\u00ea subtrai o hor\u00e1rio de t\u00e9rmino do hor\u00e1rio de in\u00edcio, ele retorna uma casa decimal. E quando voc\u00ea multiplica por 24 (o n\u00famero total de horas em um dia), ele converte esse decimal no n\u00famero de horas e minutos.<\/p><h2 id=\"tab-con-2\" class=\"wp-block-heading\"> 3. Seja diferente nas horas cumpridas<\/h2><p> Voc\u00ea tamb\u00e9m pode calcular as horas conclu\u00eddas entre dois hor\u00e1rios com esta f\u00f3rmula simples. <\/p><pre class=\"wp-block-code\"> <code class=\"language-excel-formula\" lang=\"excel-formula\">=INT((end_time-start_time)*24)<\/code><\/pre><p class=\"has-text-align-center\"><img loading=\"lazy\" decoding=\"async\" src=\"https:\/\/exceladvisor.org\/wp-content\/uploads\/2023\/08\/calculer-le-decalage-horaire-heures-completes-min-1.png\" sizes=\"auto, \" srcset=\"\" alt=\"calcular diferen\u00e7a hor\u00e1ria horas completas\" width=\"476\" height=\"125\" data-id=\"20762\"><\/p><h3 class=\"wp-block-heading\"> Como funciona essa f\u00f3rmula?<\/h3><p> Esta f\u00f3rmula \u00e9 igual \u00e0 f\u00f3rmula que usamos no segundo m\u00e9todo, a \u00fanica diferen\u00e7a aqui \u00e9 que a envolvemos em INT.<\/p><p> A fun\u00e7\u00e3o INT retorna a casa decimal da parte inteira arredondando-a para baixo. Voc\u00ea pode encontrar mais aqui. Portanto, quando voc\u00ea insere esta f\u00f3rmula, primeiro ela retorna um n\u00famero decimal para as horas, depois INT remove a parte fracion\u00e1ria e fornece as horas completas.<\/p><h2 id=\"tab-con-3\" class=\"wp-block-heading\"> 4. Obtenha a diferen\u00e7a em minutos<\/h2><p> H\u00e1 momentos em que voc\u00ea precisa acompanhar a diferen\u00e7a hor\u00e1ria em minutos em vez de horas e, neste caso, a melhor forma \u00e9 usar a f\u00f3rmula abaixo. <\/p><pre class=\"wp-block-code\"> <code class=\"language-excel-formula\" lang=\"excel-formula\">=(end_time-start_time)*1440<\/code><\/pre><div class=\"wp-block-image\"><figure class=\"aligncenter\"><img decoding=\"async\" src=\"https:\/\/exceladvisor.org\/wp-content\/uploads\/2023\/08\/calculer-le-decalage-horaire-en-minutes-min.png\" sizes=\"\" srcset=\"\" alt=\"calcular a diferen\u00e7a hor\u00e1ria em minutos\"><\/figure><\/div><p> Nesta f\u00f3rmula, ap\u00f3s deduzir o hor\u00e1rio de in\u00edcio do hor\u00e1rio de t\u00e9rmino, multiplicamos por 1440, que \u00e9 o n\u00famero total de minutos que temos em 24 horas. E ao inserir esta f\u00f3rmula, voc\u00ea obt\u00e9m a diferen\u00e7a entre dois valores em apenas alguns minutos.<\/p><p class=\"qt-tip\"> <strong><span style=\"color: #000000;\">Dica<\/span><\/strong> <span style=\"color: #000000;\">:<\/span> se de alguma forma voc\u00ea tiver segundos em seus valores de tempo, use a f\u00f3rmula abaixo para obter o n\u00famero total de minutos completos entre o hor\u00e1rio de in\u00edcio e o hor\u00e1rio de t\u00e9rmino.<\/p><h2 id=\"tab-con-4\" class=\"wp-block-heading\"> 5. Obtenha a diferen\u00e7a em segundos<\/h2><p> Assim como os minutos, tamb\u00e9m podemos obter a diferen\u00e7a em segundos. Tudo que voc\u00ea precisa fazer \u00e9 usar a seguinte f\u00f3rmula. <\/p><pre class=\"wp-block-code\"> <code class=\"language-excel-formula\" lang=\"excel-formula\">=(end_time-start_time)*86400<\/code><\/pre><div class=\"wp-block-image\"><figure class=\"aligncenter\"><img decoding=\"async\" src=\"https:\/\/exceladvisor.org\/wp-content\/uploads\/2023\/08\/calculer-la-difference-de-temps-en-secondes-min.png\" sizes=\"\" srcset=\"\" alt=\"calcular a diferen\u00e7a hor\u00e1ria em segundos\"><\/figure><\/div><p> Aqui 86400 \u00e9 o total de segundos em 24 horas e quando voc\u00ea insere esta f\u00f3rmula ela retornar\u00e1 a diferen\u00e7a entre o hor\u00e1rio de in\u00edcio e t\u00e9rmino em segundos.<\/p><h2 id=\"tab-con-5\" class=\"wp-block-heading\"> 6. Calcule a diferen\u00e7a como um valor negativo<\/h2><p> Em todos os exemplos acima, temos o hor\u00e1rio de t\u00e9rmino que \u00e9 maior (mais tarde) que o hor\u00e1rio de in\u00edcio.<\/p><p> Digamos que voc\u00ea tenha dois valores de tempo em que o hor\u00e1rio de t\u00e9rmino \u00e9 anterior ao hor\u00e1rio de in\u00edcio. Em termos simples, se o hor\u00e1rio de in\u00edcio for 23h do dia 1 e o hor\u00e1rio de t\u00e9rmino for 5h do dia 2.<\/p><p> O hor\u00e1rio de t\u00e9rmino \u00e9, na verdade, menor que o hor\u00e1rio de in\u00edcio e a f\u00f3rmula de subtra\u00e7\u00e3o simples n\u00e3o funcionar\u00e1 e retornar\u00e1 um valor negativo que far\u00e1 com que o Excel exiba uma string hash (ou seja, -diga ########). <\/p><div class=\"wp-block-image\"><figure class=\"aligncenter\"><img decoding=\"async\" src=\"https:\/\/exceladvisor.org\/wp-content\/uploads\/2023\/08\/calculer-lerreur-de-difference-de-temps-min.png\" sizes=\"\" srcset=\"\" alt=\"calcular erro de diferen\u00e7a de tempo\"><\/figure><\/div><p> N\u00e3o se preocupe, voc\u00ea pode usar uma f\u00f3rmula melhor para isso. A f\u00f3rmula ser\u00e1 portanto: <\/p><pre class=\"wp-block-code\"> <code class=\"language-excel-formula\" lang=\"excel-formula\">=IF(end&gt;start, end-start, 1-start+end)<\/code><\/pre><p class=\"has-text-align-center\"><img loading=\"lazy\" decoding=\"async\" src=\"https:\/\/exceladvisor.org\/wp-content\/uploads\/2023\/08\/calculer-la-difference-de-temps-valeur-negative-min.png\" sizes=\"auto, \" srcset=\"\" alt=\"calcular o valor negativo da diferen\u00e7a hor\u00e1ria\" width=\"474\" height=\"124\" data-id=\"20771\"><\/p><h3 class=\"wp-block-heading\"> Como funciona essa f\u00f3rmula?<\/h3><p> Nesta f\u00f3rmula, voc\u00ea tem uma condi\u00e7\u00e3o: se o hor\u00e1rio de t\u00e9rmino for maior que o hor\u00e1rio de in\u00edcio, ele simplesmente deduzir\u00e1 o hor\u00e1rio de t\u00e9rmino do hor\u00e1rio de in\u00edcio, caso contr\u00e1rio, primeiro deduzir\u00e1 o hor\u00e1rio de in\u00edcio de 1 e depois o adicionar\u00e1 ao hor\u00e1rio de t\u00e9rmino.<\/p><p> Subtraindo o hor\u00e1rio de in\u00edcio de 1, voc\u00ea ter\u00e1 o tempo total do dia 1 e, ao adicion\u00e1-lo ao hor\u00e1rio de t\u00e9rmino, obter\u00e1 o tempo total do dia 1 e do dia 2, que \u00e9 a diferen\u00e7a total. <\/p><div class=\"gb-container gb-container-52dfcee1 gb-container-sample-file\"><h2 class=\"gb-headline gb-headline-e289c143 gb-headline-text gb-headline-4f7959c2\"> Obtenha o arquivo Excel<\/h2><p> <a class=\"gb-button gb-button-e88d6bee gb-button-text gb-button-button1\" href=\"https:\/\/exceladvisor.org\/wp-content\/uploads\/2023\/11\/decalage-horaire-2.xlsx\" rel=\"nofollow\">Download<\/a><\/p><\/div><h2 class=\"wp-block-heading\"> Conclus\u00e3o<\/h2><p> Para usu\u00e1rios do Excel que lidam com dados de tempos, \u00e9 muito importante conhecer diferentes m\u00e9todos para obter a diferen\u00e7a entre dois tempos.<\/p><p> E todos os m\u00e9todos que usamos acima podem ser usados em diferentes situa\u00e7\u00f5es e tenho certeza que voc\u00ea achou todos \u00fateis.<\/p><p> Mas voc\u00ea tem que me dizer uma coisa.<\/p><p> <em>Voc\u00ea conhece outro m\u00e9todo que pode usar para obter a diferen\u00e7a entre o hor\u00e1rio de in\u00edcio e o hor\u00e1rio de t\u00e9rmino?<\/em><\/p><p> Compartilhe sua opini\u00e3o comigo na se\u00e7\u00e3o de coment\u00e1rios, eu adoraria ouvir de voc\u00ea e n\u00e3o deixe de compartilhar essa dica com seus amigos. <\/p><div class=\"wp-block-group more-tutorials is-layout-flow\"><div class=\"wp-block-group__inner-container\"><h2 class=\"wp-block-heading\"> Mais f\u00f3rmulas <\/h2><div class=\"wp-block-columns is-layout-flex wp-container-135\"><div class=\"wp-block-column is-layout-flow\"><ul><li> <a href=\"https:\/\/exceladvisor.org\/pt\/adicione-horas-no-tempo\/\">Adicione horas ao tempo no Excel<\/a><\/li><li> <a href=\"https:\/\/exceladvisor.org\/pt\/adicione-minutos-ao-tempo\/\">Adicione minutos ao tempo no Excel<\/a><\/li><li> <a href=\"https:\/\/exceladvisor.org\/pt\/alterar-formato-de-hora\/\">Alterar o formato da hora no Excel<\/a><\/li><li> <a href=\"https:\/\/exceladvisor.org\/pt\/tempo-militar\/\">Hor\u00e1rio militar (obter e subtrair) no Excel<\/a><\/li><li> <a href=\"https:\/\/exceladvisor.org\/pt\/data-e-hora-separadas-2\/\">Data e hora separadas no Excel<\/a><\/li><\/ul><\/div><\/div><\/div><\/div>","protected":false},"excerpt":{"rendered":"","protected":false},"author":1,"featured_media":0,"parent":0,"menu_order":0,"comment_status":"open","ping_status":"closed","template":"","meta":{"ub_ctt_via":"","footnotes":""},"class_list":["post-284","page","type-page","status-publish","hentry"],"featured_image_src":null,"yoast_head":"<!-- This site is optimized with the Yoast SEO plugin v25.4 - https:\/\/yoast.com\/wordpress\/plugins\/seo\/ -->\n<title>Calcular a diferen\u00e7a hor\u00e1ria entre duas horas no Excel?<\/title>\n<meta name=\"description\" content=\"Se voc\u00ea est\u00e1 trabalhando com dados onde h\u00e1 valores de tempo, as dicas que vou compartilhar hoje podem ser \u00fateis para voc\u00ea...\" \/>\n<meta name=\"robots\" content=\"index, follow, max-snippet:-1, max-image-preview:large, max-video-preview:-1\" \/>\n<link rel=\"canonical\" href=\"https:\/\/exceladvisor.org\/pt\/calcular-diferenca-horaria\/\" \/>\n<meta property=\"og:locale\" content=\"pt_PT\" \/>\n<meta property=\"og:type\" content=\"article\" \/>\n<meta property=\"og:title\" content=\"Calcular a diferen\u00e7a hor\u00e1ria entre duas horas no Excel?\" \/>\n<meta property=\"og:description\" content=\"Se voc\u00ea est\u00e1 trabalhando com dados onde h\u00e1 valores de tempo, as dicas que vou compartilhar hoje podem ser \u00fateis para voc\u00ea...\" \/>\n<meta property=\"og:url\" content=\"https:\/\/exceladvisor.org\/pt\/calcular-diferenca-horaria\/\" \/>\n<meta property=\"og:site_name\" content=\"Excel Advisor\" \/>\n<meta property=\"article:modified_time\" content=\"2023-12-06T11:34:58+00:00\" \/>\n<meta property=\"og:image\" content=\"https:\/\/exceladvisor.org\/wp-content\/uploads\/2023\/08\/calculer-la-difference-de-temps-entre-le-debut-et-la-fin-min.png\" \/>\n<meta name=\"twitter:card\" content=\"summary_large_image\" \/>\n<meta name=\"twitter:label1\" content=\"Tempo estimado de leitura\" \/>\n\t<meta name=\"twitter:data1\" content=\"6 minutos\" \/>\n<script type=\"application\/ld+json\" class=\"yoast-schema-graph\">{\"@context\":\"https:\/\/schema.org\",\"@graph\":[{\"@type\":\"WebPage\",\"@id\":\"https:\/\/exceladvisor.org\/pt\/calcular-diferenca-horaria\/\",\"url\":\"https:\/\/exceladvisor.org\/pt\/calcular-diferenca-horaria\/\",\"name\":\"Calcular a diferen\u00e7a hor\u00e1ria entre duas horas no Excel?\",\"isPartOf\":{\"@id\":\"https:\/\/exceladvisor.org\/pt\/#website\"},\"primaryImageOfPage\":{\"@id\":\"https:\/\/exceladvisor.org\/pt\/calcular-diferenca-horaria\/#primaryimage\"},\"image\":{\"@id\":\"https:\/\/exceladvisor.org\/pt\/calcular-diferenca-horaria\/#primaryimage\"},\"thumbnailUrl\":\"https:\/\/exceladvisor.org\/wp-content\/uploads\/2023\/08\/calculer-la-difference-de-temps-entre-le-debut-et-la-fin-min.png\",\"datePublished\":\"2023-11-06T22:45:58+00:00\",\"dateModified\":\"2023-12-06T11:34:58+00:00\",\"description\":\"Se voc\u00ea est\u00e1 trabalhando com dados onde h\u00e1 valores de tempo, as dicas que vou compartilhar hoje podem ser \u00fateis para voc\u00ea...\",\"breadcrumb\":{\"@id\":\"https:\/\/exceladvisor.org\/pt\/calcular-diferenca-horaria\/#breadcrumb\"},\"inLanguage\":\"pt-PT\",\"potentialAction\":[{\"@type\":\"ReadAction\",\"target\":[\"https:\/\/exceladvisor.org\/pt\/calcular-diferenca-horaria\/\"]}]},{\"@type\":\"ImageObject\",\"inLanguage\":\"pt-PT\",\"@id\":\"https:\/\/exceladvisor.org\/pt\/calcular-diferenca-horaria\/#primaryimage\",\"url\":\"https:\/\/exceladvisor.org\/wp-content\/uploads\/2023\/08\/calculer-la-difference-de-temps-entre-le-debut-et-la-fin-min.png\",\"contentUrl\":\"https:\/\/exceladvisor.org\/wp-content\/uploads\/2023\/08\/calculer-la-difference-de-temps-entre-le-debut-et-la-fin-min.png\"},{\"@type\":\"BreadcrumbList\",\"@id\":\"https:\/\/exceladvisor.org\/pt\/calcular-diferenca-horaria\/#breadcrumb\",\"itemListElement\":[{\"@type\":\"ListItem\",\"position\":1,\"name\":\"Lar\",\"item\":\"https:\/\/exceladvisor.org\/pt\/\"},{\"@type\":\"ListItem\",\"position\":2,\"name\":\"Como calcular a diferen\u00e7a hor\u00e1ria entre duas horas?\"}]},{\"@type\":\"WebSite\",\"@id\":\"https:\/\/exceladvisor.org\/pt\/#website\",\"url\":\"https:\/\/exceladvisor.org\/pt\/\",\"name\":\"Excel Advisor\",\"description\":\"O seu guia definitivo para dominar os dados!\",\"publisher\":{\"@id\":\"https:\/\/exceladvisor.org\/pt\/#organization\"},\"potentialAction\":[{\"@type\":\"SearchAction\",\"target\":{\"@type\":\"EntryPoint\",\"urlTemplate\":\"https:\/\/exceladvisor.org\/pt\/?s={search_term_string}\"},\"query-input\":{\"@type\":\"PropertyValueSpecification\",\"valueRequired\":true,\"valueName\":\"search_term_string\"}}],\"inLanguage\":\"pt-PT\"},{\"@type\":\"Organization\",\"@id\":\"https:\/\/exceladvisor.org\/pt\/#organization\",\"name\":\"Excel Advisor\",\"url\":\"https:\/\/exceladvisor.org\/pt\/\",\"logo\":{\"@type\":\"ImageObject\",\"inLanguage\":\"pt-PT\",\"@id\":\"https:\/\/exceladvisor.org\/pt\/#\/schema\/logo\/image\/\",\"url\":\"https:\/\/exceladvisor.org\/pt\/wp-content\/uploads\/2023\/12\/exceladvisor.org_.png\",\"contentUrl\":\"https:\/\/exceladvisor.org\/pt\/wp-content\/uploads\/2023\/12\/exceladvisor.org_.png\",\"width\":105,\"height\":36,\"caption\":\"Excel Advisor\"},\"image\":{\"@id\":\"https:\/\/exceladvisor.org\/pt\/#\/schema\/logo\/image\/\"}}]}<\/script>\n<!-- \/ Yoast SEO plugin. -->","yoast_head_json":{"title":"Calcular a diferen\u00e7a hor\u00e1ria entre duas horas no Excel?","description":"Se voc\u00ea est\u00e1 trabalhando com dados onde h\u00e1 valores de tempo, as dicas que vou compartilhar hoje podem ser \u00fateis para voc\u00ea...","robots":{"index":"index","follow":"follow","max-snippet":"max-snippet:-1","max-image-preview":"max-image-preview:large","max-video-preview":"max-video-preview:-1"},"canonical":"https:\/\/exceladvisor.org\/pt\/calcular-diferenca-horaria\/","og_locale":"pt_PT","og_type":"article","og_title":"Calcular a diferen\u00e7a hor\u00e1ria entre duas horas no Excel?","og_description":"Se voc\u00ea est\u00e1 trabalhando com dados onde h\u00e1 valores de tempo, as dicas que vou compartilhar hoje podem ser \u00fateis para voc\u00ea...","og_url":"https:\/\/exceladvisor.org\/pt\/calcular-diferenca-horaria\/","og_site_name":"Excel Advisor","article_modified_time":"2023-12-06T11:34:58+00:00","og_image":[{"url":"https:\/\/exceladvisor.org\/wp-content\/uploads\/2023\/08\/calculer-la-difference-de-temps-entre-le-debut-et-la-fin-min.png","type":"","width":"","height":""}],"twitter_card":"summary_large_image","twitter_misc":{"Tempo estimado de leitura":"6 minutos"},"schema":{"@context":"https:\/\/schema.org","@graph":[{"@type":"WebPage","@id":"https:\/\/exceladvisor.org\/pt\/calcular-diferenca-horaria\/","url":"https:\/\/exceladvisor.org\/pt\/calcular-diferenca-horaria\/","name":"Calcular a diferen\u00e7a hor\u00e1ria entre duas horas no Excel?","isPartOf":{"@id":"https:\/\/exceladvisor.org\/pt\/#website"},"primaryImageOfPage":{"@id":"https:\/\/exceladvisor.org\/pt\/calcular-diferenca-horaria\/#primaryimage"},"image":{"@id":"https:\/\/exceladvisor.org\/pt\/calcular-diferenca-horaria\/#primaryimage"},"thumbnailUrl":"https:\/\/exceladvisor.org\/wp-content\/uploads\/2023\/08\/calculer-la-difference-de-temps-entre-le-debut-et-la-fin-min.png","datePublished":"2023-11-06T22:45:58+00:00","dateModified":"2023-12-06T11:34:58+00:00","description":"Se voc\u00ea est\u00e1 trabalhando com dados onde h\u00e1 valores de tempo, as dicas que vou compartilhar hoje podem ser \u00fateis para voc\u00ea...","breadcrumb":{"@id":"https:\/\/exceladvisor.org\/pt\/calcular-diferenca-horaria\/#breadcrumb"},"inLanguage":"pt-PT","potentialAction":[{"@type":"ReadAction","target":["https:\/\/exceladvisor.org\/pt\/calcular-diferenca-horaria\/"]}]},{"@type":"ImageObject","inLanguage":"pt-PT","@id":"https:\/\/exceladvisor.org\/pt\/calcular-diferenca-horaria\/#primaryimage","url":"https:\/\/exceladvisor.org\/wp-content\/uploads\/2023\/08\/calculer-la-difference-de-temps-entre-le-debut-et-la-fin-min.png","contentUrl":"https:\/\/exceladvisor.org\/wp-content\/uploads\/2023\/08\/calculer-la-difference-de-temps-entre-le-debut-et-la-fin-min.png"},{"@type":"BreadcrumbList","@id":"https:\/\/exceladvisor.org\/pt\/calcular-diferenca-horaria\/#breadcrumb","itemListElement":[{"@type":"ListItem","position":1,"name":"Lar","item":"https:\/\/exceladvisor.org\/pt\/"},{"@type":"ListItem","position":2,"name":"Como calcular a diferen\u00e7a hor\u00e1ria entre duas horas?"}]},{"@type":"WebSite","@id":"https:\/\/exceladvisor.org\/pt\/#website","url":"https:\/\/exceladvisor.org\/pt\/","name":"Excel Advisor","description":"O seu guia definitivo para dominar os dados!","publisher":{"@id":"https:\/\/exceladvisor.org\/pt\/#organization"},"potentialAction":[{"@type":"SearchAction","target":{"@type":"EntryPoint","urlTemplate":"https:\/\/exceladvisor.org\/pt\/?s={search_term_string}"},"query-input":{"@type":"PropertyValueSpecification","valueRequired":true,"valueName":"search_term_string"}}],"inLanguage":"pt-PT"},{"@type":"Organization","@id":"https:\/\/exceladvisor.org\/pt\/#organization","name":"Excel Advisor","url":"https:\/\/exceladvisor.org\/pt\/","logo":{"@type":"ImageObject","inLanguage":"pt-PT","@id":"https:\/\/exceladvisor.org\/pt\/#\/schema\/logo\/image\/","url":"https:\/\/exceladvisor.org\/pt\/wp-content\/uploads\/2023\/12\/exceladvisor.org_.png","contentUrl":"https:\/\/exceladvisor.org\/pt\/wp-content\/uploads\/2023\/12\/exceladvisor.org_.png","width":105,"height":36,"caption":"Excel Advisor"},"image":{"@id":"https:\/\/exceladvisor.org\/pt\/#\/schema\/logo\/image\/"}}]}},"yoast_meta":{"yoast_wpseo_title":"","yoast_wpseo_metadesc":"","yoast_wpseo_canonical":""},"_links":{"self":[{"href":"https:\/\/exceladvisor.org\/pt\/wp-json\/wp\/v2\/pages\/284","targetHints":{"allow":["GET"]}}],"collection":[{"href":"https:\/\/exceladvisor.org\/pt\/wp-json\/wp\/v2\/pages"}],"about":[{"href":"https:\/\/exceladvisor.org\/pt\/wp-json\/wp\/v2\/types\/page"}],"author":[{"embeddable":true,"href":"https:\/\/exceladvisor.org\/pt\/wp-json\/wp\/v2\/users\/1"}],"replies":[{"embeddable":true,"href":"https:\/\/exceladvisor.org\/pt\/wp-json\/wp\/v2\/comments?post=284"}],"version-history":[{"count":1,"href":"https:\/\/exceladvisor.org\/pt\/wp-json\/wp\/v2\/pages\/284\/revisions"}],"predecessor-version":[{"id":868,"href":"https:\/\/exceladvisor.org\/pt\/wp-json\/wp\/v2\/pages\/284\/revisions\/868"}],"wp:attachment":[{"href":"https:\/\/exceladvisor.org\/pt\/wp-json\/wp\/v2\/media?parent=284"}],"curies":[{"name":"wp","href":"https:\/\/api.w.org\/{rel}","templated":true}]}}