{"id":285,"date":"2023-11-06T18:01:27","date_gmt":"2023-11-06T18:01:27","guid":{"rendered":"https:\/\/exceladvisor.org\/pt\/celula-contem-texto\/"},"modified":"2023-12-06T11:37:26","modified_gmt":"2023-12-06T11:37:26","slug":"celula-contem-texto","status":"publish","type":"page","link":"https:\/\/exceladvisor.org\/pt\/celula-contem-texto\/","title":{"rendered":"Como destacar um texto espec\u00edfico no excel?"},"content":{"rendered":"<div class=\"excel-before-content-2\" id=\"excel-3646783389\"><script type=\"text\/javascript\">\r\n\tatOptions = {\r\n\t\t'key' : 'c1158f160081d6540a8409e6925dab94',\r\n\t\t'format' : 'iframe',\r\n\t\t'height' : 250,\r\n\t\t'width' : 300,\r\n\t\t'params' : {}\r\n\t};\r\n<\/script>\r\n<script type=\"text\/javascript\" src=\"\/\/www.highperformanceformat.com\/c1158f160081d6540a8409e6925dab94\/invoke.js\"><\/script><\/div><div class=\"excel-before-content\" id=\"excel-667771565\"><script type=\"text\/javascript\">\r\n\tatOptions = {\r\n\t\t'key' : 'c1158f160081d6540a8409e6925dab94',\r\n\t\t'format' : 'iframe',\r\n\t\t'height' : 250,\r\n\t\t'width' : 300,\r\n\t\t'params' : {}\r\n\t};\r\n<\/script>\r\n<script type=\"text\/javascript\" src=\"\/\/www.highperformanceformat.com\/c1158f160081d6540a8409e6925dab94\/invoke.js\"><\/script><\/div> <p>No Excel, assim como em uma f\u00f3rmula, voc\u00ea pode usar a formata\u00e7\u00e3o condicional para destacar uma c\u00e9lula se ela contiver um texto espec\u00edfico. Existem duas maneiras de fazer isso:<\/p><ul><li> Op\u00e7\u00e3o predefinida<\/li><li> F\u00f3rmula personalizada<\/li><\/ul><p> E neste tutorial aprenderemos os dois m\u00e9todos.<\/p><h2 class=\"wp-block-heading\"> C\u00e9lulas contendo texto<\/h2><ol><li> Selecione o intervalo ao qual deseja aplicar a formata\u00e7\u00e3o condicional. <br><img loading=\"lazy\" decoding=\"async\" class=\"alignnone  wp-image-11894\" src=\"https:\/\/exceladvisor.org\/wp-content\/uploads\/2023\/11\/cellules-contenant-un-textes.jpg\" alt=\"c\u00e9lulas contendo texto\" width=\"245\" height=\"231\"><\/li><li> Em seguida, v\u00e1 para a guia In\u00edcio &gt; Formata\u00e7\u00e3o Condicional &gt; Regra de Destaque de C\u00e9lula &gt; Contendo Texto. <br><img loading=\"lazy\" decoding=\"async\" title=\"2-destaque-o-texto-da-regra-da-c\u00e9lula-que-cont\u00e9m\" src=\"https:\/\/exceladvisor.org\/wp-content\/uploads\/2023\/08\/2-mettez-en-surbrillance-le-texte-de-la-regle-de-cellule-qui-contient.png\" sizes=\"auto, \" srcset=\"\" alt=\"2-highlight-cell-rule-text-that-contains\" width=\"507\" height=\"431\"><\/li><li> Em seguida, na caixa de di\u00e1logo, insira o texto que deseja pesquisar nos dados e selecione a formata\u00e7\u00e3o que deseja aplicar \u00e0s c\u00e9lulas correspondentes.<\/li><li> No final, clique em OK para aplicar a formata\u00e7\u00e3o condicional.<\/li><\/ol><p> E ao clicar em OK, todas as c\u00e9lulas que cont\u00eam o texto \u201cDados\u201d ser\u00e3o destacadas.<\/p><h2 class=\"wp-block-heading\"> Destaque c\u00e9lulas que cont\u00eam texto usando uma f\u00f3rmula personalizada<\/h2><p> E a mesma formata\u00e7\u00e3o pode ser feita usando uma f\u00f3rmula personalizada, e h\u00e1 uma vantagem nesse m\u00e9todo.<\/p><p> Voc\u00ea pode especificar uma c\u00e9lula para o texto que deseja pesquisar nos dados. Isto o torna um m\u00e9todo din\u00e2mico; voc\u00ea n\u00e3o precisa abrir a op\u00e7\u00e3o de formata\u00e7\u00e3o condicional para edit\u00e1-lo.<\/p><ol><li> Selecione os dados e v\u00e1 para guia In\u00edcio &gt; Formata\u00e7\u00e3o Condicional &gt; Nova Regra. <br><img loading=\"lazy\" decoding=\"async\" title=\"5-select-range-nova-regra\" src=\"https:\/\/exceladvisor.org\/wp-content\/uploads\/2023\/08\/5-selectionner-une-nouvelle-regle-de-plage.png\" sizes=\"auto, \" srcset=\"\" alt=\"5-select-range-new-rule\" width=\"351\" height=\"436\"><\/li><li> Na caixa de di\u00e1logo da nova regra, clique em &#8220;Usar f\u00f3rmula para determinar qual c\u00e9lula formatar&#8221; e insira esta f\u00f3rmula na barra de entrada de f\u00f3rmulas =AND($C$1&lt;&gt; \u00bb&#8221;,SEARCH($C $1,A1) &gt;0) <br><img loading=\"lazy\" decoding=\"async\" title=\"6-escolha-usar-uma-f\u00f3rmula-para-determinar-e-inserir-a-f\u00f3rmula\" src=\"https:\/\/exceladvisor.org\/wp-content\/uploads\/2023\/08\/6-choisir-utiliser-une-formule-pour-determiner-et-entrer-la-formule.png\" sizes=\"auto, \" srcset=\"\" alt=\"6-choose-use-a-formula-to-determine-and-enter-formula\" width=\"540\" height=\"390\"><\/li><li> Em seguida, clique em \u201cFormato\u2026\u201d para especificar o formato que deseja aplicar \u00e0s c\u00e9lulas correspondentes. <br><img loading=\"lazy\" decoding=\"async\" title=\"Formate em 7 cliques para aplicar o formato\" src=\"https:\/\/exceladvisor.org\/wp-content\/uploads\/2023\/08\/Format-en-7-clics-pour-appliquer-le-format.png\" sizes=\"auto, \" srcset=\"\" alt=\"7-click-format-to-apply-format\" width=\"554\" height=\"203\"><\/li><li> No final, clique em OK na caixa de di\u00e1logo e clique em OK novamente para aplicar a formata\u00e7\u00e3o.<\/li><\/ol><p> Quando voc\u00ea edita o texto na c\u00e9lula A1, a formata\u00e7\u00e3o condicional dos dados \u00e9 alterada.<\/p><p> A f\u00f3rmula que usamos textualiza duas condi\u00e7\u00f5es:<\/p><ul><li> Se a c\u00e9lula C1 est\u00e1 vazia ou n\u00e3o.<\/li><li> O texto especificado est\u00e1 nos dados ou n\u00e3o?<\/li><\/ul><p> Quando ambas as condi\u00e7\u00f5es s\u00e3o verdadeiras, destaca as c\u00e9lulas que cont\u00eam este texto. <\/p><div class=\"gb-container gb-container-52dfcee1 gb-container-sample-file\"><h2 class=\"gb-headline gb-headline-e289c143 gb-headline-text gb-headline-4f7959c2\"> Obtenha o arquivo Excel<\/h2><p> <a class=\"gb-button gb-button-e88d6bee gb-button-text gb-button-button1\" href=\"https:\/\/exceladvisor.org\/wp-content\/uploads\/2023\/11\/mise-en-forme-conditionnelle-de-texte-specifique.xlsx\" rel=\"nofollow\">Download<\/a><\/p><\/div><div class=\"gb-container gb-container-6076ba72 gb-container-mt\"> <a class=\"gb-button gb-button-76e6a499 gb-button-text gb-button-mt-button\" href=\"https:\/\/exceladvisor.org\/pt\/nocoes-basicas-de-excel\/\">Aprenda o b\u00e1sico do Excel<\/a><h2 class=\"gb-headline gb-headline-a9e9e206 gb-headline-text gb-headline-mt-heading\"> Saiba mais sobre <a href=\"https:\/\/exceladvisor.org\/pt\/formatacao-condicional\/\">formata\u00e7\u00e3o condicional<\/a> <\/h2><div class=\"gb-grid-wrapper gb-grid-wrapper-790317cb gb-grid-wrapper-mt-grid\"><div class=\"gb-grid-column gb-grid-column-a9845ede\"><div class=\"gb-container gb-container-a9845ede\"><ul><li> <a href=\"https:\/\/exceladvisor.org\/pt\/aplicar-formatacao-condicional\/\">Aplicar formata\u00e7\u00e3o condicional a uma tabela din\u00e2mica<\/a><\/li><li> <a href=\"https:\/\/exceladvisor.org\/pt\/retirar\/\">Remover formata\u00e7\u00e3o condicional<\/a><\/li><li> <a href=\"https:\/\/exceladvisor.org\/pt\/celulas-vazias\/\">Aplicar formata\u00e7\u00e3o condicional em c\u00e9lulas em branco no Excel<\/a> <\/li><\/ul><\/div><\/div><div class=\"gb-grid-column gb-grid-column-ec8ff319\"><div class=\"gb-container gb-container-ec8ff319\"><ul><li> <a href=\"https:\/\/exceladvisor.org\/pt\/nao-funciona\/\">Por que a formata\u00e7\u00e3o condicional n\u00e3o funciona no Excel<\/a><\/li><li> <a href=\"https:\/\/exceladvisor.org\/pt\/com-base-na-data-2\/\">Aplicar formata\u00e7\u00e3o condicional com base em uma data<\/a><\/li><li> <a href=\"https:\/\/exceladvisor.org\/pt\/escalas-de-cores\/\">Aplicando escalas de cores usando formata\u00e7\u00e3o condicional<\/a><\/li><\/ul><\/div><\/div><\/div><\/div>","protected":false},"excerpt":{"rendered":"","protected":false},"author":1,"featured_media":0,"parent":0,"menu_order":0,"comment_status":"open","ping_status":"closed","template":"","meta":{"ub_ctt_via":"","footnotes":""},"class_list":["post-285","page","type-page","status-publish","hentry"],"featured_image_src":null,"yoast_head":"<!-- This site is optimized with the Yoast SEO plugin v25.4 - https:\/\/yoast.com\/wordpress\/plugins\/seo\/ -->\n<title>Como destacar um texto espec\u00edfico no Excel?<\/title>\n<meta name=\"description\" content=\"Este tutorial ajuda voc\u00ea a usar a formata\u00e7\u00e3o condicional para destacar uma c\u00e9lula se ela contiver um texto espec\u00edfico.\" \/>\n<meta name=\"robots\" content=\"index, follow, max-snippet:-1, max-image-preview:large, max-video-preview:-1\" \/>\n<link rel=\"canonical\" href=\"https:\/\/exceladvisor.org\/pt\/celula-contem-texto\/\" \/>\n<meta property=\"og:locale\" content=\"pt_PT\" \/>\n<meta property=\"og:type\" content=\"article\" \/>\n<meta property=\"og:title\" content=\"Como destacar um texto espec\u00edfico no Excel?\" \/>\n<meta property=\"og:description\" content=\"Este tutorial ajuda voc\u00ea a usar a formata\u00e7\u00e3o condicional para destacar uma c\u00e9lula se ela contiver um texto espec\u00edfico.\" \/>\n<meta property=\"og:url\" content=\"https:\/\/exceladvisor.org\/pt\/celula-contem-texto\/\" \/>\n<meta property=\"og:site_name\" content=\"Excel Advisor\" \/>\n<meta property=\"article:modified_time\" content=\"2023-12-06T11:37:26+00:00\" \/>\n<meta property=\"og:image\" content=\"https:\/\/exceladvisor.org\/wp-content\/uploads\/2023\/11\/cellules-contenant-un-textes.jpg\" \/>\n<meta name=\"twitter:card\" content=\"summary_large_image\" \/>\n<meta name=\"twitter:label1\" content=\"Tempo estimado de leitura\" \/>\n\t<meta name=\"twitter:data1\" content=\"2 minutos\" \/>\n<script type=\"application\/ld+json\" class=\"yoast-schema-graph\">{\"@context\":\"https:\/\/schema.org\",\"@graph\":[{\"@type\":\"WebPage\",\"@id\":\"https:\/\/exceladvisor.org\/pt\/celula-contem-texto\/\",\"url\":\"https:\/\/exceladvisor.org\/pt\/celula-contem-texto\/\",\"name\":\"Como destacar um texto espec\u00edfico no Excel?\",\"isPartOf\":{\"@id\":\"https:\/\/exceladvisor.org\/pt\/#website\"},\"primaryImageOfPage\":{\"@id\":\"https:\/\/exceladvisor.org\/pt\/celula-contem-texto\/#primaryimage\"},\"image\":{\"@id\":\"https:\/\/exceladvisor.org\/pt\/celula-contem-texto\/#primaryimage\"},\"thumbnailUrl\":\"https:\/\/exceladvisor.org\/wp-content\/uploads\/2023\/11\/cellules-contenant-un-textes.jpg\",\"datePublished\":\"2023-11-06T18:01:27+00:00\",\"dateModified\":\"2023-12-06T11:37:26+00:00\",\"description\":\"Este tutorial ajuda voc\u00ea a usar a formata\u00e7\u00e3o condicional para destacar uma c\u00e9lula se ela contiver um texto espec\u00edfico.\",\"breadcrumb\":{\"@id\":\"https:\/\/exceladvisor.org\/pt\/celula-contem-texto\/#breadcrumb\"},\"inLanguage\":\"pt-PT\",\"potentialAction\":[{\"@type\":\"ReadAction\",\"target\":[\"https:\/\/exceladvisor.org\/pt\/celula-contem-texto\/\"]}]},{\"@type\":\"ImageObject\",\"inLanguage\":\"pt-PT\",\"@id\":\"https:\/\/exceladvisor.org\/pt\/celula-contem-texto\/#primaryimage\",\"url\":\"https:\/\/exceladvisor.org\/wp-content\/uploads\/2023\/11\/cellules-contenant-un-textes.jpg\",\"contentUrl\":\"https:\/\/exceladvisor.org\/wp-content\/uploads\/2023\/11\/cellules-contenant-un-textes.jpg\"},{\"@type\":\"BreadcrumbList\",\"@id\":\"https:\/\/exceladvisor.org\/pt\/celula-contem-texto\/#breadcrumb\",\"itemListElement\":[{\"@type\":\"ListItem\",\"position\":1,\"name\":\"Lar\",\"item\":\"https:\/\/exceladvisor.org\/pt\/\"},{\"@type\":\"ListItem\",\"position\":2,\"name\":\"Como destacar um texto espec\u00edfico no excel?\"}]},{\"@type\":\"WebSite\",\"@id\":\"https:\/\/exceladvisor.org\/pt\/#website\",\"url\":\"https:\/\/exceladvisor.org\/pt\/\",\"name\":\"Excel Advisor\",\"description\":\"O seu guia definitivo para dominar os dados!\",\"publisher\":{\"@id\":\"https:\/\/exceladvisor.org\/pt\/#organization\"},\"potentialAction\":[{\"@type\":\"SearchAction\",\"target\":{\"@type\":\"EntryPoint\",\"urlTemplate\":\"https:\/\/exceladvisor.org\/pt\/?s={search_term_string}\"},\"query-input\":{\"@type\":\"PropertyValueSpecification\",\"valueRequired\":true,\"valueName\":\"search_term_string\"}}],\"inLanguage\":\"pt-PT\"},{\"@type\":\"Organization\",\"@id\":\"https:\/\/exceladvisor.org\/pt\/#organization\",\"name\":\"Excel Advisor\",\"url\":\"https:\/\/exceladvisor.org\/pt\/\",\"logo\":{\"@type\":\"ImageObject\",\"inLanguage\":\"pt-PT\",\"@id\":\"https:\/\/exceladvisor.org\/pt\/#\/schema\/logo\/image\/\",\"url\":\"https:\/\/exceladvisor.org\/pt\/wp-content\/uploads\/2023\/12\/exceladvisor.org_.png\",\"contentUrl\":\"https:\/\/exceladvisor.org\/pt\/wp-content\/uploads\/2023\/12\/exceladvisor.org_.png\",\"width\":105,\"height\":36,\"caption\":\"Excel Advisor\"},\"image\":{\"@id\":\"https:\/\/exceladvisor.org\/pt\/#\/schema\/logo\/image\/\"}}]}<\/script>\n<!-- \/ Yoast SEO plugin. -->","yoast_head_json":{"title":"Como destacar um texto espec\u00edfico no Excel?","description":"Este tutorial ajuda voc\u00ea a usar a formata\u00e7\u00e3o condicional para destacar uma c\u00e9lula se ela contiver um texto espec\u00edfico.","robots":{"index":"index","follow":"follow","max-snippet":"max-snippet:-1","max-image-preview":"max-image-preview:large","max-video-preview":"max-video-preview:-1"},"canonical":"https:\/\/exceladvisor.org\/pt\/celula-contem-texto\/","og_locale":"pt_PT","og_type":"article","og_title":"Como destacar um texto espec\u00edfico no Excel?","og_description":"Este tutorial ajuda voc\u00ea a usar a formata\u00e7\u00e3o condicional para destacar uma c\u00e9lula se ela contiver um texto espec\u00edfico.","og_url":"https:\/\/exceladvisor.org\/pt\/celula-contem-texto\/","og_site_name":"Excel Advisor","article_modified_time":"2023-12-06T11:37:26+00:00","og_image":[{"url":"https:\/\/exceladvisor.org\/wp-content\/uploads\/2023\/11\/cellules-contenant-un-textes.jpg","type":"","width":"","height":""}],"twitter_card":"summary_large_image","twitter_misc":{"Tempo estimado de leitura":"2 minutos"},"schema":{"@context":"https:\/\/schema.org","@graph":[{"@type":"WebPage","@id":"https:\/\/exceladvisor.org\/pt\/celula-contem-texto\/","url":"https:\/\/exceladvisor.org\/pt\/celula-contem-texto\/","name":"Como destacar um texto espec\u00edfico no Excel?","isPartOf":{"@id":"https:\/\/exceladvisor.org\/pt\/#website"},"primaryImageOfPage":{"@id":"https:\/\/exceladvisor.org\/pt\/celula-contem-texto\/#primaryimage"},"image":{"@id":"https:\/\/exceladvisor.org\/pt\/celula-contem-texto\/#primaryimage"},"thumbnailUrl":"https:\/\/exceladvisor.org\/wp-content\/uploads\/2023\/11\/cellules-contenant-un-textes.jpg","datePublished":"2023-11-06T18:01:27+00:00","dateModified":"2023-12-06T11:37:26+00:00","description":"Este tutorial ajuda voc\u00ea a usar a formata\u00e7\u00e3o condicional para destacar uma c\u00e9lula se ela contiver um texto espec\u00edfico.","breadcrumb":{"@id":"https:\/\/exceladvisor.org\/pt\/celula-contem-texto\/#breadcrumb"},"inLanguage":"pt-PT","potentialAction":[{"@type":"ReadAction","target":["https:\/\/exceladvisor.org\/pt\/celula-contem-texto\/"]}]},{"@type":"ImageObject","inLanguage":"pt-PT","@id":"https:\/\/exceladvisor.org\/pt\/celula-contem-texto\/#primaryimage","url":"https:\/\/exceladvisor.org\/wp-content\/uploads\/2023\/11\/cellules-contenant-un-textes.jpg","contentUrl":"https:\/\/exceladvisor.org\/wp-content\/uploads\/2023\/11\/cellules-contenant-un-textes.jpg"},{"@type":"BreadcrumbList","@id":"https:\/\/exceladvisor.org\/pt\/celula-contem-texto\/#breadcrumb","itemListElement":[{"@type":"ListItem","position":1,"name":"Lar","item":"https:\/\/exceladvisor.org\/pt\/"},{"@type":"ListItem","position":2,"name":"Como destacar um texto espec\u00edfico no excel?"}]},{"@type":"WebSite","@id":"https:\/\/exceladvisor.org\/pt\/#website","url":"https:\/\/exceladvisor.org\/pt\/","name":"Excel Advisor","description":"O seu guia definitivo para dominar os dados!","publisher":{"@id":"https:\/\/exceladvisor.org\/pt\/#organization"},"potentialAction":[{"@type":"SearchAction","target":{"@type":"EntryPoint","urlTemplate":"https:\/\/exceladvisor.org\/pt\/?s={search_term_string}"},"query-input":{"@type":"PropertyValueSpecification","valueRequired":true,"valueName":"search_term_string"}}],"inLanguage":"pt-PT"},{"@type":"Organization","@id":"https:\/\/exceladvisor.org\/pt\/#organization","name":"Excel Advisor","url":"https:\/\/exceladvisor.org\/pt\/","logo":{"@type":"ImageObject","inLanguage":"pt-PT","@id":"https:\/\/exceladvisor.org\/pt\/#\/schema\/logo\/image\/","url":"https:\/\/exceladvisor.org\/pt\/wp-content\/uploads\/2023\/12\/exceladvisor.org_.png","contentUrl":"https:\/\/exceladvisor.org\/pt\/wp-content\/uploads\/2023\/12\/exceladvisor.org_.png","width":105,"height":36,"caption":"Excel Advisor"},"image":{"@id":"https:\/\/exceladvisor.org\/pt\/#\/schema\/logo\/image\/"}}]}},"yoast_meta":{"yoast_wpseo_title":"","yoast_wpseo_metadesc":"","yoast_wpseo_canonical":""},"_links":{"self":[{"href":"https:\/\/exceladvisor.org\/pt\/wp-json\/wp\/v2\/pages\/285","targetHints":{"allow":["GET"]}}],"collection":[{"href":"https:\/\/exceladvisor.org\/pt\/wp-json\/wp\/v2\/pages"}],"about":[{"href":"https:\/\/exceladvisor.org\/pt\/wp-json\/wp\/v2\/types\/page"}],"author":[{"embeddable":true,"href":"https:\/\/exceladvisor.org\/pt\/wp-json\/wp\/v2\/users\/1"}],"replies":[{"embeddable":true,"href":"https:\/\/exceladvisor.org\/pt\/wp-json\/wp\/v2\/comments?post=285"}],"version-history":[{"count":1,"href":"https:\/\/exceladvisor.org\/pt\/wp-json\/wp\/v2\/pages\/285\/revisions"}],"predecessor-version":[{"id":1039,"href":"https:\/\/exceladvisor.org\/pt\/wp-json\/wp\/v2\/pages\/285\/revisions\/1039"}],"wp:attachment":[{"href":"https:\/\/exceladvisor.org\/pt\/wp-json\/wp\/v2\/media?parent=285"}],"curies":[{"name":"wp","href":"https:\/\/api.w.org\/{rel}","templated":true}]}}