{"id":286,"date":"2023-11-06T17:36:48","date_gmt":"2023-11-06T17:36:48","guid":{"rendered":"https:\/\/exceladvisor.org\/pt\/nao-funciona\/"},"modified":"2023-12-06T11:51:32","modified_gmt":"2023-12-06T11:51:32","slug":"nao-funciona","status":"publish","type":"page","link":"https:\/\/exceladvisor.org\/pt\/nao-funciona\/","title":{"rendered":"Quando a formata\u00e7\u00e3o condicional funciona?"},"content":{"rendered":"<div class=\"excel-before-content-2\" id=\"excel-261410299\"><script type=\"text\/javascript\">\r\n\tatOptions = {\r\n\t\t'key' : 'c1158f160081d6540a8409e6925dab94',\r\n\t\t'format' : 'iframe',\r\n\t\t'height' : 250,\r\n\t\t'width' : 300,\r\n\t\t'params' : {}\r\n\t};\r\n<\/script>\r\n<script type=\"text\/javascript\" src=\"\/\/www.highperformanceformat.com\/c1158f160081d6540a8409e6925dab94\/invoke.js\"><\/script><\/div><div class=\"excel-before-content\" id=\"excel-2938041200\"><script type=\"text\/javascript\">\r\n\tatOptions = {\r\n\t\t'key' : 'c1158f160081d6540a8409e6925dab94',\r\n\t\t'format' : 'iframe',\r\n\t\t'height' : 250,\r\n\t\t'width' : 300,\r\n\t\t'params' : {}\r\n\t};\r\n<\/script>\r\n<script type=\"text\/javascript\" src=\"\/\/www.highperformanceformat.com\/c1158f160081d6540a8409e6925dab94\/invoke.js\"><\/script><\/div> <p>No Excel, quando voc\u00ea usa formata\u00e7\u00e3o condicional, \u00e9 prov\u00e1vel que voc\u00ea a aplique, mas n\u00e3o funciona. E nesta situa\u00e7\u00e3o, voc\u00ea precisa solucionar o problema de formata\u00e7\u00e3o usada.<\/p><p> Ao aplicar a formata\u00e7\u00e3o condicional predefinida, voc\u00ea pode n\u00e3o encontrar problemas, mas ao usar f\u00f3rmulas personalizadas, h\u00e1 uma chance.<\/p><h2 class=\"wp-block-heading\"> Refer\u00eancia incorreta<\/h2><p> Ao aplicar a formata\u00e7\u00e3o condicional usando a f\u00f3rmula, voc\u00ea pode se referir a uma c\u00e9lula diferente por engano. Veja o exemplo abaixo: O intervalo onde desejo aplicar a regra de formata\u00e7\u00e3o condicional \u00e9 A2:A12. <\/p><div class=\"wp-block-image\"><figure class=\"aligncenter size-full is-resized\"><img loading=\"lazy\" decoding=\"async\" class=\"wp-image-90934\" src=\"https:\/\/exceladvisor.org\/wp-content\/uploads\/2023\/08\/1-reference-erronee.png\" sizes=\"auto, \" srcset=\"\" alt=\"refer\u00eancia incorreta\" width=\"674\" height=\"419\"><\/figure><\/div><p> E a f\u00f3rmula deve referir-se \u00e0 c\u00e9lula A2 em vez de A1. E como fiz refer\u00eancia a A1 na f\u00f3rmula, a regra foi aplicada incorretamente.<\/p><p> Voc\u00ea pode ver que a condi\u00e7\u00e3o est\u00e1 testando se o valor \u00e9 maior que 1200 ou n\u00e3o, e na c\u00e9lula ela destacou a c\u00e9lula mesmo quando o valor n\u00e3o \u00e9 maior que 1200. Tudo isso por causa da refer\u00eancia errada.<\/p><p> Ao trabalhar com formata\u00e7\u00e3o condicional, um dos principais motivos pelos quais ela n\u00e3o funciona \u00e9 a m\u00e1 refer\u00eancia.<\/p><h2 class=\"wp-block-heading\"> O resultado da condi\u00e7\u00e3o deve ser VERDADEIRO ou FALSO<\/h2><p> Ao usar uma f\u00f3rmula em formata\u00e7\u00e3o condicional, o resultado dessa f\u00f3rmula deve ser VERDADEIRO ou FALSO. Ent\u00e3o, apenas a formata\u00e7\u00e3o condicional funcionar\u00e1. O resultado deve ser sempre VERDADEIRO ou FALSO se voc\u00ea usar OPERADORES L\u00d3GICOS.<\/p><h2 class=\"wp-block-heading\"> Ao copiar e colar a formata\u00e7\u00e3o condicional<\/h2><p> Se voc\u00ea tiver a refer\u00eancia absoluta na f\u00f3rmula e tentar copiar e colar a formata\u00e7\u00e3o condicional em uma nova c\u00e9lula ou intervalo de c\u00e9lulas, a formata\u00e7\u00e3o ser\u00e1 aplicada com a condi\u00e7\u00e3o errada. <\/p><div class=\"wp-block-image\"><figure class=\"aligncenter size-full is-resized\"><img loading=\"lazy\" decoding=\"async\" class=\"wp-image-90935\" src=\"https:\/\/exceladvisor.org\/wp-content\/uploads\/2023\/08\/2-copier-et-coller-la-mise-en-forme-conditionnelle.png\" sizes=\"auto, \" srcset=\"\" alt=\"formata\u00e7\u00e3o condicional copiar-colar\" width=\"614\" height=\"381\"><\/figure><\/div><p> No exemplo acima, nossa refer\u00eancia \u00e9 absoluta; voc\u00ea pode ver os cifr\u00f5es. E quando voc\u00ea tentar copiar e colar essa formata\u00e7\u00e3o condicional em um novo local, ela sempre se referir\u00e1 \u00e0 c\u00e9lula A2.<\/p><h2 class=\"wp-block-heading\"> Quando os n\u00fameros s\u00e3o formatados como texto<\/h2><p> Se voc\u00ea usar uma regra de formata\u00e7\u00e3o condicional em que a regra deve verificar uma condi\u00e7\u00e3o para um n\u00famero, esses n\u00fameros ter\u00e3o um formato de texto. Neste caso, esta regra de formata\u00e7\u00e3o condicional n\u00e3o funcionar\u00e1 corretamente. <\/p><div class=\"wp-block-image\"><figure class=\"aligncenter size-full is-resized\"><img loading=\"lazy\" decoding=\"async\" class=\"wp-image-90936\" src=\"https:\/\/exceladvisor.org\/wp-content\/uploads\/2023\/08\/3-lorsque-les-nombres-sont-formates-en-tant-que-texte.png\" sizes=\"auto, \" srcset=\"\" alt=\"quando-os-n\u00fameros-s\u00e3o-formatados-para-texto\" width=\"668\" height=\"494\"><\/figure><\/div><p> No exemplo acima, as colunas A e B t\u00eam a mesma regra de formata\u00e7\u00e3o condicional, que testa n\u00fameros maiores que 1200. Mas na coluna B, o n\u00famero \u00e9 inserido como texto e o formato das regras destaca todos os n\u00fameros.<\/p><p> Comparado a isso, na coluna A, onde os n\u00fameros s\u00e3o armazenados como n\u00fameros, a formata\u00e7\u00e3o condicional funciona bem. <\/p><div class=\"gb-container gb-container-52dfcee1 gb-container-sample-file\"><h2 class=\"gb-headline gb-headline-e289c143 gb-headline-text gb-headline-4f7959c2\"> Obtenha o arquivo Excel<\/h2> <a class=\"gb-button gb-button-e88d6bee gb-button-text gb-button-button1\" href=\"https:\/\/exceladvisor.org\/wp-content\/uploads\/2023\/08\/la-mise-en-forme-conditionnelle-ne-fonctionne-pas.xlsx\" rel=\"nofollow\">Download<\/a><\/div><div class=\"gb-container gb-container-6076ba72 gb-container-mt\"> <a class=\"gb-button gb-button-76e6a499 gb-button-text gb-button-mt-button\" href=\"https:\/\/exceladvisor.org\/pt\/nocoes-basicas-de-excel\/\">Aprenda o b\u00e1sico do Excel<\/a><h2 class=\"gb-headline gb-headline-a9e9e206 gb-headline-text gb-headline-mt-heading\"> Saiba mais sobre <a href=\"https:\/\/exceladvisor.org\/pt\/formatacao-condicional\/\">formata\u00e7\u00e3o condicional<\/a> <\/h2><div class=\"gb-grid-wrapper gb-grid-wrapper-790317cb gb-grid-wrapper-mt-grid\"><div class=\"gb-grid-column gb-grid-column-a9845ede\"><div class=\"gb-container gb-container-a9845ede\"><ul><li> <a href=\"https:\/\/exceladvisor.org\/pt\/aplicar-formatacao-condicional\/\">Aplicar formata\u00e7\u00e3o condicional a uma tabela din\u00e2mica<\/a><\/li><li> <a href=\"https:\/\/exceladvisor.org\/pt\/retirar\/\">Remover formata\u00e7\u00e3o condicional<\/a><\/li><li> <a href=\"https:\/\/exceladvisor.org\/pt\/celulas-vazias\/\">Aplicar formata\u00e7\u00e3o condicional em c\u00e9lulas em branco no Excel<\/a><\/li><li> <a href=\"https:\/\/exceladvisor.org\/pt\/comparar-colunas\/\">Compare duas colunas usando formata\u00e7\u00e3o condicional<\/a> <\/li><\/ul><\/div><\/div><div class=\"gb-grid-column gb-grid-column-ec8ff319\"><div class=\"gb-container gb-container-ec8ff319\"><\/div><\/div><\/div><\/div>","protected":false},"excerpt":{"rendered":"","protected":false},"author":1,"featured_media":0,"parent":0,"menu_order":0,"comment_status":"open","ping_status":"closed","template":"","meta":{"ub_ctt_via":"","footnotes":""},"class_list":["post-286","page","type-page","status-publish","hentry"],"featured_image_src":null,"yoast_head":"<!-- This site is optimized with the Yoast SEO plugin v25.4 - https:\/\/yoast.com\/wordpress\/plugins\/seo\/ -->\n<title>Quando a formata\u00e7\u00e3o condicional n\u00e3o funciona no Excel?<\/title>\n<meta name=\"description\" content=\"Este tutorial ajuda a determinar se a formata\u00e7\u00e3o condicional funciona em seu arquivo Excel. Vamos verificar isso...\" \/>\n<meta name=\"robots\" content=\"index, follow, max-snippet:-1, max-image-preview:large, max-video-preview:-1\" \/>\n<link rel=\"canonical\" href=\"https:\/\/exceladvisor.org\/pt\/nao-funciona\/\" \/>\n<meta property=\"og:locale\" content=\"pt_PT\" \/>\n<meta property=\"og:type\" content=\"article\" \/>\n<meta property=\"og:title\" content=\"Quando a formata\u00e7\u00e3o condicional n\u00e3o funciona no Excel?\" \/>\n<meta property=\"og:description\" content=\"Este tutorial ajuda a determinar se a formata\u00e7\u00e3o condicional funciona em seu arquivo Excel. Vamos verificar isso...\" \/>\n<meta property=\"og:url\" content=\"https:\/\/exceladvisor.org\/pt\/nao-funciona\/\" \/>\n<meta property=\"og:site_name\" content=\"Excel Advisor\" \/>\n<meta property=\"article:modified_time\" content=\"2023-12-06T11:51:32+00:00\" \/>\n<meta property=\"og:image\" content=\"https:\/\/exceladvisor.org\/wp-content\/uploads\/2023\/08\/1-reference-erronee.png\" \/>\n<meta name=\"twitter:card\" content=\"summary_large_image\" \/>\n<meta name=\"twitter:label1\" content=\"Tempo estimado de leitura\" \/>\n\t<meta name=\"twitter:data1\" content=\"2 minutos\" \/>\n<script type=\"application\/ld+json\" class=\"yoast-schema-graph\">{\"@context\":\"https:\/\/schema.org\",\"@graph\":[{\"@type\":\"WebPage\",\"@id\":\"https:\/\/exceladvisor.org\/pt\/nao-funciona\/\",\"url\":\"https:\/\/exceladvisor.org\/pt\/nao-funciona\/\",\"name\":\"Quando a formata\u00e7\u00e3o condicional n\u00e3o funciona no Excel?\",\"isPartOf\":{\"@id\":\"https:\/\/exceladvisor.org\/pt\/#website\"},\"primaryImageOfPage\":{\"@id\":\"https:\/\/exceladvisor.org\/pt\/nao-funciona\/#primaryimage\"},\"image\":{\"@id\":\"https:\/\/exceladvisor.org\/pt\/nao-funciona\/#primaryimage\"},\"thumbnailUrl\":\"https:\/\/exceladvisor.org\/wp-content\/uploads\/2023\/08\/1-reference-erronee.png\",\"datePublished\":\"2023-11-06T17:36:48+00:00\",\"dateModified\":\"2023-12-06T11:51:32+00:00\",\"description\":\"Este tutorial ajuda a determinar se a formata\u00e7\u00e3o condicional funciona em seu arquivo Excel. Vamos verificar isso...\",\"breadcrumb\":{\"@id\":\"https:\/\/exceladvisor.org\/pt\/nao-funciona\/#breadcrumb\"},\"inLanguage\":\"pt-PT\",\"potentialAction\":[{\"@type\":\"ReadAction\",\"target\":[\"https:\/\/exceladvisor.org\/pt\/nao-funciona\/\"]}]},{\"@type\":\"ImageObject\",\"inLanguage\":\"pt-PT\",\"@id\":\"https:\/\/exceladvisor.org\/pt\/nao-funciona\/#primaryimage\",\"url\":\"https:\/\/exceladvisor.org\/wp-content\/uploads\/2023\/08\/1-reference-erronee.png\",\"contentUrl\":\"https:\/\/exceladvisor.org\/wp-content\/uploads\/2023\/08\/1-reference-erronee.png\"},{\"@type\":\"BreadcrumbList\",\"@id\":\"https:\/\/exceladvisor.org\/pt\/nao-funciona\/#breadcrumb\",\"itemListElement\":[{\"@type\":\"ListItem\",\"position\":1,\"name\":\"Lar\",\"item\":\"https:\/\/exceladvisor.org\/pt\/\"},{\"@type\":\"ListItem\",\"position\":2,\"name\":\"Quando a formata\u00e7\u00e3o condicional funciona?\"}]},{\"@type\":\"WebSite\",\"@id\":\"https:\/\/exceladvisor.org\/pt\/#website\",\"url\":\"https:\/\/exceladvisor.org\/pt\/\",\"name\":\"Excel Advisor\",\"description\":\"O seu guia definitivo para dominar os dados!\",\"publisher\":{\"@id\":\"https:\/\/exceladvisor.org\/pt\/#organization\"},\"potentialAction\":[{\"@type\":\"SearchAction\",\"target\":{\"@type\":\"EntryPoint\",\"urlTemplate\":\"https:\/\/exceladvisor.org\/pt\/?s={search_term_string}\"},\"query-input\":{\"@type\":\"PropertyValueSpecification\",\"valueRequired\":true,\"valueName\":\"search_term_string\"}}],\"inLanguage\":\"pt-PT\"},{\"@type\":\"Organization\",\"@id\":\"https:\/\/exceladvisor.org\/pt\/#organization\",\"name\":\"Excel Advisor\",\"url\":\"https:\/\/exceladvisor.org\/pt\/\",\"logo\":{\"@type\":\"ImageObject\",\"inLanguage\":\"pt-PT\",\"@id\":\"https:\/\/exceladvisor.org\/pt\/#\/schema\/logo\/image\/\",\"url\":\"https:\/\/exceladvisor.org\/pt\/wp-content\/uploads\/2023\/12\/exceladvisor.org_.png\",\"contentUrl\":\"https:\/\/exceladvisor.org\/pt\/wp-content\/uploads\/2023\/12\/exceladvisor.org_.png\",\"width\":105,\"height\":36,\"caption\":\"Excel Advisor\"},\"image\":{\"@id\":\"https:\/\/exceladvisor.org\/pt\/#\/schema\/logo\/image\/\"}}]}<\/script>\n<!-- \/ Yoast SEO plugin. -->","yoast_head_json":{"title":"Quando a formata\u00e7\u00e3o condicional n\u00e3o funciona no Excel?","description":"Este tutorial ajuda a determinar se a formata\u00e7\u00e3o condicional funciona em seu arquivo Excel. Vamos verificar isso...","robots":{"index":"index","follow":"follow","max-snippet":"max-snippet:-1","max-image-preview":"max-image-preview:large","max-video-preview":"max-video-preview:-1"},"canonical":"https:\/\/exceladvisor.org\/pt\/nao-funciona\/","og_locale":"pt_PT","og_type":"article","og_title":"Quando a formata\u00e7\u00e3o condicional n\u00e3o funciona no Excel?","og_description":"Este tutorial ajuda a determinar se a formata\u00e7\u00e3o condicional funciona em seu arquivo Excel. Vamos verificar isso...","og_url":"https:\/\/exceladvisor.org\/pt\/nao-funciona\/","og_site_name":"Excel Advisor","article_modified_time":"2023-12-06T11:51:32+00:00","og_image":[{"url":"https:\/\/exceladvisor.org\/wp-content\/uploads\/2023\/08\/1-reference-erronee.png","type":"","width":"","height":""}],"twitter_card":"summary_large_image","twitter_misc":{"Tempo estimado de leitura":"2 minutos"},"schema":{"@context":"https:\/\/schema.org","@graph":[{"@type":"WebPage","@id":"https:\/\/exceladvisor.org\/pt\/nao-funciona\/","url":"https:\/\/exceladvisor.org\/pt\/nao-funciona\/","name":"Quando a formata\u00e7\u00e3o condicional n\u00e3o funciona no Excel?","isPartOf":{"@id":"https:\/\/exceladvisor.org\/pt\/#website"},"primaryImageOfPage":{"@id":"https:\/\/exceladvisor.org\/pt\/nao-funciona\/#primaryimage"},"image":{"@id":"https:\/\/exceladvisor.org\/pt\/nao-funciona\/#primaryimage"},"thumbnailUrl":"https:\/\/exceladvisor.org\/wp-content\/uploads\/2023\/08\/1-reference-erronee.png","datePublished":"2023-11-06T17:36:48+00:00","dateModified":"2023-12-06T11:51:32+00:00","description":"Este tutorial ajuda a determinar se a formata\u00e7\u00e3o condicional funciona em seu arquivo Excel. Vamos verificar isso...","breadcrumb":{"@id":"https:\/\/exceladvisor.org\/pt\/nao-funciona\/#breadcrumb"},"inLanguage":"pt-PT","potentialAction":[{"@type":"ReadAction","target":["https:\/\/exceladvisor.org\/pt\/nao-funciona\/"]}]},{"@type":"ImageObject","inLanguage":"pt-PT","@id":"https:\/\/exceladvisor.org\/pt\/nao-funciona\/#primaryimage","url":"https:\/\/exceladvisor.org\/wp-content\/uploads\/2023\/08\/1-reference-erronee.png","contentUrl":"https:\/\/exceladvisor.org\/wp-content\/uploads\/2023\/08\/1-reference-erronee.png"},{"@type":"BreadcrumbList","@id":"https:\/\/exceladvisor.org\/pt\/nao-funciona\/#breadcrumb","itemListElement":[{"@type":"ListItem","position":1,"name":"Lar","item":"https:\/\/exceladvisor.org\/pt\/"},{"@type":"ListItem","position":2,"name":"Quando a formata\u00e7\u00e3o condicional funciona?"}]},{"@type":"WebSite","@id":"https:\/\/exceladvisor.org\/pt\/#website","url":"https:\/\/exceladvisor.org\/pt\/","name":"Excel Advisor","description":"O seu guia definitivo para dominar os dados!","publisher":{"@id":"https:\/\/exceladvisor.org\/pt\/#organization"},"potentialAction":[{"@type":"SearchAction","target":{"@type":"EntryPoint","urlTemplate":"https:\/\/exceladvisor.org\/pt\/?s={search_term_string}"},"query-input":{"@type":"PropertyValueSpecification","valueRequired":true,"valueName":"search_term_string"}}],"inLanguage":"pt-PT"},{"@type":"Organization","@id":"https:\/\/exceladvisor.org\/pt\/#organization","name":"Excel Advisor","url":"https:\/\/exceladvisor.org\/pt\/","logo":{"@type":"ImageObject","inLanguage":"pt-PT","@id":"https:\/\/exceladvisor.org\/pt\/#\/schema\/logo\/image\/","url":"https:\/\/exceladvisor.org\/pt\/wp-content\/uploads\/2023\/12\/exceladvisor.org_.png","contentUrl":"https:\/\/exceladvisor.org\/pt\/wp-content\/uploads\/2023\/12\/exceladvisor.org_.png","width":105,"height":36,"caption":"Excel Advisor"},"image":{"@id":"https:\/\/exceladvisor.org\/pt\/#\/schema\/logo\/image\/"}}]}},"yoast_meta":{"yoast_wpseo_title":"","yoast_wpseo_metadesc":"","yoast_wpseo_canonical":""},"_links":{"self":[{"href":"https:\/\/exceladvisor.org\/pt\/wp-json\/wp\/v2\/pages\/286","targetHints":{"allow":["GET"]}}],"collection":[{"href":"https:\/\/exceladvisor.org\/pt\/wp-json\/wp\/v2\/pages"}],"about":[{"href":"https:\/\/exceladvisor.org\/pt\/wp-json\/wp\/v2\/types\/page"}],"author":[{"embeddable":true,"href":"https:\/\/exceladvisor.org\/pt\/wp-json\/wp\/v2\/users\/1"}],"replies":[{"embeddable":true,"href":"https:\/\/exceladvisor.org\/pt\/wp-json\/wp\/v2\/comments?post=286"}],"version-history":[{"count":1,"href":"https:\/\/exceladvisor.org\/pt\/wp-json\/wp\/v2\/pages\/286\/revisions"}],"predecessor-version":[{"id":1484,"href":"https:\/\/exceladvisor.org\/pt\/wp-json\/wp\/v2\/pages\/286\/revisions\/1484"}],"wp:attachment":[{"href":"https:\/\/exceladvisor.org\/pt\/wp-json\/wp\/v2\/media?parent=286"}],"curies":[{"name":"wp","href":"https:\/\/api.w.org\/{rel}","templated":true}]}}