{"id":287,"date":"2023-11-06T17:32:27","date_gmt":"2023-11-06T17:32:27","guid":{"rendered":"https:\/\/exceladvisor.org\/pt\/multiplas-condicoes\/"},"modified":"2023-12-06T11:34:37","modified_gmt":"2023-12-06T11:34:37","slug":"multiplas-condicoes","status":"publish","type":"page","link":"https:\/\/exceladvisor.org\/pt\/multiplas-condicoes\/","title":{"rendered":"Como aplicar m\u00faltiplas condi\u00e7\u00f5es no excel?"},"content":{"rendered":"<div class=\"excel-before-content-2\" id=\"excel-4127800373\"><script type=\"text\/javascript\">\r\n\tatOptions = {\r\n\t\t'key' : 'c1158f160081d6540a8409e6925dab94',\r\n\t\t'format' : 'iframe',\r\n\t\t'height' : 250,\r\n\t\t'width' : 300,\r\n\t\t'params' : {}\r\n\t};\r\n<\/script>\r\n<script type=\"text\/javascript\" src=\"\/\/www.highperformanceformat.com\/c1158f160081d6540a8409e6925dab94\/invoke.js\"><\/script><\/div><div class=\"excel-before-content\" id=\"excel-1015274380\"><script type=\"text\/javascript\">\r\n\tatOptions = {\r\n\t\t'key' : 'c1158f160081d6540a8409e6925dab94',\r\n\t\t'format' : 'iframe',\r\n\t\t'height' : 250,\r\n\t\t'width' : 300,\r\n\t\t'params' : {}\r\n\t};\r\n<\/script>\r\n<script type=\"text\/javascript\" src=\"\/\/www.highperformanceformat.com\/c1158f160081d6540a8409e6925dab94\/invoke.js\"><\/script><\/div> <p>No Excel, voc\u00ea pode usar a formata\u00e7\u00e3o condicional para aplicar v\u00e1rias condi\u00e7\u00f5es a uma \u00fanica c\u00e9lula ou intervalo de c\u00e9lulas. E h\u00e1 duas maneiras de fazer isso:<\/p><ul><li> Aplique a regra duas vezes.<\/li><li> Ou voc\u00ea usa uma f\u00f3rmula para testar duas condi\u00e7\u00f5es ao mesmo tempo.<\/li><\/ul><p> Neste tutorial, aprenderemos como usar esses m\u00e9todos em detalhes.<\/p><h2 class=\"wp-block-heading\"> M\u00faltiplas condi\u00e7\u00f5es na formata\u00e7\u00e3o condicional (2 condi\u00e7\u00f5es)<\/h2><ol><li> Primeiro, selecione o intervalo de c\u00e9lulas onde deseja aplicar as condi\u00e7\u00f5es e v\u00e1 para Formata\u00e7\u00e3o Condicional &gt; Regras de Destaque de C\u00e9lula &gt; Maior que. <br><img loading=\"lazy\" decoding=\"async\" title=\"1-m\u00faltiplas condi\u00e7\u00f5es na formata\u00e7\u00e3o condicional\" src=\"https:\/\/exceladvisor.org\/wp-content\/uploads\/2023\/08\/1-conditions-multiples-dans-la-mise-en-forme-conditionnelle.png\" sizes=\"auto, \" srcset=\"\" alt=\"1-multiple-conditions-in-conditional-formatting\" width=\"443\" height=\"397\"><\/li><li> A partir da\u00ed, na caixa de di\u00e1logo, insira 1500 e selecione a formata\u00e7\u00e3o a ser aplicada \u00e0s c\u00e9lulas acima de 1500. Depois de fazer isso, clique em OK para aplicar a regra. <br><img loading=\"lazy\" decoding=\"async\" title=\"2-insira-valor-maior-que\" src=\"https:\/\/exceladvisor.org\/wp-content\/uploads\/2023\/08\/2-entrer-la-valeur-superieure-a.png\" sizes=\"auto, \" srcset=\"\" alt=\"2-enter-the-value-greater-than\" width=\"522\" height=\"348\"><\/li><li> Novamente, v\u00e1 para Formata\u00e7\u00e3o Condicional &gt; Regra de Destaque de C\u00e9lula &gt; Menor que. <br><img loading=\"lazy\" decoding=\"async\" title=\"3-formata\u00e7\u00e3o condicional menor que\" src=\"https:\/\/exceladvisor.org\/wp-content\/uploads\/2023\/08\/3-mise-en-forme-conditionnelle-moins-de.png\" sizes=\"auto, \" srcset=\"\" alt=\"3-conditonal-formatting-less-than\" width=\"442\" height=\"449\"><\/li><li> Depois disso, na caixa de di\u00e1logo, insira 700 e selecione a formata\u00e7\u00e3o que deseja aplicar ao intervalo. Quando terminar, clique em OK e aplique a regra. <br><img loading=\"lazy\" decoding=\"async\" title=\"4-insira um valor menor que\" src=\"https:\/\/exceladvisor.org\/wp-content\/uploads\/2023\/08\/4-entrez-la-valeur-inferieure-a.png\" sizes=\"auto, \" srcset=\"\" alt=\"4-enter-the-less-than-value\" width=\"516\" height=\"342\"><\/li><\/ol><p> Agora, aqui voc\u00ea tem duas condi\u00e7\u00f5es aplicadas ao mesmo intervalo de c\u00e9lulas. Na primeira condi\u00e7\u00e3o, destaca c\u00e9lulas com valor superior a 1500; na segunda condi\u00e7\u00e3o, destaca c\u00e9lulas cujo valor \u00e9 inferior a 700.<\/p><h2 class=\"wp-block-heading\"> M\u00faltiplas condi\u00e7\u00f5es na formata\u00e7\u00e3o condicional (f\u00f3rmula \u00fanica)<\/h2><p> Nesta parte da condi\u00e7\u00e3o, voc\u00ea precisa usar a f\u00f3rmula para testar duas condi\u00e7\u00f5es em uma regra.<\/p><ol><li> Primeiro, selecione o intervalo de c\u00e9lulas e v\u00e1 para Formata\u00e7\u00e3o Condicional &gt; Nova Regra. <br><img loading=\"lazy\" decoding=\"async\" title=\"5-formata\u00e7\u00e3o-condicional-nova-regra\" src=\"https:\/\/exceladvisor.org\/wp-content\/uploads\/2023\/08\/5-nouvelle-regle-de-mise-en-forme-conditionnelle.png\" sizes=\"auto, \" srcset=\"\" alt=\"5-conditional-formatting-new-rule\" width=\"316\" height=\"411\"><\/li><li> Na caixa de di\u00e1logo, clique em \u201cUsar uma f\u00f3rmula para determinar qual c\u00e9lula formatar\u201d. <br><img loading=\"lazy\" decoding=\"async\" title=\"6-selecione-use-uma-f\u00f3rmula-para-determinar-a-c\u00e9lula\" src=\"https:\/\/exceladvisor.org\/wp-content\/uploads\/2023\/08\/6-selectionner-utiliser-une-formule-pour-determiner-la-cellule.png\" sizes=\"auto, \" srcset=\"\" alt=\"6-select-use-a-formula-to-determine-cell\" width=\"516\" height=\"194\"><\/li><li> Depois disso, na barra de entrada da f\u00f3rmula, insira a f\u00f3rmula =IF(OR(A1&gt;1500,A1&lt;700),TRUE,FALSE) e clique em \u201cFormatar\u2026\u201d para especificar o formato que deseja aplicar \u00e0s c\u00e9lulas. <br><img loading=\"lazy\" decoding=\"async\" title=\"7-inserir-f\u00f3rmula-na-barra de entrada de f\u00f3rmula\" src=\"https:\/\/exceladvisor.org\/wp-content\/uploads\/2023\/08\/7-entrer-la-formule-dans-la-barre-de-saisie-de-formule.png\" sizes=\"auto, \" srcset=\"\" alt=\"7-enter-formula-in-formula-input-bar\" width=\"504\" height=\"186\"><\/li><li> Ao final, clique em OK para aplicar a regra.<\/li><\/ol><p> Agora voc\u00ea tem todas as c\u00e9lulas destacadas com valores menores que 700 ou maiores que 1.500.<\/p><h2 class=\"wp-block-heading\"> Usando m\u00faltiplas condi\u00e7\u00f5es com m\u00faltiplas colunas<\/h2><p> Se quiser destacar c\u00e9lulas aplicando v\u00e1rias condi\u00e7\u00f5es a duas colunas diferentes, voc\u00ea pode fazer isso. <\/p><div class=\"wp-block-image\"><figure class=\"aligncenter size-full is-resized\"><img loading=\"lazy\" decoding=\"async\" class=\"wp-image-90928\" src=\"https:\/\/exceladvisor.org\/wp-content\/uploads\/2023\/08\/8-utiliser-plusieurs-conditions-avec-plusieurs-colonnes.png\" sizes=\"auto, \" srcset=\"\" alt=\"usar m\u00faltiplas condi\u00e7\u00f5es com m\u00faltiplas colunas\" width=\"688\" height=\"465\"><\/figure><\/div><pre class=\"wp-block-code\"> <code class=\"language-excel-formula\" lang=\"excel-formula\">=IF(AND(B1=\"a\",OR(A1&lt;700,A1&gt;1500)),TRUE,FALSE)<\/code><\/pre><p> Na formata\u00e7\u00e3o condicional acima, usamos tr\u00eas condi\u00e7\u00f5es para testar:<\/p><ul><li> Na coluna B, dever\u00e1 ser o valor \u201ca\u201d.<\/li><li> E na coluna A, o valor deve ser menor que 700 ou maior que 1.500.<\/li><\/ul><p> Isso significa que primeiro testar\u00e1 uma condi\u00e7\u00e3o na coluna B, depois passar\u00e1 para a coluna A e testar\u00e1 mais duas condi\u00e7\u00f5es para destacar as c\u00e9lulas. <\/p><div class=\"gb-container gb-container-52dfcee1 gb-container-sample-file\"><h2 class=\"gb-headline gb-headline-e289c143 gb-headline-text gb-headline-4f7959c2\"> Obtenha o arquivo Excel<\/h2> <a class=\"gb-button gb-button-e88d6bee gb-button-text gb-button-button1\" href=\"https:\/\/exceladvisor.org\/wp-content\/uploads\/2023\/11\/conditions-multiples-mise-en-forme-conditionnelle.xlsx\" rel=\"nofollow\">Download<\/a><\/div><div class=\"gb-container gb-container-6076ba72 gb-container-mt\"> <a class=\"gb-button gb-button-76e6a499 gb-button-text gb-button-mt-button\" href=\"https:\/\/exceladvisor.org\/pt\/nocoes-basicas-de-excel\/\">Aprenda o b\u00e1sico do Excel<\/a><h2 class=\"gb-headline gb-headline-a9e9e206 gb-headline-text gb-headline-mt-heading\"> Saiba mais sobre <a href=\"https:\/\/exceladvisor.org\/pt\/formatacao-condicional\/\">formata\u00e7\u00e3o condicional<\/a> <\/h2><div class=\"gb-grid-wrapper gb-grid-wrapper-790317cb gb-grid-wrapper-mt-grid\"><div class=\"gb-grid-column gb-grid-column-a9845ede\"><div class=\"gb-container gb-container-a9845ede\"><ul><li> <a href=\"https:\/\/exceladvisor.org\/pt\/aplicar-formatacao-condicional\/\">Aplicar formata\u00e7\u00e3o condicional a uma tabela din\u00e2mica<\/a><\/li><li> <a href=\"https:\/\/exceladvisor.org\/pt\/retirar\/\">Remover formata\u00e7\u00e3o condicional<\/a><\/li><li> <a href=\"https:\/\/exceladvisor.org\/pt\/celulas-vazias\/\">Aplicar formata\u00e7\u00e3o condicional em c\u00e9lulas em branco no Excel<\/a><\/li><li> <a href=\"https:\/\/exceladvisor.org\/pt\/comparar-colunas\/\">Compare duas colunas usando formata\u00e7\u00e3o condicional<\/a><\/li><\/ul><\/div><\/div><\/div><\/div>","protected":false},"excerpt":{"rendered":"","protected":false},"author":1,"featured_media":0,"parent":0,"menu_order":0,"comment_status":"open","ping_status":"closed","template":"","meta":{"ub_ctt_via":"","footnotes":""},"class_list":["post-287","page","type-page","status-publish","hentry"],"featured_image_src":null,"yoast_head":"<!-- This site is optimized with the Yoast SEO plugin v25.4 - https:\/\/yoast.com\/wordpress\/plugins\/seo\/ -->\n<title>Como aplicar m\u00faltiplas condi\u00e7\u00f5es no Excel?<\/title>\n<meta name=\"description\" content=\"Este tutorial ajuda voc\u00ea a aprender como aplicar v\u00e1rias regras de formata\u00e7\u00e3o condicional no Excel. Vamos verificar isso\u2026\" \/>\n<meta name=\"robots\" content=\"index, follow, max-snippet:-1, max-image-preview:large, max-video-preview:-1\" \/>\n<link rel=\"canonical\" href=\"https:\/\/exceladvisor.org\/pt\/multiplas-condicoes\/\" \/>\n<meta property=\"og:locale\" content=\"pt_PT\" \/>\n<meta property=\"og:type\" content=\"article\" \/>\n<meta property=\"og:title\" content=\"Como aplicar m\u00faltiplas condi\u00e7\u00f5es no Excel?\" \/>\n<meta property=\"og:description\" content=\"Este tutorial ajuda voc\u00ea a aprender como aplicar v\u00e1rias regras de formata\u00e7\u00e3o condicional no Excel. Vamos verificar isso\u2026\" \/>\n<meta property=\"og:url\" content=\"https:\/\/exceladvisor.org\/pt\/multiplas-condicoes\/\" \/>\n<meta property=\"og:site_name\" content=\"Excel Advisor\" \/>\n<meta property=\"article:modified_time\" content=\"2023-12-06T11:34:37+00:00\" \/>\n<meta property=\"og:image\" content=\"https:\/\/exceladvisor.org\/wp-content\/uploads\/2023\/08\/1-conditions-multiples-dans-la-mise-en-forme-conditionnelle.png\" \/>\n<meta name=\"twitter:card\" content=\"summary_large_image\" \/>\n<meta name=\"twitter:label1\" content=\"Tempo estimado de leitura\" \/>\n\t<meta name=\"twitter:data1\" content=\"2 minutos\" \/>\n<script type=\"application\/ld+json\" class=\"yoast-schema-graph\">{\"@context\":\"https:\/\/schema.org\",\"@graph\":[{\"@type\":\"WebPage\",\"@id\":\"https:\/\/exceladvisor.org\/pt\/multiplas-condicoes\/\",\"url\":\"https:\/\/exceladvisor.org\/pt\/multiplas-condicoes\/\",\"name\":\"Como aplicar m\u00faltiplas condi\u00e7\u00f5es no Excel?\",\"isPartOf\":{\"@id\":\"https:\/\/exceladvisor.org\/pt\/#website\"},\"primaryImageOfPage\":{\"@id\":\"https:\/\/exceladvisor.org\/pt\/multiplas-condicoes\/#primaryimage\"},\"image\":{\"@id\":\"https:\/\/exceladvisor.org\/pt\/multiplas-condicoes\/#primaryimage\"},\"thumbnailUrl\":\"https:\/\/exceladvisor.org\/wp-content\/uploads\/2023\/08\/1-conditions-multiples-dans-la-mise-en-forme-conditionnelle.png\",\"datePublished\":\"2023-11-06T17:32:27+00:00\",\"dateModified\":\"2023-12-06T11:34:37+00:00\",\"description\":\"Este tutorial ajuda voc\u00ea a aprender como aplicar v\u00e1rias regras de formata\u00e7\u00e3o condicional no Excel. Vamos verificar isso\u2026\",\"breadcrumb\":{\"@id\":\"https:\/\/exceladvisor.org\/pt\/multiplas-condicoes\/#breadcrumb\"},\"inLanguage\":\"pt-PT\",\"potentialAction\":[{\"@type\":\"ReadAction\",\"target\":[\"https:\/\/exceladvisor.org\/pt\/multiplas-condicoes\/\"]}]},{\"@type\":\"ImageObject\",\"inLanguage\":\"pt-PT\",\"@id\":\"https:\/\/exceladvisor.org\/pt\/multiplas-condicoes\/#primaryimage\",\"url\":\"https:\/\/exceladvisor.org\/wp-content\/uploads\/2023\/08\/1-conditions-multiples-dans-la-mise-en-forme-conditionnelle.png\",\"contentUrl\":\"https:\/\/exceladvisor.org\/wp-content\/uploads\/2023\/08\/1-conditions-multiples-dans-la-mise-en-forme-conditionnelle.png\"},{\"@type\":\"BreadcrumbList\",\"@id\":\"https:\/\/exceladvisor.org\/pt\/multiplas-condicoes\/#breadcrumb\",\"itemListElement\":[{\"@type\":\"ListItem\",\"position\":1,\"name\":\"Lar\",\"item\":\"https:\/\/exceladvisor.org\/pt\/\"},{\"@type\":\"ListItem\",\"position\":2,\"name\":\"Como aplicar m\u00faltiplas condi\u00e7\u00f5es no excel?\"}]},{\"@type\":\"WebSite\",\"@id\":\"https:\/\/exceladvisor.org\/pt\/#website\",\"url\":\"https:\/\/exceladvisor.org\/pt\/\",\"name\":\"Excel Advisor\",\"description\":\"O seu guia definitivo para dominar os dados!\",\"publisher\":{\"@id\":\"https:\/\/exceladvisor.org\/pt\/#organization\"},\"potentialAction\":[{\"@type\":\"SearchAction\",\"target\":{\"@type\":\"EntryPoint\",\"urlTemplate\":\"https:\/\/exceladvisor.org\/pt\/?s={search_term_string}\"},\"query-input\":{\"@type\":\"PropertyValueSpecification\",\"valueRequired\":true,\"valueName\":\"search_term_string\"}}],\"inLanguage\":\"pt-PT\"},{\"@type\":\"Organization\",\"@id\":\"https:\/\/exceladvisor.org\/pt\/#organization\",\"name\":\"Excel Advisor\",\"url\":\"https:\/\/exceladvisor.org\/pt\/\",\"logo\":{\"@type\":\"ImageObject\",\"inLanguage\":\"pt-PT\",\"@id\":\"https:\/\/exceladvisor.org\/pt\/#\/schema\/logo\/image\/\",\"url\":\"https:\/\/exceladvisor.org\/pt\/wp-content\/uploads\/2023\/12\/exceladvisor.org_.png\",\"contentUrl\":\"https:\/\/exceladvisor.org\/pt\/wp-content\/uploads\/2023\/12\/exceladvisor.org_.png\",\"width\":105,\"height\":36,\"caption\":\"Excel Advisor\"},\"image\":{\"@id\":\"https:\/\/exceladvisor.org\/pt\/#\/schema\/logo\/image\/\"}}]}<\/script>\n<!-- \/ Yoast SEO plugin. -->","yoast_head_json":{"title":"Como aplicar m\u00faltiplas condi\u00e7\u00f5es no Excel?","description":"Este tutorial ajuda voc\u00ea a aprender como aplicar v\u00e1rias regras de formata\u00e7\u00e3o condicional no Excel. Vamos verificar isso\u2026","robots":{"index":"index","follow":"follow","max-snippet":"max-snippet:-1","max-image-preview":"max-image-preview:large","max-video-preview":"max-video-preview:-1"},"canonical":"https:\/\/exceladvisor.org\/pt\/multiplas-condicoes\/","og_locale":"pt_PT","og_type":"article","og_title":"Como aplicar m\u00faltiplas condi\u00e7\u00f5es no Excel?","og_description":"Este tutorial ajuda voc\u00ea a aprender como aplicar v\u00e1rias regras de formata\u00e7\u00e3o condicional no Excel. Vamos verificar isso\u2026","og_url":"https:\/\/exceladvisor.org\/pt\/multiplas-condicoes\/","og_site_name":"Excel Advisor","article_modified_time":"2023-12-06T11:34:37+00:00","og_image":[{"url":"https:\/\/exceladvisor.org\/wp-content\/uploads\/2023\/08\/1-conditions-multiples-dans-la-mise-en-forme-conditionnelle.png","type":"","width":"","height":""}],"twitter_card":"summary_large_image","twitter_misc":{"Tempo estimado de leitura":"2 minutos"},"schema":{"@context":"https:\/\/schema.org","@graph":[{"@type":"WebPage","@id":"https:\/\/exceladvisor.org\/pt\/multiplas-condicoes\/","url":"https:\/\/exceladvisor.org\/pt\/multiplas-condicoes\/","name":"Como aplicar m\u00faltiplas condi\u00e7\u00f5es no Excel?","isPartOf":{"@id":"https:\/\/exceladvisor.org\/pt\/#website"},"primaryImageOfPage":{"@id":"https:\/\/exceladvisor.org\/pt\/multiplas-condicoes\/#primaryimage"},"image":{"@id":"https:\/\/exceladvisor.org\/pt\/multiplas-condicoes\/#primaryimage"},"thumbnailUrl":"https:\/\/exceladvisor.org\/wp-content\/uploads\/2023\/08\/1-conditions-multiples-dans-la-mise-en-forme-conditionnelle.png","datePublished":"2023-11-06T17:32:27+00:00","dateModified":"2023-12-06T11:34:37+00:00","description":"Este tutorial ajuda voc\u00ea a aprender como aplicar v\u00e1rias regras de formata\u00e7\u00e3o condicional no Excel. Vamos verificar isso\u2026","breadcrumb":{"@id":"https:\/\/exceladvisor.org\/pt\/multiplas-condicoes\/#breadcrumb"},"inLanguage":"pt-PT","potentialAction":[{"@type":"ReadAction","target":["https:\/\/exceladvisor.org\/pt\/multiplas-condicoes\/"]}]},{"@type":"ImageObject","inLanguage":"pt-PT","@id":"https:\/\/exceladvisor.org\/pt\/multiplas-condicoes\/#primaryimage","url":"https:\/\/exceladvisor.org\/wp-content\/uploads\/2023\/08\/1-conditions-multiples-dans-la-mise-en-forme-conditionnelle.png","contentUrl":"https:\/\/exceladvisor.org\/wp-content\/uploads\/2023\/08\/1-conditions-multiples-dans-la-mise-en-forme-conditionnelle.png"},{"@type":"BreadcrumbList","@id":"https:\/\/exceladvisor.org\/pt\/multiplas-condicoes\/#breadcrumb","itemListElement":[{"@type":"ListItem","position":1,"name":"Lar","item":"https:\/\/exceladvisor.org\/pt\/"},{"@type":"ListItem","position":2,"name":"Como aplicar m\u00faltiplas condi\u00e7\u00f5es no excel?"}]},{"@type":"WebSite","@id":"https:\/\/exceladvisor.org\/pt\/#website","url":"https:\/\/exceladvisor.org\/pt\/","name":"Excel Advisor","description":"O seu guia definitivo para dominar os dados!","publisher":{"@id":"https:\/\/exceladvisor.org\/pt\/#organization"},"potentialAction":[{"@type":"SearchAction","target":{"@type":"EntryPoint","urlTemplate":"https:\/\/exceladvisor.org\/pt\/?s={search_term_string}"},"query-input":{"@type":"PropertyValueSpecification","valueRequired":true,"valueName":"search_term_string"}}],"inLanguage":"pt-PT"},{"@type":"Organization","@id":"https:\/\/exceladvisor.org\/pt\/#organization","name":"Excel Advisor","url":"https:\/\/exceladvisor.org\/pt\/","logo":{"@type":"ImageObject","inLanguage":"pt-PT","@id":"https:\/\/exceladvisor.org\/pt\/#\/schema\/logo\/image\/","url":"https:\/\/exceladvisor.org\/pt\/wp-content\/uploads\/2023\/12\/exceladvisor.org_.png","contentUrl":"https:\/\/exceladvisor.org\/pt\/wp-content\/uploads\/2023\/12\/exceladvisor.org_.png","width":105,"height":36,"caption":"Excel Advisor"},"image":{"@id":"https:\/\/exceladvisor.org\/pt\/#\/schema\/logo\/image\/"}}]}},"yoast_meta":{"yoast_wpseo_title":"","yoast_wpseo_metadesc":"","yoast_wpseo_canonical":""},"_links":{"self":[{"href":"https:\/\/exceladvisor.org\/pt\/wp-json\/wp\/v2\/pages\/287","targetHints":{"allow":["GET"]}}],"collection":[{"href":"https:\/\/exceladvisor.org\/pt\/wp-json\/wp\/v2\/pages"}],"about":[{"href":"https:\/\/exceladvisor.org\/pt\/wp-json\/wp\/v2\/types\/page"}],"author":[{"embeddable":true,"href":"https:\/\/exceladvisor.org\/pt\/wp-json\/wp\/v2\/users\/1"}],"replies":[{"embeddable":true,"href":"https:\/\/exceladvisor.org\/pt\/wp-json\/wp\/v2\/comments?post=287"}],"version-history":[{"count":1,"href":"https:\/\/exceladvisor.org\/pt\/wp-json\/wp\/v2\/pages\/287\/revisions"}],"predecessor-version":[{"id":841,"href":"https:\/\/exceladvisor.org\/pt\/wp-json\/wp\/v2\/pages\/287\/revisions\/841"}],"wp:attachment":[{"href":"https:\/\/exceladvisor.org\/pt\/wp-json\/wp\/v2\/media?parent=287"}],"curies":[{"name":"wp","href":"https:\/\/api.w.org\/{rel}","templated":true}]}}