{"id":288,"date":"2023-11-06T16:32:59","date_gmt":"2023-11-06T16:32:59","guid":{"rendered":"https:\/\/exceladvisor.org\/pt\/outra-celula\/"},"modified":"2023-12-06T11:50:52","modified_gmt":"2023-12-06T11:50:52","slug":"outra-celula","status":"publish","type":"page","link":"https:\/\/exceladvisor.org\/pt\/outra-celula\/","title":{"rendered":"Formata\u00e7\u00e3o condicional usando outra c\u00e9lula"},"content":{"rendered":"<div class=\"excel-before-content-2\" id=\"excel-3622855934\"><script type=\"text\/javascript\">\r\n\tatOptions = {\r\n\t\t'key' : 'c1158f160081d6540a8409e6925dab94',\r\n\t\t'format' : 'iframe',\r\n\t\t'height' : 250,\r\n\t\t'width' : 300,\r\n\t\t'params' : {}\r\n\t};\r\n<\/script>\r\n<script type=\"text\/javascript\" src=\"\/\/www.highperformanceformat.com\/c1158f160081d6540a8409e6925dab94\/invoke.js\"><\/script><\/div><div class=\"excel-before-content\" id=\"excel-876441453\"><script type=\"text\/javascript\">\r\n\tatOptions = {\r\n\t\t'key' : 'c1158f160081d6540a8409e6925dab94',\r\n\t\t'format' : 'iframe',\r\n\t\t'height' : 250,\r\n\t\t'width' : 300,\r\n\t\t'params' : {}\r\n\t};\r\n<\/script>\r\n<script type=\"text\/javascript\" src=\"\/\/www.highperformanceformat.com\/c1158f160081d6540a8409e6925dab94\/invoke.js\"><\/script><\/div> <p>No Excel, voc\u00ea pode usar a formata\u00e7\u00e3o condicional com base em outra c\u00e9lula. Para fazer isso, voc\u00ea deve usar uma f\u00f3rmula personalizada na regra. <\/p><div class=\"wp-block-image\"><figure class=\"aligncenter size-full is-resized\"><img loading=\"lazy\" decoding=\"async\" class=\"wp-image-90480\" src=\"https:\/\/exceladvisor.org\/wp-content\/uploads\/2023\/08\/1-mise-en-forme-conditionnelle-basee-sur-une-autre-cellule.png\" sizes=\"auto, \" srcset=\"\" alt=\"formata\u00e7\u00e3o condicional baseada em outra c\u00e9lula\" width=\"594\" height=\"182\"><\/figure><\/div><p> Neste exemplo, temos dados mensais e anuais, e voc\u00ea precisa destacar todos os valores acima de um valor espec\u00edfico, que deveria estar em outra c\u00e9lula.<\/p><h2 class=\"wp-block-heading\"> Aplique formata\u00e7\u00e3o condicional usando outra c\u00e9lula.<\/h2><ol><li> Primeiro, selecione o intervalo no qual voc\u00ea possui dados. <br><img loading=\"lazy\" decoding=\"async\" title=\"2-sele\u00e7\u00e3o-intervalo de dados\" src=\"https:\/\/exceladvisor.org\/wp-content\/uploads\/2023\/08\/2-selectionnez-la-plage-de-donnees.png\" sizes=\"auto, \" srcset=\"\" alt=\"2-select-the-data-range\" width=\"543\" height=\"184\"><\/li><li> Em seguida, v\u00e1 para a guia P\u00e1gina inicial &gt; Formata\u00e7\u00e3o condicional &gt; Nova regra. <br><img loading=\"lazy\" decoding=\"async\" title=\"3 cliques na nova regra\" src=\"https:\/\/exceladvisor.org\/wp-content\/uploads\/2023\/08\/3-cliquez-sur-nouvelle-regle.png\" sizes=\"auto, \" srcset=\"\" alt=\"3-click-on-new-rule\" width=\"219\" height=\"395\"><\/li><li> Na caixa de di\u00e1logo Nova regra, clique em &#8220;Usar uma f\u00f3rmula para determinar quais c\u00e9lulas formatar&#8221; e insira a f\u00f3rmula (=B2&gt;=$O$1) na barra de entrada de f\u00f3rmulas. <br><img loading=\"lazy\" decoding=\"async\" title=\"4-insira a f\u00f3rmula\" src=\"https:\/\/exceladvisor.org\/wp-content\/uploads\/2023\/08\/4-entrez-la-formule.png\" sizes=\"auto, \" srcset=\"\" alt=\"4-enter-the-formula\" width=\"513\" height=\"371\"><\/li><li> Em seguida, clique no bot\u00e3o Formato para especificar o formato que deseja aplicar. <br><img loading=\"lazy\" decoding=\"async\" title=\"5-especifique-o-formato-a-aplicar\" src=\"https:\/\/exceladvisor.org\/wp-content\/uploads\/2023\/08\/5-preciser-le-format-a-appliquer.png\" sizes=\"auto, \" srcset=\"\" alt=\"5-specify-the-format-to-apply\" width=\"527\" height=\"198\"><\/li><li> Agora, depois de especificar o formato, clique em OK para aplicar a formata\u00e7\u00e3o condicional. E novamente, OK, feche o Gerenciador de Regras. <br><img loading=\"lazy\" decoding=\"async\" title=\"Gerenciador de regras 6-ok-to-close\" src=\"https:\/\/exceladvisor.org\/wp-content\/uploads\/2023\/08\/6-ok-pour-fermer-le-gestionnaire-de-regles.png\" sizes=\"auto, \" srcset=\"\" alt=\"6-ok-to-close-rules-manager\" width=\"528\" height=\"194\"><\/li><\/ol><p> No instant\u00e2neo abaixo voc\u00ea pode ver na c\u00e9lula O1 que temos o n\u00famero 150 para destacar todos os n\u00fameros <a href=\"https:\/\/exceladvisor.org\/pt\/maior-que-igual-a\/\">iguais ou maiores que<\/a> 150. <\/p><div class=\"wp-block-image\"><figure class=\"aligncenter size-full is-resized\"><img loading=\"lazy\" decoding=\"async\" class=\"wp-image-90486\" src=\"https:\/\/exceladvisor.org\/wp-content\/uploads\/2023\/08\/7-cellules-avec-une-valeur-superieure-aux-cellules-de-reference-donnees-en-surbrillance.png\" sizes=\"auto, \" srcset=\"\" alt=\"c\u00e9lulas-com-valor-mais-do-que-refer\u00eancia-c\u00e9lulas-dados real\u00e7ados\" width=\"646\" height=\"234\"><\/figure><\/div><p> E quando voc\u00ea altera o n\u00famero na c\u00e9lula O1, os valores de destaque nos dados s\u00e3o alterados. <\/p><div class=\"wp-block-image\"><figure class=\"aligncenter size-full is-resized\"><img loading=\"lazy\" decoding=\"async\" class=\"wp-image-90487\" src=\"https:\/\/exceladvisor.org\/wp-content\/uploads\/2023\/08\/8-cellules-en-surbrillance-changent-avec-la-modification-de-la-valeur-de-la-cellule-de-reference.png\" sizes=\"auto, \" srcset=\"\" alt=\"c\u00e9lulas destacadas mudam com mudan\u00e7a no valor da c\u00e9lula de refer\u00eancia\" width=\"666\" height=\"172\"><\/figure><\/div><div class=\"gb-container gb-container-52dfcee1 gb-container-sample-file\"><h2 class=\"gb-headline gb-headline-e289c143 gb-headline-text gb-headline-4f7959c2\"> Obtenha o arquivo Excel<\/h2> <a class=\"gb-button gb-button-e88d6bee gb-button-text gb-button-button1\" href=\"https:\/\/exceladvisor.org\/wp-content\/uploads\/2023\/11\/mise-en-forme-conditionnelle-basee-sur-une-autre-cellule.xlsx\" rel=\"nofollow\">Download<\/a><\/div><div class=\"gb-container gb-container-6076ba72 gb-container-mt\"> <a class=\"gb-button gb-button-76e6a499 gb-button-text gb-button-mt-button\" href=\"https:\/\/exceladvisor.org\/pt\/nocoes-basicas-de-excel\/\">Aprenda o b\u00e1sico do Excel<\/a><h2 class=\"gb-headline gb-headline-a9e9e206 gb-headline-text gb-headline-mt-heading\"> Saiba mais sobre <a href=\"https:\/\/exceladvisor.org\/pt\/formatacao-condicional\/\">formata\u00e7\u00e3o condicional<\/a> <\/h2><div class=\"gb-grid-wrapper gb-grid-wrapper-790317cb gb-grid-wrapper-mt-grid\"><div class=\"gb-grid-column gb-grid-column-a9845ede\"><div class=\"gb-container gb-container-a9845ede\"><ul><li> <a href=\"https:\/\/exceladvisor.org\/pt\/aplicar-formatacao-condicional\/\">Aplicar formata\u00e7\u00e3o condicional a uma tabela din\u00e2mica<\/a><\/li><li> <a href=\"https:\/\/exceladvisor.org\/pt\/retirar\/\">Remover formata\u00e7\u00e3o condicional<\/a><\/li><li> <a href=\"https:\/\/exceladvisor.org\/pt\/celulas-vazias\/\">Aplicar formata\u00e7\u00e3o condicional em c\u00e9lulas em branco no Excel<\/a><\/li><li> <a href=\"https:\/\/exceladvisor.org\/pt\/comparar-colunas\/\">Compare duas colunas usando formata\u00e7\u00e3o condicional<\/a><\/li><li> <a href=\"https:\/\/exceladvisor.org\/pt\/outra-coluna\/\">Aplicar formata\u00e7\u00e3o condicional com base em outra coluna<\/a><\/li><\/ul><\/div><\/div><\/div><\/div>","protected":false},"excerpt":{"rendered":"","protected":false},"author":1,"featured_media":0,"parent":0,"menu_order":0,"comment_status":"open","ping_status":"closed","template":"","meta":{"ub_ctt_via":"","footnotes":""},"class_list":["post-288","page","type-page","status-publish","hentry"],"featured_image_src":null,"yoast_head":"<!-- This site is optimized with the Yoast SEO plugin v25.4 - https:\/\/yoast.com\/wordpress\/plugins\/seo\/ -->\n<title>Formata\u00e7\u00e3o condicional usando outra c\u00e9lula no Excel<\/title>\n<meta name=\"description\" content=\"Este tutorial ajuda voc\u00ea a aplicar formata\u00e7\u00e3o condicional com base em outra c\u00e9lula do Excel. Vamos verificar isso\u2026\" \/>\n<meta name=\"robots\" content=\"index, follow, max-snippet:-1, max-image-preview:large, max-video-preview:-1\" \/>\n<link rel=\"canonical\" href=\"https:\/\/exceladvisor.org\/pt\/outra-celula\/\" \/>\n<meta property=\"og:locale\" content=\"pt_PT\" \/>\n<meta property=\"og:type\" content=\"article\" \/>\n<meta property=\"og:title\" content=\"Formata\u00e7\u00e3o condicional usando outra c\u00e9lula no Excel\" \/>\n<meta property=\"og:description\" content=\"Este tutorial ajuda voc\u00ea a aplicar formata\u00e7\u00e3o condicional com base em outra c\u00e9lula do Excel. Vamos verificar isso\u2026\" \/>\n<meta property=\"og:url\" content=\"https:\/\/exceladvisor.org\/pt\/outra-celula\/\" \/>\n<meta property=\"og:site_name\" content=\"Excel Advisor\" \/>\n<meta property=\"article:modified_time\" content=\"2023-12-06T11:50:52+00:00\" \/>\n<meta property=\"og:image\" content=\"https:\/\/exceladvisor.org\/wp-content\/uploads\/2023\/08\/1-mise-en-forme-conditionnelle-basee-sur-une-autre-cellule.png\" \/>\n<meta name=\"twitter:card\" content=\"summary_large_image\" \/>\n<meta name=\"twitter:label1\" content=\"Tempo estimado de leitura\" \/>\n\t<meta name=\"twitter:data1\" content=\"1 minuto\" \/>\n<script type=\"application\/ld+json\" class=\"yoast-schema-graph\">{\"@context\":\"https:\/\/schema.org\",\"@graph\":[{\"@type\":\"WebPage\",\"@id\":\"https:\/\/exceladvisor.org\/pt\/outra-celula\/\",\"url\":\"https:\/\/exceladvisor.org\/pt\/outra-celula\/\",\"name\":\"Formata\u00e7\u00e3o condicional usando outra c\u00e9lula no Excel\",\"isPartOf\":{\"@id\":\"https:\/\/exceladvisor.org\/pt\/#website\"},\"primaryImageOfPage\":{\"@id\":\"https:\/\/exceladvisor.org\/pt\/outra-celula\/#primaryimage\"},\"image\":{\"@id\":\"https:\/\/exceladvisor.org\/pt\/outra-celula\/#primaryimage\"},\"thumbnailUrl\":\"https:\/\/exceladvisor.org\/wp-content\/uploads\/2023\/08\/1-mise-en-forme-conditionnelle-basee-sur-une-autre-cellule.png\",\"datePublished\":\"2023-11-06T16:32:59+00:00\",\"dateModified\":\"2023-12-06T11:50:52+00:00\",\"description\":\"Este tutorial ajuda voc\u00ea a aplicar formata\u00e7\u00e3o condicional com base em outra c\u00e9lula do Excel. Vamos verificar isso\u2026\",\"breadcrumb\":{\"@id\":\"https:\/\/exceladvisor.org\/pt\/outra-celula\/#breadcrumb\"},\"inLanguage\":\"pt-PT\",\"potentialAction\":[{\"@type\":\"ReadAction\",\"target\":[\"https:\/\/exceladvisor.org\/pt\/outra-celula\/\"]}]},{\"@type\":\"ImageObject\",\"inLanguage\":\"pt-PT\",\"@id\":\"https:\/\/exceladvisor.org\/pt\/outra-celula\/#primaryimage\",\"url\":\"https:\/\/exceladvisor.org\/wp-content\/uploads\/2023\/08\/1-mise-en-forme-conditionnelle-basee-sur-une-autre-cellule.png\",\"contentUrl\":\"https:\/\/exceladvisor.org\/wp-content\/uploads\/2023\/08\/1-mise-en-forme-conditionnelle-basee-sur-une-autre-cellule.png\"},{\"@type\":\"BreadcrumbList\",\"@id\":\"https:\/\/exceladvisor.org\/pt\/outra-celula\/#breadcrumb\",\"itemListElement\":[{\"@type\":\"ListItem\",\"position\":1,\"name\":\"Lar\",\"item\":\"https:\/\/exceladvisor.org\/pt\/\"},{\"@type\":\"ListItem\",\"position\":2,\"name\":\"Formata\u00e7\u00e3o condicional usando outra c\u00e9lula\"}]},{\"@type\":\"WebSite\",\"@id\":\"https:\/\/exceladvisor.org\/pt\/#website\",\"url\":\"https:\/\/exceladvisor.org\/pt\/\",\"name\":\"Excel Advisor\",\"description\":\"O seu guia definitivo para dominar os dados!\",\"publisher\":{\"@id\":\"https:\/\/exceladvisor.org\/pt\/#organization\"},\"potentialAction\":[{\"@type\":\"SearchAction\",\"target\":{\"@type\":\"EntryPoint\",\"urlTemplate\":\"https:\/\/exceladvisor.org\/pt\/?s={search_term_string}\"},\"query-input\":{\"@type\":\"PropertyValueSpecification\",\"valueRequired\":true,\"valueName\":\"search_term_string\"}}],\"inLanguage\":\"pt-PT\"},{\"@type\":\"Organization\",\"@id\":\"https:\/\/exceladvisor.org\/pt\/#organization\",\"name\":\"Excel Advisor\",\"url\":\"https:\/\/exceladvisor.org\/pt\/\",\"logo\":{\"@type\":\"ImageObject\",\"inLanguage\":\"pt-PT\",\"@id\":\"https:\/\/exceladvisor.org\/pt\/#\/schema\/logo\/image\/\",\"url\":\"https:\/\/exceladvisor.org\/pt\/wp-content\/uploads\/2023\/12\/exceladvisor.org_.png\",\"contentUrl\":\"https:\/\/exceladvisor.org\/pt\/wp-content\/uploads\/2023\/12\/exceladvisor.org_.png\",\"width\":105,\"height\":36,\"caption\":\"Excel Advisor\"},\"image\":{\"@id\":\"https:\/\/exceladvisor.org\/pt\/#\/schema\/logo\/image\/\"}}]}<\/script>\n<!-- \/ Yoast SEO plugin. -->","yoast_head_json":{"title":"Formata\u00e7\u00e3o condicional usando outra c\u00e9lula no Excel","description":"Este tutorial ajuda voc\u00ea a aplicar formata\u00e7\u00e3o condicional com base em outra c\u00e9lula do Excel. Vamos verificar isso\u2026","robots":{"index":"index","follow":"follow","max-snippet":"max-snippet:-1","max-image-preview":"max-image-preview:large","max-video-preview":"max-video-preview:-1"},"canonical":"https:\/\/exceladvisor.org\/pt\/outra-celula\/","og_locale":"pt_PT","og_type":"article","og_title":"Formata\u00e7\u00e3o condicional usando outra c\u00e9lula no Excel","og_description":"Este tutorial ajuda voc\u00ea a aplicar formata\u00e7\u00e3o condicional com base em outra c\u00e9lula do Excel. Vamos verificar isso\u2026","og_url":"https:\/\/exceladvisor.org\/pt\/outra-celula\/","og_site_name":"Excel Advisor","article_modified_time":"2023-12-06T11:50:52+00:00","og_image":[{"url":"https:\/\/exceladvisor.org\/wp-content\/uploads\/2023\/08\/1-mise-en-forme-conditionnelle-basee-sur-une-autre-cellule.png","type":"","width":"","height":""}],"twitter_card":"summary_large_image","twitter_misc":{"Tempo estimado de leitura":"1 minuto"},"schema":{"@context":"https:\/\/schema.org","@graph":[{"@type":"WebPage","@id":"https:\/\/exceladvisor.org\/pt\/outra-celula\/","url":"https:\/\/exceladvisor.org\/pt\/outra-celula\/","name":"Formata\u00e7\u00e3o condicional usando outra c\u00e9lula no Excel","isPartOf":{"@id":"https:\/\/exceladvisor.org\/pt\/#website"},"primaryImageOfPage":{"@id":"https:\/\/exceladvisor.org\/pt\/outra-celula\/#primaryimage"},"image":{"@id":"https:\/\/exceladvisor.org\/pt\/outra-celula\/#primaryimage"},"thumbnailUrl":"https:\/\/exceladvisor.org\/wp-content\/uploads\/2023\/08\/1-mise-en-forme-conditionnelle-basee-sur-une-autre-cellule.png","datePublished":"2023-11-06T16:32:59+00:00","dateModified":"2023-12-06T11:50:52+00:00","description":"Este tutorial ajuda voc\u00ea a aplicar formata\u00e7\u00e3o condicional com base em outra c\u00e9lula do Excel. Vamos verificar isso\u2026","breadcrumb":{"@id":"https:\/\/exceladvisor.org\/pt\/outra-celula\/#breadcrumb"},"inLanguage":"pt-PT","potentialAction":[{"@type":"ReadAction","target":["https:\/\/exceladvisor.org\/pt\/outra-celula\/"]}]},{"@type":"ImageObject","inLanguage":"pt-PT","@id":"https:\/\/exceladvisor.org\/pt\/outra-celula\/#primaryimage","url":"https:\/\/exceladvisor.org\/wp-content\/uploads\/2023\/08\/1-mise-en-forme-conditionnelle-basee-sur-une-autre-cellule.png","contentUrl":"https:\/\/exceladvisor.org\/wp-content\/uploads\/2023\/08\/1-mise-en-forme-conditionnelle-basee-sur-une-autre-cellule.png"},{"@type":"BreadcrumbList","@id":"https:\/\/exceladvisor.org\/pt\/outra-celula\/#breadcrumb","itemListElement":[{"@type":"ListItem","position":1,"name":"Lar","item":"https:\/\/exceladvisor.org\/pt\/"},{"@type":"ListItem","position":2,"name":"Formata\u00e7\u00e3o condicional usando outra c\u00e9lula"}]},{"@type":"WebSite","@id":"https:\/\/exceladvisor.org\/pt\/#website","url":"https:\/\/exceladvisor.org\/pt\/","name":"Excel Advisor","description":"O seu guia definitivo para dominar os dados!","publisher":{"@id":"https:\/\/exceladvisor.org\/pt\/#organization"},"potentialAction":[{"@type":"SearchAction","target":{"@type":"EntryPoint","urlTemplate":"https:\/\/exceladvisor.org\/pt\/?s={search_term_string}"},"query-input":{"@type":"PropertyValueSpecification","valueRequired":true,"valueName":"search_term_string"}}],"inLanguage":"pt-PT"},{"@type":"Organization","@id":"https:\/\/exceladvisor.org\/pt\/#organization","name":"Excel Advisor","url":"https:\/\/exceladvisor.org\/pt\/","logo":{"@type":"ImageObject","inLanguage":"pt-PT","@id":"https:\/\/exceladvisor.org\/pt\/#\/schema\/logo\/image\/","url":"https:\/\/exceladvisor.org\/pt\/wp-content\/uploads\/2023\/12\/exceladvisor.org_.png","contentUrl":"https:\/\/exceladvisor.org\/pt\/wp-content\/uploads\/2023\/12\/exceladvisor.org_.png","width":105,"height":36,"caption":"Excel Advisor"},"image":{"@id":"https:\/\/exceladvisor.org\/pt\/#\/schema\/logo\/image\/"}}]}},"yoast_meta":{"yoast_wpseo_title":"","yoast_wpseo_metadesc":"","yoast_wpseo_canonical":""},"_links":{"self":[{"href":"https:\/\/exceladvisor.org\/pt\/wp-json\/wp\/v2\/pages\/288","targetHints":{"allow":["GET"]}}],"collection":[{"href":"https:\/\/exceladvisor.org\/pt\/wp-json\/wp\/v2\/pages"}],"about":[{"href":"https:\/\/exceladvisor.org\/pt\/wp-json\/wp\/v2\/types\/page"}],"author":[{"embeddable":true,"href":"https:\/\/exceladvisor.org\/pt\/wp-json\/wp\/v2\/users\/1"}],"replies":[{"embeddable":true,"href":"https:\/\/exceladvisor.org\/pt\/wp-json\/wp\/v2\/comments?post=288"}],"version-history":[{"count":1,"href":"https:\/\/exceladvisor.org\/pt\/wp-json\/wp\/v2\/pages\/288\/revisions"}],"predecessor-version":[{"id":1427,"href":"https:\/\/exceladvisor.org\/pt\/wp-json\/wp\/v2\/pages\/288\/revisions\/1427"}],"wp:attachment":[{"href":"https:\/\/exceladvisor.org\/pt\/wp-json\/wp\/v2\/media?parent=288"}],"curies":[{"name":"wp","href":"https:\/\/api.w.org\/{rel}","templated":true}]}}