{"id":290,"date":"2023-11-06T10:44:49","date_gmt":"2023-11-06T10:44:49","guid":{"rendered":"https:\/\/exceladvisor.org\/pt\/tempo-medio-2\/"},"modified":"2023-12-06T11:35:01","modified_gmt":"2023-12-06T11:35:01","slug":"tempo-medio-2","status":"publish","type":"page","link":"https:\/\/exceladvisor.org\/pt\/tempo-medio-2\/","title":{"rendered":"Como calcular a m\u00e9dia dos valores de tempo?"},"content":{"rendered":"<div class=\"excel-before-content-2\" id=\"excel-2234936693\"><script type=\"text\/javascript\">\r\n\tatOptions = {\r\n\t\t'key' : 'c1158f160081d6540a8409e6925dab94',\r\n\t\t'format' : 'iframe',\r\n\t\t'height' : 250,\r\n\t\t'width' : 300,\r\n\t\t'params' : {}\r\n\t};\r\n<\/script>\r\n<script type=\"text\/javascript\" src=\"\/\/www.highperformanceformat.com\/c1158f160081d6540a8409e6925dab94\/invoke.js\"><\/script><\/div><div class=\"excel-before-content\" id=\"excel-395996130\"><script type=\"text\/javascript\">\r\n\tatOptions = {\r\n\t\t'key' : 'c1158f160081d6540a8409e6925dab94',\r\n\t\t'format' : 'iframe',\r\n\t\t'height' : 250,\r\n\t\t'width' : 300,\r\n\t\t'params' : {}\r\n\t};\r\n<\/script>\r\n<script type=\"text\/javascript\" src=\"\/\/www.highperformanceformat.com\/c1158f160081d6540a8409e6925dab94\/invoke.js\"><\/script><\/div> <p>Neste tutorial, aprenderemos como calcular a m\u00e9dia dos valores de tempo que voc\u00ea possui em um intervalo de c\u00e9lulas.<\/p><h2 class=\"wp-block-heading\"> F\u00f3rmula de tempo m\u00e9dio<\/h2><p> No exemplo a seguir, voc\u00ea tem tr\u00eas valores de tempo na coluna A no intervalo A1:A3. Agora voc\u00ea precisa calcular a m\u00e9dia desses valores de tempo. <\/p><div class=\"wp-block-image\"><figure class=\"aligncenter size-full is-resized\"><img loading=\"lazy\" decoding=\"async\" class=\"wp-image-79293\" src=\"https:\/\/exceladvisor.org\/wp-content\/uploads\/2023\/08\/1-calculer-la-moyenne-des-valeurs-de-temps.png\" sizes=\"auto, \" srcset=\"\" alt=\"calcular a m\u00e9dia dos valores de tempo\" width=\"442\" height=\"364\"><\/figure><\/div><p> Para fazer isso, voc\u00ea deve usar a fun\u00e7\u00e3o AVERAGE.<\/p><ol type=\"1\"><li> Insira a fun\u00e7\u00e3o m\u00e9dia em uma c\u00e9lula usando o sinal de igual.<\/li><li> Em seguida, insira a fun\u00e7\u00e3o AVERAGE e inicie os par\u00eanteses.<\/li><li> Consulte o intervalo onde voc\u00ea tem tempo.<\/li><li> No final, insira os par\u00eanteses de fechamento e pressione Enter para obter o resultado. <\/li><\/ol><div class=\"wp-block-image\"><figure class=\"aligncenter size-full is-resized\"><img loading=\"lazy\" decoding=\"async\" class=\"wp-image-79294\" src=\"https:\/\/exceladvisor.org\/wp-content\/uploads\/2023\/08\/2-moyenne-pour-trouver-la-moyenne-de-la-valeur-du-temps.png\" sizes=\"auto, \" srcset=\"\" alt=\"m\u00e9dia para encontrar o valor m\u00e9dio do tempo\" width=\"560\" height=\"358\"><\/figure><\/div><pre class=\"wp-block-code\"> <code class=\"language-excel-formula\" lang=\"excel-formula\">=AVERAGE(A1:A3)<\/code><\/pre><p> Na c\u00e9lula onde deseja calcular a m\u00e9dia de tempo, voc\u00ea precisa ter certeza de que possui o formato de hora nessa c\u00e9lula. Mesmo que voc\u00ea n\u00e3o altere o formato, o Excel \u00e9 inteligente o suficiente para alterar esse formato quando voc\u00ea insere a f\u00f3rmula nele.<\/p><h2 class=\"wp-block-heading\"> Compreendendo o tempo no Excel<\/h2><p> No Excel, <strong><mark class=\"has-inline-color\" style=\"background-color: #eedc82;\">quando voc\u00ea insere uma hora em uma c\u00e9lula, o Excel fornece automaticamente um formato<\/mark><\/strong> . Existem duas maneiras de formatar um valor de tempo, uma no formato de 12 horas e outra no formato de 24 horas. Quando voc\u00ea est\u00e1 calculando a m\u00e9dia do tempo e tem um formato de 12 horas, \u00e9 preciso ter um pouco de cuidado. <\/p><div class=\"wp-block-image\"><figure class=\"aligncenter size-full is-resized\"><img loading=\"lazy\" decoding=\"async\" class=\"wp-image-79295\" src=\"https:\/\/exceladvisor.org\/wp-content\/uploads\/2023\/08\/3-comprendre-le-temps-dans-excel.png\" sizes=\"auto, \" srcset=\"\" alt=\"entenda o tempo no Excel\" width=\"325\" height=\"154\"><\/figure><\/div><p> Acima temos dois hor\u00e1rios diferentes, um \u00e9 6h30 e o segundo \u00e9 18h30. \u00c9 por isso que a m\u00e9dia \u00e9 diferente com as duas f\u00f3rmulas.<\/p><h2 class=\"wp-block-heading\"> Por que estou recebendo #DIV\/0! Erro ao calcular a m\u00e9dia do tempo<\/h2><p> Se seus valores de tempo estiverem armazenados como texto na c\u00e9lula, voc\u00ea poder\u00e1 encontrar <a href=\"https:\/\/exceladvisor.org\/pt\/erro-de-divisao\/\">#DIV\/0! erro<\/a> . Abaixo temos uma lista de valores de tempo que s\u00e3o salvos como texto e ao calcular a m\u00e9dia obtemos um erro. <\/p><div class=\"wp-block-image\"><figure class=\"aligncenter size-full is-resized\"><img loading=\"lazy\" decoding=\"async\" class=\"wp-image-79297\" src=\"https:\/\/exceladvisor.org\/wp-content\/uploads\/2023\/08\/Erreur-de-4-div-lors-de-la-moyenne-du-temps.png\" sizes=\"auto, \" srcset=\"\" alt=\"#div-erro-enquanto-tempo m\u00e9dio\" width=\"346\" height=\"185\"><\/figure><\/div><p> Para resolver este problema, voc\u00ea pode usar a seguinte f\u00f3rmula. <\/p><div class=\"wp-block-image\"><figure class=\"aligncenter size-full is-resized\"><img loading=\"lazy\" decoding=\"async\" class=\"wp-image-79298\" src=\"https:\/\/exceladvisor.org\/wp-content\/uploads\/2023\/08\/5-formule-pour-ignorer-lerreur-div.png\" sizes=\"auto, \" srcset=\"\" alt=\"f\u00f3rmula para ignorar-#div-error\" width=\"575\" height=\"368\"><\/figure><\/div><p> Voc\u00ea precisa inserir esta f\u00f3rmula como uma f\u00f3rmula de matriz usando <strong><mark class=\"has-inline-color\" style=\"background-color: #eedc82;\">Ctrl + Shift + Enter<\/mark><\/strong> . <\/p><div class=\"gb-container gb-container-52dfcee1 gb-container-sample-file\"><h2 class=\"gb-headline gb-headline-e289c143 gb-headline-text gb-headline-4f7959c2\"> Obtenha o arquivo Excel<\/h2><p> <a class=\"gb-button gb-button-e88d6bee gb-button-text gb-button-button1\" href=\"https:\/\/exceladvisor.org\/wp-content\/uploads\/2023\/11\/temps-moyen.xlsx\" rel=\"nofollow\">Download<\/a><\/p><\/div><div class=\"gb-container gb-container-0df56012 gb-container-mt\"> <a class=\"gb-button gb-button-f9f432f4 gb-button-text gb-button-mt-button\" href=\"https:\/\/exceladvisor.org\/pt\/formulas\/\">Lista de f\u00f3rmulas do Excel<\/a><h2 class=\"gb-headline gb-headline-233444e8 gb-headline-text gb-headline-mt-heading\"> F\u00f3rmulas relacionadas <\/h2><div class=\"gb-grid-wrapper gb-grid-wrapper-a16fa65c gb-grid-wrapper-mt-grid\"><div class=\"gb-grid-column gb-grid-column-50d07e0d\"><div class=\"gb-container gb-container-50d07e0d\"><ul><li> <a href=\"https:\/\/exceladvisor.org\/pt\/valores-maximos-medios\/\">M\u00e9dia dos 5 valores mais altos do Excel<\/a><\/li><li> <a href=\"https:\/\/exceladvisor.org\/pt\/media-ponderada\/\">Calcular m\u00e9dia ponderada no Excel<\/a><\/li><li> <a href=\"https:\/\/exceladvisor.org\/pt\/media-de-erros-ignorados-2\/\">Erros m\u00e9dios, mas ignorados (#N\/A e outros erros)<\/a><\/li><li> <a href=\"https:\/\/exceladvisor.org\/pt\/a-media-exclui-zeros-2\/\">N\u00famero m\u00e9dio, mas exclui zeros<\/a><\/li><\/ul><\/div><\/div><\/div><\/div>","protected":false},"excerpt":{"rendered":"","protected":false},"author":1,"featured_media":0,"parent":0,"menu_order":0,"comment_status":"open","ping_status":"closed","template":"","meta":{"ub_ctt_via":"","footnotes":""},"class_list":["post-290","page","type-page","status-publish","hentry"],"featured_image_src":null,"yoast_head":"<!-- This site is optimized with the Yoast SEO plugin v25.4 - https:\/\/yoast.com\/wordpress\/plugins\/seo\/ -->\n<title>Como calcular a m\u00e9dia dos valores de tempo?<\/title>\n<meta name=\"description\" content=\"Este tutorial ensinar\u00e1 como escrever uma f\u00f3rmula do Excel para um valor de tempo m\u00e9dio a partir de um intervalo de c\u00e9lulas. Vamos verificar isso\u2026\" \/>\n<meta name=\"robots\" content=\"index, follow, max-snippet:-1, max-image-preview:large, max-video-preview:-1\" \/>\n<link rel=\"canonical\" href=\"https:\/\/exceladvisor.org\/pt\/tempo-medio-2\/\" \/>\n<meta property=\"og:locale\" content=\"pt_PT\" \/>\n<meta property=\"og:type\" content=\"article\" \/>\n<meta property=\"og:title\" content=\"Como calcular a m\u00e9dia dos valores de tempo?\" \/>\n<meta property=\"og:description\" content=\"Este tutorial ensinar\u00e1 como escrever uma f\u00f3rmula do Excel para um valor de tempo m\u00e9dio a partir de um intervalo de c\u00e9lulas. Vamos verificar isso\u2026\" \/>\n<meta property=\"og:url\" content=\"https:\/\/exceladvisor.org\/pt\/tempo-medio-2\/\" \/>\n<meta property=\"og:site_name\" content=\"Excel Advisor\" \/>\n<meta property=\"article:modified_time\" content=\"2023-12-06T11:35:01+00:00\" \/>\n<meta property=\"og:image\" content=\"https:\/\/exceladvisor.org\/wp-content\/uploads\/2023\/08\/1-calculer-la-moyenne-des-valeurs-de-temps.png\" \/>\n<meta name=\"twitter:card\" content=\"summary_large_image\" \/>\n<meta name=\"twitter:label1\" content=\"Tempo estimado de leitura\" \/>\n\t<meta name=\"twitter:data1\" content=\"2 minutos\" \/>\n<script type=\"application\/ld+json\" class=\"yoast-schema-graph\">{\"@context\":\"https:\/\/schema.org\",\"@graph\":[{\"@type\":\"WebPage\",\"@id\":\"https:\/\/exceladvisor.org\/pt\/tempo-medio-2\/\",\"url\":\"https:\/\/exceladvisor.org\/pt\/tempo-medio-2\/\",\"name\":\"Como calcular a m\u00e9dia dos valores de tempo?\",\"isPartOf\":{\"@id\":\"https:\/\/exceladvisor.org\/pt\/#website\"},\"primaryImageOfPage\":{\"@id\":\"https:\/\/exceladvisor.org\/pt\/tempo-medio-2\/#primaryimage\"},\"image\":{\"@id\":\"https:\/\/exceladvisor.org\/pt\/tempo-medio-2\/#primaryimage\"},\"thumbnailUrl\":\"https:\/\/exceladvisor.org\/wp-content\/uploads\/2023\/08\/1-calculer-la-moyenne-des-valeurs-de-temps.png\",\"datePublished\":\"2023-11-06T10:44:49+00:00\",\"dateModified\":\"2023-12-06T11:35:01+00:00\",\"description\":\"Este tutorial ensinar\u00e1 como escrever uma f\u00f3rmula do Excel para um valor de tempo m\u00e9dio a partir de um intervalo de c\u00e9lulas. Vamos verificar isso\u2026\",\"breadcrumb\":{\"@id\":\"https:\/\/exceladvisor.org\/pt\/tempo-medio-2\/#breadcrumb\"},\"inLanguage\":\"pt-PT\",\"potentialAction\":[{\"@type\":\"ReadAction\",\"target\":[\"https:\/\/exceladvisor.org\/pt\/tempo-medio-2\/\"]}]},{\"@type\":\"ImageObject\",\"inLanguage\":\"pt-PT\",\"@id\":\"https:\/\/exceladvisor.org\/pt\/tempo-medio-2\/#primaryimage\",\"url\":\"https:\/\/exceladvisor.org\/wp-content\/uploads\/2023\/08\/1-calculer-la-moyenne-des-valeurs-de-temps.png\",\"contentUrl\":\"https:\/\/exceladvisor.org\/wp-content\/uploads\/2023\/08\/1-calculer-la-moyenne-des-valeurs-de-temps.png\"},{\"@type\":\"BreadcrumbList\",\"@id\":\"https:\/\/exceladvisor.org\/pt\/tempo-medio-2\/#breadcrumb\",\"itemListElement\":[{\"@type\":\"ListItem\",\"position\":1,\"name\":\"Lar\",\"item\":\"https:\/\/exceladvisor.org\/pt\/\"},{\"@type\":\"ListItem\",\"position\":2,\"name\":\"Como calcular a m\u00e9dia dos valores de tempo?\"}]},{\"@type\":\"WebSite\",\"@id\":\"https:\/\/exceladvisor.org\/pt\/#website\",\"url\":\"https:\/\/exceladvisor.org\/pt\/\",\"name\":\"Excel Advisor\",\"description\":\"O seu guia definitivo para dominar os dados!\",\"publisher\":{\"@id\":\"https:\/\/exceladvisor.org\/pt\/#organization\"},\"potentialAction\":[{\"@type\":\"SearchAction\",\"target\":{\"@type\":\"EntryPoint\",\"urlTemplate\":\"https:\/\/exceladvisor.org\/pt\/?s={search_term_string}\"},\"query-input\":{\"@type\":\"PropertyValueSpecification\",\"valueRequired\":true,\"valueName\":\"search_term_string\"}}],\"inLanguage\":\"pt-PT\"},{\"@type\":\"Organization\",\"@id\":\"https:\/\/exceladvisor.org\/pt\/#organization\",\"name\":\"Excel Advisor\",\"url\":\"https:\/\/exceladvisor.org\/pt\/\",\"logo\":{\"@type\":\"ImageObject\",\"inLanguage\":\"pt-PT\",\"@id\":\"https:\/\/exceladvisor.org\/pt\/#\/schema\/logo\/image\/\",\"url\":\"https:\/\/exceladvisor.org\/pt\/wp-content\/uploads\/2023\/12\/exceladvisor.org_.png\",\"contentUrl\":\"https:\/\/exceladvisor.org\/pt\/wp-content\/uploads\/2023\/12\/exceladvisor.org_.png\",\"width\":105,\"height\":36,\"caption\":\"Excel Advisor\"},\"image\":{\"@id\":\"https:\/\/exceladvisor.org\/pt\/#\/schema\/logo\/image\/\"}}]}<\/script>\n<!-- \/ Yoast SEO plugin. -->","yoast_head_json":{"title":"Como calcular a m\u00e9dia dos valores de tempo?","description":"Este tutorial ensinar\u00e1 como escrever uma f\u00f3rmula do Excel para um valor de tempo m\u00e9dio a partir de um intervalo de c\u00e9lulas. Vamos verificar isso\u2026","robots":{"index":"index","follow":"follow","max-snippet":"max-snippet:-1","max-image-preview":"max-image-preview:large","max-video-preview":"max-video-preview:-1"},"canonical":"https:\/\/exceladvisor.org\/pt\/tempo-medio-2\/","og_locale":"pt_PT","og_type":"article","og_title":"Como calcular a m\u00e9dia dos valores de tempo?","og_description":"Este tutorial ensinar\u00e1 como escrever uma f\u00f3rmula do Excel para um valor de tempo m\u00e9dio a partir de um intervalo de c\u00e9lulas. Vamos verificar isso\u2026","og_url":"https:\/\/exceladvisor.org\/pt\/tempo-medio-2\/","og_site_name":"Excel Advisor","article_modified_time":"2023-12-06T11:35:01+00:00","og_image":[{"url":"https:\/\/exceladvisor.org\/wp-content\/uploads\/2023\/08\/1-calculer-la-moyenne-des-valeurs-de-temps.png","type":"","width":"","height":""}],"twitter_card":"summary_large_image","twitter_misc":{"Tempo estimado de leitura":"2 minutos"},"schema":{"@context":"https:\/\/schema.org","@graph":[{"@type":"WebPage","@id":"https:\/\/exceladvisor.org\/pt\/tempo-medio-2\/","url":"https:\/\/exceladvisor.org\/pt\/tempo-medio-2\/","name":"Como calcular a m\u00e9dia dos valores de tempo?","isPartOf":{"@id":"https:\/\/exceladvisor.org\/pt\/#website"},"primaryImageOfPage":{"@id":"https:\/\/exceladvisor.org\/pt\/tempo-medio-2\/#primaryimage"},"image":{"@id":"https:\/\/exceladvisor.org\/pt\/tempo-medio-2\/#primaryimage"},"thumbnailUrl":"https:\/\/exceladvisor.org\/wp-content\/uploads\/2023\/08\/1-calculer-la-moyenne-des-valeurs-de-temps.png","datePublished":"2023-11-06T10:44:49+00:00","dateModified":"2023-12-06T11:35:01+00:00","description":"Este tutorial ensinar\u00e1 como escrever uma f\u00f3rmula do Excel para um valor de tempo m\u00e9dio a partir de um intervalo de c\u00e9lulas. Vamos verificar isso\u2026","breadcrumb":{"@id":"https:\/\/exceladvisor.org\/pt\/tempo-medio-2\/#breadcrumb"},"inLanguage":"pt-PT","potentialAction":[{"@type":"ReadAction","target":["https:\/\/exceladvisor.org\/pt\/tempo-medio-2\/"]}]},{"@type":"ImageObject","inLanguage":"pt-PT","@id":"https:\/\/exceladvisor.org\/pt\/tempo-medio-2\/#primaryimage","url":"https:\/\/exceladvisor.org\/wp-content\/uploads\/2023\/08\/1-calculer-la-moyenne-des-valeurs-de-temps.png","contentUrl":"https:\/\/exceladvisor.org\/wp-content\/uploads\/2023\/08\/1-calculer-la-moyenne-des-valeurs-de-temps.png"},{"@type":"BreadcrumbList","@id":"https:\/\/exceladvisor.org\/pt\/tempo-medio-2\/#breadcrumb","itemListElement":[{"@type":"ListItem","position":1,"name":"Lar","item":"https:\/\/exceladvisor.org\/pt\/"},{"@type":"ListItem","position":2,"name":"Como calcular a m\u00e9dia dos valores de tempo?"}]},{"@type":"WebSite","@id":"https:\/\/exceladvisor.org\/pt\/#website","url":"https:\/\/exceladvisor.org\/pt\/","name":"Excel Advisor","description":"O seu guia definitivo para dominar os dados!","publisher":{"@id":"https:\/\/exceladvisor.org\/pt\/#organization"},"potentialAction":[{"@type":"SearchAction","target":{"@type":"EntryPoint","urlTemplate":"https:\/\/exceladvisor.org\/pt\/?s={search_term_string}"},"query-input":{"@type":"PropertyValueSpecification","valueRequired":true,"valueName":"search_term_string"}}],"inLanguage":"pt-PT"},{"@type":"Organization","@id":"https:\/\/exceladvisor.org\/pt\/#organization","name":"Excel Advisor","url":"https:\/\/exceladvisor.org\/pt\/","logo":{"@type":"ImageObject","inLanguage":"pt-PT","@id":"https:\/\/exceladvisor.org\/pt\/#\/schema\/logo\/image\/","url":"https:\/\/exceladvisor.org\/pt\/wp-content\/uploads\/2023\/12\/exceladvisor.org_.png","contentUrl":"https:\/\/exceladvisor.org\/pt\/wp-content\/uploads\/2023\/12\/exceladvisor.org_.png","width":105,"height":36,"caption":"Excel Advisor"},"image":{"@id":"https:\/\/exceladvisor.org\/pt\/#\/schema\/logo\/image\/"}}]}},"yoast_meta":{"yoast_wpseo_title":"","yoast_wpseo_metadesc":"","yoast_wpseo_canonical":""},"_links":{"self":[{"href":"https:\/\/exceladvisor.org\/pt\/wp-json\/wp\/v2\/pages\/290","targetHints":{"allow":["GET"]}}],"collection":[{"href":"https:\/\/exceladvisor.org\/pt\/wp-json\/wp\/v2\/pages"}],"about":[{"href":"https:\/\/exceladvisor.org\/pt\/wp-json\/wp\/v2\/types\/page"}],"author":[{"embeddable":true,"href":"https:\/\/exceladvisor.org\/pt\/wp-json\/wp\/v2\/users\/1"}],"replies":[{"embeddable":true,"href":"https:\/\/exceladvisor.org\/pt\/wp-json\/wp\/v2\/comments?post=290"}],"version-history":[{"count":1,"href":"https:\/\/exceladvisor.org\/pt\/wp-json\/wp\/v2\/pages\/290\/revisions"}],"predecessor-version":[{"id":872,"href":"https:\/\/exceladvisor.org\/pt\/wp-json\/wp\/v2\/pages\/290\/revisions\/872"}],"wp:attachment":[{"href":"https:\/\/exceladvisor.org\/pt\/wp-json\/wp\/v2\/media?parent=290"}],"curies":[{"name":"wp","href":"https:\/\/api.w.org\/{rel}","templated":true}]}}