{"id":291,"date":"2023-11-06T01:04:21","date_gmt":"2023-11-06T01:04:21","guid":{"rendered":"https:\/\/exceladvisor.org\/pt\/texto-depois-antes\/"},"modified":"2023-12-06T11:50:47","modified_gmt":"2023-12-06T11:50:47","slug":"texto-depois-antes","status":"publish","type":"page","link":"https:\/\/exceladvisor.org\/pt\/texto-depois-antes\/","title":{"rendered":"Extraia texto antes e depois de um caractere no excel"},"content":{"rendered":"<div class=\"excel-before-content-2\" id=\"excel-3192827401\"><script type=\"text\/javascript\">\r\n\tatOptions = {\r\n\t\t'key' : 'c1158f160081d6540a8409e6925dab94',\r\n\t\t'format' : 'iframe',\r\n\t\t'height' : 250,\r\n\t\t'width' : 300,\r\n\t\t'params' : {}\r\n\t};\r\n<\/script>\r\n<script type=\"text\/javascript\" src=\"\/\/www.highperformanceformat.com\/c1158f160081d6540a8409e6925dab94\/invoke.js\"><\/script><\/div><div class=\"excel-before-content\" id=\"excel-3929499117\"><script type=\"text\/javascript\">\r\n\tatOptions = {\r\n\t\t'key' : 'c1158f160081d6540a8409e6925dab94',\r\n\t\t'format' : 'iframe',\r\n\t\t'height' : 250,\r\n\t\t'width' : 300,\r\n\t\t'params' : {}\r\n\t};\r\n<\/script>\r\n<script type=\"text\/javascript\" src=\"\/\/www.highperformanceformat.com\/c1158f160081d6540a8409e6925dab94\/invoke.js\"><\/script><\/div> <p>No Excel, voc\u00ea pode escrever f\u00f3rmulas para extrair texto antes ou depois de um caractere espec\u00edfico. E neste tutorial aprenderemos como escrever essas f\u00f3rmulas.<\/p><h2 class=\"wp-block-heading\"> Extraia o texto ap\u00f3s um caractere<\/h2><p> Precisamos usar TRIM, RIGHT, SUBSTITUTE, REPT e LEN nesta f\u00f3rmula. E no exemplo abaixo, temos valores de duas palavras nos valores e o caractere entre eles. <\/p><div class=\"wp-block-image\"><figure class=\"aligncenter size-full is-resized\"><img loading=\"lazy\" decoding=\"async\" class=\"wp-image-85943\" src=\"https:\/\/exceladvisor.org\/wp-content\/uploads\/2023\/08\/1-extraire-le-texte-apres-et-avant-le-caractere.png\" sizes=\"auto, \" srcset=\"\" alt=\"snippet-texto-depois-e-antes-do-caractere\" width=\"674\" height=\"278\"><\/figure><\/div><pre class=\"wp-block-code\"> <code class=\"language-excel-formula\" lang=\"excel-formula\">=TRIM(RIGHT(SUBSTITUTE(A1,B1,REPT(\" \",LEN(A1))),LEN(A1))) =TRIM(RIGHT(SUBSTITUTE(original_text,character,REPT(\" \",LEN(original_text))),LEN(original_text)))<\/code><\/pre><p> Para entender esta f\u00f3rmula, voc\u00ea precisa dividi-la em v\u00e1rias partes:<\/p><p class=\"in-code\"> Na primeira parte, temos <code>SUBSTITUTE(A1,B1,REPT(\" \",LEN(A1)))<\/code> . Isso faz parte da f\u00f3rmula que substitui o caractere (,) pelo n\u00famero de espa\u00e7os equivalente ao comprimento do caractere. <\/p><div class=\"wp-block-image\"><figure class=\"aligncenter size-full is-resized\"><img loading=\"lazy\" decoding=\"async\" class=\"wp-image-85944\" src=\"https:\/\/exceladvisor.org\/wp-content\/uploads\/2023\/08\/2-formules-pour-extraire-du-texte.png\" sizes=\"auto, \" srcset=\"\" alt=\"f\u00f3rmula para extrair texto\" width=\"704\" height=\"327\"><\/figure><\/div><p> Voc\u00ea pode ver que h\u00e1 um espa\u00e7o entre \u201cConselheiro Excel\u201d em vez da v\u00edrgula.<\/p><p class=\"in-code\"> Na segunda parte, <code>=TRIM(RIGHT(\"Excel Advisor\",LEN(A1)))<\/code> que extrai o texto do lado direito do texto e depois o corta para remover o espa\u00e7o extra.<\/p><h3 class=\"wp-block-heading\"> Inst\u00e2ncias de personagens diferentes?<\/h3><p> Ao trabalhar com dados, voc\u00ea pode ter v\u00e1rias inst\u00e2ncias do personagem, e a f\u00f3rmula acima pode n\u00e3o ajud\u00e1-lo a lidar com isso. Neste caso, voc\u00ea deve usar a f\u00f3rmula abaixo. <\/p><div class=\"wp-block-image\"><figure class=\"aligncenter size-full is-resized\"><img loading=\"lazy\" decoding=\"async\" class=\"wp-image-85945\" src=\"https:\/\/exceladvisor.org\/wp-content\/uploads\/2023\/08\/3-extraire-le-texte-lorsquil-y-a-plusieurs-instances-de-caracteres.png\" sizes=\"auto, \" srcset=\"\" alt=\"extrair texto quando tiver inst\u00e2ncias de v\u00e1rios caracteres\" width=\"796\" height=\"129\"><\/figure><\/div><pre class=\"wp-block-code\"> <code class=\"language-excel-formula\" lang=\"excel-formula\">=IF(LEN(A1)-LEN(SUBSTITUTE(A1,B1,\"\"))&lt;=1,\"\",MID(SUBSTITUTE(A1,B1,\"^^\",C1),FIND(\"^^\",SUBSTITUTE(A1,B1,\"^^\",C1))+2,LEN(A1)))<\/code><\/pre><p> Com esta f\u00f3rmula, voc\u00ea precisa especificar o caractere para extrair o texto e, em seguida, a inst\u00e2ncia do caractere come\u00e7a. <\/p><div class=\"wp-block-image\"><figure class=\"aligncenter size-full is-resized\"><img loading=\"lazy\" decoding=\"async\" class=\"wp-image-85946\" src=\"https:\/\/exceladvisor.org\/wp-content\/uploads\/2023\/08\/4-specifiez-le-caractere-pour-extraire-le-texte.png\" sizes=\"auto, \" srcset=\"\" alt=\"especificar caractere para extrair texto\" width=\"678\" height=\"195\"><\/figure><\/div><p> A f\u00f3rmula acima \u00e9 complexa, mas funciona perfeitamente. O c\u00f3digo para esta f\u00f3rmula \u00e9 a fun\u00e7\u00e3o SUBSTITUTE que ajuda a obter o segundo ou en\u00e9simo instante do caractere e ent\u00e3o voc\u00ea pode substituir esse instante por um \u201c^^\u201d que ajuda ainda mais na extra\u00e7\u00e3o do texto.<\/p><p> Mas voc\u00ea tamb\u00e9m pode usar a nova fun\u00e7\u00e3o TEXTAFTER (OFFICE 365), que tem todas as op\u00e7\u00f5es para obter texto ap\u00f3s um caractere sem entrar em uma f\u00f3rmula complexa como acima. <\/p><div class=\"wp-block-image\"><figure class=\"aligncenter size-full is-resized\"><img loading=\"lazy\" decoding=\"async\" class=\"wp-image-85947\" src=\"https:\/\/exceladvisor.org\/wp-content\/uploads\/2023\/08\/5-fonction-textafter.png\" sizes=\"auto, \" srcset=\"\" alt=\"fun\u00e7\u00e3o textafter\" width=\"638\" height=\"192\"><\/figure><\/div><p> Voc\u00ea deve especificar o caractere e a inst\u00e2ncia na fun\u00e7\u00e3o. <\/p><div class=\"wp-block-image\"><figure class=\"aligncenter size-full is-resized\"><img loading=\"lazy\" decoding=\"async\" class=\"wp-image-85948\" src=\"https:\/\/exceladvisor.org\/wp-content\/uploads\/2023\/08\/6-specifier-le-caractere-et-linstance.png\" sizes=\"auto, \" srcset=\"\" alt=\"especificar caractere e inst\u00e2ncia\" width=\"583\" height=\"170\"><\/figure><\/div><h2 class=\"wp-block-heading\"> Extraia texto antes de um caractere<\/h2><p> Voc\u00ea pode usar a f\u00f3rmula abaixo para colocar o texto antes de um caractere. <\/p><div class=\"wp-block-image\"><figure class=\"aligncenter size-full is-resized\"><img loading=\"lazy\" decoding=\"async\" class=\"wp-image-85949\" src=\"https:\/\/exceladvisor.org\/wp-content\/uploads\/2023\/08\/7-extraire-le-texte-avant-le-caractere.png\" sizes=\"auto, \" srcset=\"\" alt=\"extra\u00e7\u00e3o de texto antes do caractere\" width=\"678\" height=\"231\"><\/figure><\/div><p> Esta \u00e9 a f\u00f3rmula exata que usamos para obter o texto ap\u00f3s um caractere. Em vez de usar DIREITA, voc\u00ea deve usar ESQUERDA. Para obter o texto esquerdo (frente).<\/p><pre class=\"wp-block-code\"> <code class=\"language-Visual Basic\" lang=\"Visual Basic\">=TRIM(LEFT(SUBSTITUTE(A2,B2,REPT(\" \",LEN(A2))),LEN(A2)))<\/code><\/pre><p> E esta f\u00f3rmula funciona exatamente como esta f\u00f3rmula. Consulte-o para torn\u00e1-lo compreens\u00edvel.<\/p><h3 class=\"wp-block-heading\"> Diferentes inst\u00e2ncias de personagens<\/h3><p> Existem duas maneiras de obter o texto antes (ou depois) de um caractere.<\/p><pre class=\"wp-block-code\"> <code class=\"language-excel-formula\" lang=\"excel-formula\">=IF(LEN(A2)-LEN(SUBSTITUTE(A2,B2,\"\"))&lt;=1,\"\",LEFT(SUBSTITUTE(A2,B2,\"^^\",C2),FIND(\"^^\",SUBSTITUTE(A2,B2,\"^^\",C2))-1))<\/code><\/pre><p> Pode ser utilizado em qualquer vers\u00e3o do Excel; voc\u00ea pode especificar os caracteres e a inst\u00e2ncia para obter o texto. <\/p><div class=\"wp-block-image\"><figure class=\"aligncenter size-full is-resized\"><img loading=\"lazy\" decoding=\"async\" class=\"wp-image-85950\" src=\"https:\/\/exceladvisor.org\/wp-content\/uploads\/2023\/08\/8-formule-pour-extraire-le-texte-avant-le-caractere.png\" sizes=\"auto, \" srcset=\"\" alt=\"f\u00f3rmula para extrair texto antes do caractere\" width=\"784\" height=\"198\"><\/figure><\/div><p> Mas se voc\u00ea estiver usando Excel (Office 365), n\u00e3o precisar\u00e1 usar esta f\u00f3rmula complexa. Em vez disso, voc\u00ea pode usar a fun\u00e7\u00e3o TEXTBEFORE. <\/p><div class=\"wp-block-image\"><figure class=\"aligncenter size-full is-resized\"><img loading=\"lazy\" decoding=\"async\" class=\"wp-image-85951\" src=\"https:\/\/exceladvisor.org\/wp-content\/uploads\/2023\/08\/9-texte-avant-la-fonction.png\" sizes=\"auto, \" srcset=\"\" alt=\"fun\u00e7\u00e3o textbefore\" width=\"615\" height=\"252\"><\/figure><\/div><div class=\"gb-container gb-container-52dfcee1 gb-container-sample-file\"><h2 class=\"gb-headline gb-headline-e289c143 gb-headline-text gb-headline-4f7959c2\"> Obtenha o arquivo Excel<\/h2> <a class=\"gb-button gb-button-e88d6bee gb-button-text gb-button-button1\" href=\"https:\/\/exceladvisor.org\/wp-content\/uploads\/2023\/11\/extrait-avant-apres.xlsx\" rel=\"nofollow\">Download<\/a><\/div><div class=\"gb-container gb-container-0df56012 gb-container-mt\"> <a class=\"gb-button gb-button-f9f432f4 gb-button-text gb-button-mt-button\" href=\"https:\/\/exceladvisor.org\/pt\/formulas\/\">Lista de f\u00f3rmulas do Excel<\/a><h2 class=\"gb-headline gb-headline-233444e8 gb-headline-text gb-headline-mt-heading\"> F\u00f3rmulas relacionadas <\/h2><div class=\"gb-grid-wrapper gb-grid-wrapper-a16fa65c gb-grid-wrapper-mt-grid\"><div class=\"gb-grid-column gb-grid-column-50d07e0d\"><div class=\"gb-container gb-container-50d07e0d\"><ul><li> <a href=\"https:\/\/exceladvisor.org\/pt\/filtro-horizontal\/\">Crie um filtro horizontal no Excel<\/a><\/li><li> <a href=\"https:\/\/exceladvisor.org\/pt\/classificacao-por-estrelas\/\">Crie um modelo de classifica\u00e7\u00e3o por estrelas no Excel<\/a><\/li><li> <a href=\"https:\/\/exceladvisor.org\/pt\/obter-o-nome-do-arquivo\/\">Obtenha o nome do arquivo no Excel<\/a><\/li><li> <a href=\"https:\/\/exceladvisor.org\/pt\/obter-o-nome-da-planilha\/\">Obtenha o nome da planilha no Excel<\/a><\/li><li> <a href=\"https:\/\/exceladvisor.org\/pt\/gerar-letras-aleatorias\/\">Gere letras aleat\u00f3rias rapidamente no Excel<\/a><\/li><\/ul><\/div><\/div><\/div><\/div>","protected":false},"excerpt":{"rendered":"","protected":false},"author":1,"featured_media":0,"parent":0,"menu_order":0,"comment_status":"open","ping_status":"closed","template":"","meta":{"ub_ctt_via":"","footnotes":""},"class_list":["post-291","page","type-page","status-publish","hentry"],"featured_image_src":null,"yoast_head":"<!-- This site is optimized with the Yoast SEO plugin v25.4 - https:\/\/yoast.com\/wordpress\/plugins\/seo\/ -->\n<title>Extraia texto antes e depois de um caractere no Excel<\/title>\n<meta name=\"description\" content=\"Neste tutorial, aprenda como escrever uma f\u00f3rmula para extrair texto antes ou depois de um caractere espec\u00edfico. Vamos verificar isso...\" \/>\n<meta name=\"robots\" content=\"index, follow, max-snippet:-1, max-image-preview:large, max-video-preview:-1\" \/>\n<link rel=\"canonical\" href=\"https:\/\/exceladvisor.org\/pt\/texto-depois-antes\/\" \/>\n<meta property=\"og:locale\" content=\"pt_PT\" \/>\n<meta property=\"og:type\" content=\"article\" \/>\n<meta property=\"og:title\" content=\"Extraia texto antes e depois de um caractere no Excel\" \/>\n<meta property=\"og:description\" content=\"Neste tutorial, aprenda como escrever uma f\u00f3rmula para extrair texto antes ou depois de um caractere espec\u00edfico. Vamos verificar isso...\" \/>\n<meta property=\"og:url\" content=\"https:\/\/exceladvisor.org\/pt\/texto-depois-antes\/\" \/>\n<meta property=\"og:site_name\" content=\"Excel Advisor\" \/>\n<meta property=\"article:modified_time\" content=\"2023-12-06T11:50:47+00:00\" \/>\n<meta property=\"og:image\" content=\"https:\/\/exceladvisor.org\/wp-content\/uploads\/2023\/08\/1-extraire-le-texte-apres-et-avant-le-caractere.png\" \/>\n<meta name=\"twitter:card\" content=\"summary_large_image\" \/>\n<meta name=\"twitter:label1\" content=\"Tempo estimado de leitura\" \/>\n\t<meta name=\"twitter:data1\" content=\"3 minutos\" \/>\n<script type=\"application\/ld+json\" class=\"yoast-schema-graph\">{\"@context\":\"https:\/\/schema.org\",\"@graph\":[{\"@type\":\"WebPage\",\"@id\":\"https:\/\/exceladvisor.org\/pt\/texto-depois-antes\/\",\"url\":\"https:\/\/exceladvisor.org\/pt\/texto-depois-antes\/\",\"name\":\"Extraia texto antes e depois de um caractere no Excel\",\"isPartOf\":{\"@id\":\"https:\/\/exceladvisor.org\/pt\/#website\"},\"primaryImageOfPage\":{\"@id\":\"https:\/\/exceladvisor.org\/pt\/texto-depois-antes\/#primaryimage\"},\"image\":{\"@id\":\"https:\/\/exceladvisor.org\/pt\/texto-depois-antes\/#primaryimage\"},\"thumbnailUrl\":\"https:\/\/exceladvisor.org\/wp-content\/uploads\/2023\/08\/1-extraire-le-texte-apres-et-avant-le-caractere.png\",\"datePublished\":\"2023-11-06T01:04:21+00:00\",\"dateModified\":\"2023-12-06T11:50:47+00:00\",\"description\":\"Neste tutorial, aprenda como escrever uma f\u00f3rmula para extrair texto antes ou depois de um caractere espec\u00edfico. Vamos verificar isso...\",\"breadcrumb\":{\"@id\":\"https:\/\/exceladvisor.org\/pt\/texto-depois-antes\/#breadcrumb\"},\"inLanguage\":\"pt-PT\",\"potentialAction\":[{\"@type\":\"ReadAction\",\"target\":[\"https:\/\/exceladvisor.org\/pt\/texto-depois-antes\/\"]}]},{\"@type\":\"ImageObject\",\"inLanguage\":\"pt-PT\",\"@id\":\"https:\/\/exceladvisor.org\/pt\/texto-depois-antes\/#primaryimage\",\"url\":\"https:\/\/exceladvisor.org\/wp-content\/uploads\/2023\/08\/1-extraire-le-texte-apres-et-avant-le-caractere.png\",\"contentUrl\":\"https:\/\/exceladvisor.org\/wp-content\/uploads\/2023\/08\/1-extraire-le-texte-apres-et-avant-le-caractere.png\"},{\"@type\":\"BreadcrumbList\",\"@id\":\"https:\/\/exceladvisor.org\/pt\/texto-depois-antes\/#breadcrumb\",\"itemListElement\":[{\"@type\":\"ListItem\",\"position\":1,\"name\":\"Lar\",\"item\":\"https:\/\/exceladvisor.org\/pt\/\"},{\"@type\":\"ListItem\",\"position\":2,\"name\":\"Extraia texto antes e depois de um caractere no excel\"}]},{\"@type\":\"WebSite\",\"@id\":\"https:\/\/exceladvisor.org\/pt\/#website\",\"url\":\"https:\/\/exceladvisor.org\/pt\/\",\"name\":\"Excel Advisor\",\"description\":\"O seu guia definitivo para dominar os dados!\",\"publisher\":{\"@id\":\"https:\/\/exceladvisor.org\/pt\/#organization\"},\"potentialAction\":[{\"@type\":\"SearchAction\",\"target\":{\"@type\":\"EntryPoint\",\"urlTemplate\":\"https:\/\/exceladvisor.org\/pt\/?s={search_term_string}\"},\"query-input\":{\"@type\":\"PropertyValueSpecification\",\"valueRequired\":true,\"valueName\":\"search_term_string\"}}],\"inLanguage\":\"pt-PT\"},{\"@type\":\"Organization\",\"@id\":\"https:\/\/exceladvisor.org\/pt\/#organization\",\"name\":\"Excel Advisor\",\"url\":\"https:\/\/exceladvisor.org\/pt\/\",\"logo\":{\"@type\":\"ImageObject\",\"inLanguage\":\"pt-PT\",\"@id\":\"https:\/\/exceladvisor.org\/pt\/#\/schema\/logo\/image\/\",\"url\":\"https:\/\/exceladvisor.org\/pt\/wp-content\/uploads\/2023\/12\/exceladvisor.org_.png\",\"contentUrl\":\"https:\/\/exceladvisor.org\/pt\/wp-content\/uploads\/2023\/12\/exceladvisor.org_.png\",\"width\":105,\"height\":36,\"caption\":\"Excel Advisor\"},\"image\":{\"@id\":\"https:\/\/exceladvisor.org\/pt\/#\/schema\/logo\/image\/\"}}]}<\/script>\n<!-- \/ Yoast SEO plugin. -->","yoast_head_json":{"title":"Extraia texto antes e depois de um caractere no Excel","description":"Neste tutorial, aprenda como escrever uma f\u00f3rmula para extrair texto antes ou depois de um caractere espec\u00edfico. Vamos verificar isso...","robots":{"index":"index","follow":"follow","max-snippet":"max-snippet:-1","max-image-preview":"max-image-preview:large","max-video-preview":"max-video-preview:-1"},"canonical":"https:\/\/exceladvisor.org\/pt\/texto-depois-antes\/","og_locale":"pt_PT","og_type":"article","og_title":"Extraia texto antes e depois de um caractere no Excel","og_description":"Neste tutorial, aprenda como escrever uma f\u00f3rmula para extrair texto antes ou depois de um caractere espec\u00edfico. Vamos verificar isso...","og_url":"https:\/\/exceladvisor.org\/pt\/texto-depois-antes\/","og_site_name":"Excel Advisor","article_modified_time":"2023-12-06T11:50:47+00:00","og_image":[{"url":"https:\/\/exceladvisor.org\/wp-content\/uploads\/2023\/08\/1-extraire-le-texte-apres-et-avant-le-caractere.png","type":"","width":"","height":""}],"twitter_card":"summary_large_image","twitter_misc":{"Tempo estimado de leitura":"3 minutos"},"schema":{"@context":"https:\/\/schema.org","@graph":[{"@type":"WebPage","@id":"https:\/\/exceladvisor.org\/pt\/texto-depois-antes\/","url":"https:\/\/exceladvisor.org\/pt\/texto-depois-antes\/","name":"Extraia texto antes e depois de um caractere no Excel","isPartOf":{"@id":"https:\/\/exceladvisor.org\/pt\/#website"},"primaryImageOfPage":{"@id":"https:\/\/exceladvisor.org\/pt\/texto-depois-antes\/#primaryimage"},"image":{"@id":"https:\/\/exceladvisor.org\/pt\/texto-depois-antes\/#primaryimage"},"thumbnailUrl":"https:\/\/exceladvisor.org\/wp-content\/uploads\/2023\/08\/1-extraire-le-texte-apres-et-avant-le-caractere.png","datePublished":"2023-11-06T01:04:21+00:00","dateModified":"2023-12-06T11:50:47+00:00","description":"Neste tutorial, aprenda como escrever uma f\u00f3rmula para extrair texto antes ou depois de um caractere espec\u00edfico. Vamos verificar isso...","breadcrumb":{"@id":"https:\/\/exceladvisor.org\/pt\/texto-depois-antes\/#breadcrumb"},"inLanguage":"pt-PT","potentialAction":[{"@type":"ReadAction","target":["https:\/\/exceladvisor.org\/pt\/texto-depois-antes\/"]}]},{"@type":"ImageObject","inLanguage":"pt-PT","@id":"https:\/\/exceladvisor.org\/pt\/texto-depois-antes\/#primaryimage","url":"https:\/\/exceladvisor.org\/wp-content\/uploads\/2023\/08\/1-extraire-le-texte-apres-et-avant-le-caractere.png","contentUrl":"https:\/\/exceladvisor.org\/wp-content\/uploads\/2023\/08\/1-extraire-le-texte-apres-et-avant-le-caractere.png"},{"@type":"BreadcrumbList","@id":"https:\/\/exceladvisor.org\/pt\/texto-depois-antes\/#breadcrumb","itemListElement":[{"@type":"ListItem","position":1,"name":"Lar","item":"https:\/\/exceladvisor.org\/pt\/"},{"@type":"ListItem","position":2,"name":"Extraia texto antes e depois de um caractere no excel"}]},{"@type":"WebSite","@id":"https:\/\/exceladvisor.org\/pt\/#website","url":"https:\/\/exceladvisor.org\/pt\/","name":"Excel Advisor","description":"O seu guia definitivo para dominar os dados!","publisher":{"@id":"https:\/\/exceladvisor.org\/pt\/#organization"},"potentialAction":[{"@type":"SearchAction","target":{"@type":"EntryPoint","urlTemplate":"https:\/\/exceladvisor.org\/pt\/?s={search_term_string}"},"query-input":{"@type":"PropertyValueSpecification","valueRequired":true,"valueName":"search_term_string"}}],"inLanguage":"pt-PT"},{"@type":"Organization","@id":"https:\/\/exceladvisor.org\/pt\/#organization","name":"Excel Advisor","url":"https:\/\/exceladvisor.org\/pt\/","logo":{"@type":"ImageObject","inLanguage":"pt-PT","@id":"https:\/\/exceladvisor.org\/pt\/#\/schema\/logo\/image\/","url":"https:\/\/exceladvisor.org\/pt\/wp-content\/uploads\/2023\/12\/exceladvisor.org_.png","contentUrl":"https:\/\/exceladvisor.org\/pt\/wp-content\/uploads\/2023\/12\/exceladvisor.org_.png","width":105,"height":36,"caption":"Excel Advisor"},"image":{"@id":"https:\/\/exceladvisor.org\/pt\/#\/schema\/logo\/image\/"}}]}},"yoast_meta":{"yoast_wpseo_title":"","yoast_wpseo_metadesc":"","yoast_wpseo_canonical":""},"_links":{"self":[{"href":"https:\/\/exceladvisor.org\/pt\/wp-json\/wp\/v2\/pages\/291","targetHints":{"allow":["GET"]}}],"collection":[{"href":"https:\/\/exceladvisor.org\/pt\/wp-json\/wp\/v2\/pages"}],"about":[{"href":"https:\/\/exceladvisor.org\/pt\/wp-json\/wp\/v2\/types\/page"}],"author":[{"embeddable":true,"href":"https:\/\/exceladvisor.org\/pt\/wp-json\/wp\/v2\/users\/1"}],"replies":[{"embeddable":true,"href":"https:\/\/exceladvisor.org\/pt\/wp-json\/wp\/v2\/comments?post=291"}],"version-history":[{"count":1,"href":"https:\/\/exceladvisor.org\/pt\/wp-json\/wp\/v2\/pages\/291\/revisions"}],"predecessor-version":[{"id":1419,"href":"https:\/\/exceladvisor.org\/pt\/wp-json\/wp\/v2\/pages\/291\/revisions\/1419"}],"wp:attachment":[{"href":"https:\/\/exceladvisor.org\/pt\/wp-json\/wp\/v2\/media?parent=291"}],"curies":[{"name":"wp","href":"https:\/\/api.w.org\/{rel}","templated":true}]}}