{"id":293,"date":"2023-11-06T00:39:44","date_gmt":"2023-11-06T00:39:44","guid":{"rendered":"https:\/\/exceladvisor.org\/pt\/anos-entre-datas\/"},"modified":"2023-12-06T11:35:40","modified_gmt":"2023-12-06T11:35:40","slug":"anos-entre-datas","status":"publish","type":"page","link":"https:\/\/exceladvisor.org\/pt\/anos-entre-datas\/","title":{"rendered":"Como contar os anos entre as datas?"},"content":{"rendered":"<div class=\"excel-before-content-2\" id=\"excel-3605005341\"><script type=\"text\/javascript\">\r\n\tatOptions = {\r\n\t\t'key' : 'c1158f160081d6540a8409e6925dab94',\r\n\t\t'format' : 'iframe',\r\n\t\t'height' : 250,\r\n\t\t'width' : 300,\r\n\t\t'params' : {}\r\n\t};\r\n<\/script>\r\n<script type=\"text\/javascript\" src=\"\/\/www.highperformanceformat.com\/c1158f160081d6540a8409e6925dab94\/invoke.js\"><\/script><\/div><div class=\"excel-before-content\" id=\"excel-937815246\"><script type=\"text\/javascript\">\r\n\tatOptions = {\r\n\t\t'key' : 'c1158f160081d6540a8409e6925dab94',\r\n\t\t'format' : 'iframe',\r\n\t\t'height' : 250,\r\n\t\t'width' : 300,\r\n\t\t'params' : {}\r\n\t};\r\n<\/script>\r\n<script type=\"text\/javascript\" src=\"\/\/www.highperformanceformat.com\/c1158f160081d6540a8409e6925dab94\/invoke.js\"><\/script><\/div> <p>No Excel, se quiser calcular o n\u00famero de anos entre duas datas, voc\u00ea pode usar dois m\u00e9todos diferentes. O primeiro m\u00e9todo usa a fun\u00e7\u00e3o YEARFRAC e o segundo usa a fun\u00e7\u00e3o DATEDIF. Ambas as fun\u00e7\u00f5es funcionam da mesma forma, voc\u00ea s\u00f3 precisa entend\u00ea-las antes de us\u00e1-las.<\/p><p> No exemplo a seguir, voc\u00ea tem uma data de in\u00edcio na c\u00e9lula A1 e uma data de t\u00e9rmino na c\u00e9lula B1. <\/p><div class=\"wp-block-image\"><figure class=\"aligncenter size-full is-resized\"><img loading=\"lazy\" decoding=\"async\" class=\"wp-image-70022\" src=\"https:\/\/exceladvisor.org\/wp-content\/uploads\/2023\/08\/1-date-de-debut-et-de-fin.png\" sizes=\"auto, \" srcset=\"\" alt=\"data de in\u00edcio e t\u00e9rmino\" width=\"523\" height=\"288\"><\/figure><\/div><h2 id=\"h-using-datedif-to-get-years-between-two-dates\" class=\"wp-block-heading\"> Usando DATEDIF para obter anos entre duas datas<\/h2><p> Achei que DATEDIF \u00e9 a maneira mais f\u00e1cil de obter o n\u00famero de anos entre duas datas. A \u00fanica coisa que voc\u00ea precisa saber sobre DATEDIF: ele n\u00e3o est\u00e1 na lista de fun\u00e7\u00f5es do Excel e voc\u00ea precisa conhecer seus argumentos antes de utiliz\u00e1-lo. <\/p><div class=\"wp-block-image\"><figure class=\"aligncenter size-full is-resized\"><img loading=\"lazy\" decoding=\"async\" class=\"wp-image-70023\" src=\"https:\/\/exceladvisor.org\/wp-content\/uploads\/2023\/08\/2-dates-si-pour-obtenir-des-annees.png\" sizes=\"auto, \" srcset=\"\" alt=\"datado para ganhar anos\" width=\"623\" height=\"274\"><\/figure><\/div><ol type=\"1\"><li> Primeiro insira a fun\u00e7\u00e3o DATEDIF na c\u00e9lula C1.<\/li><li> Depois disso, consulte a c\u00e9lula A1, onde est\u00e1 a data de in\u00edcio.<\/li><li> A seguir, consulte a c\u00e9lula B1 onde voc\u00ea tem a data de t\u00e9rmino.<\/li><li> Agora, no terceiro argumento voc\u00ea precisa inserir a unidade &#8216;y&#8217; para obter o n\u00famero de anos.<\/li><li> No final, pressione Enter para obter o resultado.<\/li><\/ol><pre class=\"wp-block-code\"> <code class=\"language-excel-formula\" lang=\"excel-formula\">=DATEDIF(A1,B1,\"y\")<\/code><\/pre><p> Como voc\u00ea pode ver no resultado temos 7 que \u00e9 o n\u00famero de anos completos que temos entre essas duas datas. Quando voc\u00ea usa &#8220;y&#8221; como unidade, o resultado fornece apenas os anos completos.<\/p><p> Mas se quiser obter os meses e dias do ano, voc\u00ea precisa usar a f\u00f3rmula da seguinte maneira. <\/p><pre class=\"wp-block-code\"> <code class=\"language-excel-formula\" lang=\"excel-formula\">=DATEDIF(A1,B1,\"y\")&amp;\"y, \"&amp;DATEDIF(A1,B1,\"ym\")&amp;\"m, \"&amp;DATEDIF(A1,B1,\"md\")&amp;\"d\"<\/code><\/pre><div class=\"wp-block-image\"><figure class=\"aligncenter size-full is-resized\"><img loading=\"lazy\" decoding=\"async\" class=\"wp-image-70024\" src=\"https:\/\/exceladvisor.org\/wp-content\/uploads\/2023\/08\/3-dates-si-pour-obtenir-des-annees-mois-jours.png\" sizes=\"auto, \" srcset=\"\" alt=\"datado se-para-obter-anos-meses-dias\" width=\"757\" height=\"247\"><\/figure><\/div><p> Aqui na f\u00f3rmula acima usamos DATEDIF tr\u00eas vezes na mesma f\u00f3rmula, mas com unidades diferentes.<\/p><h2 id=\"h-using-yearfrac-to-count-years-between-two-dates\" class=\"wp-block-heading\"> Use YEARFRAC para contar os anos entre duas datas<\/h2><p> Se n\u00e3o quiser usar DATEDIF, voc\u00ea pode mudar para YEARFRAC. A seguir, temos o mesmo exemplo que usamos antes. <\/p><div class=\"wp-block-image\"><figure class=\"aligncenter size-full is-resized\"><img loading=\"lazy\" decoding=\"async\" class=\"wp-image-70025\" src=\"https:\/\/exceladvisor.org\/wp-content\/uploads\/2023\/08\/4-yearfrac-pour-compter-les-annees.png\" sizes=\"auto, \" srcset=\"\" alt=\"anofrac para contar anos\" width=\"495\" height=\"306\"><\/figure><\/div><ol type=\"1\"><li> Primeiro insira o YEARFRAC na c\u00e9lula C1.<\/li><li> Depois disso, no primeiro argumento, consulte a c\u00e9lula A1, onde est\u00e1 a data de in\u00edcio.<\/li><li> Depois, no segundo argumento, consulte a c\u00e9lula B1, onde est\u00e1 a data de t\u00e9rmino.<\/li><li> No final, insira os par\u00eanteses de fechamento e pressione Enter para obter o resultado.<\/li><\/ol><p> Agora deu 7,5 no resultado o que significa que estamos 7 e meio no resultado. E no resultado a seguir voc\u00ea pode ver que usamos datas diferentes para obter um tipo de resultado diferente. <\/p><div class=\"wp-block-image\"><figure class=\"aligncenter size-full is-resized\"><img loading=\"lazy\" decoding=\"async\" class=\"wp-image-70026\" src=\"https:\/\/exceladvisor.org\/wp-content\/uploads\/2023\/08\/Resultats-frac-sur-5-ans.png\" sizes=\"auto, \" srcset=\"\" alt=\"resultados do ano frac\" width=\"454\" height=\"288\"><\/figure><\/div><p> Aqui voc\u00ea pode ver na segunda f\u00f3rmula que usamos; que temos um ano exato entre duas datas. E na terceira f\u00f3rmula temos datas onde temos uma diferen\u00e7a de 6 meses, e que retornou 0,5 no resultado.<\/p><p> No YEARFRAC voc\u00ea tamb\u00e9m tem um terceiro argumento que pode usar para alterar as bases da diferen\u00e7a que deseja usar para fazer a contagem dos anos entre duas datas. <\/p><div class=\"wp-block-image\"><figure class=\"aligncenter size-full is-resized\"><img loading=\"lazy\" decoding=\"async\" class=\"wp-image-70027\" src=\"https:\/\/exceladvisor.org\/wp-content\/uploads\/2023\/08\/Frac-de-6-ans-avec-troisieme-argument.png\" sizes=\"auto, \" srcset=\"\" alt=\"anofrac-com-terceiro-argumento\" width=\"712\" height=\"333\"><\/figure><\/div><p> Das duas fun\u00e7\u00f5es, voc\u00ea pode utilizar aquela que melhor se adapta \u00e0 situa\u00e7\u00e3o em que se encontra. <\/p><div class=\"gb-container gb-container-52dfcee1 gb-container-sample-file\"><h2 class=\"gb-headline gb-headline-e289c143 gb-headline-text gb-headline-4f7959c2\"> Obtenha o arquivo Excel<\/h2><p> <a class=\"gb-button gb-button-e88d6bee gb-button-text gb-button-button1\" href=\"https:\/\/exceladvisor.org\/wp-content\/uploads\/2023\/08\/annees-entre-les-dates-2.xlsx\" rel=\"nofollow\">Download<\/a><\/p><\/div><div class=\"gb-container gb-container-0df56012 gb-container-mt\"> <a class=\"gb-button gb-button-f9f432f4 gb-button-text gb-button-mt-button\" href=\"https:\/\/exceladvisor.org\/pt\/formulas\/\">Lista de f\u00f3rmulas do Excel<\/a><h2 class=\"gb-headline gb-headline-233444e8 gb-headline-text gb-headline-mt-heading\"> F\u00f3rmulas relacionadas <\/h2><div class=\"gb-grid-wrapper gb-grid-wrapper-a16fa65c gb-grid-wrapper-mt-grid\"><div class=\"gb-grid-column gb-grid-column-50d07e0d\"><div class=\"gb-container gb-container-50d07e0d\"><ul><li> <a href=\"https:\/\/exceladvisor.org\/pt\/adicionar-anos-ate-a-data\/\">Adicione anos atualizados no Excel<\/a><\/li><li> <a href=\"https:\/\/exceladvisor.org\/pt\/contar-os-anos-entre-duas-datas\/\">Conte anos entre duas datas no Excel<\/a><\/li><li> <a href=\"https:\/\/exceladvisor.org\/pt\/obter-o-numero-do-dia-do-ano\/\">Obtenha o n\u00famero de dias do ano no Excel<\/a><\/li><li> <a href=\"https:\/\/exceladvisor.org\/pt\/ganhe-2-anos-de-servico\/\">Obtenha anos de servi\u00e7o no Excel<\/a><\/li><li> <a href=\"https:\/\/exceladvisor.org\/pt\/extrair-ano-mes\/\">Extraia (obtenha) o ano ou m\u00eas de uma data no Excel<\/a> <\/li><\/ul><\/div><\/div><div class=\"gb-grid-column gb-grid-column-5b4a0cf9\"><div class=\"gb-container gb-container-5b4a0cf9\"><\/div><\/div><\/div><\/div>","protected":false},"excerpt":{"rendered":"","protected":false},"author":1,"featured_media":0,"parent":0,"menu_order":0,"comment_status":"open","ping_status":"closed","template":"","meta":{"ub_ctt_via":"","footnotes":""},"class_list":["post-293","page","type-page","status-publish","hentry"],"featured_image_src":null,"yoast_head":"<!-- This site is optimized with the Yoast SEO plugin v25.4 - https:\/\/yoast.com\/wordpress\/plugins\/seo\/ -->\n<title>\u25b7 Como contar anos entre datas no Excel?<\/title>\n<meta name=\"description\" content=\"Neste tutorial de f\u00f3rmula, aprenderemos como obter o n\u00famero de anos entre as datas usando m\u00e9todos f\u00e1ceis de seguir.\" \/>\n<meta name=\"robots\" content=\"index, follow, max-snippet:-1, max-image-preview:large, max-video-preview:-1\" \/>\n<link rel=\"canonical\" href=\"https:\/\/exceladvisor.org\/pt\/anos-entre-datas\/\" \/>\n<meta property=\"og:locale\" content=\"pt_PT\" \/>\n<meta property=\"og:type\" content=\"article\" \/>\n<meta property=\"og:title\" content=\"\u25b7 Como contar anos entre datas no Excel?\" \/>\n<meta property=\"og:description\" content=\"Neste tutorial de f\u00f3rmula, aprenderemos como obter o n\u00famero de anos entre as datas usando m\u00e9todos f\u00e1ceis de seguir.\" \/>\n<meta property=\"og:url\" content=\"https:\/\/exceladvisor.org\/pt\/anos-entre-datas\/\" \/>\n<meta property=\"og:site_name\" content=\"Excel Advisor\" \/>\n<meta property=\"article:modified_time\" content=\"2023-12-06T11:35:40+00:00\" \/>\n<meta property=\"og:image\" content=\"https:\/\/exceladvisor.org\/wp-content\/uploads\/2023\/08\/1-date-de-debut-et-de-fin.png\" \/>\n<meta name=\"twitter:card\" content=\"summary_large_image\" \/>\n<meta name=\"twitter:label1\" content=\"Tempo estimado de leitura\" \/>\n\t<meta name=\"twitter:data1\" content=\"3 minutos\" \/>\n<script type=\"application\/ld+json\" class=\"yoast-schema-graph\">{\"@context\":\"https:\/\/schema.org\",\"@graph\":[{\"@type\":\"WebPage\",\"@id\":\"https:\/\/exceladvisor.org\/pt\/anos-entre-datas\/\",\"url\":\"https:\/\/exceladvisor.org\/pt\/anos-entre-datas\/\",\"name\":\"\u25b7 Como contar anos entre datas no Excel?\",\"isPartOf\":{\"@id\":\"https:\/\/exceladvisor.org\/pt\/#website\"},\"primaryImageOfPage\":{\"@id\":\"https:\/\/exceladvisor.org\/pt\/anos-entre-datas\/#primaryimage\"},\"image\":{\"@id\":\"https:\/\/exceladvisor.org\/pt\/anos-entre-datas\/#primaryimage\"},\"thumbnailUrl\":\"https:\/\/exceladvisor.org\/wp-content\/uploads\/2023\/08\/1-date-de-debut-et-de-fin.png\",\"datePublished\":\"2023-11-06T00:39:44+00:00\",\"dateModified\":\"2023-12-06T11:35:40+00:00\",\"description\":\"Neste tutorial de f\u00f3rmula, aprenderemos como obter o n\u00famero de anos entre as datas usando m\u00e9todos f\u00e1ceis de seguir.\",\"breadcrumb\":{\"@id\":\"https:\/\/exceladvisor.org\/pt\/anos-entre-datas\/#breadcrumb\"},\"inLanguage\":\"pt-PT\",\"potentialAction\":[{\"@type\":\"ReadAction\",\"target\":[\"https:\/\/exceladvisor.org\/pt\/anos-entre-datas\/\"]}]},{\"@type\":\"ImageObject\",\"inLanguage\":\"pt-PT\",\"@id\":\"https:\/\/exceladvisor.org\/pt\/anos-entre-datas\/#primaryimage\",\"url\":\"https:\/\/exceladvisor.org\/wp-content\/uploads\/2023\/08\/1-date-de-debut-et-de-fin.png\",\"contentUrl\":\"https:\/\/exceladvisor.org\/wp-content\/uploads\/2023\/08\/1-date-de-debut-et-de-fin.png\"},{\"@type\":\"BreadcrumbList\",\"@id\":\"https:\/\/exceladvisor.org\/pt\/anos-entre-datas\/#breadcrumb\",\"itemListElement\":[{\"@type\":\"ListItem\",\"position\":1,\"name\":\"Lar\",\"item\":\"https:\/\/exceladvisor.org\/pt\/\"},{\"@type\":\"ListItem\",\"position\":2,\"name\":\"Como contar os anos entre as datas?\"}]},{\"@type\":\"WebSite\",\"@id\":\"https:\/\/exceladvisor.org\/pt\/#website\",\"url\":\"https:\/\/exceladvisor.org\/pt\/\",\"name\":\"Excel Advisor\",\"description\":\"O seu guia definitivo para dominar os dados!\",\"publisher\":{\"@id\":\"https:\/\/exceladvisor.org\/pt\/#organization\"},\"potentialAction\":[{\"@type\":\"SearchAction\",\"target\":{\"@type\":\"EntryPoint\",\"urlTemplate\":\"https:\/\/exceladvisor.org\/pt\/?s={search_term_string}\"},\"query-input\":{\"@type\":\"PropertyValueSpecification\",\"valueRequired\":true,\"valueName\":\"search_term_string\"}}],\"inLanguage\":\"pt-PT\"},{\"@type\":\"Organization\",\"@id\":\"https:\/\/exceladvisor.org\/pt\/#organization\",\"name\":\"Excel Advisor\",\"url\":\"https:\/\/exceladvisor.org\/pt\/\",\"logo\":{\"@type\":\"ImageObject\",\"inLanguage\":\"pt-PT\",\"@id\":\"https:\/\/exceladvisor.org\/pt\/#\/schema\/logo\/image\/\",\"url\":\"https:\/\/exceladvisor.org\/pt\/wp-content\/uploads\/2023\/12\/exceladvisor.org_.png\",\"contentUrl\":\"https:\/\/exceladvisor.org\/pt\/wp-content\/uploads\/2023\/12\/exceladvisor.org_.png\",\"width\":105,\"height\":36,\"caption\":\"Excel Advisor\"},\"image\":{\"@id\":\"https:\/\/exceladvisor.org\/pt\/#\/schema\/logo\/image\/\"}}]}<\/script>\n<!-- \/ Yoast SEO plugin. -->","yoast_head_json":{"title":"\u25b7 Como contar anos entre datas no Excel?","description":"Neste tutorial de f\u00f3rmula, aprenderemos como obter o n\u00famero de anos entre as datas usando m\u00e9todos f\u00e1ceis de seguir.","robots":{"index":"index","follow":"follow","max-snippet":"max-snippet:-1","max-image-preview":"max-image-preview:large","max-video-preview":"max-video-preview:-1"},"canonical":"https:\/\/exceladvisor.org\/pt\/anos-entre-datas\/","og_locale":"pt_PT","og_type":"article","og_title":"\u25b7 Como contar anos entre datas no Excel?","og_description":"Neste tutorial de f\u00f3rmula, aprenderemos como obter o n\u00famero de anos entre as datas usando m\u00e9todos f\u00e1ceis de seguir.","og_url":"https:\/\/exceladvisor.org\/pt\/anos-entre-datas\/","og_site_name":"Excel Advisor","article_modified_time":"2023-12-06T11:35:40+00:00","og_image":[{"url":"https:\/\/exceladvisor.org\/wp-content\/uploads\/2023\/08\/1-date-de-debut-et-de-fin.png","type":"","width":"","height":""}],"twitter_card":"summary_large_image","twitter_misc":{"Tempo estimado de leitura":"3 minutos"},"schema":{"@context":"https:\/\/schema.org","@graph":[{"@type":"WebPage","@id":"https:\/\/exceladvisor.org\/pt\/anos-entre-datas\/","url":"https:\/\/exceladvisor.org\/pt\/anos-entre-datas\/","name":"\u25b7 Como contar anos entre datas no Excel?","isPartOf":{"@id":"https:\/\/exceladvisor.org\/pt\/#website"},"primaryImageOfPage":{"@id":"https:\/\/exceladvisor.org\/pt\/anos-entre-datas\/#primaryimage"},"image":{"@id":"https:\/\/exceladvisor.org\/pt\/anos-entre-datas\/#primaryimage"},"thumbnailUrl":"https:\/\/exceladvisor.org\/wp-content\/uploads\/2023\/08\/1-date-de-debut-et-de-fin.png","datePublished":"2023-11-06T00:39:44+00:00","dateModified":"2023-12-06T11:35:40+00:00","description":"Neste tutorial de f\u00f3rmula, aprenderemos como obter o n\u00famero de anos entre as datas usando m\u00e9todos f\u00e1ceis de seguir.","breadcrumb":{"@id":"https:\/\/exceladvisor.org\/pt\/anos-entre-datas\/#breadcrumb"},"inLanguage":"pt-PT","potentialAction":[{"@type":"ReadAction","target":["https:\/\/exceladvisor.org\/pt\/anos-entre-datas\/"]}]},{"@type":"ImageObject","inLanguage":"pt-PT","@id":"https:\/\/exceladvisor.org\/pt\/anos-entre-datas\/#primaryimage","url":"https:\/\/exceladvisor.org\/wp-content\/uploads\/2023\/08\/1-date-de-debut-et-de-fin.png","contentUrl":"https:\/\/exceladvisor.org\/wp-content\/uploads\/2023\/08\/1-date-de-debut-et-de-fin.png"},{"@type":"BreadcrumbList","@id":"https:\/\/exceladvisor.org\/pt\/anos-entre-datas\/#breadcrumb","itemListElement":[{"@type":"ListItem","position":1,"name":"Lar","item":"https:\/\/exceladvisor.org\/pt\/"},{"@type":"ListItem","position":2,"name":"Como contar os anos entre as datas?"}]},{"@type":"WebSite","@id":"https:\/\/exceladvisor.org\/pt\/#website","url":"https:\/\/exceladvisor.org\/pt\/","name":"Excel Advisor","description":"O seu guia definitivo para dominar os dados!","publisher":{"@id":"https:\/\/exceladvisor.org\/pt\/#organization"},"potentialAction":[{"@type":"SearchAction","target":{"@type":"EntryPoint","urlTemplate":"https:\/\/exceladvisor.org\/pt\/?s={search_term_string}"},"query-input":{"@type":"PropertyValueSpecification","valueRequired":true,"valueName":"search_term_string"}}],"inLanguage":"pt-PT"},{"@type":"Organization","@id":"https:\/\/exceladvisor.org\/pt\/#organization","name":"Excel Advisor","url":"https:\/\/exceladvisor.org\/pt\/","logo":{"@type":"ImageObject","inLanguage":"pt-PT","@id":"https:\/\/exceladvisor.org\/pt\/#\/schema\/logo\/image\/","url":"https:\/\/exceladvisor.org\/pt\/wp-content\/uploads\/2023\/12\/exceladvisor.org_.png","contentUrl":"https:\/\/exceladvisor.org\/pt\/wp-content\/uploads\/2023\/12\/exceladvisor.org_.png","width":105,"height":36,"caption":"Excel Advisor"},"image":{"@id":"https:\/\/exceladvisor.org\/pt\/#\/schema\/logo\/image\/"}}]}},"yoast_meta":{"yoast_wpseo_title":"","yoast_wpseo_metadesc":"","yoast_wpseo_canonical":""},"_links":{"self":[{"href":"https:\/\/exceladvisor.org\/pt\/wp-json\/wp\/v2\/pages\/293","targetHints":{"allow":["GET"]}}],"collection":[{"href":"https:\/\/exceladvisor.org\/pt\/wp-json\/wp\/v2\/pages"}],"about":[{"href":"https:\/\/exceladvisor.org\/pt\/wp-json\/wp\/v2\/types\/page"}],"author":[{"embeddable":true,"href":"https:\/\/exceladvisor.org\/pt\/wp-json\/wp\/v2\/users\/1"}],"replies":[{"embeddable":true,"href":"https:\/\/exceladvisor.org\/pt\/wp-json\/wp\/v2\/comments?post=293"}],"version-history":[{"count":1,"href":"https:\/\/exceladvisor.org\/pt\/wp-json\/wp\/v2\/pages\/293\/revisions"}],"predecessor-version":[{"id":927,"href":"https:\/\/exceladvisor.org\/pt\/wp-json\/wp\/v2\/pages\/293\/revisions\/927"}],"wp:attachment":[{"href":"https:\/\/exceladvisor.org\/pt\/wp-json\/wp\/v2\/media?parent=293"}],"curies":[{"name":"wp","href":"https:\/\/api.w.org\/{rel}","templated":true}]}}