{"id":295,"date":"2023-11-06T00:29:38","date_gmt":"2023-11-06T00:29:38","guid":{"rendered":"https:\/\/exceladvisor.org\/pt\/diferenca-percentual\/"},"modified":"2023-12-06T11:35:06","modified_gmt":"2023-12-06T11:35:06","slug":"diferenca-percentual","status":"publish","type":"page","link":"https:\/\/exceladvisor.org\/pt\/diferenca-percentual\/","title":{"rendered":"Como calcular a varia\u00e7\u00e3o percentual no excel?"},"content":{"rendered":"<div class=\"excel-before-content-2\" id=\"excel-827520300\"><script type=\"text\/javascript\">\r\n\tatOptions = {\r\n\t\t'key' : 'c1158f160081d6540a8409e6925dab94',\r\n\t\t'format' : 'iframe',\r\n\t\t'height' : 250,\r\n\t\t'width' : 300,\r\n\t\t'params' : {}\r\n\t};\r\n<\/script>\r\n<script type=\"text\/javascript\" src=\"\/\/www.highperformanceformat.com\/c1158f160081d6540a8409e6925dab94\/invoke.js\"><\/script><\/div><div class=\"excel-before-content\" id=\"excel-2728030951\"><script type=\"text\/javascript\">\r\n\tatOptions = {\r\n\t\t'key' : 'c1158f160081d6540a8409e6925dab94',\r\n\t\t'format' : 'iframe',\r\n\t\t'height' : 250,\r\n\t\t'width' : 300,\r\n\t\t'params' : {}\r\n\t};\r\n<\/script>\r\n<script type=\"text\/javascript\" src=\"\/\/www.highperformanceformat.com\/c1158f160081d6540a8409e6925dab94\/invoke.js\"><\/script><\/div> <p>Para calcular uma diferen\u00e7a percentual (diferen\u00e7a) entre dois valores no Excel, voc\u00ea precisa usar uma f\u00f3rmula simples. Nesta f\u00f3rmula, voc\u00ea pode deduzir os valores antigos dos novos valores e depois dividir essa diferen\u00e7a pelo valor antigo. Dessa forma, voc\u00ea obt\u00e9m a varia\u00e7\u00e3o percentual do valor antigo.<\/p><p> No exemplo a seguir voc\u00ea tem uma lista de valores antigos com novos valores. Agora aqui voc\u00ea precisa calcular a varia\u00e7\u00e3o percentual. <\/p><div class=\"wp-block-image\"><figure class=\"aligncenter size-full is-resized\"><img loading=\"lazy\" decoding=\"async\" class=\"wp-image-67613\" src=\"https:\/\/exceladvisor.org\/wp-content\/uploads\/2023\/08\/1-liste-des-anciennes-et-nouvelles-valeurs.png\" sizes=\"auto, \" srcset=\"\" alt=\"lista de valores antigos e novos\" width=\"317\" height=\"312\"><\/figure><\/div><h2 class=\"wp-block-heading\"> F\u00f3rmula Excel para calcular a varia\u00e7\u00e3o percentual<\/h2><ol type=\"1\"><li> Primeiro insira um par\u00eantese inicial e, em seguida, fa\u00e7a refer\u00eancia \u00e0 c\u00e9lula onde voc\u00ea tem um novo valor.<\/li><li> Depois disso, insira um operador menos e consulte o valor antigo.<\/li><li> Em seguida, insira um par\u00eantese de fechamento e o operador enter e divida.<\/li><li> Agora consulte o valor antigo e pressione Enter para obter o resultado.<\/li><li> Em \u00faltima an\u00e1lise, voc\u00ea precisa alterar o formato da c\u00e9lula onde est\u00e1 o valor do resultado. Portanto, use o atalho de teclado \u201cCtrl + Shift +%\u201d. <\/li><\/ol><div class=\"wp-block-image\"><figure class=\"aligncenter size-full is-resized\"><img loading=\"lazy\" decoding=\"async\" class=\"wp-image-67614\" src=\"https:\/\/exceladvisor.org\/wp-content\/uploads\/2023\/08\/2-formule-pour-obtenir-la-variance-en-pourcentage.png\" sizes=\"auto, \" srcset=\"\" alt=\"f\u00f3rmula para obter vari\u00e2ncia percentual\" width=\"444\" height=\"395\"><\/figure><\/div><h2 class=\"wp-block-heading\"> Entendendo a f\u00f3rmula<\/h2><p> Para entender esta f\u00f3rmula, vamos dividi-la em v\u00e1rias partes. <\/p><div class=\"wp-block-image\"><figure class=\"aligncenter size-full is-resized\"><img loading=\"lazy\" decoding=\"async\" class=\"wp-image-67615\" src=\"https:\/\/exceladvisor.org\/wp-content\/uploads\/2023\/08\/Formule-de-variance-a-3-pourcentages.png\" sizes=\"auto, \" srcset=\"\" alt=\"f\u00f3rmula de varia\u00e7\u00e3o percentual\" width=\"610\" height=\"121\"><\/figure><\/div><p> E \u00e9 assim que acontece quando voc\u00ea usa um valor real na f\u00f3rmula. <\/p><div class=\"wp-block-image\"><figure class=\"aligncenter size-full is-resized\"><img loading=\"lazy\" decoding=\"async\" class=\"wp-image-67616\" src=\"https:\/\/exceladvisor.org\/wp-content\/uploads\/2023\/08\/4-valeur-reelle-dans-la-formule.png\" sizes=\"auto, \" srcset=\"\" alt=\"valor real na f\u00f3rmula\" width=\"568\" height=\"143\"><\/figure><\/div><p> Na primeira parte, ao remover o novo valor do valor antigo, voc\u00ea obt\u00e9m a diferen\u00e7a que tem entre os dois. <\/p><div class=\"wp-block-image\"><figure class=\"aligncenter size-full is-resized\"><img loading=\"lazy\" decoding=\"async\" class=\"wp-image-67617\" src=\"https:\/\/exceladvisor.org\/wp-content\/uploads\/2023\/08\/5-supprimer-la-nouvelle-valeur-de-lancienne.png\" sizes=\"auto, \" srcset=\"\" alt=\"remover-novo-valor-do-antigo\" width=\"307\" height=\"109\"><\/figure><\/div><p> Na segunda parte voc\u00ea divide essa diferen\u00e7a pelo valor antigo que retorna um valor percentual que \u00e9 a varia\u00e7\u00e3o entre os dois valores. <\/p><div class=\"wp-block-image\"><figure class=\"aligncenter size-full is-resized\"><img loading=\"lazy\" decoding=\"async\" class=\"wp-image-67618\" src=\"https:\/\/exceladvisor.org\/wp-content\/uploads\/2023\/08\/6-diviser-la-difference-avec-lancienne-valeur.png\" sizes=\"auto, \" srcset=\"\" alt=\"dividir diferen\u00e7a com valor antigo\" width=\"264\" height=\"204\"><\/figure><\/div><p> Agora vamos voltar ao nosso exemplo real. <\/p><div class=\"wp-block-image\"><figure class=\"aligncenter size-full is-resized\"><img loading=\"lazy\" decoding=\"async\" class=\"wp-image-67619\" src=\"https:\/\/exceladvisor.org\/wp-content\/uploads\/2023\/08\/7-exemple-avec-un-pourcentage-decart.png\" sizes=\"auto, \" srcset=\"\" alt=\"exemplo com varia\u00e7\u00e3o percentual\" width=\"504\" height=\"357\"><\/figure><\/div><p> Ao arrastar a f\u00f3rmula para o restante dos valores, voc\u00ea ver\u00e1 que ela tamb\u00e9m calcula a varia\u00e7\u00e3o percentual para todos os valores. E tamb\u00e9m temos alguns valores com percentuais negativos onde temos um novo valor menor que o valor antigo.<\/p><p class=\"qt-tip\"> <strong>Nota:<\/strong> Certifique-se de ter o formato da c\u00e9lula como uma porcentagem para a c\u00e9lula de resultado. Use o atalho de teclado Ctrl+Shift+%. <\/p><div class=\"gb-container gb-container-52dfcee1 gb-container-sample-file\"><h2 class=\"gb-headline gb-headline-e289c143 gb-headline-text gb-headline-4f7959c2\"> Obtenha o arquivo Excel<\/h2><p> <a class=\"gb-button gb-button-e88d6bee gb-button-text gb-button-button1\" href=\"https:\/\/exceladvisor.org\/wp-content\/uploads\/2023\/11\/pourcentage-decart-2.xlsx\" rel=\"nofollow\">Download<\/a><\/p><\/div><div class=\"gb-container gb-container-0df56012 gb-container-mt\"> <a class=\"gb-button gb-button-f9f432f4 gb-button-text gb-button-mt-button\" href=\"https:\/\/exceladvisor.org\/pt\/formulas\/\">Lista de f\u00f3rmulas do Excel<\/a><h2 class=\"gb-headline gb-headline-233444e8 gb-headline-text gb-headline-mt-heading\"> F\u00f3rmulas relacionadas <\/h2><div class=\"gb-grid-wrapper gb-grid-wrapper-a16fa65c gb-grid-wrapper-mt-grid\"><div class=\"gb-grid-column gb-grid-column-50d07e0d\"><div class=\"gb-container gb-container-50d07e0d\"><ul><li> Calcular raiz c\u00fabica no Excel<\/li><li> <a href=\"https:\/\/exceladvisor.org\/pt\/raiz-quadrada\/\">Calcular raiz quadrada no Excel + inserir s\u00edmbolo<\/a><\/li><li> <a href=\"https:\/\/exceladvisor.org\/pt\/nao-e-igual\/\">N\u00e3o \u00e9 igual ao operador no Excel<\/a><\/li><li> <a href=\"https:\/\/exceladvisor.org\/pt\/numero-quadrado\/\">Quadrar um n\u00famero no Excel<\/a><\/li><li> <a href=\"https:\/\/exceladvisor.org\/pt\/adicionar-subtrair-uma-porcentagem-de-um-numero\/\">Adicionar e subtrair a porcentagem de um n\u00famero<\/a><\/li><li> <a href=\"https:\/\/exceladvisor.org\/pt\/soma-cumulativa-2\/\">Calcular soma cumulativa de valores<\/a> <\/li><\/ul><\/div><\/div><div class=\"gb-grid-column gb-grid-column-5b4a0cf9\"><div class=\"gb-container gb-container-5b4a0cf9\"><\/div><\/div><\/div><\/div>","protected":false},"excerpt":{"rendered":"","protected":false},"author":1,"featured_media":0,"parent":0,"menu_order":0,"comment_status":"open","ping_status":"closed","template":"","meta":{"ub_ctt_via":"","footnotes":""},"class_list":["post-295","page","type-page","status-publish","hentry"],"featured_image_src":null,"yoast_head":"<!-- This site is optimized with the Yoast SEO plugin v25.4 - https:\/\/yoast.com\/wordpress\/plugins\/seo\/ -->\n<title>\u25b7 Como calcular a varia\u00e7\u00e3o percentual no Excel?<\/title>\n<meta name=\"description\" content=\"Neste tutorial, voc\u00ea aprender\u00e1 como usar uma f\u00f3rmula para calcular a varia\u00e7\u00e3o percentual (diferen\u00e7a) no Excel.\" \/>\n<meta name=\"robots\" content=\"index, follow, max-snippet:-1, max-image-preview:large, max-video-preview:-1\" \/>\n<link rel=\"canonical\" href=\"https:\/\/exceladvisor.org\/pt\/diferenca-percentual\/\" \/>\n<meta property=\"og:locale\" content=\"pt_PT\" \/>\n<meta property=\"og:type\" content=\"article\" \/>\n<meta property=\"og:title\" content=\"\u25b7 Como calcular a varia\u00e7\u00e3o percentual no Excel?\" \/>\n<meta property=\"og:description\" content=\"Neste tutorial, voc\u00ea aprender\u00e1 como usar uma f\u00f3rmula para calcular a varia\u00e7\u00e3o percentual (diferen\u00e7a) no Excel.\" \/>\n<meta property=\"og:url\" content=\"https:\/\/exceladvisor.org\/pt\/diferenca-percentual\/\" \/>\n<meta property=\"og:site_name\" content=\"Excel Advisor\" \/>\n<meta property=\"article:modified_time\" content=\"2023-12-06T11:35:06+00:00\" \/>\n<meta property=\"og:image\" content=\"https:\/\/exceladvisor.org\/wp-content\/uploads\/2023\/08\/1-liste-des-anciennes-et-nouvelles-valeurs.png\" \/>\n<meta name=\"twitter:card\" content=\"summary_large_image\" \/>\n<meta name=\"twitter:label1\" content=\"Tempo estimado de leitura\" \/>\n\t<meta name=\"twitter:data1\" content=\"2 minutos\" \/>\n<script type=\"application\/ld+json\" class=\"yoast-schema-graph\">{\"@context\":\"https:\/\/schema.org\",\"@graph\":[{\"@type\":\"WebPage\",\"@id\":\"https:\/\/exceladvisor.org\/pt\/diferenca-percentual\/\",\"url\":\"https:\/\/exceladvisor.org\/pt\/diferenca-percentual\/\",\"name\":\"\u25b7 Como calcular a varia\u00e7\u00e3o percentual no Excel?\",\"isPartOf\":{\"@id\":\"https:\/\/exceladvisor.org\/pt\/#website\"},\"primaryImageOfPage\":{\"@id\":\"https:\/\/exceladvisor.org\/pt\/diferenca-percentual\/#primaryimage\"},\"image\":{\"@id\":\"https:\/\/exceladvisor.org\/pt\/diferenca-percentual\/#primaryimage\"},\"thumbnailUrl\":\"https:\/\/exceladvisor.org\/wp-content\/uploads\/2023\/08\/1-liste-des-anciennes-et-nouvelles-valeurs.png\",\"datePublished\":\"2023-11-06T00:29:38+00:00\",\"dateModified\":\"2023-12-06T11:35:06+00:00\",\"description\":\"Neste tutorial, voc\u00ea aprender\u00e1 como usar uma f\u00f3rmula para calcular a varia\u00e7\u00e3o percentual (diferen\u00e7a) no Excel.\",\"breadcrumb\":{\"@id\":\"https:\/\/exceladvisor.org\/pt\/diferenca-percentual\/#breadcrumb\"},\"inLanguage\":\"pt-PT\",\"potentialAction\":[{\"@type\":\"ReadAction\",\"target\":[\"https:\/\/exceladvisor.org\/pt\/diferenca-percentual\/\"]}]},{\"@type\":\"ImageObject\",\"inLanguage\":\"pt-PT\",\"@id\":\"https:\/\/exceladvisor.org\/pt\/diferenca-percentual\/#primaryimage\",\"url\":\"https:\/\/exceladvisor.org\/wp-content\/uploads\/2023\/08\/1-liste-des-anciennes-et-nouvelles-valeurs.png\",\"contentUrl\":\"https:\/\/exceladvisor.org\/wp-content\/uploads\/2023\/08\/1-liste-des-anciennes-et-nouvelles-valeurs.png\"},{\"@type\":\"BreadcrumbList\",\"@id\":\"https:\/\/exceladvisor.org\/pt\/diferenca-percentual\/#breadcrumb\",\"itemListElement\":[{\"@type\":\"ListItem\",\"position\":1,\"name\":\"Lar\",\"item\":\"https:\/\/exceladvisor.org\/pt\/\"},{\"@type\":\"ListItem\",\"position\":2,\"name\":\"Como calcular a varia\u00e7\u00e3o percentual no excel?\"}]},{\"@type\":\"WebSite\",\"@id\":\"https:\/\/exceladvisor.org\/pt\/#website\",\"url\":\"https:\/\/exceladvisor.org\/pt\/\",\"name\":\"Excel Advisor\",\"description\":\"O seu guia definitivo para dominar os dados!\",\"publisher\":{\"@id\":\"https:\/\/exceladvisor.org\/pt\/#organization\"},\"potentialAction\":[{\"@type\":\"SearchAction\",\"target\":{\"@type\":\"EntryPoint\",\"urlTemplate\":\"https:\/\/exceladvisor.org\/pt\/?s={search_term_string}\"},\"query-input\":{\"@type\":\"PropertyValueSpecification\",\"valueRequired\":true,\"valueName\":\"search_term_string\"}}],\"inLanguage\":\"pt-PT\"},{\"@type\":\"Organization\",\"@id\":\"https:\/\/exceladvisor.org\/pt\/#organization\",\"name\":\"Excel Advisor\",\"url\":\"https:\/\/exceladvisor.org\/pt\/\",\"logo\":{\"@type\":\"ImageObject\",\"inLanguage\":\"pt-PT\",\"@id\":\"https:\/\/exceladvisor.org\/pt\/#\/schema\/logo\/image\/\",\"url\":\"https:\/\/exceladvisor.org\/pt\/wp-content\/uploads\/2023\/12\/exceladvisor.org_.png\",\"contentUrl\":\"https:\/\/exceladvisor.org\/pt\/wp-content\/uploads\/2023\/12\/exceladvisor.org_.png\",\"width\":105,\"height\":36,\"caption\":\"Excel Advisor\"},\"image\":{\"@id\":\"https:\/\/exceladvisor.org\/pt\/#\/schema\/logo\/image\/\"}}]}<\/script>\n<!-- \/ Yoast SEO plugin. -->","yoast_head_json":{"title":"\u25b7 Como calcular a varia\u00e7\u00e3o percentual no Excel?","description":"Neste tutorial, voc\u00ea aprender\u00e1 como usar uma f\u00f3rmula para calcular a varia\u00e7\u00e3o percentual (diferen\u00e7a) no Excel.","robots":{"index":"index","follow":"follow","max-snippet":"max-snippet:-1","max-image-preview":"max-image-preview:large","max-video-preview":"max-video-preview:-1"},"canonical":"https:\/\/exceladvisor.org\/pt\/diferenca-percentual\/","og_locale":"pt_PT","og_type":"article","og_title":"\u25b7 Como calcular a varia\u00e7\u00e3o percentual no Excel?","og_description":"Neste tutorial, voc\u00ea aprender\u00e1 como usar uma f\u00f3rmula para calcular a varia\u00e7\u00e3o percentual (diferen\u00e7a) no Excel.","og_url":"https:\/\/exceladvisor.org\/pt\/diferenca-percentual\/","og_site_name":"Excel Advisor","article_modified_time":"2023-12-06T11:35:06+00:00","og_image":[{"url":"https:\/\/exceladvisor.org\/wp-content\/uploads\/2023\/08\/1-liste-des-anciennes-et-nouvelles-valeurs.png","type":"","width":"","height":""}],"twitter_card":"summary_large_image","twitter_misc":{"Tempo estimado de leitura":"2 minutos"},"schema":{"@context":"https:\/\/schema.org","@graph":[{"@type":"WebPage","@id":"https:\/\/exceladvisor.org\/pt\/diferenca-percentual\/","url":"https:\/\/exceladvisor.org\/pt\/diferenca-percentual\/","name":"\u25b7 Como calcular a varia\u00e7\u00e3o percentual no Excel?","isPartOf":{"@id":"https:\/\/exceladvisor.org\/pt\/#website"},"primaryImageOfPage":{"@id":"https:\/\/exceladvisor.org\/pt\/diferenca-percentual\/#primaryimage"},"image":{"@id":"https:\/\/exceladvisor.org\/pt\/diferenca-percentual\/#primaryimage"},"thumbnailUrl":"https:\/\/exceladvisor.org\/wp-content\/uploads\/2023\/08\/1-liste-des-anciennes-et-nouvelles-valeurs.png","datePublished":"2023-11-06T00:29:38+00:00","dateModified":"2023-12-06T11:35:06+00:00","description":"Neste tutorial, voc\u00ea aprender\u00e1 como usar uma f\u00f3rmula para calcular a varia\u00e7\u00e3o percentual (diferen\u00e7a) no Excel.","breadcrumb":{"@id":"https:\/\/exceladvisor.org\/pt\/diferenca-percentual\/#breadcrumb"},"inLanguage":"pt-PT","potentialAction":[{"@type":"ReadAction","target":["https:\/\/exceladvisor.org\/pt\/diferenca-percentual\/"]}]},{"@type":"ImageObject","inLanguage":"pt-PT","@id":"https:\/\/exceladvisor.org\/pt\/diferenca-percentual\/#primaryimage","url":"https:\/\/exceladvisor.org\/wp-content\/uploads\/2023\/08\/1-liste-des-anciennes-et-nouvelles-valeurs.png","contentUrl":"https:\/\/exceladvisor.org\/wp-content\/uploads\/2023\/08\/1-liste-des-anciennes-et-nouvelles-valeurs.png"},{"@type":"BreadcrumbList","@id":"https:\/\/exceladvisor.org\/pt\/diferenca-percentual\/#breadcrumb","itemListElement":[{"@type":"ListItem","position":1,"name":"Lar","item":"https:\/\/exceladvisor.org\/pt\/"},{"@type":"ListItem","position":2,"name":"Como calcular a varia\u00e7\u00e3o percentual no excel?"}]},{"@type":"WebSite","@id":"https:\/\/exceladvisor.org\/pt\/#website","url":"https:\/\/exceladvisor.org\/pt\/","name":"Excel Advisor","description":"O seu guia definitivo para dominar os dados!","publisher":{"@id":"https:\/\/exceladvisor.org\/pt\/#organization"},"potentialAction":[{"@type":"SearchAction","target":{"@type":"EntryPoint","urlTemplate":"https:\/\/exceladvisor.org\/pt\/?s={search_term_string}"},"query-input":{"@type":"PropertyValueSpecification","valueRequired":true,"valueName":"search_term_string"}}],"inLanguage":"pt-PT"},{"@type":"Organization","@id":"https:\/\/exceladvisor.org\/pt\/#organization","name":"Excel Advisor","url":"https:\/\/exceladvisor.org\/pt\/","logo":{"@type":"ImageObject","inLanguage":"pt-PT","@id":"https:\/\/exceladvisor.org\/pt\/#\/schema\/logo\/image\/","url":"https:\/\/exceladvisor.org\/pt\/wp-content\/uploads\/2023\/12\/exceladvisor.org_.png","contentUrl":"https:\/\/exceladvisor.org\/pt\/wp-content\/uploads\/2023\/12\/exceladvisor.org_.png","width":105,"height":36,"caption":"Excel Advisor"},"image":{"@id":"https:\/\/exceladvisor.org\/pt\/#\/schema\/logo\/image\/"}}]}},"yoast_meta":{"yoast_wpseo_title":"","yoast_wpseo_metadesc":"","yoast_wpseo_canonical":""},"_links":{"self":[{"href":"https:\/\/exceladvisor.org\/pt\/wp-json\/wp\/v2\/pages\/295","targetHints":{"allow":["GET"]}}],"collection":[{"href":"https:\/\/exceladvisor.org\/pt\/wp-json\/wp\/v2\/pages"}],"about":[{"href":"https:\/\/exceladvisor.org\/pt\/wp-json\/wp\/v2\/types\/page"}],"author":[{"embeddable":true,"href":"https:\/\/exceladvisor.org\/pt\/wp-json\/wp\/v2\/users\/1"}],"replies":[{"embeddable":true,"href":"https:\/\/exceladvisor.org\/pt\/wp-json\/wp\/v2\/comments?post=295"}],"version-history":[{"count":1,"href":"https:\/\/exceladvisor.org\/pt\/wp-json\/wp\/v2\/pages\/295\/revisions"}],"predecessor-version":[{"id":879,"href":"https:\/\/exceladvisor.org\/pt\/wp-json\/wp\/v2\/pages\/295\/revisions\/879"}],"wp:attachment":[{"href":"https:\/\/exceladvisor.org\/pt\/wp-json\/wp\/v2\/media?parent=295"}],"curies":[{"name":"wp","href":"https:\/\/api.w.org\/{rel}","templated":true}]}}