{"id":296,"date":"2023-11-06T00:19:21","date_gmt":"2023-11-06T00:19:21","guid":{"rendered":"https:\/\/exceladvisor.org\/pt\/nao-e-igual\/"},"modified":"2023-12-06T11:50:10","modified_gmt":"2023-12-06T11:50:10","slug":"nao-e-igual","status":"publish","type":"page","link":"https:\/\/exceladvisor.org\/pt\/nao-e-igual\/","title":{"rendered":"Como usar o operador diferente no excel?"},"content":{"rendered":"<div class=\"excel-before-content-2\" id=\"excel-289736038\"><script type=\"text\/javascript\">\r\n\tatOptions = {\r\n\t\t'key' : 'c1158f160081d6540a8409e6925dab94',\r\n\t\t'format' : 'iframe',\r\n\t\t'height' : 250,\r\n\t\t'width' : 300,\r\n\t\t'params' : {}\r\n\t};\r\n<\/script>\r\n<script type=\"text\/javascript\" src=\"\/\/www.highperformanceformat.com\/c1158f160081d6540a8409e6925dab94\/invoke.js\"><\/script><\/div><div class=\"excel-before-content\" id=\"excel-2719021817\"><script type=\"text\/javascript\">\r\n\tatOptions = {\r\n\t\t'key' : 'c1158f160081d6540a8409e6925dab94',\r\n\t\t'format' : 'iframe',\r\n\t\t'height' : 250,\r\n\t\t'width' : 300,\r\n\t\t'params' : {}\r\n\t};\r\n<\/script>\r\n<script type=\"text\/javascript\" src=\"\/\/www.highperformanceformat.com\/c1158f160081d6540a8409e6925dab94\/invoke.js\"><\/script><\/div> <p>No Excel, se quiser verificar se o valor de uma c\u00e9lula n\u00e3o \u00e9 igual a outro valor, pode-se usar o operador diferente \u201c&lt;&gt;\u201d. Retorna FALSE se o valor corresponder e TRUE se n\u00e3o corresponder. Voc\u00ea pode us\u00e1-lo como uma f\u00f3rmula ou tamb\u00e9m com outras fun\u00e7\u00f5es como SE, OU e E.<\/p><p> No exemplo a seguir, voc\u00ea tem dois valores nas c\u00e9lulas A1 e A2 e precisa verificar se o valor 1 n\u00e3o \u00e9 igual ao valor 2. <\/p><div class=\"wp-block-image\"><figure class=\"aligncenter size-full is-resized\"><img loading=\"lazy\" decoding=\"async\" class=\"wp-image-69533\" src=\"https:\/\/exceladvisor.org\/wp-content\/uploads\/2023\/08\/1-deux-valeurs-dans-les-cellules.png\" sizes=\"auto, \" srcset=\"\" alt=\"dois valores em c\u00e9lulas\" width=\"363\" height=\"274\"><\/figure><\/div><h2 id=\"h-using-does-not-equals-operator\" class=\"wp-block-heading\"> Usando o operador NOT EQUAL<\/h2><ol type=\"1\"><li> Primeiro, na c\u00e9lula B1, insira o operador igual.<\/li><li> Depois disso, consulte a c\u00e9lula A1 onde voc\u00ea tem o primeiro valor.<\/li><li> Em seguida, insira o operador n\u00e3o \u201c&lt;&gt;\u201d.<\/li><li> Agora consulte o segundo valor que temos na c\u00e9lula A2.<\/li><li> No final, pressione Enter para obter o valor. <\/li><\/ol><div class=\"wp-block-image\"><figure class=\"aligncenter size-full is-resized\"><img loading=\"lazy\" decoding=\"async\" class=\"wp-image-69534\" src=\"https:\/\/exceladvisor.org\/wp-content\/uploads\/2023\/08\/2-utiliser-loperateur-non-egal-a.png\" sizes=\"auto, \" srcset=\"\" alt=\"operador de uso diferente\" width=\"379\" height=\"279\"><\/figure><\/div><p> No momento em que voc\u00ea pressiona Enter, ele retorna TRUE no resultado. Isso ocorre porque os dois valores n\u00e3o s\u00e3o iguais. Agora se voc\u00ea inserir \u201cExcel\u201d na c\u00e9lula B1, o resultado que temos na c\u00e9lula A1 torna-se FALSO. A raz\u00e3o porque temos os mesmos valores em ambas as c\u00e9lulas. <\/p><div class=\"wp-block-image\"><figure class=\"aligncenter size-full is-resized\"><img loading=\"lazy\" decoding=\"async\" class=\"wp-image-69535\" src=\"https:\/\/exceladvisor.org\/wp-content\/uploads\/2023\/08\/3-changer-la-valeur-dans-la-cellule.png\" sizes=\"auto, \" srcset=\"\" alt=\"alterar valor na c\u00e9lula\" width=\"403\" height=\"272\"><\/figure><\/div><h2 id=\"h-using-does-not-equal-with-or-and\" class=\"wp-block-heading\"> Usando IS NOT EQUAL com OR \u2013 AND<\/h2><p> Como eu disse, voc\u00ea tamb\u00e9m pode usar o operador diferente com outras fun\u00e7\u00f5es. Vamos tentar us\u00e1-lo com as fun\u00e7\u00f5es AND e OR.<\/p><p> Com a fun\u00e7\u00e3o OR voc\u00ea pode testar duas condi\u00e7\u00f5es e retornar\u00e1 TRUE se uma ou ambas as condi\u00e7\u00f5es forem iguais. No exemplo a seguir, temos duas condi\u00e7\u00f5es para testar. Compara\u00e7\u00e3o dos valores das c\u00e9lulas A1 e A2, depois B1 e B2. <\/p><div class=\"wp-block-image\"><figure class=\"aligncenter size-full is-resized\"><img loading=\"lazy\" decoding=\"async\" class=\"wp-image-69536\" src=\"https:\/\/exceladvisor.org\/wp-content\/uploads\/2023\/08\/4-operateur-non-egal-avec-ou.png\" sizes=\"auto, \" srcset=\"\" alt=\"operador n\u00e3o-igual-com-ou\" width=\"512\" height=\"269\"><\/figure><\/div><p> Agora como usamos o operador is not equal em ambas as condi\u00e7\u00f5es, e na primeira condi\u00e7\u00e3o ambos os valores n\u00e3o s\u00e3o iguais, ent\u00e3o ele retorna TRUE. Mas depois disso, na segunda condi\u00e7\u00e3o, os dois valores s\u00e3o iguais, ent\u00e3o a condi\u00e7\u00e3o \u00e9 FALSA.<\/p><p> Mas no resultado temos VERDADEIRO, pois como vimos, OR retorna VERDADEIRO se apenas uma condi\u00e7\u00e3o for VERDADEIRA.<\/p><p> Em seguida, use o mesmo com a fun\u00e7\u00e3o AND. AND retorna TRUE se todas as condi\u00e7\u00f5es especificadas forem iguais e FALSE mesmo se uma condi\u00e7\u00e3o for FALSE entre todas. <\/p><div class=\"wp-block-image\"><figure class=\"aligncenter size-full is-resized\"><img loading=\"lazy\" decoding=\"async\" class=\"wp-image-69537\" src=\"https:\/\/exceladvisor.org\/wp-content\/uploads\/2023\/08\/5-pas-egal-a-loperateur-avec-fin.png\" sizes=\"auto, \" srcset=\"\" alt=\"operador diferente com fim\" width=\"473\" height=\"271\"><\/figure><\/div><p> No exemplo acima, novamente temos os mesmos valores, mas quando voc\u00ea usa a fun\u00e7\u00e3o AND, ela retorna FALSE no resultado porque a segunda condi\u00e7\u00e3o (B1&lt;&gt;B2) n\u00e3o \u00e9 verdadeira, ambos os valores s\u00e3o id\u00eanticos.<\/p><h2 id=\"h-use-does-not-equal-operator-with-if-function\" class=\"wp-block-heading\"> Usando o operador NOT EQUAL com a fun\u00e7\u00e3o IF<\/h2><p> Voc\u00ea tamb\u00e9m pode usar o operador diferente na fun\u00e7\u00e3o SE. <\/p><div class=\"wp-block-image\"><figure class=\"aligncenter size-full is-resized\"><img loading=\"lazy\" decoding=\"async\" class=\"wp-image-69538\" src=\"https:\/\/exceladvisor.org\/wp-content\/uploads\/2023\/08\/6-pas-egal-a-loperateur-avec-si.png\" sizes=\"auto, \" srcset=\"\" alt=\"operador diferente com se\" width=\"538\" height=\"268\"><\/figure><\/div><ol type=\"1\"><li> Insira a fun\u00e7\u00e3o SE em uma c\u00e9lula onde deseja obter o resultado.<\/li><li> Depois disso, consulte a c\u00e9lula A1, use o operador diferente e consulte a c\u00e9lula A2.<\/li><li> Em seguida, use um valor para saber se a condi\u00e7\u00e3o \u00e9 VERDADEIRA.<\/li><li> No final, especifique o valor se a condi\u00e7\u00e3o for FALSE.<\/li><\/ol><p> A melhor coisa sobre usar IF com a condi\u00e7\u00e3o &#8220;n\u00e3o \u00e9 igual&#8221; \u00e9 que voc\u00ea pode retornar um valor espec\u00edfico obtido se a condi\u00e7\u00e3o for VERDADEIRA ou FALSA. <\/p><div class=\"gb-container gb-container-52dfcee1 gb-container-sample-file\"><h2 class=\"gb-headline gb-headline-e289c143 gb-headline-text gb-headline-4f7959c2\"> Obtenha o arquivo Excel<\/h2> <a href=\"https:\/\/exceladvisor.org\/wp-content\/uploads\/2023\/11\/nest-pas-egal-a-2.xlsx\">Download<\/a><\/div><div class=\"gb-container gb-container-0df56012 gb-container-mt\"> <a class=\"gb-button gb-button-f9f432f4 gb-button-text gb-button-mt-button\" href=\"https:\/\/exceladvisor.org\/pt\/formulas\/\">Lista de f\u00f3rmulas do Excel<\/a><h2 class=\"gb-headline gb-headline-233444e8 gb-headline-text gb-headline-mt-heading\"> F\u00f3rmulas relacionadas <\/h2><div class=\"gb-grid-wrapper gb-grid-wrapper-a16fa65c gb-grid-wrapper-mt-grid\"><div class=\"gb-grid-column gb-grid-column-50d07e0d\"><div class=\"gb-container gb-container-50d07e0d\"><ul><li> Calcular raiz c\u00fabica no Excel<\/li><li> <a href=\"https:\/\/exceladvisor.org\/pt\/diferenca-percentual\/\">Calcule a varia\u00e7\u00e3o percentual (diferen\u00e7a) no Excel<\/a><\/li><li> <a href=\"https:\/\/exceladvisor.org\/pt\/raiz-quadrada\/\">Calcular raiz quadrada no Excel + inserir s\u00edmbolo<\/a><\/li><li> <a href=\"https:\/\/exceladvisor.org\/pt\/numero-quadrado\/\">Quadrar um n\u00famero no Excel<\/a><\/li><li> <a href=\"https:\/\/exceladvisor.org\/pt\/adicionar-subtrair-uma-porcentagem-de-um-numero\/\">Adicionar e subtrair a porcentagem de um n\u00famero<\/a> <\/li><\/ul><\/div><\/div><div class=\"gb-grid-column gb-grid-column-5b4a0cf9\"><div class=\"gb-container gb-container-5b4a0cf9\"><\/div><\/div><\/div><\/div>","protected":false},"excerpt":{"rendered":"","protected":false},"author":1,"featured_media":0,"parent":0,"menu_order":0,"comment_status":"open","ping_status":"closed","template":"","meta":{"ub_ctt_via":"","footnotes":""},"class_list":["post-296","page","type-page","status-publish","hentry"],"featured_image_src":null,"yoast_head":"<!-- This site is optimized with the Yoast SEO plugin v25.4 - https:\/\/yoast.com\/wordpress\/plugins\/seo\/ -->\n<title>\u25b7 Como usar o operador diferente no Excel?<\/title>\n<meta name=\"description\" content=\"Neste tutorial, voc\u00ea aprender\u00e1 como criar uma f\u00f3rmula para usar o operador n\u00e3o \u00e9 igual no Excel. Este operador \u00e9...\" \/>\n<meta name=\"robots\" content=\"index, follow, max-snippet:-1, max-image-preview:large, max-video-preview:-1\" \/>\n<link rel=\"canonical\" href=\"https:\/\/exceladvisor.org\/pt\/nao-e-igual\/\" \/>\n<meta property=\"og:locale\" content=\"pt_PT\" \/>\n<meta property=\"og:type\" content=\"article\" \/>\n<meta property=\"og:title\" content=\"\u25b7 Como usar o operador diferente no Excel?\" \/>\n<meta property=\"og:description\" content=\"Neste tutorial, voc\u00ea aprender\u00e1 como criar uma f\u00f3rmula para usar o operador n\u00e3o \u00e9 igual no Excel. Este operador \u00e9...\" \/>\n<meta property=\"og:url\" content=\"https:\/\/exceladvisor.org\/pt\/nao-e-igual\/\" \/>\n<meta property=\"og:site_name\" content=\"Excel Advisor\" \/>\n<meta property=\"article:modified_time\" content=\"2023-12-06T11:50:10+00:00\" \/>\n<meta property=\"og:image\" content=\"https:\/\/exceladvisor.org\/wp-content\/uploads\/2023\/08\/1-deux-valeurs-dans-les-cellules.png\" \/>\n<meta name=\"twitter:card\" content=\"summary_large_image\" \/>\n<meta name=\"twitter:label1\" content=\"Tempo estimado de leitura\" \/>\n\t<meta name=\"twitter:data1\" content=\"3 minutos\" \/>\n<script type=\"application\/ld+json\" class=\"yoast-schema-graph\">{\"@context\":\"https:\/\/schema.org\",\"@graph\":[{\"@type\":\"WebPage\",\"@id\":\"https:\/\/exceladvisor.org\/pt\/nao-e-igual\/\",\"url\":\"https:\/\/exceladvisor.org\/pt\/nao-e-igual\/\",\"name\":\"\u25b7 Como usar o operador diferente no Excel?\",\"isPartOf\":{\"@id\":\"https:\/\/exceladvisor.org\/pt\/#website\"},\"primaryImageOfPage\":{\"@id\":\"https:\/\/exceladvisor.org\/pt\/nao-e-igual\/#primaryimage\"},\"image\":{\"@id\":\"https:\/\/exceladvisor.org\/pt\/nao-e-igual\/#primaryimage\"},\"thumbnailUrl\":\"https:\/\/exceladvisor.org\/wp-content\/uploads\/2023\/08\/1-deux-valeurs-dans-les-cellules.png\",\"datePublished\":\"2023-11-06T00:19:21+00:00\",\"dateModified\":\"2023-12-06T11:50:10+00:00\",\"description\":\"Neste tutorial, voc\u00ea aprender\u00e1 como criar uma f\u00f3rmula para usar o operador n\u00e3o \u00e9 igual no Excel. Este operador \u00e9...\",\"breadcrumb\":{\"@id\":\"https:\/\/exceladvisor.org\/pt\/nao-e-igual\/#breadcrumb\"},\"inLanguage\":\"pt-PT\",\"potentialAction\":[{\"@type\":\"ReadAction\",\"target\":[\"https:\/\/exceladvisor.org\/pt\/nao-e-igual\/\"]}]},{\"@type\":\"ImageObject\",\"inLanguage\":\"pt-PT\",\"@id\":\"https:\/\/exceladvisor.org\/pt\/nao-e-igual\/#primaryimage\",\"url\":\"https:\/\/exceladvisor.org\/wp-content\/uploads\/2023\/08\/1-deux-valeurs-dans-les-cellules.png\",\"contentUrl\":\"https:\/\/exceladvisor.org\/wp-content\/uploads\/2023\/08\/1-deux-valeurs-dans-les-cellules.png\"},{\"@type\":\"BreadcrumbList\",\"@id\":\"https:\/\/exceladvisor.org\/pt\/nao-e-igual\/#breadcrumb\",\"itemListElement\":[{\"@type\":\"ListItem\",\"position\":1,\"name\":\"Lar\",\"item\":\"https:\/\/exceladvisor.org\/pt\/\"},{\"@type\":\"ListItem\",\"position\":2,\"name\":\"Como usar o operador diferente no excel?\"}]},{\"@type\":\"WebSite\",\"@id\":\"https:\/\/exceladvisor.org\/pt\/#website\",\"url\":\"https:\/\/exceladvisor.org\/pt\/\",\"name\":\"Excel Advisor\",\"description\":\"O seu guia definitivo para dominar os dados!\",\"publisher\":{\"@id\":\"https:\/\/exceladvisor.org\/pt\/#organization\"},\"potentialAction\":[{\"@type\":\"SearchAction\",\"target\":{\"@type\":\"EntryPoint\",\"urlTemplate\":\"https:\/\/exceladvisor.org\/pt\/?s={search_term_string}\"},\"query-input\":{\"@type\":\"PropertyValueSpecification\",\"valueRequired\":true,\"valueName\":\"search_term_string\"}}],\"inLanguage\":\"pt-PT\"},{\"@type\":\"Organization\",\"@id\":\"https:\/\/exceladvisor.org\/pt\/#organization\",\"name\":\"Excel Advisor\",\"url\":\"https:\/\/exceladvisor.org\/pt\/\",\"logo\":{\"@type\":\"ImageObject\",\"inLanguage\":\"pt-PT\",\"@id\":\"https:\/\/exceladvisor.org\/pt\/#\/schema\/logo\/image\/\",\"url\":\"https:\/\/exceladvisor.org\/pt\/wp-content\/uploads\/2023\/12\/exceladvisor.org_.png\",\"contentUrl\":\"https:\/\/exceladvisor.org\/pt\/wp-content\/uploads\/2023\/12\/exceladvisor.org_.png\",\"width\":105,\"height\":36,\"caption\":\"Excel Advisor\"},\"image\":{\"@id\":\"https:\/\/exceladvisor.org\/pt\/#\/schema\/logo\/image\/\"}}]}<\/script>\n<!-- \/ Yoast SEO plugin. -->","yoast_head_json":{"title":"\u25b7 Como usar o operador diferente no Excel?","description":"Neste tutorial, voc\u00ea aprender\u00e1 como criar uma f\u00f3rmula para usar o operador n\u00e3o \u00e9 igual no Excel. Este operador \u00e9...","robots":{"index":"index","follow":"follow","max-snippet":"max-snippet:-1","max-image-preview":"max-image-preview:large","max-video-preview":"max-video-preview:-1"},"canonical":"https:\/\/exceladvisor.org\/pt\/nao-e-igual\/","og_locale":"pt_PT","og_type":"article","og_title":"\u25b7 Como usar o operador diferente no Excel?","og_description":"Neste tutorial, voc\u00ea aprender\u00e1 como criar uma f\u00f3rmula para usar o operador n\u00e3o \u00e9 igual no Excel. Este operador \u00e9...","og_url":"https:\/\/exceladvisor.org\/pt\/nao-e-igual\/","og_site_name":"Excel Advisor","article_modified_time":"2023-12-06T11:50:10+00:00","og_image":[{"url":"https:\/\/exceladvisor.org\/wp-content\/uploads\/2023\/08\/1-deux-valeurs-dans-les-cellules.png","type":"","width":"","height":""}],"twitter_card":"summary_large_image","twitter_misc":{"Tempo estimado de leitura":"3 minutos"},"schema":{"@context":"https:\/\/schema.org","@graph":[{"@type":"WebPage","@id":"https:\/\/exceladvisor.org\/pt\/nao-e-igual\/","url":"https:\/\/exceladvisor.org\/pt\/nao-e-igual\/","name":"\u25b7 Como usar o operador diferente no Excel?","isPartOf":{"@id":"https:\/\/exceladvisor.org\/pt\/#website"},"primaryImageOfPage":{"@id":"https:\/\/exceladvisor.org\/pt\/nao-e-igual\/#primaryimage"},"image":{"@id":"https:\/\/exceladvisor.org\/pt\/nao-e-igual\/#primaryimage"},"thumbnailUrl":"https:\/\/exceladvisor.org\/wp-content\/uploads\/2023\/08\/1-deux-valeurs-dans-les-cellules.png","datePublished":"2023-11-06T00:19:21+00:00","dateModified":"2023-12-06T11:50:10+00:00","description":"Neste tutorial, voc\u00ea aprender\u00e1 como criar uma f\u00f3rmula para usar o operador n\u00e3o \u00e9 igual no Excel. Este operador \u00e9...","breadcrumb":{"@id":"https:\/\/exceladvisor.org\/pt\/nao-e-igual\/#breadcrumb"},"inLanguage":"pt-PT","potentialAction":[{"@type":"ReadAction","target":["https:\/\/exceladvisor.org\/pt\/nao-e-igual\/"]}]},{"@type":"ImageObject","inLanguage":"pt-PT","@id":"https:\/\/exceladvisor.org\/pt\/nao-e-igual\/#primaryimage","url":"https:\/\/exceladvisor.org\/wp-content\/uploads\/2023\/08\/1-deux-valeurs-dans-les-cellules.png","contentUrl":"https:\/\/exceladvisor.org\/wp-content\/uploads\/2023\/08\/1-deux-valeurs-dans-les-cellules.png"},{"@type":"BreadcrumbList","@id":"https:\/\/exceladvisor.org\/pt\/nao-e-igual\/#breadcrumb","itemListElement":[{"@type":"ListItem","position":1,"name":"Lar","item":"https:\/\/exceladvisor.org\/pt\/"},{"@type":"ListItem","position":2,"name":"Como usar o operador diferente no excel?"}]},{"@type":"WebSite","@id":"https:\/\/exceladvisor.org\/pt\/#website","url":"https:\/\/exceladvisor.org\/pt\/","name":"Excel Advisor","description":"O seu guia definitivo para dominar os dados!","publisher":{"@id":"https:\/\/exceladvisor.org\/pt\/#organization"},"potentialAction":[{"@type":"SearchAction","target":{"@type":"EntryPoint","urlTemplate":"https:\/\/exceladvisor.org\/pt\/?s={search_term_string}"},"query-input":{"@type":"PropertyValueSpecification","valueRequired":true,"valueName":"search_term_string"}}],"inLanguage":"pt-PT"},{"@type":"Organization","@id":"https:\/\/exceladvisor.org\/pt\/#organization","name":"Excel Advisor","url":"https:\/\/exceladvisor.org\/pt\/","logo":{"@type":"ImageObject","inLanguage":"pt-PT","@id":"https:\/\/exceladvisor.org\/pt\/#\/schema\/logo\/image\/","url":"https:\/\/exceladvisor.org\/pt\/wp-content\/uploads\/2023\/12\/exceladvisor.org_.png","contentUrl":"https:\/\/exceladvisor.org\/pt\/wp-content\/uploads\/2023\/12\/exceladvisor.org_.png","width":105,"height":36,"caption":"Excel Advisor"},"image":{"@id":"https:\/\/exceladvisor.org\/pt\/#\/schema\/logo\/image\/"}}]}},"yoast_meta":{"yoast_wpseo_title":"","yoast_wpseo_metadesc":"","yoast_wpseo_canonical":""},"_links":{"self":[{"href":"https:\/\/exceladvisor.org\/pt\/wp-json\/wp\/v2\/pages\/296","targetHints":{"allow":["GET"]}}],"collection":[{"href":"https:\/\/exceladvisor.org\/pt\/wp-json\/wp\/v2\/pages"}],"about":[{"href":"https:\/\/exceladvisor.org\/pt\/wp-json\/wp\/v2\/types\/page"}],"author":[{"embeddable":true,"href":"https:\/\/exceladvisor.org\/pt\/wp-json\/wp\/v2\/users\/1"}],"replies":[{"embeddable":true,"href":"https:\/\/exceladvisor.org\/pt\/wp-json\/wp\/v2\/comments?post=296"}],"version-history":[{"count":1,"href":"https:\/\/exceladvisor.org\/pt\/wp-json\/wp\/v2\/pages\/296\/revisions"}],"predecessor-version":[{"id":1368,"href":"https:\/\/exceladvisor.org\/pt\/wp-json\/wp\/v2\/pages\/296\/revisions\/1368"}],"wp:attachment":[{"href":"https:\/\/exceladvisor.org\/pt\/wp-json\/wp\/v2\/media?parent=296"}],"curies":[{"name":"wp","href":"https:\/\/api.w.org\/{rel}","templated":true}]}}