{"id":297,"date":"2023-11-06T00:02:41","date_gmt":"2023-11-06T00:02:41","guid":{"rendered":"https:\/\/exceladvisor.org\/pt\/compare-duas-colunas-vlookup\/"},"modified":"2023-12-06T11:33:40","modified_gmt":"2023-12-06T11:33:40","slug":"compare-duas-colunas-vlookup","status":"publish","type":"page","link":"https:\/\/exceladvisor.org\/pt\/compare-duas-colunas-vlookup\/","title":{"rendered":"Combine\/compare duas colunas com vlookup"},"content":{"rendered":"<div class=\"excel-before-content-2\" id=\"excel-106766834\"><script type=\"text\/javascript\">\r\n\tatOptions = {\r\n\t\t'key' : 'c1158f160081d6540a8409e6925dab94',\r\n\t\t'format' : 'iframe',\r\n\t\t'height' : 250,\r\n\t\t'width' : 300,\r\n\t\t'params' : {}\r\n\t};\r\n<\/script>\r\n<script type=\"text\/javascript\" src=\"\/\/www.highperformanceformat.com\/c1158f160081d6540a8409e6925dab94\/invoke.js\"><\/script><\/div><div class=\"excel-before-content\" id=\"excel-681491699\"><script type=\"text\/javascript\">\r\n\tatOptions = {\r\n\t\t'key' : 'c1158f160081d6540a8409e6925dab94',\r\n\t\t'format' : 'iframe',\r\n\t\t'height' : 250,\r\n\t\t'width' : 300,\r\n\t\t'params' : {}\r\n\t};\r\n<\/script>\r\n<script type=\"text\/javascript\" src=\"\/\/www.highperformanceformat.com\/c1158f160081d6540a8409e6925dab94\/invoke.js\"><\/script><\/div> <p>VLOOKUP \u00e9 a maneira mais f\u00e1cil de combinar duas colunas e obter um resultado sobre quais valores correspondem. No exemplo abaixo temos duas listas de nomes. No primeiro temos 20 substantivos e no segundo temos 10 substantivos. <\/p><div class=\"wp-block-image\"><figure class=\"aligncenter size-full is-resized\"><img loading=\"lazy\" decoding=\"async\" class=\"wp-image-85920\" src=\"https:\/\/exceladvisor.org\/wp-content\/uploads\/2023\/08\/1-comparer-deux-colonnes-avec-vlookup.png\" sizes=\"auto, \" srcset=\"\" alt=\"compare duas colunas com vlookup\" width=\"505\" height=\"483\"><\/figure><\/div><p> Agora voc\u00ea precisa comparar as duas colunas entre si usando VLOOKUP.<\/p><h2 class=\"wp-block-heading\"> Comparando a primeira coluna com a segunda coluna<\/h2><p> Voc\u00ea precisa seguir as etapas abaixo:<\/p><ol type=\"1\"><li> Na coluna B, pr\u00f3ximo \u00e0 coluna A. Na c\u00e9lula B2, insira VLOOKUP.<\/li><li> Em lookup_value, consulte a c\u00e9lula A2.<\/li><li> Para table_array, consulte o intervalo D1:D11; Para congelar o intervalo, voc\u00ea pode usar um cifr\u00e3o ($D$1:$D11).<\/li><li> Digite 1 em column_index_num.<\/li><li> E no range_index digite 0 e feche a fun\u00e7\u00e3o. <\/li><\/ol><div class=\"wp-block-image\"><figure class=\"aligncenter size-full is-resized\"><img loading=\"lazy\" decoding=\"async\" class=\"wp-image-85921\" src=\"https:\/\/exceladvisor.org\/wp-content\/uploads\/2023\/08\/2-comparer-la-premiere-colonne-avec-la-seconde.png\" sizes=\"auto, \" srcset=\"\" alt=\"compare a primeira coluna com a segunda\" width=\"600\" height=\"415\"><\/figure><\/div><p> Agora pressione Enter para obter o resultado e role a f\u00f3rmula at\u00e9 o sobrenome. Como voc\u00ea pode ver, quatro valores na coluna correspondem aos nomes da segunda coluna. <\/p><pre class=\"wp-block-code\"> <code class=\"language-Visual Basic\" lang=\"Visual Basic\">= VLOOKUP(A2,$D$1:$D$11,1,0))<\/code><\/pre><div class=\"wp-block-image\"><figure class=\"aligncenter size-full is-resized\"><img loading=\"lazy\" decoding=\"async\" class=\"wp-image-85922\" src=\"https:\/\/exceladvisor.org\/wp-content\/uploads\/2023\/08\/3-resultat-de-la-comparaison-vlookup.png\" sizes=\"auto, \" srcset=\"\" alt=\"resultado de compara\u00e7\u00e3o vlookup\" width=\"573\" height=\"576\"><\/figure><\/div><p> E se quiser comparar a segunda coluna com a primeira coluna, voc\u00ea pode usar a mesma f\u00f3rmula. <\/p><div class=\"wp-block-image\"><figure class=\"aligncenter size-full is-resized\"><img loading=\"lazy\" decoding=\"async\" class=\"wp-image-85923\" src=\"https:\/\/exceladvisor.org\/wp-content\/uploads\/2023\/08\/4-comparer-la-deuxieme-colonne-avec-la-premiere.png\" sizes=\"auto, \" srcset=\"\" alt=\"compare-a-segunda-coluna-com-a-primeira\" width=\"503\" height=\"556\"><\/figure><\/div><pre class=\"wp-block-code\"> <code class=\"language-excel-formula\" lang=\"excel-formula\">=VLOOKUP(C2,$A$1:$A$21,1,0)<\/code><\/pre><p class=\"alert-box\"> Voc\u00ea precisa congelar o intervalo usando o cifr\u00e3o ($) em table_array para que, ao arrastar a f\u00f3rmula para baixo, ela n\u00e3o mova table_array com ela.<\/p><h2 class=\"wp-block-heading\"> Obtenha uma resposta significativa ao resultado<\/h2><p> Como voc\u00ea pode ver, temos um erro #N\/A para valores que n\u00e3o est\u00e3o na segunda coluna. Agora, para converter esse erro em algo significativo, voc\u00ea pode usar a f\u00f3rmula abaixo: <\/p><pre class=\"wp-block-code\"> <code class=\"language-excel-formula\" lang=\"excel-formula\">=IF(ISERROR(VLOOKUP(A2,$D$1:$D$11,1,0)),\"Not Available\",\"Available\")<\/code><\/pre><div class=\"wp-block-image\"><figure class=\"aligncenter size-full is-resized\"><img loading=\"lazy\" decoding=\"async\" class=\"wp-image-85924\" src=\"https:\/\/exceladvisor.org\/wp-content\/uploads\/2023\/08\/5-geler-la-plage.png\" sizes=\"auto, \" srcset=\"\" alt=\"faixa de congelamento\" width=\"638\" height=\"464\"><\/figure><\/div><p> Esta f\u00f3rmula usa ISERROR para verificar o erro e depois usa IF. Se houver um erro, ele retornar\u00e1 um valor especificado; caso contr\u00e1rio, outro valor que voc\u00ea definir.<\/p><p> <a href=\"https:\/\/exceladvisor.org\/wp-content\/uploads\/2023\/08\/faire-correspondre-les-colonnes.xlsx\">Download<\/a><\/p>","protected":false},"excerpt":{"rendered":"","protected":false},"author":1,"featured_media":0,"parent":0,"menu_order":0,"comment_status":"open","ping_status":"closed","template":"","meta":{"ub_ctt_via":"","footnotes":""},"class_list":["post-297","page","type-page","status-publish","hentry"],"featured_image_src":null,"yoast_head":"<!-- This site is optimized with the Yoast SEO plugin v25.4 - https:\/\/yoast.com\/wordpress\/plugins\/seo\/ -->\n<title>Combine\/compare duas colunas com VLOOKUP<\/title>\n<meta name=\"description\" content=\"Este tutorial ir\u00e1 ensin\u00e1-lo a escrever uma f\u00f3rmula do Excel para usar VLOOKUP para comparar ou combinar duas colunas.\" \/>\n<meta name=\"robots\" content=\"index, follow, max-snippet:-1, max-image-preview:large, max-video-preview:-1\" \/>\n<link rel=\"canonical\" href=\"https:\/\/exceladvisor.org\/pt\/compare-duas-colunas-vlookup\/\" \/>\n<meta property=\"og:locale\" content=\"pt_PT\" \/>\n<meta property=\"og:type\" content=\"article\" \/>\n<meta property=\"og:title\" content=\"Combine\/compare duas colunas com VLOOKUP\" \/>\n<meta property=\"og:description\" content=\"Este tutorial ir\u00e1 ensin\u00e1-lo a escrever uma f\u00f3rmula do Excel para usar VLOOKUP para comparar ou combinar duas colunas.\" \/>\n<meta property=\"og:url\" content=\"https:\/\/exceladvisor.org\/pt\/compare-duas-colunas-vlookup\/\" \/>\n<meta property=\"og:site_name\" content=\"Excel Advisor\" \/>\n<meta property=\"article:modified_time\" content=\"2023-12-06T11:33:40+00:00\" \/>\n<meta property=\"og:image\" content=\"https:\/\/exceladvisor.org\/wp-content\/uploads\/2023\/08\/1-comparer-deux-colonnes-avec-vlookup.png\" \/>\n<meta name=\"twitter:card\" content=\"summary_large_image\" \/>\n<meta name=\"twitter:label1\" content=\"Tempo estimado de leitura\" \/>\n\t<meta name=\"twitter:data1\" content=\"1 minuto\" \/>\n<script type=\"application\/ld+json\" class=\"yoast-schema-graph\">{\"@context\":\"https:\/\/schema.org\",\"@graph\":[{\"@type\":\"WebPage\",\"@id\":\"https:\/\/exceladvisor.org\/pt\/compare-duas-colunas-vlookup\/\",\"url\":\"https:\/\/exceladvisor.org\/pt\/compare-duas-colunas-vlookup\/\",\"name\":\"Combine\/compare duas colunas com VLOOKUP\",\"isPartOf\":{\"@id\":\"https:\/\/exceladvisor.org\/pt\/#website\"},\"primaryImageOfPage\":{\"@id\":\"https:\/\/exceladvisor.org\/pt\/compare-duas-colunas-vlookup\/#primaryimage\"},\"image\":{\"@id\":\"https:\/\/exceladvisor.org\/pt\/compare-duas-colunas-vlookup\/#primaryimage\"},\"thumbnailUrl\":\"https:\/\/exceladvisor.org\/wp-content\/uploads\/2023\/08\/1-comparer-deux-colonnes-avec-vlookup.png\",\"datePublished\":\"2023-11-06T00:02:41+00:00\",\"dateModified\":\"2023-12-06T11:33:40+00:00\",\"description\":\"Este tutorial ir\u00e1 ensin\u00e1-lo a escrever uma f\u00f3rmula do Excel para usar VLOOKUP para comparar ou combinar duas colunas.\",\"breadcrumb\":{\"@id\":\"https:\/\/exceladvisor.org\/pt\/compare-duas-colunas-vlookup\/#breadcrumb\"},\"inLanguage\":\"pt-PT\",\"potentialAction\":[{\"@type\":\"ReadAction\",\"target\":[\"https:\/\/exceladvisor.org\/pt\/compare-duas-colunas-vlookup\/\"]}]},{\"@type\":\"ImageObject\",\"inLanguage\":\"pt-PT\",\"@id\":\"https:\/\/exceladvisor.org\/pt\/compare-duas-colunas-vlookup\/#primaryimage\",\"url\":\"https:\/\/exceladvisor.org\/wp-content\/uploads\/2023\/08\/1-comparer-deux-colonnes-avec-vlookup.png\",\"contentUrl\":\"https:\/\/exceladvisor.org\/wp-content\/uploads\/2023\/08\/1-comparer-deux-colonnes-avec-vlookup.png\"},{\"@type\":\"BreadcrumbList\",\"@id\":\"https:\/\/exceladvisor.org\/pt\/compare-duas-colunas-vlookup\/#breadcrumb\",\"itemListElement\":[{\"@type\":\"ListItem\",\"position\":1,\"name\":\"Lar\",\"item\":\"https:\/\/exceladvisor.org\/pt\/\"},{\"@type\":\"ListItem\",\"position\":2,\"name\":\"Combine\/compare duas colunas com vlookup\"}]},{\"@type\":\"WebSite\",\"@id\":\"https:\/\/exceladvisor.org\/pt\/#website\",\"url\":\"https:\/\/exceladvisor.org\/pt\/\",\"name\":\"Excel Advisor\",\"description\":\"O seu guia definitivo para dominar os dados!\",\"publisher\":{\"@id\":\"https:\/\/exceladvisor.org\/pt\/#organization\"},\"potentialAction\":[{\"@type\":\"SearchAction\",\"target\":{\"@type\":\"EntryPoint\",\"urlTemplate\":\"https:\/\/exceladvisor.org\/pt\/?s={search_term_string}\"},\"query-input\":{\"@type\":\"PropertyValueSpecification\",\"valueRequired\":true,\"valueName\":\"search_term_string\"}}],\"inLanguage\":\"pt-PT\"},{\"@type\":\"Organization\",\"@id\":\"https:\/\/exceladvisor.org\/pt\/#organization\",\"name\":\"Excel Advisor\",\"url\":\"https:\/\/exceladvisor.org\/pt\/\",\"logo\":{\"@type\":\"ImageObject\",\"inLanguage\":\"pt-PT\",\"@id\":\"https:\/\/exceladvisor.org\/pt\/#\/schema\/logo\/image\/\",\"url\":\"https:\/\/exceladvisor.org\/pt\/wp-content\/uploads\/2023\/12\/exceladvisor.org_.png\",\"contentUrl\":\"https:\/\/exceladvisor.org\/pt\/wp-content\/uploads\/2023\/12\/exceladvisor.org_.png\",\"width\":105,\"height\":36,\"caption\":\"Excel Advisor\"},\"image\":{\"@id\":\"https:\/\/exceladvisor.org\/pt\/#\/schema\/logo\/image\/\"}}]}<\/script>\n<!-- \/ Yoast SEO plugin. -->","yoast_head_json":{"title":"Combine\/compare duas colunas com VLOOKUP","description":"Este tutorial ir\u00e1 ensin\u00e1-lo a escrever uma f\u00f3rmula do Excel para usar VLOOKUP para comparar ou combinar duas colunas.","robots":{"index":"index","follow":"follow","max-snippet":"max-snippet:-1","max-image-preview":"max-image-preview:large","max-video-preview":"max-video-preview:-1"},"canonical":"https:\/\/exceladvisor.org\/pt\/compare-duas-colunas-vlookup\/","og_locale":"pt_PT","og_type":"article","og_title":"Combine\/compare duas colunas com VLOOKUP","og_description":"Este tutorial ir\u00e1 ensin\u00e1-lo a escrever uma f\u00f3rmula do Excel para usar VLOOKUP para comparar ou combinar duas colunas.","og_url":"https:\/\/exceladvisor.org\/pt\/compare-duas-colunas-vlookup\/","og_site_name":"Excel Advisor","article_modified_time":"2023-12-06T11:33:40+00:00","og_image":[{"url":"https:\/\/exceladvisor.org\/wp-content\/uploads\/2023\/08\/1-comparer-deux-colonnes-avec-vlookup.png","type":"","width":"","height":""}],"twitter_card":"summary_large_image","twitter_misc":{"Tempo estimado de leitura":"1 minuto"},"schema":{"@context":"https:\/\/schema.org","@graph":[{"@type":"WebPage","@id":"https:\/\/exceladvisor.org\/pt\/compare-duas-colunas-vlookup\/","url":"https:\/\/exceladvisor.org\/pt\/compare-duas-colunas-vlookup\/","name":"Combine\/compare duas colunas com VLOOKUP","isPartOf":{"@id":"https:\/\/exceladvisor.org\/pt\/#website"},"primaryImageOfPage":{"@id":"https:\/\/exceladvisor.org\/pt\/compare-duas-colunas-vlookup\/#primaryimage"},"image":{"@id":"https:\/\/exceladvisor.org\/pt\/compare-duas-colunas-vlookup\/#primaryimage"},"thumbnailUrl":"https:\/\/exceladvisor.org\/wp-content\/uploads\/2023\/08\/1-comparer-deux-colonnes-avec-vlookup.png","datePublished":"2023-11-06T00:02:41+00:00","dateModified":"2023-12-06T11:33:40+00:00","description":"Este tutorial ir\u00e1 ensin\u00e1-lo a escrever uma f\u00f3rmula do Excel para usar VLOOKUP para comparar ou combinar duas colunas.","breadcrumb":{"@id":"https:\/\/exceladvisor.org\/pt\/compare-duas-colunas-vlookup\/#breadcrumb"},"inLanguage":"pt-PT","potentialAction":[{"@type":"ReadAction","target":["https:\/\/exceladvisor.org\/pt\/compare-duas-colunas-vlookup\/"]}]},{"@type":"ImageObject","inLanguage":"pt-PT","@id":"https:\/\/exceladvisor.org\/pt\/compare-duas-colunas-vlookup\/#primaryimage","url":"https:\/\/exceladvisor.org\/wp-content\/uploads\/2023\/08\/1-comparer-deux-colonnes-avec-vlookup.png","contentUrl":"https:\/\/exceladvisor.org\/wp-content\/uploads\/2023\/08\/1-comparer-deux-colonnes-avec-vlookup.png"},{"@type":"BreadcrumbList","@id":"https:\/\/exceladvisor.org\/pt\/compare-duas-colunas-vlookup\/#breadcrumb","itemListElement":[{"@type":"ListItem","position":1,"name":"Lar","item":"https:\/\/exceladvisor.org\/pt\/"},{"@type":"ListItem","position":2,"name":"Combine\/compare duas colunas com vlookup"}]},{"@type":"WebSite","@id":"https:\/\/exceladvisor.org\/pt\/#website","url":"https:\/\/exceladvisor.org\/pt\/","name":"Excel Advisor","description":"O seu guia definitivo para dominar os dados!","publisher":{"@id":"https:\/\/exceladvisor.org\/pt\/#organization"},"potentialAction":[{"@type":"SearchAction","target":{"@type":"EntryPoint","urlTemplate":"https:\/\/exceladvisor.org\/pt\/?s={search_term_string}"},"query-input":{"@type":"PropertyValueSpecification","valueRequired":true,"valueName":"search_term_string"}}],"inLanguage":"pt-PT"},{"@type":"Organization","@id":"https:\/\/exceladvisor.org\/pt\/#organization","name":"Excel Advisor","url":"https:\/\/exceladvisor.org\/pt\/","logo":{"@type":"ImageObject","inLanguage":"pt-PT","@id":"https:\/\/exceladvisor.org\/pt\/#\/schema\/logo\/image\/","url":"https:\/\/exceladvisor.org\/pt\/wp-content\/uploads\/2023\/12\/exceladvisor.org_.png","contentUrl":"https:\/\/exceladvisor.org\/pt\/wp-content\/uploads\/2023\/12\/exceladvisor.org_.png","width":105,"height":36,"caption":"Excel Advisor"},"image":{"@id":"https:\/\/exceladvisor.org\/pt\/#\/schema\/logo\/image\/"}}]}},"yoast_meta":{"yoast_wpseo_title":"","yoast_wpseo_metadesc":"","yoast_wpseo_canonical":""},"_links":{"self":[{"href":"https:\/\/exceladvisor.org\/pt\/wp-json\/wp\/v2\/pages\/297","targetHints":{"allow":["GET"]}}],"collection":[{"href":"https:\/\/exceladvisor.org\/pt\/wp-json\/wp\/v2\/pages"}],"about":[{"href":"https:\/\/exceladvisor.org\/pt\/wp-json\/wp\/v2\/types\/page"}],"author":[{"embeddable":true,"href":"https:\/\/exceladvisor.org\/pt\/wp-json\/wp\/v2\/users\/1"}],"replies":[{"embeddable":true,"href":"https:\/\/exceladvisor.org\/pt\/wp-json\/wp\/v2\/comments?post=297"}],"version-history":[{"count":1,"href":"https:\/\/exceladvisor.org\/pt\/wp-json\/wp\/v2\/pages\/297\/revisions"}],"predecessor-version":[{"id":763,"href":"https:\/\/exceladvisor.org\/pt\/wp-json\/wp\/v2\/pages\/297\/revisions\/763"}],"wp:attachment":[{"href":"https:\/\/exceladvisor.org\/pt\/wp-json\/wp\/v2\/media?parent=297"}],"curies":[{"name":"wp","href":"https:\/\/api.w.org\/{rel}","templated":true}]}}