{"id":298,"date":"2023-11-05T18:40:28","date_gmt":"2023-11-05T18:40:28","guid":{"rendered":"https:\/\/exceladvisor.org\/pt\/coluna-inteira\/"},"modified":"2023-12-06T11:50:49","modified_gmt":"2023-12-06T11:50:49","slug":"coluna-inteira","status":"publish","type":"page","link":"https:\/\/exceladvisor.org\/pt\/coluna-inteira\/","title":{"rendered":"Formata\u00e7\u00e3o condicional de uma coluna no excel"},"content":{"rendered":"<div class=\"excel-before-content-2\" id=\"excel-1210738759\"><script type=\"text\/javascript\">\r\n\tatOptions = {\r\n\t\t'key' : 'c1158f160081d6540a8409e6925dab94',\r\n\t\t'format' : 'iframe',\r\n\t\t'height' : 250,\r\n\t\t'width' : 300,\r\n\t\t'params' : {}\r\n\t};\r\n<\/script>\r\n<script type=\"text\/javascript\" src=\"\/\/www.highperformanceformat.com\/c1158f160081d6540a8409e6925dab94\/invoke.js\"><\/script><\/div><div class=\"excel-before-content\" id=\"excel-417760063\"><script type=\"text\/javascript\">\r\n\tatOptions = {\r\n\t\t'key' : 'c1158f160081d6540a8409e6925dab94',\r\n\t\t'format' : 'iframe',\r\n\t\t'height' : 250,\r\n\t\t'width' : 300,\r\n\t\t'params' : {}\r\n\t};\r\n<\/script>\r\n<script type=\"text\/javascript\" src=\"\/\/www.highperformanceformat.com\/c1158f160081d6540a8409e6925dab94\/invoke.js\"><\/script><\/div> <p>Se voc\u00ea deseja aplicar a formata\u00e7\u00e3o condicional a uma coluna inteira, selecione a coluna ou linha inteira antes de abrir a op\u00e7\u00e3o de formata\u00e7\u00e3o condicional para aplicar. Este tutorial mostrar\u00e1 uma maneira r\u00e1pida de fazer isso. Vamos come\u00e7ar.<\/p><p> No exemplo abaixo, temos um valor na coluna A e voc\u00ea precisa aplicar a formata\u00e7\u00e3o condicional a toda a coluna A, que destaca todos os n\u00fameros maiores que 1.500. <\/p><div class=\"wp-block-image\"><figure class=\"aligncenter size-full is-resized\"><img loading=\"lazy\" decoding=\"async\" class=\"wp-image-90539\" src=\"https:\/\/exceladvisor.org\/wp-content\/uploads\/2023\/08\/1-mise-en-forme-conditionnelle-a-une-colonne-entiere.png\" sizes=\"auto, \" srcset=\"\" alt=\"formata\u00e7\u00e3o condicional para uma coluna inteira\" width=\"423\" height=\"286\"><\/figure><\/div><h2 class=\"wp-block-heading\"> Etapas para aplicar formata\u00e7\u00e3o condicional a uma coluna inteira<\/h2><ol><li> Primeiro, selecione a coluna inteira com o atalho de teclado (Ctrl + Espa\u00e7o) ou clique no cabe\u00e7alho da coluna. <br><img loading=\"lazy\" decoding=\"async\" title=\"Coluna inteira com 2 sele\u00e7\u00f5es\" src=\"https:\/\/exceladvisor.org\/wp-content\/uploads\/2023\/08\/2-selectionner-toute-la-colonne.png\" sizes=\"auto, \" srcset=\"\" alt=\"2-select-the-entire-column\" width=\"451\" height=\"304\"><\/li><li> Em seguida, v\u00e1 para a guia In\u00edcio &gt; Formata\u00e7\u00e3o Condicional &gt; Regra de Destaque de C\u00e9lula &gt; Maior que. <br><img loading=\"lazy\" decoding=\"async\" title=\"regra 3 c\u00e9lulas destacadas maiores que\" src=\"https:\/\/exceladvisor.org\/wp-content\/uploads\/2023\/08\/3-cellules-en-surbrillance-regle-superieure-a.png\" sizes=\"auto, \" srcset=\"\" alt=\"3-highlight-cells-rule-greater-than\" width=\"565\" height=\"285\"><\/li><li> Agora, na caixa de di\u00e1logo maior que, insira 1500 na caixa de entrada \u201cFormatar c\u00e9lulas maiores que\u201d e selecione o formato que deseja aplicar \u00e0s c\u00e9lulas cujo valor seja maior que 1500. <br><img loading=\"lazy\" decoding=\"async\" title=\"4-insira-maior que o valor na caixa\" src=\"https:\/\/exceladvisor.org\/wp-content\/uploads\/2023\/08\/4-entrez-superieur-a-la-valeur-dans-la-case.png\" sizes=\"auto, \" srcset=\"\" alt=\"4-enter-greater-than-value-in-box\" width=\"530\" height=\"255\"><\/li><li> Por fim, clique em OK para aplicar a formata\u00e7\u00e3o a toda a coluna. <br><img loading=\"lazy\" decoding=\"async\" title=\"5-aplicar formata\u00e7\u00e3o a toda a coluna\" src=\"https:\/\/exceladvisor.org\/wp-content\/uploads\/2023\/08\/5-appliquer-le-formatage-a-toute-la-colonne.png\" sizes=\"auto, \" srcset=\"\" alt=\"5-apply-formatting-to-entire-column\" width=\"452\" height=\"305\"><\/li><\/ol><p> Agora aqui a formata\u00e7\u00e3o condicional \u00e9 aplicada a toda a coluna, e quando voc\u00ea insere um novo valor no final, tamb\u00e9m verifica se a condi\u00e7\u00e3o \u00e9 que o valor seja maior que 1500 ou n\u00e3o. <\/p><div class=\"wp-block-image\"><figure class=\"aligncenter size-full is-resized\"><img loading=\"lazy\" decoding=\"async\" class=\"wp-image-90544\" src=\"https:\/\/exceladvisor.org\/wp-content\/uploads\/2023\/08\/6-formatage-conditionnel-applique-a-toute-la-colonne.png\" sizes=\"auto, \" srcset=\"\" alt=\"formata\u00e7\u00e3o condicional aplicada a coluna inteira\" width=\"308\" height=\"227\"><\/figure><\/div><h2 class=\"wp-block-heading\"> Usando uma tabela em vez de uma coluna inteira<\/h2><p> N\u00e3o h\u00e1 problema quando voc\u00ea aplica formata\u00e7\u00e3o condicional a uma coluna inteira, mas se voc\u00ea usar uma tabela do Excel (Ctrl + T para aplicar) poder\u00e1 torn\u00e1-la din\u00e2mica. Isso expandir\u00e1 a formata\u00e7\u00e3o condicional assim que voc\u00ea inserir um novo valor. <\/p><div class=\"wp-block-image\"><figure class=\"aligncenter size-full is-resized\"><img loading=\"lazy\" decoding=\"async\" class=\"wp-image-90545\" src=\"https:\/\/exceladvisor.org\/wp-content\/uploads\/2023\/08\/7-utiliser-le-tableau-au-lieu-de-la-colonne-entiere.png\" sizes=\"auto, \" srcset=\"\" alt=\"use a tabela em vez da coluna inteira\" width=\"588\" height=\"444\"><\/figure><\/div><p> No exemplo acima, a formata\u00e7\u00e3o condicional se aplica apenas ao intervalo A1:A100. No entanto, como aplicamos a tabela do Excel aos dados quando voc\u00ea insere um novo valor para estender o intervalo de dados, isso tamb\u00e9m estende a formata\u00e7\u00e3o condicional. <\/p><div class=\"wp-block-image\"><figure class=\"aligncenter size-full is-resized\"><img loading=\"lazy\" decoding=\"async\" class=\"wp-image-90546\" src=\"https:\/\/exceladvisor.org\/wp-content\/uploads\/2023\/08\/8-formatage-sapplique-a-la-plage-etendue.png\" sizes=\"auto, \" srcset=\"\" alt=\"formata\u00e7\u00e3o aplica-se ao intervalo estendido\" width=\"300\" height=\"295\"><\/figure><\/div><p> Ambos os m\u00e9todos funcionam muito bem; voc\u00ea pode escolher o que atende \u00e0s suas necessidades.<\/p><h2 class=\"wp-block-heading\"> Aplicar formata\u00e7\u00e3o condicional a toda a linha<\/h2><p> Se quiser aplicar formata\u00e7\u00e3o condicional a toda a linha, voc\u00ea pode seguir os mesmos passos que usamos no exemplo acima.<\/p><p> Todas as etapas s\u00e3o iguais; voc\u00ea precisa selecionar a linha inteira primeiro e depois aplicar a formata\u00e7\u00e3o condicional a ela. E para selecionar uma linha inteira, clique no cabe\u00e7alho da linha ou use o atalho de teclado Shift + Espa\u00e7o. <\/p><div class=\"gb-container gb-container-52dfcee1 gb-container-sample-file\"><h2 class=\"gb-headline gb-headline-e289c143 gb-headline-text gb-headline-4f7959c2\"> Obtenha o arquivo Excel<\/h2> <a class=\"gb-button gb-button-e88d6bee gb-button-text gb-button-button1\" href=\"https:\/\/exceladvisor.org\/wp-content\/uploads\/2023\/11\/mise-en-forme-conditionnelle-de-toute-la-colonne.xlsx\" rel=\"nofollow\">Download<\/a><\/div><div class=\"gb-container gb-container-6076ba72 gb-container-mt\"> <a class=\"gb-button gb-button-76e6a499 gb-button-text gb-button-mt-button\" href=\"https:\/\/exceladvisor.org\/pt\/nocoes-basicas-de-excel\/\">Aprenda o b\u00e1sico do Excel<\/a><h2 class=\"gb-headline gb-headline-a9e9e206 gb-headline-text gb-headline-mt-heading\"> Saiba mais sobre <a href=\"https:\/\/exceladvisor.org\/pt\/formatacao-condicional\/\">formata\u00e7\u00e3o condicional<\/a> <\/h2><div class=\"gb-grid-wrapper gb-grid-wrapper-790317cb gb-grid-wrapper-mt-grid\"><div class=\"gb-grid-column gb-grid-column-a9845ede\"><div class=\"gb-container gb-container-a9845ede\"><ul><li> <a href=\"https:\/\/exceladvisor.org\/pt\/aplicar-formatacao-condicional\/\">Aplicar formata\u00e7\u00e3o condicional a uma tabela din\u00e2mica<\/a><\/li><li> <a href=\"https:\/\/exceladvisor.org\/pt\/retirar\/\">Remover formata\u00e7\u00e3o condicional<\/a><\/li><li> <a href=\"https:\/\/exceladvisor.org\/pt\/celulas-vazias\/\">Aplicar formata\u00e7\u00e3o condicional em c\u00e9lulas em branco no Excel<\/a><\/li><li> <a href=\"https:\/\/exceladvisor.org\/pt\/comparar-colunas\/\">Compare duas colunas usando formata\u00e7\u00e3o condicional<\/a><\/li><li> <a href=\"https:\/\/exceladvisor.org\/pt\/outra-celula\/\">Aplicar formata\u00e7\u00e3o condicional com base em outra c\u00e9lula<\/a><\/li><\/ul><\/div><\/div><\/div><\/div>","protected":false},"excerpt":{"rendered":"","protected":false},"author":1,"featured_media":0,"parent":0,"menu_order":0,"comment_status":"open","ping_status":"closed","template":"","meta":{"ub_ctt_via":"","footnotes":""},"class_list":["post-298","page","type-page","status-publish","hentry"],"featured_image_src":null,"yoast_head":"<!-- This site is optimized with the Yoast SEO plugin v25.4 - https:\/\/yoast.com\/wordpress\/plugins\/seo\/ -->\n<title>Formata\u00e7\u00e3o condicional de uma coluna inteira no Excel<\/title>\n<meta name=\"description\" content=\"Este tutorial ajuda voc\u00ea a aplicar formata\u00e7\u00e3o condicional a uma coluna inteira de uma s\u00f3 vez. Vamos verificar isso...\" \/>\n<meta name=\"robots\" content=\"index, follow, max-snippet:-1, max-image-preview:large, max-video-preview:-1\" \/>\n<link rel=\"canonical\" href=\"https:\/\/exceladvisor.org\/pt\/coluna-inteira\/\" \/>\n<meta property=\"og:locale\" content=\"pt_PT\" \/>\n<meta property=\"og:type\" content=\"article\" \/>\n<meta property=\"og:title\" content=\"Formata\u00e7\u00e3o condicional de uma coluna inteira no Excel\" \/>\n<meta property=\"og:description\" content=\"Este tutorial ajuda voc\u00ea a aplicar formata\u00e7\u00e3o condicional a uma coluna inteira de uma s\u00f3 vez. Vamos verificar isso...\" \/>\n<meta property=\"og:url\" content=\"https:\/\/exceladvisor.org\/pt\/coluna-inteira\/\" \/>\n<meta property=\"og:site_name\" content=\"Excel Advisor\" \/>\n<meta property=\"article:modified_time\" content=\"2023-12-06T11:50:49+00:00\" \/>\n<meta property=\"og:image\" content=\"https:\/\/exceladvisor.org\/wp-content\/uploads\/2023\/08\/1-mise-en-forme-conditionnelle-a-une-colonne-entiere.png\" \/>\n<meta name=\"twitter:card\" content=\"summary_large_image\" \/>\n<meta name=\"twitter:label1\" content=\"Tempo estimado de leitura\" \/>\n\t<meta name=\"twitter:data1\" content=\"2 minutos\" \/>\n<script type=\"application\/ld+json\" class=\"yoast-schema-graph\">{\"@context\":\"https:\/\/schema.org\",\"@graph\":[{\"@type\":\"WebPage\",\"@id\":\"https:\/\/exceladvisor.org\/pt\/coluna-inteira\/\",\"url\":\"https:\/\/exceladvisor.org\/pt\/coluna-inteira\/\",\"name\":\"Formata\u00e7\u00e3o condicional de uma coluna inteira no Excel\",\"isPartOf\":{\"@id\":\"https:\/\/exceladvisor.org\/pt\/#website\"},\"primaryImageOfPage\":{\"@id\":\"https:\/\/exceladvisor.org\/pt\/coluna-inteira\/#primaryimage\"},\"image\":{\"@id\":\"https:\/\/exceladvisor.org\/pt\/coluna-inteira\/#primaryimage\"},\"thumbnailUrl\":\"https:\/\/exceladvisor.org\/wp-content\/uploads\/2023\/08\/1-mise-en-forme-conditionnelle-a-une-colonne-entiere.png\",\"datePublished\":\"2023-11-05T18:40:28+00:00\",\"dateModified\":\"2023-12-06T11:50:49+00:00\",\"description\":\"Este tutorial ajuda voc\u00ea a aplicar formata\u00e7\u00e3o condicional a uma coluna inteira de uma s\u00f3 vez. Vamos verificar isso...\",\"breadcrumb\":{\"@id\":\"https:\/\/exceladvisor.org\/pt\/coluna-inteira\/#breadcrumb\"},\"inLanguage\":\"pt-PT\",\"potentialAction\":[{\"@type\":\"ReadAction\",\"target\":[\"https:\/\/exceladvisor.org\/pt\/coluna-inteira\/\"]}]},{\"@type\":\"ImageObject\",\"inLanguage\":\"pt-PT\",\"@id\":\"https:\/\/exceladvisor.org\/pt\/coluna-inteira\/#primaryimage\",\"url\":\"https:\/\/exceladvisor.org\/wp-content\/uploads\/2023\/08\/1-mise-en-forme-conditionnelle-a-une-colonne-entiere.png\",\"contentUrl\":\"https:\/\/exceladvisor.org\/wp-content\/uploads\/2023\/08\/1-mise-en-forme-conditionnelle-a-une-colonne-entiere.png\"},{\"@type\":\"BreadcrumbList\",\"@id\":\"https:\/\/exceladvisor.org\/pt\/coluna-inteira\/#breadcrumb\",\"itemListElement\":[{\"@type\":\"ListItem\",\"position\":1,\"name\":\"Lar\",\"item\":\"https:\/\/exceladvisor.org\/pt\/\"},{\"@type\":\"ListItem\",\"position\":2,\"name\":\"Formata\u00e7\u00e3o condicional de uma coluna no excel\"}]},{\"@type\":\"WebSite\",\"@id\":\"https:\/\/exceladvisor.org\/pt\/#website\",\"url\":\"https:\/\/exceladvisor.org\/pt\/\",\"name\":\"Excel Advisor\",\"description\":\"O seu guia definitivo para dominar os dados!\",\"publisher\":{\"@id\":\"https:\/\/exceladvisor.org\/pt\/#organization\"},\"potentialAction\":[{\"@type\":\"SearchAction\",\"target\":{\"@type\":\"EntryPoint\",\"urlTemplate\":\"https:\/\/exceladvisor.org\/pt\/?s={search_term_string}\"},\"query-input\":{\"@type\":\"PropertyValueSpecification\",\"valueRequired\":true,\"valueName\":\"search_term_string\"}}],\"inLanguage\":\"pt-PT\"},{\"@type\":\"Organization\",\"@id\":\"https:\/\/exceladvisor.org\/pt\/#organization\",\"name\":\"Excel Advisor\",\"url\":\"https:\/\/exceladvisor.org\/pt\/\",\"logo\":{\"@type\":\"ImageObject\",\"inLanguage\":\"pt-PT\",\"@id\":\"https:\/\/exceladvisor.org\/pt\/#\/schema\/logo\/image\/\",\"url\":\"https:\/\/exceladvisor.org\/pt\/wp-content\/uploads\/2023\/12\/exceladvisor.org_.png\",\"contentUrl\":\"https:\/\/exceladvisor.org\/pt\/wp-content\/uploads\/2023\/12\/exceladvisor.org_.png\",\"width\":105,\"height\":36,\"caption\":\"Excel Advisor\"},\"image\":{\"@id\":\"https:\/\/exceladvisor.org\/pt\/#\/schema\/logo\/image\/\"}}]}<\/script>\n<!-- \/ Yoast SEO plugin. -->","yoast_head_json":{"title":"Formata\u00e7\u00e3o condicional de uma coluna inteira no Excel","description":"Este tutorial ajuda voc\u00ea a aplicar formata\u00e7\u00e3o condicional a uma coluna inteira de uma s\u00f3 vez. Vamos verificar isso...","robots":{"index":"index","follow":"follow","max-snippet":"max-snippet:-1","max-image-preview":"max-image-preview:large","max-video-preview":"max-video-preview:-1"},"canonical":"https:\/\/exceladvisor.org\/pt\/coluna-inteira\/","og_locale":"pt_PT","og_type":"article","og_title":"Formata\u00e7\u00e3o condicional de uma coluna inteira no Excel","og_description":"Este tutorial ajuda voc\u00ea a aplicar formata\u00e7\u00e3o condicional a uma coluna inteira de uma s\u00f3 vez. Vamos verificar isso...","og_url":"https:\/\/exceladvisor.org\/pt\/coluna-inteira\/","og_site_name":"Excel Advisor","article_modified_time":"2023-12-06T11:50:49+00:00","og_image":[{"url":"https:\/\/exceladvisor.org\/wp-content\/uploads\/2023\/08\/1-mise-en-forme-conditionnelle-a-une-colonne-entiere.png","type":"","width":"","height":""}],"twitter_card":"summary_large_image","twitter_misc":{"Tempo estimado de leitura":"2 minutos"},"schema":{"@context":"https:\/\/schema.org","@graph":[{"@type":"WebPage","@id":"https:\/\/exceladvisor.org\/pt\/coluna-inteira\/","url":"https:\/\/exceladvisor.org\/pt\/coluna-inteira\/","name":"Formata\u00e7\u00e3o condicional de uma coluna inteira no Excel","isPartOf":{"@id":"https:\/\/exceladvisor.org\/pt\/#website"},"primaryImageOfPage":{"@id":"https:\/\/exceladvisor.org\/pt\/coluna-inteira\/#primaryimage"},"image":{"@id":"https:\/\/exceladvisor.org\/pt\/coluna-inteira\/#primaryimage"},"thumbnailUrl":"https:\/\/exceladvisor.org\/wp-content\/uploads\/2023\/08\/1-mise-en-forme-conditionnelle-a-une-colonne-entiere.png","datePublished":"2023-11-05T18:40:28+00:00","dateModified":"2023-12-06T11:50:49+00:00","description":"Este tutorial ajuda voc\u00ea a aplicar formata\u00e7\u00e3o condicional a uma coluna inteira de uma s\u00f3 vez. Vamos verificar isso...","breadcrumb":{"@id":"https:\/\/exceladvisor.org\/pt\/coluna-inteira\/#breadcrumb"},"inLanguage":"pt-PT","potentialAction":[{"@type":"ReadAction","target":["https:\/\/exceladvisor.org\/pt\/coluna-inteira\/"]}]},{"@type":"ImageObject","inLanguage":"pt-PT","@id":"https:\/\/exceladvisor.org\/pt\/coluna-inteira\/#primaryimage","url":"https:\/\/exceladvisor.org\/wp-content\/uploads\/2023\/08\/1-mise-en-forme-conditionnelle-a-une-colonne-entiere.png","contentUrl":"https:\/\/exceladvisor.org\/wp-content\/uploads\/2023\/08\/1-mise-en-forme-conditionnelle-a-une-colonne-entiere.png"},{"@type":"BreadcrumbList","@id":"https:\/\/exceladvisor.org\/pt\/coluna-inteira\/#breadcrumb","itemListElement":[{"@type":"ListItem","position":1,"name":"Lar","item":"https:\/\/exceladvisor.org\/pt\/"},{"@type":"ListItem","position":2,"name":"Formata\u00e7\u00e3o condicional de uma coluna no excel"}]},{"@type":"WebSite","@id":"https:\/\/exceladvisor.org\/pt\/#website","url":"https:\/\/exceladvisor.org\/pt\/","name":"Excel Advisor","description":"O seu guia definitivo para dominar os dados!","publisher":{"@id":"https:\/\/exceladvisor.org\/pt\/#organization"},"potentialAction":[{"@type":"SearchAction","target":{"@type":"EntryPoint","urlTemplate":"https:\/\/exceladvisor.org\/pt\/?s={search_term_string}"},"query-input":{"@type":"PropertyValueSpecification","valueRequired":true,"valueName":"search_term_string"}}],"inLanguage":"pt-PT"},{"@type":"Organization","@id":"https:\/\/exceladvisor.org\/pt\/#organization","name":"Excel Advisor","url":"https:\/\/exceladvisor.org\/pt\/","logo":{"@type":"ImageObject","inLanguage":"pt-PT","@id":"https:\/\/exceladvisor.org\/pt\/#\/schema\/logo\/image\/","url":"https:\/\/exceladvisor.org\/pt\/wp-content\/uploads\/2023\/12\/exceladvisor.org_.png","contentUrl":"https:\/\/exceladvisor.org\/pt\/wp-content\/uploads\/2023\/12\/exceladvisor.org_.png","width":105,"height":36,"caption":"Excel Advisor"},"image":{"@id":"https:\/\/exceladvisor.org\/pt\/#\/schema\/logo\/image\/"}}]}},"yoast_meta":{"yoast_wpseo_title":"","yoast_wpseo_metadesc":"","yoast_wpseo_canonical":""},"_links":{"self":[{"href":"https:\/\/exceladvisor.org\/pt\/wp-json\/wp\/v2\/pages\/298","targetHints":{"allow":["GET"]}}],"collection":[{"href":"https:\/\/exceladvisor.org\/pt\/wp-json\/wp\/v2\/pages"}],"about":[{"href":"https:\/\/exceladvisor.org\/pt\/wp-json\/wp\/v2\/types\/page"}],"author":[{"embeddable":true,"href":"https:\/\/exceladvisor.org\/pt\/wp-json\/wp\/v2\/users\/1"}],"replies":[{"embeddable":true,"href":"https:\/\/exceladvisor.org\/pt\/wp-json\/wp\/v2\/comments?post=298"}],"version-history":[{"count":1,"href":"https:\/\/exceladvisor.org\/pt\/wp-json\/wp\/v2\/pages\/298\/revisions"}],"predecessor-version":[{"id":1422,"href":"https:\/\/exceladvisor.org\/pt\/wp-json\/wp\/v2\/pages\/298\/revisions\/1422"}],"wp:attachment":[{"href":"https:\/\/exceladvisor.org\/pt\/wp-json\/wp\/v2\/media?parent=298"}],"curies":[{"name":"wp","href":"https:\/\/api.w.org\/{rel}","templated":true}]}}