{"id":299,"date":"2023-11-05T18:30:11","date_gmt":"2023-11-05T18:30:11","guid":{"rendered":"https:\/\/exceladvisor.org\/pt\/se-ou-1\/"},"modified":"2023-12-06T11:35:21","modified_gmt":"2023-12-06T11:35:21","slug":"se-ou-1","status":"publish","type":"page","link":"https:\/\/exceladvisor.org\/pt\/se-ou-1\/","title":{"rendered":"Como combinar fun\u00e7\u00f5es if e or no excel"},"content":{"rendered":"<div class=\"excel-before-content-2\" id=\"excel-3970144563\"><script type=\"text\/javascript\">\r\n\tatOptions = {\r\n\t\t'key' : 'c1158f160081d6540a8409e6925dab94',\r\n\t\t'format' : 'iframe',\r\n\t\t'height' : 250,\r\n\t\t'width' : 300,\r\n\t\t'params' : {}\r\n\t};\r\n<\/script>\r\n<script type=\"text\/javascript\" src=\"\/\/www.highperformanceformat.com\/c1158f160081d6540a8409e6925dab94\/invoke.js\"><\/script><\/div><div class=\"excel-before-content\" id=\"excel-85487160\"><script type=\"text\/javascript\">\r\n\tatOptions = {\r\n\t\t'key' : 'c1158f160081d6540a8409e6925dab94',\r\n\t\t'format' : 'iframe',\r\n\t\t'height' : 250,\r\n\t\t'width' : 300,\r\n\t\t'params' : {}\r\n\t};\r\n<\/script>\r\n<script type=\"text\/javascript\" src=\"\/\/www.highperformanceformat.com\/c1158f160081d6540a8409e6925dab94\/invoke.js\"><\/script><\/div> <p>A fun\u00e7\u00e3o SE \u00e9 uma das fun\u00e7\u00f5es mais poderosas do Excel. E o melhor \u00e9 que voc\u00ea pode combinar outras fun\u00e7\u00f5es com IF para aumentar sua pot\u00eancia.<\/p><p> A combina\u00e7\u00e3o das fun\u00e7\u00f5es SE e OU \u00e9 uma das combina\u00e7\u00f5es de f\u00f3rmulas mais \u00fateis no Excel. Neste artigo, mostrarei por que precisamos combinar as fun\u00e7\u00f5es IF e OR. E por que \u00e9 muito \u00fatil para voc\u00ea.<\/p><h2 id=\"1\" class=\"wp-block-heading\"> Introdu\u00e7\u00e3o r\u00e1pida<\/h2><p> Tenho certeza de que voc\u00ea usou essas duas fun\u00e7\u00f5es, mas deixe-me fazer uma introdu\u00e7\u00e3o r\u00e1pida.<\/p><ul><li> <strong>SE<\/strong> \u2013 Use esta fun\u00e7\u00e3o para testar uma condi\u00e7\u00e3o. Ele retornar\u00e1 um valor espec\u00edfico se esta condi\u00e7\u00e3o for verdadeira, ou outro valor espec\u00edfico se esta condi\u00e7\u00e3o for falsa.<\/li><li> <strong>OU<\/strong> \u2013 M\u00faltiplas condi\u00e7\u00f5es de teste. Ele retornar\u00e1 verdadeiro se alguma dessas condi\u00e7\u00f5es for verdadeira e falso se todas essas condi\u00e7\u00f5es forem falsas.<\/li><\/ul><p> <em>O ponto crucial de ambas as fun\u00e7\u00f5es \u00e9 que a fun\u00e7\u00e3o IF s\u00f3 pode testar uma condi\u00e7\u00e3o por vez. E a fun\u00e7\u00e3o OR pode testar v\u00e1rias condi\u00e7\u00f5es, mas retorna apenas verdadeiro\/falso. E, se combinarmos essas duas fun\u00e7\u00f5es, podemos testar m\u00faltiplas condi\u00e7\u00f5es com OR e retornar um valor espec\u00edfico com IF.<\/em><\/p><h2 id=\"2\" class=\"wp-block-heading\"> Como funcionam as fun\u00e7\u00f5es IF e OR?<\/h2><p> Na sintaxe da fun\u00e7\u00e3o IF, temos um argumento de teste l\u00f3gico que usamos para especificar uma condi\u00e7\u00e3o a ser testada.<\/p><p> SE ( <strong>teste_l\u00f3gico<\/strong> , valor_se_verdadeiro, valor_se_falso)<\/p><p> E, ent\u00e3o, retorna um valor baseado no resultado dessa condi\u00e7\u00e3o. Agora, se usarmos a fun\u00e7\u00e3o OR para este argumento e especificarmos v\u00e1rias condi\u00e7\u00f5es para isso. <\/p><div class=\"wp-block-image\"><figure class=\"aligncenter\"><img loading=\"lazy\" decoding=\"async\" class=\"wp-image-9594\" src=\"https:\/\/exceladvisor.org\/wp-content\/uploads\/2023\/08\/comment-combiner-les-fonctions-if-et-or-et-remplacer-largument-logique-par-or-1.png\" sizes=\"auto, \" srcset=\"\" alt=\"como combinar fun\u00e7\u00f5es if e ou e substituir argumento l\u00f3gico por ou\" width=\"488\" height=\"139\"><\/figure><\/div><p> Se alguma das condi\u00e7\u00f5es for verdadeira, OR retornar\u00e1 verdadeiro e IF retornar\u00e1 o valor espec\u00edfico. E, se nenhuma das condi\u00e7\u00f5es for verdadeira OU com retorno FALSE IF retornar\u00e1 outro valor espec\u00edfico. Desta forma podemos testar mais de um valor com a fun\u00e7\u00e3o IF. Passemos a alguns exemplos concretos.<\/p><h2 id=\"3\" class=\"wp-block-heading\"> Exemplos<\/h2><p> Aqui tenho uma tabela com <a href=\"https:\/\/exceladvisor.org\/pt\/modelo-de-gerenciamento-de-estoque-formularios-de-usuario-excel-vba\/\">detalhes de estoque<\/a> de dois armaz\u00e9ns. Agora quero atualizar o status na tabela. <\/p><div class=\"wp-block-image\"><figure class=\"aligncenter\"><img loading=\"lazy\" decoding=\"async\" class=\"wp-image-9595\" src=\"https:\/\/exceladvisor.org\/wp-content\/uploads\/2023\/08\/comment-combiner-les-fonctions-if-et-or-pour-obtenir-le-statut-dans-la-table-des-stocks-1.png\" sizes=\"auto, \" srcset=\"\" alt=\"como combinar fun\u00e7\u00f5es if e or para obter status na tabela de a\u00e7\u00f5es\" width=\"502\" height=\"251\"><\/figure><\/div><p> Caso n\u00e3o exista stock em ambos os armaz\u00e9ns, o estado dever\u00e1 ser \u201cEsgotado\u201d. E, caso exista stock em algum dos armaz\u00e9ns, o estado dever\u00e1 ser \u201cEm Stock\u201d. Ent\u00e3o aqui preciso verificar duas condi\u00e7\u00f5es diferentes \u201cWarehouse-1\u201d e \u201cWarehouse-2\u201d.<br> E a f\u00f3rmula ser\u00e1. <\/p><pre class=\"wp-block-code\"> <code class=\"language-excel-formula\" lang=\"excel-formula\">=IF(OR(B2&gt;0,C2&gt;0),\"In-Stock\",\"Out of Stock\")<\/code><\/pre><div class=\"wp-block-image\"><figure class=\"aligncenter\"><img loading=\"lazy\" decoding=\"async\" class=\"wp-image-9596\" src=\"https:\/\/exceladvisor.org\/wp-content\/uploads\/2023\/08\/comment-combiner-les-fonctions-if-et-or-pour-obtenir-le-statut-dans-la-formule-dinsertion-de-la-table-de-stock-1.png\" sizes=\"auto, \" srcset=\"\" alt=\"como combinar fun\u00e7\u00f5es if e ou para obter status na f\u00f3rmula de inser\u00e7\u00e3o da tabela de a\u00e7\u00f5es\" width=\"544\" height=\"297\"><\/figure><\/div><p> Na f\u00f3rmula acima, se houver um valor maior que zero em alguma das c\u00e9lulas (B2 e C2), a fun\u00e7\u00e3o OR retornar\u00e1 verdadeiro e SE retornar\u00e1 o valor \u201cEm Estoque\u201d. Mas, se ambas as c\u00e9lulas tiverem zero, OR retornar\u00e1 falso e IF retornar\u00e1 o valor \u201cEsgotado\u201d. <\/p><div class=\"gb-container gb-container-bafb25cc gb-container-download-2\"><div class=\"gb-grid-wrapper gb-grid-wrapper-91201309\"><div class=\"gb-grid-column gb-grid-column-15a917ef\"><div class=\"gb-container gb-container-15a917ef\"><h2 class=\"gb-headline gb-headline-f2deb261 gb-headline-text gb-headline-download-2\"> Obtenha o arquivo Excel <\/h2><\/div><\/div><div class=\"gb-grid-column gb-grid-column-18357188\"><div class=\"gb-container gb-container-18357188\"><div class=\"gb-container gb-container-76cbe15e\"> <a class=\"gb-button gb-button-cb63d00a gb-button-text gb-button-download-2\" href=\"https:\/\/exceladvisor.org\/wp-content\/uploads\/2023\/11\/comment-combiner-les-fonctions-if-et-or.xlsx\" rel=\"nofollow\">Download<\/a><\/div><\/div><\/div><\/div><\/div><h2 class=\"wp-block-heading\"> \u00daltimas palavras<\/h2><p> Ambas as fun\u00e7\u00f5es s\u00e3o igualmente \u00fateis, mas quando voc\u00ea as combina, voc\u00ea pode us\u00e1-las de forma mais eficaz. Como eu disse, combinando as fun\u00e7\u00f5es IF e OR voc\u00ea pode testar mais de uma condi\u00e7\u00e3o. Voc\u00ea pode resolver ambos os problemas com esta combina\u00e7\u00e3o de fun\u00e7\u00f5es.<\/p><div class=\"gb-container gb-container-0df56012 gb-container-mt\"> <a class=\"gb-button gb-button-f9f432f4 gb-button-text gb-button-mt-button\" href=\"https:\/\/exceladvisor.org\/pt\/formulas\/\">Lista de f\u00f3rmulas do Excel<\/a><h2 class=\"gb-headline gb-headline-233444e8 gb-headline-text gb-headline-mt-heading\"> F\u00f3rmulas relacionadas <\/h2><div class=\"gb-grid-wrapper gb-grid-wrapper-a16fa65c gb-grid-wrapper-mt-grid\"><div class=\"gb-grid-column gb-grid-column-50d07e0d\"><div class=\"gb-container gb-container-50d07e0d\"><ul><li> <a href=\"https:\/\/exceladvisor.org\/pt\/se-zero-entao-vazio\/\">Marque SE 0 (zero) e deixe em branco no Excel<\/a><\/li><li> <a href=\"https:\/\/exceladvisor.org\/pt\/verificar-se-existe-um-valor-em-um-intervalo\/\">Verifique se existe um valor em um intervalo no Excel<\/a><\/li><li> <a href=\"https:\/\/exceladvisor.org\/pt\/se-e-1\/\">Combine fun\u00e7\u00f5es SE e AND no Excel<\/a><\/li><li> <a href=\"https:\/\/exceladvisor.org\/pt\/se-a-celula-estiver-vazia\/\">SE a c\u00e9lula estiver vazia (vazia) usando IF + ISBLANK no Excel<\/a><\/li><li> <a href=\"https:\/\/exceladvisor.org\/pt\/se-negativo-entao-zero\/\">SE negativo, ent\u00e3o zero (0) no Excel<\/a> <\/li><\/ul><\/div><\/div><div class=\"gb-grid-column gb-grid-column-5b4a0cf9\"><div class=\"gb-container gb-container-5b4a0cf9\"><\/div><\/div><\/div><\/div>","protected":false},"excerpt":{"rendered":"","protected":false},"author":1,"featured_media":0,"parent":0,"menu_order":0,"comment_status":"open","ping_status":"closed","template":"","meta":{"ub_ctt_via":"","footnotes":""},"class_list":["post-299","page","type-page","status-publish","hentry"],"featured_image_src":null,"yoast_head":"<!-- This site is optimized with the Yoast SEO plugin v25.4 - https:\/\/yoast.com\/wordpress\/plugins\/seo\/ -->\n<title>Como combinar fun\u00e7\u00f5es IF e OR no Excel<\/title>\n<meta name=\"description\" content=\"Neste artigo, voc\u00ea aprender\u00e1 como combinar fun\u00e7\u00f5es IF e OR. Voc\u00ea pode usar OR para testar v\u00e1rias condi\u00e7\u00f5es.\" \/>\n<meta name=\"robots\" content=\"index, follow, max-snippet:-1, max-image-preview:large, max-video-preview:-1\" \/>\n<link rel=\"canonical\" href=\"https:\/\/exceladvisor.org\/pt\/se-ou-1\/\" \/>\n<meta property=\"og:locale\" content=\"pt_PT\" \/>\n<meta property=\"og:type\" content=\"article\" \/>\n<meta property=\"og:title\" content=\"Como combinar fun\u00e7\u00f5es IF e OR no Excel\" \/>\n<meta property=\"og:description\" content=\"Neste artigo, voc\u00ea aprender\u00e1 como combinar fun\u00e7\u00f5es IF e OR. Voc\u00ea pode usar OR para testar v\u00e1rias condi\u00e7\u00f5es.\" \/>\n<meta property=\"og:url\" content=\"https:\/\/exceladvisor.org\/pt\/se-ou-1\/\" \/>\n<meta property=\"og:site_name\" content=\"Excel Advisor\" \/>\n<meta property=\"article:modified_time\" content=\"2023-12-06T11:35:21+00:00\" \/>\n<meta property=\"og:image\" content=\"https:\/\/exceladvisor.org\/wp-content\/uploads\/2023\/08\/comment-combiner-les-fonctions-if-et-or-et-remplacer-largument-logique-par-or-1.png\" \/>\n<meta name=\"twitter:card\" content=\"summary_large_image\" \/>\n<meta name=\"twitter:label1\" content=\"Tempo estimado de leitura\" \/>\n\t<meta name=\"twitter:data1\" content=\"3 minutos\" \/>\n<script type=\"application\/ld+json\" class=\"yoast-schema-graph\">{\"@context\":\"https:\/\/schema.org\",\"@graph\":[{\"@type\":\"WebPage\",\"@id\":\"https:\/\/exceladvisor.org\/pt\/se-ou-1\/\",\"url\":\"https:\/\/exceladvisor.org\/pt\/se-ou-1\/\",\"name\":\"Como combinar fun\u00e7\u00f5es IF e OR no Excel\",\"isPartOf\":{\"@id\":\"https:\/\/exceladvisor.org\/pt\/#website\"},\"primaryImageOfPage\":{\"@id\":\"https:\/\/exceladvisor.org\/pt\/se-ou-1\/#primaryimage\"},\"image\":{\"@id\":\"https:\/\/exceladvisor.org\/pt\/se-ou-1\/#primaryimage\"},\"thumbnailUrl\":\"https:\/\/exceladvisor.org\/wp-content\/uploads\/2023\/08\/comment-combiner-les-fonctions-if-et-or-et-remplacer-largument-logique-par-or-1.png\",\"datePublished\":\"2023-11-05T18:30:11+00:00\",\"dateModified\":\"2023-12-06T11:35:21+00:00\",\"description\":\"Neste artigo, voc\u00ea aprender\u00e1 como combinar fun\u00e7\u00f5es IF e OR. Voc\u00ea pode usar OR para testar v\u00e1rias condi\u00e7\u00f5es.\",\"breadcrumb\":{\"@id\":\"https:\/\/exceladvisor.org\/pt\/se-ou-1\/#breadcrumb\"},\"inLanguage\":\"pt-PT\",\"potentialAction\":[{\"@type\":\"ReadAction\",\"target\":[\"https:\/\/exceladvisor.org\/pt\/se-ou-1\/\"]}]},{\"@type\":\"ImageObject\",\"inLanguage\":\"pt-PT\",\"@id\":\"https:\/\/exceladvisor.org\/pt\/se-ou-1\/#primaryimage\",\"url\":\"https:\/\/exceladvisor.org\/wp-content\/uploads\/2023\/08\/comment-combiner-les-fonctions-if-et-or-et-remplacer-largument-logique-par-or-1.png\",\"contentUrl\":\"https:\/\/exceladvisor.org\/wp-content\/uploads\/2023\/08\/comment-combiner-les-fonctions-if-et-or-et-remplacer-largument-logique-par-or-1.png\"},{\"@type\":\"BreadcrumbList\",\"@id\":\"https:\/\/exceladvisor.org\/pt\/se-ou-1\/#breadcrumb\",\"itemListElement\":[{\"@type\":\"ListItem\",\"position\":1,\"name\":\"Lar\",\"item\":\"https:\/\/exceladvisor.org\/pt\/\"},{\"@type\":\"ListItem\",\"position\":2,\"name\":\"Como combinar fun\u00e7\u00f5es if e or no excel\"}]},{\"@type\":\"WebSite\",\"@id\":\"https:\/\/exceladvisor.org\/pt\/#website\",\"url\":\"https:\/\/exceladvisor.org\/pt\/\",\"name\":\"Excel Advisor\",\"description\":\"O seu guia definitivo para dominar os dados!\",\"publisher\":{\"@id\":\"https:\/\/exceladvisor.org\/pt\/#organization\"},\"potentialAction\":[{\"@type\":\"SearchAction\",\"target\":{\"@type\":\"EntryPoint\",\"urlTemplate\":\"https:\/\/exceladvisor.org\/pt\/?s={search_term_string}\"},\"query-input\":{\"@type\":\"PropertyValueSpecification\",\"valueRequired\":true,\"valueName\":\"search_term_string\"}}],\"inLanguage\":\"pt-PT\"},{\"@type\":\"Organization\",\"@id\":\"https:\/\/exceladvisor.org\/pt\/#organization\",\"name\":\"Excel Advisor\",\"url\":\"https:\/\/exceladvisor.org\/pt\/\",\"logo\":{\"@type\":\"ImageObject\",\"inLanguage\":\"pt-PT\",\"@id\":\"https:\/\/exceladvisor.org\/pt\/#\/schema\/logo\/image\/\",\"url\":\"https:\/\/exceladvisor.org\/pt\/wp-content\/uploads\/2023\/12\/exceladvisor.org_.png\",\"contentUrl\":\"https:\/\/exceladvisor.org\/pt\/wp-content\/uploads\/2023\/12\/exceladvisor.org_.png\",\"width\":105,\"height\":36,\"caption\":\"Excel Advisor\"},\"image\":{\"@id\":\"https:\/\/exceladvisor.org\/pt\/#\/schema\/logo\/image\/\"}}]}<\/script>\n<!-- \/ Yoast SEO plugin. -->","yoast_head_json":{"title":"Como combinar fun\u00e7\u00f5es IF e OR no Excel","description":"Neste artigo, voc\u00ea aprender\u00e1 como combinar fun\u00e7\u00f5es IF e OR. Voc\u00ea pode usar OR para testar v\u00e1rias condi\u00e7\u00f5es.","robots":{"index":"index","follow":"follow","max-snippet":"max-snippet:-1","max-image-preview":"max-image-preview:large","max-video-preview":"max-video-preview:-1"},"canonical":"https:\/\/exceladvisor.org\/pt\/se-ou-1\/","og_locale":"pt_PT","og_type":"article","og_title":"Como combinar fun\u00e7\u00f5es IF e OR no Excel","og_description":"Neste artigo, voc\u00ea aprender\u00e1 como combinar fun\u00e7\u00f5es IF e OR. Voc\u00ea pode usar OR para testar v\u00e1rias condi\u00e7\u00f5es.","og_url":"https:\/\/exceladvisor.org\/pt\/se-ou-1\/","og_site_name":"Excel Advisor","article_modified_time":"2023-12-06T11:35:21+00:00","og_image":[{"url":"https:\/\/exceladvisor.org\/wp-content\/uploads\/2023\/08\/comment-combiner-les-fonctions-if-et-or-et-remplacer-largument-logique-par-or-1.png","type":"","width":"","height":""}],"twitter_card":"summary_large_image","twitter_misc":{"Tempo estimado de leitura":"3 minutos"},"schema":{"@context":"https:\/\/schema.org","@graph":[{"@type":"WebPage","@id":"https:\/\/exceladvisor.org\/pt\/se-ou-1\/","url":"https:\/\/exceladvisor.org\/pt\/se-ou-1\/","name":"Como combinar fun\u00e7\u00f5es IF e OR no Excel","isPartOf":{"@id":"https:\/\/exceladvisor.org\/pt\/#website"},"primaryImageOfPage":{"@id":"https:\/\/exceladvisor.org\/pt\/se-ou-1\/#primaryimage"},"image":{"@id":"https:\/\/exceladvisor.org\/pt\/se-ou-1\/#primaryimage"},"thumbnailUrl":"https:\/\/exceladvisor.org\/wp-content\/uploads\/2023\/08\/comment-combiner-les-fonctions-if-et-or-et-remplacer-largument-logique-par-or-1.png","datePublished":"2023-11-05T18:30:11+00:00","dateModified":"2023-12-06T11:35:21+00:00","description":"Neste artigo, voc\u00ea aprender\u00e1 como combinar fun\u00e7\u00f5es IF e OR. Voc\u00ea pode usar OR para testar v\u00e1rias condi\u00e7\u00f5es.","breadcrumb":{"@id":"https:\/\/exceladvisor.org\/pt\/se-ou-1\/#breadcrumb"},"inLanguage":"pt-PT","potentialAction":[{"@type":"ReadAction","target":["https:\/\/exceladvisor.org\/pt\/se-ou-1\/"]}]},{"@type":"ImageObject","inLanguage":"pt-PT","@id":"https:\/\/exceladvisor.org\/pt\/se-ou-1\/#primaryimage","url":"https:\/\/exceladvisor.org\/wp-content\/uploads\/2023\/08\/comment-combiner-les-fonctions-if-et-or-et-remplacer-largument-logique-par-or-1.png","contentUrl":"https:\/\/exceladvisor.org\/wp-content\/uploads\/2023\/08\/comment-combiner-les-fonctions-if-et-or-et-remplacer-largument-logique-par-or-1.png"},{"@type":"BreadcrumbList","@id":"https:\/\/exceladvisor.org\/pt\/se-ou-1\/#breadcrumb","itemListElement":[{"@type":"ListItem","position":1,"name":"Lar","item":"https:\/\/exceladvisor.org\/pt\/"},{"@type":"ListItem","position":2,"name":"Como combinar fun\u00e7\u00f5es if e or no excel"}]},{"@type":"WebSite","@id":"https:\/\/exceladvisor.org\/pt\/#website","url":"https:\/\/exceladvisor.org\/pt\/","name":"Excel Advisor","description":"O seu guia definitivo para dominar os dados!","publisher":{"@id":"https:\/\/exceladvisor.org\/pt\/#organization"},"potentialAction":[{"@type":"SearchAction","target":{"@type":"EntryPoint","urlTemplate":"https:\/\/exceladvisor.org\/pt\/?s={search_term_string}"},"query-input":{"@type":"PropertyValueSpecification","valueRequired":true,"valueName":"search_term_string"}}],"inLanguage":"pt-PT"},{"@type":"Organization","@id":"https:\/\/exceladvisor.org\/pt\/#organization","name":"Excel Advisor","url":"https:\/\/exceladvisor.org\/pt\/","logo":{"@type":"ImageObject","inLanguage":"pt-PT","@id":"https:\/\/exceladvisor.org\/pt\/#\/schema\/logo\/image\/","url":"https:\/\/exceladvisor.org\/pt\/wp-content\/uploads\/2023\/12\/exceladvisor.org_.png","contentUrl":"https:\/\/exceladvisor.org\/pt\/wp-content\/uploads\/2023\/12\/exceladvisor.org_.png","width":105,"height":36,"caption":"Excel Advisor"},"image":{"@id":"https:\/\/exceladvisor.org\/pt\/#\/schema\/logo\/image\/"}}]}},"yoast_meta":{"yoast_wpseo_title":"","yoast_wpseo_metadesc":"","yoast_wpseo_canonical":""},"_links":{"self":[{"href":"https:\/\/exceladvisor.org\/pt\/wp-json\/wp\/v2\/pages\/299","targetHints":{"allow":["GET"]}}],"collection":[{"href":"https:\/\/exceladvisor.org\/pt\/wp-json\/wp\/v2\/pages"}],"about":[{"href":"https:\/\/exceladvisor.org\/pt\/wp-json\/wp\/v2\/types\/page"}],"author":[{"embeddable":true,"href":"https:\/\/exceladvisor.org\/pt\/wp-json\/wp\/v2\/users\/1"}],"replies":[{"embeddable":true,"href":"https:\/\/exceladvisor.org\/pt\/wp-json\/wp\/v2\/comments?post=299"}],"version-history":[{"count":1,"href":"https:\/\/exceladvisor.org\/pt\/wp-json\/wp\/v2\/pages\/299\/revisions"}],"predecessor-version":[{"id":898,"href":"https:\/\/exceladvisor.org\/pt\/wp-json\/wp\/v2\/pages\/299\/revisions\/898"}],"wp:attachment":[{"href":"https:\/\/exceladvisor.org\/pt\/wp-json\/wp\/v2\/media?parent=299"}],"curies":[{"name":"wp","href":"https:\/\/api.w.org\/{rel}","templated":true}]}}