{"id":30,"date":"2023-11-20T01:48:26","date_gmt":"2023-11-20T01:48:26","guid":{"rendered":"https:\/\/exceladvisor.org\/pt\/concatenar-se-2\/"},"modified":"2023-12-06T11:44:04","modified_gmt":"2023-12-06T11:44:04","slug":"concatenar-se-2","status":"publish","type":"page","link":"https:\/\/exceladvisor.org\/pt\/concatenar-se-2\/","title":{"rendered":"Como usar combina\u00e7\u00e3o se com condi\u00e7\u00e3o?"},"content":{"rendered":"<div class=\"excel-before-content-2\" id=\"excel-867800978\"><script type=\"text\/javascript\">\r\n\tatOptions = {\r\n\t\t'key' : 'c1158f160081d6540a8409e6925dab94',\r\n\t\t'format' : 'iframe',\r\n\t\t'height' : 250,\r\n\t\t'width' : 300,\r\n\t\t'params' : {}\r\n\t};\r\n<\/script>\r\n<script type=\"text\/javascript\" src=\"\/\/www.highperformanceformat.com\/c1158f160081d6540a8409e6925dab94\/invoke.js\"><\/script><\/div><div class=\"excel-before-content\" id=\"excel-1123905985\"><script type=\"text\/javascript\">\r\n\tatOptions = {\r\n\t\t'key' : 'c1158f160081d6540a8409e6925dab94',\r\n\t\t'format' : 'iframe',\r\n\t\t'height' : 250,\r\n\t\t'width' : 300,\r\n\t\t'params' : {}\r\n\t};\r\n<\/script>\r\n<script type=\"text\/javascript\" src=\"\/\/www.highperformanceformat.com\/c1158f160081d6540a8409e6925dab94\/invoke.js\"><\/script><\/div> <p>No Excel, existem dois m\u00e9todos para usar a f\u00f3rmula de concatena\u00e7\u00e3o.<\/p><ul><li> Por coluna<\/li><li> Por linhas<\/li><\/ul><p> E temos duas fun\u00e7\u00f5es diferentes para escrever estas f\u00f3rmulas. Portanto, neste tutorial, aprenderemos todos os quatro m\u00e9todos.<\/p><h2 class=\"wp-block-heading\"> Concatene com IF usando a fun\u00e7\u00e3o CONCAT<\/h2><h3 class=\"wp-block-heading\"> 1. Por coluna<\/h3><p> Esta f\u00f3rmula \u00e9 bastante simples. Aqui estamos testando se o valor \u201cA\u201d est\u00e1 na coluna A. E se estiver l\u00e1, combine os valores das colunas A e B. <\/p><div class=\"wp-block-image\"><figure class=\"aligncenter size-full is-resized\"><img loading=\"lazy\" decoding=\"async\" class=\"wp-image-83621\" src=\"https:\/\/exceladvisor.org\/wp-content\/uploads\/2023\/08\/1-concatener-avec-if.png\" sizes=\"auto, \" srcset=\"\" alt=\"concatenar-com-se\" width=\"506\" height=\"385\"><\/figure><\/div><p> Usamos as fun\u00e7\u00f5es CONCAT e IF. Na fun\u00e7\u00e3o IF, especificamos uma condi\u00e7\u00e3o para testar se o valor da c\u00e9lula A1 \u00e9 \u201cA\u201d. <\/p><div class=\"wp-block-image\"><figure class=\"aligncenter size-full is-resized\"><img loading=\"lazy\" decoding=\"async\" class=\"wp-image-83622\" src=\"https:\/\/exceladvisor.org\/wp-content\/uploads\/2023\/08\/2-concatener-et-si-combine.png\" sizes=\"auto, \" srcset=\"\" alt=\"concatenar e se combinar\" width=\"344\" height=\"75\"><\/figure><\/div><p> E se o valor for A, retorne o intervalo A1:B1; caso contr\u00e1rio, um valor vazio. Por fim, CONCAT usa o intervalo retornado por IF e combina os valores.<\/p><pre class=\"wp-block-code\"> <code class=\"language-excel-formula\" lang=\"excel-formula\">=CONCAT(IF(A1=\"A\",A1:B1,\"\"))<\/code><\/pre><h3 class=\"wp-block-heading\"> 2. Por linhas (+ colunas)<\/h3><p> Agora digamos que voc\u00ea queira concatenar os valores de todas as linhas usando uma condi\u00e7\u00e3o. Neste caso voc\u00ea pode usar a mesma f\u00f3rmula, mas deve se referir a todo o intervalo. <\/p><div class=\"wp-block-image\"><figure class=\"aligncenter size-full is-resized\"><img loading=\"lazy\" decoding=\"async\" class=\"wp-image-83623\" src=\"https:\/\/exceladvisor.org\/wp-content\/uploads\/2023\/08\/3-valeurs-de-concatenation-a-laide-dune-condition.png\" sizes=\"auto, \" srcset=\"\" alt=\"concatenar valores usando uma condi\u00e7\u00e3o\" width=\"542\" height=\"401\"><\/figure><\/div><pre class=\"wp-block-code\"> <code class=\"language-excel-formula\" lang=\"excel-formula\">=CONCAT(IF(A1:A4=\"A\",A1:B4,\"\"))<\/code><\/pre><p> Nesta f\u00f3rmula, IF verifica o valor A&#8217; em todo o intervalo A1:A4. TRUE para a c\u00e9lula com o valor e FALSE para o restante. <\/p><div class=\"wp-block-image\"><figure class=\"aligncenter size-full is-resized\"><img loading=\"lazy\" decoding=\"async\" class=\"wp-image-83624\" src=\"https:\/\/exceladvisor.org\/wp-content\/uploads\/2023\/08\/4-concat-avec-if-pour-verifier-letat.png\" sizes=\"auto, \" srcset=\"\" alt=\"concat-com-if-para-verificar-condi\u00e7\u00e3o\" width=\"567\" height=\"116\"><\/figure><\/div><p> E ent\u00e3o retorna linhas do intervalo A1:B4 onde o valor \u00e9 &#8220;A&#8221; na coluna A. <\/p><div class=\"wp-block-image\"><figure class=\"aligncenter size-full is-resized\"><img loading=\"lazy\" decoding=\"async\" class=\"wp-image-83625\" src=\"https:\/\/exceladvisor.org\/wp-content\/uploads\/2023\/08\/5-lignes-renvoyees-par-condition-appliquee.png\" sizes=\"auto, \" srcset=\"\" alt=\"linhas retornadas por condi\u00e7\u00e3o aplicada\" width=\"455\" height=\"342\"><\/figure><\/div><h2 class=\"wp-block-heading\"> Concatene com IF usando a fun\u00e7\u00e3o TEXTJOIN<\/h2><h3 class=\"wp-block-heading\"> 1. Por colunas<\/h3><p> Depois de inserir a fun\u00e7\u00e3o TEXTJOIN, voc\u00ea precisa especificar o delimitador. E tamb\u00e9m se voc\u00ea deseja ignorar c\u00e9lulas vazias ou n\u00e3o. Depois disso, voc\u00ea precisa usar a fun\u00e7\u00e3o SE como usou no m\u00e9todo anterior. <\/p><div class=\"wp-block-image\"><figure class=\"aligncenter size-full is-resized\"><img loading=\"lazy\" decoding=\"async\" class=\"wp-image-83626\" src=\"https:\/\/exceladvisor.org\/wp-content\/uploads\/2023\/08\/6-concatener-avec-si-vous-utilisez-textjoin.png\" sizes=\"auto, \" srcset=\"\" alt=\"concatena\u00e7\u00e3o com if-use-textjoin\" width=\"508\" height=\"394\"><\/figure><\/div><pre class=\"wp-block-code\"> <code class=\"language-excel-formula\" lang=\"excel-formula\">=TEXTJOIN(\",\",TRUE,IF(A1=\"A\",A1:B1,\"\"))<\/code><\/pre><p> IF s\u00f3 retorna valores de intervalo se uma c\u00e9lula na coluna A tiver o valor \u201cA\u201d.<\/p><h3 class=\"wp-block-heading\"> 2. Por linhas<\/h3><p> E da mesma forma, voc\u00ea pode concatenar valores de v\u00e1rias linhas usando uma condi\u00e7\u00e3o.<\/p><p> Por exemplo, na f\u00f3rmula abaixo, voc\u00ea referenciou todo o intervalo A1:A4 para a condi\u00e7\u00e3o a ser testada. E para o intervalo A1:B4 para o valor combinar. <\/p><pre class=\"wp-block-code\"> <code class=\"language-excel-formula\" lang=\"excel-formula\">=TEXTJOIN(\",\",TRUE,IF(A1:A4=\"A\",A1:B4,\"\"))<\/code><\/pre><div class=\"wp-block-image\"><figure class=\"aligncenter size-full is-resized\"><img loading=\"lazy\" decoding=\"async\" class=\"wp-image-83627\" src=\"https:\/\/exceladvisor.org\/wp-content\/uploads\/2023\/08\/7-textjoin-avec-si-par-lignes.png\" sizes=\"auto, \" srcset=\"\" alt=\"textjoin-with-if-by-rows\" width=\"550\" height=\"365\"><\/figure><\/div><p> No resultado temos os valores A,1,A,3, das c\u00e9lulas A1, B1, A3 e B3.<\/p><p> Com a fun\u00e7\u00e3o SE, testamos uma condi\u00e7\u00e3o na coluna A. Ela retorna os valores das linhas onde o valor da c\u00e9lula na coluna A \u00e9 \u201cA\u201d. <\/p><div class=\"wp-block-image\"><figure class=\"aligncenter size-full is-resized\"><img loading=\"lazy\" decoding=\"async\" class=\"wp-image-83628\" src=\"https:\/\/exceladvisor.org\/wp-content\/uploads\/2023\/08\/8-concatener-la-valeur-resultante.png\" sizes=\"auto, \" srcset=\"\" alt=\"valor do resultado da concatena\u00e7\u00e3o\" width=\"565\" height=\"158\"><\/figure><\/div><p> TEXTJOIN ignora valores vazios e, usando o delimitador, combina todos os valores em um. <\/p><div class=\"gb-container gb-container-52dfcee1 gb-container-sample-file\"><h2 class=\"gb-headline gb-headline-e289c143 gb-headline-text gb-headline-4f7959c2\"> <a class=\"gb-button gb-button-f9f432f4 gb-button-text gb-button-mt-button\" style=\"font-size: 16px;\" href=\"https:\/\/exceladvisor.org\/pt\/formulas\/\">Lista de f\u00f3rmulas do Excel<\/a> <\/h2><\/div><div class=\"gb-container gb-container-0df56012 gb-container-mt\"><h2 class=\"gb-headline gb-headline-233444e8 gb-headline-text gb-headline-mt-heading\"> F\u00f3rmulas relacionadas <\/h2><div class=\"gb-grid-wrapper gb-grid-wrapper-a16fa65c gb-grid-wrapper-mt-grid\"><div class=\"gb-grid-column gb-grid-column-50d07e0d\"><div class=\"gb-container gb-container-50d07e0d\"><ul><li> <a href=\"https:\/\/exceladvisor.org\/pt\/se-zero-entao-vazio\/\">Marque SE 0 (zero) e deixe em branco no Excel<\/a><\/li><li> <a href=\"https:\/\/exceladvisor.org\/pt\/verificar-se-existe-um-valor-em-um-intervalo\/\">Verifique se existe um valor em um intervalo no Excel<\/a><\/li><li> <a href=\"https:\/\/exceladvisor.org\/pt\/se-e-1\/\">Combine fun\u00e7\u00f5es SE e AND no Excel<\/a><\/li><li> <a href=\"https:\/\/exceladvisor.org\/pt\/se-ou-1\/\">Combine fun\u00e7\u00f5es SE e OU no Excel<\/a><\/li><li> <a href=\"https:\/\/exceladvisor.org\/pt\/se-a-celula-estiver-vazia\/\">IF Cell est\u00e1 vazio (vazio) usando IF + ISBLANK no Excel<\/a> <\/li><\/ul><\/div><\/div><div class=\"gb-grid-column gb-grid-column-5b4a0cf9\"><div class=\"gb-container gb-container-5b4a0cf9\"><\/div><\/div><\/div><\/div>","protected":false},"excerpt":{"rendered":"","protected":false},"author":1,"featured_media":0,"parent":0,"menu_order":0,"comment_status":"open","ping_status":"closed","template":"","meta":{"ub_ctt_via":"","footnotes":""},"class_list":["post-30","page","type-page","status-publish","hentry"],"featured_image_src":null,"yoast_head":"<!-- This site is optimized with the Yoast SEO plugin v25.4 - https:\/\/yoast.com\/wordpress\/plugins\/seo\/ -->\n<title>\u25b7 Como usar COMBINA\u00c7\u00c3O SE com condi\u00e7\u00e3o?<\/title>\n<meta name=\"description\" content=\"Este tutorial ir\u00e1 ensin\u00e1-lo a escrever uma f\u00f3rmula Excel para usar CONCATENATE IF. Esta combina\u00e7\u00e3o pode ser \u00fatil para casos que incluem\" \/>\n<meta name=\"robots\" content=\"index, follow, max-snippet:-1, max-image-preview:large, max-video-preview:-1\" \/>\n<link rel=\"canonical\" href=\"https:\/\/exceladvisor.org\/pt\/concatenar-se-2\/\" \/>\n<meta property=\"og:locale\" content=\"pt_PT\" \/>\n<meta property=\"og:type\" content=\"article\" \/>\n<meta property=\"og:title\" content=\"\u25b7 Como usar COMBINA\u00c7\u00c3O SE com condi\u00e7\u00e3o?\" \/>\n<meta property=\"og:description\" content=\"Este tutorial ir\u00e1 ensin\u00e1-lo a escrever uma f\u00f3rmula Excel para usar CONCATENATE IF. Esta combina\u00e7\u00e3o pode ser \u00fatil para casos que incluem\" \/>\n<meta property=\"og:url\" content=\"https:\/\/exceladvisor.org\/pt\/concatenar-se-2\/\" \/>\n<meta property=\"og:site_name\" content=\"Excel Advisor\" \/>\n<meta property=\"article:modified_time\" content=\"2023-12-06T11:44:04+00:00\" \/>\n<meta property=\"og:image\" content=\"https:\/\/exceladvisor.org\/wp-content\/uploads\/2023\/08\/1-concatener-avec-if.png\" \/>\n<meta name=\"twitter:card\" content=\"summary_large_image\" \/>\n<meta name=\"twitter:label1\" content=\"Tempo estimado de leitura\" \/>\n\t<meta name=\"twitter:data1\" content=\"2 minutos\" \/>\n<script type=\"application\/ld+json\" class=\"yoast-schema-graph\">{\"@context\":\"https:\/\/schema.org\",\"@graph\":[{\"@type\":\"WebPage\",\"@id\":\"https:\/\/exceladvisor.org\/pt\/concatenar-se-2\/\",\"url\":\"https:\/\/exceladvisor.org\/pt\/concatenar-se-2\/\",\"name\":\"\u25b7 Como usar COMBINA\u00c7\u00c3O SE com condi\u00e7\u00e3o?\",\"isPartOf\":{\"@id\":\"https:\/\/exceladvisor.org\/pt\/#website\"},\"primaryImageOfPage\":{\"@id\":\"https:\/\/exceladvisor.org\/pt\/concatenar-se-2\/#primaryimage\"},\"image\":{\"@id\":\"https:\/\/exceladvisor.org\/pt\/concatenar-se-2\/#primaryimage\"},\"thumbnailUrl\":\"https:\/\/exceladvisor.org\/wp-content\/uploads\/2023\/08\/1-concatener-avec-if.png\",\"datePublished\":\"2023-11-20T01:48:26+00:00\",\"dateModified\":\"2023-12-06T11:44:04+00:00\",\"description\":\"Este tutorial ir\u00e1 ensin\u00e1-lo a escrever uma f\u00f3rmula Excel para usar CONCATENATE IF. Esta combina\u00e7\u00e3o pode ser \u00fatil para casos que incluem\",\"breadcrumb\":{\"@id\":\"https:\/\/exceladvisor.org\/pt\/concatenar-se-2\/#breadcrumb\"},\"inLanguage\":\"pt-PT\",\"potentialAction\":[{\"@type\":\"ReadAction\",\"target\":[\"https:\/\/exceladvisor.org\/pt\/concatenar-se-2\/\"]}]},{\"@type\":\"ImageObject\",\"inLanguage\":\"pt-PT\",\"@id\":\"https:\/\/exceladvisor.org\/pt\/concatenar-se-2\/#primaryimage\",\"url\":\"https:\/\/exceladvisor.org\/wp-content\/uploads\/2023\/08\/1-concatener-avec-if.png\",\"contentUrl\":\"https:\/\/exceladvisor.org\/wp-content\/uploads\/2023\/08\/1-concatener-avec-if.png\"},{\"@type\":\"BreadcrumbList\",\"@id\":\"https:\/\/exceladvisor.org\/pt\/concatenar-se-2\/#breadcrumb\",\"itemListElement\":[{\"@type\":\"ListItem\",\"position\":1,\"name\":\"Lar\",\"item\":\"https:\/\/exceladvisor.org\/pt\/\"},{\"@type\":\"ListItem\",\"position\":2,\"name\":\"Como usar combina\u00e7\u00e3o se com condi\u00e7\u00e3o?\"}]},{\"@type\":\"WebSite\",\"@id\":\"https:\/\/exceladvisor.org\/pt\/#website\",\"url\":\"https:\/\/exceladvisor.org\/pt\/\",\"name\":\"Excel Advisor\",\"description\":\"O seu guia definitivo para dominar os dados!\",\"publisher\":{\"@id\":\"https:\/\/exceladvisor.org\/pt\/#organization\"},\"potentialAction\":[{\"@type\":\"SearchAction\",\"target\":{\"@type\":\"EntryPoint\",\"urlTemplate\":\"https:\/\/exceladvisor.org\/pt\/?s={search_term_string}\"},\"query-input\":{\"@type\":\"PropertyValueSpecification\",\"valueRequired\":true,\"valueName\":\"search_term_string\"}}],\"inLanguage\":\"pt-PT\"},{\"@type\":\"Organization\",\"@id\":\"https:\/\/exceladvisor.org\/pt\/#organization\",\"name\":\"Excel Advisor\",\"url\":\"https:\/\/exceladvisor.org\/pt\/\",\"logo\":{\"@type\":\"ImageObject\",\"inLanguage\":\"pt-PT\",\"@id\":\"https:\/\/exceladvisor.org\/pt\/#\/schema\/logo\/image\/\",\"url\":\"https:\/\/exceladvisor.org\/pt\/wp-content\/uploads\/2023\/12\/exceladvisor.org_.png\",\"contentUrl\":\"https:\/\/exceladvisor.org\/pt\/wp-content\/uploads\/2023\/12\/exceladvisor.org_.png\",\"width\":105,\"height\":36,\"caption\":\"Excel Advisor\"},\"image\":{\"@id\":\"https:\/\/exceladvisor.org\/pt\/#\/schema\/logo\/image\/\"}}]}<\/script>\n<!-- \/ Yoast SEO plugin. -->","yoast_head_json":{"title":"\u25b7 Como usar COMBINA\u00c7\u00c3O SE com condi\u00e7\u00e3o?","description":"Este tutorial ir\u00e1 ensin\u00e1-lo a escrever uma f\u00f3rmula Excel para usar CONCATENATE IF. Esta combina\u00e7\u00e3o pode ser \u00fatil para casos que incluem","robots":{"index":"index","follow":"follow","max-snippet":"max-snippet:-1","max-image-preview":"max-image-preview:large","max-video-preview":"max-video-preview:-1"},"canonical":"https:\/\/exceladvisor.org\/pt\/concatenar-se-2\/","og_locale":"pt_PT","og_type":"article","og_title":"\u25b7 Como usar COMBINA\u00c7\u00c3O SE com condi\u00e7\u00e3o?","og_description":"Este tutorial ir\u00e1 ensin\u00e1-lo a escrever uma f\u00f3rmula Excel para usar CONCATENATE IF. Esta combina\u00e7\u00e3o pode ser \u00fatil para casos que incluem","og_url":"https:\/\/exceladvisor.org\/pt\/concatenar-se-2\/","og_site_name":"Excel Advisor","article_modified_time":"2023-12-06T11:44:04+00:00","og_image":[{"url":"https:\/\/exceladvisor.org\/wp-content\/uploads\/2023\/08\/1-concatener-avec-if.png","type":"","width":"","height":""}],"twitter_card":"summary_large_image","twitter_misc":{"Tempo estimado de leitura":"2 minutos"},"schema":{"@context":"https:\/\/schema.org","@graph":[{"@type":"WebPage","@id":"https:\/\/exceladvisor.org\/pt\/concatenar-se-2\/","url":"https:\/\/exceladvisor.org\/pt\/concatenar-se-2\/","name":"\u25b7 Como usar COMBINA\u00c7\u00c3O SE com condi\u00e7\u00e3o?","isPartOf":{"@id":"https:\/\/exceladvisor.org\/pt\/#website"},"primaryImageOfPage":{"@id":"https:\/\/exceladvisor.org\/pt\/concatenar-se-2\/#primaryimage"},"image":{"@id":"https:\/\/exceladvisor.org\/pt\/concatenar-se-2\/#primaryimage"},"thumbnailUrl":"https:\/\/exceladvisor.org\/wp-content\/uploads\/2023\/08\/1-concatener-avec-if.png","datePublished":"2023-11-20T01:48:26+00:00","dateModified":"2023-12-06T11:44:04+00:00","description":"Este tutorial ir\u00e1 ensin\u00e1-lo a escrever uma f\u00f3rmula Excel para usar CONCATENATE IF. Esta combina\u00e7\u00e3o pode ser \u00fatil para casos que incluem","breadcrumb":{"@id":"https:\/\/exceladvisor.org\/pt\/concatenar-se-2\/#breadcrumb"},"inLanguage":"pt-PT","potentialAction":[{"@type":"ReadAction","target":["https:\/\/exceladvisor.org\/pt\/concatenar-se-2\/"]}]},{"@type":"ImageObject","inLanguage":"pt-PT","@id":"https:\/\/exceladvisor.org\/pt\/concatenar-se-2\/#primaryimage","url":"https:\/\/exceladvisor.org\/wp-content\/uploads\/2023\/08\/1-concatener-avec-if.png","contentUrl":"https:\/\/exceladvisor.org\/wp-content\/uploads\/2023\/08\/1-concatener-avec-if.png"},{"@type":"BreadcrumbList","@id":"https:\/\/exceladvisor.org\/pt\/concatenar-se-2\/#breadcrumb","itemListElement":[{"@type":"ListItem","position":1,"name":"Lar","item":"https:\/\/exceladvisor.org\/pt\/"},{"@type":"ListItem","position":2,"name":"Como usar combina\u00e7\u00e3o se com condi\u00e7\u00e3o?"}]},{"@type":"WebSite","@id":"https:\/\/exceladvisor.org\/pt\/#website","url":"https:\/\/exceladvisor.org\/pt\/","name":"Excel Advisor","description":"O seu guia definitivo para dominar os dados!","publisher":{"@id":"https:\/\/exceladvisor.org\/pt\/#organization"},"potentialAction":[{"@type":"SearchAction","target":{"@type":"EntryPoint","urlTemplate":"https:\/\/exceladvisor.org\/pt\/?s={search_term_string}"},"query-input":{"@type":"PropertyValueSpecification","valueRequired":true,"valueName":"search_term_string"}}],"inLanguage":"pt-PT"},{"@type":"Organization","@id":"https:\/\/exceladvisor.org\/pt\/#organization","name":"Excel Advisor","url":"https:\/\/exceladvisor.org\/pt\/","logo":{"@type":"ImageObject","inLanguage":"pt-PT","@id":"https:\/\/exceladvisor.org\/pt\/#\/schema\/logo\/image\/","url":"https:\/\/exceladvisor.org\/pt\/wp-content\/uploads\/2023\/12\/exceladvisor.org_.png","contentUrl":"https:\/\/exceladvisor.org\/pt\/wp-content\/uploads\/2023\/12\/exceladvisor.org_.png","width":105,"height":36,"caption":"Excel Advisor"},"image":{"@id":"https:\/\/exceladvisor.org\/pt\/#\/schema\/logo\/image\/"}}]}},"yoast_meta":{"yoast_wpseo_title":"","yoast_wpseo_metadesc":"","yoast_wpseo_canonical":""},"_links":{"self":[{"href":"https:\/\/exceladvisor.org\/pt\/wp-json\/wp\/v2\/pages\/30","targetHints":{"allow":["GET"]}}],"collection":[{"href":"https:\/\/exceladvisor.org\/pt\/wp-json\/wp\/v2\/pages"}],"about":[{"href":"https:\/\/exceladvisor.org\/pt\/wp-json\/wp\/v2\/types\/page"}],"author":[{"embeddable":true,"href":"https:\/\/exceladvisor.org\/pt\/wp-json\/wp\/v2\/users\/1"}],"replies":[{"embeddable":true,"href":"https:\/\/exceladvisor.org\/pt\/wp-json\/wp\/v2\/comments?post=30"}],"version-history":[{"count":1,"href":"https:\/\/exceladvisor.org\/pt\/wp-json\/wp\/v2\/pages\/30\/revisions"}],"predecessor-version":[{"id":1342,"href":"https:\/\/exceladvisor.org\/pt\/wp-json\/wp\/v2\/pages\/30\/revisions\/1342"}],"wp:attachment":[{"href":"https:\/\/exceladvisor.org\/pt\/wp-json\/wp\/v2\/media?parent=30"}],"curies":[{"name":"wp","href":"https:\/\/api.w.org\/{rel}","templated":true}]}}