{"id":300,"date":"2023-11-05T18:13:15","date_gmt":"2023-11-05T18:13:15","guid":{"rendered":"https:\/\/exceladvisor.org\/pt\/celulas-vazias\/"},"modified":"2023-12-06T11:50:50","modified_gmt":"2023-12-06T11:50:50","slug":"celulas-vazias","status":"publish","type":"page","link":"https:\/\/exceladvisor.org\/pt\/celulas-vazias\/","title":{"rendered":"Formata\u00e7\u00e3o condicional em c\u00e9lulas em branco no excel"},"content":{"rendered":"<div class=\"excel-before-content-2\" id=\"excel-1195204705\"><script type=\"text\/javascript\">\r\n\tatOptions = {\r\n\t\t'key' : 'c1158f160081d6540a8409e6925dab94',\r\n\t\t'format' : 'iframe',\r\n\t\t'height' : 250,\r\n\t\t'width' : 300,\r\n\t\t'params' : {}\r\n\t};\r\n<\/script>\r\n<script type=\"text\/javascript\" src=\"\/\/www.highperformanceformat.com\/c1158f160081d6540a8409e6925dab94\/invoke.js\"><\/script><\/div><div class=\"excel-before-content\" id=\"excel-701929692\"><script type=\"text\/javascript\">\r\n\tatOptions = {\r\n\t\t'key' : 'c1158f160081d6540a8409e6925dab94',\r\n\t\t'format' : 'iframe',\r\n\t\t'height' : 250,\r\n\t\t'width' : 300,\r\n\t\t'params' : {}\r\n\t};\r\n<\/script>\r\n<script type=\"text\/javascript\" src=\"\/\/www.highperformanceformat.com\/c1158f160081d6540a8409e6925dab94\/invoke.js\"><\/script><\/div> <p>No Excel, voc\u00ea pode usar a formata\u00e7\u00e3o condicional para destacar c\u00e9lulas vazias com uma <a href=\"https:\/\/exceladvisor.org\/pt\/cor-da-celula\/\">cor de c\u00e9lula<\/a> ou uma cor para a fonte do valor no texto. Este tutorial nos ensinar\u00e1 como fazer isso com dois m\u00e9todos diferentes.<\/p><p> Por exemplo, aqui est\u00e3o algumas datas; algumas c\u00e9lulas ficam em branco entre as datas e voc\u00ea precisa destac\u00e1-las.<\/p><h2 class=\"wp-block-heading\"> Etapas para usar a op\u00e7\u00e3o de c\u00e9lula em branco na formata\u00e7\u00e3o condicional<\/h2><ol><li> Primeiro, selecione o intervalo no qual voc\u00ea possui dados. <br><img loading=\"lazy\" decoding=\"async\" title=\"1 intervalo de sele\u00e7\u00e3o\" src=\"https:\/\/exceladvisor.org\/wp-content\/uploads\/2023\/08\/1-selectionner-la-gamme.png\" sizes=\"auto, \" srcset=\"\" alt=\"1-select-the-range\" width=\"449\" height=\"303\"><\/li><li> Em seguida, v\u00e1 para a guia In\u00edcio &gt; Formata\u00e7\u00e3o Condicional &gt; Regras de Destaque de C\u00e9lula &gt; Mais Regras. <br><img loading=\"lazy\" decoding=\"async\" title=\"2-selecione mais regras\" src=\"https:\/\/exceladvisor.org\/wp-content\/uploads\/2023\/08\/2-selectionner-plus-de-regles.png\" sizes=\"auto, \" srcset=\"\" alt=\"2-select-more-rules\" width=\"490\" height=\"464\"><\/li><li> Selecione Em branco em &#8220;Formatar apenas c\u00e9lulas com&#8221; na caixa de di\u00e1logo Nova regra. <br><img loading=\"lazy\" decoding=\"async\" title=\"3-selecione-op\u00e7\u00e3o-vazia\" src=\"https:\/\/exceladvisor.org\/wp-content\/uploads\/2023\/08\/3-selectionnez-loption-vide.png\" sizes=\"auto, \" srcset=\"\" alt=\"3-select-blank-option\" width=\"521\" height=\"190\"><\/li><li> Em seguida, clique no bot\u00e3o \u201cFormatar\u2026\u201d e especifique o formato que deseja aplicar \u00e0 c\u00e9lula vazia. <br><img loading=\"lazy\" decoding=\"async\" title=\"4 cliques no bot\u00e3o de formata\u00e7\u00e3o\" src=\"https:\/\/exceladvisor.org\/wp-content\/uploads\/2023\/08\/4-cliquez-sur-le-bouton-formater.png\" sizes=\"auto, \" srcset=\"\" alt=\"4-click-on-format-button\" width=\"516\" height=\"196\"><\/li><li> No final, clique em OK para aplicar.<\/li><\/ol><p> Depois de clicar em OK, todas as c\u00e9lulas vazias ser\u00e3o destacadas com a cor especificada. <\/p><div class=\"wp-block-image\"><figure class=\"aligncenter size-full is-resized\"><img loading=\"lazy\" decoding=\"async\" class=\"wp-image-90452\" src=\"https:\/\/exceladvisor.org\/wp-content\/uploads\/2023\/08\/5-cellules-vides-surlignees-en-couleur.png\" sizes=\"auto, \" srcset=\"\" alt=\"c\u00e9lulas vazias destacadas com cor\" width=\"437\" height=\"298\"><\/figure><\/div><p> Voc\u00ea pode usar alguns m\u00e9todos para destacar c\u00e9lulas vazias, mas essa formata\u00e7\u00e3o condicional funciona melhor. Deixe-me dar alguns exemplos para entender por que digo isso. <\/p><div class=\"wp-block-image\"><figure class=\"aligncenter size-full is-resized\"><img loading=\"lazy\" decoding=\"async\" class=\"wp-image-90453\" src=\"https:\/\/exceladvisor.org\/wp-content\/uploads\/2023\/08\/6-cellules-vides-en-surbrillance-avec-mise-en-forme.png\" sizes=\"auto, \" srcset=\"\" alt=\"destacar c\u00e9lulas vazias com formata\u00e7\u00e3o\" width=\"439\" height=\"334\"><\/figure><\/div><p> No exemplo acima, a c\u00e9lula de sele\u00e7\u00e3o cont\u00e9m alguns espa\u00e7os, mas a formata\u00e7\u00e3o condicional ainda a considera vazia.<\/p><h2 class=\"wp-block-heading\"> Usando uma f\u00f3rmula personalizada em formata\u00e7\u00e3o condicional para c\u00e9lulas vazias<\/h2><ol><li> V\u00e1 para guia In\u00edcio &gt; Formata\u00e7\u00e3o Condicional &gt; Nova Regra para usar uma f\u00f3rmula personalizada. <br><img loading=\"lazy\" decoding=\"async\" title=\"7-selecione uma nova regra para uma f\u00f3rmula personalizada\" src=\"https:\/\/exceladvisor.org\/wp-content\/uploads\/2023\/08\/7-selectionnez-une-nouvelle-regle-pour-la-formule-personnalisee.png\" sizes=\"auto, \" srcset=\"\" alt=\"7-select-new-rule-for-custom-formula\" width=\"208\" height=\"374\"><\/li><li> Na caixa de di\u00e1logo Nova Regra, clique em &#8220;F\u00f3rmula para determinar a c\u00e9lula a ser formatada&#8230;&#8221; e insira a f\u00f3rmula =OR(A1=&#8221;&#8221;,A1=&#8221;&#8221;). <br><img loading=\"lazy\" decoding=\"async\" title=\"8 f\u00f3rmulas para determinar qual c\u00e9lula formatar\" src=\"https:\/\/exceladvisor.org\/wp-content\/uploads\/2023\/08\/8-formules-pour-determiner-quelle-cellule-formater.png\" sizes=\"auto, \" srcset=\"\" alt=\"8-formula-to-determine-which-cell-to-format\" width=\"530\" height=\"383\"><\/li><li> Agora clique no bot\u00e3o \u201cFormatar\u2026\u201d e especifique o formato a ser aplicado \u00e0 c\u00e9lula vazia. <br><img loading=\"lazy\" decoding=\"async\" title=\"9-especifique o formato\" src=\"https:\/\/exceladvisor.org\/wp-content\/uploads\/2023\/08\/9-preciser-le-format.png\" sizes=\"auto, \" srcset=\"\" alt=\"9-specify-the-format\" width=\"517\" height=\"190\"><\/li><li> E ent\u00e3o clique em OK para aplicar.<\/li><\/ol><p> E depois de clicar em OK, voc\u00ea obter\u00e1 todas as c\u00e9lulas destacadas. <\/p><div class=\"wp-block-image\"><figure class=\"aligncenter size-full is-resized\"><img loading=\"lazy\" decoding=\"async\" class=\"wp-image-90457\" src=\"https:\/\/exceladvisor.org\/wp-content\/uploads\/2023\/08\/10-toutes-les-cellules-vides-en-surbrillance.png\" sizes=\"auto, \" srcset=\"\" alt=\"todas as c\u00e9lulas vazias destacadas\" width=\"410\" height=\"311\"><\/figure><\/div><p> A f\u00f3rmula que usamos no teste de duas condi\u00e7\u00f5es \u00e9 se uma c\u00e9lula estiver vazia e a segunda \u00e9 se a c\u00e9lula tiver um espa\u00e7o.<\/p><p> <strong>Mas eu sugiro que voc\u00ea use o primeiro m\u00e9todo.<\/strong> <\/p><div class=\"gb-container gb-container-52dfcee1 gb-container-sample-file\"><h2 class=\"gb-headline gb-headline-e289c143 gb-headline-text gb-headline-4f7959c2\"> Obtenha o arquivo Excel<\/h2><p> <a class=\"gb-button gb-button-e88d6bee gb-button-text gb-button-button1\" href=\"https:\/\/exceladvisor.org\/wp-content\/uploads\/2023\/08\/mise-en-forme-conditionnelle-de-cellule-vide.xlsx\" rel=\"nofollow\">Download<\/a><\/p><\/div><div class=\"gb-container gb-container-6076ba72 gb-container-mt\"> <a class=\"gb-button gb-button-76e6a499 gb-button-text gb-button-mt-button\" href=\"https:\/\/exceladvisor.org\/pt\/nocoes-basicas-de-excel\/\">Aprenda o b\u00e1sico do Excel<\/a><h2 class=\"gb-headline gb-headline-a9e9e206 gb-headline-text gb-headline-mt-heading\"> Saiba mais sobre <a href=\"https:\/\/exceladvisor.org\/pt\/formatacao-condicional\/\">formata\u00e7\u00e3o condicional<\/a> <\/h2><div class=\"gb-grid-wrapper gb-grid-wrapper-790317cb gb-grid-wrapper-mt-grid\"><div class=\"gb-grid-column gb-grid-column-a9845ede\"><div class=\"gb-container gb-container-a9845ede\"><ul><li> <a href=\"https:\/\/exceladvisor.org\/pt\/aplicar-formatacao-condicional\/\">Aplicar formata\u00e7\u00e3o condicional a uma tabela din\u00e2mica<\/a><\/li><li> <a href=\"https:\/\/exceladvisor.org\/pt\/retirar\/\">Remover formata\u00e7\u00e3o condicional<\/a><\/li><li> <a href=\"https:\/\/exceladvisor.org\/pt\/comparar-colunas\/\">Compare duas colunas usando formata\u00e7\u00e3o condicional<\/a> <\/li><\/ul><\/div><\/div><div class=\"gb-grid-column gb-grid-column-ec8ff319\"><div class=\"gb-container gb-container-ec8ff319\"><ul><li> <a href=\"https:\/\/exceladvisor.org\/pt\/nao-funciona\/\">Por que a formata\u00e7\u00e3o condicional n\u00e3o funciona no Excel<\/a><\/li><li> <a href=\"https:\/\/exceladvisor.org\/pt\/celula-contem-texto\/\">Destaque se uma c\u00e9lula cont\u00e9m texto espec\u00edfico<\/a><\/li><li> <a href=\"https:\/\/exceladvisor.org\/pt\/com-base-na-data-2\/\">Aplicar formata\u00e7\u00e3o condicional com base em uma data<\/a><\/li><\/ul><\/div><\/div><\/div><\/div>","protected":false},"excerpt":{"rendered":"","protected":false},"author":1,"featured_media":0,"parent":0,"menu_order":0,"comment_status":"open","ping_status":"closed","template":"","meta":{"ub_ctt_via":"","footnotes":""},"class_list":["post-300","page","type-page","status-publish","hentry"],"featured_image_src":null,"yoast_head":"<!-- This site is optimized with the Yoast SEO plugin v25.4 - https:\/\/yoast.com\/wordpress\/plugins\/seo\/ -->\n<title>Formata\u00e7\u00e3o condicional em c\u00e9lulas em branco no Excel<\/title>\n<meta name=\"description\" content=\"Este tutorial ajuda voc\u00ea a aplicar formata\u00e7\u00e3o condicional em c\u00e9lulas vazias para destac\u00e1-las. Vamos verificar isso...\" \/>\n<meta name=\"robots\" content=\"index, follow, max-snippet:-1, max-image-preview:large, max-video-preview:-1\" \/>\n<link rel=\"canonical\" href=\"https:\/\/exceladvisor.org\/pt\/celulas-vazias\/\" \/>\n<meta property=\"og:locale\" content=\"pt_PT\" \/>\n<meta property=\"og:type\" content=\"article\" \/>\n<meta property=\"og:title\" content=\"Formata\u00e7\u00e3o condicional em c\u00e9lulas em branco no Excel\" \/>\n<meta property=\"og:description\" content=\"Este tutorial ajuda voc\u00ea a aplicar formata\u00e7\u00e3o condicional em c\u00e9lulas vazias para destac\u00e1-las. Vamos verificar isso...\" \/>\n<meta property=\"og:url\" content=\"https:\/\/exceladvisor.org\/pt\/celulas-vazias\/\" \/>\n<meta property=\"og:site_name\" content=\"Excel Advisor\" \/>\n<meta property=\"article:modified_time\" content=\"2023-12-06T11:50:50+00:00\" \/>\n<meta property=\"og:image\" content=\"https:\/\/exceladvisor.org\/wp-content\/uploads\/2023\/08\/1-selectionner-la-gamme.png\" \/>\n<meta name=\"twitter:card\" content=\"summary_large_image\" \/>\n<meta name=\"twitter:label1\" content=\"Tempo estimado de leitura\" \/>\n\t<meta name=\"twitter:data1\" content=\"2 minutos\" \/>\n<script type=\"application\/ld+json\" class=\"yoast-schema-graph\">{\"@context\":\"https:\/\/schema.org\",\"@graph\":[{\"@type\":\"WebPage\",\"@id\":\"https:\/\/exceladvisor.org\/pt\/celulas-vazias\/\",\"url\":\"https:\/\/exceladvisor.org\/pt\/celulas-vazias\/\",\"name\":\"Formata\u00e7\u00e3o condicional em c\u00e9lulas em branco no Excel\",\"isPartOf\":{\"@id\":\"https:\/\/exceladvisor.org\/pt\/#website\"},\"primaryImageOfPage\":{\"@id\":\"https:\/\/exceladvisor.org\/pt\/celulas-vazias\/#primaryimage\"},\"image\":{\"@id\":\"https:\/\/exceladvisor.org\/pt\/celulas-vazias\/#primaryimage\"},\"thumbnailUrl\":\"https:\/\/exceladvisor.org\/wp-content\/uploads\/2023\/08\/1-selectionner-la-gamme.png\",\"datePublished\":\"2023-11-05T18:13:15+00:00\",\"dateModified\":\"2023-12-06T11:50:50+00:00\",\"description\":\"Este tutorial ajuda voc\u00ea a aplicar formata\u00e7\u00e3o condicional em c\u00e9lulas vazias para destac\u00e1-las. Vamos verificar isso...\",\"breadcrumb\":{\"@id\":\"https:\/\/exceladvisor.org\/pt\/celulas-vazias\/#breadcrumb\"},\"inLanguage\":\"pt-PT\",\"potentialAction\":[{\"@type\":\"ReadAction\",\"target\":[\"https:\/\/exceladvisor.org\/pt\/celulas-vazias\/\"]}]},{\"@type\":\"ImageObject\",\"inLanguage\":\"pt-PT\",\"@id\":\"https:\/\/exceladvisor.org\/pt\/celulas-vazias\/#primaryimage\",\"url\":\"https:\/\/exceladvisor.org\/wp-content\/uploads\/2023\/08\/1-selectionner-la-gamme.png\",\"contentUrl\":\"https:\/\/exceladvisor.org\/wp-content\/uploads\/2023\/08\/1-selectionner-la-gamme.png\"},{\"@type\":\"BreadcrumbList\",\"@id\":\"https:\/\/exceladvisor.org\/pt\/celulas-vazias\/#breadcrumb\",\"itemListElement\":[{\"@type\":\"ListItem\",\"position\":1,\"name\":\"Lar\",\"item\":\"https:\/\/exceladvisor.org\/pt\/\"},{\"@type\":\"ListItem\",\"position\":2,\"name\":\"Formata\u00e7\u00e3o condicional em c\u00e9lulas em branco no excel\"}]},{\"@type\":\"WebSite\",\"@id\":\"https:\/\/exceladvisor.org\/pt\/#website\",\"url\":\"https:\/\/exceladvisor.org\/pt\/\",\"name\":\"Excel Advisor\",\"description\":\"O seu guia definitivo para dominar os dados!\",\"publisher\":{\"@id\":\"https:\/\/exceladvisor.org\/pt\/#organization\"},\"potentialAction\":[{\"@type\":\"SearchAction\",\"target\":{\"@type\":\"EntryPoint\",\"urlTemplate\":\"https:\/\/exceladvisor.org\/pt\/?s={search_term_string}\"},\"query-input\":{\"@type\":\"PropertyValueSpecification\",\"valueRequired\":true,\"valueName\":\"search_term_string\"}}],\"inLanguage\":\"pt-PT\"},{\"@type\":\"Organization\",\"@id\":\"https:\/\/exceladvisor.org\/pt\/#organization\",\"name\":\"Excel Advisor\",\"url\":\"https:\/\/exceladvisor.org\/pt\/\",\"logo\":{\"@type\":\"ImageObject\",\"inLanguage\":\"pt-PT\",\"@id\":\"https:\/\/exceladvisor.org\/pt\/#\/schema\/logo\/image\/\",\"url\":\"https:\/\/exceladvisor.org\/pt\/wp-content\/uploads\/2023\/12\/exceladvisor.org_.png\",\"contentUrl\":\"https:\/\/exceladvisor.org\/pt\/wp-content\/uploads\/2023\/12\/exceladvisor.org_.png\",\"width\":105,\"height\":36,\"caption\":\"Excel Advisor\"},\"image\":{\"@id\":\"https:\/\/exceladvisor.org\/pt\/#\/schema\/logo\/image\/\"}}]}<\/script>\n<!-- \/ Yoast SEO plugin. -->","yoast_head_json":{"title":"Formata\u00e7\u00e3o condicional em c\u00e9lulas em branco no Excel","description":"Este tutorial ajuda voc\u00ea a aplicar formata\u00e7\u00e3o condicional em c\u00e9lulas vazias para destac\u00e1-las. Vamos verificar isso...","robots":{"index":"index","follow":"follow","max-snippet":"max-snippet:-1","max-image-preview":"max-image-preview:large","max-video-preview":"max-video-preview:-1"},"canonical":"https:\/\/exceladvisor.org\/pt\/celulas-vazias\/","og_locale":"pt_PT","og_type":"article","og_title":"Formata\u00e7\u00e3o condicional em c\u00e9lulas em branco no Excel","og_description":"Este tutorial ajuda voc\u00ea a aplicar formata\u00e7\u00e3o condicional em c\u00e9lulas vazias para destac\u00e1-las. Vamos verificar isso...","og_url":"https:\/\/exceladvisor.org\/pt\/celulas-vazias\/","og_site_name":"Excel Advisor","article_modified_time":"2023-12-06T11:50:50+00:00","og_image":[{"url":"https:\/\/exceladvisor.org\/wp-content\/uploads\/2023\/08\/1-selectionner-la-gamme.png","type":"","width":"","height":""}],"twitter_card":"summary_large_image","twitter_misc":{"Tempo estimado de leitura":"2 minutos"},"schema":{"@context":"https:\/\/schema.org","@graph":[{"@type":"WebPage","@id":"https:\/\/exceladvisor.org\/pt\/celulas-vazias\/","url":"https:\/\/exceladvisor.org\/pt\/celulas-vazias\/","name":"Formata\u00e7\u00e3o condicional em c\u00e9lulas em branco no Excel","isPartOf":{"@id":"https:\/\/exceladvisor.org\/pt\/#website"},"primaryImageOfPage":{"@id":"https:\/\/exceladvisor.org\/pt\/celulas-vazias\/#primaryimage"},"image":{"@id":"https:\/\/exceladvisor.org\/pt\/celulas-vazias\/#primaryimage"},"thumbnailUrl":"https:\/\/exceladvisor.org\/wp-content\/uploads\/2023\/08\/1-selectionner-la-gamme.png","datePublished":"2023-11-05T18:13:15+00:00","dateModified":"2023-12-06T11:50:50+00:00","description":"Este tutorial ajuda voc\u00ea a aplicar formata\u00e7\u00e3o condicional em c\u00e9lulas vazias para destac\u00e1-las. Vamos verificar isso...","breadcrumb":{"@id":"https:\/\/exceladvisor.org\/pt\/celulas-vazias\/#breadcrumb"},"inLanguage":"pt-PT","potentialAction":[{"@type":"ReadAction","target":["https:\/\/exceladvisor.org\/pt\/celulas-vazias\/"]}]},{"@type":"ImageObject","inLanguage":"pt-PT","@id":"https:\/\/exceladvisor.org\/pt\/celulas-vazias\/#primaryimage","url":"https:\/\/exceladvisor.org\/wp-content\/uploads\/2023\/08\/1-selectionner-la-gamme.png","contentUrl":"https:\/\/exceladvisor.org\/wp-content\/uploads\/2023\/08\/1-selectionner-la-gamme.png"},{"@type":"BreadcrumbList","@id":"https:\/\/exceladvisor.org\/pt\/celulas-vazias\/#breadcrumb","itemListElement":[{"@type":"ListItem","position":1,"name":"Lar","item":"https:\/\/exceladvisor.org\/pt\/"},{"@type":"ListItem","position":2,"name":"Formata\u00e7\u00e3o condicional em c\u00e9lulas em branco no excel"}]},{"@type":"WebSite","@id":"https:\/\/exceladvisor.org\/pt\/#website","url":"https:\/\/exceladvisor.org\/pt\/","name":"Excel Advisor","description":"O seu guia definitivo para dominar os dados!","publisher":{"@id":"https:\/\/exceladvisor.org\/pt\/#organization"},"potentialAction":[{"@type":"SearchAction","target":{"@type":"EntryPoint","urlTemplate":"https:\/\/exceladvisor.org\/pt\/?s={search_term_string}"},"query-input":{"@type":"PropertyValueSpecification","valueRequired":true,"valueName":"search_term_string"}}],"inLanguage":"pt-PT"},{"@type":"Organization","@id":"https:\/\/exceladvisor.org\/pt\/#organization","name":"Excel Advisor","url":"https:\/\/exceladvisor.org\/pt\/","logo":{"@type":"ImageObject","inLanguage":"pt-PT","@id":"https:\/\/exceladvisor.org\/pt\/#\/schema\/logo\/image\/","url":"https:\/\/exceladvisor.org\/pt\/wp-content\/uploads\/2023\/12\/exceladvisor.org_.png","contentUrl":"https:\/\/exceladvisor.org\/pt\/wp-content\/uploads\/2023\/12\/exceladvisor.org_.png","width":105,"height":36,"caption":"Excel Advisor"},"image":{"@id":"https:\/\/exceladvisor.org\/pt\/#\/schema\/logo\/image\/"}}]}},"yoast_meta":{"yoast_wpseo_title":"","yoast_wpseo_metadesc":"","yoast_wpseo_canonical":""},"_links":{"self":[{"href":"https:\/\/exceladvisor.org\/pt\/wp-json\/wp\/v2\/pages\/300","targetHints":{"allow":["GET"]}}],"collection":[{"href":"https:\/\/exceladvisor.org\/pt\/wp-json\/wp\/v2\/pages"}],"about":[{"href":"https:\/\/exceladvisor.org\/pt\/wp-json\/wp\/v2\/types\/page"}],"author":[{"embeddable":true,"href":"https:\/\/exceladvisor.org\/pt\/wp-json\/wp\/v2\/users\/1"}],"replies":[{"embeddable":true,"href":"https:\/\/exceladvisor.org\/pt\/wp-json\/wp\/v2\/comments?post=300"}],"version-history":[{"count":1,"href":"https:\/\/exceladvisor.org\/pt\/wp-json\/wp\/v2\/pages\/300\/revisions"}],"predecessor-version":[{"id":1423,"href":"https:\/\/exceladvisor.org\/pt\/wp-json\/wp\/v2\/pages\/300\/revisions\/1423"}],"wp:attachment":[{"href":"https:\/\/exceladvisor.org\/pt\/wp-json\/wp\/v2\/media?parent=300"}],"curies":[{"name":"wp","href":"https:\/\/api.w.org\/{rel}","templated":true}]}}