{"id":301,"date":"2023-11-05T17:50:26","date_gmt":"2023-11-05T17:50:26","guid":{"rendered":"https:\/\/exceladvisor.org\/pt\/pesquisav-2\/"},"modified":"2023-12-06T11:37:51","modified_gmt":"2023-12-06T11:37:51","slug":"pesquisav-2","status":"publish","type":"page","link":"https:\/\/exceladvisor.org\/pt\/pesquisav-2\/","title":{"rendered":"Como fazer vlookup no power query no excel?"},"content":{"rendered":"<div class=\"excel-before-content-2\" id=\"excel-2785307762\"><script type=\"text\/javascript\">\r\n\tatOptions = {\r\n\t\t'key' : 'c1158f160081d6540a8409e6925dab94',\r\n\t\t'format' : 'iframe',\r\n\t\t'height' : 250,\r\n\t\t'width' : 300,\r\n\t\t'params' : {}\r\n\t};\r\n<\/script>\r\n<script type=\"text\/javascript\" src=\"\/\/www.highperformanceformat.com\/c1158f160081d6540a8409e6925dab94\/invoke.js\"><\/script><\/div><div class=\"excel-before-content\" id=\"excel-3635930959\"><script type=\"text\/javascript\">\r\n\tatOptions = {\r\n\t\t'key' : 'c1158f160081d6540a8409e6925dab94',\r\n\t\t'format' : 'iframe',\r\n\t\t'height' : 250,\r\n\t\t'width' : 300,\r\n\t\t'params' : {}\r\n\t};\r\n<\/script>\r\n<script type=\"text\/javascript\" src=\"\/\/www.highperformanceformat.com\/c1158f160081d6540a8409e6925dab94\/invoke.js\"><\/script><\/div> <p class=\"has-text-align-left\">VLOOKUP \u00e9 uma das <a href=\"https:\/\/exceladvisor.org\/pt\/funcoes-do-excel\/\">fun\u00e7\u00f5es mais populares do Excel<\/a> e n\u00e3o h\u00e1 d\u00favidas disso. Voc\u00ea sabe disso desde o in\u00edcio de sua jornada no Excel. Mas hoje tenho algo novo para voc\u00ea e voc\u00ea deve aprender agora.<\/p><p> <strong>Aqui est\u00e1 o acordo:<\/strong><\/p><p> Voc\u00ea pode usar POWER QUERY para combinar duas colunas e obter valores (usando a op\u00e7\u00e3o de mesclagem). Sim, voc\u00ea ouviu corretamente, voc\u00ea pode fazer VLOOKUP no Power Query.<\/p><p> Como voc\u00ea sabe: \u201cPROCV corresponde aos valores de uma coluna e depois retorna os valores da mesma linha da coluna diferente ou da mesma coluna. \u00bb<\/p><h2 class=\"wp-block-heading\"> Vamos come\u00e7ar com os dados<\/h2><p> Se voc\u00ea olhar os dados abaixo ( <a href=\"https:\/\/exceladvisor.org\/wp-content\/uploads\/2023\/11\/requete-de-puissance-vlookup-2.xlsx\" rel=\"nofollow\"><strong>CLIQUE AQUI PARA BAIXAR<\/strong><\/a> ) onde temos duas tabelas diferentes com o pre\u00e7o e categoria do produto. <\/p><div class=\"wp-block-image\"><figure class=\"aligncenter\"><img decoding=\"async\" src=\"https:\/\/exceladvisor.org\/wp-content\/uploads\/2023\/08\/table-de-donnees-pour-utiliser-power-query-vlookup-1.png\" sizes=\"\" srcset=\"\" alt=\"tabela de dados para usar consulta avan\u00e7ada vlookup\"><\/figure><\/div><p> A \u00fanica coisa comum nessas duas tabelas s\u00e3o os IDs dos produtos. E aqui quero ter categorias na tabela de quantidades.<\/p><h2 class=\"wp-block-heading\"> Por que Power Query em vez de VLOOKUP?<\/h2><p> Como voc\u00ea pode ver, temos IDs de produtos como algo comum em ambas as tabelas.<\/p><p> objetivo\u2026 objetivo\u2026 objetivo\u2026<\/p><p> Se quiser usar VLOOKUP, voc\u00ea precisa mover a coluna ID do produto antes da coluna Categoria na TABELA 2. <\/p><div class=\"wp-block-image\"><figure class=\"aligncenter\"><img decoding=\"async\" src=\"https:\/\/exceladvisor.org\/wp-content\/uploads\/2023\/08\/La-colonne-power-query-vlookup-doit-etre-decalee-1.png\" sizes=\"\" srcset=\"\" alt=\"A coluna vlookup da consulta avan\u00e7ada deve ser compensada\"><\/figure><\/div><p> Caso contr\u00e1rio, voc\u00ea pode usar <a style=\"outline: none;\" href=\"https:\/\/exceladvisor.org\/pt\/pesquisa-reversa\/\">INDEX MATCH<\/a> . Mas aqui vamos fazer isso com o Power Query.<\/p><h2 class=\"wp-block-heading\"> Etapas para realizar VLOOKUP com Power Query<\/h2><p> Usar o Power Query para substituir VLOOKUP n\u00e3o \u00e9 apenas f\u00e1cil, mas r\u00e1pido e a melhor parte \u00e9 que \u00e9 uma configura\u00e7\u00e3o \u00fanica.<\/p><p> \u00c9 mais assim:<\/p><ol><li> Crie consultas (conex\u00f5es) para ambas as tabelas.<\/li><li> Escolha a coluna comum a ambas as tabelas.<\/li><li> Mescle-os e obtenha a coluna desejada.<\/li><\/ol><p> Mas vamos seguir passo a passo e certifique-se de <a href=\"https:\/\/exceladvisor.org\/wp-content\/uploads\/2023\/11\/requete-de-puissance-vlookup-2.xlsx\" rel=\"nofollow\">baixar este arquivo de amostra aqui<\/a> para acompanhar.<\/p><ul><li> Primeiro, converta as duas tabelas (TABELA 1 e TABELA 2) em tabelas Excel usando Control + T ou Insert \u279c Tabelas \u279c Tabela. <\/li><\/ul><div class=\"wp-block-image\"><figure class=\"aligncenter\"><img decoding=\"async\" src=\"https:\/\/exceladvisor.org\/wp-content\/uploads\/2023\/08\/appliquer-la-table-aux-donnees-pour-utiliser-power-query-vlookup-1.png\" sizes=\"\" srcset=\"\" alt=\"aplicar tabela aos dados para usar consulta avan\u00e7ada vlookup\"><\/figure><\/div><ul><li> Em seguida, voc\u00ea precisa carregar os dados no Power Query Editor e, para isso, v\u00e1 para a guia Dados \u279c Obter e transformar dados \u279c Da tabela. <\/li><\/ul><div class=\"wp-block-image\"><figure class=\"aligncenter\"><img decoding=\"async\" src=\"https:\/\/exceladvisor.org\/wp-content\/uploads\/2023\/08\/power-query-vlookup-obtenir-les-donnees-de-la-table-1.png\" sizes=\"\" srcset=\"\" alt=\"consulta avan\u00e7ada vlookup obt\u00e9m dados da tabela\"><\/figure><\/div><ul><li> Depois disso, feche a consulta na guia Home \u279c Fechar e carregar \u279c Somente login. (Repita as etapas 2 e 3 para a segunda tabela). <\/li><\/ul><div class=\"wp-block-image\"><figure class=\"aligncenter\"><img decoding=\"async\" src=\"https:\/\/exceladvisor.org\/wp-content\/uploads\/2023\/08\/power-query-vlookup-cliquez-et-chargez-la-table-1.png\" sizes=\"\" srcset=\"\" alt=\"consulta avan\u00e7ada vlookup clique e carregue a tabela\"><\/figure><\/div><ul><li> Agora, a partir daqui, clique com o bot\u00e3o direito na consulta e clique em &#8220;Mesclar&#8221; ou se voc\u00ea estiver usando o Office 365 como eu, est\u00e1 na aba Dados \u279c Obter Dados \u279c Combinar Consultas \u279c Mesclar. <\/li><\/ul><div class=\"wp-block-image\"><figure class=\"aligncenter\"><img decoding=\"async\" src=\"https:\/\/exceladvisor.org\/wp-content\/uploads\/2023\/08\/power-query-vlookup-option-de-fusion-du-clic-droit-1.png\" sizes=\"\" srcset=\"\" alt=\"\"><\/figure><\/div><ul><li> Depois de clicar em \u201cMesclar\u201d, ser\u00e1 exibida a janela de mesclagem. <\/li><\/ul><div class=\"wp-block-image\"><figure class=\"aligncenter\"><img decoding=\"async\" src=\"https:\/\/exceladvisor.org\/wp-content\/uploads\/2023\/08\/fenetre-doption-de-fusion-power-query-vlookup-1.png\" sizes=\"\" srcset=\"\" alt=\"\"><\/figure><\/div><ul><li> Nesta janela, selecione a \u201cTabela de Quantidades\u201d na se\u00e7\u00e3o superior e a \u201cTabela de Categorias\u201d na se\u00e7\u00e3o inferior.<\/li><li> Depois disso, selecione a coluna que \u00e9 comum \u00e0s duas tabelas (aqui o ID do produto \u00e9 comum). <\/li><\/ul><div class=\"wp-block-image\"><figure class=\"aligncenter\"><img decoding=\"async\" src=\"https:\/\/exceladvisor.org\/wp-content\/uploads\/2023\/08\/requete-de-puissance-vlookup-selectionner-la-fenetre-de-fusion-de-colonnes-de-tables-1.png\" sizes=\"\" srcset=\"\" alt=\"\"><\/figure><\/div><ul><li> Neste ponto voc\u00ea tem uma nova tabela no Advanced Query Editor.<\/li><li> A partir da\u00ed, clique no bot\u00e3o de filtro na \u00faltima coluna da tabela e selecione apenas a categoria (desmarque o ID do produto) e clique em OK. <\/li><\/ul><div class=\"wp-block-image\"><figure class=\"aligncenter\"><img decoding=\"async\" src=\"https:\/\/exceladvisor.org\/wp-content\/uploads\/2023\/08\/power-query-vlookup-selectionnez-la-categorie-de-produit-1.png\" sizes=\"\" srcset=\"\" alt=\"\"><\/figure><\/div><ul><li> Aqui voc\u00ea tem uma nova tabela com uma coluna de categoria. <\/li><\/ul><div class=\"wp-block-image\"><figure class=\"aligncenter\"><img decoding=\"async\" src=\"https:\/\/exceladvisor.org\/wp-content\/uploads\/2023\/08\/power-query-vlookup-nouvelle-colonne-de-categorie-de-table-1.png\" sizes=\"\" srcset=\"\" alt=\"\"><\/figure><\/div><ul><li> Ao final, clique em \u201cFechar e Carregar\u201d para carregar a tabela na planilha. <\/li><\/ul><div class=\"wp-block-image\"><figure class=\"aligncenter\"><img decoding=\"async\" src=\"https:\/\/exceladvisor.org\/wp-content\/uploads\/2023\/08\/cliquez-sur-fermer-et-chargez-obtenir-la-feuille-de-calcul-de-la-table-1.png\" sizes=\"\" srcset=\"\" alt=\"\"><\/figure><\/div><p> <strong>ESTRONDO<\/strong> ! agora voc\u00ea tem uma nova tabela com uma coluna de categoria.<\/p><h2 class=\"wp-block-heading\"> Conclus\u00e3o<\/h2><p> Em uma consulta avan\u00e7ada, basta criar a conex\u00e3o das tabelas e mesclar as consultas.<\/p><p> E o melhor \u00e9 que assim que voc\u00ea adicionar novos dados \u00e0 lista de quantidades, a nova tabela ser\u00e1 atualizada instantaneamente. Espero que voc\u00ea tenha achado esta dica de consulta avan\u00e7ada \u00fatil, mas agora me diga uma coisa.<\/p><p> O que parece melhor para voc\u00ea? PowerQuery ou PROCV?<\/p><p> Por favor, compartilhe suas opini\u00f5es comigo na se\u00e7\u00e3o de coment\u00e1rios.<\/p><p> Eu adoraria ouvir de voc\u00ea, e por favor n\u00e3o se esque\u00e7a de compartilhar este post com seus amigos, tenho certeza que eles v\u00e3o gostar e se voc\u00ea quiser saber como usar o power query em geral, n\u00e3o deixe de conferir isto <a style=\"outline: none;\" href=\"https:\/\/exceladvisor.org\/pt\/solicitacao-de-energia\/\"><strong>Tutorial de consulta avan\u00e7ada do Excel<\/strong><\/a> .<\/p><div class=\"gb-container gb-container-9e2850fe gb-container-mt\"> <a class=\"gb-button gb-button-71636faa gb-button-text gb-button-mt-button\" href=\"https:\/\/exceladvisor.org\/pt\/solicitacao-de-energia\/\">Consulta avan\u00e7ada no Excel (tutorial)<\/a><h2 class=\"gb-headline gb-headline-c566b2ed gb-headline-text gb-headline-mt-heading\"> Tutoriais relacionados <\/h2><div class=\"gb-grid-wrapper gb-grid-wrapper-b15ed1bf gb-grid-wrapper-mt-grid\"><div class=\"gb-grid-column gb-grid-column-6e9de105\"><div class=\"gb-container gb-container-6e9de105\"><ul><li> Mesclar [Combinar] V\u00e1rios ARQUIVOS Excel em UM CADERNO<\/li><li> <a href=\"https:\/\/exceladvisor.org\/pt\/dados-nao-girados\/\">Remova o piv\u00f4 de dados no Excel usando o Power Query<\/a><\/li><li> <a href=\"https:\/\/exceladvisor.org\/pt\/corrente\/\">Power Query: concatenar valores (texto e n\u00fameros)<\/a><\/li><li> <a href=\"https:\/\/exceladvisor.org\/pt\/diferenca-de-datas\/\">Consulta avan\u00e7ada: diferen\u00e7a de data<\/a><\/li><\/ul><\/div><\/div><\/div><\/div>","protected":false},"excerpt":{"rendered":"","protected":false},"author":1,"featured_media":0,"parent":0,"menu_order":0,"comment_status":"open","ping_status":"closed","template":"","meta":{"ub_ctt_via":"","footnotes":""},"class_list":["post-301","page","type-page","status-publish","hentry"],"featured_image_src":null,"yoast_head":"<!-- This site is optimized with the Yoast SEO plugin v25.4 - https:\/\/yoast.com\/wordpress\/plugins\/seo\/ -->\n<title>Como realizar VLOOKUP no Power Query no Excel<\/title>\n<meta name=\"description\" content=\"Usar o Power Query para substituir VLOOKUP n\u00e3o \u00e9 apenas simples, mas r\u00e1pido e \u00e9 uma configura\u00e7\u00e3o \u00fanica.\" \/>\n<meta name=\"robots\" content=\"index, follow, max-snippet:-1, max-image-preview:large, max-video-preview:-1\" \/>\n<link rel=\"canonical\" href=\"https:\/\/exceladvisor.org\/pt\/pesquisav-2\/\" \/>\n<meta property=\"og:locale\" content=\"pt_PT\" \/>\n<meta property=\"og:type\" content=\"article\" \/>\n<meta property=\"og:title\" content=\"Como realizar VLOOKUP no Power Query no Excel\" \/>\n<meta property=\"og:description\" content=\"Usar o Power Query para substituir VLOOKUP n\u00e3o \u00e9 apenas simples, mas r\u00e1pido e \u00e9 uma configura\u00e7\u00e3o \u00fanica.\" \/>\n<meta property=\"og:url\" content=\"https:\/\/exceladvisor.org\/pt\/pesquisav-2\/\" \/>\n<meta property=\"og:site_name\" content=\"Excel Advisor\" \/>\n<meta property=\"article:modified_time\" content=\"2023-12-06T11:37:51+00:00\" \/>\n<meta property=\"og:image\" content=\"https:\/\/exceladvisor.org\/wp-content\/uploads\/2023\/08\/table-de-donnees-pour-utiliser-power-query-vlookup-1.png\" \/>\n<meta name=\"twitter:card\" content=\"summary_large_image\" \/>\n<meta name=\"twitter:label1\" content=\"Tempo estimado de leitura\" \/>\n\t<meta name=\"twitter:data1\" content=\"3 minutos\" \/>\n<script type=\"application\/ld+json\" class=\"yoast-schema-graph\">{\"@context\":\"https:\/\/schema.org\",\"@graph\":[{\"@type\":\"WebPage\",\"@id\":\"https:\/\/exceladvisor.org\/pt\/pesquisav-2\/\",\"url\":\"https:\/\/exceladvisor.org\/pt\/pesquisav-2\/\",\"name\":\"Como realizar VLOOKUP no Power Query no Excel\",\"isPartOf\":{\"@id\":\"https:\/\/exceladvisor.org\/pt\/#website\"},\"primaryImageOfPage\":{\"@id\":\"https:\/\/exceladvisor.org\/pt\/pesquisav-2\/#primaryimage\"},\"image\":{\"@id\":\"https:\/\/exceladvisor.org\/pt\/pesquisav-2\/#primaryimage\"},\"thumbnailUrl\":\"https:\/\/exceladvisor.org\/wp-content\/uploads\/2023\/08\/table-de-donnees-pour-utiliser-power-query-vlookup-1.png\",\"datePublished\":\"2023-11-05T17:50:26+00:00\",\"dateModified\":\"2023-12-06T11:37:51+00:00\",\"description\":\"Usar o Power Query para substituir VLOOKUP n\u00e3o \u00e9 apenas simples, mas r\u00e1pido e \u00e9 uma configura\u00e7\u00e3o \u00fanica.\",\"breadcrumb\":{\"@id\":\"https:\/\/exceladvisor.org\/pt\/pesquisav-2\/#breadcrumb\"},\"inLanguage\":\"pt-PT\",\"potentialAction\":[{\"@type\":\"ReadAction\",\"target\":[\"https:\/\/exceladvisor.org\/pt\/pesquisav-2\/\"]}]},{\"@type\":\"ImageObject\",\"inLanguage\":\"pt-PT\",\"@id\":\"https:\/\/exceladvisor.org\/pt\/pesquisav-2\/#primaryimage\",\"url\":\"https:\/\/exceladvisor.org\/wp-content\/uploads\/2023\/08\/table-de-donnees-pour-utiliser-power-query-vlookup-1.png\",\"contentUrl\":\"https:\/\/exceladvisor.org\/wp-content\/uploads\/2023\/08\/table-de-donnees-pour-utiliser-power-query-vlookup-1.png\"},{\"@type\":\"BreadcrumbList\",\"@id\":\"https:\/\/exceladvisor.org\/pt\/pesquisav-2\/#breadcrumb\",\"itemListElement\":[{\"@type\":\"ListItem\",\"position\":1,\"name\":\"Lar\",\"item\":\"https:\/\/exceladvisor.org\/pt\/\"},{\"@type\":\"ListItem\",\"position\":2,\"name\":\"Como fazer vlookup no power query no excel?\"}]},{\"@type\":\"WebSite\",\"@id\":\"https:\/\/exceladvisor.org\/pt\/#website\",\"url\":\"https:\/\/exceladvisor.org\/pt\/\",\"name\":\"Excel Advisor\",\"description\":\"O seu guia definitivo para dominar os dados!\",\"publisher\":{\"@id\":\"https:\/\/exceladvisor.org\/pt\/#organization\"},\"potentialAction\":[{\"@type\":\"SearchAction\",\"target\":{\"@type\":\"EntryPoint\",\"urlTemplate\":\"https:\/\/exceladvisor.org\/pt\/?s={search_term_string}\"},\"query-input\":{\"@type\":\"PropertyValueSpecification\",\"valueRequired\":true,\"valueName\":\"search_term_string\"}}],\"inLanguage\":\"pt-PT\"},{\"@type\":\"Organization\",\"@id\":\"https:\/\/exceladvisor.org\/pt\/#organization\",\"name\":\"Excel Advisor\",\"url\":\"https:\/\/exceladvisor.org\/pt\/\",\"logo\":{\"@type\":\"ImageObject\",\"inLanguage\":\"pt-PT\",\"@id\":\"https:\/\/exceladvisor.org\/pt\/#\/schema\/logo\/image\/\",\"url\":\"https:\/\/exceladvisor.org\/pt\/wp-content\/uploads\/2023\/12\/exceladvisor.org_.png\",\"contentUrl\":\"https:\/\/exceladvisor.org\/pt\/wp-content\/uploads\/2023\/12\/exceladvisor.org_.png\",\"width\":105,\"height\":36,\"caption\":\"Excel Advisor\"},\"image\":{\"@id\":\"https:\/\/exceladvisor.org\/pt\/#\/schema\/logo\/image\/\"}}]}<\/script>\n<!-- \/ Yoast SEO plugin. -->","yoast_head_json":{"title":"Como realizar VLOOKUP no Power Query no Excel","description":"Usar o Power Query para substituir VLOOKUP n\u00e3o \u00e9 apenas simples, mas r\u00e1pido e \u00e9 uma configura\u00e7\u00e3o \u00fanica.","robots":{"index":"index","follow":"follow","max-snippet":"max-snippet:-1","max-image-preview":"max-image-preview:large","max-video-preview":"max-video-preview:-1"},"canonical":"https:\/\/exceladvisor.org\/pt\/pesquisav-2\/","og_locale":"pt_PT","og_type":"article","og_title":"Como realizar VLOOKUP no Power Query no Excel","og_description":"Usar o Power Query para substituir VLOOKUP n\u00e3o \u00e9 apenas simples, mas r\u00e1pido e \u00e9 uma configura\u00e7\u00e3o \u00fanica.","og_url":"https:\/\/exceladvisor.org\/pt\/pesquisav-2\/","og_site_name":"Excel Advisor","article_modified_time":"2023-12-06T11:37:51+00:00","og_image":[{"url":"https:\/\/exceladvisor.org\/wp-content\/uploads\/2023\/08\/table-de-donnees-pour-utiliser-power-query-vlookup-1.png","type":"","width":"","height":""}],"twitter_card":"summary_large_image","twitter_misc":{"Tempo estimado de leitura":"3 minutos"},"schema":{"@context":"https:\/\/schema.org","@graph":[{"@type":"WebPage","@id":"https:\/\/exceladvisor.org\/pt\/pesquisav-2\/","url":"https:\/\/exceladvisor.org\/pt\/pesquisav-2\/","name":"Como realizar VLOOKUP no Power Query no Excel","isPartOf":{"@id":"https:\/\/exceladvisor.org\/pt\/#website"},"primaryImageOfPage":{"@id":"https:\/\/exceladvisor.org\/pt\/pesquisav-2\/#primaryimage"},"image":{"@id":"https:\/\/exceladvisor.org\/pt\/pesquisav-2\/#primaryimage"},"thumbnailUrl":"https:\/\/exceladvisor.org\/wp-content\/uploads\/2023\/08\/table-de-donnees-pour-utiliser-power-query-vlookup-1.png","datePublished":"2023-11-05T17:50:26+00:00","dateModified":"2023-12-06T11:37:51+00:00","description":"Usar o Power Query para substituir VLOOKUP n\u00e3o \u00e9 apenas simples, mas r\u00e1pido e \u00e9 uma configura\u00e7\u00e3o \u00fanica.","breadcrumb":{"@id":"https:\/\/exceladvisor.org\/pt\/pesquisav-2\/#breadcrumb"},"inLanguage":"pt-PT","potentialAction":[{"@type":"ReadAction","target":["https:\/\/exceladvisor.org\/pt\/pesquisav-2\/"]}]},{"@type":"ImageObject","inLanguage":"pt-PT","@id":"https:\/\/exceladvisor.org\/pt\/pesquisav-2\/#primaryimage","url":"https:\/\/exceladvisor.org\/wp-content\/uploads\/2023\/08\/table-de-donnees-pour-utiliser-power-query-vlookup-1.png","contentUrl":"https:\/\/exceladvisor.org\/wp-content\/uploads\/2023\/08\/table-de-donnees-pour-utiliser-power-query-vlookup-1.png"},{"@type":"BreadcrumbList","@id":"https:\/\/exceladvisor.org\/pt\/pesquisav-2\/#breadcrumb","itemListElement":[{"@type":"ListItem","position":1,"name":"Lar","item":"https:\/\/exceladvisor.org\/pt\/"},{"@type":"ListItem","position":2,"name":"Como fazer vlookup no power query no excel?"}]},{"@type":"WebSite","@id":"https:\/\/exceladvisor.org\/pt\/#website","url":"https:\/\/exceladvisor.org\/pt\/","name":"Excel Advisor","description":"O seu guia definitivo para dominar os dados!","publisher":{"@id":"https:\/\/exceladvisor.org\/pt\/#organization"},"potentialAction":[{"@type":"SearchAction","target":{"@type":"EntryPoint","urlTemplate":"https:\/\/exceladvisor.org\/pt\/?s={search_term_string}"},"query-input":{"@type":"PropertyValueSpecification","valueRequired":true,"valueName":"search_term_string"}}],"inLanguage":"pt-PT"},{"@type":"Organization","@id":"https:\/\/exceladvisor.org\/pt\/#organization","name":"Excel Advisor","url":"https:\/\/exceladvisor.org\/pt\/","logo":{"@type":"ImageObject","inLanguage":"pt-PT","@id":"https:\/\/exceladvisor.org\/pt\/#\/schema\/logo\/image\/","url":"https:\/\/exceladvisor.org\/pt\/wp-content\/uploads\/2023\/12\/exceladvisor.org_.png","contentUrl":"https:\/\/exceladvisor.org\/pt\/wp-content\/uploads\/2023\/12\/exceladvisor.org_.png","width":105,"height":36,"caption":"Excel Advisor"},"image":{"@id":"https:\/\/exceladvisor.org\/pt\/#\/schema\/logo\/image\/"}}]}},"yoast_meta":{"yoast_wpseo_title":"","yoast_wpseo_metadesc":"","yoast_wpseo_canonical":""},"_links":{"self":[{"href":"https:\/\/exceladvisor.org\/pt\/wp-json\/wp\/v2\/pages\/301","targetHints":{"allow":["GET"]}}],"collection":[{"href":"https:\/\/exceladvisor.org\/pt\/wp-json\/wp\/v2\/pages"}],"about":[{"href":"https:\/\/exceladvisor.org\/pt\/wp-json\/wp\/v2\/types\/page"}],"author":[{"embeddable":true,"href":"https:\/\/exceladvisor.org\/pt\/wp-json\/wp\/v2\/users\/1"}],"replies":[{"embeddable":true,"href":"https:\/\/exceladvisor.org\/pt\/wp-json\/wp\/v2\/comments?post=301"}],"version-history":[{"count":1,"href":"https:\/\/exceladvisor.org\/pt\/wp-json\/wp\/v2\/pages\/301\/revisions"}],"predecessor-version":[{"id":1074,"href":"https:\/\/exceladvisor.org\/pt\/wp-json\/wp\/v2\/pages\/301\/revisions\/1074"}],"wp:attachment":[{"href":"https:\/\/exceladvisor.org\/pt\/wp-json\/wp\/v2\/media?parent=301"}],"curies":[{"name":"wp","href":"https:\/\/api.w.org\/{rel}","templated":true}]}}