{"id":302,"date":"2023-11-05T12:35:01","date_gmt":"2023-11-05T12:35:01","guid":{"rendered":"https:\/\/exceladvisor.org\/pt\/somaproduto-2\/"},"modified":"2023-12-06T11:50:53","modified_gmt":"2023-12-06T11:50:53","slug":"somaproduto-2","status":"publish","type":"page","link":"https:\/\/exceladvisor.org\/pt\/somaproduto-2\/","title":{"rendered":"Fun\u00e7\u00e3o excel: somarproduto"},"content":{"rendered":"<div class=\"excel-before-content-2\" id=\"excel-963330333\"><script type=\"text\/javascript\">\r\n\tatOptions = {\r\n\t\t'key' : 'c1158f160081d6540a8409e6925dab94',\r\n\t\t'format' : 'iframe',\r\n\t\t'height' : 250,\r\n\t\t'width' : 300,\r\n\t\t'params' : {}\r\n\t};\r\n<\/script>\r\n<script type=\"text\/javascript\" src=\"\/\/www.highperformanceformat.com\/c1158f160081d6540a8409e6925dab94\/invoke.js\"><\/script><\/div><div class=\"excel-before-content\" id=\"excel-3081428512\"><script type=\"text\/javascript\">\r\n\tatOptions = {\r\n\t\t'key' : 'c1158f160081d6540a8409e6925dab94',\r\n\t\t'format' : 'iframe',\r\n\t\t'height' : 250,\r\n\t\t'width' : 300,\r\n\t\t'params' : {}\r\n\t};\r\n<\/script>\r\n<script type=\"text\/javascript\" src=\"\/\/www.highperformanceformat.com\/c1158f160081d6540a8409e6925dab94\/invoke.js\"><\/script><\/div> <p>A fun\u00e7\u00e3o SUMPRODUCT pode ser usada para retornar um valor ap\u00f3s a soma e multiplicar valores em intervalos ou matrizes. Em termos simples, primeiro multiplica as c\u00e9lulas correspondentes dos intervalos e depois resume todos os valores. Esta \u00e9 uma das fun\u00e7\u00f5es mais \u00fateis e poderosas do Excel que pode ser usada para an\u00e1lise de dados. <\/p><div class=\"wp-block-image\"><figure class=\"aligncenter size-full is-resized\"><img loading=\"lazy\" decoding=\"async\" class=\"wp-image-66787\" src=\"https:\/\/exceladvisor.org\/wp-content\/uploads\/2023\/08\/introduction-a-la-fonction-sumproduct.png\" sizes=\"auto, \" srcset=\"\" alt=\"introdu\u00e7\u00e3o de fun\u00e7\u00e3o de somaproduto\" width=\"409\" height=\"243\"><\/figure><\/div><h2 class=\"wp-block-heading\"> Sintaxe<\/h2><p class=\"formula\"> <em>SOMARPRODUTO(matriz1, [matriz2], [matriz3], \u2026)<\/em><\/p><h2 class=\"wp-block-heading\"> Argumentos<\/h2><ul><li> array1: O primeiro array que voc\u00ea deseja multiplicar e depois adicionar.<\/li><li> [array2]: O segundo array que voc\u00ea deseja multiplicar e depois adicionar.<\/li><\/ul><h2 class=\"wp-block-heading\"> Exemplo<\/h2><p> No exemplo abaixo, usamos SUMPRODUCT para multiplicar e somar os valores da coluna D e da coluna F. <\/p><div class=\"wp-block-image\"><figure class=\"aligncenter size-full is-resized\"><img loading=\"lazy\" decoding=\"async\" class=\"wp-image-66784\" src=\"https:\/\/exceladvisor.org\/wp-content\/uploads\/2023\/08\/exemple-de-fonction-sumproduct-1.png\" sizes=\"auto, \" srcset=\"\" alt=\"somaproduto-fun\u00e7\u00e3o-exemplo-1\" width=\"680\" height=\"335\"><\/figure><\/div><p> Aqui especificamos o intervalo A1:A8 na primeira tabela e na segunda tabela especificamos o intervalo C1:C8.<\/p><p> Agora o que est\u00e1 acontecendo s\u00e3o seus m\u00faltiplos valores dos dois intervalos entre si (A1xC1, A2xC2, etc.).<\/p><p> E depois de multiplicar todos os valores, ele os soma e mostra esse valor no resultado.<\/p><p> Como o nome sugere, a fun\u00e7\u00e3o SUMPRODUCT primeiro calcula o produto de todos os valores e depois os soma para obt\u00ea-lo em uma \u00fanica c\u00e9lula.<\/p><p> Para que voc\u00ea entenda o qu\u00e3o poderoso \u00e9 SUMPRODUCT, no exemplo a seguir alcan\u00e7amos o mesmo resultado com uma coluna auxiliar e a fun\u00e7\u00e3o SUM. <\/p><div class=\"wp-block-image\"><figure class=\"aligncenter size-full is-resized\"><img loading=\"lazy\" decoding=\"async\" class=\"wp-image-66785\" src=\"https:\/\/exceladvisor.org\/wp-content\/uploads\/2023\/08\/exemple-de-fonction-sommeproduit-2.png\" sizes=\"auto, \" srcset=\"\" alt=\"somaproduto-fun\u00e7\u00e3o-exemplo-2\" width=\"632\" height=\"254\"><\/figure><\/div><p> Por isso disse que SUMPRODUCT \u00e9 uma das fun\u00e7\u00f5es mais poderosas que temos no Excel para analisar dados e realizar c\u00e1lculos complexos. E indo um pouco al\u00e9m, usamos SUMPRODUCT para procurar um valor em uma tabela. <\/p><div class=\"wp-block-image\"><figure class=\"aligncenter size-full is-resized\"><img loading=\"lazy\" decoding=\"async\" class=\"wp-image-66786\" src=\"https:\/\/exceladvisor.org\/wp-content\/uploads\/2023\/08\/exemple-de-fonction-sumproduct-3.png\" sizes=\"auto, \" srcset=\"\" alt=\"somaproduto-fun\u00e7\u00e3o-exemplo-3\" width=\"531\" height=\"294\"><\/figure><\/div><p> <a href=\"https:\/\/exceladvisor.org\/wp-content\/uploads\/2023\/08\/produit-somme-2.xlsx\" target=\"_blank\" rel=\"noreferrer noopener nofollow\"><em>arquivo de exemplo.xlsx<\/em><\/a><\/p><h2 class=\"wp-block-heading\"> Pontos importantes<\/h2><ul><li> Se voc\u00ea n\u00e3o especificar array2, SUMPRODUCT simplesmente somar\u00e1 array1.<\/li><li> O tamanho m\u00e1ximo de cada array deve ser o mesmo. Se a matriz1 tiver cinco c\u00e9lulas, as c\u00e9lulas da matriz2 dever\u00e3o ser 5.<\/li><li> Texto e outras entradas n\u00e3o num\u00e9ricas ser\u00e3o tratadas como 0.<\/li><\/ul><p> \u21e0 <strong>Retornar \u00e0s <a href=\"https:\/\/exceladvisor.org\/pt\/funcoes-do-excel\/\">fun\u00e7\u00f5es do Excel<\/a><\/strong><\/p>","protected":false},"excerpt":{"rendered":"","protected":false},"author":1,"featured_media":0,"parent":0,"menu_order":0,"comment_status":"open","ping_status":"closed","template":"","meta":{"ub_ctt_via":"","footnotes":""},"class_list":["post-302","page","type-page","status-publish","hentry"],"featured_image_src":null,"yoast_head":"<!-- This site is optimized with the Yoast SEO plugin v25.4 - https:\/\/yoast.com\/wordpress\/plugins\/seo\/ -->\n<title>SUMPRODUCT (fun\u00e7\u00e3o Excel com exemplo + arquivo de exemplo)<\/title>\n<meta name=\"description\" content=\"Um tutorial r\u00e1pido e f\u00e1cil para aprender como usar a fun\u00e7\u00e3o SOMARPRODUTO no Excel.\" \/>\n<meta name=\"robots\" content=\"index, follow, max-snippet:-1, max-image-preview:large, max-video-preview:-1\" \/>\n<link rel=\"canonical\" href=\"https:\/\/exceladvisor.org\/pt\/somaproduto-2\/\" \/>\n<meta property=\"og:locale\" content=\"pt_PT\" \/>\n<meta property=\"og:type\" content=\"article\" \/>\n<meta property=\"og:title\" content=\"SUMPRODUCT (fun\u00e7\u00e3o Excel com exemplo + arquivo de exemplo)\" \/>\n<meta property=\"og:description\" content=\"Um tutorial r\u00e1pido e f\u00e1cil para aprender como usar a fun\u00e7\u00e3o SOMARPRODUTO no Excel.\" \/>\n<meta property=\"og:url\" content=\"https:\/\/exceladvisor.org\/pt\/somaproduto-2\/\" \/>\n<meta property=\"og:site_name\" content=\"Excel Advisor\" \/>\n<meta property=\"article:modified_time\" content=\"2023-12-06T11:50:53+00:00\" \/>\n<meta property=\"og:image\" content=\"https:\/\/exceladvisor.org\/wp-content\/uploads\/2023\/08\/introduction-a-la-fonction-sumproduct.png\" \/>\n<meta name=\"twitter:card\" content=\"summary_large_image\" \/>\n<meta name=\"twitter:label1\" content=\"Tempo estimado de leitura\" \/>\n\t<meta name=\"twitter:data1\" content=\"2 minutos\" \/>\n<script type=\"application\/ld+json\" class=\"yoast-schema-graph\">{\"@context\":\"https:\/\/schema.org\",\"@graph\":[{\"@type\":\"WebPage\",\"@id\":\"https:\/\/exceladvisor.org\/pt\/somaproduto-2\/\",\"url\":\"https:\/\/exceladvisor.org\/pt\/somaproduto-2\/\",\"name\":\"SUMPRODUCT (fun\u00e7\u00e3o Excel com exemplo + arquivo de exemplo)\",\"isPartOf\":{\"@id\":\"https:\/\/exceladvisor.org\/pt\/#website\"},\"primaryImageOfPage\":{\"@id\":\"https:\/\/exceladvisor.org\/pt\/somaproduto-2\/#primaryimage\"},\"image\":{\"@id\":\"https:\/\/exceladvisor.org\/pt\/somaproduto-2\/#primaryimage\"},\"thumbnailUrl\":\"https:\/\/exceladvisor.org\/wp-content\/uploads\/2023\/08\/introduction-a-la-fonction-sumproduct.png\",\"datePublished\":\"2023-11-05T12:35:01+00:00\",\"dateModified\":\"2023-12-06T11:50:53+00:00\",\"description\":\"Um tutorial r\u00e1pido e f\u00e1cil para aprender como usar a fun\u00e7\u00e3o SOMARPRODUTO no Excel.\",\"breadcrumb\":{\"@id\":\"https:\/\/exceladvisor.org\/pt\/somaproduto-2\/#breadcrumb\"},\"inLanguage\":\"pt-PT\",\"potentialAction\":[{\"@type\":\"ReadAction\",\"target\":[\"https:\/\/exceladvisor.org\/pt\/somaproduto-2\/\"]}]},{\"@type\":\"ImageObject\",\"inLanguage\":\"pt-PT\",\"@id\":\"https:\/\/exceladvisor.org\/pt\/somaproduto-2\/#primaryimage\",\"url\":\"https:\/\/exceladvisor.org\/wp-content\/uploads\/2023\/08\/introduction-a-la-fonction-sumproduct.png\",\"contentUrl\":\"https:\/\/exceladvisor.org\/wp-content\/uploads\/2023\/08\/introduction-a-la-fonction-sumproduct.png\"},{\"@type\":\"BreadcrumbList\",\"@id\":\"https:\/\/exceladvisor.org\/pt\/somaproduto-2\/#breadcrumb\",\"itemListElement\":[{\"@type\":\"ListItem\",\"position\":1,\"name\":\"Lar\",\"item\":\"https:\/\/exceladvisor.org\/pt\/\"},{\"@type\":\"ListItem\",\"position\":2,\"name\":\"Fun\u00e7\u00e3o excel: somarproduto\"}]},{\"@type\":\"WebSite\",\"@id\":\"https:\/\/exceladvisor.org\/pt\/#website\",\"url\":\"https:\/\/exceladvisor.org\/pt\/\",\"name\":\"Excel Advisor\",\"description\":\"O seu guia definitivo para dominar os dados!\",\"publisher\":{\"@id\":\"https:\/\/exceladvisor.org\/pt\/#organization\"},\"potentialAction\":[{\"@type\":\"SearchAction\",\"target\":{\"@type\":\"EntryPoint\",\"urlTemplate\":\"https:\/\/exceladvisor.org\/pt\/?s={search_term_string}\"},\"query-input\":{\"@type\":\"PropertyValueSpecification\",\"valueRequired\":true,\"valueName\":\"search_term_string\"}}],\"inLanguage\":\"pt-PT\"},{\"@type\":\"Organization\",\"@id\":\"https:\/\/exceladvisor.org\/pt\/#organization\",\"name\":\"Excel Advisor\",\"url\":\"https:\/\/exceladvisor.org\/pt\/\",\"logo\":{\"@type\":\"ImageObject\",\"inLanguage\":\"pt-PT\",\"@id\":\"https:\/\/exceladvisor.org\/pt\/#\/schema\/logo\/image\/\",\"url\":\"https:\/\/exceladvisor.org\/pt\/wp-content\/uploads\/2023\/12\/exceladvisor.org_.png\",\"contentUrl\":\"https:\/\/exceladvisor.org\/pt\/wp-content\/uploads\/2023\/12\/exceladvisor.org_.png\",\"width\":105,\"height\":36,\"caption\":\"Excel Advisor\"},\"image\":{\"@id\":\"https:\/\/exceladvisor.org\/pt\/#\/schema\/logo\/image\/\"}}]}<\/script>\n<!-- \/ Yoast SEO plugin. -->","yoast_head_json":{"title":"SUMPRODUCT (fun\u00e7\u00e3o Excel com exemplo + arquivo de exemplo)","description":"Um tutorial r\u00e1pido e f\u00e1cil para aprender como usar a fun\u00e7\u00e3o SOMARPRODUTO no Excel.","robots":{"index":"index","follow":"follow","max-snippet":"max-snippet:-1","max-image-preview":"max-image-preview:large","max-video-preview":"max-video-preview:-1"},"canonical":"https:\/\/exceladvisor.org\/pt\/somaproduto-2\/","og_locale":"pt_PT","og_type":"article","og_title":"SUMPRODUCT (fun\u00e7\u00e3o Excel com exemplo + arquivo de exemplo)","og_description":"Um tutorial r\u00e1pido e f\u00e1cil para aprender como usar a fun\u00e7\u00e3o SOMARPRODUTO no Excel.","og_url":"https:\/\/exceladvisor.org\/pt\/somaproduto-2\/","og_site_name":"Excel Advisor","article_modified_time":"2023-12-06T11:50:53+00:00","og_image":[{"url":"https:\/\/exceladvisor.org\/wp-content\/uploads\/2023\/08\/introduction-a-la-fonction-sumproduct.png","type":"","width":"","height":""}],"twitter_card":"summary_large_image","twitter_misc":{"Tempo estimado de leitura":"2 minutos"},"schema":{"@context":"https:\/\/schema.org","@graph":[{"@type":"WebPage","@id":"https:\/\/exceladvisor.org\/pt\/somaproduto-2\/","url":"https:\/\/exceladvisor.org\/pt\/somaproduto-2\/","name":"SUMPRODUCT (fun\u00e7\u00e3o Excel com exemplo + arquivo de exemplo)","isPartOf":{"@id":"https:\/\/exceladvisor.org\/pt\/#website"},"primaryImageOfPage":{"@id":"https:\/\/exceladvisor.org\/pt\/somaproduto-2\/#primaryimage"},"image":{"@id":"https:\/\/exceladvisor.org\/pt\/somaproduto-2\/#primaryimage"},"thumbnailUrl":"https:\/\/exceladvisor.org\/wp-content\/uploads\/2023\/08\/introduction-a-la-fonction-sumproduct.png","datePublished":"2023-11-05T12:35:01+00:00","dateModified":"2023-12-06T11:50:53+00:00","description":"Um tutorial r\u00e1pido e f\u00e1cil para aprender como usar a fun\u00e7\u00e3o SOMARPRODUTO no Excel.","breadcrumb":{"@id":"https:\/\/exceladvisor.org\/pt\/somaproduto-2\/#breadcrumb"},"inLanguage":"pt-PT","potentialAction":[{"@type":"ReadAction","target":["https:\/\/exceladvisor.org\/pt\/somaproduto-2\/"]}]},{"@type":"ImageObject","inLanguage":"pt-PT","@id":"https:\/\/exceladvisor.org\/pt\/somaproduto-2\/#primaryimage","url":"https:\/\/exceladvisor.org\/wp-content\/uploads\/2023\/08\/introduction-a-la-fonction-sumproduct.png","contentUrl":"https:\/\/exceladvisor.org\/wp-content\/uploads\/2023\/08\/introduction-a-la-fonction-sumproduct.png"},{"@type":"BreadcrumbList","@id":"https:\/\/exceladvisor.org\/pt\/somaproduto-2\/#breadcrumb","itemListElement":[{"@type":"ListItem","position":1,"name":"Lar","item":"https:\/\/exceladvisor.org\/pt\/"},{"@type":"ListItem","position":2,"name":"Fun\u00e7\u00e3o excel: somarproduto"}]},{"@type":"WebSite","@id":"https:\/\/exceladvisor.org\/pt\/#website","url":"https:\/\/exceladvisor.org\/pt\/","name":"Excel Advisor","description":"O seu guia definitivo para dominar os dados!","publisher":{"@id":"https:\/\/exceladvisor.org\/pt\/#organization"},"potentialAction":[{"@type":"SearchAction","target":{"@type":"EntryPoint","urlTemplate":"https:\/\/exceladvisor.org\/pt\/?s={search_term_string}"},"query-input":{"@type":"PropertyValueSpecification","valueRequired":true,"valueName":"search_term_string"}}],"inLanguage":"pt-PT"},{"@type":"Organization","@id":"https:\/\/exceladvisor.org\/pt\/#organization","name":"Excel Advisor","url":"https:\/\/exceladvisor.org\/pt\/","logo":{"@type":"ImageObject","inLanguage":"pt-PT","@id":"https:\/\/exceladvisor.org\/pt\/#\/schema\/logo\/image\/","url":"https:\/\/exceladvisor.org\/pt\/wp-content\/uploads\/2023\/12\/exceladvisor.org_.png","contentUrl":"https:\/\/exceladvisor.org\/pt\/wp-content\/uploads\/2023\/12\/exceladvisor.org_.png","width":105,"height":36,"caption":"Excel Advisor"},"image":{"@id":"https:\/\/exceladvisor.org\/pt\/#\/schema\/logo\/image\/"}}]}},"yoast_meta":{"yoast_wpseo_title":"","yoast_wpseo_metadesc":"","yoast_wpseo_canonical":""},"_links":{"self":[{"href":"https:\/\/exceladvisor.org\/pt\/wp-json\/wp\/v2\/pages\/302","targetHints":{"allow":["GET"]}}],"collection":[{"href":"https:\/\/exceladvisor.org\/pt\/wp-json\/wp\/v2\/pages"}],"about":[{"href":"https:\/\/exceladvisor.org\/pt\/wp-json\/wp\/v2\/types\/page"}],"author":[{"embeddable":true,"href":"https:\/\/exceladvisor.org\/pt\/wp-json\/wp\/v2\/users\/1"}],"replies":[{"embeddable":true,"href":"https:\/\/exceladvisor.org\/pt\/wp-json\/wp\/v2\/comments?post=302"}],"version-history":[{"count":1,"href":"https:\/\/exceladvisor.org\/pt\/wp-json\/wp\/v2\/pages\/302\/revisions"}],"predecessor-version":[{"id":1429,"href":"https:\/\/exceladvisor.org\/pt\/wp-json\/wp\/v2\/pages\/302\/revisions\/1429"}],"wp:attachment":[{"href":"https:\/\/exceladvisor.org\/pt\/wp-json\/wp\/v2\/media?parent=302"}],"curies":[{"name":"wp","href":"https:\/\/api.w.org\/{rel}","templated":true}]}}