{"id":305,"date":"2023-11-05T08:32:29","date_gmt":"2023-11-05T08:32:29","guid":{"rendered":"https:\/\/exceladvisor.org\/pt\/porcentagem-redonda-2\/"},"modified":"2023-12-06T11:34:48","modified_gmt":"2023-12-06T11:34:48","slug":"porcentagem-redonda-2","status":"publish","type":"page","link":"https:\/\/exceladvisor.org\/pt\/porcentagem-redonda-2\/","title":{"rendered":"Como arredondar valores percentuais no excel?"},"content":{"rendered":"<div class=\"excel-before-content-2\" id=\"excel-107651276\"><script type=\"text\/javascript\">\r\n\tatOptions = {\r\n\t\t'key' : 'c1158f160081d6540a8409e6925dab94',\r\n\t\t'format' : 'iframe',\r\n\t\t'height' : 250,\r\n\t\t'width' : 300,\r\n\t\t'params' : {}\r\n\t};\r\n<\/script>\r\n<script type=\"text\/javascript\" src=\"\/\/www.highperformanceformat.com\/c1158f160081d6540a8409e6925dab94\/invoke.js\"><\/script><\/div><div class=\"excel-before-content\" id=\"excel-2610070556\"><script type=\"text\/javascript\">\r\n\tatOptions = {\r\n\t\t'key' : 'c1158f160081d6540a8409e6925dab94',\r\n\t\t'format' : 'iframe',\r\n\t\t'height' : 250,\r\n\t\t'width' : 300,\r\n\t\t'params' : {}\r\n\t};\r\n<\/script>\r\n<script type=\"text\/javascript\" src=\"\/\/www.highperformanceformat.com\/c1158f160081d6540a8409e6925dab94\/invoke.js\"><\/script><\/div> <p>Assim como os n\u00fameros, voc\u00ea pode arredondar valores percentuais no Excel. Uma porcentagem \u00e9 um n\u00famero decimal formatado como porcentagem. 100% significa um valor num\u00e9rico de 1. Para arredondar porcentagens, voc\u00ea pode usar as fun\u00e7\u00f5es ROUND, ROUND UP e ROUND DOWN. Neste tutorial voc\u00ea aprender\u00e1 como escrever uma f\u00f3rmula para isso.<\/p><h2 class=\"wp-block-heading\"> Porcentagem arredondada com a fun\u00e7\u00e3o ROUND<\/h2><p> O exemplo abaixo mostra o valor percentual de 30,49% e 30,50%. Agora, quando voc\u00ea usa a fun\u00e7\u00e3o ROUND e o 2 para num_digits, ela arredonda o primeiro valor percentual para 30% e o segundo para 31%. <\/p><div class=\"wp-block-image\"><figure class=\"aligncenter size-full is-resized\"><img loading=\"lazy\" decoding=\"async\" class=\"wp-image-79909\" src=\"https:\/\/exceladvisor.org\/wp-content\/uploads\/2023\/08\/1-valeurs-rondes-en-pourcentage.png\" sizes=\"auto, \" srcset=\"\" alt=\"porcentagem de valores redondos\" width=\"631\" height=\"274\"><\/figure><\/div><p> No primeiro valor voc\u00ea tem 0,49 como valor decimal, por isso \u00e9 arredondado para 30%. E no segundo valor, voc\u00ea tem 0,50 como valor decimal e arredonda para 31%.<\/p><h2 class=\"wp-block-heading\"> Arredonde a porcentagem para uma casa decimal<\/h2><p> Se quiser arredondar um valor percentual para uma casa decimal, voc\u00ea deve usar uma f\u00f3rmula como esta: <\/p><div class=\"wp-block-image\"><figure class=\"aligncenter size-full is-resized\"><img loading=\"lazy\" decoding=\"async\" class=\"wp-image-79910\" src=\"https:\/\/exceladvisor.org\/wp-content\/uploads\/2023\/08\/2-rond-pourcentage-a-une-decimale.png\" sizes=\"auto, \" srcset=\"\" alt=\"porcentagem arredondada para um decimal\" width=\"570\" height=\"321\"><\/figure><\/div><pre class=\"wp-block-code\"> <code class=\"language-excel-formula\" lang=\"excel-formula\">=ROUND(A1,3)<\/code><\/pre><p> Nesta f\u00f3rmula, usamos o 3 no argumento num_digit, que permite arredondar a porcentagem para uma casa decimal \u00e0 esquerda.<\/p><h2 class=\"wp-block-heading\"> Arredonde a porcentagem<\/h2><p> Se quiser arredondar uma porcentagem, voc\u00ea pode usar ROUNDDOWN. Assim como no exemplo abaixo onde voc\u00ea tem o percentual 30,49%. <\/p><div class=\"wp-block-image\"><figure class=\"aligncenter size-full is-resized\"><img loading=\"lazy\" decoding=\"async\" class=\"wp-image-79911\" src=\"https:\/\/exceladvisor.org\/wp-content\/uploads\/2023\/08\/3-arrondir-le-pourcentage-a-linferieur.png\" sizes=\"auto, \" srcset=\"\" alt=\"arredondar a porcentagem\" width=\"662\" height=\"310\"><\/figure><\/div><pre class=\"wp-block-code\"> <code class=\"language-excel-formula\" lang=\"excel-formula\">=ROUNDDOWN(A1,2) =ROUNDDOWN(A2,3)<\/code><\/pre><p> Na primeira f\u00f3rmula voc\u00ea tem 30,49% e usamos 2 como num_digit para arredondamento. Ele retorna 30,00%. E na segunda f\u00f3rmula voc\u00ea tem 30,49%, e usamos 3 como num_digit para arredondamento. Ele retorna 30,40% no resultado.<\/p><h2 class=\"wp-block-heading\"> Arredonde a porcentagem<\/h2><p> Da mesma forma, voc\u00ea pode usar ROUNDUP para arredondar a porcentagem para cima. <\/p><div class=\"wp-block-image\"><figure class=\"aligncenter size-full is-resized\"><img loading=\"lazy\" decoding=\"async\" class=\"wp-image-79912\" src=\"https:\/\/exceladvisor.org\/wp-content\/uploads\/2023\/08\/4-arrondir-le-pourcentage.png\" sizes=\"auto, \" srcset=\"\" alt=\"arredondar a porcentagem\" width=\"660\" height=\"329\"><\/figure><\/div><pre class=\"wp-block-code\"> <code class=\"language-excel-formula\" lang=\"excel-formula\">=ROUNDUP(A6,2) =ROUNDUP(A7,3)<\/code><\/pre><h2 class=\"wp-block-heading\"> Remova a parte decimal de uma porcentagem<\/h2><p> Pode haver uma situa\u00e7\u00e3o em que voc\u00ea precise se livrar do decimal. Voc\u00ea pode considerar a f\u00f3rmula abaixo para isso: <\/p><div class=\"wp-block-image\"><figure class=\"aligncenter size-full is-resized\"><img loading=\"lazy\" decoding=\"async\" class=\"wp-image-79913\" src=\"https:\/\/exceladvisor.org\/wp-content\/uploads\/2023\/08\/5-supprimer-la-decimale-du-pourcentage.png\" sizes=\"auto, \" srcset=\"\" alt=\"remover decimal da porcentagem\" width=\"576\" height=\"247\"><\/figure><\/div><pre class=\"wp-block-code\"> <code class=\"language-excel-formula\" lang=\"excel-formula\">=TEXT(A8,\"00%\")<\/code><\/pre><div class=\"gb-container gb-container-52dfcee1 gb-container-sample-file\"><h2 class=\"gb-headline gb-headline-e289c143 gb-headline-text gb-headline-4f7959c2\"> Obtenha o arquivo Excel<\/h2> <a class=\"gb-button gb-button-e88d6bee gb-button-text gb-button-button1\" href=\"https:\/\/exceladvisor.org\/wp-content\/uploads\/2023\/11\/pourcentage-rond.xlsx\" rel=\"nofollow\">Download<\/a><\/div><div class=\"gb-container gb-container-0df56012 gb-container-mt\"> <a class=\"gb-button gb-button-f9f432f4 gb-button-text gb-button-mt-button\" href=\"https:\/\/exceladvisor.org\/pt\/formulas\/\">Lista de f\u00f3rmulas do Excel<\/a><h2 class=\"gb-headline gb-headline-233444e8 gb-headline-text gb-headline-mt-heading\"> F\u00f3rmulas relacionadas <\/h2><div class=\"gb-grid-wrapper gb-grid-wrapper-a16fa65c gb-grid-wrapper-mt-grid\"><div class=\"gb-grid-column gb-grid-column-50d07e0d\"><div class=\"gb-container gb-container-50d07e0d\"><ul><li> <a href=\"https:\/\/exceladvisor.org\/pt\/arredondar-para-o-5-mais-proximo\/\">Arredonde para 0,5, 5,50 (para baixo) mais pr\u00f3ximo no Excel<\/a><\/li><li> <a href=\"https:\/\/exceladvisor.org\/pt\/arredondar-para-o-milhar-mais-proximo\/\">Arredonde um n\u00famero para o milhar mais pr\u00f3ximo no Excel<\/a> <\/li><\/ul><\/div><\/div><div class=\"gb-grid-column gb-grid-column-5b4a0cf9\"><div class=\"gb-container gb-container-5b4a0cf9\"><\/div><\/div><\/div><\/div>","protected":false},"excerpt":{"rendered":"","protected":false},"author":1,"featured_media":0,"parent":0,"menu_order":0,"comment_status":"open","ping_status":"closed","template":"","meta":{"ub_ctt_via":"","footnotes":""},"class_list":["post-305","page","type-page","status-publish","hentry"],"featured_image_src":null,"yoast_head":"<!-- This site is optimized with the Yoast SEO plugin v25.4 - https:\/\/yoast.com\/wordpress\/plugins\/seo\/ -->\n<title>Como arredondar valores percentuais no Excel?<\/title>\n<meta name=\"description\" content=\"Este tutorial ensinar\u00e1 como escrever uma f\u00f3rmula do Excel para arredondar valores percentuais em uma c\u00e9lula. Vamos verificar isso\u2026\" \/>\n<meta name=\"robots\" content=\"index, follow, max-snippet:-1, max-image-preview:large, max-video-preview:-1\" \/>\n<link rel=\"canonical\" href=\"https:\/\/exceladvisor.org\/pt\/porcentagem-redonda-2\/\" \/>\n<meta property=\"og:locale\" content=\"pt_PT\" \/>\n<meta property=\"og:type\" content=\"article\" \/>\n<meta property=\"og:title\" content=\"Como arredondar valores percentuais no Excel?\" \/>\n<meta property=\"og:description\" content=\"Este tutorial ensinar\u00e1 como escrever uma f\u00f3rmula do Excel para arredondar valores percentuais em uma c\u00e9lula. Vamos verificar isso\u2026\" \/>\n<meta property=\"og:url\" content=\"https:\/\/exceladvisor.org\/pt\/porcentagem-redonda-2\/\" \/>\n<meta property=\"og:site_name\" content=\"Excel Advisor\" \/>\n<meta property=\"article:modified_time\" content=\"2023-12-06T11:34:48+00:00\" \/>\n<meta property=\"og:image\" content=\"https:\/\/exceladvisor.org\/wp-content\/uploads\/2023\/08\/1-valeurs-rondes-en-pourcentage.png\" \/>\n<meta name=\"twitter:card\" content=\"summary_large_image\" \/>\n<meta name=\"twitter:label1\" content=\"Tempo estimado de leitura\" \/>\n\t<meta name=\"twitter:data1\" content=\"2 minutos\" \/>\n<script type=\"application\/ld+json\" class=\"yoast-schema-graph\">{\"@context\":\"https:\/\/schema.org\",\"@graph\":[{\"@type\":\"WebPage\",\"@id\":\"https:\/\/exceladvisor.org\/pt\/porcentagem-redonda-2\/\",\"url\":\"https:\/\/exceladvisor.org\/pt\/porcentagem-redonda-2\/\",\"name\":\"Como arredondar valores percentuais no Excel?\",\"isPartOf\":{\"@id\":\"https:\/\/exceladvisor.org\/pt\/#website\"},\"primaryImageOfPage\":{\"@id\":\"https:\/\/exceladvisor.org\/pt\/porcentagem-redonda-2\/#primaryimage\"},\"image\":{\"@id\":\"https:\/\/exceladvisor.org\/pt\/porcentagem-redonda-2\/#primaryimage\"},\"thumbnailUrl\":\"https:\/\/exceladvisor.org\/wp-content\/uploads\/2023\/08\/1-valeurs-rondes-en-pourcentage.png\",\"datePublished\":\"2023-11-05T08:32:29+00:00\",\"dateModified\":\"2023-12-06T11:34:48+00:00\",\"description\":\"Este tutorial ensinar\u00e1 como escrever uma f\u00f3rmula do Excel para arredondar valores percentuais em uma c\u00e9lula. Vamos verificar isso\u2026\",\"breadcrumb\":{\"@id\":\"https:\/\/exceladvisor.org\/pt\/porcentagem-redonda-2\/#breadcrumb\"},\"inLanguage\":\"pt-PT\",\"potentialAction\":[{\"@type\":\"ReadAction\",\"target\":[\"https:\/\/exceladvisor.org\/pt\/porcentagem-redonda-2\/\"]}]},{\"@type\":\"ImageObject\",\"inLanguage\":\"pt-PT\",\"@id\":\"https:\/\/exceladvisor.org\/pt\/porcentagem-redonda-2\/#primaryimage\",\"url\":\"https:\/\/exceladvisor.org\/wp-content\/uploads\/2023\/08\/1-valeurs-rondes-en-pourcentage.png\",\"contentUrl\":\"https:\/\/exceladvisor.org\/wp-content\/uploads\/2023\/08\/1-valeurs-rondes-en-pourcentage.png\"},{\"@type\":\"BreadcrumbList\",\"@id\":\"https:\/\/exceladvisor.org\/pt\/porcentagem-redonda-2\/#breadcrumb\",\"itemListElement\":[{\"@type\":\"ListItem\",\"position\":1,\"name\":\"Lar\",\"item\":\"https:\/\/exceladvisor.org\/pt\/\"},{\"@type\":\"ListItem\",\"position\":2,\"name\":\"Como arredondar valores percentuais no excel?\"}]},{\"@type\":\"WebSite\",\"@id\":\"https:\/\/exceladvisor.org\/pt\/#website\",\"url\":\"https:\/\/exceladvisor.org\/pt\/\",\"name\":\"Excel Advisor\",\"description\":\"O seu guia definitivo para dominar os dados!\",\"publisher\":{\"@id\":\"https:\/\/exceladvisor.org\/pt\/#organization\"},\"potentialAction\":[{\"@type\":\"SearchAction\",\"target\":{\"@type\":\"EntryPoint\",\"urlTemplate\":\"https:\/\/exceladvisor.org\/pt\/?s={search_term_string}\"},\"query-input\":{\"@type\":\"PropertyValueSpecification\",\"valueRequired\":true,\"valueName\":\"search_term_string\"}}],\"inLanguage\":\"pt-PT\"},{\"@type\":\"Organization\",\"@id\":\"https:\/\/exceladvisor.org\/pt\/#organization\",\"name\":\"Excel Advisor\",\"url\":\"https:\/\/exceladvisor.org\/pt\/\",\"logo\":{\"@type\":\"ImageObject\",\"inLanguage\":\"pt-PT\",\"@id\":\"https:\/\/exceladvisor.org\/pt\/#\/schema\/logo\/image\/\",\"url\":\"https:\/\/exceladvisor.org\/pt\/wp-content\/uploads\/2023\/12\/exceladvisor.org_.png\",\"contentUrl\":\"https:\/\/exceladvisor.org\/pt\/wp-content\/uploads\/2023\/12\/exceladvisor.org_.png\",\"width\":105,\"height\":36,\"caption\":\"Excel Advisor\"},\"image\":{\"@id\":\"https:\/\/exceladvisor.org\/pt\/#\/schema\/logo\/image\/\"}}]}<\/script>\n<!-- \/ Yoast SEO plugin. -->","yoast_head_json":{"title":"Como arredondar valores percentuais no Excel?","description":"Este tutorial ensinar\u00e1 como escrever uma f\u00f3rmula do Excel para arredondar valores percentuais em uma c\u00e9lula. Vamos verificar isso\u2026","robots":{"index":"index","follow":"follow","max-snippet":"max-snippet:-1","max-image-preview":"max-image-preview:large","max-video-preview":"max-video-preview:-1"},"canonical":"https:\/\/exceladvisor.org\/pt\/porcentagem-redonda-2\/","og_locale":"pt_PT","og_type":"article","og_title":"Como arredondar valores percentuais no Excel?","og_description":"Este tutorial ensinar\u00e1 como escrever uma f\u00f3rmula do Excel para arredondar valores percentuais em uma c\u00e9lula. Vamos verificar isso\u2026","og_url":"https:\/\/exceladvisor.org\/pt\/porcentagem-redonda-2\/","og_site_name":"Excel Advisor","article_modified_time":"2023-12-06T11:34:48+00:00","og_image":[{"url":"https:\/\/exceladvisor.org\/wp-content\/uploads\/2023\/08\/1-valeurs-rondes-en-pourcentage.png","type":"","width":"","height":""}],"twitter_card":"summary_large_image","twitter_misc":{"Tempo estimado de leitura":"2 minutos"},"schema":{"@context":"https:\/\/schema.org","@graph":[{"@type":"WebPage","@id":"https:\/\/exceladvisor.org\/pt\/porcentagem-redonda-2\/","url":"https:\/\/exceladvisor.org\/pt\/porcentagem-redonda-2\/","name":"Como arredondar valores percentuais no Excel?","isPartOf":{"@id":"https:\/\/exceladvisor.org\/pt\/#website"},"primaryImageOfPage":{"@id":"https:\/\/exceladvisor.org\/pt\/porcentagem-redonda-2\/#primaryimage"},"image":{"@id":"https:\/\/exceladvisor.org\/pt\/porcentagem-redonda-2\/#primaryimage"},"thumbnailUrl":"https:\/\/exceladvisor.org\/wp-content\/uploads\/2023\/08\/1-valeurs-rondes-en-pourcentage.png","datePublished":"2023-11-05T08:32:29+00:00","dateModified":"2023-12-06T11:34:48+00:00","description":"Este tutorial ensinar\u00e1 como escrever uma f\u00f3rmula do Excel para arredondar valores percentuais em uma c\u00e9lula. Vamos verificar isso\u2026","breadcrumb":{"@id":"https:\/\/exceladvisor.org\/pt\/porcentagem-redonda-2\/#breadcrumb"},"inLanguage":"pt-PT","potentialAction":[{"@type":"ReadAction","target":["https:\/\/exceladvisor.org\/pt\/porcentagem-redonda-2\/"]}]},{"@type":"ImageObject","inLanguage":"pt-PT","@id":"https:\/\/exceladvisor.org\/pt\/porcentagem-redonda-2\/#primaryimage","url":"https:\/\/exceladvisor.org\/wp-content\/uploads\/2023\/08\/1-valeurs-rondes-en-pourcentage.png","contentUrl":"https:\/\/exceladvisor.org\/wp-content\/uploads\/2023\/08\/1-valeurs-rondes-en-pourcentage.png"},{"@type":"BreadcrumbList","@id":"https:\/\/exceladvisor.org\/pt\/porcentagem-redonda-2\/#breadcrumb","itemListElement":[{"@type":"ListItem","position":1,"name":"Lar","item":"https:\/\/exceladvisor.org\/pt\/"},{"@type":"ListItem","position":2,"name":"Como arredondar valores percentuais no excel?"}]},{"@type":"WebSite","@id":"https:\/\/exceladvisor.org\/pt\/#website","url":"https:\/\/exceladvisor.org\/pt\/","name":"Excel Advisor","description":"O seu guia definitivo para dominar os dados!","publisher":{"@id":"https:\/\/exceladvisor.org\/pt\/#organization"},"potentialAction":[{"@type":"SearchAction","target":{"@type":"EntryPoint","urlTemplate":"https:\/\/exceladvisor.org\/pt\/?s={search_term_string}"},"query-input":{"@type":"PropertyValueSpecification","valueRequired":true,"valueName":"search_term_string"}}],"inLanguage":"pt-PT"},{"@type":"Organization","@id":"https:\/\/exceladvisor.org\/pt\/#organization","name":"Excel Advisor","url":"https:\/\/exceladvisor.org\/pt\/","logo":{"@type":"ImageObject","inLanguage":"pt-PT","@id":"https:\/\/exceladvisor.org\/pt\/#\/schema\/logo\/image\/","url":"https:\/\/exceladvisor.org\/pt\/wp-content\/uploads\/2023\/12\/exceladvisor.org_.png","contentUrl":"https:\/\/exceladvisor.org\/pt\/wp-content\/uploads\/2023\/12\/exceladvisor.org_.png","width":105,"height":36,"caption":"Excel Advisor"},"image":{"@id":"https:\/\/exceladvisor.org\/pt\/#\/schema\/logo\/image\/"}}]}},"yoast_meta":{"yoast_wpseo_title":"","yoast_wpseo_metadesc":"","yoast_wpseo_canonical":""},"_links":{"self":[{"href":"https:\/\/exceladvisor.org\/pt\/wp-json\/wp\/v2\/pages\/305","targetHints":{"allow":["GET"]}}],"collection":[{"href":"https:\/\/exceladvisor.org\/pt\/wp-json\/wp\/v2\/pages"}],"about":[{"href":"https:\/\/exceladvisor.org\/pt\/wp-json\/wp\/v2\/types\/page"}],"author":[{"embeddable":true,"href":"https:\/\/exceladvisor.org\/pt\/wp-json\/wp\/v2\/users\/1"}],"replies":[{"embeddable":true,"href":"https:\/\/exceladvisor.org\/pt\/wp-json\/wp\/v2\/comments?post=305"}],"version-history":[{"count":1,"href":"https:\/\/exceladvisor.org\/pt\/wp-json\/wp\/v2\/pages\/305\/revisions"}],"predecessor-version":[{"id":855,"href":"https:\/\/exceladvisor.org\/pt\/wp-json\/wp\/v2\/pages\/305\/revisions\/855"}],"wp:attachment":[{"href":"https:\/\/exceladvisor.org\/pt\/wp-json\/wp\/v2\/media?parent=305"}],"curies":[{"name":"wp","href":"https:\/\/api.w.org\/{rel}","templated":true}]}}