{"id":306,"date":"2023-11-05T07:34:37","date_gmt":"2023-11-05T07:34:37","guid":{"rendered":"https:\/\/exceladvisor.org\/pt\/remover-quebra-de-linha-2\/"},"modified":"2023-12-06T11:51:33","modified_gmt":"2023-12-06T11:51:33","slug":"remover-quebra-de-linha-2","status":"publish","type":"page","link":"https:\/\/exceladvisor.org\/pt\/remover-quebra-de-linha-2\/","title":{"rendered":"Remover quebra de linha de uma c\u00e9lula no excel?"},"content":{"rendered":"<div class=\"excel-before-content-2\" id=\"excel-1698826698\"><script type=\"text\/javascript\">\r\n\tatOptions = {\r\n\t\t'key' : 'c1158f160081d6540a8409e6925dab94',\r\n\t\t'format' : 'iframe',\r\n\t\t'height' : 250,\r\n\t\t'width' : 300,\r\n\t\t'params' : {}\r\n\t};\r\n<\/script>\r\n<script type=\"text\/javascript\" src=\"\/\/www.highperformanceformat.com\/c1158f160081d6540a8409e6925dab94\/invoke.js\"><\/script><\/div><div class=\"excel-before-content\" id=\"excel-2028192503\"><script type=\"text\/javascript\">\r\n\tatOptions = {\r\n\t\t'key' : 'c1158f160081d6540a8409e6925dab94',\r\n\t\t'format' : 'iframe',\r\n\t\t'height' : 250,\r\n\t\t'width' : 300,\r\n\t\t'params' : {}\r\n\t};\r\n<\/script>\r\n<script type=\"text\/javascript\" src=\"\/\/www.highperformanceformat.com\/c1158f160081d6540a8409e6925dab94\/invoke.js\"><\/script><\/div> <p>Para criar uma f\u00f3rmula para remover quebras de linha de uma c\u00e9lula, voc\u00ea precisa combinar duas fun\u00e7\u00f5es: SUBSTITUTE e CHAR. SUBSTITUTE ajuda a substituir um valor espec\u00edfico de uma c\u00e9lula e CHAR ajuda a obter caracteres espec\u00edficos usando um c\u00f3digo. Com CHAR, pegaremos o caractere de nova linha e o substituiremos usando SUBSTITUTE por um espa\u00e7o ou valor vazio. <\/p><div class=\"wp-block-image\"><figure class=\"aligncenter size-full is-resized\"><img loading=\"lazy\" decoding=\"async\" class=\"wp-image-79435\" src=\"https:\/\/exceladvisor.org\/wp-content\/uploads\/2023\/08\/1-supprimer-la-rupture-de-lien-de-la-cellule.png\" sizes=\"auto, \" srcset=\"\" alt=\"excluir-link-quebra-c\u00e9lula\" width=\"648\" height=\"366\"><\/figure><\/div><p> Este tutorial ensinar\u00e1 como escrever uma f\u00f3rmula para remover uma quebra de linha de uma c\u00e9lula.<\/p><h2 class=\"wp-block-heading\"> F\u00f3rmula para remover quebra de linha de um valor<\/h2><p> Voc\u00ea pode usar as etapas abaixo:<\/p><ol type=\"1\"><li> Primeiro insira a fun\u00e7\u00e3o REPLACE em uma c\u00e9lula.<\/li><li> Depois disso, no primeiro argumento, fa\u00e7a refer\u00eancia \u00e0 c\u00e9lula onde est\u00e1 o valor com a quebra de linha.<\/li><li> Ent\u00e3o, no segundo argumento, insira a fun\u00e7\u00e3o CHAR, e na fun\u00e7\u00e3o CHAR, insira (10), feche a fun\u00e7\u00e3o,<\/li><li> Agora, no terceiro argumento, insira um espa\u00e7o em branco ou um espa\u00e7o.<\/li><li> No final, insira os par\u00eanteses de fechamento e pressione Enter para obter o resultado. <\/li><\/ol><div class=\"wp-block-image\"><figure class=\"aligncenter size-full is-resized\"><img loading=\"lazy\" decoding=\"async\" class=\"wp-image-79436\" src=\"https:\/\/exceladvisor.org\/wp-content\/uploads\/2023\/08\/2-formule-pour-supprimer-le-saut-de-ligne.png\" sizes=\"auto, \" srcset=\"\" alt=\"f\u00f3rmula para remover quebra de linha\" width=\"657\" height=\"357\"><\/figure><\/div><pre class=\"wp-block-code\"> <code class=\"language-excel-formula\" lang=\"excel-formula\">=SUBSTITUTE(A2,CHAR(10),\"\") =SUBSTITUTE(A2,CHAR(10),\" \")<\/code><\/pre><h2 class=\"wp-block-heading\"> Como funciona essa f\u00f3rmula?<\/h2><p> Quando voc\u00ea usa a fun\u00e7\u00e3o CHAR e insere o c\u00f3digo 10, ela retorna o caractere de nova linha no resultado. <\/p><div class=\"wp-block-image\"><figure class=\"aligncenter size-full is-resized\"><img loading=\"lazy\" decoding=\"async\" class=\"wp-image-79437\" src=\"https:\/\/exceladvisor.org\/wp-content\/uploads\/2023\/08\/3-comprendre-la-formule-2.png\" sizes=\"auto, \" srcset=\"\" alt=\"entenda a f\u00f3rmula\" width=\"373\" height=\"194\"><\/figure><\/div><p> E voc\u00ea o usou no argumento old_text da fun\u00e7\u00e3o SUBSTITUTE, o que significa que este \u00e9 o texto antigo que voc\u00ea deseja substituir. E no new_text voc\u00ea tem um espa\u00e7o ou valor vazio. Isso significa que voc\u00ea deseja substituir ou remover uma quebra de linha da c\u00e9lula por um novo valor. <\/p><div class=\"wp-block-image\"><figure class=\"aligncenter size-full is-resized\"><img loading=\"lazy\" decoding=\"async\" class=\"wp-image-79438\" src=\"https:\/\/exceladvisor.org\/wp-content\/uploads\/2023\/08\/4-fonction-de-remplacement-et-de-caractere.png\" sizes=\"auto, \" srcset=\"\" alt=\"substitui\u00e7\u00e3o e fun\u00e7\u00e3o de personagem\" width=\"432\" height=\"175\"><\/figure><\/div><h2 class=\"wp-block-heading\"> Outra maneira que voc\u00ea pode usar<\/h2><p> Ao aplicar uma quebra de linha a uma c\u00e9lula, voc\u00ea precisa <a href=\"https:\/\/exceladvisor.org\/pt\/quebrar-texto\/\">aplicar texto \u00e0 linha<\/a> com esse valor e, se quiser remover a quebra de linha da c\u00e9lula, pode remover a op\u00e7\u00e3o texto para linha. <\/p><div class=\"wp-block-image\"><figure class=\"aligncenter size-full is-resized\"><img loading=\"lazy\" decoding=\"async\" class=\"wp-image-79439\" src=\"https:\/\/exceladvisor.org\/wp-content\/uploads\/2023\/08\/5-appliquer-le-texte-dhabillage.png\" sizes=\"auto, \" srcset=\"\" alt=\"aplicar-quebrar-texto\" width=\"609\" height=\"409\"><\/figure><\/div><div class=\"gb-container gb-container-52dfcee1 gb-container-sample-file\"><h2 class=\"gb-headline gb-headline-e289c143 gb-headline-text gb-headline-4f7959c2\"> Obtenha o arquivo Excel<\/h2><p> <a class=\"gb-button gb-button-e88d6bee gb-button-text gb-button-button1\" href=\"https:\/\/exceladvisor.org\/wp-content\/uploads\/2023\/08\/supprimer-le-saut-de-ligne.xlsx\" rel=\"nofollow\">Download<\/a><\/p><\/div><div class=\"gb-container gb-container-4db6181c gb-container-mt\"> <a class=\"gb-button gb-button-c5897111 gb-button-text gb-button-mt-button\" href=\"https:\/\/exceladvisor.org\/pt\/vba\/\">O que \u00e9 VBA<\/a><h2 class=\"gb-headline gb-headline-665e5f6b gb-headline-text gb-headline-mt-heading\"> Tutoriais relacionados <\/h2><div class=\"gb-grid-wrapper gb-grid-wrapper-a20baf7c gb-grid-wrapper-mt-grid\"><div class=\"gb-grid-column gb-grid-column-65ddf67e\"><div class=\"gb-container gb-container-65ddf67e\"><ul><li> <a href=\"https:\/\/exceladvisor.org\/pt\/remova-os-parenteses-2\/\">Remover par\u00eanteses no Excel (colchetes)<\/a><\/li><li> <a href=\"https:\/\/exceladvisor.org\/pt\/excluir-o-ultimo-caractere-2\/\">Remover o \u00faltimo caractere de uma string<\/a><\/li><li> <a href=\"https:\/\/exceladvisor.org\/pt\/remover-caracteres-indesejados\/\">Remova caracteres indesejados<\/a><\/li><li> <a href=\"https:\/\/exceladvisor.org\/pt\/dividir-o-texto-usando-um-espaco\/\">Divida o texto usando um espa\u00e7o entre<\/a><\/li><li> <a href=\"https:\/\/exceladvisor.org\/pt\/remova-as-virgulas-2\/\">Remover v\u00edrgulas<\/a> <\/li><\/ul><\/div><\/div><div class=\"gb-grid-column gb-grid-column-50067b57\"><div class=\"gb-container gb-container-50067b57\"><\/div><\/div><\/div><\/div>","protected":false},"excerpt":{"rendered":"","protected":false},"author":1,"featured_media":0,"parent":0,"menu_order":0,"comment_status":"open","ping_status":"closed","template":"","meta":{"ub_ctt_via":"","footnotes":""},"class_list":["post-306","page","type-page","status-publish","hentry"],"featured_image_src":null,"yoast_head":"<!-- This site is optimized with the Yoast SEO plugin v25.4 - https:\/\/yoast.com\/wordpress\/plugins\/seo\/ -->\n<title>\u25b7 Remover quebra de linha de uma c\u00e9lula no Excel?<\/title>\n<meta name=\"description\" content=\"Este tutorial ensinar\u00e1 como escrever uma f\u00f3rmula do Excel para remover a quebra de linha de uma c\u00e9lula. Vamos verificar isso\u2026\" \/>\n<meta name=\"robots\" content=\"index, follow, max-snippet:-1, max-image-preview:large, max-video-preview:-1\" \/>\n<link rel=\"canonical\" href=\"https:\/\/exceladvisor.org\/pt\/remover-quebra-de-linha-2\/\" \/>\n<meta property=\"og:locale\" content=\"pt_PT\" \/>\n<meta property=\"og:type\" content=\"article\" \/>\n<meta property=\"og:title\" content=\"\u25b7 Remover quebra de linha de uma c\u00e9lula no Excel?\" \/>\n<meta property=\"og:description\" content=\"Este tutorial ensinar\u00e1 como escrever uma f\u00f3rmula do Excel para remover a quebra de linha de uma c\u00e9lula. Vamos verificar isso\u2026\" \/>\n<meta property=\"og:url\" content=\"https:\/\/exceladvisor.org\/pt\/remover-quebra-de-linha-2\/\" \/>\n<meta property=\"og:site_name\" content=\"Excel Advisor\" \/>\n<meta property=\"article:modified_time\" content=\"2023-12-06T11:51:33+00:00\" \/>\n<meta property=\"og:image\" content=\"https:\/\/exceladvisor.org\/wp-content\/uploads\/2023\/08\/1-supprimer-la-rupture-de-lien-de-la-cellule.png\" \/>\n<meta name=\"twitter:card\" content=\"summary_large_image\" \/>\n<meta name=\"twitter:label1\" content=\"Tempo estimado de leitura\" \/>\n\t<meta name=\"twitter:data1\" content=\"2 minutos\" \/>\n<script type=\"application\/ld+json\" class=\"yoast-schema-graph\">{\"@context\":\"https:\/\/schema.org\",\"@graph\":[{\"@type\":\"WebPage\",\"@id\":\"https:\/\/exceladvisor.org\/pt\/remover-quebra-de-linha-2\/\",\"url\":\"https:\/\/exceladvisor.org\/pt\/remover-quebra-de-linha-2\/\",\"name\":\"\u25b7 Remover quebra de linha de uma c\u00e9lula no Excel?\",\"isPartOf\":{\"@id\":\"https:\/\/exceladvisor.org\/pt\/#website\"},\"primaryImageOfPage\":{\"@id\":\"https:\/\/exceladvisor.org\/pt\/remover-quebra-de-linha-2\/#primaryimage\"},\"image\":{\"@id\":\"https:\/\/exceladvisor.org\/pt\/remover-quebra-de-linha-2\/#primaryimage\"},\"thumbnailUrl\":\"https:\/\/exceladvisor.org\/wp-content\/uploads\/2023\/08\/1-supprimer-la-rupture-de-lien-de-la-cellule.png\",\"datePublished\":\"2023-11-05T07:34:37+00:00\",\"dateModified\":\"2023-12-06T11:51:33+00:00\",\"description\":\"Este tutorial ensinar\u00e1 como escrever uma f\u00f3rmula do Excel para remover a quebra de linha de uma c\u00e9lula. Vamos verificar isso\u2026\",\"breadcrumb\":{\"@id\":\"https:\/\/exceladvisor.org\/pt\/remover-quebra-de-linha-2\/#breadcrumb\"},\"inLanguage\":\"pt-PT\",\"potentialAction\":[{\"@type\":\"ReadAction\",\"target\":[\"https:\/\/exceladvisor.org\/pt\/remover-quebra-de-linha-2\/\"]}]},{\"@type\":\"ImageObject\",\"inLanguage\":\"pt-PT\",\"@id\":\"https:\/\/exceladvisor.org\/pt\/remover-quebra-de-linha-2\/#primaryimage\",\"url\":\"https:\/\/exceladvisor.org\/wp-content\/uploads\/2023\/08\/1-supprimer-la-rupture-de-lien-de-la-cellule.png\",\"contentUrl\":\"https:\/\/exceladvisor.org\/wp-content\/uploads\/2023\/08\/1-supprimer-la-rupture-de-lien-de-la-cellule.png\"},{\"@type\":\"BreadcrumbList\",\"@id\":\"https:\/\/exceladvisor.org\/pt\/remover-quebra-de-linha-2\/#breadcrumb\",\"itemListElement\":[{\"@type\":\"ListItem\",\"position\":1,\"name\":\"Lar\",\"item\":\"https:\/\/exceladvisor.org\/pt\/\"},{\"@type\":\"ListItem\",\"position\":2,\"name\":\"Remover quebra de linha de uma c\u00e9lula no excel?\"}]},{\"@type\":\"WebSite\",\"@id\":\"https:\/\/exceladvisor.org\/pt\/#website\",\"url\":\"https:\/\/exceladvisor.org\/pt\/\",\"name\":\"Excel Advisor\",\"description\":\"O seu guia definitivo para dominar os dados!\",\"publisher\":{\"@id\":\"https:\/\/exceladvisor.org\/pt\/#organization\"},\"potentialAction\":[{\"@type\":\"SearchAction\",\"target\":{\"@type\":\"EntryPoint\",\"urlTemplate\":\"https:\/\/exceladvisor.org\/pt\/?s={search_term_string}\"},\"query-input\":{\"@type\":\"PropertyValueSpecification\",\"valueRequired\":true,\"valueName\":\"search_term_string\"}}],\"inLanguage\":\"pt-PT\"},{\"@type\":\"Organization\",\"@id\":\"https:\/\/exceladvisor.org\/pt\/#organization\",\"name\":\"Excel Advisor\",\"url\":\"https:\/\/exceladvisor.org\/pt\/\",\"logo\":{\"@type\":\"ImageObject\",\"inLanguage\":\"pt-PT\",\"@id\":\"https:\/\/exceladvisor.org\/pt\/#\/schema\/logo\/image\/\",\"url\":\"https:\/\/exceladvisor.org\/pt\/wp-content\/uploads\/2023\/12\/exceladvisor.org_.png\",\"contentUrl\":\"https:\/\/exceladvisor.org\/pt\/wp-content\/uploads\/2023\/12\/exceladvisor.org_.png\",\"width\":105,\"height\":36,\"caption\":\"Excel Advisor\"},\"image\":{\"@id\":\"https:\/\/exceladvisor.org\/pt\/#\/schema\/logo\/image\/\"}}]}<\/script>\n<!-- \/ Yoast SEO plugin. -->","yoast_head_json":{"title":"\u25b7 Remover quebra de linha de uma c\u00e9lula no Excel?","description":"Este tutorial ensinar\u00e1 como escrever uma f\u00f3rmula do Excel para remover a quebra de linha de uma c\u00e9lula. Vamos verificar isso\u2026","robots":{"index":"index","follow":"follow","max-snippet":"max-snippet:-1","max-image-preview":"max-image-preview:large","max-video-preview":"max-video-preview:-1"},"canonical":"https:\/\/exceladvisor.org\/pt\/remover-quebra-de-linha-2\/","og_locale":"pt_PT","og_type":"article","og_title":"\u25b7 Remover quebra de linha de uma c\u00e9lula no Excel?","og_description":"Este tutorial ensinar\u00e1 como escrever uma f\u00f3rmula do Excel para remover a quebra de linha de uma c\u00e9lula. Vamos verificar isso\u2026","og_url":"https:\/\/exceladvisor.org\/pt\/remover-quebra-de-linha-2\/","og_site_name":"Excel Advisor","article_modified_time":"2023-12-06T11:51:33+00:00","og_image":[{"url":"https:\/\/exceladvisor.org\/wp-content\/uploads\/2023\/08\/1-supprimer-la-rupture-de-lien-de-la-cellule.png","type":"","width":"","height":""}],"twitter_card":"summary_large_image","twitter_misc":{"Tempo estimado de leitura":"2 minutos"},"schema":{"@context":"https:\/\/schema.org","@graph":[{"@type":"WebPage","@id":"https:\/\/exceladvisor.org\/pt\/remover-quebra-de-linha-2\/","url":"https:\/\/exceladvisor.org\/pt\/remover-quebra-de-linha-2\/","name":"\u25b7 Remover quebra de linha de uma c\u00e9lula no Excel?","isPartOf":{"@id":"https:\/\/exceladvisor.org\/pt\/#website"},"primaryImageOfPage":{"@id":"https:\/\/exceladvisor.org\/pt\/remover-quebra-de-linha-2\/#primaryimage"},"image":{"@id":"https:\/\/exceladvisor.org\/pt\/remover-quebra-de-linha-2\/#primaryimage"},"thumbnailUrl":"https:\/\/exceladvisor.org\/wp-content\/uploads\/2023\/08\/1-supprimer-la-rupture-de-lien-de-la-cellule.png","datePublished":"2023-11-05T07:34:37+00:00","dateModified":"2023-12-06T11:51:33+00:00","description":"Este tutorial ensinar\u00e1 como escrever uma f\u00f3rmula do Excel para remover a quebra de linha de uma c\u00e9lula. Vamos verificar isso\u2026","breadcrumb":{"@id":"https:\/\/exceladvisor.org\/pt\/remover-quebra-de-linha-2\/#breadcrumb"},"inLanguage":"pt-PT","potentialAction":[{"@type":"ReadAction","target":["https:\/\/exceladvisor.org\/pt\/remover-quebra-de-linha-2\/"]}]},{"@type":"ImageObject","inLanguage":"pt-PT","@id":"https:\/\/exceladvisor.org\/pt\/remover-quebra-de-linha-2\/#primaryimage","url":"https:\/\/exceladvisor.org\/wp-content\/uploads\/2023\/08\/1-supprimer-la-rupture-de-lien-de-la-cellule.png","contentUrl":"https:\/\/exceladvisor.org\/wp-content\/uploads\/2023\/08\/1-supprimer-la-rupture-de-lien-de-la-cellule.png"},{"@type":"BreadcrumbList","@id":"https:\/\/exceladvisor.org\/pt\/remover-quebra-de-linha-2\/#breadcrumb","itemListElement":[{"@type":"ListItem","position":1,"name":"Lar","item":"https:\/\/exceladvisor.org\/pt\/"},{"@type":"ListItem","position":2,"name":"Remover quebra de linha de uma c\u00e9lula no excel?"}]},{"@type":"WebSite","@id":"https:\/\/exceladvisor.org\/pt\/#website","url":"https:\/\/exceladvisor.org\/pt\/","name":"Excel Advisor","description":"O seu guia definitivo para dominar os dados!","publisher":{"@id":"https:\/\/exceladvisor.org\/pt\/#organization"},"potentialAction":[{"@type":"SearchAction","target":{"@type":"EntryPoint","urlTemplate":"https:\/\/exceladvisor.org\/pt\/?s={search_term_string}"},"query-input":{"@type":"PropertyValueSpecification","valueRequired":true,"valueName":"search_term_string"}}],"inLanguage":"pt-PT"},{"@type":"Organization","@id":"https:\/\/exceladvisor.org\/pt\/#organization","name":"Excel Advisor","url":"https:\/\/exceladvisor.org\/pt\/","logo":{"@type":"ImageObject","inLanguage":"pt-PT","@id":"https:\/\/exceladvisor.org\/pt\/#\/schema\/logo\/image\/","url":"https:\/\/exceladvisor.org\/pt\/wp-content\/uploads\/2023\/12\/exceladvisor.org_.png","contentUrl":"https:\/\/exceladvisor.org\/pt\/wp-content\/uploads\/2023\/12\/exceladvisor.org_.png","width":105,"height":36,"caption":"Excel Advisor"},"image":{"@id":"https:\/\/exceladvisor.org\/pt\/#\/schema\/logo\/image\/"}}]}},"yoast_meta":{"yoast_wpseo_title":"","yoast_wpseo_metadesc":"","yoast_wpseo_canonical":""},"_links":{"self":[{"href":"https:\/\/exceladvisor.org\/pt\/wp-json\/wp\/v2\/pages\/306","targetHints":{"allow":["GET"]}}],"collection":[{"href":"https:\/\/exceladvisor.org\/pt\/wp-json\/wp\/v2\/pages"}],"about":[{"href":"https:\/\/exceladvisor.org\/pt\/wp-json\/wp\/v2\/types\/page"}],"author":[{"embeddable":true,"href":"https:\/\/exceladvisor.org\/pt\/wp-json\/wp\/v2\/users\/1"}],"replies":[{"embeddable":true,"href":"https:\/\/exceladvisor.org\/pt\/wp-json\/wp\/v2\/comments?post=306"}],"version-history":[{"count":1,"href":"https:\/\/exceladvisor.org\/pt\/wp-json\/wp\/v2\/pages\/306\/revisions"}],"predecessor-version":[{"id":1485,"href":"https:\/\/exceladvisor.org\/pt\/wp-json\/wp\/v2\/pages\/306\/revisions\/1485"}],"wp:attachment":[{"href":"https:\/\/exceladvisor.org\/pt\/wp-json\/wp\/v2\/media?parent=306"}],"curies":[{"name":"wp","href":"https:\/\/api.w.org\/{rel}","templated":true}]}}