{"id":307,"date":"2023-11-05T07:22:56","date_gmt":"2023-11-05T07:22:56","guid":{"rendered":"https:\/\/exceladvisor.org\/pt\/encontre-o-endereco-da-celula-2\/"},"modified":"2023-12-06T11:50:42","modified_gmt":"2023-12-06T11:50:42","slug":"encontre-o-endereco-da-celula-2","status":"publish","type":"page","link":"https:\/\/exceladvisor.org\/pt\/encontre-o-endereco-da-celula-2\/","title":{"rendered":"Encontrando o endere\u00e7o da c\u00e9lula em vez do valor"},"content":{"rendered":"<div class=\"excel-before-content-2\" id=\"excel-387852126\"><script type=\"text\/javascript\">\r\n\tatOptions = {\r\n\t\t'key' : 'c1158f160081d6540a8409e6925dab94',\r\n\t\t'format' : 'iframe',\r\n\t\t'height' : 250,\r\n\t\t'width' : 300,\r\n\t\t'params' : {}\r\n\t};\r\n<\/script>\r\n<script type=\"text\/javascript\" src=\"\/\/www.highperformanceformat.com\/c1158f160081d6540a8409e6925dab94\/invoke.js\"><\/script><\/div><div class=\"excel-before-content\" id=\"excel-2979350635\"><script type=\"text\/javascript\">\r\n\tatOptions = {\r\n\t\t'key' : 'c1158f160081d6540a8409e6925dab94',\r\n\t\t'format' : 'iframe',\r\n\t\t'height' : 250,\r\n\t\t'width' : 300,\r\n\t\t'params' : {}\r\n\t};\r\n<\/script>\r\n<script type=\"text\/javascript\" src=\"\/\/www.highperformanceformat.com\/c1158f160081d6540a8409e6925dab94\/invoke.js\"><\/script><\/div> <p>No Excel, voc\u00ea pode pesquisar uma c\u00e9lula e, em vez do valor da c\u00e9lula, pode obter o endere\u00e7o da c\u00e9lula. Digamos que voc\u00ea tenha o valor correspondente na c\u00e9lula B12. Com a f\u00f3rmula voc\u00ea pode ter o endere\u00e7o B12, n\u00e3o o seu valor.<\/p><p> Este tutorial examinar\u00e1 poss\u00edveis maneiras de escrever uma f\u00f3rmula para isso.<\/p><h2 class=\"wp-block-heading\"> Obtenha o endere\u00e7o da c\u00e9lula em vez do valor (CELL + INDEX + MATCH)<\/h2><p> Siga as etapas abaixo para escrever esta f\u00f3rmula:<\/p><ol><li> Primeiro, insira a fun\u00e7\u00e3o CELL em uma c\u00e9lula e, no primeiro argumento, especifique \u201cendere\u00e7o\u201d como info_type. <br><img loading=\"lazy\" decoding=\"async\" title=\"1-obter-endere\u00e7o-de-c\u00e9lula\" src=\"https:\/\/exceladvisor.org\/wp-content\/uploads\/2023\/08\/1-obtenir-ladresse-cellulaire.png\" sizes=\"auto, \" srcset=\"\" alt=\"get-cell-address\" width=\"493\" height=\"177\"><\/li><li> Depois disso, no segundo argumento, insira a fun\u00e7\u00e3o INDEX. <br><img loading=\"lazy\" decoding=\"async\" title=\"\u00cdndice de entrada de argumento de 2 em segundo\" src=\"https:\/\/exceladvisor.org\/wp-content\/uploads\/2023\/08\/2-dans-le-deuxieme-argument-entrez-lindex.png\" sizes=\"auto, \" srcset=\"\" alt=\"in-second-argument-enter-index\" width=\"526\" height=\"179\"><\/li><li> Ent\u00e3o, no argumento array do INDEX, fa\u00e7a refer\u00eancia aos nomes que voc\u00ea tem na coluna A. O intervalo ser\u00e1 A2:A1001. <br><img loading=\"lazy\" decoding=\"async\" title=\"Argumento de \u00edndice de 3 matrizes\" src=\"https:\/\/exceladvisor.org\/wp-content\/uploads\/2023\/08\/3-arguments-de-tableau-dindex.png\" sizes=\"auto, \" srcset=\"\" alt=\"array-argument-of-index\" width=\"642\" height=\"207\"><\/li><li> Agora, no segundo argumento do INDEX, insira a fun\u00e7\u00e3o MATCH. <br><img loading=\"lazy\" decoding=\"async\" title=\"Fun\u00e7\u00e3o de 4 entradas\" src=\"https:\/\/exceladvisor.org\/wp-content\/uploads\/2023\/08\/4-entrez-la-fonction-de-correspondance.png\" sizes=\"auto, \" srcset=\"\" alt=\"enter-match-function\" width=\"663\" height=\"229\"><\/li><li> A partir da\u00ed, em MATCH, especifique o valor de pesquisa no argumento lookup_value e fa\u00e7a refer\u00eancia ao intervalo A2:A1001 novamente no argumento lookup_array. E use 0 no argumento [match_type] para realizar uma correspond\u00eancia exata. <br><img loading=\"lazy\" decoding=\"async\" title=\"5-correspond\u00eancia-especifique-o-valor de pesquisa\" src=\"https:\/\/exceladvisor.org\/wp-content\/uploads\/2023\/08\/5-match-specifiez-la-valeur-de-recherche.png\" sizes=\"auto, \" srcset=\"\" alt=\"match-specify-the-lookup-value\" width=\"762\" height=\"232\"><\/li><li> No final, insira os par\u00eanteses de fechamento e pressione Enter para obter o resultado.<\/li><\/ol><p> Ao pressionar Enter, ele retornar\u00e1 o endere\u00e7o da c\u00e9lula do valor que voc\u00ea pesquisou. <\/p><div class=\"wp-block-image\"><figure class=\"aligncenter size-full is-resized\"><img loading=\"lazy\" decoding=\"async\" class=\"wp-image-80564\" src=\"https:\/\/exceladvisor.org\/wp-content\/uploads\/2023\/08\/6-adresse-de-cellule-obtenue.png\" sizes=\"auto, \" srcset=\"\" alt=\"endere\u00e7o da c\u00e9lula resultante\" width=\"489\" height=\"383\"><\/figure><\/div><p> O nome \u201cAlec Wright\u201d est\u00e1 na c\u00e9lula A5 e \u00e9 isso que voc\u00ea tem no resultado.<\/p><pre class=\"wp-block-code\"> <code class=\"language-excel-formula\" lang=\"excel-formula\">=CELL(\"address\",INDEX(A2:A1001,MATCH(C1,A2:A1001,0)))<\/code><\/pre><h2 class=\"wp-block-heading\"> Como funciona essa f\u00f3rmula?<\/h2><p> Para entender essa f\u00f3rmula, \u00e9 preciso <strong>dividi-la em tr\u00eas partes,<\/strong> pois utilizamos tr\u00eas fun\u00e7\u00f5es. <\/p><div class=\"wp-block-image\"><figure class=\"aligncenter size-full is-resized\"><img loading=\"lazy\" decoding=\"async\" class=\"wp-image-80565\" src=\"https:\/\/exceladvisor.org\/wp-content\/uploads\/2023\/08\/7-cracher-la-formule-en-trois-parties.png\" sizes=\"auto, \" srcset=\"\" alt=\"cuspir a f\u00f3rmula de tr\u00eas partes\" width=\"687\" height=\"116\"><\/figure><\/div><p> Na primeira parte, temos a fun\u00e7\u00e3o MATCH que corresponde ao valor de pesquisa do nome da c\u00e9lula A2:A1001 e retorna o n\u00famero da posi\u00e7\u00e3o no resultado. <\/p><div class=\"wp-block-image\"><figure class=\"aligncenter size-full is-resized\"><img loading=\"lazy\" decoding=\"async\" class=\"wp-image-80566\" src=\"https:\/\/exceladvisor.org\/wp-content\/uploads\/2023\/08\/8-premiere-partie-a-une-fonction-de-correspondance.png\" sizes=\"auto, \" srcset=\"\" alt=\"a primeira parte tem uma fun\u00e7\u00e3o correspondente\" width=\"560\" height=\"135\"><\/figure><\/div><p> Depois disso, INDEX pega esse n\u00famero de posi\u00e7\u00e3o do MACTH e obt\u00e9m o valor do intervalo na <sup>4\u00aa<\/sup> posi\u00e7\u00e3o. Isso significa c\u00e9lula A5. <\/p><div class=\"wp-block-image\"><figure class=\"aligncenter size-full is-resized\"><img loading=\"lazy\" decoding=\"async\" class=\"wp-image-80567\" src=\"https:\/\/exceladvisor.org\/wp-content\/uploads\/2023\/08\/Lindex-9-prend-la-position-apres-le-match.png\" sizes=\"auto, \" srcset=\"\" alt=\"\u00edndice assume posi\u00e7\u00e3o ap\u00f3s partida\" width=\"341\" height=\"122\"><\/figure><\/div><div class=\"wp-block-group grey-note is-layout-constrained\"><div class=\"wp-block-group__inner-container\"><p> <strong>SECRET<\/strong> : INDEX retorna o valor da 4\u00aa posi\u00e7\u00e3o ou c\u00e9lula A5 do intervalo do exemplo acima. Mas INDEX como fun\u00e7\u00e3o retorna dois valores diferentes. Um \u00e9 o valor da c\u00e9lula (que voc\u00ea pode ver acima) e o segundo \u00e9 o endere\u00e7o da c\u00e9lula onde o valor est\u00e1 armazenado (A5). Voc\u00ea n\u00e3o pode ver ou obter o endere\u00e7o do celular como usu\u00e1rio, mas a fun\u00e7\u00e3o CELL \u00e9 inteligente o suficiente para obt\u00ea-lo e us\u00e1-lo. <\/p><div class=\"wp-block-image\"><figure class=\"aligncenter size-full is-resized\"><img loading=\"lazy\" decoding=\"async\" class=\"wp-image-80568\" src=\"https:\/\/exceladvisor.org\/wp-content\/uploads\/2023\/08\/10-index-renvoie-la-valeur.png\" sizes=\"auto, \" srcset=\"\" alt=\"valor de retorno do \u00edndice\" width=\"731\" height=\"160\"><\/figure><\/div><\/div><\/div><p> Por fim, a fun\u00e7\u00e3o CELL retorna o endere\u00e7o da c\u00e9lula usando uma refer\u00eancia absoluta no resultado. <\/p><div class=\"wp-block-image\"><figure class=\"aligncenter size-full is-resized\"><img loading=\"lazy\" decoding=\"async\" class=\"wp-image-80569\" src=\"https:\/\/exceladvisor.org\/wp-content\/uploads\/2023\/08\/11-fonction-de-cellule-renvoie-ladresse-de-la-cellule.png\" sizes=\"auto, \" srcset=\"\" alt=\"fun\u00e7\u00e3o de c\u00e9lula retorna endere\u00e7o de c\u00e9lula\" width=\"639\" height=\"257\"><\/figure><\/div><p> Se quiser remover cifr\u00f5es do endere\u00e7o da c\u00e9lula, voc\u00ea pode usar SUBSTITUTE. <\/p><pre class=\"wp-block-code\"> <code class=\"language-excel-formula\" lang=\"excel-formula\">=SUBSTITUTE(CELL(\"address\",INDEX(A2:A1001,MATCH(C1,A2:A1001,0))),\"$\",\"\")<\/code><\/pre><div class=\"wp-block-image\"><figure class=\"aligncenter size-full is-resized\"><img loading=\"lazy\" decoding=\"async\" class=\"wp-image-80570\" src=\"https:\/\/exceladvisor.org\/wp-content\/uploads\/2023\/08\/12-supprimer-le-signe-dollar-par-substitut.png\" sizes=\"auto, \" srcset=\"\" alt=\"remover cifr\u00e3o por substituto\" width=\"763\" height=\"229\"><\/figure><\/div><h2 class=\"wp-block-heading\"> Obtenha o endere\u00e7o da c\u00e9lula usando ADDRESS + MATCH<\/h2><p> Existe outra maneira de escrever uma f\u00f3rmula para obter o endere\u00e7o da c\u00e9lula. <\/p><div class=\"wp-block-image\"><figure class=\"aligncenter size-full is-resized\"><img loading=\"lazy\" decoding=\"async\" class=\"wp-image-80571\" src=\"https:\/\/exceladvisor.org\/wp-content\/uploads\/2023\/08\/13-adresse-de-cellule-par-adresse-plus-correspondance.png\" sizes=\"auto, \" srcset=\"\" alt=\"endere\u00e7o de c\u00e9lula por endere\u00e7o mais correspond\u00eancia\" width=\"749\" height=\"251\"><\/figure><\/div><pre class=\"wp-block-code\"> <code class=\"language-excel-formula\" lang=\"excel-formula\">=ADDRESS(MATCH(C1,A1:A1001,0),1)<\/code><\/pre><p> Esta f\u00f3rmula funciona em duas partes: Na primeira parte, temos a fun\u00e7\u00e3o MATCH para obter o n\u00famero da posi\u00e7\u00e3o da c\u00e9lula onde est\u00e1 o valor pesquisado. <\/p><div class=\"wp-block-image\"><figure class=\"aligncenter size-full is-resized\"><img loading=\"lazy\" decoding=\"async\" class=\"wp-image-80572\" src=\"https:\/\/exceladvisor.org\/wp-content\/uploads\/2023\/08\/14-match-obtient-le-numero-de-position-de-la-cellule.png\" sizes=\"auto, \" srcset=\"\" alt=\"match-gets-position-cell-number\" width=\"527\" height=\"123\"><\/figure><\/div><p> Depois disso, na fun\u00e7\u00e3o ADDRESS, voc\u00ea tem o n\u00famero retornado por MATCH (no primeiro argumento), que \u00e9 o argumento ROW para definir o n\u00famero da linha.<\/p><p> E no segundo argumento temos o n\u00famero da coluna. <\/p><div class=\"wp-block-image\"><figure class=\"aligncenter size-full is-resized\"><img loading=\"lazy\" decoding=\"async\" class=\"wp-image-80573\" src=\"https:\/\/exceladvisor.org\/wp-content\/uploads\/2023\/08\/15-fonction-dadresse-ont-un-numero-renvoye-par-correspondance.png\" sizes=\"auto, \" srcset=\"\" alt=\"endere\u00e7o-fun\u00e7\u00e3o-tem-n\u00famero-retorno-por-correspond\u00eancia\" width=\"433\" height=\"115\"><\/figure><\/div><p> A linha 5 e a coluna 1 criam um endere\u00e7o de c\u00e9lula A5.<\/p><p> <strong>Recomendado: <sup>1\u00ba<\/sup> m\u00e9todo<\/strong> <\/p><div class=\"gb-container gb-container-52dfcee1 gb-container-sample-file\"><h2 class=\"gb-headline gb-headline-e289c143 gb-headline-text gb-headline-4f7959c2\"> Obtenha o arquivo Excel<\/h2><p> <a class=\"gb-button gb-button-e88d6bee gb-button-text gb-button-button1\" href=\"https:\/\/exceladvisor.org\/wp-content\/uploads\/2023\/08\/rechercher-ladresse-de-la-cellule.xlsx\" rel=\"nofollow\">Download<\/a><\/p><\/div><div class=\"gb-container gb-container-0df56012 gb-container-mt\"> <a class=\"gb-button gb-button-f9f432f4 gb-button-text gb-button-mt-button\" href=\"https:\/\/exceladvisor.org\/pt\/formulas\/\">Lista de f\u00f3rmulas do Excel<\/a><h2 class=\"gb-headline gb-headline-233444e8 gb-headline-text gb-headline-mt-heading\"> F\u00f3rmulas relacionadas <\/h2><div class=\"gb-grid-wrapper gb-grid-wrapper-a16fa65c gb-grid-wrapper-mt-grid\"><div class=\"gb-grid-column gb-grid-column-50d07e0d\"><div class=\"gb-container gb-container-50d07e0d\"><ul><li> <a href=\"https:\/\/exceladvisor.org\/pt\/vlookup-varios-criterios\/\">VLOOKUP com v\u00e1rios crit\u00e9rios no Excel<\/a><\/li><li> <a href=\"https:\/\/exceladvisor.org\/pt\/curingas-com-vlookup\/\">Curingas com VLOOKUP no Excel<\/a><\/li><li> <a href=\"https:\/\/exceladvisor.org\/pt\/pesquisar-datas-v\/\">Datas VLOOKUP (VLOOKUP para uma data a partir de dados)<\/a><\/li><li> <a href=\"https:\/\/exceladvisor.org\/pt\/encontre-o-ultimo-valor-2\/\">Encontre o \u00faltimo valor em uma coluna ou linha<\/a><\/li><li> <a href=\"https:\/\/exceladvisor.org\/pt\/vlookup-de-outra-planilha\/\">VLOOKUP de outra planilha (entre planilhas)<\/a> <\/li><\/ul><\/div><\/div><div class=\"gb-grid-column gb-grid-column-5b4a0cf9\"><div class=\"gb-container gb-container-5b4a0cf9\"><\/div><\/div><\/div><\/div>","protected":false},"excerpt":{"rendered":"","protected":false},"author":1,"featured_media":0,"parent":0,"menu_order":0,"comment_status":"open","ping_status":"closed","template":"","meta":{"ub_ctt_via":"","footnotes":""},"class_list":["post-307","page","type-page","status-publish","hentry"],"featured_image_src":null,"yoast_head":"<!-- This site is optimized with the Yoast SEO plugin v25.4 - https:\/\/yoast.com\/wordpress\/plugins\/seo\/ -->\n<title>Encontrando o endere\u00e7o da c\u00e9lula em vez do valor<\/title>\n<meta name=\"description\" content=\"Este tutorial ensinar\u00e1 como escrever uma f\u00f3rmula do Excel para encontrar o endere\u00e7o da c\u00e9lula em vez do valor. Vamos verificar isso\u2026\" \/>\n<meta name=\"robots\" content=\"index, follow, max-snippet:-1, max-image-preview:large, max-video-preview:-1\" \/>\n<link rel=\"canonical\" href=\"https:\/\/exceladvisor.org\/pt\/encontre-o-endereco-da-celula-2\/\" \/>\n<meta property=\"og:locale\" content=\"pt_PT\" \/>\n<meta property=\"og:type\" content=\"article\" \/>\n<meta property=\"og:title\" content=\"Encontrando o endere\u00e7o da c\u00e9lula em vez do valor\" \/>\n<meta property=\"og:description\" content=\"Este tutorial ensinar\u00e1 como escrever uma f\u00f3rmula do Excel para encontrar o endere\u00e7o da c\u00e9lula em vez do valor. Vamos verificar isso\u2026\" \/>\n<meta property=\"og:url\" content=\"https:\/\/exceladvisor.org\/pt\/encontre-o-endereco-da-celula-2\/\" \/>\n<meta property=\"og:site_name\" content=\"Excel Advisor\" \/>\n<meta property=\"article:modified_time\" content=\"2023-12-06T11:50:42+00:00\" \/>\n<meta property=\"og:image\" content=\"https:\/\/exceladvisor.org\/wp-content\/uploads\/2023\/08\/1-obtenir-ladresse-cellulaire.png\" \/>\n<meta name=\"twitter:card\" content=\"summary_large_image\" \/>\n<meta name=\"twitter:label1\" content=\"Tempo estimado de leitura\" \/>\n\t<meta name=\"twitter:data1\" content=\"3 minutos\" \/>\n<script type=\"application\/ld+json\" class=\"yoast-schema-graph\">{\"@context\":\"https:\/\/schema.org\",\"@graph\":[{\"@type\":\"WebPage\",\"@id\":\"https:\/\/exceladvisor.org\/pt\/encontre-o-endereco-da-celula-2\/\",\"url\":\"https:\/\/exceladvisor.org\/pt\/encontre-o-endereco-da-celula-2\/\",\"name\":\"Encontrando o endere\u00e7o da c\u00e9lula em vez do valor\",\"isPartOf\":{\"@id\":\"https:\/\/exceladvisor.org\/pt\/#website\"},\"primaryImageOfPage\":{\"@id\":\"https:\/\/exceladvisor.org\/pt\/encontre-o-endereco-da-celula-2\/#primaryimage\"},\"image\":{\"@id\":\"https:\/\/exceladvisor.org\/pt\/encontre-o-endereco-da-celula-2\/#primaryimage\"},\"thumbnailUrl\":\"https:\/\/exceladvisor.org\/wp-content\/uploads\/2023\/08\/1-obtenir-ladresse-cellulaire.png\",\"datePublished\":\"2023-11-05T07:22:56+00:00\",\"dateModified\":\"2023-12-06T11:50:42+00:00\",\"description\":\"Este tutorial ensinar\u00e1 como escrever uma f\u00f3rmula do Excel para encontrar o endere\u00e7o da c\u00e9lula em vez do valor. Vamos verificar isso\u2026\",\"breadcrumb\":{\"@id\":\"https:\/\/exceladvisor.org\/pt\/encontre-o-endereco-da-celula-2\/#breadcrumb\"},\"inLanguage\":\"pt-PT\",\"potentialAction\":[{\"@type\":\"ReadAction\",\"target\":[\"https:\/\/exceladvisor.org\/pt\/encontre-o-endereco-da-celula-2\/\"]}]},{\"@type\":\"ImageObject\",\"inLanguage\":\"pt-PT\",\"@id\":\"https:\/\/exceladvisor.org\/pt\/encontre-o-endereco-da-celula-2\/#primaryimage\",\"url\":\"https:\/\/exceladvisor.org\/wp-content\/uploads\/2023\/08\/1-obtenir-ladresse-cellulaire.png\",\"contentUrl\":\"https:\/\/exceladvisor.org\/wp-content\/uploads\/2023\/08\/1-obtenir-ladresse-cellulaire.png\"},{\"@type\":\"BreadcrumbList\",\"@id\":\"https:\/\/exceladvisor.org\/pt\/encontre-o-endereco-da-celula-2\/#breadcrumb\",\"itemListElement\":[{\"@type\":\"ListItem\",\"position\":1,\"name\":\"Lar\",\"item\":\"https:\/\/exceladvisor.org\/pt\/\"},{\"@type\":\"ListItem\",\"position\":2,\"name\":\"Encontrando o endere\u00e7o da c\u00e9lula em vez do valor\"}]},{\"@type\":\"WebSite\",\"@id\":\"https:\/\/exceladvisor.org\/pt\/#website\",\"url\":\"https:\/\/exceladvisor.org\/pt\/\",\"name\":\"Excel Advisor\",\"description\":\"O seu guia definitivo para dominar os dados!\",\"publisher\":{\"@id\":\"https:\/\/exceladvisor.org\/pt\/#organization\"},\"potentialAction\":[{\"@type\":\"SearchAction\",\"target\":{\"@type\":\"EntryPoint\",\"urlTemplate\":\"https:\/\/exceladvisor.org\/pt\/?s={search_term_string}\"},\"query-input\":{\"@type\":\"PropertyValueSpecification\",\"valueRequired\":true,\"valueName\":\"search_term_string\"}}],\"inLanguage\":\"pt-PT\"},{\"@type\":\"Organization\",\"@id\":\"https:\/\/exceladvisor.org\/pt\/#organization\",\"name\":\"Excel Advisor\",\"url\":\"https:\/\/exceladvisor.org\/pt\/\",\"logo\":{\"@type\":\"ImageObject\",\"inLanguage\":\"pt-PT\",\"@id\":\"https:\/\/exceladvisor.org\/pt\/#\/schema\/logo\/image\/\",\"url\":\"https:\/\/exceladvisor.org\/pt\/wp-content\/uploads\/2023\/12\/exceladvisor.org_.png\",\"contentUrl\":\"https:\/\/exceladvisor.org\/pt\/wp-content\/uploads\/2023\/12\/exceladvisor.org_.png\",\"width\":105,\"height\":36,\"caption\":\"Excel Advisor\"},\"image\":{\"@id\":\"https:\/\/exceladvisor.org\/pt\/#\/schema\/logo\/image\/\"}}]}<\/script>\n<!-- \/ Yoast SEO plugin. -->","yoast_head_json":{"title":"Encontrando o endere\u00e7o da c\u00e9lula em vez do valor","description":"Este tutorial ensinar\u00e1 como escrever uma f\u00f3rmula do Excel para encontrar o endere\u00e7o da c\u00e9lula em vez do valor. Vamos verificar isso\u2026","robots":{"index":"index","follow":"follow","max-snippet":"max-snippet:-1","max-image-preview":"max-image-preview:large","max-video-preview":"max-video-preview:-1"},"canonical":"https:\/\/exceladvisor.org\/pt\/encontre-o-endereco-da-celula-2\/","og_locale":"pt_PT","og_type":"article","og_title":"Encontrando o endere\u00e7o da c\u00e9lula em vez do valor","og_description":"Este tutorial ensinar\u00e1 como escrever uma f\u00f3rmula do Excel para encontrar o endere\u00e7o da c\u00e9lula em vez do valor. Vamos verificar isso\u2026","og_url":"https:\/\/exceladvisor.org\/pt\/encontre-o-endereco-da-celula-2\/","og_site_name":"Excel Advisor","article_modified_time":"2023-12-06T11:50:42+00:00","og_image":[{"url":"https:\/\/exceladvisor.org\/wp-content\/uploads\/2023\/08\/1-obtenir-ladresse-cellulaire.png","type":"","width":"","height":""}],"twitter_card":"summary_large_image","twitter_misc":{"Tempo estimado de leitura":"3 minutos"},"schema":{"@context":"https:\/\/schema.org","@graph":[{"@type":"WebPage","@id":"https:\/\/exceladvisor.org\/pt\/encontre-o-endereco-da-celula-2\/","url":"https:\/\/exceladvisor.org\/pt\/encontre-o-endereco-da-celula-2\/","name":"Encontrando o endere\u00e7o da c\u00e9lula em vez do valor","isPartOf":{"@id":"https:\/\/exceladvisor.org\/pt\/#website"},"primaryImageOfPage":{"@id":"https:\/\/exceladvisor.org\/pt\/encontre-o-endereco-da-celula-2\/#primaryimage"},"image":{"@id":"https:\/\/exceladvisor.org\/pt\/encontre-o-endereco-da-celula-2\/#primaryimage"},"thumbnailUrl":"https:\/\/exceladvisor.org\/wp-content\/uploads\/2023\/08\/1-obtenir-ladresse-cellulaire.png","datePublished":"2023-11-05T07:22:56+00:00","dateModified":"2023-12-06T11:50:42+00:00","description":"Este tutorial ensinar\u00e1 como escrever uma f\u00f3rmula do Excel para encontrar o endere\u00e7o da c\u00e9lula em vez do valor. Vamos verificar isso\u2026","breadcrumb":{"@id":"https:\/\/exceladvisor.org\/pt\/encontre-o-endereco-da-celula-2\/#breadcrumb"},"inLanguage":"pt-PT","potentialAction":[{"@type":"ReadAction","target":["https:\/\/exceladvisor.org\/pt\/encontre-o-endereco-da-celula-2\/"]}]},{"@type":"ImageObject","inLanguage":"pt-PT","@id":"https:\/\/exceladvisor.org\/pt\/encontre-o-endereco-da-celula-2\/#primaryimage","url":"https:\/\/exceladvisor.org\/wp-content\/uploads\/2023\/08\/1-obtenir-ladresse-cellulaire.png","contentUrl":"https:\/\/exceladvisor.org\/wp-content\/uploads\/2023\/08\/1-obtenir-ladresse-cellulaire.png"},{"@type":"BreadcrumbList","@id":"https:\/\/exceladvisor.org\/pt\/encontre-o-endereco-da-celula-2\/#breadcrumb","itemListElement":[{"@type":"ListItem","position":1,"name":"Lar","item":"https:\/\/exceladvisor.org\/pt\/"},{"@type":"ListItem","position":2,"name":"Encontrando o endere\u00e7o da c\u00e9lula em vez do valor"}]},{"@type":"WebSite","@id":"https:\/\/exceladvisor.org\/pt\/#website","url":"https:\/\/exceladvisor.org\/pt\/","name":"Excel Advisor","description":"O seu guia definitivo para dominar os dados!","publisher":{"@id":"https:\/\/exceladvisor.org\/pt\/#organization"},"potentialAction":[{"@type":"SearchAction","target":{"@type":"EntryPoint","urlTemplate":"https:\/\/exceladvisor.org\/pt\/?s={search_term_string}"},"query-input":{"@type":"PropertyValueSpecification","valueRequired":true,"valueName":"search_term_string"}}],"inLanguage":"pt-PT"},{"@type":"Organization","@id":"https:\/\/exceladvisor.org\/pt\/#organization","name":"Excel Advisor","url":"https:\/\/exceladvisor.org\/pt\/","logo":{"@type":"ImageObject","inLanguage":"pt-PT","@id":"https:\/\/exceladvisor.org\/pt\/#\/schema\/logo\/image\/","url":"https:\/\/exceladvisor.org\/pt\/wp-content\/uploads\/2023\/12\/exceladvisor.org_.png","contentUrl":"https:\/\/exceladvisor.org\/pt\/wp-content\/uploads\/2023\/12\/exceladvisor.org_.png","width":105,"height":36,"caption":"Excel Advisor"},"image":{"@id":"https:\/\/exceladvisor.org\/pt\/#\/schema\/logo\/image\/"}}]}},"yoast_meta":{"yoast_wpseo_title":"","yoast_wpseo_metadesc":"","yoast_wpseo_canonical":""},"_links":{"self":[{"href":"https:\/\/exceladvisor.org\/pt\/wp-json\/wp\/v2\/pages\/307","targetHints":{"allow":["GET"]}}],"collection":[{"href":"https:\/\/exceladvisor.org\/pt\/wp-json\/wp\/v2\/pages"}],"about":[{"href":"https:\/\/exceladvisor.org\/pt\/wp-json\/wp\/v2\/types\/page"}],"author":[{"embeddable":true,"href":"https:\/\/exceladvisor.org\/pt\/wp-json\/wp\/v2\/users\/1"}],"replies":[{"embeddable":true,"href":"https:\/\/exceladvisor.org\/pt\/wp-json\/wp\/v2\/comments?post=307"}],"version-history":[{"count":1,"href":"https:\/\/exceladvisor.org\/pt\/wp-json\/wp\/v2\/pages\/307\/revisions"}],"predecessor-version":[{"id":1413,"href":"https:\/\/exceladvisor.org\/pt\/wp-json\/wp\/v2\/pages\/307\/revisions\/1413"}],"wp:attachment":[{"href":"https:\/\/exceladvisor.org\/pt\/wp-json\/wp\/v2\/media?parent=307"}],"curies":[{"name":"wp","href":"https:\/\/api.w.org\/{rel}","templated":true}]}}