{"id":308,"date":"2023-11-05T07:04:40","date_gmt":"2023-11-05T07:04:40","guid":{"rendered":"https:\/\/exceladvisor.org\/pt\/valor-por-mes\/"},"modified":"2023-12-06T11:42:19","modified_gmt":"2023-12-06T11:42:19","slug":"valor-por-mes","status":"publish","type":"page","link":"https:\/\/exceladvisor.org\/pt\/valor-por-mes\/","title":{"rendered":"Como somar os valores de acordo com os meses?"},"content":{"rendered":"<div class=\"excel-before-content-2\" id=\"excel-3740965194\"><script type=\"text\/javascript\">\r\n\tatOptions = {\r\n\t\t'key' : 'c1158f160081d6540a8409e6925dab94',\r\n\t\t'format' : 'iframe',\r\n\t\t'height' : 250,\r\n\t\t'width' : 300,\r\n\t\t'params' : {}\r\n\t};\r\n<\/script>\r\n<script type=\"text\/javascript\" src=\"\/\/www.highperformanceformat.com\/c1158f160081d6540a8409e6925dab94\/invoke.js\"><\/script><\/div><div class=\"excel-before-content\" id=\"excel-429193605\"><script type=\"text\/javascript\">\r\n\tatOptions = {\r\n\t\t'key' : 'c1158f160081d6540a8409e6925dab94',\r\n\t\t'format' : 'iframe',\r\n\t\t'height' : 250,\r\n\t\t'width' : 300,\r\n\t\t'params' : {}\r\n\t};\r\n<\/script>\r\n<script type=\"text\/javascript\" src=\"\/\/www.highperformanceformat.com\/c1158f160081d6540a8409e6925dab94\/invoke.js\"><\/script><\/div> <p>Para somar valores com base no m\u00eas, quando voc\u00ea tem datas em uma coluna, voc\u00ea pode usar SUMIFS ou SUMPRODUCT. Com SUMIFS, voc\u00ea pode consultar datas que caem em um m\u00eas espec\u00edfico do ano. E com o SUMPRODUCT, voc\u00ea pode somar para um determinado m\u00eas, independente do ano. <\/p><div class=\"wp-block-image\"><figure class=\"aligncenter size-full is-resized\"><img loading=\"lazy\" decoding=\"async\" class=\"wp-image-80542\" src=\"https:\/\/exceladvisor.org\/wp-content\/uploads\/2023\/08\/1-somme-basee-sur-les-mois.png\" sizes=\"auto, \" srcset=\"\" alt=\"soma baseada em meses\" width=\"686\" height=\"273\"><\/figure><\/div><p> Nossos dados mostram datas daqui a tr\u00eas anos, 2021, 2022 e 2023. E usaremos ambas as f\u00f3rmulas aqui.<\/p><h2 class=\"wp-block-heading\"> Use SUMIFS para somar valores por meses de um ano<\/h2><p> Siga estas etapas para escrever esta f\u00f3rmula:<\/p><ol type=\"1\"><li> Primeiro, em uma c\u00e9lula, insira o SUMIFS, depois no primeiro argumento consulte o intervalo do qual deseja obter a soma.<\/li><li> Depois disso, no segundo argumento (intervalo_crit\u00e9rios1), especifique o intervalo onde est\u00e3o as datas.<\/li><li> Em seguida, no terceiro argumento (crit\u00e9rios), insira (\u201c&gt;=\u201d&amp;DATE(2022,1,1)) para especificar a data de in\u00edcio do m\u00eas.<\/li><li> Agora, no intervalo de crit\u00e9rios2, referencie novamente o intervalo com datas. E no crit\u00e9rio2, insira (\u201c&lt;=\u201d&amp;EOMONTH(\u201c01-Jan-2022\u201d,0)).<\/li><li> No final, digite os par\u00eanteses de fechamento e pressione Enter para obter o resultado. <\/li><\/ol><div class=\"wp-block-image\"><figure class=\"aligncenter size-full is-resized\"><img loading=\"lazy\" decoding=\"async\" class=\"wp-image-80543\" src=\"https:\/\/exceladvisor.org\/wp-content\/uploads\/2023\/08\/2-sumifs-a-additionner-par-mois.png\" sizes=\"auto, \" srcset=\"\" alt=\"s\u00e3o-valor por m\u00eas\" width=\"724\" height=\"221\"><\/figure><\/div><p> E ao apertar enter, ele retorna a soma dos valores onde a data \u00e9 o m\u00eas de janeiro de 2022. <\/p><div class=\"wp-block-image\"><figure class=\"aligncenter size-full is-resized\"><img loading=\"lazy\" decoding=\"async\" class=\"wp-image-80544\" src=\"https:\/\/exceladvisor.org\/wp-content\/uploads\/2023\/08\/3-somme-des-valeurs-selon-le-mois.png\" sizes=\"auto, \" srcset=\"\" alt=\"soma dos valores por m\u00eas\" width=\"572\" height=\"302\"><\/figure><\/div><pre class=\"wp-block-code\"> <code class=\"language-excel-formula\" lang=\"excel-formula\">=SUMIFS(B2:B103,A2:A103,\"&gt;=\"&amp;DATE(2022,1,1),A2:A103,\"&lt;=\"&amp;EOMONTH(\"01-Jan-2022\",0))<\/code><\/pre><h3 class=\"wp-block-heading\"> Como funciona essa f\u00f3rmula?<\/h3><p> Para entender esta f\u00f3rmula, \u00e9 necess\u00e1rio dividi-la em tr\u00eas partes: <\/p><div class=\"wp-block-image\"><figure class=\"aligncenter size-full is-resized\"><img loading=\"lazy\" decoding=\"async\" class=\"wp-image-80545\" src=\"https:\/\/exceladvisor.org\/wp-content\/uploads\/2023\/08\/4-formule-divisee-en-trois-parties.png\" sizes=\"auto, \" srcset=\"\" alt=\"f\u00f3rmula dividida em tr\u00eas partes\" width=\"498\" height=\"162\"><\/figure><\/div><p> Na primeira parte, voc\u00ea especificou o intervalo do qual deseja obter a soma. <\/p><div class=\"wp-block-image\"><figure class=\"aligncenter size-full is-resized\"><img loading=\"lazy\" decoding=\"async\" class=\"wp-image-80546\" src=\"https:\/\/exceladvisor.org\/wp-content\/uploads\/2023\/08\/5-a-dabord-specifie-la-plage-pour-obtenir-la-somme.png\" sizes=\"auto, \" srcset=\"\" alt=\"primeiro intervalo especificado para obter soma\" width=\"692\" height=\"144\"><\/figure><\/div><p> Na segunda parte, voc\u00ea referenciou o intervalo em que tem datas e ent\u00e3o usou a fun\u00e7\u00e3o DATE para criar uma data v\u00e1lida de 01 de janeiro de 2022.<\/p><p> Com a fun\u00e7\u00e3o DATE, voc\u00ea tamb\u00e9m usou os operadores maior e igual. E quando voc\u00ea faz isso, ele diz ao SUMIFS para somar apenas a data igual ou superior a 01 de janeiro de 2022. <\/p><div class=\"wp-block-image\"><figure class=\"aligncenter size-full is-resized\"><img loading=\"lazy\" decoding=\"async\" class=\"wp-image-80547\" src=\"https:\/\/exceladvisor.org\/wp-content\/uploads\/2023\/08\/6-specifie-la-plage-qui-a-des-dates.png\" sizes=\"auto, \" srcset=\"\" alt=\"especificou-o-intervalo-que-tem-datas\" width=\"578\" height=\"199\"><\/figure><\/div><p> Na parte 3, voc\u00ea referenciou o per\u00edodo novamente.<\/p><p> Nos crit\u00e9rios, voc\u00ea utilizou a fun\u00e7\u00e3o EMONTH com datas 01-Jan-2022 e 0 como meses, que retorna o \u00faltimo dia (data) de janeiro, 31-Jan-2022. Junto com isso, voc\u00ea tem o operador menor que e igual.<\/p><p> Isso instrui o SUMIF a somar os valores para datas menores ou iguais a 31 de janeiro de 2033. <\/p><div class=\"wp-block-image\"><figure class=\"aligncenter size-full is-resized\"><img loading=\"lazy\" decoding=\"async\" class=\"wp-image-80548\" src=\"https:\/\/exceladvisor.org\/wp-content\/uploads\/2023\/08\/7-troisieme-partie-a-nouveau-renvoyee-a-la-plage-de-dates.png\" sizes=\"auto, \" srcset=\"\" alt=\"terceira parte novamente referida ao intervalo de datas\" width=\"514\" height=\"205\"><\/figure><\/div><p> Com os dois crit\u00e9rios acima, voc\u00ea tem um intervalo de datas entre 01\/01\/2022 e 31\/01\/2022, e a f\u00f3rmula ir\u00e1 resumir todos os valores entre essas duas datas.<\/p><h2 class=\"wp-block-heading\"> SUMPRODUCT para adicionar valores com base no m\u00eas<\/h2><p> E se quiser somar valores de um m\u00eas independente do ano, voc\u00ea pode usar as fun\u00e7\u00f5es SUMPRODUCT e MONTH. <\/p><div class=\"wp-block-image\"><figure class=\"aligncenter size-full is-resized\"><img loading=\"lazy\" decoding=\"async\" class=\"wp-image-80549\" src=\"https:\/\/exceladvisor.org\/wp-content\/uploads\/2023\/08\/8-sumproduct-a-somme-en-utilisant-le-mois.png\" sizes=\"auto, \" srcset=\"\" alt=\"somaproduto-soma-usando-m\u00eas\" width=\"710\" height=\"221\"><\/figure><\/div><pre class=\"wp-block-code\"> <code class=\"language-excel-formula\" lang=\"excel-formula\">=SUMPRODUCT(B2:B103,--(MONTH(A2:A103)=1))<\/code><\/pre><p> Voc\u00ea usou a fun\u00e7\u00e3o M\u00caS nesta f\u00f3rmula e se referiu a todo o intervalo de datas. Depois disso, teste com 1, o que significa verificar as datas de janeiro. <\/p><div class=\"wp-block-image\"><figure class=\"aligncenter size-full is-resized\"><img loading=\"lazy\" decoding=\"async\" class=\"wp-image-80550\" src=\"https:\/\/exceladvisor.org\/wp-content\/uploads\/2023\/08\/9-sommeproduit-et-mois-combines.png\" sizes=\"auto, \" srcset=\"\" alt=\"somaproduto e m\u00eas combinados\" width=\"683\" height=\"250\"><\/figure><\/div><p> Depois disso voc\u00ea tem o duplo sinal de menos para converter TRUE em 1 e FALSE em 0. <\/p><div class=\"wp-block-image\"><figure class=\"aligncenter size-full is-resized\"><img loading=\"lazy\" decoding=\"async\" class=\"wp-image-80551\" src=\"https:\/\/exceladvisor.org\/wp-content\/uploads\/2023\/08\/10-convertir-vrai-et-faux.png\" sizes=\"auto, \" srcset=\"\" alt=\"converter verdadeiro e falso\" width=\"550\" height=\"191\"><\/figure><\/div><p> No final, SUMPRODUCT multiplica as duas tabelas (Quantidade e 0-1) e retorna a soma das datas em que o m\u00eas \u00e9 janeiro. <\/p><div class=\"wp-block-image\"><figure class=\"aligncenter size-full is-resized\"><img loading=\"lazy\" decoding=\"async\" class=\"wp-image-80552\" src=\"https:\/\/exceladvisor.org\/wp-content\/uploads\/2023\/08\/11-sumproduct-multiplie-les-deux-tableaux.png\" sizes=\"auto, \" srcset=\"\" alt=\"somaproduto-multiplica-ambas-matrizes\" width=\"549\" height=\"412\"><\/figure><\/div><div class=\"gb-container gb-container-52dfcee1 gb-container-sample-file\"><h2 class=\"gb-headline gb-headline-e289c143 gb-headline-text gb-headline-4f7959c2\"> Obtenha o arquivo Excel<\/h2><p> <a class=\"gb-button gb-button-e88d6bee gb-button-text gb-button-button1\" href=\"https:\/\/exceladvisor.org\/wp-content\/uploads\/2023\/08\/mois-sumif.xlsx\" rel=\"nofollow\">Download<\/a><\/p><\/div><div class=\"gb-container gb-container-0df56012 gb-container-mt\"> <a class=\"gb-button gb-button-f9f432f4 gb-button-text gb-button-mt-button\" href=\"https:\/\/exceladvisor.org\/pt\/formulas\/\">Lista de f\u00f3rmulas do Excel<\/a><h2 class=\"gb-headline gb-headline-233444e8 gb-headline-text gb-headline-mt-heading\"> F\u00f3rmulas relacionadas <\/h2><div class=\"gb-grid-wrapper gb-grid-wrapper-a16fa65c gb-grid-wrapper-mt-grid\"><div class=\"gb-grid-column gb-grid-column-50d07e0d\"><div class=\"gb-container gb-container-50d07e0d\"><ul><li> <a href=\"https:\/\/exceladvisor.org\/pt\/sumif-vlookup\/\">Combine PROCV com SUMIF<\/a><\/li><li> <a href=\"https:\/\/exceladvisor.org\/pt\/soma-se-contem\/\">Soma SE a c\u00e9lula cont\u00e9m texto espec\u00edfico (texto parcial SUMIF)<\/a><\/li><li> <a href=\"https:\/\/exceladvisor.org\/pt\/sumif-ano-2\/\">Soma dos valores de acordo com o ano (Ano SUMIF)<\/a><\/li><li> <a href=\"https:\/\/exceladvisor.org\/pt\/soma-por-data\/\">SUMIF por data (soma dos valores com base em uma data)<\/a><\/li><li> <a href=\"https:\/\/exceladvisor.org\/pt\/soma-se-nao-estiver-vazio-2\/\">SUMIF n\u00e3o vazio (soma de valores para c\u00e9lulas n\u00e3o vazias)<\/a> <\/li><\/ul><\/div><\/div><div class=\"gb-grid-column gb-grid-column-5b4a0cf9\"><div class=\"gb-container gb-container-5b4a0cf9\"><\/div><\/div><\/div><\/div>","protected":false},"excerpt":{"rendered":"","protected":false},"author":1,"featured_media":0,"parent":0,"menu_order":0,"comment_status":"open","ping_status":"closed","template":"","meta":{"ub_ctt_via":"","footnotes":""},"class_list":["post-308","page","type-page","status-publish","hentry"],"featured_image_src":null,"yoast_head":"<!-- This site is optimized with the Yoast SEO plugin v25.4 - https:\/\/yoast.com\/wordpress\/plugins\/seo\/ -->\n<title>Como somar valores com base em meses no Excel?<\/title>\n<meta name=\"description\" content=\"Este tutorial vai te ensinar como escrever f\u00f3rmulas Excel para somar valores com base em meses. Vamos verificar isso\u2026\" \/>\n<meta name=\"robots\" content=\"index, follow, max-snippet:-1, max-image-preview:large, max-video-preview:-1\" \/>\n<link rel=\"canonical\" href=\"https:\/\/exceladvisor.org\/pt\/valor-por-mes\/\" \/>\n<meta property=\"og:locale\" content=\"pt_PT\" \/>\n<meta property=\"og:type\" content=\"article\" \/>\n<meta property=\"og:title\" content=\"Como somar valores com base em meses no Excel?\" \/>\n<meta property=\"og:description\" content=\"Este tutorial vai te ensinar como escrever f\u00f3rmulas Excel para somar valores com base em meses. Vamos verificar isso\u2026\" \/>\n<meta property=\"og:url\" content=\"https:\/\/exceladvisor.org\/pt\/valor-por-mes\/\" \/>\n<meta property=\"og:site_name\" content=\"Excel Advisor\" \/>\n<meta property=\"article:modified_time\" content=\"2023-12-06T11:42:19+00:00\" \/>\n<meta property=\"og:image\" content=\"https:\/\/exceladvisor.org\/wp-content\/uploads\/2023\/08\/1-somme-basee-sur-les-mois.png\" \/>\n<meta name=\"twitter:card\" content=\"summary_large_image\" \/>\n<meta name=\"twitter:label1\" content=\"Tempo estimado de leitura\" \/>\n\t<meta name=\"twitter:data1\" content=\"3 minutos\" \/>\n<script type=\"application\/ld+json\" class=\"yoast-schema-graph\">{\"@context\":\"https:\/\/schema.org\",\"@graph\":[{\"@type\":\"WebPage\",\"@id\":\"https:\/\/exceladvisor.org\/pt\/valor-por-mes\/\",\"url\":\"https:\/\/exceladvisor.org\/pt\/valor-por-mes\/\",\"name\":\"Como somar valores com base em meses no Excel?\",\"isPartOf\":{\"@id\":\"https:\/\/exceladvisor.org\/pt\/#website\"},\"primaryImageOfPage\":{\"@id\":\"https:\/\/exceladvisor.org\/pt\/valor-por-mes\/#primaryimage\"},\"image\":{\"@id\":\"https:\/\/exceladvisor.org\/pt\/valor-por-mes\/#primaryimage\"},\"thumbnailUrl\":\"https:\/\/exceladvisor.org\/wp-content\/uploads\/2023\/08\/1-somme-basee-sur-les-mois.png\",\"datePublished\":\"2023-11-05T07:04:40+00:00\",\"dateModified\":\"2023-12-06T11:42:19+00:00\",\"description\":\"Este tutorial vai te ensinar como escrever f\u00f3rmulas Excel para somar valores com base em meses. Vamos verificar isso\u2026\",\"breadcrumb\":{\"@id\":\"https:\/\/exceladvisor.org\/pt\/valor-por-mes\/#breadcrumb\"},\"inLanguage\":\"pt-PT\",\"potentialAction\":[{\"@type\":\"ReadAction\",\"target\":[\"https:\/\/exceladvisor.org\/pt\/valor-por-mes\/\"]}]},{\"@type\":\"ImageObject\",\"inLanguage\":\"pt-PT\",\"@id\":\"https:\/\/exceladvisor.org\/pt\/valor-por-mes\/#primaryimage\",\"url\":\"https:\/\/exceladvisor.org\/wp-content\/uploads\/2023\/08\/1-somme-basee-sur-les-mois.png\",\"contentUrl\":\"https:\/\/exceladvisor.org\/wp-content\/uploads\/2023\/08\/1-somme-basee-sur-les-mois.png\"},{\"@type\":\"BreadcrumbList\",\"@id\":\"https:\/\/exceladvisor.org\/pt\/valor-por-mes\/#breadcrumb\",\"itemListElement\":[{\"@type\":\"ListItem\",\"position\":1,\"name\":\"Lar\",\"item\":\"https:\/\/exceladvisor.org\/pt\/\"},{\"@type\":\"ListItem\",\"position\":2,\"name\":\"Como somar os valores de acordo com os meses?\"}]},{\"@type\":\"WebSite\",\"@id\":\"https:\/\/exceladvisor.org\/pt\/#website\",\"url\":\"https:\/\/exceladvisor.org\/pt\/\",\"name\":\"Excel Advisor\",\"description\":\"O seu guia definitivo para dominar os dados!\",\"publisher\":{\"@id\":\"https:\/\/exceladvisor.org\/pt\/#organization\"},\"potentialAction\":[{\"@type\":\"SearchAction\",\"target\":{\"@type\":\"EntryPoint\",\"urlTemplate\":\"https:\/\/exceladvisor.org\/pt\/?s={search_term_string}\"},\"query-input\":{\"@type\":\"PropertyValueSpecification\",\"valueRequired\":true,\"valueName\":\"search_term_string\"}}],\"inLanguage\":\"pt-PT\"},{\"@type\":\"Organization\",\"@id\":\"https:\/\/exceladvisor.org\/pt\/#organization\",\"name\":\"Excel Advisor\",\"url\":\"https:\/\/exceladvisor.org\/pt\/\",\"logo\":{\"@type\":\"ImageObject\",\"inLanguage\":\"pt-PT\",\"@id\":\"https:\/\/exceladvisor.org\/pt\/#\/schema\/logo\/image\/\",\"url\":\"https:\/\/exceladvisor.org\/pt\/wp-content\/uploads\/2023\/12\/exceladvisor.org_.png\",\"contentUrl\":\"https:\/\/exceladvisor.org\/pt\/wp-content\/uploads\/2023\/12\/exceladvisor.org_.png\",\"width\":105,\"height\":36,\"caption\":\"Excel Advisor\"},\"image\":{\"@id\":\"https:\/\/exceladvisor.org\/pt\/#\/schema\/logo\/image\/\"}}]}<\/script>\n<!-- \/ Yoast SEO plugin. -->","yoast_head_json":{"title":"Como somar valores com base em meses no Excel?","description":"Este tutorial vai te ensinar como escrever f\u00f3rmulas Excel para somar valores com base em meses. Vamos verificar isso\u2026","robots":{"index":"index","follow":"follow","max-snippet":"max-snippet:-1","max-image-preview":"max-image-preview:large","max-video-preview":"max-video-preview:-1"},"canonical":"https:\/\/exceladvisor.org\/pt\/valor-por-mes\/","og_locale":"pt_PT","og_type":"article","og_title":"Como somar valores com base em meses no Excel?","og_description":"Este tutorial vai te ensinar como escrever f\u00f3rmulas Excel para somar valores com base em meses. Vamos verificar isso\u2026","og_url":"https:\/\/exceladvisor.org\/pt\/valor-por-mes\/","og_site_name":"Excel Advisor","article_modified_time":"2023-12-06T11:42:19+00:00","og_image":[{"url":"https:\/\/exceladvisor.org\/wp-content\/uploads\/2023\/08\/1-somme-basee-sur-les-mois.png","type":"","width":"","height":""}],"twitter_card":"summary_large_image","twitter_misc":{"Tempo estimado de leitura":"3 minutos"},"schema":{"@context":"https:\/\/schema.org","@graph":[{"@type":"WebPage","@id":"https:\/\/exceladvisor.org\/pt\/valor-por-mes\/","url":"https:\/\/exceladvisor.org\/pt\/valor-por-mes\/","name":"Como somar valores com base em meses no Excel?","isPartOf":{"@id":"https:\/\/exceladvisor.org\/pt\/#website"},"primaryImageOfPage":{"@id":"https:\/\/exceladvisor.org\/pt\/valor-por-mes\/#primaryimage"},"image":{"@id":"https:\/\/exceladvisor.org\/pt\/valor-por-mes\/#primaryimage"},"thumbnailUrl":"https:\/\/exceladvisor.org\/wp-content\/uploads\/2023\/08\/1-somme-basee-sur-les-mois.png","datePublished":"2023-11-05T07:04:40+00:00","dateModified":"2023-12-06T11:42:19+00:00","description":"Este tutorial vai te ensinar como escrever f\u00f3rmulas Excel para somar valores com base em meses. Vamos verificar isso\u2026","breadcrumb":{"@id":"https:\/\/exceladvisor.org\/pt\/valor-por-mes\/#breadcrumb"},"inLanguage":"pt-PT","potentialAction":[{"@type":"ReadAction","target":["https:\/\/exceladvisor.org\/pt\/valor-por-mes\/"]}]},{"@type":"ImageObject","inLanguage":"pt-PT","@id":"https:\/\/exceladvisor.org\/pt\/valor-por-mes\/#primaryimage","url":"https:\/\/exceladvisor.org\/wp-content\/uploads\/2023\/08\/1-somme-basee-sur-les-mois.png","contentUrl":"https:\/\/exceladvisor.org\/wp-content\/uploads\/2023\/08\/1-somme-basee-sur-les-mois.png"},{"@type":"BreadcrumbList","@id":"https:\/\/exceladvisor.org\/pt\/valor-por-mes\/#breadcrumb","itemListElement":[{"@type":"ListItem","position":1,"name":"Lar","item":"https:\/\/exceladvisor.org\/pt\/"},{"@type":"ListItem","position":2,"name":"Como somar os valores de acordo com os meses?"}]},{"@type":"WebSite","@id":"https:\/\/exceladvisor.org\/pt\/#website","url":"https:\/\/exceladvisor.org\/pt\/","name":"Excel Advisor","description":"O seu guia definitivo para dominar os dados!","publisher":{"@id":"https:\/\/exceladvisor.org\/pt\/#organization"},"potentialAction":[{"@type":"SearchAction","target":{"@type":"EntryPoint","urlTemplate":"https:\/\/exceladvisor.org\/pt\/?s={search_term_string}"},"query-input":{"@type":"PropertyValueSpecification","valueRequired":true,"valueName":"search_term_string"}}],"inLanguage":"pt-PT"},{"@type":"Organization","@id":"https:\/\/exceladvisor.org\/pt\/#organization","name":"Excel Advisor","url":"https:\/\/exceladvisor.org\/pt\/","logo":{"@type":"ImageObject","inLanguage":"pt-PT","@id":"https:\/\/exceladvisor.org\/pt\/#\/schema\/logo\/image\/","url":"https:\/\/exceladvisor.org\/pt\/wp-content\/uploads\/2023\/12\/exceladvisor.org_.png","contentUrl":"https:\/\/exceladvisor.org\/pt\/wp-content\/uploads\/2023\/12\/exceladvisor.org_.png","width":105,"height":36,"caption":"Excel Advisor"},"image":{"@id":"https:\/\/exceladvisor.org\/pt\/#\/schema\/logo\/image\/"}}]}},"yoast_meta":{"yoast_wpseo_title":"","yoast_wpseo_metadesc":"","yoast_wpseo_canonical":""},"_links":{"self":[{"href":"https:\/\/exceladvisor.org\/pt\/wp-json\/wp\/v2\/pages\/308","targetHints":{"allow":["GET"]}}],"collection":[{"href":"https:\/\/exceladvisor.org\/pt\/wp-json\/wp\/v2\/pages"}],"about":[{"href":"https:\/\/exceladvisor.org\/pt\/wp-json\/wp\/v2\/types\/page"}],"author":[{"embeddable":true,"href":"https:\/\/exceladvisor.org\/pt\/wp-json\/wp\/v2\/users\/1"}],"replies":[{"embeddable":true,"href":"https:\/\/exceladvisor.org\/pt\/wp-json\/wp\/v2\/comments?post=308"}],"version-history":[{"count":1,"href":"https:\/\/exceladvisor.org\/pt\/wp-json\/wp\/v2\/pages\/308\/revisions"}],"predecessor-version":[{"id":1200,"href":"https:\/\/exceladvisor.org\/pt\/wp-json\/wp\/v2\/pages\/308\/revisions\/1200"}],"wp:attachment":[{"href":"https:\/\/exceladvisor.org\/pt\/wp-json\/wp\/v2\/media?parent=308"}],"curies":[{"name":"wp","href":"https:\/\/api.w.org\/{rel}","templated":true}]}}