{"id":309,"date":"2023-11-05T06:43:42","date_gmt":"2023-11-05T06:43:42","guid":{"rendered":"https:\/\/exceladvisor.org\/pt\/margem-de-lucro\/"},"modified":"2023-12-06T11:35:00","modified_gmt":"2023-12-06T11:35:00","slug":"margem-de-lucro","status":"publish","type":"page","link":"https:\/\/exceladvisor.org\/pt\/margem-de-lucro\/","title":{"rendered":"Como calcular a margem bruta no excel?"},"content":{"rendered":"<div class=\"excel-before-content-2\" id=\"excel-1245705074\"><script type=\"text\/javascript\">\r\n\tatOptions = {\r\n\t\t'key' : 'c1158f160081d6540a8409e6925dab94',\r\n\t\t'format' : 'iframe',\r\n\t\t'height' : 250,\r\n\t\t'width' : 300,\r\n\t\t'params' : {}\r\n\t};\r\n<\/script>\r\n<script type=\"text\/javascript\" src=\"\/\/www.highperformanceformat.com\/c1158f160081d6540a8409e6925dab94\/invoke.js\"><\/script><\/div><div class=\"excel-before-content\" id=\"excel-3093132552\"><script type=\"text\/javascript\">\r\n\tatOptions = {\r\n\t\t'key' : 'c1158f160081d6540a8409e6925dab94',\r\n\t\t'format' : 'iframe',\r\n\t\t'height' : 250,\r\n\t\t'width' : 300,\r\n\t\t'params' : {}\r\n\t};\r\n<\/script>\r\n<script type=\"text\/javascript\" src=\"\/\/www.highperformanceformat.com\/c1158f160081d6540a8409e6925dab94\/invoke.js\"><\/script><\/div> <p>No Excel, se voc\u00ea deseja calcular a margem bruta (taxa de margem de lucro), voc\u00ea precisa de uma f\u00f3rmula. E neste tutorial aprenderemos como escrev\u00ea-lo. <\/p><div class=\"wp-block-image\"><figure class=\"aligncenter size-full is-resized\"><img loading=\"lazy\" decoding=\"async\" class=\"wp-image-82445\" src=\"https:\/\/exceladvisor.org\/wp-content\/uploads\/2023\/08\/1-benefice-brut.png\" sizes=\"auto, \" srcset=\"\" alt=\"grande lucro\" width=\"495\" height=\"331\"><\/figure><\/div><h2 class=\"wp-block-heading\"> Escreva a f\u00f3rmula para obter o lucro bruto (margem e propor\u00e7\u00e3o)<\/h2><p> Aqui est\u00e3o as etapas para escrever esta f\u00f3rmula:<\/p><ol type=\"1\"><li> Primeiro, insira o operador igual (=) em uma c\u00e9lula e digite um par\u00eantese inicial.<\/li><li> Depois disso, consulte a c\u00e9lula B1 onde est\u00e1 o faturamento.<\/li><li> A seguir, insira o operador menos e consulte a se\u00e7\u00e3o Custos e Despesas (B2).<\/li><li> Ao final, insira o operador de divis\u00e3o e consulte novamente a c\u00e9lula de renda. E pressione Enter para obter o resultado. <\/li><\/ol><div class=\"wp-block-image\"><figure class=\"aligncenter size-full is-resized\"><img loading=\"lazy\" decoding=\"async\" class=\"wp-image-82446\" src=\"https:\/\/exceladvisor.org\/wp-content\/uploads\/2023\/08\/2-formules-pour-obtenir-un-benefice-brut.png\" sizes=\"auto, \" srcset=\"\" alt=\"f\u00f3rmula-para-obter-lucro-bruto\" width=\"480\" height=\"296\"><\/figure><\/div><p> No momento em que voc\u00ea pressiona Enter, ele retorna o percentual do lucro bruto no resultado. <\/p><div class=\"wp-block-image\"><figure class=\"aligncenter size-full is-resized\"><img loading=\"lazy\" decoding=\"async\" class=\"wp-image-82447\" src=\"https:\/\/exceladvisor.org\/wp-content\/uploads\/2023\/08\/3-benefices-bruts-generes.png\" sizes=\"auto, \" srcset=\"\" alt=\"resultado bruto\" width=\"498\" height=\"310\"><\/figure><\/div><pre class=\"wp-block-code\"> <code class=\"language-excel-formula\" lang=\"excel-formula\">=(B1-B2)\/B1 =(Revenue \u2013 Cost) \/ Revenue<\/code><\/pre><p> Voc\u00ea tamb\u00e9m pode calcular o lucro bruto em uma c\u00e9lula e a margem em outra c\u00e9lula. <\/p><div class=\"wp-block-image\"><figure class=\"aligncenter size-full is-resized\"><img loading=\"lazy\" decoding=\"async\" class=\"wp-image-82448\" src=\"https:\/\/exceladvisor.org\/wp-content\/uploads\/2023\/08\/4-benefice-brut-et-marge.png\" sizes=\"auto, \" srcset=\"\" alt=\"lucro bruto e margem\" width=\"507\" height=\"309\"><\/figure><\/div><p> No exemplo abaixo, separamos as porcentagens de lucro e margem de lucro em duas c\u00e9lulas diferentes.<\/p><h3 class=\"wp-block-heading\"> Grande lucro<\/h3><pre class=\"wp-block-code\"> <code class=\"language-excel-formula\" lang=\"excel-formula\">=Revenue \u2013 Cost =B1-B2<\/code><\/pre><h3 class=\"wp-block-heading\"> Margem bruta <\/h3><pre class=\"wp-block-code\"> <code class=\"language-excel-formula\" lang=\"excel-formula\">= Gross Profit \/ Revenue =B3\/B1<\/code><\/pre><div class=\"gb-container gb-container-52dfcee1 gb-container-sample-file\"><h2 class=\"gb-headline gb-headline-e289c143 gb-headline-text gb-headline-4f7959c2\"> Obtenha o arquivo Excel<\/h2><p> <a class=\"gb-button gb-button-e88d6bee gb-button-text gb-button-button1\" href=\"https:\/\/exceladvisor.org\/wp-content\/uploads\/2023\/11\/benefice-brut.xlsx\" rel=\"nofollow\">Download<\/a><\/p><\/div><div class=\"gb-container gb-container-0df56012 gb-container-mt\"> <a class=\"gb-button gb-button-f9f432f4 gb-button-text gb-button-mt-button\" href=\"https:\/\/exceladvisor.org\/pt\/formulas\/\">Lista de f\u00f3rmulas do Excel<\/a><h2 class=\"gb-headline gb-headline-233444e8 gb-headline-text gb-headline-mt-heading\"> F\u00f3rmulas relacionadas <\/h2><div class=\"gb-grid-wrapper gb-grid-wrapper-a16fa65c gb-grid-wrapper-mt-grid\"><div class=\"gb-grid-column gb-grid-column-50d07e0d\"><div class=\"gb-container gb-container-50d07e0d\"><ul><li> <a href=\"https:\/\/exceladvisor.org\/pt\/juros-compostos\/\">Calcule juros compostos no Excel<\/a><\/li><li> <a href=\"https:\/\/exceladvisor.org\/pt\/simples-interesse\/\">Calcule juros simples no Excel<\/a><\/li><li> <a href=\"https:\/\/exceladvisor.org\/pt\/cuba\/\">Calcular o IVA<\/a> <\/li><\/ul><\/div><\/div><div class=\"gb-grid-column gb-grid-column-5b4a0cf9\"><div class=\"gb-container gb-container-5b4a0cf9\"><\/div><\/div><\/div><\/div>","protected":false},"excerpt":{"rendered":"","protected":false},"author":1,"featured_media":0,"parent":0,"menu_order":0,"comment_status":"open","ping_status":"closed","template":"","meta":{"ub_ctt_via":"","footnotes":""},"class_list":["post-309","page","type-page","status-publish","hentry"],"featured_image_src":null,"yoast_head":"<!-- This site is optimized with the Yoast SEO plugin v25.4 - https:\/\/yoast.com\/wordpress\/plugins\/seo\/ -->\n<title>Como calcular a margem de lucro bruto no Excel?<\/title>\n<meta name=\"description\" content=\"Este tutorial se concentra em uma f\u00f3rmula do Excel para calcular a margem e o \u00edndice de lucro bruto. Vamos verificar isso...\" \/>\n<meta name=\"robots\" content=\"index, follow, max-snippet:-1, max-image-preview:large, max-video-preview:-1\" \/>\n<link rel=\"canonical\" href=\"https:\/\/exceladvisor.org\/pt\/margem-de-lucro\/\" \/>\n<meta property=\"og:locale\" content=\"pt_PT\" \/>\n<meta property=\"og:type\" content=\"article\" \/>\n<meta property=\"og:title\" content=\"Como calcular a margem de lucro bruto no Excel?\" \/>\n<meta property=\"og:description\" content=\"Este tutorial se concentra em uma f\u00f3rmula do Excel para calcular a margem e o \u00edndice de lucro bruto. Vamos verificar isso...\" \/>\n<meta property=\"og:url\" content=\"https:\/\/exceladvisor.org\/pt\/margem-de-lucro\/\" \/>\n<meta property=\"og:site_name\" content=\"Excel Advisor\" \/>\n<meta property=\"article:modified_time\" content=\"2023-12-06T11:35:00+00:00\" \/>\n<meta property=\"og:image\" content=\"https:\/\/exceladvisor.org\/wp-content\/uploads\/2023\/08\/1-benefice-brut.png\" \/>\n<meta name=\"twitter:card\" content=\"summary_large_image\" \/>\n<meta name=\"twitter:label1\" content=\"Tempo estimado de leitura\" \/>\n\t<meta name=\"twitter:data1\" content=\"1 minuto\" \/>\n<script type=\"application\/ld+json\" class=\"yoast-schema-graph\">{\"@context\":\"https:\/\/schema.org\",\"@graph\":[{\"@type\":\"WebPage\",\"@id\":\"https:\/\/exceladvisor.org\/pt\/margem-de-lucro\/\",\"url\":\"https:\/\/exceladvisor.org\/pt\/margem-de-lucro\/\",\"name\":\"Como calcular a margem de lucro bruto no Excel?\",\"isPartOf\":{\"@id\":\"https:\/\/exceladvisor.org\/pt\/#website\"},\"primaryImageOfPage\":{\"@id\":\"https:\/\/exceladvisor.org\/pt\/margem-de-lucro\/#primaryimage\"},\"image\":{\"@id\":\"https:\/\/exceladvisor.org\/pt\/margem-de-lucro\/#primaryimage\"},\"thumbnailUrl\":\"https:\/\/exceladvisor.org\/wp-content\/uploads\/2023\/08\/1-benefice-brut.png\",\"datePublished\":\"2023-11-05T06:43:42+00:00\",\"dateModified\":\"2023-12-06T11:35:00+00:00\",\"description\":\"Este tutorial se concentra em uma f\u00f3rmula do Excel para calcular a margem e o \u00edndice de lucro bruto. Vamos verificar isso...\",\"breadcrumb\":{\"@id\":\"https:\/\/exceladvisor.org\/pt\/margem-de-lucro\/#breadcrumb\"},\"inLanguage\":\"pt-PT\",\"potentialAction\":[{\"@type\":\"ReadAction\",\"target\":[\"https:\/\/exceladvisor.org\/pt\/margem-de-lucro\/\"]}]},{\"@type\":\"ImageObject\",\"inLanguage\":\"pt-PT\",\"@id\":\"https:\/\/exceladvisor.org\/pt\/margem-de-lucro\/#primaryimage\",\"url\":\"https:\/\/exceladvisor.org\/wp-content\/uploads\/2023\/08\/1-benefice-brut.png\",\"contentUrl\":\"https:\/\/exceladvisor.org\/wp-content\/uploads\/2023\/08\/1-benefice-brut.png\"},{\"@type\":\"BreadcrumbList\",\"@id\":\"https:\/\/exceladvisor.org\/pt\/margem-de-lucro\/#breadcrumb\",\"itemListElement\":[{\"@type\":\"ListItem\",\"position\":1,\"name\":\"Lar\",\"item\":\"https:\/\/exceladvisor.org\/pt\/\"},{\"@type\":\"ListItem\",\"position\":2,\"name\":\"Como calcular a margem bruta no excel?\"}]},{\"@type\":\"WebSite\",\"@id\":\"https:\/\/exceladvisor.org\/pt\/#website\",\"url\":\"https:\/\/exceladvisor.org\/pt\/\",\"name\":\"Excel Advisor\",\"description\":\"O seu guia definitivo para dominar os dados!\",\"publisher\":{\"@id\":\"https:\/\/exceladvisor.org\/pt\/#organization\"},\"potentialAction\":[{\"@type\":\"SearchAction\",\"target\":{\"@type\":\"EntryPoint\",\"urlTemplate\":\"https:\/\/exceladvisor.org\/pt\/?s={search_term_string}\"},\"query-input\":{\"@type\":\"PropertyValueSpecification\",\"valueRequired\":true,\"valueName\":\"search_term_string\"}}],\"inLanguage\":\"pt-PT\"},{\"@type\":\"Organization\",\"@id\":\"https:\/\/exceladvisor.org\/pt\/#organization\",\"name\":\"Excel Advisor\",\"url\":\"https:\/\/exceladvisor.org\/pt\/\",\"logo\":{\"@type\":\"ImageObject\",\"inLanguage\":\"pt-PT\",\"@id\":\"https:\/\/exceladvisor.org\/pt\/#\/schema\/logo\/image\/\",\"url\":\"https:\/\/exceladvisor.org\/pt\/wp-content\/uploads\/2023\/12\/exceladvisor.org_.png\",\"contentUrl\":\"https:\/\/exceladvisor.org\/pt\/wp-content\/uploads\/2023\/12\/exceladvisor.org_.png\",\"width\":105,\"height\":36,\"caption\":\"Excel Advisor\"},\"image\":{\"@id\":\"https:\/\/exceladvisor.org\/pt\/#\/schema\/logo\/image\/\"}}]}<\/script>\n<!-- \/ Yoast SEO plugin. -->","yoast_head_json":{"title":"Como calcular a margem de lucro bruto no Excel?","description":"Este tutorial se concentra em uma f\u00f3rmula do Excel para calcular a margem e o \u00edndice de lucro bruto. Vamos verificar isso...","robots":{"index":"index","follow":"follow","max-snippet":"max-snippet:-1","max-image-preview":"max-image-preview:large","max-video-preview":"max-video-preview:-1"},"canonical":"https:\/\/exceladvisor.org\/pt\/margem-de-lucro\/","og_locale":"pt_PT","og_type":"article","og_title":"Como calcular a margem de lucro bruto no Excel?","og_description":"Este tutorial se concentra em uma f\u00f3rmula do Excel para calcular a margem e o \u00edndice de lucro bruto. Vamos verificar isso...","og_url":"https:\/\/exceladvisor.org\/pt\/margem-de-lucro\/","og_site_name":"Excel Advisor","article_modified_time":"2023-12-06T11:35:00+00:00","og_image":[{"url":"https:\/\/exceladvisor.org\/wp-content\/uploads\/2023\/08\/1-benefice-brut.png","type":"","width":"","height":""}],"twitter_card":"summary_large_image","twitter_misc":{"Tempo estimado de leitura":"1 minuto"},"schema":{"@context":"https:\/\/schema.org","@graph":[{"@type":"WebPage","@id":"https:\/\/exceladvisor.org\/pt\/margem-de-lucro\/","url":"https:\/\/exceladvisor.org\/pt\/margem-de-lucro\/","name":"Como calcular a margem de lucro bruto no Excel?","isPartOf":{"@id":"https:\/\/exceladvisor.org\/pt\/#website"},"primaryImageOfPage":{"@id":"https:\/\/exceladvisor.org\/pt\/margem-de-lucro\/#primaryimage"},"image":{"@id":"https:\/\/exceladvisor.org\/pt\/margem-de-lucro\/#primaryimage"},"thumbnailUrl":"https:\/\/exceladvisor.org\/wp-content\/uploads\/2023\/08\/1-benefice-brut.png","datePublished":"2023-11-05T06:43:42+00:00","dateModified":"2023-12-06T11:35:00+00:00","description":"Este tutorial se concentra em uma f\u00f3rmula do Excel para calcular a margem e o \u00edndice de lucro bruto. Vamos verificar isso...","breadcrumb":{"@id":"https:\/\/exceladvisor.org\/pt\/margem-de-lucro\/#breadcrumb"},"inLanguage":"pt-PT","potentialAction":[{"@type":"ReadAction","target":["https:\/\/exceladvisor.org\/pt\/margem-de-lucro\/"]}]},{"@type":"ImageObject","inLanguage":"pt-PT","@id":"https:\/\/exceladvisor.org\/pt\/margem-de-lucro\/#primaryimage","url":"https:\/\/exceladvisor.org\/wp-content\/uploads\/2023\/08\/1-benefice-brut.png","contentUrl":"https:\/\/exceladvisor.org\/wp-content\/uploads\/2023\/08\/1-benefice-brut.png"},{"@type":"BreadcrumbList","@id":"https:\/\/exceladvisor.org\/pt\/margem-de-lucro\/#breadcrumb","itemListElement":[{"@type":"ListItem","position":1,"name":"Lar","item":"https:\/\/exceladvisor.org\/pt\/"},{"@type":"ListItem","position":2,"name":"Como calcular a margem bruta no excel?"}]},{"@type":"WebSite","@id":"https:\/\/exceladvisor.org\/pt\/#website","url":"https:\/\/exceladvisor.org\/pt\/","name":"Excel Advisor","description":"O seu guia definitivo para dominar os dados!","publisher":{"@id":"https:\/\/exceladvisor.org\/pt\/#organization"},"potentialAction":[{"@type":"SearchAction","target":{"@type":"EntryPoint","urlTemplate":"https:\/\/exceladvisor.org\/pt\/?s={search_term_string}"},"query-input":{"@type":"PropertyValueSpecification","valueRequired":true,"valueName":"search_term_string"}}],"inLanguage":"pt-PT"},{"@type":"Organization","@id":"https:\/\/exceladvisor.org\/pt\/#organization","name":"Excel Advisor","url":"https:\/\/exceladvisor.org\/pt\/","logo":{"@type":"ImageObject","inLanguage":"pt-PT","@id":"https:\/\/exceladvisor.org\/pt\/#\/schema\/logo\/image\/","url":"https:\/\/exceladvisor.org\/pt\/wp-content\/uploads\/2023\/12\/exceladvisor.org_.png","contentUrl":"https:\/\/exceladvisor.org\/pt\/wp-content\/uploads\/2023\/12\/exceladvisor.org_.png","width":105,"height":36,"caption":"Excel Advisor"},"image":{"@id":"https:\/\/exceladvisor.org\/pt\/#\/schema\/logo\/image\/"}}]}},"yoast_meta":{"yoast_wpseo_title":"","yoast_wpseo_metadesc":"","yoast_wpseo_canonical":""},"_links":{"self":[{"href":"https:\/\/exceladvisor.org\/pt\/wp-json\/wp\/v2\/pages\/309","targetHints":{"allow":["GET"]}}],"collection":[{"href":"https:\/\/exceladvisor.org\/pt\/wp-json\/wp\/v2\/pages"}],"about":[{"href":"https:\/\/exceladvisor.org\/pt\/wp-json\/wp\/v2\/types\/page"}],"author":[{"embeddable":true,"href":"https:\/\/exceladvisor.org\/pt\/wp-json\/wp\/v2\/users\/1"}],"replies":[{"embeddable":true,"href":"https:\/\/exceladvisor.org\/pt\/wp-json\/wp\/v2\/comments?post=309"}],"version-history":[{"count":1,"href":"https:\/\/exceladvisor.org\/pt\/wp-json\/wp\/v2\/pages\/309\/revisions"}],"predecessor-version":[{"id":870,"href":"https:\/\/exceladvisor.org\/pt\/wp-json\/wp\/v2\/pages\/309\/revisions\/870"}],"wp:attachment":[{"href":"https:\/\/exceladvisor.org\/pt\/wp-json\/wp\/v2\/media?parent=309"}],"curies":[{"name":"wp","href":"https:\/\/api.w.org\/{rel}","templated":true}]}}