{"id":31,"date":"2023-11-20T01:22:18","date_gmt":"2023-11-20T01:22:18","guid":{"rendered":"https:\/\/exceladvisor.org\/pt\/sobre\/"},"modified":"2023-12-06T11:52:16","modified_gmt":"2023-12-06T11:52:16","slug":"sobre","status":"publish","type":"page","link":"https:\/\/exceladvisor.org\/pt\/sobre\/","title":{"rendered":"Sobre n\u00f3s"},"content":{"rendered":"<div class=\"excel-before-content-2\" id=\"excel-2769898885\"><script type=\"text\/javascript\">\r\n\tatOptions = {\r\n\t\t'key' : 'c1158f160081d6540a8409e6925dab94',\r\n\t\t'format' : 'iframe',\r\n\t\t'height' : 250,\r\n\t\t'width' : 300,\r\n\t\t'params' : {}\r\n\t};\r\n<\/script>\r\n<script type=\"text\/javascript\" src=\"\/\/www.highperformanceformat.com\/c1158f160081d6540a8409e6925dab94\/invoke.js\"><\/script><\/div><div class=\"excel-before-content\" id=\"excel-131500175\"><script type=\"text\/javascript\">\r\n\tatOptions = {\r\n\t\t'key' : 'c1158f160081d6540a8409e6925dab94',\r\n\t\t'format' : 'iframe',\r\n\t\t'height' : 250,\r\n\t\t'width' : 300,\r\n\t\t'params' : {}\r\n\t};\r\n<\/script>\r\n<script type=\"text\/javascript\" src=\"\/\/www.highperformanceformat.com\/c1158f160081d6540a8409e6925dab94\/invoke.js\"><\/script><\/div> <p>Bem-vindo ao Excel Advisor, seu destino preferido para desbloquear todo o potencial do Microsoft Excel e do Planilhas Google. Quer voc\u00ea seja um iniciante em busca de mergulhar no mundo do Excel ou um profissional experiente em busca de aprimorar suas habilidades, estamos aqui para orient\u00e1-lo em cada etapa do caminho.<\/p><h2> <strong>Quem somos n\u00f3s?<\/strong><\/h2><p> Somos uma equipe de entusiastas do Excel empenhados em ajud\u00e1-lo a aproveitar todo o potencial dessas ferramentas vers\u00e1teis. Com anos de experi\u00eancia em an\u00e1lise de dados, modelagem financeira, gerenciamento de projetos e muito mais; Estamos empenhados em simplificar conceitos complexos para alunos de todos os n\u00edveis.<\/p><h2> <strong>O que n\u00f3s oferecemos:<\/strong><\/h2><p> <strong>1.<\/strong> <strong>Dicas e truques de especialistas<\/strong> : nossa equipe dedicada e experiente vasculha o vasto dom\u00ednio do Excel e do Planilhas Google para trazer a voc\u00ea as melhores e mais recentes dicas. Desde atalhos que economizam tempo at\u00e9 f\u00f3rmulas m\u00e1gicas avan\u00e7adas, n\u00f3s ajudamos voc\u00ea.<\/p><p> <strong>2. Tutoriais detalhados<\/strong> : mergulhe profundamente nos recursos dessas ferramentas poderosas com nossos tutoriais abrangentes. Aprenda como criar gr\u00e1ficos din\u00e2micos, realizar c\u00e1lculos complexos e automatizar tarefas para aumentar sua efici\u00eancia.<\/p><p> <strong>3. Exemplos pr\u00e1ticos<\/strong> : Compreender os conceitos \u00e9 essencial, mas v\u00ea-los em a\u00e7\u00e3o \u00e9 onde a verdadeira magia acontece. Fornecemos exemplos pr\u00e1ticos que ilustram como voc\u00ea pode aplicar diversas dicas a cen\u00e1rios do mundo real.<\/p><p> <strong>4. Compara\u00e7\u00f5es de produtos<\/strong> : N\u00e3o tem certeza se o Excel ou o Planilhas Google s\u00e3o os melhores para suas necessidades? Fornecemos compara\u00e7\u00f5es imparciais, destacando os pontos fortes de cada plataforma, para que voc\u00ea possa tomar decis\u00f5es informadas.<\/p><p> <strong>5. Insights do setor<\/strong> : mantenha-se atualizado com as \u00faltimas tend\u00eancias e avan\u00e7os em tecnologia de planilhas. Nossos artigos abordam recursos emergentes, atualiza\u00e7\u00f5es e pr\u00e1ticas recomendadas para ajud\u00e1-lo a se manter \u00e0 frente da concorr\u00eancia.<\/p><p> Se desejar que criemos um script ou desenvolvimento personalizado, n\u00e3o hesite em <a href=\"https:\/\/exceladvisor.org\/pt\/contate-nos\/\">nos contatar<\/a> . Vamos melhorar seu jogo de planilhas, uma dica de cada vez!<\/p>","protected":false},"excerpt":{"rendered":"","protected":false},"author":1,"featured_media":0,"parent":0,"menu_order":0,"comment_status":"closed","ping_status":"closed","template":"","meta":{"ub_ctt_via":"","footnotes":""},"class_list":["post-31","page","type-page","status-publish","hentry"],"featured_image_src":null,"yoast_head":"<!-- This site is optimized with the Yoast SEO plugin v25.4 - https:\/\/yoast.com\/wordpress\/plugins\/seo\/ -->\n<title>Sobre n\u00f3s - Excel Advisor<\/title>\n<meta name=\"description\" content=\"Com anos de experi\u00eancia em an\u00e1lise de dados, modelagem financeira, gerenciamento de projetos e muito mais; O Consultor Excel \u00e9\" \/>\n<meta name=\"robots\" content=\"index, follow, max-snippet:-1, max-image-preview:large, max-video-preview:-1\" \/>\n<link rel=\"canonical\" href=\"https:\/\/exceladvisor.org\/pt\/sobre\/\" \/>\n<meta property=\"og:locale\" content=\"pt_PT\" \/>\n<meta property=\"og:type\" content=\"article\" \/>\n<meta property=\"og:title\" content=\"Sobre n\u00f3s - Excel Advisor\" \/>\n<meta property=\"og:description\" content=\"Com anos de experi\u00eancia em an\u00e1lise de dados, modelagem financeira, gerenciamento de projetos e muito mais; O Consultor Excel \u00e9\" \/>\n<meta property=\"og:url\" content=\"https:\/\/exceladvisor.org\/pt\/sobre\/\" \/>\n<meta property=\"og:site_name\" content=\"Excel Advisor\" \/>\n<meta property=\"article:modified_time\" content=\"2023-12-06T11:52:16+00:00\" \/>\n<meta name=\"twitter:card\" content=\"summary_large_image\" \/>\n<meta name=\"twitter:label1\" content=\"Tempo estimado de leitura\" \/>\n\t<meta name=\"twitter:data1\" content=\"2 minutos\" \/>\n<script type=\"application\/ld+json\" class=\"yoast-schema-graph\">{\"@context\":\"https:\/\/schema.org\",\"@graph\":[{\"@type\":\"WebPage\",\"@id\":\"https:\/\/exceladvisor.org\/pt\/sobre\/\",\"url\":\"https:\/\/exceladvisor.org\/pt\/sobre\/\",\"name\":\"Sobre n\u00f3s - Excel Advisor\",\"isPartOf\":{\"@id\":\"https:\/\/exceladvisor.org\/pt\/#website\"},\"datePublished\":\"2023-11-20T01:22:18+00:00\",\"dateModified\":\"2023-12-06T11:52:16+00:00\",\"description\":\"Com anos de experi\u00eancia em an\u00e1lise de dados, modelagem financeira, gerenciamento de projetos e muito mais; O Consultor Excel \u00e9\",\"breadcrumb\":{\"@id\":\"https:\/\/exceladvisor.org\/pt\/sobre\/#breadcrumb\"},\"inLanguage\":\"pt-PT\",\"potentialAction\":[{\"@type\":\"ReadAction\",\"target\":[\"https:\/\/exceladvisor.org\/pt\/sobre\/\"]}]},{\"@type\":\"BreadcrumbList\",\"@id\":\"https:\/\/exceladvisor.org\/pt\/sobre\/#breadcrumb\",\"itemListElement\":[{\"@type\":\"ListItem\",\"position\":1,\"name\":\"Lar\",\"item\":\"https:\/\/exceladvisor.org\/pt\/\"},{\"@type\":\"ListItem\",\"position\":2,\"name\":\"Sobre n\u00f3s\"}]},{\"@type\":\"WebSite\",\"@id\":\"https:\/\/exceladvisor.org\/pt\/#website\",\"url\":\"https:\/\/exceladvisor.org\/pt\/\",\"name\":\"Excel Advisor\",\"description\":\"O seu guia definitivo para dominar os dados!\",\"publisher\":{\"@id\":\"https:\/\/exceladvisor.org\/pt\/#organization\"},\"potentialAction\":[{\"@type\":\"SearchAction\",\"target\":{\"@type\":\"EntryPoint\",\"urlTemplate\":\"https:\/\/exceladvisor.org\/pt\/?s={search_term_string}\"},\"query-input\":{\"@type\":\"PropertyValueSpecification\",\"valueRequired\":true,\"valueName\":\"search_term_string\"}}],\"inLanguage\":\"pt-PT\"},{\"@type\":\"Organization\",\"@id\":\"https:\/\/exceladvisor.org\/pt\/#organization\",\"name\":\"Excel Advisor\",\"url\":\"https:\/\/exceladvisor.org\/pt\/\",\"logo\":{\"@type\":\"ImageObject\",\"inLanguage\":\"pt-PT\",\"@id\":\"https:\/\/exceladvisor.org\/pt\/#\/schema\/logo\/image\/\",\"url\":\"https:\/\/exceladvisor.org\/pt\/wp-content\/uploads\/2023\/12\/exceladvisor.org_.png\",\"contentUrl\":\"https:\/\/exceladvisor.org\/pt\/wp-content\/uploads\/2023\/12\/exceladvisor.org_.png\",\"width\":105,\"height\":36,\"caption\":\"Excel Advisor\"},\"image\":{\"@id\":\"https:\/\/exceladvisor.org\/pt\/#\/schema\/logo\/image\/\"}}]}<\/script>\n<!-- \/ Yoast SEO plugin. -->","yoast_head_json":{"title":"Sobre n\u00f3s - Excel Advisor","description":"Com anos de experi\u00eancia em an\u00e1lise de dados, modelagem financeira, gerenciamento de projetos e muito mais; O Consultor Excel \u00e9","robots":{"index":"index","follow":"follow","max-snippet":"max-snippet:-1","max-image-preview":"max-image-preview:large","max-video-preview":"max-video-preview:-1"},"canonical":"https:\/\/exceladvisor.org\/pt\/sobre\/","og_locale":"pt_PT","og_type":"article","og_title":"Sobre n\u00f3s - Excel Advisor","og_description":"Com anos de experi\u00eancia em an\u00e1lise de dados, modelagem financeira, gerenciamento de projetos e muito mais; O Consultor Excel \u00e9","og_url":"https:\/\/exceladvisor.org\/pt\/sobre\/","og_site_name":"Excel Advisor","article_modified_time":"2023-12-06T11:52:16+00:00","twitter_card":"summary_large_image","twitter_misc":{"Tempo estimado de leitura":"2 minutos"},"schema":{"@context":"https:\/\/schema.org","@graph":[{"@type":"WebPage","@id":"https:\/\/exceladvisor.org\/pt\/sobre\/","url":"https:\/\/exceladvisor.org\/pt\/sobre\/","name":"Sobre n\u00f3s - Excel Advisor","isPartOf":{"@id":"https:\/\/exceladvisor.org\/pt\/#website"},"datePublished":"2023-11-20T01:22:18+00:00","dateModified":"2023-12-06T11:52:16+00:00","description":"Com anos de experi\u00eancia em an\u00e1lise de dados, modelagem financeira, gerenciamento de projetos e muito mais; O Consultor Excel \u00e9","breadcrumb":{"@id":"https:\/\/exceladvisor.org\/pt\/sobre\/#breadcrumb"},"inLanguage":"pt-PT","potentialAction":[{"@type":"ReadAction","target":["https:\/\/exceladvisor.org\/pt\/sobre\/"]}]},{"@type":"BreadcrumbList","@id":"https:\/\/exceladvisor.org\/pt\/sobre\/#breadcrumb","itemListElement":[{"@type":"ListItem","position":1,"name":"Lar","item":"https:\/\/exceladvisor.org\/pt\/"},{"@type":"ListItem","position":2,"name":"Sobre n\u00f3s"}]},{"@type":"WebSite","@id":"https:\/\/exceladvisor.org\/pt\/#website","url":"https:\/\/exceladvisor.org\/pt\/","name":"Excel Advisor","description":"O seu guia definitivo para dominar os dados!","publisher":{"@id":"https:\/\/exceladvisor.org\/pt\/#organization"},"potentialAction":[{"@type":"SearchAction","target":{"@type":"EntryPoint","urlTemplate":"https:\/\/exceladvisor.org\/pt\/?s={search_term_string}"},"query-input":{"@type":"PropertyValueSpecification","valueRequired":true,"valueName":"search_term_string"}}],"inLanguage":"pt-PT"},{"@type":"Organization","@id":"https:\/\/exceladvisor.org\/pt\/#organization","name":"Excel Advisor","url":"https:\/\/exceladvisor.org\/pt\/","logo":{"@type":"ImageObject","inLanguage":"pt-PT","@id":"https:\/\/exceladvisor.org\/pt\/#\/schema\/logo\/image\/","url":"https:\/\/exceladvisor.org\/pt\/wp-content\/uploads\/2023\/12\/exceladvisor.org_.png","contentUrl":"https:\/\/exceladvisor.org\/pt\/wp-content\/uploads\/2023\/12\/exceladvisor.org_.png","width":105,"height":36,"caption":"Excel Advisor"},"image":{"@id":"https:\/\/exceladvisor.org\/pt\/#\/schema\/logo\/image\/"}}]}},"yoast_meta":{"yoast_wpseo_title":"","yoast_wpseo_metadesc":"","yoast_wpseo_canonical":""},"_links":{"self":[{"href":"https:\/\/exceladvisor.org\/pt\/wp-json\/wp\/v2\/pages\/31","targetHints":{"allow":["GET"]}}],"collection":[{"href":"https:\/\/exceladvisor.org\/pt\/wp-json\/wp\/v2\/pages"}],"about":[{"href":"https:\/\/exceladvisor.org\/pt\/wp-json\/wp\/v2\/types\/page"}],"author":[{"embeddable":true,"href":"https:\/\/exceladvisor.org\/pt\/wp-json\/wp\/v2\/users\/1"}],"replies":[{"embeddable":true,"href":"https:\/\/exceladvisor.org\/pt\/wp-json\/wp\/v2\/comments?post=31"}],"version-history":[{"count":1,"href":"https:\/\/exceladvisor.org\/pt\/wp-json\/wp\/v2\/pages\/31\/revisions"}],"predecessor-version":[{"id":1336,"href":"https:\/\/exceladvisor.org\/pt\/wp-json\/wp\/v2\/pages\/31\/revisions\/1336"}],"wp:attachment":[{"href":"https:\/\/exceladvisor.org\/pt\/wp-json\/wp\/v2\/media?parent=31"}],"curies":[{"name":"wp","href":"https:\/\/api.w.org\/{rel}","templated":true}]}}