{"id":312,"date":"2023-11-05T01:44:39","date_gmt":"2023-11-05T01:44:39","guid":{"rendered":"https:\/\/exceladvisor.org\/pt\/verificar-se-existe-um-valor-em-um-intervalo\/"},"modified":"2023-12-06T11:50:26","modified_gmt":"2023-12-06T11:50:26","slug":"verificar-se-existe-um-valor-em-um-intervalo","status":"publish","type":"page","link":"https:\/\/exceladvisor.org\/pt\/verificar-se-existe-um-valor-em-um-intervalo\/","title":{"rendered":"Como verificar se existe um valor em um intervalo?"},"content":{"rendered":"<div class=\"excel-before-content-2\" id=\"excel-741857749\"><script type=\"text\/javascript\">\r\n\tatOptions = {\r\n\t\t'key' : 'c1158f160081d6540a8409e6925dab94',\r\n\t\t'format' : 'iframe',\r\n\t\t'height' : 250,\r\n\t\t'width' : 300,\r\n\t\t'params' : {}\r\n\t};\r\n<\/script>\r\n<script type=\"text\/javascript\" src=\"\/\/www.highperformanceformat.com\/c1158f160081d6540a8409e6925dab94\/invoke.js\"><\/script><\/div><div class=\"excel-before-content\" id=\"excel-1103372150\"><script type=\"text\/javascript\">\r\n\tatOptions = {\r\n\t\t'key' : 'c1158f160081d6540a8409e6925dab94',\r\n\t\t'format' : 'iframe',\r\n\t\t'height' : 250,\r\n\t\t'width' : 300,\r\n\t\t'params' : {}\r\n\t};\r\n<\/script>\r\n<script type=\"text\/javascript\" src=\"\/\/www.highperformanceformat.com\/c1158f160081d6540a8409e6925dab94\/invoke.js\"><\/script><\/div> <p>No Excel, para verificar se existe ou n\u00e3o um valor em um intervalo, voc\u00ea pode usar a fun\u00e7\u00e3o CONT.SE, junto com a fun\u00e7\u00e3o SE. Com CONT.SE voc\u00ea pode verificar o valor e com SE voc\u00ea pode retornar um valor de resultado para mostrar ao usu\u00e1rio. isto \u00e9, sim ou n\u00e3o, encontrado ou n\u00e3o encontrado.<\/p><h2 id=\"h-check-for-a-value-in-a-range\" class=\"wp-block-heading\"> Encontre um valor em um intervalo<\/h2><p> No exemplo a seguir, voc\u00ea tem uma lista de nomes onde s\u00f3 existem os primeiros nomes, e agora voc\u00ea precisa verificar se &#8220;GLEN&#8221; existe ou n\u00e3o. <\/p><div class=\"wp-block-image\"><figure class=\"aligncenter size-full is-resized\"><img loading=\"lazy\" decoding=\"async\" class=\"wp-image-67089\" src=\"https:\/\/exceladvisor.org\/wp-content\/uploads\/2023\/08\/1-liste-de-noms.png\" sizes=\"auto, \" srcset=\"\" alt=\"lista de nomes\" width=\"268\" height=\"296\"><\/figure><\/div><p> Voc\u00ea pode usar as seguintes etapas:<\/p><ol><li> Primeiro, voc\u00ea precisa inserir a fun\u00e7\u00e3o SE na c\u00e9lula B1. <br><img loading=\"lazy\" decoding=\"async\" title=\"2-enter-fun\u00e7\u00e3o-se\" src=\"https:\/\/exceladvisor.org\/wp-content\/uploads\/2023\/08\/2-entrez-la-fonction-if.png\" sizes=\"auto, \" srcset=\"\" alt=\"enter-the-if-function\" width=\"538\" height=\"173\"><\/li><li> Depois disso, no primeiro argumento (teste l\u00f3gico), \u00e9 necess\u00e1rio inserir a fun\u00e7\u00e3o CONT.SE. <br><img loading=\"lazy\" decoding=\"async\" title=\"3-insira-conta-se-fun\u00e7\u00e3o\" src=\"https:\/\/exceladvisor.org\/wp-content\/uploads\/2023\/08\/3-entrer-le-decompte-si-la-fonction.png\" sizes=\"auto, \" srcset=\"\" alt=\"enter-the-count-if-function\" width=\"481\" height=\"177\"><\/li><li> Agora na fun\u00e7\u00e3o CONT.SE, consulte o intervalo A1:A10. <br><img loading=\"lazy\" decoding=\"async\" title=\"4-consulte-um-intervalo\" src=\"https:\/\/exceladvisor.org\/wp-content\/uploads\/2023\/08\/4-font-reference-a-une-gamme.png\" sizes=\"auto, \" srcset=\"\" alt=\"refer-to-a-range\" width=\"533\" height=\"172\"><\/li><li> Em seguida, no argumento de crit\u00e9rios, insira \u201cGlen\u201d e feche os par\u00eanteses da fun\u00e7\u00e3o CONT.SE. <br><img loading=\"lazy\" decoding=\"async\" title=\"5-fechar-as-pr\u00e9teses\" src=\"https:\/\/exceladvisor.org\/wp-content\/uploads\/2023\/08\/5-fermer-les-parentheses.png\" sizes=\"auto, \" srcset=\"\" alt=\"close-the-prentheses\" width=\"534\" height=\"190\"><\/li><li> Al\u00e9m disso, use um sinal de maior que e insira um zero. <br><img loading=\"lazy\" decoding=\"async\" title=\"6-use-maior-que-sinal\" src=\"https:\/\/exceladvisor.org\/wp-content\/uploads\/2023\/08\/6-utiliser-le-signe-superieur-a.png\" sizes=\"auto, \" srcset=\"\" alt=\"use-greater-than-sign\" width=\"559\" height=\"192\"><\/li><li> A partir da\u00ed, digite um comando para passar para o pr\u00f3ximo argumento em IF e digite \u201cSim\u201d no segundo argumento. <br><img loading=\"lazy\" decoding=\"async\" title=\"7-pr\u00f3ximo-argumento-em-se\" src=\"https:\/\/exceladvisor.org\/wp-content\/uploads\/2023\/08\/7-argument-suivant-dans-if.png\" sizes=\"auto, \" srcset=\"\" alt=\"next-argument-in-if\" width=\"638\" height=\"177\"><\/li><li> No final, insira uma v\u00edrgula e digite \u201cN\u00e3o\u201d no terceiro argumento e digite os par\u00eanteses de fechamento. <br><img loading=\"lazy\" decoding=\"async\" title=\"8-digite as pegadinhas de encerramento\" src=\"https:\/\/exceladvisor.org\/wp-content\/uploads\/2023\/08\/8-tapez-les-parentheses-finales.png\" sizes=\"auto, \" srcset=\"\" alt=\"type-the-closing-prantheses\" width=\"635\" height=\"188\"><\/li><\/ol><p> No momento em que voc\u00ea pressiona Enter, ele retorna \u201cSim\u201d porque voc\u00ea tem o valor no intervalo que pesquisou. <\/p><div class=\"wp-block-image\"><figure class=\"aligncenter size-full is-resized\"><img loading=\"lazy\" decoding=\"async\" class=\"wp-image-67097\" src=\"https:\/\/exceladvisor.org\/wp-content\/uploads\/2023\/08\/9-renvoie-la-valeur.png\" sizes=\"auto, \" srcset=\"\" alt=\"valor de retorno\" width=\"530\" height=\"311\"><\/figure><\/div><pre class=\"wp-block-code\"> <code class=\"language-excel-formula\" lang=\"excel-formula\">=IF(COUNTIF(A1:A10,\"Glen\")&gt;0,\"Yes\",\"No\")<\/code><\/pre><p> <em>voc\u00ea quer saber mais? Confira estes cursos gratuitos: 50 f\u00f3rmulas do Excel para se tornar mais inteligente que seus colegas<\/em><\/p><h2 id=\"h-how-this-formula-works\" class=\"wp-block-heading\"> Como funciona essa f\u00f3rmula?<\/h2><p> Esta f\u00f3rmula tem duas partes. <\/p><div class=\"wp-block-image\"><figure class=\"aligncenter size-full is-resized\"><img loading=\"lazy\" decoding=\"async\" class=\"wp-image-67098\" src=\"https:\/\/exceladvisor.org\/wp-content\/uploads\/2023\/08\/10-si-countif-formule.png\" sizes=\"auto, \" srcset=\"\" alt=\"f\u00f3rmula if-countif\" width=\"583\" height=\"128\"><\/figure><\/div><p> Na primeira parte temos CONT.SE, que conta a ocorr\u00eancia do valor no intervalo. E na segunda parte voc\u00ea tem a fun\u00e7\u00e3o SE que assume os valores da fun\u00e7\u00e3o CONT.SE.<\/p><p> Portanto, se CONT.SE retornar um valor maior que o que significa que o valor est\u00e1 dentro do intervalo, SE retornar\u00e1 Sim. E se CONT.SE retornar 0, isso significa que o valor n\u00e3o est\u00e1 no intervalo e retorna N\u00e3o.<\/p><h2 id=\"h-check-for-a-value-in-a-range-partially\" class=\"wp-block-heading\"> Pesquisar parcialmente um valor em um intervalo<\/h2><p> Existe uma situa\u00e7\u00e3o em que voc\u00ea deseja verificar o valor parcial de um intervalo. Neste caso, deve-se utilizar curingas (asterisco *).<\/p><p> No exemplo a seguir temos a mesma lista de nomes, mas aqui est\u00e1 o nome completo. Mas ainda temos que procurar o nome \u201cGlen\u201d. <\/p><div class=\"wp-block-image\"><figure class=\"aligncenter size-full is-resized\"><img loading=\"lazy\" decoding=\"async\" class=\"wp-image-67099\" src=\"https:\/\/exceladvisor.org\/wp-content\/uploads\/2023\/08\/11-verifier-la-valeur-dans-la-plage-partiellement.png\" sizes=\"auto, \" srcset=\"\" alt=\"verificar valor no intervalo parcialmente\" width=\"407\" height=\"341\"><\/figure><\/div><p> O valor que voc\u00ea deseja pesquisar deve estar rodeado por um asterisco, que usamos no exemplo acima. Isso diz ao Excel para verificar o valor \u201cGlen\u201d, independentemente do que est\u00e1 antes e depois do valor.<\/p><pre class=\"wp-block-code\"> <code class=\"language-excel-formula\" lang=\"excel-formula\">=IF(COUNTIF(C1:C10,\"*\"&amp;\"Glen\"&amp;\"*\")&gt;0,\"Yes\",\"No\")<\/code><\/pre><div class=\"gb-container gb-container-52dfcee1 gb-container-sample-file\"><h2 class=\"gb-headline gb-headline-e289c143 gb-headline-text gb-headline-4f7959c2\"> Obtenha o arquivo Excel<\/h2> <a class=\"gb-button gb-button-e88d6bee gb-button-text gb-button-button1\" href=\"https:\/\/exceladvisor.org\/wp-content\/uploads\/2023\/08\/2-verifier-si-la-valeur-existe-dans-une-plage.xlsx\" rel=\"nofollow\">Download<\/a><\/div><div class=\"gb-container gb-container-0df56012 gb-container-mt\"> <a class=\"gb-button gb-button-f9f432f4 gb-button-text gb-button-mt-button\" href=\"https:\/\/exceladvisor.org\/pt\/formulas\/\">Lista de f\u00f3rmulas do Excel<\/a><h2 class=\"gb-headline gb-headline-233444e8 gb-headline-text gb-headline-mt-heading\"> F\u00f3rmulas relacionadas <\/h2><div class=\"gb-grid-wrapper gb-grid-wrapper-a16fa65c gb-grid-wrapper-mt-grid\"><div class=\"gb-grid-column gb-grid-column-50d07e0d\"><div class=\"gb-container gb-container-50d07e0d\"><ul><li> <a href=\"https:\/\/exceladvisor.org\/pt\/se-zero-entao-vazio\/\">Marque SE 0 (zero) e deixe em branco no Excel<\/a><\/li><li> <a href=\"https:\/\/exceladvisor.org\/pt\/se-e-1\/\">Combine fun\u00e7\u00f5es SE e AND no Excel<\/a><\/li><li> <a href=\"https:\/\/exceladvisor.org\/pt\/se-ou-1\/\">Combine fun\u00e7\u00f5es SE e OU no Excel<\/a><\/li><li> <a href=\"https:\/\/exceladvisor.org\/pt\/se-a-celula-estiver-vazia\/\">SE a c\u00e9lula estiver vazia (vazia) usando IF + ISBLANK no Excel<\/a><\/li><li> <a href=\"https:\/\/exceladvisor.org\/pt\/se-negativo-entao-zero\/\">SE negativo, ent\u00e3o zero (0) no Excel<\/a> <\/li><\/ul><\/div><\/div><div class=\"gb-grid-column gb-grid-column-5b4a0cf9\"><div class=\"gb-container gb-container-5b4a0cf9\"><\/div><\/div><\/div><\/div>","protected":false},"excerpt":{"rendered":"","protected":false},"author":1,"featured_media":0,"parent":0,"menu_order":0,"comment_status":"open","ping_status":"closed","template":"","meta":{"ub_ctt_via":"","footnotes":""},"class_list":["post-312","page","type-page","status-publish","hentry"],"featured_image_src":null,"yoast_head":"<!-- This site is optimized with the Yoast SEO plugin v25.4 - https:\/\/yoast.com\/wordpress\/plugins\/seo\/ -->\n<title>\u25b7 Como verificar se existe um valor em um intervalo?<\/title>\n<meta name=\"description\" content=\"Neste tutorial, voc\u00ea aprender\u00e1 diferentes maneiras de verificar se existe um valor em um intervalo no Excel usando dois m\u00e9todos\" \/>\n<meta name=\"robots\" content=\"index, follow, max-snippet:-1, max-image-preview:large, max-video-preview:-1\" \/>\n<link rel=\"canonical\" href=\"https:\/\/exceladvisor.org\/pt\/verificar-se-existe-um-valor-em-um-intervalo\/\" \/>\n<meta property=\"og:locale\" content=\"pt_PT\" \/>\n<meta property=\"og:type\" content=\"article\" \/>\n<meta property=\"og:title\" content=\"\u25b7 Como verificar se existe um valor em um intervalo?\" \/>\n<meta property=\"og:description\" content=\"Neste tutorial, voc\u00ea aprender\u00e1 diferentes maneiras de verificar se existe um valor em um intervalo no Excel usando dois m\u00e9todos\" \/>\n<meta property=\"og:url\" content=\"https:\/\/exceladvisor.org\/pt\/verificar-se-existe-um-valor-em-um-intervalo\/\" \/>\n<meta property=\"og:site_name\" content=\"Excel Advisor\" \/>\n<meta property=\"article:modified_time\" content=\"2023-12-06T11:50:26+00:00\" \/>\n<meta property=\"og:image\" content=\"https:\/\/exceladvisor.org\/wp-content\/uploads\/2023\/08\/1-liste-de-noms.png\" \/>\n<meta name=\"twitter:card\" content=\"summary_large_image\" \/>\n<meta name=\"twitter:label1\" content=\"Tempo estimado de leitura\" \/>\n\t<meta name=\"twitter:data1\" content=\"3 minutos\" \/>\n<script type=\"application\/ld+json\" class=\"yoast-schema-graph\">{\"@context\":\"https:\/\/schema.org\",\"@graph\":[{\"@type\":\"WebPage\",\"@id\":\"https:\/\/exceladvisor.org\/pt\/verificar-se-existe-um-valor-em-um-intervalo\/\",\"url\":\"https:\/\/exceladvisor.org\/pt\/verificar-se-existe-um-valor-em-um-intervalo\/\",\"name\":\"\u25b7 Como verificar se existe um valor em um intervalo?\",\"isPartOf\":{\"@id\":\"https:\/\/exceladvisor.org\/pt\/#website\"},\"primaryImageOfPage\":{\"@id\":\"https:\/\/exceladvisor.org\/pt\/verificar-se-existe-um-valor-em-um-intervalo\/#primaryimage\"},\"image\":{\"@id\":\"https:\/\/exceladvisor.org\/pt\/verificar-se-existe-um-valor-em-um-intervalo\/#primaryimage\"},\"thumbnailUrl\":\"https:\/\/exceladvisor.org\/wp-content\/uploads\/2023\/08\/1-liste-de-noms.png\",\"datePublished\":\"2023-11-05T01:44:39+00:00\",\"dateModified\":\"2023-12-06T11:50:26+00:00\",\"description\":\"Neste tutorial, voc\u00ea aprender\u00e1 diferentes maneiras de verificar se existe um valor em um intervalo no Excel usando dois m\u00e9todos\",\"breadcrumb\":{\"@id\":\"https:\/\/exceladvisor.org\/pt\/verificar-se-existe-um-valor-em-um-intervalo\/#breadcrumb\"},\"inLanguage\":\"pt-PT\",\"potentialAction\":[{\"@type\":\"ReadAction\",\"target\":[\"https:\/\/exceladvisor.org\/pt\/verificar-se-existe-um-valor-em-um-intervalo\/\"]}]},{\"@type\":\"ImageObject\",\"inLanguage\":\"pt-PT\",\"@id\":\"https:\/\/exceladvisor.org\/pt\/verificar-se-existe-um-valor-em-um-intervalo\/#primaryimage\",\"url\":\"https:\/\/exceladvisor.org\/wp-content\/uploads\/2023\/08\/1-liste-de-noms.png\",\"contentUrl\":\"https:\/\/exceladvisor.org\/wp-content\/uploads\/2023\/08\/1-liste-de-noms.png\"},{\"@type\":\"BreadcrumbList\",\"@id\":\"https:\/\/exceladvisor.org\/pt\/verificar-se-existe-um-valor-em-um-intervalo\/#breadcrumb\",\"itemListElement\":[{\"@type\":\"ListItem\",\"position\":1,\"name\":\"Lar\",\"item\":\"https:\/\/exceladvisor.org\/pt\/\"},{\"@type\":\"ListItem\",\"position\":2,\"name\":\"Como verificar se existe um valor em um intervalo?\"}]},{\"@type\":\"WebSite\",\"@id\":\"https:\/\/exceladvisor.org\/pt\/#website\",\"url\":\"https:\/\/exceladvisor.org\/pt\/\",\"name\":\"Excel Advisor\",\"description\":\"O seu guia definitivo para dominar os dados!\",\"publisher\":{\"@id\":\"https:\/\/exceladvisor.org\/pt\/#organization\"},\"potentialAction\":[{\"@type\":\"SearchAction\",\"target\":{\"@type\":\"EntryPoint\",\"urlTemplate\":\"https:\/\/exceladvisor.org\/pt\/?s={search_term_string}\"},\"query-input\":{\"@type\":\"PropertyValueSpecification\",\"valueRequired\":true,\"valueName\":\"search_term_string\"}}],\"inLanguage\":\"pt-PT\"},{\"@type\":\"Organization\",\"@id\":\"https:\/\/exceladvisor.org\/pt\/#organization\",\"name\":\"Excel Advisor\",\"url\":\"https:\/\/exceladvisor.org\/pt\/\",\"logo\":{\"@type\":\"ImageObject\",\"inLanguage\":\"pt-PT\",\"@id\":\"https:\/\/exceladvisor.org\/pt\/#\/schema\/logo\/image\/\",\"url\":\"https:\/\/exceladvisor.org\/pt\/wp-content\/uploads\/2023\/12\/exceladvisor.org_.png\",\"contentUrl\":\"https:\/\/exceladvisor.org\/pt\/wp-content\/uploads\/2023\/12\/exceladvisor.org_.png\",\"width\":105,\"height\":36,\"caption\":\"Excel Advisor\"},\"image\":{\"@id\":\"https:\/\/exceladvisor.org\/pt\/#\/schema\/logo\/image\/\"}}]}<\/script>\n<!-- \/ Yoast SEO plugin. -->","yoast_head_json":{"title":"\u25b7 Como verificar se existe um valor em um intervalo?","description":"Neste tutorial, voc\u00ea aprender\u00e1 diferentes maneiras de verificar se existe um valor em um intervalo no Excel usando dois m\u00e9todos","robots":{"index":"index","follow":"follow","max-snippet":"max-snippet:-1","max-image-preview":"max-image-preview:large","max-video-preview":"max-video-preview:-1"},"canonical":"https:\/\/exceladvisor.org\/pt\/verificar-se-existe-um-valor-em-um-intervalo\/","og_locale":"pt_PT","og_type":"article","og_title":"\u25b7 Como verificar se existe um valor em um intervalo?","og_description":"Neste tutorial, voc\u00ea aprender\u00e1 diferentes maneiras de verificar se existe um valor em um intervalo no Excel usando dois m\u00e9todos","og_url":"https:\/\/exceladvisor.org\/pt\/verificar-se-existe-um-valor-em-um-intervalo\/","og_site_name":"Excel Advisor","article_modified_time":"2023-12-06T11:50:26+00:00","og_image":[{"url":"https:\/\/exceladvisor.org\/wp-content\/uploads\/2023\/08\/1-liste-de-noms.png","type":"","width":"","height":""}],"twitter_card":"summary_large_image","twitter_misc":{"Tempo estimado de leitura":"3 minutos"},"schema":{"@context":"https:\/\/schema.org","@graph":[{"@type":"WebPage","@id":"https:\/\/exceladvisor.org\/pt\/verificar-se-existe-um-valor-em-um-intervalo\/","url":"https:\/\/exceladvisor.org\/pt\/verificar-se-existe-um-valor-em-um-intervalo\/","name":"\u25b7 Como verificar se existe um valor em um intervalo?","isPartOf":{"@id":"https:\/\/exceladvisor.org\/pt\/#website"},"primaryImageOfPage":{"@id":"https:\/\/exceladvisor.org\/pt\/verificar-se-existe-um-valor-em-um-intervalo\/#primaryimage"},"image":{"@id":"https:\/\/exceladvisor.org\/pt\/verificar-se-existe-um-valor-em-um-intervalo\/#primaryimage"},"thumbnailUrl":"https:\/\/exceladvisor.org\/wp-content\/uploads\/2023\/08\/1-liste-de-noms.png","datePublished":"2023-11-05T01:44:39+00:00","dateModified":"2023-12-06T11:50:26+00:00","description":"Neste tutorial, voc\u00ea aprender\u00e1 diferentes maneiras de verificar se existe um valor em um intervalo no Excel usando dois m\u00e9todos","breadcrumb":{"@id":"https:\/\/exceladvisor.org\/pt\/verificar-se-existe-um-valor-em-um-intervalo\/#breadcrumb"},"inLanguage":"pt-PT","potentialAction":[{"@type":"ReadAction","target":["https:\/\/exceladvisor.org\/pt\/verificar-se-existe-um-valor-em-um-intervalo\/"]}]},{"@type":"ImageObject","inLanguage":"pt-PT","@id":"https:\/\/exceladvisor.org\/pt\/verificar-se-existe-um-valor-em-um-intervalo\/#primaryimage","url":"https:\/\/exceladvisor.org\/wp-content\/uploads\/2023\/08\/1-liste-de-noms.png","contentUrl":"https:\/\/exceladvisor.org\/wp-content\/uploads\/2023\/08\/1-liste-de-noms.png"},{"@type":"BreadcrumbList","@id":"https:\/\/exceladvisor.org\/pt\/verificar-se-existe-um-valor-em-um-intervalo\/#breadcrumb","itemListElement":[{"@type":"ListItem","position":1,"name":"Lar","item":"https:\/\/exceladvisor.org\/pt\/"},{"@type":"ListItem","position":2,"name":"Como verificar se existe um valor em um intervalo?"}]},{"@type":"WebSite","@id":"https:\/\/exceladvisor.org\/pt\/#website","url":"https:\/\/exceladvisor.org\/pt\/","name":"Excel Advisor","description":"O seu guia definitivo para dominar os dados!","publisher":{"@id":"https:\/\/exceladvisor.org\/pt\/#organization"},"potentialAction":[{"@type":"SearchAction","target":{"@type":"EntryPoint","urlTemplate":"https:\/\/exceladvisor.org\/pt\/?s={search_term_string}"},"query-input":{"@type":"PropertyValueSpecification","valueRequired":true,"valueName":"search_term_string"}}],"inLanguage":"pt-PT"},{"@type":"Organization","@id":"https:\/\/exceladvisor.org\/pt\/#organization","name":"Excel Advisor","url":"https:\/\/exceladvisor.org\/pt\/","logo":{"@type":"ImageObject","inLanguage":"pt-PT","@id":"https:\/\/exceladvisor.org\/pt\/#\/schema\/logo\/image\/","url":"https:\/\/exceladvisor.org\/pt\/wp-content\/uploads\/2023\/12\/exceladvisor.org_.png","contentUrl":"https:\/\/exceladvisor.org\/pt\/wp-content\/uploads\/2023\/12\/exceladvisor.org_.png","width":105,"height":36,"caption":"Excel Advisor"},"image":{"@id":"https:\/\/exceladvisor.org\/pt\/#\/schema\/logo\/image\/"}}]}},"yoast_meta":{"yoast_wpseo_title":"","yoast_wpseo_metadesc":"","yoast_wpseo_canonical":""},"_links":{"self":[{"href":"https:\/\/exceladvisor.org\/pt\/wp-json\/wp\/v2\/pages\/312","targetHints":{"allow":["GET"]}}],"collection":[{"href":"https:\/\/exceladvisor.org\/pt\/wp-json\/wp\/v2\/pages"}],"about":[{"href":"https:\/\/exceladvisor.org\/pt\/wp-json\/wp\/v2\/types\/page"}],"author":[{"embeddable":true,"href":"https:\/\/exceladvisor.org\/pt\/wp-json\/wp\/v2\/users\/1"}],"replies":[{"embeddable":true,"href":"https:\/\/exceladvisor.org\/pt\/wp-json\/wp\/v2\/comments?post=312"}],"version-history":[{"count":1,"href":"https:\/\/exceladvisor.org\/pt\/wp-json\/wp\/v2\/pages\/312\/revisions"}],"predecessor-version":[{"id":1391,"href":"https:\/\/exceladvisor.org\/pt\/wp-json\/wp\/v2\/pages\/312\/revisions\/1391"}],"wp:attachment":[{"href":"https:\/\/exceladvisor.org\/pt\/wp-json\/wp\/v2\/media?parent=312"}],"curies":[{"name":"wp","href":"https:\/\/api.w.org\/{rel}","templated":true}]}}