{"id":313,"date":"2023-11-05T01:25:09","date_gmt":"2023-11-05T01:25:09","guid":{"rendered":"https:\/\/exceladvisor.org\/pt\/contar-celulas-nao-vazias\/"},"modified":"2023-12-06T11:35:36","modified_gmt":"2023-12-06T11:35:36","slug":"contar-celulas-nao-vazias","status":"publish","type":"page","link":"https:\/\/exceladvisor.org\/pt\/contar-celulas-nao-vazias\/","title":{"rendered":"Como contar c\u00e9lulas que n\u00e3o est\u00e3o vazias?"},"content":{"rendered":"<div class=\"excel-before-content-2\" id=\"excel-647556698\"><script type=\"text\/javascript\">\r\n\tatOptions = {\r\n\t\t'key' : 'c1158f160081d6540a8409e6925dab94',\r\n\t\t'format' : 'iframe',\r\n\t\t'height' : 250,\r\n\t\t'width' : 300,\r\n\t\t'params' : {}\r\n\t};\r\n<\/script>\r\n<script type=\"text\/javascript\" src=\"\/\/www.highperformanceformat.com\/c1158f160081d6540a8409e6925dab94\/invoke.js\"><\/script><\/div><div class=\"excel-before-content\" id=\"excel-3882426064\"><script type=\"text\/javascript\">\r\n\tatOptions = {\r\n\t\t'key' : 'c1158f160081d6540a8409e6925dab94',\r\n\t\t'format' : 'iframe',\r\n\t\t'height' : 250,\r\n\t\t'width' : 300,\r\n\t\t'params' : {}\r\n\t};\r\n<\/script>\r\n<script type=\"text\/javascript\" src=\"\/\/www.highperformanceformat.com\/c1158f160081d6540a8409e6925dab94\/invoke.js\"><\/script><\/div> <p>Para contar c\u00e9lulas que n\u00e3o est\u00e3o vazias, no Excel voc\u00ea pode usar a fun\u00e7\u00e3o CONT.SE ou CONT.SE dependendo dos dados que possui em sua planilha. Voc\u00ea precisa especificar o intervalo e, em seguida, o operador diferente com um valor vazio para obter o n\u00famero de c\u00e9lulas n\u00e3o vazias (vazias).<\/p><p> Neste tutorial, veremos duas maneiras diferentes de fazer isso.<\/p><h2 class=\"wp-block-heading\"> CONT.SE n\u00e3o vazio (c\u00e9lulas n\u00e3o vazias)<\/h2><p> No exemplo a seguir temos um intervalo (A1:A10) onde temos algumas c\u00e9lulas vazias. Mas agora precisamos contar todas as c\u00e9lulas que n\u00e3o est\u00e3o vazias neste intervalo. <\/p><div class=\"wp-block-image\"><figure class=\"aligncenter size-full is-resized\"><img loading=\"lazy\" decoding=\"async\" class=\"wp-image-67123\" src=\"https:\/\/exceladvisor.org\/wp-content\/uploads\/2023\/08\/1-plage-de-cellules-avec-des-cellules-vides.png\" sizes=\"auto, \" srcset=\"\" alt=\"intervalo de c\u00e9lulas com c\u00e9lulas vazias\" width=\"293\" height=\"317\"><\/figure><\/div><p> Voc\u00ea pode usar as seguintes etapas para escrever a f\u00f3rmula:<\/p><ol type=\"1\"><li> Primeiro, digite <strong>=COUNTIF(<\/strong> na c\u00e9lula B1 para come\u00e7ar a digitar a fun\u00e7\u00e3o na c\u00e9lula onde deseja o resultado.<\/li><li> Depois disso, no primeiro argumento, consulte o intervalo A1:A10. Este \u00e9 o intervalo a partir do qual voc\u00ea deseja contar as c\u00e9lulas que n\u00e3o est\u00e3o em branco.<\/li><li> Ent\u00e3o, no segundo argumento, insira \u201c&lt;&gt;\u201d. Este \u00e9 um operador diferente que informa ao Excel para contar as c\u00e9lulas que n\u00e3o est\u00e3o vazias.<\/li><li> No final, insira os par\u00eanteses de fechamento e pressione Enter para obter o resultado. <\/li><\/ol><div class=\"wp-block-image\"><figure class=\"aligncenter size-full is-resized\"><img loading=\"lazy\" decoding=\"async\" class=\"wp-image-67124\" src=\"https:\/\/exceladvisor.org\/wp-content\/uploads\/2023\/08\/2-countif-avec-operateur-non-egal.png\" sizes=\"auto, \" srcset=\"\" alt=\"contador-com-operador n\u00e3o-igual\" width=\"405\" height=\"292\"><\/figure><\/div><p> No momento em que voc\u00ea pressiona Enter, voc\u00ea obt\u00e9m o n\u00famero de c\u00e9lulas que n\u00e3o est\u00e3o vazias. Em nosso exemplo, temos 6 c\u00e9lulas n\u00e3o vazias no intervalo.<\/p><p> Mas, fora isso, voc\u00ea tamb\u00e9m pode usar uma f\u00f3rmula na qual pode usar o mesmo operador e combin\u00e1-lo com um valor vazio. <\/p><pre class=\"wp-block-code\"> <code class=\"language-excel-formula\" lang=\"excel-formula\">=COUNTIF(A1:A10,\"&lt;&gt;\"&amp;\"\")<\/code><\/pre><div class=\"wp-block-image\"><figure class=\"aligncenter size-full is-resized\"><img loading=\"lazy\" decoding=\"async\" class=\"wp-image-67125\" src=\"https:\/\/exceladvisor.org\/wp-content\/uploads\/2023\/08\/3-countif-avec-un-resultat-doperateur-non-egal.png\" sizes=\"auto, \" srcset=\"\" alt=\"contagem-se-com-resultado-do-operador-diferente\" width=\"483\" height=\"298\"><\/figure><\/div><h2 class=\"wp-block-heading\"> COUNTA para contar c\u00e9lulas n\u00e3o vazias<\/h2><p> No Excel voc\u00ea pode usar COUNTA (que pode ser usado para um determinado n\u00famero de c\u00e9lulas em um intervalo n\u00e3o vazio). Nos exemplos a seguir usamos o mesmo intervalo, A1:A10, mas aqui usamos a fun\u00e7\u00e3o COUNTA. <\/p><div class=\"wp-block-image\"><figure class=\"aligncenter size-full is-resized\"><img loading=\"lazy\" decoding=\"async\" class=\"wp-image-67126\" src=\"https:\/\/exceladvisor.org\/wp-content\/uploads\/2023\/08\/4-counta-pour-compter-les-cellules-non-vides.png\" sizes=\"auto, \" srcset=\"\" alt=\"contagem para contagem de c\u00e9lulas n\u00e3o vazias\" width=\"454\" height=\"283\"><\/figure><\/div><h2 class=\"wp-block-heading\"> O problema que voc\u00ea pode enfrentar<\/h2><p> Pode haver uma situa\u00e7\u00e3o em que voc\u00ea tenha um intervalo de c\u00e9lulas em que haja uma c\u00e9lula ou v\u00e1rias c\u00e9lulas com um espa\u00e7o como valor na c\u00e9lula que se parece com uma c\u00e9lula vazia. <\/p><div class=\"wp-block-image\"><figure class=\"aligncenter size-full is-resized\"><img loading=\"lazy\" decoding=\"async\" class=\"wp-image-67127\" src=\"https:\/\/exceladvisor.org\/wp-content\/uploads\/2023\/08\/Plage-de-5-cellules-avec-un-espace-comme-valeur.png\" sizes=\"auto, \" srcset=\"\" alt=\"intervalo de c\u00e9lulas com espa\u00e7o como valor\" width=\"365\" height=\"291\"><\/figure><\/div><p> No exemplo acima, temos novamente a mesma lista de valores. Se voc\u00ea olhar com aten\u00e7\u00e3o ver\u00e1 que temos 6 c\u00e9lulas que n\u00e3o est\u00e3o vazias, mas no resultado temos 7 em todos os tr\u00eas m\u00e9todos.<\/p><p> A raz\u00e3o \u00e9 que na c\u00e9lula A3 temos um espa\u00e7o na c\u00e9lula que a torna n\u00e3o vazia. Agora a solu\u00e7\u00e3o para este problema \u00e9 usar COUNTIFS. Assim como o exemplo a seguir. <\/p><pre class=\"wp-block-code\"> <code class=\"language-excel-formula\" lang=\"excel-formula\">=COUNTIFS(A1:A10,\"&lt;&gt;\"&amp;\"\",A1:A10,\"&lt;&gt;\"&amp;\" \")<\/code><\/pre><div class=\"wp-block-image\"><figure class=\"aligncenter size-full is-resized\"><img loading=\"lazy\" decoding=\"async\" class=\"wp-image-67128\" src=\"https:\/\/exceladvisor.org\/wp-content\/uploads\/2023\/08\/formule-6-comtes.png\" sizes=\"auto, \" srcset=\"\" alt=\"f\u00f3rmula de contagem\" width=\"473\" height=\"289\"><\/figure><\/div><p> Aqui, usando a fun\u00e7\u00e3o COUNTIFS, criamos dois crit\u00e9rios que dizem ao Excel para contar c\u00e9lulas que n\u00e3o estejam em branco e sem espa\u00e7o. <\/p><div class=\"gb-container gb-container-52dfcee1 gb-container-sample-file\"><h2 class=\"gb-headline gb-headline-e289c143 gb-headline-text gb-headline-4f7959c2\"> Obtenha o arquivo Excel<\/h2> <a class=\"gb-button gb-button-e88d6bee gb-button-text gb-button-button1\" href=\"https:\/\/exceladvisor.org\/wp-content\/uploads\/2023\/08\/compte-si-non-vide.xlsx\" rel=\"nofollow\">Download<\/a><\/div><div class=\"gb-container gb-container-0df56012 gb-container-mt\"> <a class=\"gb-button gb-button-f9f432f4 gb-button-text gb-button-mt-button\" href=\"https:\/\/exceladvisor.org\/pt\/formulas\/\">Lista de f\u00f3rmulas do Excel<\/a><h2 class=\"gb-headline gb-headline-233444e8 gb-headline-text gb-headline-mt-heading\"> F\u00f3rmulas relacionadas <\/h2><div class=\"gb-grid-wrapper gb-grid-wrapper-a16fa65c gb-grid-wrapper-mt-grid\"><div class=\"gb-grid-column gb-grid-column-50d07e0d\"><div class=\"gb-container gb-container-50d07e0d\"><ul><li> <a href=\"https:\/\/exceladvisor.org\/pt\/contar-entre-dois-numeros\/\">Conte entre dois n\u00fameros (COUNTIFS) no Excel<\/a><\/li><li> <a href=\"https:\/\/exceladvisor.org\/pt\/numero-de-celulas-vazias\/\">Conte c\u00e9lulas em branco (em branco) usando CONT.SE no Excel<\/a><\/li><li> <a href=\"https:\/\/exceladvisor.org\/pt\/conte-se-for-menor-que\/\">Contar c\u00e9lulas menores que um valor espec\u00edfico (CONT.SE) no Excel<\/a><\/li><li> <a href=\"https:\/\/exceladvisor.org\/pt\/contar-celulas-diferentes-de\/\">Contar c\u00e9lulas diferentes do Excel (COUNTIF)<\/a> <\/li><\/ul><\/div><\/div><div class=\"gb-grid-column gb-grid-column-5b4a0cf9\"><div class=\"gb-container gb-container-5b4a0cf9\"><\/div><\/div><\/div><\/div>","protected":false},"excerpt":{"rendered":"","protected":false},"author":1,"featured_media":0,"parent":0,"menu_order":0,"comment_status":"open","ping_status":"closed","template":"","meta":{"ub_ctt_via":"","footnotes":""},"class_list":["post-313","page","type-page","status-publish","hentry"],"featured_image_src":null,"yoast_head":"<!-- This site is optimized with the Yoast SEO plugin v25.4 - https:\/\/yoast.com\/wordpress\/plugins\/seo\/ -->\n<title>\u25b7 Como contar c\u00e9lulas que n\u00e3o est\u00e3o vazias?<\/title>\n<meta name=\"description\" content=\"Neste tutorial, voc\u00ea aprender\u00e1 diferentes maneiras de contar caracteres espec\u00edficos no Excel usando uma f\u00f3rmula\" \/>\n<meta name=\"robots\" content=\"index, follow, max-snippet:-1, max-image-preview:large, max-video-preview:-1\" \/>\n<link rel=\"canonical\" href=\"https:\/\/exceladvisor.org\/pt\/contar-celulas-nao-vazias\/\" \/>\n<meta property=\"og:locale\" content=\"pt_PT\" \/>\n<meta property=\"og:type\" content=\"article\" \/>\n<meta property=\"og:title\" content=\"\u25b7 Como contar c\u00e9lulas que n\u00e3o est\u00e3o vazias?\" \/>\n<meta property=\"og:description\" content=\"Neste tutorial, voc\u00ea aprender\u00e1 diferentes maneiras de contar caracteres espec\u00edficos no Excel usando uma f\u00f3rmula\" \/>\n<meta property=\"og:url\" content=\"https:\/\/exceladvisor.org\/pt\/contar-celulas-nao-vazias\/\" \/>\n<meta property=\"og:site_name\" content=\"Excel Advisor\" \/>\n<meta property=\"article:modified_time\" content=\"2023-12-06T11:35:36+00:00\" \/>\n<meta property=\"og:image\" content=\"https:\/\/exceladvisor.org\/wp-content\/uploads\/2023\/08\/1-plage-de-cellules-avec-des-cellules-vides.png\" \/>\n<meta name=\"twitter:card\" content=\"summary_large_image\" \/>\n<meta name=\"twitter:label1\" content=\"Tempo estimado de leitura\" \/>\n\t<meta name=\"twitter:data1\" content=\"3 minutos\" \/>\n<script type=\"application\/ld+json\" class=\"yoast-schema-graph\">{\"@context\":\"https:\/\/schema.org\",\"@graph\":[{\"@type\":\"WebPage\",\"@id\":\"https:\/\/exceladvisor.org\/pt\/contar-celulas-nao-vazias\/\",\"url\":\"https:\/\/exceladvisor.org\/pt\/contar-celulas-nao-vazias\/\",\"name\":\"\u25b7 Como contar c\u00e9lulas que n\u00e3o est\u00e3o vazias?\",\"isPartOf\":{\"@id\":\"https:\/\/exceladvisor.org\/pt\/#website\"},\"primaryImageOfPage\":{\"@id\":\"https:\/\/exceladvisor.org\/pt\/contar-celulas-nao-vazias\/#primaryimage\"},\"image\":{\"@id\":\"https:\/\/exceladvisor.org\/pt\/contar-celulas-nao-vazias\/#primaryimage\"},\"thumbnailUrl\":\"https:\/\/exceladvisor.org\/wp-content\/uploads\/2023\/08\/1-plage-de-cellules-avec-des-cellules-vides.png\",\"datePublished\":\"2023-11-05T01:25:09+00:00\",\"dateModified\":\"2023-12-06T11:35:36+00:00\",\"description\":\"Neste tutorial, voc\u00ea aprender\u00e1 diferentes maneiras de contar caracteres espec\u00edficos no Excel usando uma f\u00f3rmula\",\"breadcrumb\":{\"@id\":\"https:\/\/exceladvisor.org\/pt\/contar-celulas-nao-vazias\/#breadcrumb\"},\"inLanguage\":\"pt-PT\",\"potentialAction\":[{\"@type\":\"ReadAction\",\"target\":[\"https:\/\/exceladvisor.org\/pt\/contar-celulas-nao-vazias\/\"]}]},{\"@type\":\"ImageObject\",\"inLanguage\":\"pt-PT\",\"@id\":\"https:\/\/exceladvisor.org\/pt\/contar-celulas-nao-vazias\/#primaryimage\",\"url\":\"https:\/\/exceladvisor.org\/wp-content\/uploads\/2023\/08\/1-plage-de-cellules-avec-des-cellules-vides.png\",\"contentUrl\":\"https:\/\/exceladvisor.org\/wp-content\/uploads\/2023\/08\/1-plage-de-cellules-avec-des-cellules-vides.png\"},{\"@type\":\"BreadcrumbList\",\"@id\":\"https:\/\/exceladvisor.org\/pt\/contar-celulas-nao-vazias\/#breadcrumb\",\"itemListElement\":[{\"@type\":\"ListItem\",\"position\":1,\"name\":\"Lar\",\"item\":\"https:\/\/exceladvisor.org\/pt\/\"},{\"@type\":\"ListItem\",\"position\":2,\"name\":\"Como contar c\u00e9lulas que n\u00e3o est\u00e3o vazias?\"}]},{\"@type\":\"WebSite\",\"@id\":\"https:\/\/exceladvisor.org\/pt\/#website\",\"url\":\"https:\/\/exceladvisor.org\/pt\/\",\"name\":\"Excel Advisor\",\"description\":\"O seu guia definitivo para dominar os dados!\",\"publisher\":{\"@id\":\"https:\/\/exceladvisor.org\/pt\/#organization\"},\"potentialAction\":[{\"@type\":\"SearchAction\",\"target\":{\"@type\":\"EntryPoint\",\"urlTemplate\":\"https:\/\/exceladvisor.org\/pt\/?s={search_term_string}\"},\"query-input\":{\"@type\":\"PropertyValueSpecification\",\"valueRequired\":true,\"valueName\":\"search_term_string\"}}],\"inLanguage\":\"pt-PT\"},{\"@type\":\"Organization\",\"@id\":\"https:\/\/exceladvisor.org\/pt\/#organization\",\"name\":\"Excel Advisor\",\"url\":\"https:\/\/exceladvisor.org\/pt\/\",\"logo\":{\"@type\":\"ImageObject\",\"inLanguage\":\"pt-PT\",\"@id\":\"https:\/\/exceladvisor.org\/pt\/#\/schema\/logo\/image\/\",\"url\":\"https:\/\/exceladvisor.org\/pt\/wp-content\/uploads\/2023\/12\/exceladvisor.org_.png\",\"contentUrl\":\"https:\/\/exceladvisor.org\/pt\/wp-content\/uploads\/2023\/12\/exceladvisor.org_.png\",\"width\":105,\"height\":36,\"caption\":\"Excel Advisor\"},\"image\":{\"@id\":\"https:\/\/exceladvisor.org\/pt\/#\/schema\/logo\/image\/\"}}]}<\/script>\n<!-- \/ Yoast SEO plugin. -->","yoast_head_json":{"title":"\u25b7 Como contar c\u00e9lulas que n\u00e3o est\u00e3o vazias?","description":"Neste tutorial, voc\u00ea aprender\u00e1 diferentes maneiras de contar caracteres espec\u00edficos no Excel usando uma f\u00f3rmula","robots":{"index":"index","follow":"follow","max-snippet":"max-snippet:-1","max-image-preview":"max-image-preview:large","max-video-preview":"max-video-preview:-1"},"canonical":"https:\/\/exceladvisor.org\/pt\/contar-celulas-nao-vazias\/","og_locale":"pt_PT","og_type":"article","og_title":"\u25b7 Como contar c\u00e9lulas que n\u00e3o est\u00e3o vazias?","og_description":"Neste tutorial, voc\u00ea aprender\u00e1 diferentes maneiras de contar caracteres espec\u00edficos no Excel usando uma f\u00f3rmula","og_url":"https:\/\/exceladvisor.org\/pt\/contar-celulas-nao-vazias\/","og_site_name":"Excel Advisor","article_modified_time":"2023-12-06T11:35:36+00:00","og_image":[{"url":"https:\/\/exceladvisor.org\/wp-content\/uploads\/2023\/08\/1-plage-de-cellules-avec-des-cellules-vides.png","type":"","width":"","height":""}],"twitter_card":"summary_large_image","twitter_misc":{"Tempo estimado de leitura":"3 minutos"},"schema":{"@context":"https:\/\/schema.org","@graph":[{"@type":"WebPage","@id":"https:\/\/exceladvisor.org\/pt\/contar-celulas-nao-vazias\/","url":"https:\/\/exceladvisor.org\/pt\/contar-celulas-nao-vazias\/","name":"\u25b7 Como contar c\u00e9lulas que n\u00e3o est\u00e3o vazias?","isPartOf":{"@id":"https:\/\/exceladvisor.org\/pt\/#website"},"primaryImageOfPage":{"@id":"https:\/\/exceladvisor.org\/pt\/contar-celulas-nao-vazias\/#primaryimage"},"image":{"@id":"https:\/\/exceladvisor.org\/pt\/contar-celulas-nao-vazias\/#primaryimage"},"thumbnailUrl":"https:\/\/exceladvisor.org\/wp-content\/uploads\/2023\/08\/1-plage-de-cellules-avec-des-cellules-vides.png","datePublished":"2023-11-05T01:25:09+00:00","dateModified":"2023-12-06T11:35:36+00:00","description":"Neste tutorial, voc\u00ea aprender\u00e1 diferentes maneiras de contar caracteres espec\u00edficos no Excel usando uma f\u00f3rmula","breadcrumb":{"@id":"https:\/\/exceladvisor.org\/pt\/contar-celulas-nao-vazias\/#breadcrumb"},"inLanguage":"pt-PT","potentialAction":[{"@type":"ReadAction","target":["https:\/\/exceladvisor.org\/pt\/contar-celulas-nao-vazias\/"]}]},{"@type":"ImageObject","inLanguage":"pt-PT","@id":"https:\/\/exceladvisor.org\/pt\/contar-celulas-nao-vazias\/#primaryimage","url":"https:\/\/exceladvisor.org\/wp-content\/uploads\/2023\/08\/1-plage-de-cellules-avec-des-cellules-vides.png","contentUrl":"https:\/\/exceladvisor.org\/wp-content\/uploads\/2023\/08\/1-plage-de-cellules-avec-des-cellules-vides.png"},{"@type":"BreadcrumbList","@id":"https:\/\/exceladvisor.org\/pt\/contar-celulas-nao-vazias\/#breadcrumb","itemListElement":[{"@type":"ListItem","position":1,"name":"Lar","item":"https:\/\/exceladvisor.org\/pt\/"},{"@type":"ListItem","position":2,"name":"Como contar c\u00e9lulas que n\u00e3o est\u00e3o vazias?"}]},{"@type":"WebSite","@id":"https:\/\/exceladvisor.org\/pt\/#website","url":"https:\/\/exceladvisor.org\/pt\/","name":"Excel Advisor","description":"O seu guia definitivo para dominar os dados!","publisher":{"@id":"https:\/\/exceladvisor.org\/pt\/#organization"},"potentialAction":[{"@type":"SearchAction","target":{"@type":"EntryPoint","urlTemplate":"https:\/\/exceladvisor.org\/pt\/?s={search_term_string}"},"query-input":{"@type":"PropertyValueSpecification","valueRequired":true,"valueName":"search_term_string"}}],"inLanguage":"pt-PT"},{"@type":"Organization","@id":"https:\/\/exceladvisor.org\/pt\/#organization","name":"Excel Advisor","url":"https:\/\/exceladvisor.org\/pt\/","logo":{"@type":"ImageObject","inLanguage":"pt-PT","@id":"https:\/\/exceladvisor.org\/pt\/#\/schema\/logo\/image\/","url":"https:\/\/exceladvisor.org\/pt\/wp-content\/uploads\/2023\/12\/exceladvisor.org_.png","contentUrl":"https:\/\/exceladvisor.org\/pt\/wp-content\/uploads\/2023\/12\/exceladvisor.org_.png","width":105,"height":36,"caption":"Excel Advisor"},"image":{"@id":"https:\/\/exceladvisor.org\/pt\/#\/schema\/logo\/image\/"}}]}},"yoast_meta":{"yoast_wpseo_title":"","yoast_wpseo_metadesc":"","yoast_wpseo_canonical":""},"_links":{"self":[{"href":"https:\/\/exceladvisor.org\/pt\/wp-json\/wp\/v2\/pages\/313","targetHints":{"allow":["GET"]}}],"collection":[{"href":"https:\/\/exceladvisor.org\/pt\/wp-json\/wp\/v2\/pages"}],"about":[{"href":"https:\/\/exceladvisor.org\/pt\/wp-json\/wp\/v2\/types\/page"}],"author":[{"embeddable":true,"href":"https:\/\/exceladvisor.org\/pt\/wp-json\/wp\/v2\/users\/1"}],"replies":[{"embeddable":true,"href":"https:\/\/exceladvisor.org\/pt\/wp-json\/wp\/v2\/comments?post=313"}],"version-history":[{"count":1,"href":"https:\/\/exceladvisor.org\/pt\/wp-json\/wp\/v2\/pages\/313\/revisions"}],"predecessor-version":[{"id":921,"href":"https:\/\/exceladvisor.org\/pt\/wp-json\/wp\/v2\/pages\/313\/revisions\/921"}],"wp:attachment":[{"href":"https:\/\/exceladvisor.org\/pt\/wp-json\/wp\/v2\/media?parent=313"}],"curies":[{"name":"wp","href":"https:\/\/api.w.org\/{rel}","templated":true}]}}