{"id":314,"date":"2023-11-05T01:15:47","date_gmt":"2023-11-05T01:15:47","guid":{"rendered":"https:\/\/exceladvisor.org\/pt\/gerador-de-data-aleatoria\/"},"modified":"2023-12-06T11:50:58","modified_gmt":"2023-12-06T11:50:58","slug":"gerador-de-data-aleatoria","status":"publish","type":"page","link":"https:\/\/exceladvisor.org\/pt\/gerador-de-data-aleatoria\/","title":{"rendered":"Gerador de data aleat\u00f3ria no excel"},"content":{"rendered":"<div class=\"excel-before-content-2\" id=\"excel-3808015402\"><script type=\"text\/javascript\">\r\n\tatOptions = {\r\n\t\t'key' : 'c1158f160081d6540a8409e6925dab94',\r\n\t\t'format' : 'iframe',\r\n\t\t'height' : 250,\r\n\t\t'width' : 300,\r\n\t\t'params' : {}\r\n\t};\r\n<\/script>\r\n<script type=\"text\/javascript\" src=\"\/\/www.highperformanceformat.com\/c1158f160081d6540a8409e6925dab94\/invoke.js\"><\/script><\/div><div class=\"excel-before-content\" id=\"excel-1805261427\"><script type=\"text\/javascript\">\r\n\tatOptions = {\r\n\t\t'key' : 'c1158f160081d6540a8409e6925dab94',\r\n\t\t'format' : 'iframe',\r\n\t\t'height' : 250,\r\n\t\t'width' : 300,\r\n\t\t'params' : {}\r\n\t};\r\n<\/script>\r\n<script type=\"text\/javascript\" src=\"\/\/www.highperformanceformat.com\/c1158f160081d6540a8409e6925dab94\/invoke.js\"><\/script><\/div> <p>Neste tutorial, aprenderemos uma maneira simples de gerar datas aleat\u00f3rias entre duas datas (data de in\u00edcio e data de t\u00e9rmino). Para isso voc\u00ea precisa utilizar duas fun\u00e7\u00f5es diferentes que podem ser utilizadas em situa\u00e7\u00f5es diferentes.<\/p><ul><li> ALENTENTE<\/li><li> RANDARRAY<\/li><\/ul><h2 class=\"wp-block-heading\"> Gere datas aleat\u00f3rias com RANDBETWEEN<\/h2><p> No Excel, temos uma fun\u00e7\u00e3o chamada RANDBETWEEN que pega um valor inicial e um valor final para gerar valores aleat\u00f3rios entre eles, e voc\u00ea pode usar esta fun\u00e7\u00e3o para gerar datas aleat\u00f3rias.<\/p><ol type=\"1\"><li> Primeiro, especifique uma data de in\u00edcio a partir da qual deseja iniciar suas datas aleat\u00f3rias.<\/li><li> Em seguida, especifique uma data de t\u00e9rmino para ter um limite m\u00e1ximo para datas aleat\u00f3rias.<\/li><li> Depois disso, insira a fun\u00e7\u00e3o \u201cRANDBETWEEN\u201d em uma c\u00e9lula.<\/li><li> Agora consulte as c\u00e9lulas onde voc\u00ea tem as datas de in\u00edcio e t\u00e9rmino nos argumentos.<\/li><li> A partir da\u00ed, pressione Enter para obter uma \u00fanica data aleat\u00f3ria na c\u00e9lula.<\/li><li> No final, explore esta c\u00e9lula at\u00e9 a c\u00e9lula onde deseja ter as datas aleat\u00f3rias. <\/li><\/ol><div class=\"wp-block-image\"><figure class=\"aligncenter size-full is-resized\"><img loading=\"lazy\" decoding=\"async\" class=\"wp-image-66816\" src=\"https:\/\/exceladvisor.org\/wp-content\/uploads\/2023\/08\/1-randbeetween-pour-des-dates-aleatoires.png\" sizes=\"auto, \" srcset=\"\" alt=\"randbeetween-para-datas-aleat\u00f3rias\" width=\"505\" height=\"330\"><\/figure><\/div><p> random_date_generator.xlsx<\/p><pre class=\"wp-block-code\"> <code class=\"language-excel-formula\" lang=\"excel-formula\">=RANDBETWEEN($A$2,$B$2)<\/code><\/pre><p> Na f\u00f3rmula acima, usamos a fun\u00e7\u00e3o RANDBETWEEN com uma data de in\u00edcio e uma data de t\u00e9rmino. Como voc\u00ea pode ver, congelamos a refer\u00eancia das c\u00e9lulas A2 e B2 usando o cifr\u00e3o ($). E depois disso, precisamos detalhar a f\u00f3rmula at\u00e9 a c\u00e9lula C11 para obter as 10 datas aleat\u00f3rias.<\/p><h2 class=\"wp-block-heading\"> Usando RANDARRAY para datas aleat\u00f3rias<\/h2><p> Existe outra fun\u00e7\u00e3o que voc\u00ea pode usar para gerar n\u00fameros aleat\u00f3rios: RANDARRAY. Esta fun\u00e7\u00e3o tamb\u00e9m leva uma data de in\u00edcio e uma data de t\u00e9rmino.<\/p><p> Ao usar RANDARRAY, voc\u00ea deve especificar o n\u00famero de datas que deseja gerar. E isso voc\u00ea deve especificar em termos de colunas e linhas. <\/p><div class=\"wp-block-image\"><figure class=\"aligncenter size-full is-resized\"><img loading=\"lazy\" decoding=\"async\" class=\"wp-image-66817\" src=\"https:\/\/exceladvisor.org\/wp-content\/uploads\/2023\/08\/2-aleatoires-pour-des-dates-aleatoires.png\" sizes=\"auto, \" srcset=\"\" alt=\"datas aleat\u00f3rias por aleat\u00f3rias\" width=\"542\" height=\"323\"><\/figure><\/div><pre class=\"wp-block-code\"> <code class=\"language-excel-formula\" lang=\"excel-formula\">=RANDARRAY(10,2,A2,B2)<\/code><\/pre><p> Na f\u00f3rmula acima, especifiquei 10 linhas e 2 colunas e gerou 20 datas aleat\u00f3rias (10 x 2) no resultado.<\/p><p class=\"qt-tip\"> <strong>Nota:<\/strong> Ambas as fun\u00e7\u00f5es que usamos acima s\u00e3o vol\u00e1teis, o que significa que se voc\u00ea recalcular os c\u00e1lculos da planilha, todas as datas ser\u00e3o regeneradas. <\/p><div class=\"gb-container gb-container-52dfcee1 gb-container-sample-file\"><h2 class=\"gb-headline gb-headline-e289c143 gb-headline-text gb-headline-4f7959c2\"> Obtenha o arquivo Excel<\/h2> <a class=\"gb-button gb-button-e88d6bee gb-button-text gb-button-button1\" href=\"https:\/\/exceladvisor.org\/wp-content\/uploads\/2023\/08\/Excel-generateur-de-dates-aleatoires.xlsx\" rel=\"nofollow\">Download<\/a><\/div><div class=\"gb-container gb-container-0df56012 gb-container-mt\"> <a class=\"gb-button gb-button-f9f432f4 gb-button-text gb-button-mt-button\" href=\"https:\/\/exceladvisor.org\/pt\/formulas\/\">Lista de f\u00f3rmulas do Excel<\/a><h2 class=\"gb-headline gb-headline-233444e8 gb-headline-text gb-headline-mt-heading\"> F\u00f3rmulas relacionadas <\/h2><div class=\"gb-grid-wrapper gb-grid-wrapper-a16fa65c gb-grid-wrapper-mt-grid\"><div class=\"gb-grid-column gb-grid-column-50d07e0d\"><div class=\"gb-container gb-container-50d07e0d\"><ul><li> <a href=\"https:\/\/exceladvisor.org\/pt\/comparar-duas-datas\/\">Compare duas datas no Excel<\/a><\/li><li> <a href=\"https:\/\/exceladvisor.org\/pt\/converter-data-em-numero\/\">Converter data em n\u00famero no Excel<\/a><\/li><li> <a href=\"https:\/\/exceladvisor.org\/pt\/texto-ate-o-momento\/\">Converter texto atualizado no Excel<\/a><\/li><li> <a href=\"https:\/\/exceladvisor.org\/pt\/intervalo-de-datas\/\">Crie um intervalo de datas no Excel<\/a><\/li><li> <a href=\"https:\/\/exceladvisor.org\/pt\/formatos-de-data-personalizados\/\">Formatos de data personalizados no Excel<\/a><\/li><li> <a href=\"https:\/\/exceladvisor.org\/pt\/data-se\/\">Fun\u00e7\u00e3o DATADIF no Excel<\/a> <\/li><\/ul><\/div><\/div><div class=\"gb-grid-column gb-grid-column-5b4a0cf9\"><div class=\"gb-container gb-container-5b4a0cf9\"><\/div><\/div><\/div><\/div>","protected":false},"excerpt":{"rendered":"","protected":false},"author":1,"featured_media":0,"parent":0,"menu_order":0,"comment_status":"open","ping_status":"closed","template":"","meta":{"ub_ctt_via":"","footnotes":""},"class_list":["post-314","page","type-page","status-publish","hentry"],"featured_image_src":null,"yoast_head":"<!-- This site is optimized with the Yoast SEO plugin v25.4 - https:\/\/yoast.com\/wordpress\/plugins\/seo\/ -->\n<title>Gerador de data aleat\u00f3ria no Excel - Excel Advisor<\/title>\n<meta name=\"description\" content=\"Neste tutorial, voc\u00ea aprender\u00e1 diferentes f\u00f3rmulas f\u00e1ceis de usar para criar um gerador de datas aleat\u00f3rias no Excel.\" \/>\n<meta name=\"robots\" content=\"index, follow, max-snippet:-1, max-image-preview:large, max-video-preview:-1\" \/>\n<link rel=\"canonical\" href=\"https:\/\/exceladvisor.org\/pt\/gerador-de-data-aleatoria\/\" \/>\n<meta property=\"og:locale\" content=\"pt_PT\" \/>\n<meta property=\"og:type\" content=\"article\" \/>\n<meta property=\"og:title\" content=\"Gerador de data aleat\u00f3ria no Excel - Excel Advisor\" \/>\n<meta property=\"og:description\" content=\"Neste tutorial, voc\u00ea aprender\u00e1 diferentes f\u00f3rmulas f\u00e1ceis de usar para criar um gerador de datas aleat\u00f3rias no Excel.\" \/>\n<meta property=\"og:url\" content=\"https:\/\/exceladvisor.org\/pt\/gerador-de-data-aleatoria\/\" \/>\n<meta property=\"og:site_name\" content=\"Excel Advisor\" \/>\n<meta property=\"article:modified_time\" content=\"2023-12-06T11:50:58+00:00\" \/>\n<meta property=\"og:image\" content=\"https:\/\/exceladvisor.org\/wp-content\/uploads\/2023\/08\/1-randbeetween-pour-des-dates-aleatoires.png\" \/>\n<meta name=\"twitter:card\" content=\"summary_large_image\" \/>\n<meta name=\"twitter:label1\" content=\"Tempo estimado de leitura\" \/>\n\t<meta name=\"twitter:data1\" content=\"2 minutos\" \/>\n<script type=\"application\/ld+json\" class=\"yoast-schema-graph\">{\"@context\":\"https:\/\/schema.org\",\"@graph\":[{\"@type\":\"WebPage\",\"@id\":\"https:\/\/exceladvisor.org\/pt\/gerador-de-data-aleatoria\/\",\"url\":\"https:\/\/exceladvisor.org\/pt\/gerador-de-data-aleatoria\/\",\"name\":\"Gerador de data aleat\u00f3ria no Excel - Excel Advisor\",\"isPartOf\":{\"@id\":\"https:\/\/exceladvisor.org\/pt\/#website\"},\"primaryImageOfPage\":{\"@id\":\"https:\/\/exceladvisor.org\/pt\/gerador-de-data-aleatoria\/#primaryimage\"},\"image\":{\"@id\":\"https:\/\/exceladvisor.org\/pt\/gerador-de-data-aleatoria\/#primaryimage\"},\"thumbnailUrl\":\"https:\/\/exceladvisor.org\/wp-content\/uploads\/2023\/08\/1-randbeetween-pour-des-dates-aleatoires.png\",\"datePublished\":\"2023-11-05T01:15:47+00:00\",\"dateModified\":\"2023-12-06T11:50:58+00:00\",\"description\":\"Neste tutorial, voc\u00ea aprender\u00e1 diferentes f\u00f3rmulas f\u00e1ceis de usar para criar um gerador de datas aleat\u00f3rias no Excel.\",\"breadcrumb\":{\"@id\":\"https:\/\/exceladvisor.org\/pt\/gerador-de-data-aleatoria\/#breadcrumb\"},\"inLanguage\":\"pt-PT\",\"potentialAction\":[{\"@type\":\"ReadAction\",\"target\":[\"https:\/\/exceladvisor.org\/pt\/gerador-de-data-aleatoria\/\"]}]},{\"@type\":\"ImageObject\",\"inLanguage\":\"pt-PT\",\"@id\":\"https:\/\/exceladvisor.org\/pt\/gerador-de-data-aleatoria\/#primaryimage\",\"url\":\"https:\/\/exceladvisor.org\/wp-content\/uploads\/2023\/08\/1-randbeetween-pour-des-dates-aleatoires.png\",\"contentUrl\":\"https:\/\/exceladvisor.org\/wp-content\/uploads\/2023\/08\/1-randbeetween-pour-des-dates-aleatoires.png\"},{\"@type\":\"BreadcrumbList\",\"@id\":\"https:\/\/exceladvisor.org\/pt\/gerador-de-data-aleatoria\/#breadcrumb\",\"itemListElement\":[{\"@type\":\"ListItem\",\"position\":1,\"name\":\"Lar\",\"item\":\"https:\/\/exceladvisor.org\/pt\/\"},{\"@type\":\"ListItem\",\"position\":2,\"name\":\"Gerador de data aleat\u00f3ria no excel\"}]},{\"@type\":\"WebSite\",\"@id\":\"https:\/\/exceladvisor.org\/pt\/#website\",\"url\":\"https:\/\/exceladvisor.org\/pt\/\",\"name\":\"Excel Advisor\",\"description\":\"O seu guia definitivo para dominar os dados!\",\"publisher\":{\"@id\":\"https:\/\/exceladvisor.org\/pt\/#organization\"},\"potentialAction\":[{\"@type\":\"SearchAction\",\"target\":{\"@type\":\"EntryPoint\",\"urlTemplate\":\"https:\/\/exceladvisor.org\/pt\/?s={search_term_string}\"},\"query-input\":{\"@type\":\"PropertyValueSpecification\",\"valueRequired\":true,\"valueName\":\"search_term_string\"}}],\"inLanguage\":\"pt-PT\"},{\"@type\":\"Organization\",\"@id\":\"https:\/\/exceladvisor.org\/pt\/#organization\",\"name\":\"Excel Advisor\",\"url\":\"https:\/\/exceladvisor.org\/pt\/\",\"logo\":{\"@type\":\"ImageObject\",\"inLanguage\":\"pt-PT\",\"@id\":\"https:\/\/exceladvisor.org\/pt\/#\/schema\/logo\/image\/\",\"url\":\"https:\/\/exceladvisor.org\/pt\/wp-content\/uploads\/2023\/12\/exceladvisor.org_.png\",\"contentUrl\":\"https:\/\/exceladvisor.org\/pt\/wp-content\/uploads\/2023\/12\/exceladvisor.org_.png\",\"width\":105,\"height\":36,\"caption\":\"Excel Advisor\"},\"image\":{\"@id\":\"https:\/\/exceladvisor.org\/pt\/#\/schema\/logo\/image\/\"}}]}<\/script>\n<!-- \/ Yoast SEO plugin. -->","yoast_head_json":{"title":"Gerador de data aleat\u00f3ria no Excel - Excel Advisor","description":"Neste tutorial, voc\u00ea aprender\u00e1 diferentes f\u00f3rmulas f\u00e1ceis de usar para criar um gerador de datas aleat\u00f3rias no Excel.","robots":{"index":"index","follow":"follow","max-snippet":"max-snippet:-1","max-image-preview":"max-image-preview:large","max-video-preview":"max-video-preview:-1"},"canonical":"https:\/\/exceladvisor.org\/pt\/gerador-de-data-aleatoria\/","og_locale":"pt_PT","og_type":"article","og_title":"Gerador de data aleat\u00f3ria no Excel - Excel Advisor","og_description":"Neste tutorial, voc\u00ea aprender\u00e1 diferentes f\u00f3rmulas f\u00e1ceis de usar para criar um gerador de datas aleat\u00f3rias no Excel.","og_url":"https:\/\/exceladvisor.org\/pt\/gerador-de-data-aleatoria\/","og_site_name":"Excel Advisor","article_modified_time":"2023-12-06T11:50:58+00:00","og_image":[{"url":"https:\/\/exceladvisor.org\/wp-content\/uploads\/2023\/08\/1-randbeetween-pour-des-dates-aleatoires.png","type":"","width":"","height":""}],"twitter_card":"summary_large_image","twitter_misc":{"Tempo estimado de leitura":"2 minutos"},"schema":{"@context":"https:\/\/schema.org","@graph":[{"@type":"WebPage","@id":"https:\/\/exceladvisor.org\/pt\/gerador-de-data-aleatoria\/","url":"https:\/\/exceladvisor.org\/pt\/gerador-de-data-aleatoria\/","name":"Gerador de data aleat\u00f3ria no Excel - Excel Advisor","isPartOf":{"@id":"https:\/\/exceladvisor.org\/pt\/#website"},"primaryImageOfPage":{"@id":"https:\/\/exceladvisor.org\/pt\/gerador-de-data-aleatoria\/#primaryimage"},"image":{"@id":"https:\/\/exceladvisor.org\/pt\/gerador-de-data-aleatoria\/#primaryimage"},"thumbnailUrl":"https:\/\/exceladvisor.org\/wp-content\/uploads\/2023\/08\/1-randbeetween-pour-des-dates-aleatoires.png","datePublished":"2023-11-05T01:15:47+00:00","dateModified":"2023-12-06T11:50:58+00:00","description":"Neste tutorial, voc\u00ea aprender\u00e1 diferentes f\u00f3rmulas f\u00e1ceis de usar para criar um gerador de datas aleat\u00f3rias no Excel.","breadcrumb":{"@id":"https:\/\/exceladvisor.org\/pt\/gerador-de-data-aleatoria\/#breadcrumb"},"inLanguage":"pt-PT","potentialAction":[{"@type":"ReadAction","target":["https:\/\/exceladvisor.org\/pt\/gerador-de-data-aleatoria\/"]}]},{"@type":"ImageObject","inLanguage":"pt-PT","@id":"https:\/\/exceladvisor.org\/pt\/gerador-de-data-aleatoria\/#primaryimage","url":"https:\/\/exceladvisor.org\/wp-content\/uploads\/2023\/08\/1-randbeetween-pour-des-dates-aleatoires.png","contentUrl":"https:\/\/exceladvisor.org\/wp-content\/uploads\/2023\/08\/1-randbeetween-pour-des-dates-aleatoires.png"},{"@type":"BreadcrumbList","@id":"https:\/\/exceladvisor.org\/pt\/gerador-de-data-aleatoria\/#breadcrumb","itemListElement":[{"@type":"ListItem","position":1,"name":"Lar","item":"https:\/\/exceladvisor.org\/pt\/"},{"@type":"ListItem","position":2,"name":"Gerador de data aleat\u00f3ria no excel"}]},{"@type":"WebSite","@id":"https:\/\/exceladvisor.org\/pt\/#website","url":"https:\/\/exceladvisor.org\/pt\/","name":"Excel Advisor","description":"O seu guia definitivo para dominar os dados!","publisher":{"@id":"https:\/\/exceladvisor.org\/pt\/#organization"},"potentialAction":[{"@type":"SearchAction","target":{"@type":"EntryPoint","urlTemplate":"https:\/\/exceladvisor.org\/pt\/?s={search_term_string}"},"query-input":{"@type":"PropertyValueSpecification","valueRequired":true,"valueName":"search_term_string"}}],"inLanguage":"pt-PT"},{"@type":"Organization","@id":"https:\/\/exceladvisor.org\/pt\/#organization","name":"Excel Advisor","url":"https:\/\/exceladvisor.org\/pt\/","logo":{"@type":"ImageObject","inLanguage":"pt-PT","@id":"https:\/\/exceladvisor.org\/pt\/#\/schema\/logo\/image\/","url":"https:\/\/exceladvisor.org\/pt\/wp-content\/uploads\/2023\/12\/exceladvisor.org_.png","contentUrl":"https:\/\/exceladvisor.org\/pt\/wp-content\/uploads\/2023\/12\/exceladvisor.org_.png","width":105,"height":36,"caption":"Excel Advisor"},"image":{"@id":"https:\/\/exceladvisor.org\/pt\/#\/schema\/logo\/image\/"}}]}},"yoast_meta":{"yoast_wpseo_title":"","yoast_wpseo_metadesc":"","yoast_wpseo_canonical":""},"_links":{"self":[{"href":"https:\/\/exceladvisor.org\/pt\/wp-json\/wp\/v2\/pages\/314","targetHints":{"allow":["GET"]}}],"collection":[{"href":"https:\/\/exceladvisor.org\/pt\/wp-json\/wp\/v2\/pages"}],"about":[{"href":"https:\/\/exceladvisor.org\/pt\/wp-json\/wp\/v2\/types\/page"}],"author":[{"embeddable":true,"href":"https:\/\/exceladvisor.org\/pt\/wp-json\/wp\/v2\/users\/1"}],"replies":[{"embeddable":true,"href":"https:\/\/exceladvisor.org\/pt\/wp-json\/wp\/v2\/comments?post=314"}],"version-history":[{"count":1,"href":"https:\/\/exceladvisor.org\/pt\/wp-json\/wp\/v2\/pages\/314\/revisions"}],"predecessor-version":[{"id":1435,"href":"https:\/\/exceladvisor.org\/pt\/wp-json\/wp\/v2\/pages\/314\/revisions\/1435"}],"wp:attachment":[{"href":"https:\/\/exceladvisor.org\/pt\/wp-json\/wp\/v2\/media?parent=314"}],"curies":[{"name":"wp","href":"https:\/\/api.w.org\/{rel}","templated":true}]}}