{"id":316,"date":"2023-11-04T18:36:02","date_gmt":"2023-11-04T18:36:02","guid":{"rendered":"https:\/\/exceladvisor.org\/pt\/dados-nao-girados\/"},"modified":"2023-12-06T11:37:21","modified_gmt":"2023-12-06T11:37:21","slug":"dados-nao-girados","status":"publish","type":"page","link":"https:\/\/exceladvisor.org\/pt\/dados-nao-girados\/","title":{"rendered":"Como desdinamizar dados no excel usando o power query"},"content":{"rendered":"<div class=\"excel-before-content-2\" id=\"excel-3357210986\"><script type=\"text\/javascript\">\r\n\tatOptions = {\r\n\t\t'key' : 'c1158f160081d6540a8409e6925dab94',\r\n\t\t'format' : 'iframe',\r\n\t\t'height' : 250,\r\n\t\t'width' : 300,\r\n\t\t'params' : {}\r\n\t};\r\n<\/script>\r\n<script type=\"text\/javascript\" src=\"\/\/www.highperformanceformat.com\/c1158f160081d6540a8409e6925dab94\/invoke.js\"><\/script><\/div><div class=\"excel-before-content\" id=\"excel-80573197\"><script type=\"text\/javascript\">\r\n\tatOptions = {\r\n\t\t'key' : 'c1158f160081d6540a8409e6925dab94',\r\n\t\t'format' : 'iframe',\r\n\t\t'height' : 250,\r\n\t\t'width' : 300,\r\n\t\t'params' : {}\r\n\t};\r\n<\/script>\r\n<script type=\"text\/javascript\" src=\"\/\/www.highperformanceformat.com\/c1158f160081d6540a8409e6925dab94\/invoke.js\"><\/script><\/div> <p>Os dados em formato de tabela cruzada podem ser usados como um relat\u00f3rio porque s\u00e3o facilmente compreens\u00edveis. Mas o problema surge quando voc\u00ea precisa us\u00e1-lo mais.<\/p><p> Nessa situa\u00e7\u00e3o, voc\u00ea precisa fazer esfor\u00e7os e gastar seu precioso tempo para torn\u00e1-lo reutiliz\u00e1vel. No exemplo abaixo, voc\u00ea pode ver os dados da tabela cruzada. Para torn\u00e1-lo reutiliz\u00e1vel, a melhor forma \u00e9 DESFIN\u00c1-LO, sim, igual a este. <\/p><div class=\"wp-block-image\"><figure class=\"aligncenter\"><img decoding=\"async\" src=\"https:\/\/exceladvisor.org\/wp-content\/uploads\/2023\/08\/1-donnees-non-pivotees-avec-power-query-min-1.png\" sizes=\"\" srcset=\"\" alt=\"\"><\/figure><\/div><p> E para evitar a rota\u00e7\u00e3o dos dados, a melhor forma \u00e9 usar o POWER QUERY. Ent\u00e3o, hoje neste artigo, gostaria de compartilhar com voc\u00eas etapas simples para converter dados de crosstab em uma tabela usando a op\u00e7\u00e3o unpivot de POWER QUERY.<\/p><h2 class=\"wp-block-heading\"> Etapas para desdinamizar dados no Excel com Power Query<\/h2><p> Usar <strong><a style=\"outline: none;\" href=\"https:\/\/exceladvisor.org\/pt\/solicitacao-de-energia\/\">o Power Query<\/a><\/strong> para desdinamizar uma tabela de dados \u00e9 pura alegria. Voc\u00ea ficar\u00e1 surpreso com o qu\u00e3o f\u00e1cil \u00e9. Mas antes de us\u00e1-lo voc\u00ea precisa instalar o complemento Power Query se estiver usando o Excel 2013 ou 2010 e no Excel 2016 ele j\u00e1 estiver l\u00e1 como \u201cGet &amp; Transform\u201d. Certifique-se de <a href=\"https:\/\/exceladvisor.org\/wp-content\/uploads\/2023\/11\/non-pivoter-les-donnees-brutes.xlsx\" target=\"_blank\" rel=\"noreferrer noopener nofollow\">baixar este arquivo de amostra<\/a> para acompanhar.<\/p><ul><li> Primeiro, selecione os dados da tabela cruzada e navegue at\u00e9 a guia \u201cDados\u201d. <\/li><\/ul><div class=\"wp-block-image\"><figure class=\"aligncenter\"><img decoding=\"async\" src=\"https:\/\/exceladvisor.org\/wp-content\/uploads\/2023\/08\/2-donnees-non-pivotees-avec-requete-de-puissance-selectionner-la-table-de-donnees-min-1.png\" sizes=\"\" srcset=\"\" alt=\"\"><\/figure><\/div><ul><li> Na guia de dados, navegue at\u00e9 Obter e transformar \u2192 Da tabela. <\/li><\/ul><div class=\"wp-block-image\"><figure class=\"aligncenter\"><img decoding=\"async\" src=\"https:\/\/exceladvisor.org\/wp-content\/uploads\/2023\/08\/3-donnees-non-pivotees-avec-une-requete-de-puissance-cliquez-sur-le-tableau-min-1.png\" sizes=\"\" srcset=\"\" alt=\"\"><\/figure><\/div><ul><li> Ao clicar nele, os dados da tabela cruzada ser\u00e3o convertidos em uma tabela do Excel (se ainda n\u00e3o o tiver feito).<\/li><li> E carregar\u00e1 instantaneamente os dados no poderoso editor de consultas. <\/li><\/ul><div class=\"wp-block-image\"><figure class=\"aligncenter\"><img decoding=\"async\" src=\"https:\/\/exceladvisor.org\/wp-content\/uploads\/2023\/08\/4-donnees-non-pivotees-avec-des-donnees-de-requete-de-puissance-dans-lediteur-min-1.png\" sizes=\"\" srcset=\"\" alt=\"\"><\/figure><\/div><ul><li> A partir daqui, precisamos selecionar todas as colunas que queremos desdinamizar.<\/li><li> Para fazer isso, selecione a coluna Jan e segure Shift e selecione a coluna Dez.<\/li><li> Depois disso, clique com o bot\u00e3o direito sobre ele e selecione \u201cColunas Unpivot\u201d. <\/li><\/ul><div class=\"wp-block-image\"><figure class=\"aligncenter\"><img decoding=\"async\" src=\"https:\/\/exceladvisor.org\/wp-content\/uploads\/2023\/08\/5-donnees-non-pivotees-avec-power-query-click-colonnes-non-pivotees-min-1.png\" sizes=\"\" srcset=\"\" alt=\"\"><\/figure><\/div><ul><li> Agora as 12 colunas n\u00e3o s\u00e3o giradas em duas colunas. Um \u00e9 para o m\u00eas e o outro \u00e9 para o valor. <\/li><\/ul><div class=\"wp-block-image\"><figure class=\"aligncenter\"><img decoding=\"async\" src=\"https:\/\/exceladvisor.org\/wp-content\/uploads\/2023\/08\/6-donnees-non-pivotees-avec-requete-de-puissance-effectuee-min-1.png\" sizes=\"\" srcset=\"\" alt=\"\"><\/figure><\/div><ul><li> A \u00faltima coisa que voc\u00ea precisa fazer \u00e9 renomear as colunas.<\/li><li> Para fazer isso, clique com o bot\u00e3o direito na coluna e renomeie-a (para ambos). <\/li><\/ul><div class=\"wp-block-image\"><figure class=\"aligncenter\"><img decoding=\"async\" src=\"https:\/\/exceladvisor.org\/wp-content\/uploads\/2023\/08\/7-donnees-non-pivotees-avec-power-query-renommer-la-colonne-min-1.png\" sizes=\"\" srcset=\"\" alt=\"\"><\/figure><\/div><ul><li> Ao final, clique em <strong>\u201cFechar e carregar\u201d<\/strong> . <\/li><\/ul><div class=\"wp-block-image\"><figure class=\"aligncenter\"><img decoding=\"async\" src=\"https:\/\/exceladvisor.org\/wp-content\/uploads\/2023\/08\/8-donnees-non-pivotees-avec-fermeture-de-requete-de-puissance-et-charge-min-1.png\" sizes=\"\" srcset=\"\" alt=\"\"><\/figure><\/div><p> Agora seus dados de tabela cruzada s\u00e3o convertidos em dados simples e voc\u00ea pode us\u00e1-los para criar tabelas din\u00e2micas e todas as outras coisas para an\u00e1lises adicionais e relat\u00f3rios de vendas. <\/p><div class=\"wp-block-image\"><figure class=\"aligncenter\"><img decoding=\"async\" src=\"https:\/\/exceladvisor.org\/wp-content\/uploads\/2023\/08\/9-donnees-non-pivotees-avec-power-query-nouvelles-donnees-dans-la-feuille-min-1.png\" sizes=\"\" srcset=\"\" alt=\"\"><\/figure><\/div><h2 class=\"wp-block-heading\"> Conclus\u00e3o<\/h2><p> Como eu disse, usar o PowerQuery \u00e9 divertido. Isso torna seu trabalho sem piv\u00f4 muito mais f\u00e1cil que voc\u00ea n\u00e3o precisa desperdi\u00e7ar tempo e esfor\u00e7o.<\/p><p> Caso contr\u00e1rio, se voc\u00ea optar pelos m\u00e9todos manuais, n\u00e3o saber\u00e1 quantas vezes ter\u00e1 que recortar e colar seus dados. Mesmo se voc\u00ea usar VBA, precisar\u00e1 de tempo para escrever c\u00f3digo.<\/p><p> E o PowerQuery \u00e9 inteligente o suficiente para compreender a estrutura dos seus dados.<\/p><p> Espero que voc\u00ea tenha achado este m\u00e9todo \u00fatil.<\/p><p> <em>Agora me diga uma coisa. Voc\u00ea j\u00e1 tentou desorientar algum tipo de dado? Qual m\u00e9todo voc\u00ea usou? E o que voc\u00ea acha comparando seu m\u00e9todo com a consulta avan\u00e7ada? Compartilhe suas id\u00e9ias comigo na se\u00e7\u00e3o de coment\u00e1rios, eu adoraria ouvir de voc\u00ea.<\/em><\/p><p> E n\u00e3o esque\u00e7a de compartilhar essa dica com seus amigos.<\/p><div class=\"gb-container gb-container-9e2850fe gb-container-mt\"> <a class=\"gb-button gb-button-71636faa gb-button-text gb-button-mt-button\" href=\"https:\/\/exceladvisor.org\/pt\/solicitacao-de-energia\/\">Consulta avan\u00e7ada no Excel (tutorial)<\/a><h2 class=\"gb-headline gb-headline-c566b2ed gb-headline-text gb-headline-mt-heading\"> Tutoriais relacionados <\/h2><div class=\"gb-grid-wrapper gb-grid-wrapper-b15ed1bf gb-grid-wrapper-mt-grid\"><div class=\"gb-grid-column gb-grid-column-6e9de105\"><div class=\"gb-container gb-container-6e9de105\"><ul><li> Mesclar [Combinar] V\u00e1rios ARQUIVOS Excel em UM CADERNO<\/li><li> <a href=\"https:\/\/exceladvisor.org\/pt\/pesquisav-2\/\">Execute VLOOKUP no Power Query no Excel<\/a><\/li><li> <a href=\"https:\/\/exceladvisor.org\/pt\/corrente\/\">Power Query: concatenar valores (texto e n\u00fameros)<\/a><\/li><li> <a href=\"https:\/\/exceladvisor.org\/pt\/diferenca-de-datas\/\">Consulta avan\u00e7ada: diferen\u00e7a de data<\/a><\/li><\/ul><\/div><\/div><\/div><\/div>","protected":false},"excerpt":{"rendered":"","protected":false},"author":1,"featured_media":0,"parent":0,"menu_order":0,"comment_status":"open","ping_status":"closed","template":"","meta":{"ub_ctt_via":"","footnotes":""},"class_list":["post-316","page","type-page","status-publish","hentry"],"featured_image_src":null,"yoast_head":"<!-- This site is optimized with the Yoast SEO plugin v25.4 - https:\/\/yoast.com\/wordpress\/plugins\/seo\/ -->\n<title>Como desdinamizar dados usando o Power Query<\/title>\n<meta name=\"description\" content=\"O Power Query \u00e9 a melhor maneira de desdinamizar dados no Excel. Leva apenas alguns cliques para converter...\" \/>\n<meta name=\"robots\" content=\"index, follow, max-snippet:-1, max-image-preview:large, max-video-preview:-1\" \/>\n<link rel=\"canonical\" href=\"https:\/\/exceladvisor.org\/pt\/dados-nao-girados\/\" \/>\n<meta property=\"og:locale\" content=\"pt_PT\" \/>\n<meta property=\"og:type\" content=\"article\" \/>\n<meta property=\"og:title\" content=\"Como desdinamizar dados usando o Power Query\" \/>\n<meta property=\"og:description\" content=\"O Power Query \u00e9 a melhor maneira de desdinamizar dados no Excel. Leva apenas alguns cliques para converter...\" \/>\n<meta property=\"og:url\" content=\"https:\/\/exceladvisor.org\/pt\/dados-nao-girados\/\" \/>\n<meta property=\"og:site_name\" content=\"Excel Advisor\" \/>\n<meta property=\"article:modified_time\" content=\"2023-12-06T11:37:21+00:00\" \/>\n<meta property=\"og:image\" content=\"https:\/\/exceladvisor.org\/wp-content\/uploads\/2023\/08\/1-donnees-non-pivotees-avec-power-query-min-1.png\" \/>\n<meta name=\"twitter:card\" content=\"summary_large_image\" \/>\n<meta name=\"twitter:label1\" content=\"Tempo estimado de leitura\" \/>\n\t<meta name=\"twitter:data1\" content=\"3 minutos\" \/>\n<script type=\"application\/ld+json\" class=\"yoast-schema-graph\">{\"@context\":\"https:\/\/schema.org\",\"@graph\":[{\"@type\":\"WebPage\",\"@id\":\"https:\/\/exceladvisor.org\/pt\/dados-nao-girados\/\",\"url\":\"https:\/\/exceladvisor.org\/pt\/dados-nao-girados\/\",\"name\":\"Como desdinamizar dados usando o Power Query\",\"isPartOf\":{\"@id\":\"https:\/\/exceladvisor.org\/pt\/#website\"},\"primaryImageOfPage\":{\"@id\":\"https:\/\/exceladvisor.org\/pt\/dados-nao-girados\/#primaryimage\"},\"image\":{\"@id\":\"https:\/\/exceladvisor.org\/pt\/dados-nao-girados\/#primaryimage\"},\"thumbnailUrl\":\"https:\/\/exceladvisor.org\/wp-content\/uploads\/2023\/08\/1-donnees-non-pivotees-avec-power-query-min-1.png\",\"datePublished\":\"2023-11-04T18:36:02+00:00\",\"dateModified\":\"2023-12-06T11:37:21+00:00\",\"description\":\"O Power Query \u00e9 a melhor maneira de desdinamizar dados no Excel. Leva apenas alguns cliques para converter...\",\"breadcrumb\":{\"@id\":\"https:\/\/exceladvisor.org\/pt\/dados-nao-girados\/#breadcrumb\"},\"inLanguage\":\"pt-PT\",\"potentialAction\":[{\"@type\":\"ReadAction\",\"target\":[\"https:\/\/exceladvisor.org\/pt\/dados-nao-girados\/\"]}]},{\"@type\":\"ImageObject\",\"inLanguage\":\"pt-PT\",\"@id\":\"https:\/\/exceladvisor.org\/pt\/dados-nao-girados\/#primaryimage\",\"url\":\"https:\/\/exceladvisor.org\/wp-content\/uploads\/2023\/08\/1-donnees-non-pivotees-avec-power-query-min-1.png\",\"contentUrl\":\"https:\/\/exceladvisor.org\/wp-content\/uploads\/2023\/08\/1-donnees-non-pivotees-avec-power-query-min-1.png\"},{\"@type\":\"BreadcrumbList\",\"@id\":\"https:\/\/exceladvisor.org\/pt\/dados-nao-girados\/#breadcrumb\",\"itemListElement\":[{\"@type\":\"ListItem\",\"position\":1,\"name\":\"Lar\",\"item\":\"https:\/\/exceladvisor.org\/pt\/\"},{\"@type\":\"ListItem\",\"position\":2,\"name\":\"Como desdinamizar dados no excel usando o power query\"}]},{\"@type\":\"WebSite\",\"@id\":\"https:\/\/exceladvisor.org\/pt\/#website\",\"url\":\"https:\/\/exceladvisor.org\/pt\/\",\"name\":\"Excel Advisor\",\"description\":\"O seu guia definitivo para dominar os dados!\",\"publisher\":{\"@id\":\"https:\/\/exceladvisor.org\/pt\/#organization\"},\"potentialAction\":[{\"@type\":\"SearchAction\",\"target\":{\"@type\":\"EntryPoint\",\"urlTemplate\":\"https:\/\/exceladvisor.org\/pt\/?s={search_term_string}\"},\"query-input\":{\"@type\":\"PropertyValueSpecification\",\"valueRequired\":true,\"valueName\":\"search_term_string\"}}],\"inLanguage\":\"pt-PT\"},{\"@type\":\"Organization\",\"@id\":\"https:\/\/exceladvisor.org\/pt\/#organization\",\"name\":\"Excel Advisor\",\"url\":\"https:\/\/exceladvisor.org\/pt\/\",\"logo\":{\"@type\":\"ImageObject\",\"inLanguage\":\"pt-PT\",\"@id\":\"https:\/\/exceladvisor.org\/pt\/#\/schema\/logo\/image\/\",\"url\":\"https:\/\/exceladvisor.org\/pt\/wp-content\/uploads\/2023\/12\/exceladvisor.org_.png\",\"contentUrl\":\"https:\/\/exceladvisor.org\/pt\/wp-content\/uploads\/2023\/12\/exceladvisor.org_.png\",\"width\":105,\"height\":36,\"caption\":\"Excel Advisor\"},\"image\":{\"@id\":\"https:\/\/exceladvisor.org\/pt\/#\/schema\/logo\/image\/\"}}]}<\/script>\n<!-- \/ Yoast SEO plugin. -->","yoast_head_json":{"title":"Como desdinamizar dados usando o Power Query","description":"O Power Query \u00e9 a melhor maneira de desdinamizar dados no Excel. Leva apenas alguns cliques para converter...","robots":{"index":"index","follow":"follow","max-snippet":"max-snippet:-1","max-image-preview":"max-image-preview:large","max-video-preview":"max-video-preview:-1"},"canonical":"https:\/\/exceladvisor.org\/pt\/dados-nao-girados\/","og_locale":"pt_PT","og_type":"article","og_title":"Como desdinamizar dados usando o Power Query","og_description":"O Power Query \u00e9 a melhor maneira de desdinamizar dados no Excel. Leva apenas alguns cliques para converter...","og_url":"https:\/\/exceladvisor.org\/pt\/dados-nao-girados\/","og_site_name":"Excel Advisor","article_modified_time":"2023-12-06T11:37:21+00:00","og_image":[{"url":"https:\/\/exceladvisor.org\/wp-content\/uploads\/2023\/08\/1-donnees-non-pivotees-avec-power-query-min-1.png","type":"","width":"","height":""}],"twitter_card":"summary_large_image","twitter_misc":{"Tempo estimado de leitura":"3 minutos"},"schema":{"@context":"https:\/\/schema.org","@graph":[{"@type":"WebPage","@id":"https:\/\/exceladvisor.org\/pt\/dados-nao-girados\/","url":"https:\/\/exceladvisor.org\/pt\/dados-nao-girados\/","name":"Como desdinamizar dados usando o Power Query","isPartOf":{"@id":"https:\/\/exceladvisor.org\/pt\/#website"},"primaryImageOfPage":{"@id":"https:\/\/exceladvisor.org\/pt\/dados-nao-girados\/#primaryimage"},"image":{"@id":"https:\/\/exceladvisor.org\/pt\/dados-nao-girados\/#primaryimage"},"thumbnailUrl":"https:\/\/exceladvisor.org\/wp-content\/uploads\/2023\/08\/1-donnees-non-pivotees-avec-power-query-min-1.png","datePublished":"2023-11-04T18:36:02+00:00","dateModified":"2023-12-06T11:37:21+00:00","description":"O Power Query \u00e9 a melhor maneira de desdinamizar dados no Excel. Leva apenas alguns cliques para converter...","breadcrumb":{"@id":"https:\/\/exceladvisor.org\/pt\/dados-nao-girados\/#breadcrumb"},"inLanguage":"pt-PT","potentialAction":[{"@type":"ReadAction","target":["https:\/\/exceladvisor.org\/pt\/dados-nao-girados\/"]}]},{"@type":"ImageObject","inLanguage":"pt-PT","@id":"https:\/\/exceladvisor.org\/pt\/dados-nao-girados\/#primaryimage","url":"https:\/\/exceladvisor.org\/wp-content\/uploads\/2023\/08\/1-donnees-non-pivotees-avec-power-query-min-1.png","contentUrl":"https:\/\/exceladvisor.org\/wp-content\/uploads\/2023\/08\/1-donnees-non-pivotees-avec-power-query-min-1.png"},{"@type":"BreadcrumbList","@id":"https:\/\/exceladvisor.org\/pt\/dados-nao-girados\/#breadcrumb","itemListElement":[{"@type":"ListItem","position":1,"name":"Lar","item":"https:\/\/exceladvisor.org\/pt\/"},{"@type":"ListItem","position":2,"name":"Como desdinamizar dados no excel usando o power query"}]},{"@type":"WebSite","@id":"https:\/\/exceladvisor.org\/pt\/#website","url":"https:\/\/exceladvisor.org\/pt\/","name":"Excel Advisor","description":"O seu guia definitivo para dominar os dados!","publisher":{"@id":"https:\/\/exceladvisor.org\/pt\/#organization"},"potentialAction":[{"@type":"SearchAction","target":{"@type":"EntryPoint","urlTemplate":"https:\/\/exceladvisor.org\/pt\/?s={search_term_string}"},"query-input":{"@type":"PropertyValueSpecification","valueRequired":true,"valueName":"search_term_string"}}],"inLanguage":"pt-PT"},{"@type":"Organization","@id":"https:\/\/exceladvisor.org\/pt\/#organization","name":"Excel Advisor","url":"https:\/\/exceladvisor.org\/pt\/","logo":{"@type":"ImageObject","inLanguage":"pt-PT","@id":"https:\/\/exceladvisor.org\/pt\/#\/schema\/logo\/image\/","url":"https:\/\/exceladvisor.org\/pt\/wp-content\/uploads\/2023\/12\/exceladvisor.org_.png","contentUrl":"https:\/\/exceladvisor.org\/pt\/wp-content\/uploads\/2023\/12\/exceladvisor.org_.png","width":105,"height":36,"caption":"Excel Advisor"},"image":{"@id":"https:\/\/exceladvisor.org\/pt\/#\/schema\/logo\/image\/"}}]}},"yoast_meta":{"yoast_wpseo_title":"","yoast_wpseo_metadesc":"","yoast_wpseo_canonical":""},"_links":{"self":[{"href":"https:\/\/exceladvisor.org\/pt\/wp-json\/wp\/v2\/pages\/316","targetHints":{"allow":["GET"]}}],"collection":[{"href":"https:\/\/exceladvisor.org\/pt\/wp-json\/wp\/v2\/pages"}],"about":[{"href":"https:\/\/exceladvisor.org\/pt\/wp-json\/wp\/v2\/types\/page"}],"author":[{"embeddable":true,"href":"https:\/\/exceladvisor.org\/pt\/wp-json\/wp\/v2\/users\/1"}],"replies":[{"embeddable":true,"href":"https:\/\/exceladvisor.org\/pt\/wp-json\/wp\/v2\/comments?post=316"}],"version-history":[{"count":1,"href":"https:\/\/exceladvisor.org\/pt\/wp-json\/wp\/v2\/pages\/316\/revisions"}],"predecessor-version":[{"id":1032,"href":"https:\/\/exceladvisor.org\/pt\/wp-json\/wp\/v2\/pages\/316\/revisions\/1032"}],"wp:attachment":[{"href":"https:\/\/exceladvisor.org\/pt\/wp-json\/wp\/v2\/media?parent=316"}],"curies":[{"name":"wp","href":"https:\/\/api.w.org\/{rel}","templated":true}]}}