{"id":317,"date":"2023-11-04T16:53:02","date_gmt":"2023-11-04T16:53:02","guid":{"rendered":"https:\/\/exceladvisor.org\/pt\/outra-coluna\/"},"modified":"2023-12-06T11:50:48","modified_gmt":"2023-12-06T11:50:48","slug":"outra-coluna","status":"publish","type":"page","link":"https:\/\/exceladvisor.org\/pt\/outra-coluna\/","title":{"rendered":"Formata\u00e7\u00e3o condicional baseada em outra coluna"},"content":{"rendered":"<div class=\"excel-before-content-2\" id=\"excel-1982608801\"><script type=\"text\/javascript\">\r\n\tatOptions = {\r\n\t\t'key' : 'c1158f160081d6540a8409e6925dab94',\r\n\t\t'format' : 'iframe',\r\n\t\t'height' : 250,\r\n\t\t'width' : 300,\r\n\t\t'params' : {}\r\n\t};\r\n<\/script>\r\n<script type=\"text\/javascript\" src=\"\/\/www.highperformanceformat.com\/c1158f160081d6540a8409e6925dab94\/invoke.js\"><\/script><\/div><div class=\"excel-before-content\" id=\"excel-1155687413\"><script type=\"text\/javascript\">\r\n\tatOptions = {\r\n\t\t'key' : 'c1158f160081d6540a8409e6925dab94',\r\n\t\t'format' : 'iframe',\r\n\t\t'height' : 250,\r\n\t\t'width' : 300,\r\n\t\t'params' : {}\r\n\t};\r\n<\/script>\r\n<script type=\"text\/javascript\" src=\"\/\/www.highperformanceformat.com\/c1158f160081d6540a8409e6925dab94\/invoke.js\"><\/script><\/div> <p>No Excel, voc\u00ea pode aplicar formata\u00e7\u00e3o condicional com base em outra coluna. Por exemplo, abaixo voc\u00ea tem uma lista de alunos com suas pontua\u00e7\u00f5es e deseja destacar os nomes dos alunos que obtiveram pontua\u00e7\u00e3o acima de 75.<\/p><p> Agora, aqui voc\u00ea precisa aplicar a formata\u00e7\u00e3o condicional, que aplica uma cor \u00e0 coluna A (Nomes) com base nos valores da coluna B (Pontua\u00e7\u00e3o). <\/p><div class=\"wp-block-image\"><figure class=\"aligncenter size-full is-resized\"><img loading=\"lazy\" decoding=\"async\" class=\"wp-image-90495\" src=\"https:\/\/exceladvisor.org\/wp-content\/uploads\/2023\/08\/1-donnees-avec-des-valeurs-dans-deux-colonnes.png\" sizes=\"auto, \" srcset=\"\" alt=\"dados com valores em duas colunas\" width=\"438\" height=\"434\"><\/figure><\/div><h2 class=\"wp-block-heading\"> Etapas para aplicar formata\u00e7\u00e3o condicional com base em outra coluna<\/h2><ol><li> Primeiro, selecione a coluna de nomes deixando o nome da coluna. <br><img loading=\"lazy\" decoding=\"async\" title=\"2-selecionar-valores-nome-excluindo-cabe\u00e7alho\" src=\"https:\/\/exceladvisor.org\/wp-content\/uploads\/2023\/08\/2-selectionnez-les-valeurs-de-nom-a-lexclusion-de-len-tete.png\" sizes=\"auto, \" srcset=\"\" alt=\"2-select-the-name-values-excluding-header\" width=\"318\" height=\"355\"><\/li><li> Em seguida, v\u00e1 para a guia P\u00e1gina inicial &gt; Formata\u00e7\u00e3o condicional &gt; Nova regra. <br><img loading=\"lazy\" decoding=\"async\" title=\"3-selecionar-nova-regra\" src=\"https:\/\/exceladvisor.org\/wp-content\/uploads\/2023\/08\/3-selectionner-une-nouvelle-regle.png\" sizes=\"auto, \" srcset=\"\" alt=\"3-select-new-rule\" width=\"320\" height=\"416\"><\/li><li> Em seguida, na caixa de di\u00e1logo da nova regra, clique em \u201cUsar uma f\u00f3rmula para determinar qual c\u00e9lula formatar\u201d. <br><img loading=\"lazy\" decoding=\"async\" title=\"4-use-uma-f\u00f3rmula-para-determinar\" src=\"https:\/\/exceladvisor.org\/wp-content\/uploads\/2023\/08\/4-utiliser-une-formule-pour-determiner.png\" sizes=\"auto, \" srcset=\"\" alt=\"4-use-a-formula-to-determine\" width=\"539\" height=\"389\"><\/li><li> Agora na caixa de di\u00e1logo \u201cFormatar valor onde esta f\u00f3rmula \u00e9 verdadeira\u201d, insira esta f\u00f3rmula =$B2&gt;=75. <br><img loading=\"lazy\" decoding=\"async\" title=\"5-insira a f\u00f3rmula\" src=\"https:\/\/exceladvisor.org\/wp-content\/uploads\/2023\/08\/5-entrer-la-formule-2.png\" sizes=\"auto, \" srcset=\"\" alt=\"5-enter-the-formula\" width=\"540\" height=\"200\"><\/li><li> A partir da\u00ed, clique no bot\u00e3o \u201cFormatar\u2026\u201d para especificar a formata\u00e7\u00e3o de c\u00e9lula que deseja aplicar \u00e0 c\u00e9lula do nome do aluno e, ao final, clique em OK para salvar a regra. <br><img loading=\"lazy\" decoding=\"async\" title=\"6-especifique a formata\u00e7\u00e3o a ser aplicada\" src=\"https:\/\/exceladvisor.org\/wp-content\/uploads\/2023\/08\/6-preciser-la-mise-en-forme-a-appliquer.png\" sizes=\"auto, \" srcset=\"\" alt=\"6-specify-the-formatting-to-apply\" width=\"539\" height=\"202\"><\/li><li> Ao final, clique em OK para fechar o Gerenciador de regras de formata\u00e7\u00e3o condicional.<\/li><\/ol><p> E no momento em que voc\u00ea clicar em OK, todos os nomes dos alunos com pontua\u00e7\u00e3o acima de 75 ser\u00e3o destacados na coluna de pontua\u00e7\u00e3o. <\/p><div class=\"wp-block-image\"><figure class=\"aligncenter size-full is-resized\"><img loading=\"lazy\" decoding=\"async\" class=\"wp-image-90501\" src=\"https:\/\/exceladvisor.org\/wp-content\/uploads\/2023\/08\/7-noms-mis-en-evidence-selon-la-formule.png\" sizes=\"auto, \" srcset=\"\" alt=\"nomes destacados com base na f\u00f3rmula\" width=\"488\" height=\"456\"><\/figure><\/div><h2 class=\"wp-block-heading\"> Usando uma tabela Excel<\/h2><p> Depois de aplicar a formata\u00e7\u00e3o condicional e atualizar novos dados na lista, o Excel n\u00e3o estender\u00e1 a formata\u00e7\u00e3o condicional para a nova entrada. <\/p><div class=\"wp-block-image\"><figure class=\"aligncenter size-full is-resized\"><img loading=\"lazy\" decoding=\"async\" class=\"wp-image-90502\" src=\"https:\/\/exceladvisor.org\/wp-content\/uploads\/2023\/08\/8-formatage-non-applique-aux-donnees-etendues.png\" sizes=\"auto, \" srcset=\"\" alt=\"formata\u00e7\u00e3o n\u00e3o aplicada a dados estendidos\" width=\"448\" height=\"358\"><\/figure><\/div><p> A melhor solu\u00e7\u00e3o para este problema \u00e9 usar uma tabela Excel nos dados. Depois de aplicar a tabela (Ctrl + T) e inserir uma nova entrada de dados na lista com a pontua\u00e7\u00e3o, aplique a formata\u00e7\u00e3o condicional a ela. <\/p><div class=\"wp-block-image\"><figure class=\"aligncenter size-full is-resized\"><img loading=\"lazy\" decoding=\"async\" class=\"wp-image-90503\" src=\"https:\/\/exceladvisor.org\/wp-content\/uploads\/2023\/08\/9-convertir-les-donnees-en-tableau.png\" sizes=\"auto, \" srcset=\"\" alt=\"converter dados em tabela\" width=\"461\" height=\"286\"><\/figure><\/div><p> O uso de uma tabela do Excel torna din\u00e2mica sua regra de formata\u00e7\u00e3o condicional, que se expande quando voc\u00ea insere um novo valor nos dados. <\/p><div class=\"gb-container gb-container-52dfcee1 gb-container-sample-file\"><h2 class=\"gb-headline gb-headline-e289c143 gb-headline-text gb-headline-4f7959c2\"> Obtenha o arquivo Excel<\/h2> <a class=\"gb-button gb-button-e88d6bee gb-button-text gb-button-button1\" href=\"https:\/\/exceladvisor.org\/wp-content\/uploads\/2023\/11\/mise-en-forme-conditionnelle-basee-sur-une-autre-colonne.xlsx\" rel=\"nofollow\">Download<\/a><\/div><div class=\"gb-container gb-container-6076ba72 gb-container-mt\"> <a class=\"gb-button gb-button-76e6a499 gb-button-text gb-button-mt-button\" href=\"https:\/\/exceladvisor.org\/pt\/nocoes-basicas-de-excel\/\">Aprenda o b\u00e1sico do Excel<\/a><h2 class=\"gb-headline gb-headline-a9e9e206 gb-headline-text gb-headline-mt-heading\"> Saiba mais sobre <a href=\"https:\/\/exceladvisor.org\/pt\/formatacao-condicional\/\">formata\u00e7\u00e3o condicional<\/a> <\/h2><div class=\"gb-grid-wrapper gb-grid-wrapper-790317cb gb-grid-wrapper-mt-grid\"><div class=\"gb-grid-column gb-grid-column-a9845ede\"><div class=\"gb-container gb-container-a9845ede\"><ul><li> <a href=\"https:\/\/exceladvisor.org\/pt\/aplicar-formatacao-condicional\/\">Aplicar formata\u00e7\u00e3o condicional a uma tabela din\u00e2mica<\/a><\/li><li> <a href=\"https:\/\/exceladvisor.org\/pt\/retirar\/\">Remover formata\u00e7\u00e3o condicional<\/a><\/li><li> <a href=\"https:\/\/exceladvisor.org\/pt\/celulas-vazias\/\">Aplicar formata\u00e7\u00e3o condicional em c\u00e9lulas em branco no Excel<\/a><\/li><li> <a href=\"https:\/\/exceladvisor.org\/pt\/comparar-colunas\/\">Compare duas colunas usando formata\u00e7\u00e3o condicional<\/a><\/li><li> <a href=\"https:\/\/exceladvisor.org\/pt\/outra-celula\/\">Aplicar formata\u00e7\u00e3o condicional com base em outra c\u00e9lula<\/a><\/li><\/ul><\/div><\/div><\/div><\/div>","protected":false},"excerpt":{"rendered":"","protected":false},"author":1,"featured_media":0,"parent":0,"menu_order":0,"comment_status":"open","ping_status":"closed","template":"","meta":{"ub_ctt_via":"","footnotes":""},"class_list":["post-317","page","type-page","status-publish","hentry"],"featured_image_src":null,"yoast_head":"<!-- This site is optimized with the Yoast SEO plugin v25.4 - https:\/\/yoast.com\/wordpress\/plugins\/seo\/ -->\n<title>\u25b7 Formata\u00e7\u00e3o condicional baseada em outra coluna<\/title>\n<meta name=\"description\" content=\"Este tutorial ajuda voc\u00ea a aplicar formata\u00e7\u00e3o condicional com base em outra coluna do Excel. Vamos verificar isso\u2026\" \/>\n<meta name=\"robots\" content=\"index, follow, max-snippet:-1, max-image-preview:large, max-video-preview:-1\" \/>\n<link rel=\"canonical\" href=\"https:\/\/exceladvisor.org\/pt\/outra-coluna\/\" \/>\n<meta property=\"og:locale\" content=\"pt_PT\" \/>\n<meta property=\"og:type\" content=\"article\" \/>\n<meta property=\"og:title\" content=\"\u25b7 Formata\u00e7\u00e3o condicional baseada em outra coluna\" \/>\n<meta property=\"og:description\" content=\"Este tutorial ajuda voc\u00ea a aplicar formata\u00e7\u00e3o condicional com base em outra coluna do Excel. Vamos verificar isso\u2026\" \/>\n<meta property=\"og:url\" content=\"https:\/\/exceladvisor.org\/pt\/outra-coluna\/\" \/>\n<meta property=\"og:site_name\" content=\"Excel Advisor\" \/>\n<meta property=\"article:modified_time\" content=\"2023-12-06T11:50:48+00:00\" \/>\n<meta property=\"og:image\" content=\"https:\/\/exceladvisor.org\/wp-content\/uploads\/2023\/08\/1-donnees-avec-des-valeurs-dans-deux-colonnes.png\" \/>\n<meta name=\"twitter:card\" content=\"summary_large_image\" \/>\n<meta name=\"twitter:label1\" content=\"Tempo estimado de leitura\" \/>\n\t<meta name=\"twitter:data1\" content=\"2 minutos\" \/>\n<script type=\"application\/ld+json\" class=\"yoast-schema-graph\">{\"@context\":\"https:\/\/schema.org\",\"@graph\":[{\"@type\":\"WebPage\",\"@id\":\"https:\/\/exceladvisor.org\/pt\/outra-coluna\/\",\"url\":\"https:\/\/exceladvisor.org\/pt\/outra-coluna\/\",\"name\":\"\u25b7 Formata\u00e7\u00e3o condicional baseada em outra coluna\",\"isPartOf\":{\"@id\":\"https:\/\/exceladvisor.org\/pt\/#website\"},\"primaryImageOfPage\":{\"@id\":\"https:\/\/exceladvisor.org\/pt\/outra-coluna\/#primaryimage\"},\"image\":{\"@id\":\"https:\/\/exceladvisor.org\/pt\/outra-coluna\/#primaryimage\"},\"thumbnailUrl\":\"https:\/\/exceladvisor.org\/wp-content\/uploads\/2023\/08\/1-donnees-avec-des-valeurs-dans-deux-colonnes.png\",\"datePublished\":\"2023-11-04T16:53:02+00:00\",\"dateModified\":\"2023-12-06T11:50:48+00:00\",\"description\":\"Este tutorial ajuda voc\u00ea a aplicar formata\u00e7\u00e3o condicional com base em outra coluna do Excel. Vamos verificar isso\u2026\",\"breadcrumb\":{\"@id\":\"https:\/\/exceladvisor.org\/pt\/outra-coluna\/#breadcrumb\"},\"inLanguage\":\"pt-PT\",\"potentialAction\":[{\"@type\":\"ReadAction\",\"target\":[\"https:\/\/exceladvisor.org\/pt\/outra-coluna\/\"]}]},{\"@type\":\"ImageObject\",\"inLanguage\":\"pt-PT\",\"@id\":\"https:\/\/exceladvisor.org\/pt\/outra-coluna\/#primaryimage\",\"url\":\"https:\/\/exceladvisor.org\/wp-content\/uploads\/2023\/08\/1-donnees-avec-des-valeurs-dans-deux-colonnes.png\",\"contentUrl\":\"https:\/\/exceladvisor.org\/wp-content\/uploads\/2023\/08\/1-donnees-avec-des-valeurs-dans-deux-colonnes.png\"},{\"@type\":\"BreadcrumbList\",\"@id\":\"https:\/\/exceladvisor.org\/pt\/outra-coluna\/#breadcrumb\",\"itemListElement\":[{\"@type\":\"ListItem\",\"position\":1,\"name\":\"Lar\",\"item\":\"https:\/\/exceladvisor.org\/pt\/\"},{\"@type\":\"ListItem\",\"position\":2,\"name\":\"Formata\u00e7\u00e3o condicional baseada em outra coluna\"}]},{\"@type\":\"WebSite\",\"@id\":\"https:\/\/exceladvisor.org\/pt\/#website\",\"url\":\"https:\/\/exceladvisor.org\/pt\/\",\"name\":\"Excel Advisor\",\"description\":\"O seu guia definitivo para dominar os dados!\",\"publisher\":{\"@id\":\"https:\/\/exceladvisor.org\/pt\/#organization\"},\"potentialAction\":[{\"@type\":\"SearchAction\",\"target\":{\"@type\":\"EntryPoint\",\"urlTemplate\":\"https:\/\/exceladvisor.org\/pt\/?s={search_term_string}\"},\"query-input\":{\"@type\":\"PropertyValueSpecification\",\"valueRequired\":true,\"valueName\":\"search_term_string\"}}],\"inLanguage\":\"pt-PT\"},{\"@type\":\"Organization\",\"@id\":\"https:\/\/exceladvisor.org\/pt\/#organization\",\"name\":\"Excel Advisor\",\"url\":\"https:\/\/exceladvisor.org\/pt\/\",\"logo\":{\"@type\":\"ImageObject\",\"inLanguage\":\"pt-PT\",\"@id\":\"https:\/\/exceladvisor.org\/pt\/#\/schema\/logo\/image\/\",\"url\":\"https:\/\/exceladvisor.org\/pt\/wp-content\/uploads\/2023\/12\/exceladvisor.org_.png\",\"contentUrl\":\"https:\/\/exceladvisor.org\/pt\/wp-content\/uploads\/2023\/12\/exceladvisor.org_.png\",\"width\":105,\"height\":36,\"caption\":\"Excel Advisor\"},\"image\":{\"@id\":\"https:\/\/exceladvisor.org\/pt\/#\/schema\/logo\/image\/\"}}]}<\/script>\n<!-- \/ Yoast SEO plugin. -->","yoast_head_json":{"title":"\u25b7 Formata\u00e7\u00e3o condicional baseada em outra coluna","description":"Este tutorial ajuda voc\u00ea a aplicar formata\u00e7\u00e3o condicional com base em outra coluna do Excel. Vamos verificar isso\u2026","robots":{"index":"index","follow":"follow","max-snippet":"max-snippet:-1","max-image-preview":"max-image-preview:large","max-video-preview":"max-video-preview:-1"},"canonical":"https:\/\/exceladvisor.org\/pt\/outra-coluna\/","og_locale":"pt_PT","og_type":"article","og_title":"\u25b7 Formata\u00e7\u00e3o condicional baseada em outra coluna","og_description":"Este tutorial ajuda voc\u00ea a aplicar formata\u00e7\u00e3o condicional com base em outra coluna do Excel. Vamos verificar isso\u2026","og_url":"https:\/\/exceladvisor.org\/pt\/outra-coluna\/","og_site_name":"Excel Advisor","article_modified_time":"2023-12-06T11:50:48+00:00","og_image":[{"url":"https:\/\/exceladvisor.org\/wp-content\/uploads\/2023\/08\/1-donnees-avec-des-valeurs-dans-deux-colonnes.png","type":"","width":"","height":""}],"twitter_card":"summary_large_image","twitter_misc":{"Tempo estimado de leitura":"2 minutos"},"schema":{"@context":"https:\/\/schema.org","@graph":[{"@type":"WebPage","@id":"https:\/\/exceladvisor.org\/pt\/outra-coluna\/","url":"https:\/\/exceladvisor.org\/pt\/outra-coluna\/","name":"\u25b7 Formata\u00e7\u00e3o condicional baseada em outra coluna","isPartOf":{"@id":"https:\/\/exceladvisor.org\/pt\/#website"},"primaryImageOfPage":{"@id":"https:\/\/exceladvisor.org\/pt\/outra-coluna\/#primaryimage"},"image":{"@id":"https:\/\/exceladvisor.org\/pt\/outra-coluna\/#primaryimage"},"thumbnailUrl":"https:\/\/exceladvisor.org\/wp-content\/uploads\/2023\/08\/1-donnees-avec-des-valeurs-dans-deux-colonnes.png","datePublished":"2023-11-04T16:53:02+00:00","dateModified":"2023-12-06T11:50:48+00:00","description":"Este tutorial ajuda voc\u00ea a aplicar formata\u00e7\u00e3o condicional com base em outra coluna do Excel. Vamos verificar isso\u2026","breadcrumb":{"@id":"https:\/\/exceladvisor.org\/pt\/outra-coluna\/#breadcrumb"},"inLanguage":"pt-PT","potentialAction":[{"@type":"ReadAction","target":["https:\/\/exceladvisor.org\/pt\/outra-coluna\/"]}]},{"@type":"ImageObject","inLanguage":"pt-PT","@id":"https:\/\/exceladvisor.org\/pt\/outra-coluna\/#primaryimage","url":"https:\/\/exceladvisor.org\/wp-content\/uploads\/2023\/08\/1-donnees-avec-des-valeurs-dans-deux-colonnes.png","contentUrl":"https:\/\/exceladvisor.org\/wp-content\/uploads\/2023\/08\/1-donnees-avec-des-valeurs-dans-deux-colonnes.png"},{"@type":"BreadcrumbList","@id":"https:\/\/exceladvisor.org\/pt\/outra-coluna\/#breadcrumb","itemListElement":[{"@type":"ListItem","position":1,"name":"Lar","item":"https:\/\/exceladvisor.org\/pt\/"},{"@type":"ListItem","position":2,"name":"Formata\u00e7\u00e3o condicional baseada em outra coluna"}]},{"@type":"WebSite","@id":"https:\/\/exceladvisor.org\/pt\/#website","url":"https:\/\/exceladvisor.org\/pt\/","name":"Excel Advisor","description":"O seu guia definitivo para dominar os dados!","publisher":{"@id":"https:\/\/exceladvisor.org\/pt\/#organization"},"potentialAction":[{"@type":"SearchAction","target":{"@type":"EntryPoint","urlTemplate":"https:\/\/exceladvisor.org\/pt\/?s={search_term_string}"},"query-input":{"@type":"PropertyValueSpecification","valueRequired":true,"valueName":"search_term_string"}}],"inLanguage":"pt-PT"},{"@type":"Organization","@id":"https:\/\/exceladvisor.org\/pt\/#organization","name":"Excel Advisor","url":"https:\/\/exceladvisor.org\/pt\/","logo":{"@type":"ImageObject","inLanguage":"pt-PT","@id":"https:\/\/exceladvisor.org\/pt\/#\/schema\/logo\/image\/","url":"https:\/\/exceladvisor.org\/pt\/wp-content\/uploads\/2023\/12\/exceladvisor.org_.png","contentUrl":"https:\/\/exceladvisor.org\/pt\/wp-content\/uploads\/2023\/12\/exceladvisor.org_.png","width":105,"height":36,"caption":"Excel Advisor"},"image":{"@id":"https:\/\/exceladvisor.org\/pt\/#\/schema\/logo\/image\/"}}]}},"yoast_meta":{"yoast_wpseo_title":"","yoast_wpseo_metadesc":"","yoast_wpseo_canonical":""},"_links":{"self":[{"href":"https:\/\/exceladvisor.org\/pt\/wp-json\/wp\/v2\/pages\/317","targetHints":{"allow":["GET"]}}],"collection":[{"href":"https:\/\/exceladvisor.org\/pt\/wp-json\/wp\/v2\/pages"}],"about":[{"href":"https:\/\/exceladvisor.org\/pt\/wp-json\/wp\/v2\/types\/page"}],"author":[{"embeddable":true,"href":"https:\/\/exceladvisor.org\/pt\/wp-json\/wp\/v2\/users\/1"}],"replies":[{"embeddable":true,"href":"https:\/\/exceladvisor.org\/pt\/wp-json\/wp\/v2\/comments?post=317"}],"version-history":[{"count":1,"href":"https:\/\/exceladvisor.org\/pt\/wp-json\/wp\/v2\/pages\/317\/revisions"}],"predecessor-version":[{"id":1421,"href":"https:\/\/exceladvisor.org\/pt\/wp-json\/wp\/v2\/pages\/317\/revisions\/1421"}],"wp:attachment":[{"href":"https:\/\/exceladvisor.org\/pt\/wp-json\/wp\/v2\/media?parent=317"}],"curies":[{"name":"wp","href":"https:\/\/api.w.org\/{rel}","templated":true}]}}