{"id":318,"date":"2023-11-04T16:31:04","date_gmt":"2023-11-04T16:31:04","guid":{"rendered":"https:\/\/exceladvisor.org\/pt\/corrente\/"},"modified":"2023-12-06T11:51:26","modified_gmt":"2023-12-06T11:51:26","slug":"corrente","status":"publish","type":"page","link":"https:\/\/exceladvisor.org\/pt\/corrente\/","title":{"rendered":"Power query: concatenar valores (texto, n\u00fameros)"},"content":{"rendered":"<div class=\"excel-before-content-2\" id=\"excel-4107293874\"><script type=\"text\/javascript\">\r\n\tatOptions = {\r\n\t\t'key' : 'c1158f160081d6540a8409e6925dab94',\r\n\t\t'format' : 'iframe',\r\n\t\t'height' : 250,\r\n\t\t'width' : 300,\r\n\t\t'params' : {}\r\n\t};\r\n<\/script>\r\n<script type=\"text\/javascript\" src=\"\/\/www.highperformanceformat.com\/c1158f160081d6540a8409e6925dab94\/invoke.js\"><\/script><\/div><div class=\"excel-before-content\" id=\"excel-2174803249\"><script type=\"text\/javascript\">\r\n\tatOptions = {\r\n\t\t'key' : 'c1158f160081d6540a8409e6925dab94',\r\n\t\t'format' : 'iframe',\r\n\t\t'height' : 250,\r\n\t\t'width' : 300,\r\n\t\t'params' : {}\r\n\t};\r\n<\/script>\r\n<script type=\"text\/javascript\" src=\"\/\/www.highperformanceformat.com\/c1158f160081d6540a8409e6925dab94\/invoke.js\"><\/script><\/div> <p>No Power Query, existem v\u00e1rios m\u00e9todos que voc\u00ea pode usar para concatenar valores (n\u00fameros e texto). E neste tutorial aprenderemos como usar esses m\u00e9todos.<\/p><p> Abaixo temos uma lista de nomes e sobrenomes nas colunas: <\/p><div class=\"wp-block-image\"><figure class=\"aligncenter size-full is-resized\"><img loading=\"lazy\" decoding=\"async\" class=\"wp-image-88734\" src=\"https:\/\/exceladvisor.org\/wp-content\/uploads\/2023\/08\/1-concatener-les-valeurs-dans-la-requete-de-puissance.png\" sizes=\"auto, \" srcset=\"\" alt=\"concatenar valores em uma consulta poderosa\" width=\"612\" height=\"474\"><\/figure><\/div><h2 class=\"wp-block-heading\"> Concatenar valores de duas colunas em uma (combinar colunas)<\/h2><p> Voc\u00ea pode usar estas etapas:<\/p><ol><li> Primeiro, carregue seus dados no poderoso editor de consultas (Dados &gt; Obter dados &gt; De outras fontes &gt; Da tabela\/intervalo. <br><img loading=\"lazy\" decoding=\"async\" title=\"2-concatenar valores de duas colunas\" src=\"https:\/\/exceladvisor.org\/wp-content\/uploads\/2023\/08\/2-valeurs-de-concatenation-de-deux-colonnes.png\" sizes=\"auto, \" srcset=\"\" alt=\"concatenate-values-from-two-columns\" width=\"538\" height=\"378\"><\/li><li> Em seguida, selecione ambas as colunas no editor e v\u00e1 para Transformar &gt; Mesclar Colunas. <br><img loading=\"lazy\" decoding=\"async\" title=\"3 transformar e mesclar colunas\" src=\"https:\/\/exceladvisor.org\/wp-content\/uploads\/2023\/08\/3-colonnes-de-transformation-et-de-fusion.png\" sizes=\"auto, \" srcset=\"\" alt=\"transform-and-merge-columns\" width=\"550\" height=\"382\"><\/li><li> Ao clicar em \u201cMesclar Colunas\u201d, voc\u00ea obt\u00e9m uma caixa de di\u00e1logo que seleciona o separador e o nome da nova coluna. <br><img loading=\"lazy\" decoding=\"async\" title=\"4-selecione-seperador-e-novo-nome-ceolumn\" src=\"https:\/\/exceladvisor.org\/wp-content\/uploads\/2023\/08\/4-selectionnez-le-separateur-et-le-nouveau-nom-de-colonne.png\" sizes=\"auto, \" srcset=\"\" alt=\"select-separator-and-new-ceolumn-name\" width=\"547\" height=\"291\"><\/li><li> Depois de selecionar o separador e o nome da coluna, clique em OK. E pressione Enter para obter a nova coluna. <br><img loading=\"lazy\" decoding=\"async\" title=\"5-get-nova-coluna\" src=\"https:\/\/exceladvisor.org\/wp-content\/uploads\/2023\/08\/5-obtenir-une-nouvelle-colonne.png\" sizes=\"auto, \" srcset=\"\" alt=\"get-new-column\" width=\"541\" height=\"348\"><\/li><\/ol><p> Agora temos uma nova coluna \u00fanica com valores de ambas as colunas (nome e sobrenome). Ao usar esse m\u00e9todo, voc\u00ea precisa cuidar de algumas coisas:<\/p><ol><li> Selecione as colunas na ordem em que deseja combinar os valores.<\/li><li> Voc\u00ea pode inserir um separador personalizado na caixa de di\u00e1logo.<\/li><\/ol><h2 class=\"wp-block-heading\"> Concatene colunas adicionando uma nova coluna<\/h2><p> Ao contr\u00e1rio do m\u00e9todo acima que usamos, voc\u00ea tamb\u00e9m pode usar uma coluna e fun\u00e7\u00e3o personalizadas para combinar valores.<\/p><ol><li> V\u00e1 para Adicionar Coluna &gt; Coluna Personalizada. <br><img loading=\"lazy\" decoding=\"async\" title=\"6-concatenar adicionando nova coluna\" src=\"https:\/\/exceladvisor.org\/wp-content\/uploads\/2023\/08\/6-concatener-en-ajoutant-une-nouvelle-colonne.png\" sizes=\"auto, \" srcset=\"\" alt=\"concatenate-by-adding-new-column\" width=\"421\" height=\"190\"><\/li><li> Na caixa de di\u00e1logo voc\u00ea precisa escrever uma f\u00f3rmula. <br><img loading=\"lazy\" decoding=\"async\" title=\"7-escreva uma f\u00f3rmula na caixa de di\u00e1logo\" src=\"https:\/\/exceladvisor.org\/wp-content\/uploads\/2023\/08\/7-ecrire-une-formule-dans-la-boite-de-dialogue.png\" sizes=\"auto, \" srcset=\"\" alt=\"write-a-formula-in-dialog-box\" width=\"533\" height=\"336\"><\/li><li> Insira o nome da coluna e, em seguida, insira a f\u00f3rmula que usamos no instant\u00e2neo abaixo. <br><img loading=\"lazy\" decoding=\"async\" title=\"8-primeiro-insira-o-nome-da-coluna-depois-f\u00f3rmula\" src=\"https:\/\/exceladvisor.org\/wp-content\/uploads\/2023\/08\/8-entrez-dabord-le-nom-de-la-colonne-puis-la-formule.png\" sizes=\"auto, \" srcset=\"\" alt=\"first-enter-column-name-and-then-formula\" width=\"568\" height=\"216\"><\/li><li> Por fim, clique em OK para inserir a f\u00f3rmula e criar uma nova coluna combinada. <br><img loading=\"lazy\" decoding=\"async\" title=\"F\u00f3rmula de 9 toques para executar\" src=\"https:\/\/exceladvisor.org\/wp-content\/uploads\/2023\/08\/9-appuyez-sur-Entree-pour-executer-la-formule.png\" sizes=\"auto, \" srcset=\"\" alt=\"hit-enter-to-run-formula\" width=\"546\" height=\"276\"><\/li><\/ol><p> Nesta f\u00f3rmula, usamos um E comercial para combinar os valores das duas colunas com um espa\u00e7o entre elas. \u00c9 como uma f\u00f3rmula que usamos no Excel.<\/p><pre class=\"wp-block-preformatted\"> =[First]&amp;\" \"&amp;[Last]<\/pre><h2 class=\"wp-block-heading\"> Combine texto e n\u00fameros em uma \u00fanica coluna<\/h2><p> No Power Query, se voc\u00ea tentar combinar texto com n\u00fameros, receber\u00e1 um erro no valor final. <\/p><div class=\"wp-block-image\"><figure class=\"aligncenter size-full is-resized\"><img loading=\"lazy\" decoding=\"async\" class=\"wp-image-88743\" src=\"https:\/\/exceladvisor.org\/wp-content\/uploads\/2023\/08\/10-combiner-texte-et-nombre-dans-une-colonne.png\" sizes=\"auto, \" srcset=\"\" alt=\"combinar texto e n\u00famero em uma coluna\" width=\"580\" height=\"230\"><\/figure><\/div><p> Nessa situa\u00e7\u00e3o, voc\u00ea precisa da fun\u00e7\u00e3o NumberToText para converter o n\u00famero em texto. <\/p><div class=\"wp-block-image\"><figure class=\"aligncenter size-full is-resized\"><img loading=\"lazy\" decoding=\"async\" class=\"wp-image-88744\" src=\"https:\/\/exceladvisor.org\/wp-content\/uploads\/2023\/08\/11-fonction-de-texte-pour-convertir-un-nombre-en-texte.png\" sizes=\"auto, \" srcset=\"\" alt=\"fun\u00e7\u00e3o de texto para converter n\u00famero em texto\" width=\"668\" height=\"262\"><\/figure><\/div><p> E depois de clicar em OK ap\u00f3s inserir a f\u00f3rmula. Voc\u00ea receber\u00e1 uma nova coluna personalizada. <\/p><div class=\"wp-block-image\"><figure class=\"aligncenter size-full is-resized\"><img loading=\"lazy\" decoding=\"async\" class=\"wp-image-88745\" src=\"https:\/\/exceladvisor.org\/wp-content\/uploads\/2023\/08\/12-nouvelles-colonnes-avec-texte-et-chiffres-combines.png\" sizes=\"auto, \" srcset=\"\" alt=\"nova coluna com texto e n\u00fameros combinados\" width=\"544\" height=\"282\"><\/figure><\/div><h2 class=\"wp-block-heading\"> Combine valores de uma \u00fanica coluna<\/h2><p> Se voc\u00ea tiver valores em uma coluna e quiser coloc\u00e1-los em uma \u00fanica c\u00e9lula, primeiro ser\u00e1 necess\u00e1rio transp\u00f4-los. <\/p><div class=\"wp-block-image\"><figure class=\"aligncenter size-full is-resized\"><img loading=\"lazy\" decoding=\"async\" class=\"wp-image-88746\" src=\"https:\/\/exceladvisor.org\/wp-content\/uploads\/2023\/08\/13-combiner-les-valeurs-dune-seule-colonne.png\" sizes=\"auto, \" srcset=\"\" alt=\"combinar valores de uma \u00fanica coluna\" width=\"736\" height=\"277\"><\/figure><\/div><p> Selecione a coluna e clique em \u201cTranspor\u201d. <\/p><div class=\"wp-block-image\"><figure class=\"aligncenter size-full is-resized\"><img loading=\"lazy\" decoding=\"async\" class=\"wp-image-88747\" src=\"https:\/\/exceladvisor.org\/wp-content\/uploads\/2023\/08\/14-selectionnez-la-colonne-puis-cliquez-sur-transposer.png\" sizes=\"auto, \" srcset=\"\" alt=\"selecione-coluna-depois-clique-transpor\" width=\"742\" height=\"338\"><\/figure><\/div><p> Selecione o separador na caixa de di\u00e1logo Mesclar Colunas, insira o nome da coluna e clique em OK. <\/p><div class=\"wp-block-image\"><figure class=\"aligncenter size-full is-resized\"><img loading=\"lazy\" decoding=\"async\" class=\"wp-image-88748\" src=\"https:\/\/exceladvisor.org\/wp-content\/uploads\/2023\/08\/15-selectionnez-le-separateur.png\" sizes=\"auto, \" srcset=\"\" alt=\"separador de sele\u00e7\u00e3o\" width=\"347\" height=\"207\"><\/figure><\/div><p> Voc\u00ea obter\u00e1 uma nova coluna com os valores combinados ao clicar em OK. <\/p><div class=\"wp-block-image\"><figure class=\"aligncenter size-full is-resized\"><img loading=\"lazy\" decoding=\"async\" class=\"wp-image-88749\" src=\"https:\/\/exceladvisor.org\/wp-content\/uploads\/2023\/08\/16-nouvelle-colonne-avec-des-valeurs-combinees.png\" sizes=\"auto, \" srcset=\"\" alt=\"nova coluna com valores combinados\" width=\"265\" height=\"136\"><\/figure><\/div><div class=\"gb-container gb-container-52dfcee1 gb-container-sample-file\"><h2 class=\"gb-headline gb-headline-e289c143 gb-headline-text gb-headline-4f7959c2\"> Obtenha o arquivo Excel<\/h2><p> <a class=\"gb-button gb-button-e88d6bee gb-button-text gb-button-button1\" href=\"https:\/\/exceladvisor.org\/wp-content\/uploads\/2023\/11\/concatener-une-requete-de-puissance.xlsx\" rel=\"nofollow\">Download<\/a><\/p><\/div><div class=\"gb-container gb-container-9e2850fe gb-container-mt\"> <a class=\"gb-button gb-button-71636faa gb-button-text gb-button-mt-button\" href=\"https:\/\/exceladvisor.org\/pt\/solicitacao-de-energia\/\">Consulta avan\u00e7ada no Excel (tutorial)<\/a><h2 class=\"gb-headline gb-headline-c566b2ed gb-headline-text gb-headline-mt-heading\"> Tutoriais relacionados <\/h2><div class=\"gb-grid-wrapper gb-grid-wrapper-b15ed1bf gb-grid-wrapper-mt-grid\"><div class=\"gb-grid-column gb-grid-column-6e9de105\"><div class=\"gb-container gb-container-6e9de105\"><ul><li> Mesclar [Combinar] V\u00e1rios ARQUIVOS Excel em UM CADERNO<\/li><li> <a href=\"https:\/\/exceladvisor.org\/pt\/pesquisav-2\/\">Execute VLOOKUP no Power Query no Excel<\/a><\/li><li> <a href=\"https:\/\/exceladvisor.org\/pt\/dados-nao-girados\/\">Remova o piv\u00f4 de dados no Excel usando o Power Query<\/a><\/li><li> <a href=\"https:\/\/exceladvisor.org\/pt\/diferenca-de-datas\/\">Consulta avan\u00e7ada: diferen\u00e7a de data<\/a> <\/li><\/ul><\/div><\/div><div class=\"gb-grid-column gb-grid-column-4eaecde3\"><div class=\"gb-container gb-container-4eaecde3\"><\/div><\/div><\/div><\/div>","protected":false},"excerpt":{"rendered":"","protected":false},"author":1,"featured_media":0,"parent":0,"menu_order":0,"comment_status":"open","ping_status":"closed","template":"","meta":{"ub_ctt_via":"","footnotes":""},"class_list":["post-318","page","type-page","status-publish","hentry"],"featured_image_src":null,"yoast_head":"<!-- This site is optimized with the Yoast SEO plugin v25.4 - https:\/\/yoast.com\/wordpress\/plugins\/seo\/ -->\n<title>Concatenar valores (texto e n\u00fameros) usando o Power Query<\/title>\n<meta name=\"description\" content=\"No Power Query, existem v\u00e1rios m\u00e9todos que voc\u00ea pode usar para concatenar valores (n\u00fameros e texto).\" \/>\n<meta name=\"robots\" content=\"index, follow, max-snippet:-1, max-image-preview:large, max-video-preview:-1\" \/>\n<link rel=\"canonical\" href=\"https:\/\/exceladvisor.org\/pt\/corrente\/\" \/>\n<meta property=\"og:locale\" content=\"pt_PT\" \/>\n<meta property=\"og:type\" content=\"article\" \/>\n<meta property=\"og:title\" content=\"Concatenar valores (texto e n\u00fameros) usando o Power Query\" \/>\n<meta property=\"og:description\" content=\"No Power Query, existem v\u00e1rios m\u00e9todos que voc\u00ea pode usar para concatenar valores (n\u00fameros e texto).\" \/>\n<meta property=\"og:url\" content=\"https:\/\/exceladvisor.org\/pt\/corrente\/\" \/>\n<meta property=\"og:site_name\" content=\"Excel Advisor\" \/>\n<meta property=\"article:modified_time\" content=\"2023-12-06T11:51:26+00:00\" \/>\n<meta property=\"og:image\" content=\"https:\/\/exceladvisor.org\/wp-content\/uploads\/2023\/08\/1-concatener-les-valeurs-dans-la-requete-de-puissance.png\" \/>\n<meta name=\"twitter:card\" content=\"summary_large_image\" \/>\n<meta name=\"twitter:label1\" content=\"Tempo estimado de leitura\" \/>\n\t<meta name=\"twitter:data1\" content=\"2 minutos\" \/>\n<script type=\"application\/ld+json\" class=\"yoast-schema-graph\">{\"@context\":\"https:\/\/schema.org\",\"@graph\":[{\"@type\":\"WebPage\",\"@id\":\"https:\/\/exceladvisor.org\/pt\/corrente\/\",\"url\":\"https:\/\/exceladvisor.org\/pt\/corrente\/\",\"name\":\"Concatenar valores (texto e n\u00fameros) usando o Power Query\",\"isPartOf\":{\"@id\":\"https:\/\/exceladvisor.org\/pt\/#website\"},\"primaryImageOfPage\":{\"@id\":\"https:\/\/exceladvisor.org\/pt\/corrente\/#primaryimage\"},\"image\":{\"@id\":\"https:\/\/exceladvisor.org\/pt\/corrente\/#primaryimage\"},\"thumbnailUrl\":\"https:\/\/exceladvisor.org\/wp-content\/uploads\/2023\/08\/1-concatener-les-valeurs-dans-la-requete-de-puissance.png\",\"datePublished\":\"2023-11-04T16:31:04+00:00\",\"dateModified\":\"2023-12-06T11:51:26+00:00\",\"description\":\"No Power Query, existem v\u00e1rios m\u00e9todos que voc\u00ea pode usar para concatenar valores (n\u00fameros e texto).\",\"breadcrumb\":{\"@id\":\"https:\/\/exceladvisor.org\/pt\/corrente\/#breadcrumb\"},\"inLanguage\":\"pt-PT\",\"potentialAction\":[{\"@type\":\"ReadAction\",\"target\":[\"https:\/\/exceladvisor.org\/pt\/corrente\/\"]}]},{\"@type\":\"ImageObject\",\"inLanguage\":\"pt-PT\",\"@id\":\"https:\/\/exceladvisor.org\/pt\/corrente\/#primaryimage\",\"url\":\"https:\/\/exceladvisor.org\/wp-content\/uploads\/2023\/08\/1-concatener-les-valeurs-dans-la-requete-de-puissance.png\",\"contentUrl\":\"https:\/\/exceladvisor.org\/wp-content\/uploads\/2023\/08\/1-concatener-les-valeurs-dans-la-requete-de-puissance.png\"},{\"@type\":\"BreadcrumbList\",\"@id\":\"https:\/\/exceladvisor.org\/pt\/corrente\/#breadcrumb\",\"itemListElement\":[{\"@type\":\"ListItem\",\"position\":1,\"name\":\"Lar\",\"item\":\"https:\/\/exceladvisor.org\/pt\/\"},{\"@type\":\"ListItem\",\"position\":2,\"name\":\"Power query: concatenar valores (texto, n\u00fameros)\"}]},{\"@type\":\"WebSite\",\"@id\":\"https:\/\/exceladvisor.org\/pt\/#website\",\"url\":\"https:\/\/exceladvisor.org\/pt\/\",\"name\":\"Excel Advisor\",\"description\":\"O seu guia definitivo para dominar os dados!\",\"publisher\":{\"@id\":\"https:\/\/exceladvisor.org\/pt\/#organization\"},\"potentialAction\":[{\"@type\":\"SearchAction\",\"target\":{\"@type\":\"EntryPoint\",\"urlTemplate\":\"https:\/\/exceladvisor.org\/pt\/?s={search_term_string}\"},\"query-input\":{\"@type\":\"PropertyValueSpecification\",\"valueRequired\":true,\"valueName\":\"search_term_string\"}}],\"inLanguage\":\"pt-PT\"},{\"@type\":\"Organization\",\"@id\":\"https:\/\/exceladvisor.org\/pt\/#organization\",\"name\":\"Excel Advisor\",\"url\":\"https:\/\/exceladvisor.org\/pt\/\",\"logo\":{\"@type\":\"ImageObject\",\"inLanguage\":\"pt-PT\",\"@id\":\"https:\/\/exceladvisor.org\/pt\/#\/schema\/logo\/image\/\",\"url\":\"https:\/\/exceladvisor.org\/pt\/wp-content\/uploads\/2023\/12\/exceladvisor.org_.png\",\"contentUrl\":\"https:\/\/exceladvisor.org\/pt\/wp-content\/uploads\/2023\/12\/exceladvisor.org_.png\",\"width\":105,\"height\":36,\"caption\":\"Excel Advisor\"},\"image\":{\"@id\":\"https:\/\/exceladvisor.org\/pt\/#\/schema\/logo\/image\/\"}}]}<\/script>\n<!-- \/ Yoast SEO plugin. -->","yoast_head_json":{"title":"Concatenar valores (texto e n\u00fameros) usando o Power Query","description":"No Power Query, existem v\u00e1rios m\u00e9todos que voc\u00ea pode usar para concatenar valores (n\u00fameros e texto).","robots":{"index":"index","follow":"follow","max-snippet":"max-snippet:-1","max-image-preview":"max-image-preview:large","max-video-preview":"max-video-preview:-1"},"canonical":"https:\/\/exceladvisor.org\/pt\/corrente\/","og_locale":"pt_PT","og_type":"article","og_title":"Concatenar valores (texto e n\u00fameros) usando o Power Query","og_description":"No Power Query, existem v\u00e1rios m\u00e9todos que voc\u00ea pode usar para concatenar valores (n\u00fameros e texto).","og_url":"https:\/\/exceladvisor.org\/pt\/corrente\/","og_site_name":"Excel Advisor","article_modified_time":"2023-12-06T11:51:26+00:00","og_image":[{"url":"https:\/\/exceladvisor.org\/wp-content\/uploads\/2023\/08\/1-concatener-les-valeurs-dans-la-requete-de-puissance.png","type":"","width":"","height":""}],"twitter_card":"summary_large_image","twitter_misc":{"Tempo estimado de leitura":"2 minutos"},"schema":{"@context":"https:\/\/schema.org","@graph":[{"@type":"WebPage","@id":"https:\/\/exceladvisor.org\/pt\/corrente\/","url":"https:\/\/exceladvisor.org\/pt\/corrente\/","name":"Concatenar valores (texto e n\u00fameros) usando o Power Query","isPartOf":{"@id":"https:\/\/exceladvisor.org\/pt\/#website"},"primaryImageOfPage":{"@id":"https:\/\/exceladvisor.org\/pt\/corrente\/#primaryimage"},"image":{"@id":"https:\/\/exceladvisor.org\/pt\/corrente\/#primaryimage"},"thumbnailUrl":"https:\/\/exceladvisor.org\/wp-content\/uploads\/2023\/08\/1-concatener-les-valeurs-dans-la-requete-de-puissance.png","datePublished":"2023-11-04T16:31:04+00:00","dateModified":"2023-12-06T11:51:26+00:00","description":"No Power Query, existem v\u00e1rios m\u00e9todos que voc\u00ea pode usar para concatenar valores (n\u00fameros e texto).","breadcrumb":{"@id":"https:\/\/exceladvisor.org\/pt\/corrente\/#breadcrumb"},"inLanguage":"pt-PT","potentialAction":[{"@type":"ReadAction","target":["https:\/\/exceladvisor.org\/pt\/corrente\/"]}]},{"@type":"ImageObject","inLanguage":"pt-PT","@id":"https:\/\/exceladvisor.org\/pt\/corrente\/#primaryimage","url":"https:\/\/exceladvisor.org\/wp-content\/uploads\/2023\/08\/1-concatener-les-valeurs-dans-la-requete-de-puissance.png","contentUrl":"https:\/\/exceladvisor.org\/wp-content\/uploads\/2023\/08\/1-concatener-les-valeurs-dans-la-requete-de-puissance.png"},{"@type":"BreadcrumbList","@id":"https:\/\/exceladvisor.org\/pt\/corrente\/#breadcrumb","itemListElement":[{"@type":"ListItem","position":1,"name":"Lar","item":"https:\/\/exceladvisor.org\/pt\/"},{"@type":"ListItem","position":2,"name":"Power query: concatenar valores (texto, n\u00fameros)"}]},{"@type":"WebSite","@id":"https:\/\/exceladvisor.org\/pt\/#website","url":"https:\/\/exceladvisor.org\/pt\/","name":"Excel Advisor","description":"O seu guia definitivo para dominar os dados!","publisher":{"@id":"https:\/\/exceladvisor.org\/pt\/#organization"},"potentialAction":[{"@type":"SearchAction","target":{"@type":"EntryPoint","urlTemplate":"https:\/\/exceladvisor.org\/pt\/?s={search_term_string}"},"query-input":{"@type":"PropertyValueSpecification","valueRequired":true,"valueName":"search_term_string"}}],"inLanguage":"pt-PT"},{"@type":"Organization","@id":"https:\/\/exceladvisor.org\/pt\/#organization","name":"Excel Advisor","url":"https:\/\/exceladvisor.org\/pt\/","logo":{"@type":"ImageObject","inLanguage":"pt-PT","@id":"https:\/\/exceladvisor.org\/pt\/#\/schema\/logo\/image\/","url":"https:\/\/exceladvisor.org\/pt\/wp-content\/uploads\/2023\/12\/exceladvisor.org_.png","contentUrl":"https:\/\/exceladvisor.org\/pt\/wp-content\/uploads\/2023\/12\/exceladvisor.org_.png","width":105,"height":36,"caption":"Excel Advisor"},"image":{"@id":"https:\/\/exceladvisor.org\/pt\/#\/schema\/logo\/image\/"}}]}},"yoast_meta":{"yoast_wpseo_title":"","yoast_wpseo_metadesc":"","yoast_wpseo_canonical":""},"_links":{"self":[{"href":"https:\/\/exceladvisor.org\/pt\/wp-json\/wp\/v2\/pages\/318","targetHints":{"allow":["GET"]}}],"collection":[{"href":"https:\/\/exceladvisor.org\/pt\/wp-json\/wp\/v2\/pages"}],"about":[{"href":"https:\/\/exceladvisor.org\/pt\/wp-json\/wp\/v2\/types\/page"}],"author":[{"embeddable":true,"href":"https:\/\/exceladvisor.org\/pt\/wp-json\/wp\/v2\/users\/1"}],"replies":[{"embeddable":true,"href":"https:\/\/exceladvisor.org\/pt\/wp-json\/wp\/v2\/comments?post=318"}],"version-history":[{"count":1,"href":"https:\/\/exceladvisor.org\/pt\/wp-json\/wp\/v2\/pages\/318\/revisions"}],"predecessor-version":[{"id":1474,"href":"https:\/\/exceladvisor.org\/pt\/wp-json\/wp\/v2\/pages\/318\/revisions\/1474"}],"wp:attachment":[{"href":"https:\/\/exceladvisor.org\/pt\/wp-json\/wp\/v2\/media?parent=318"}],"curies":[{"name":"wp","href":"https:\/\/api.w.org\/{rel}","templated":true}]}}