{"id":319,"date":"2023-11-04T16:18:22","date_gmt":"2023-11-04T16:18:22","guid":{"rendered":"https:\/\/exceladvisor.org\/pt\/a-data-hoje\/"},"modified":"2023-12-06T11:51:26","modified_gmt":"2023-12-06T11:51:26","slug":"a-data-hoje","status":"publish","type":"page","link":"https:\/\/exceladvisor.org\/pt\/a-data-hoje\/","title":{"rendered":"Power query: obtenha a data de hoje"},"content":{"rendered":"<div class=\"excel-before-content-2\" id=\"excel-4078876579\"><script type=\"text\/javascript\">\r\n\tatOptions = {\r\n\t\t'key' : 'c1158f160081d6540a8409e6925dab94',\r\n\t\t'format' : 'iframe',\r\n\t\t'height' : 250,\r\n\t\t'width' : 300,\r\n\t\t'params' : {}\r\n\t};\r\n<\/script>\r\n<script type=\"text\/javascript\" src=\"\/\/www.highperformanceformat.com\/c1158f160081d6540a8409e6925dab94\/invoke.js\"><\/script><\/div><div class=\"excel-before-content\" id=\"excel-2872329495\"><script type=\"text\/javascript\">\r\n\tatOptions = {\r\n\t\t'key' : 'c1158f160081d6540a8409e6925dab94',\r\n\t\t'format' : 'iframe',\r\n\t\t'height' : 250,\r\n\t\t'width' : 300,\r\n\t\t'params' : {}\r\n\t};\r\n<\/script>\r\n<script type=\"text\/javascript\" src=\"\/\/www.highperformanceformat.com\/c1158f160081d6540a8409e6925dab94\/invoke.js\"><\/script><\/div> <p>No Power Query, se quiser obter a data de hoje (data atual em uma coluna), voc\u00ea precisa adicionar uma coluna personalizada usando duas fun\u00e7\u00f5es juntas.<\/p><p> Nota: Use a f\u00f3rmula DateTime.Date( DateTime.LocalNow() ) para obter a data de hoje usando o Power Query.<\/p><p> Abaixo est\u00e3o algumas datas na coluna, e agora precisamos adicionar uma coluna com a data de hoje.<\/p><h2 class=\"wp-block-heading\"> Etapas para adicionar uma coluna de data atual<\/h2><ol><li> Primeiro, v\u00e1 para a guia Dados &gt; De outra fonte &gt; Da tabela\/intervalo. <br><img loading=\"lazy\" decoding=\"async\" title=\"1-obter-data-de-hoje-na-consulta avan\u00e7ada\" src=\"https:\/\/exceladvisor.org\/wp-content\/uploads\/2023\/08\/1-obtenir-la-date-daujourdhui-dans-la-requete-de-puissance.png\" sizes=\"auto, \" srcset=\"\" alt=\"get-today-date-in-power-query\" width=\"487\" height=\"457\"><\/li><li> Agora, no Editor do Power Query, voc\u00ea precisa adicionar uma nova coluna personalizada, ent\u00e3o v\u00e1 para Adicionar Coluna &gt; Coluna Personalizada. <br><img loading=\"lazy\" decoding=\"async\" title=\"Coluna personalizada de an\u00fancio de consulta de 2 em Power\" src=\"https:\/\/exceladvisor.org\/wp-content\/uploads\/2023\/08\/2-dans-la-colonne-personnalisee-de-lannonce-Power-Query.png\" sizes=\"auto, \" srcset=\"\" alt=\"in-power-query-ad-custom-column\" width=\"534\" height=\"369\"><\/li><li> A partir da\u00ed, insira a f\u00f3rmula DateTime.Date(DateTime.LocalNow()) e d\u00ea um nome \u00e0 nova coluna na caixa de di\u00e1logo da coluna personalizada. <br><img loading=\"lazy\" decoding=\"async\" title=\"F\u00f3rmula de 3 entradas de data e hora\" src=\"https:\/\/exceladvisor.org\/wp-content\/uploads\/2023\/08\/3-entrez-la-formule-de-date-et-dheure.png\" sizes=\"auto, \" srcset=\"\" alt=\"enter-date-time-formula\" width=\"576\" height=\"361\"><\/li><li> No final, clique em OK para adicionar a coluna. <br><img loading=\"lazy\" decoding=\"async\" title=\"4-adicionar-nova-coluna-com-f\u00f3rmula\" src=\"https:\/\/exceladvisor.org\/wp-content\/uploads\/2023\/08\/4-ajouter-une-nouvelle-colonne-avec-la-formule.png\" sizes=\"auto, \" srcset=\"\" alt=\"add-new-column-with-formula\" width=\"337\" height=\"269\"><\/li><\/ol><pre class=\"wp-block-code\"> <code class=\"language-excel-formula\" lang=\"excel-formula\">=DateTime.Date( DateTime.LocalNow() )<\/code><\/pre><h2 class=\"wp-block-heading\"> Como funciona essa f\u00f3rmula?<\/h2><p> Nesta f\u00f3rmula, usamos duas fun\u00e7\u00f5es:<\/p><ul><li> A primeira fun\u00e7\u00e3o (DateTime.LocalNow) retorna a data e hora atuais com base na data e hora do sistema.<\/li><li> A segunda fun\u00e7\u00e3o (DateTime.Date) envolvida na primeira extrai a parte da data e a retorna como valor final.<\/li><\/ul><h2 class=\"wp-block-heading\"> M\u00e9todo alternativo<\/h2><p> Em vez da f\u00f3rmula acima, voc\u00ea pode usar (DateTime.LocalNow()) na coluna personalizada. <\/p><div class=\"wp-block-image\"><figure class=\"aligncenter size-full is-resized\"><img loading=\"lazy\" decoding=\"async\" class=\"wp-image-89011\" src=\"https:\/\/exceladvisor.org\/wp-content\/uploads\/2023\/08\/5-methode-alternative-pour-obtenir-la-date-daujourdhui.png\" sizes=\"auto, \" srcset=\"\" alt=\"m\u00e9todo alternativo para obter a data de hoje\" width=\"551\" height=\"235\"><\/figure><\/div><p> E depois disso v\u00e1 para Home&gt; Tipo de dados e selecione data no menu suspenso para converter a coluna apenas em data. <\/p><div class=\"wp-block-image\"><figure class=\"aligncenter size-full is-resized\"><img loading=\"lazy\" decoding=\"async\" class=\"wp-image-89012\" src=\"https:\/\/exceladvisor.org\/wp-content\/uploads\/2023\/08\/6-convertir-la-colonne-en-date-uniquement.png\" sizes=\"auto, \" srcset=\"\" alt=\"converter apenas coluna para data\" width=\"746\" height=\"418\"><\/figure><\/div><p> Ele converter\u00e1 a data e a hora apenas para a data.<\/p><h2 class=\"wp-block-heading\"> Adicionando a data atual a uma \u00fanica c\u00e9lula<\/h2><p> E se quiser ter a data atual em uma \u00fanica c\u00e9lula, voc\u00ea precisa abrir o editor do Power Query com um editor vazio. <\/p><div class=\"wp-block-image\"><figure class=\"aligncenter size-full is-resized\"><img loading=\"lazy\" decoding=\"async\" class=\"wp-image-89013\" src=\"https:\/\/exceladvisor.org\/wp-content\/uploads\/2023\/08\/7-ajouter-la-date-actuelle-dans-une-seule-colonne.png\" sizes=\"auto, \" srcset=\"\" alt=\"adicionar data atual em uma coluna\" width=\"640\" height=\"681\"><\/figure><\/div><p> Depois disso, no editor, insira a f\u00f3rmula abaixo na barra de f\u00f3rmulas e pressione Enter. <\/p><pre class=\"wp-block-preformatted\"> = DateTime.Date(DateTime.LocalNow()) <\/pre><div class=\"wp-block-image\"><figure class=\"aligncenter size-full is-resized\"><img loading=\"lazy\" decoding=\"async\" class=\"wp-image-89014\" src=\"https:\/\/exceladvisor.org\/wp-content\/uploads\/2023\/08\/8-entrez-la-formule-et-appuyez-sur-Entree.png\" sizes=\"auto, \" srcset=\"\" alt=\"digite-f\u00f3rmula e pressione enter\" width=\"690\" height=\"292\"><\/figure><\/div><p> Depois disso, voc\u00ea pode converter esse valor de data em uma matriz ou lista. <\/p><div class=\"wp-block-image\"><figure class=\"aligncenter size-full is-resized\"><img loading=\"lazy\" decoding=\"async\" class=\"wp-image-89015\" src=\"https:\/\/exceladvisor.org\/wp-content\/uploads\/2023\/08\/9-convertir-la-valeur-de-la-date-en-tableau-ou-en-liste.png\" sizes=\"auto, \" srcset=\"\" alt=\"converter valor de data em tabela ou lista\" width=\"658\" height=\"248\"><\/figure><\/div><div class=\"gb-container gb-container-52dfcee1 gb-container-sample-file\"><h2 class=\"gb-headline gb-headline-e289c143 gb-headline-text gb-headline-4f7959c2\"> Obtenha o arquivo Excel<\/h2><p> <a class=\"gb-button gb-button-e88d6bee gb-button-text gb-button-button1\" href=\"https:\/\/exceladvisor.org\/wp-content\/uploads\/2023\/08\/requete-de-puissance-daujourdhui.xlsx\" rel=\"nofollow\">Download<\/a><\/p><\/div><div class=\"gb-container gb-container-9e2850fe gb-container-mt\"> <a class=\"gb-button gb-button-71636faa gb-button-text gb-button-mt-button\" href=\"https:\/\/exceladvisor.org\/pt\/solicitacao-de-energia\/\">Consulta avan\u00e7ada no Excel (tutorial)<\/a><h2 class=\"gb-headline gb-headline-c566b2ed gb-headline-text gb-headline-mt-heading\"> Tutoriais relacionados <\/h2><div class=\"gb-grid-wrapper gb-grid-wrapper-b15ed1bf gb-grid-wrapper-mt-grid\"><div class=\"gb-grid-column gb-grid-column-6e9de105\"><div class=\"gb-container gb-container-6e9de105\"><ul><li> Mesclar [Combinar] V\u00e1rios ARQUIVOS Excel em UM CADERNO<\/li><li> <a href=\"https:\/\/exceladvisor.org\/pt\/pesquisav-2\/\">Execute VLOOKUP no Power Query no Excel<\/a><\/li><li> <a href=\"https:\/\/exceladvisor.org\/pt\/dados-nao-girados\/\">Remova o piv\u00f4 de dados no Excel usando o Power Query<\/a><\/li><li> <a href=\"https:\/\/exceladvisor.org\/pt\/corrente\/\">Power Query: concatenar valores (texto e n\u00fameros)<\/a><\/li><li> <a href=\"https:\/\/exceladvisor.org\/pt\/diferenca-de-datas\/\">Consulta avan\u00e7ada: diferen\u00e7a de data<\/a> <\/li><\/ul><\/div><\/div><div class=\"gb-grid-column gb-grid-column-4eaecde3\"><div class=\"gb-container gb-container-4eaecde3\"><\/div><\/div><\/div><\/div>","protected":false},"excerpt":{"rendered":"","protected":false},"author":1,"featured_media":0,"parent":0,"menu_order":0,"comment_status":"open","ping_status":"closed","template":"","meta":{"ub_ctt_via":"","footnotes":""},"class_list":["post-319","page","type-page","status-publish","hentry"],"featured_image_src":null,"yoast_head":"<!-- This site is optimized with the Yoast SEO plugin v25.4 - https:\/\/yoast.com\/wordpress\/plugins\/seo\/ -->\n<title>Obtenha a data de hoje no Power Query (f\u00f3rmulas e fun\u00e7\u00f5es)<\/title>\n<meta name=\"description\" content=\"Veja como obter a data de hoje (data atual) em uma coluna no Power Query no Excel.\" \/>\n<meta name=\"robots\" content=\"index, follow, max-snippet:-1, max-image-preview:large, max-video-preview:-1\" \/>\n<link rel=\"canonical\" href=\"https:\/\/exceladvisor.org\/pt\/a-data-hoje\/\" \/>\n<meta property=\"og:locale\" content=\"pt_PT\" \/>\n<meta property=\"og:type\" content=\"article\" \/>\n<meta property=\"og:title\" content=\"Obtenha a data de hoje no Power Query (f\u00f3rmulas e fun\u00e7\u00f5es)\" \/>\n<meta property=\"og:description\" content=\"Veja como obter a data de hoje (data atual) em uma coluna no Power Query no Excel.\" \/>\n<meta property=\"og:url\" content=\"https:\/\/exceladvisor.org\/pt\/a-data-hoje\/\" \/>\n<meta property=\"og:site_name\" content=\"Excel Advisor\" \/>\n<meta property=\"article:modified_time\" content=\"2023-12-06T11:51:26+00:00\" \/>\n<meta property=\"og:image\" content=\"https:\/\/exceladvisor.org\/wp-content\/uploads\/2023\/08\/1-obtenir-la-date-daujourdhui-dans-la-requete-de-puissance.png\" \/>\n<meta name=\"twitter:card\" content=\"summary_large_image\" \/>\n<meta name=\"twitter:label1\" content=\"Tempo estimado de leitura\" \/>\n\t<meta name=\"twitter:data1\" content=\"2 minutos\" \/>\n<script type=\"application\/ld+json\" class=\"yoast-schema-graph\">{\"@context\":\"https:\/\/schema.org\",\"@graph\":[{\"@type\":\"WebPage\",\"@id\":\"https:\/\/exceladvisor.org\/pt\/a-data-hoje\/\",\"url\":\"https:\/\/exceladvisor.org\/pt\/a-data-hoje\/\",\"name\":\"Obtenha a data de hoje no Power Query (f\u00f3rmulas e fun\u00e7\u00f5es)\",\"isPartOf\":{\"@id\":\"https:\/\/exceladvisor.org\/pt\/#website\"},\"primaryImageOfPage\":{\"@id\":\"https:\/\/exceladvisor.org\/pt\/a-data-hoje\/#primaryimage\"},\"image\":{\"@id\":\"https:\/\/exceladvisor.org\/pt\/a-data-hoje\/#primaryimage\"},\"thumbnailUrl\":\"https:\/\/exceladvisor.org\/wp-content\/uploads\/2023\/08\/1-obtenir-la-date-daujourdhui-dans-la-requete-de-puissance.png\",\"datePublished\":\"2023-11-04T16:18:22+00:00\",\"dateModified\":\"2023-12-06T11:51:26+00:00\",\"description\":\"Veja como obter a data de hoje (data atual) em uma coluna no Power Query no Excel.\",\"breadcrumb\":{\"@id\":\"https:\/\/exceladvisor.org\/pt\/a-data-hoje\/#breadcrumb\"},\"inLanguage\":\"pt-PT\",\"potentialAction\":[{\"@type\":\"ReadAction\",\"target\":[\"https:\/\/exceladvisor.org\/pt\/a-data-hoje\/\"]}]},{\"@type\":\"ImageObject\",\"inLanguage\":\"pt-PT\",\"@id\":\"https:\/\/exceladvisor.org\/pt\/a-data-hoje\/#primaryimage\",\"url\":\"https:\/\/exceladvisor.org\/wp-content\/uploads\/2023\/08\/1-obtenir-la-date-daujourdhui-dans-la-requete-de-puissance.png\",\"contentUrl\":\"https:\/\/exceladvisor.org\/wp-content\/uploads\/2023\/08\/1-obtenir-la-date-daujourdhui-dans-la-requete-de-puissance.png\"},{\"@type\":\"BreadcrumbList\",\"@id\":\"https:\/\/exceladvisor.org\/pt\/a-data-hoje\/#breadcrumb\",\"itemListElement\":[{\"@type\":\"ListItem\",\"position\":1,\"name\":\"Lar\",\"item\":\"https:\/\/exceladvisor.org\/pt\/\"},{\"@type\":\"ListItem\",\"position\":2,\"name\":\"Power query: obtenha a data de hoje\"}]},{\"@type\":\"WebSite\",\"@id\":\"https:\/\/exceladvisor.org\/pt\/#website\",\"url\":\"https:\/\/exceladvisor.org\/pt\/\",\"name\":\"Excel Advisor\",\"description\":\"O seu guia definitivo para dominar os dados!\",\"publisher\":{\"@id\":\"https:\/\/exceladvisor.org\/pt\/#organization\"},\"potentialAction\":[{\"@type\":\"SearchAction\",\"target\":{\"@type\":\"EntryPoint\",\"urlTemplate\":\"https:\/\/exceladvisor.org\/pt\/?s={search_term_string}\"},\"query-input\":{\"@type\":\"PropertyValueSpecification\",\"valueRequired\":true,\"valueName\":\"search_term_string\"}}],\"inLanguage\":\"pt-PT\"},{\"@type\":\"Organization\",\"@id\":\"https:\/\/exceladvisor.org\/pt\/#organization\",\"name\":\"Excel Advisor\",\"url\":\"https:\/\/exceladvisor.org\/pt\/\",\"logo\":{\"@type\":\"ImageObject\",\"inLanguage\":\"pt-PT\",\"@id\":\"https:\/\/exceladvisor.org\/pt\/#\/schema\/logo\/image\/\",\"url\":\"https:\/\/exceladvisor.org\/pt\/wp-content\/uploads\/2023\/12\/exceladvisor.org_.png\",\"contentUrl\":\"https:\/\/exceladvisor.org\/pt\/wp-content\/uploads\/2023\/12\/exceladvisor.org_.png\",\"width\":105,\"height\":36,\"caption\":\"Excel Advisor\"},\"image\":{\"@id\":\"https:\/\/exceladvisor.org\/pt\/#\/schema\/logo\/image\/\"}}]}<\/script>\n<!-- \/ Yoast SEO plugin. -->","yoast_head_json":{"title":"Obtenha a data de hoje no Power Query (f\u00f3rmulas e fun\u00e7\u00f5es)","description":"Veja como obter a data de hoje (data atual) em uma coluna no Power Query no Excel.","robots":{"index":"index","follow":"follow","max-snippet":"max-snippet:-1","max-image-preview":"max-image-preview:large","max-video-preview":"max-video-preview:-1"},"canonical":"https:\/\/exceladvisor.org\/pt\/a-data-hoje\/","og_locale":"pt_PT","og_type":"article","og_title":"Obtenha a data de hoje no Power Query (f\u00f3rmulas e fun\u00e7\u00f5es)","og_description":"Veja como obter a data de hoje (data atual) em uma coluna no Power Query no Excel.","og_url":"https:\/\/exceladvisor.org\/pt\/a-data-hoje\/","og_site_name":"Excel Advisor","article_modified_time":"2023-12-06T11:51:26+00:00","og_image":[{"url":"https:\/\/exceladvisor.org\/wp-content\/uploads\/2023\/08\/1-obtenir-la-date-daujourdhui-dans-la-requete-de-puissance.png","type":"","width":"","height":""}],"twitter_card":"summary_large_image","twitter_misc":{"Tempo estimado de leitura":"2 minutos"},"schema":{"@context":"https:\/\/schema.org","@graph":[{"@type":"WebPage","@id":"https:\/\/exceladvisor.org\/pt\/a-data-hoje\/","url":"https:\/\/exceladvisor.org\/pt\/a-data-hoje\/","name":"Obtenha a data de hoje no Power Query (f\u00f3rmulas e fun\u00e7\u00f5es)","isPartOf":{"@id":"https:\/\/exceladvisor.org\/pt\/#website"},"primaryImageOfPage":{"@id":"https:\/\/exceladvisor.org\/pt\/a-data-hoje\/#primaryimage"},"image":{"@id":"https:\/\/exceladvisor.org\/pt\/a-data-hoje\/#primaryimage"},"thumbnailUrl":"https:\/\/exceladvisor.org\/wp-content\/uploads\/2023\/08\/1-obtenir-la-date-daujourdhui-dans-la-requete-de-puissance.png","datePublished":"2023-11-04T16:18:22+00:00","dateModified":"2023-12-06T11:51:26+00:00","description":"Veja como obter a data de hoje (data atual) em uma coluna no Power Query no Excel.","breadcrumb":{"@id":"https:\/\/exceladvisor.org\/pt\/a-data-hoje\/#breadcrumb"},"inLanguage":"pt-PT","potentialAction":[{"@type":"ReadAction","target":["https:\/\/exceladvisor.org\/pt\/a-data-hoje\/"]}]},{"@type":"ImageObject","inLanguage":"pt-PT","@id":"https:\/\/exceladvisor.org\/pt\/a-data-hoje\/#primaryimage","url":"https:\/\/exceladvisor.org\/wp-content\/uploads\/2023\/08\/1-obtenir-la-date-daujourdhui-dans-la-requete-de-puissance.png","contentUrl":"https:\/\/exceladvisor.org\/wp-content\/uploads\/2023\/08\/1-obtenir-la-date-daujourdhui-dans-la-requete-de-puissance.png"},{"@type":"BreadcrumbList","@id":"https:\/\/exceladvisor.org\/pt\/a-data-hoje\/#breadcrumb","itemListElement":[{"@type":"ListItem","position":1,"name":"Lar","item":"https:\/\/exceladvisor.org\/pt\/"},{"@type":"ListItem","position":2,"name":"Power query: obtenha a data de hoje"}]},{"@type":"WebSite","@id":"https:\/\/exceladvisor.org\/pt\/#website","url":"https:\/\/exceladvisor.org\/pt\/","name":"Excel Advisor","description":"O seu guia definitivo para dominar os dados!","publisher":{"@id":"https:\/\/exceladvisor.org\/pt\/#organization"},"potentialAction":[{"@type":"SearchAction","target":{"@type":"EntryPoint","urlTemplate":"https:\/\/exceladvisor.org\/pt\/?s={search_term_string}"},"query-input":{"@type":"PropertyValueSpecification","valueRequired":true,"valueName":"search_term_string"}}],"inLanguage":"pt-PT"},{"@type":"Organization","@id":"https:\/\/exceladvisor.org\/pt\/#organization","name":"Excel Advisor","url":"https:\/\/exceladvisor.org\/pt\/","logo":{"@type":"ImageObject","inLanguage":"pt-PT","@id":"https:\/\/exceladvisor.org\/pt\/#\/schema\/logo\/image\/","url":"https:\/\/exceladvisor.org\/pt\/wp-content\/uploads\/2023\/12\/exceladvisor.org_.png","contentUrl":"https:\/\/exceladvisor.org\/pt\/wp-content\/uploads\/2023\/12\/exceladvisor.org_.png","width":105,"height":36,"caption":"Excel Advisor"},"image":{"@id":"https:\/\/exceladvisor.org\/pt\/#\/schema\/logo\/image\/"}}]}},"yoast_meta":{"yoast_wpseo_title":"","yoast_wpseo_metadesc":"","yoast_wpseo_canonical":""},"_links":{"self":[{"href":"https:\/\/exceladvisor.org\/pt\/wp-json\/wp\/v2\/pages\/319","targetHints":{"allow":["GET"]}}],"collection":[{"href":"https:\/\/exceladvisor.org\/pt\/wp-json\/wp\/v2\/pages"}],"about":[{"href":"https:\/\/exceladvisor.org\/pt\/wp-json\/wp\/v2\/types\/page"}],"author":[{"embeddable":true,"href":"https:\/\/exceladvisor.org\/pt\/wp-json\/wp\/v2\/users\/1"}],"replies":[{"embeddable":true,"href":"https:\/\/exceladvisor.org\/pt\/wp-json\/wp\/v2\/comments?post=319"}],"version-history":[{"count":1,"href":"https:\/\/exceladvisor.org\/pt\/wp-json\/wp\/v2\/pages\/319\/revisions"}],"predecessor-version":[{"id":1475,"href":"https:\/\/exceladvisor.org\/pt\/wp-json\/wp\/v2\/pages\/319\/revisions\/1475"}],"wp:attachment":[{"href":"https:\/\/exceladvisor.org\/pt\/wp-json\/wp\/v2\/media?parent=319"}],"curies":[{"name":"wp","href":"https:\/\/api.w.org\/{rel}","templated":true}]}}