{"id":320,"date":"2023-11-04T15:49:03","date_gmt":"2023-11-04T15:49:03","guid":{"rendered":"https:\/\/exceladvisor.org\/pt\/com-base-na-data-2\/"},"modified":"2023-12-06T11:33:34","modified_gmt":"2023-12-06T11:33:34","slug":"com-base-na-data-2","status":"publish","type":"page","link":"https:\/\/exceladvisor.org\/pt\/com-base-na-data-2\/","title":{"rendered":"Aplicar formata\u00e7\u00e3o condicional com base em uma data"},"content":{"rendered":"<div class=\"excel-before-content-2\" id=\"excel-436902773\"><script type=\"text\/javascript\">\r\n\tatOptions = {\r\n\t\t'key' : 'c1158f160081d6540a8409e6925dab94',\r\n\t\t'format' : 'iframe',\r\n\t\t'height' : 250,\r\n\t\t'width' : 300,\r\n\t\t'params' : {}\r\n\t};\r\n<\/script>\r\n<script type=\"text\/javascript\" src=\"\/\/www.highperformanceformat.com\/c1158f160081d6540a8409e6925dab94\/invoke.js\"><\/script><\/div><div class=\"excel-before-content\" id=\"excel-4010066765\"><script type=\"text\/javascript\">\r\n\tatOptions = {\r\n\t\t'key' : 'c1158f160081d6540a8409e6925dab94',\r\n\t\t'format' : 'iframe',\r\n\t\t'height' : 250,\r\n\t\t'width' : 300,\r\n\t\t'params' : {}\r\n\t};\r\n<\/script>\r\n<script type=\"text\/javascript\" src=\"\/\/www.highperformanceformat.com\/c1158f160081d6540a8409e6925dab94\/invoke.js\"><\/script><\/div> <p>Com a formata\u00e7\u00e3o condicional no Excel, voc\u00ea pode usar datas para criar uma regra para destacar c\u00e9lulas. Existem regras predefinidas que voc\u00ea pode usar para destacar c\u00e9lulas rapidamente. E tamb\u00e9m existe uma maneira de criar uma regra personalizada com base em uma data. Neste tutorial, aprendemos como usar ambos os m\u00e9todos em detalhes.<\/p><h2 class=\"wp-block-heading\"> Etapas para usar datas para formata\u00e7\u00e3o condicional<\/h2><ol type=\"1\"><li> Selecione os dados onde voc\u00ea tem datas.<\/li><li> V\u00e1 para Home &gt; Formata\u00e7\u00e3o Condicional &gt; Regras de Destaque de C\u00e9lula.<\/li><li> A partir da\u00ed, clique na op\u00e7\u00e3o \u201cUma data de ocorr\u00eancia\u201d.<\/li><li> Na caixa de di\u00e1logo, selecione a regra que deseja usar.<\/li><li> No final, clique em OK para aplicar. <\/li><\/ol><div class=\"wp-block-image\"><figure class=\"aligncenter size-full is-resized\"><img loading=\"lazy\" decoding=\"async\" class=\"wp-image-91249\" src=\"https:\/\/exceladvisor.org\/wp-content\/uploads\/2023\/08\/1-appliquer-une-mise-en-forme-conditionnelle-basee-sur-une-date.png\" sizes=\"auto, \" srcset=\"\" alt=\"aplicar formata\u00e7\u00e3o condicional baseada em uma data\" width=\"538\" height=\"664\"><\/figure><\/div><p> E no momento em que voc\u00ea clica em OK, ele destaca todas as c\u00e9lulas onde voc\u00ea tem a data do m\u00eas atual. Com a mesma caixa de di\u00e1logo, voc\u00ea tem mais op\u00e7\u00f5es para usar com datas. <\/p><div class=\"wp-block-image\"><figure class=\"aligncenter size-full is-resized\"><img loading=\"lazy\" decoding=\"async\" class=\"wp-image-91250\" src=\"https:\/\/exceladvisor.org\/wp-content\/uploads\/2023\/08\/2-date-apparaissant-dans-le-mois-en-cours-mise-en-forme-conditionnelle.png\" sizes=\"auto, \" srcset=\"\" alt=\"formata\u00e7\u00e3o condicional de data que ocorre no m\u00eas atual\" width=\"454\" height=\"282\"><\/figure><\/div><h2 class=\"wp-block-heading\"> Crie uma regra personalizada com base em datas<\/h2><p> Pode haver situa\u00e7\u00f5es em que voc\u00ea precise aplicar uma regra de formata\u00e7\u00e3o condicional, mas tal regra n\u00e3o existe. Bem, voc\u00ea pode criar uma regra personalizada com uma f\u00f3rmula. V\u00e1 para In\u00edcio &gt; Formata\u00e7\u00e3o Condicional &gt; Nova Regra.<\/p><h3 class=\"wp-block-heading\"> Destacar datas com mais de 30 dias, 60 dias e 90 dias<\/h3><ol type=\"1\"><li> Primeiro, selecione os dados, abra a caixa de di\u00e1logo Nova Regra e clique em \u201cUsar uma f\u00f3rmula para determinar qual c\u00e9lula formatar\u201d.<ul><li> Mais 30 dias: =$A1&lt;=(HOJE()-30)<\/li><li> Mais 60 dias: =$A1&lt;=(HOJE()-60)<\/li><li> Mais 90 dias: =$A1&lt;=(HOJE()-90)<\/li><\/ul><\/li><li> Depois disso, para especificar a formata\u00e7\u00e3o, clique no bot\u00e3o \u201cFormatar\u201d.<\/li><li> Em seguida, especifique a formata\u00e7\u00e3o, a cor da c\u00e9lula, a cor da fonte ou negrito ou it\u00e1lico.<\/li><li> No final, clique em OK. <\/li><\/ol><div class=\"wp-block-image\"><figure class=\"aligncenter size-full is-resized\"><img loading=\"lazy\" decoding=\"async\" class=\"wp-image-91251\" src=\"https:\/\/exceladvisor.org\/wp-content\/uploads\/2023\/08\/3-regles-personnalisees-basees-sur-la-mise-en-forme-conditionnelle-des-dates.png\" sizes=\"auto, \" srcset=\"\" alt=\"formata\u00e7\u00e3o condicional baseada em regras personalizadas em datas\" width=\"683\" height=\"320\"><\/figure><\/div><p> Voc\u00ea pode ver no exemplo acima que usamos uma f\u00f3rmula para destacar datas anteriores a 30 dias da data atual.<\/p><h3 class=\"wp-block-heading\"> Destaque fins de semana e datas de fim de semana<\/h3><p> E usando uma f\u00f3rmula (Dia da Semana), voc\u00ea pode destacar datas que s\u00e3o finais de semana. Voc\u00ea pode ver no exemplo abaixo que a f\u00f3rmula que usamos destaca duas datas. <\/p><pre class=\"wp-block-code\"> <code class=\"language-excel-formula\" lang=\"excel-formula\">=WEEKDAY($A1,2)&gt;5<\/code><\/pre><div class=\"wp-block-image\"><figure class=\"aligncenter size-full is-resized\"><img loading=\"lazy\" decoding=\"async\" class=\"wp-image-91252\" src=\"https:\/\/exceladvisor.org\/wp-content\/uploads\/2023\/08\/4-dates-en-surbrillance-qui-sont-des-week-ends-formatage-conditionnel.png\" sizes=\"auto, \" srcset=\"\" alt=\"destacar datas que s\u00e3o finais de semana formata\u00e7\u00e3o condicional\" width=\"694\" height=\"360\"><\/figure><\/div><p> E se quiser destacar os dias da semana, use a f\u00f3rmula abaixo. <\/p><pre class=\"wp-block-code\"> <code class=\"language-excel-formula\" lang=\"excel-formula\">=WEEKDAY($A1,2)&lt;5<\/code><\/pre><div class=\"wp-block-image\"><figure class=\"aligncenter size-full is-resized\"><img loading=\"lazy\" decoding=\"async\" class=\"wp-image-91253\" src=\"https:\/\/exceladvisor.org\/wp-content\/uploads\/2023\/08\/5-mettre-en-evidence-la-mise-en-forme-conditionnelle-des-jours-de-la-semaine.png\" sizes=\"auto, \" srcset=\"\" alt=\"formata\u00e7\u00e3o condicional de dias da semana destacados\" width=\"686\" height=\"334\"><\/figure><\/div><h2 class=\"wp-block-heading\"> Per\u00edodo<\/h2><p> Da mesma forma, se quiser destacar c\u00e9lulas com base em um intervalo de datas, voc\u00ea pode usar a fun\u00e7\u00e3o AND para criar uma f\u00f3rmula com duas condi\u00e7\u00f5es. <\/p><div class=\"wp-block-image\"><figure class=\"aligncenter size-full is-resized\"><img loading=\"lazy\" decoding=\"async\" class=\"wp-image-91254\" src=\"https:\/\/exceladvisor.org\/wp-content\/uploads\/2023\/08\/6-cellules-de-surbrillance-basees-sur-une-mise-en-forme-conditionnelle-de-plage-de-dates.png\" sizes=\"auto, \" srcset=\"\" alt=\"destacar c\u00e9lulas com base na formata\u00e7\u00e3o condicional do intervalo de datas\" width=\"655\" height=\"310\"><\/figure><\/div><pre class=\"wp-block-code\"> <code class=\"language-excel-formula\" lang=\"excel-formula\">=AND(A1&gt;=(TODAY()-45),A1&lt;=(TODAY()-30))<\/code><\/pre><p> No exemplo acima, criamos um intervalo de 15 dias. 30 dias a partir da data atual e 45 dias a partir da data atual.<\/p><h2 class=\"wp-block-heading\"> Use uma data de outra c\u00e9lula<\/h2><p> Agora, se voc\u00ea quiser usar a data em uma c\u00e9lula, voc\u00ea precisa se referir a uma c\u00e9lula onde voc\u00ea tem essa data. Veja o exemplo abaixo; especificamos a c\u00e9lula C1, onde temos a data. <\/p><div class=\"wp-block-image\"><figure class=\"aligncenter size-full is-resized\"><img loading=\"lazy\" decoding=\"async\" class=\"wp-image-91255\" src=\"https:\/\/exceladvisor.org\/wp-content\/uploads\/2023\/08\/7-date-dune-autre-mise-en-forme-conditionnelle-de-cellule.png\" sizes=\"auto, \" srcset=\"\" alt=\"formata\u00e7\u00e3o condicional de data de outra c\u00e9lula\" width=\"675\" height=\"327\"><\/figure><\/div><pre class=\"wp-block-code\"> <code class=\"language-excel-formula\" lang=\"excel-formula\">=IF($C$1&lt;&gt;\"\",$A1&gt;=$C$1,FALSE)<\/code><\/pre><p> Desta forma voc\u00ea pode criar uma regra din\u00e2mica, e alterar a data na c\u00e9lula tamb\u00e9m alterar\u00e1 as c\u00e9lulas destacadas. <\/p><div class=\"wp-block-image\"><figure class=\"aligncenter size-full is-resized\"><img loading=\"lazy\" decoding=\"async\" class=\"wp-image-91256\" src=\"https:\/\/exceladvisor.org\/wp-content\/uploads\/2023\/08\/8-changer-la-date-dans-la-mise-en-forme-conditionnelle-de-la-cellule.png\" sizes=\"auto, \" srcset=\"\" alt=\"formata\u00e7\u00e3o condicional de altera\u00e7\u00e3o de data na c\u00e9lula\" width=\"376\" height=\"310\"><\/figure><\/div><div class=\"gb-container gb-container-52dfcee1 gb-container-sample-file\"><h2 class=\"gb-headline gb-headline-e289c143 gb-headline-text gb-headline-4f7959c2\"> Obtenha o arquivo Excel<\/h2> <a class=\"gb-button gb-button-e88d6bee gb-button-text gb-button-button1\" href=\"https:\/\/exceladvisor.org\/wp-content\/uploads\/2023\/11\/base-sur-la-date.xlsx\" rel=\"nofollow\">Download<\/a><\/div><div class=\"gb-container gb-container-6076ba72 gb-container-mt\"> <a class=\"gb-button gb-button-76e6a499 gb-button-text gb-button-mt-button\" href=\"https:\/\/exceladvisor.org\/pt\/nocoes-basicas-de-excel\/\">Aprenda o b\u00e1sico do Excel<\/a><h2 class=\"gb-headline gb-headline-a9e9e206 gb-headline-text gb-headline-mt-heading\"> Saiba mais sobre <a href=\"https:\/\/exceladvisor.org\/pt\/formatacao-condicional\/\">formata\u00e7\u00e3o condicional<\/a> <\/h2><div class=\"gb-grid-wrapper gb-grid-wrapper-790317cb gb-grid-wrapper-mt-grid\"><div class=\"gb-grid-column gb-grid-column-a9845ede\"><div class=\"gb-container gb-container-a9845ede\"><ul><li> <a href=\"https:\/\/exceladvisor.org\/pt\/aplicar-formatacao-condicional\/\">Aplicar formata\u00e7\u00e3o condicional a uma tabela din\u00e2mica<\/a><\/li><li> <a href=\"https:\/\/exceladvisor.org\/pt\/retirar\/\">Remover formata\u00e7\u00e3o condicional<\/a><\/li><li> <a href=\"https:\/\/exceladvisor.org\/pt\/celulas-vazias\/\">Aplicar formata\u00e7\u00e3o condicional em c\u00e9lulas em branco no Excel<\/a><\/li><li> <a href=\"https:\/\/exceladvisor.org\/pt\/comparar-colunas\/\">Compare duas colunas usando formata\u00e7\u00e3o condicional<\/a><\/li><li> <a href=\"https:\/\/exceladvisor.org\/pt\/outra-celula\/\">Aplicar formata\u00e7\u00e3o condicional com base em outra c\u00e9lula<\/a><\/li><\/ul><\/div><\/div><\/div><\/div>","protected":false},"excerpt":{"rendered":"","protected":false},"author":1,"featured_media":0,"parent":0,"menu_order":0,"comment_status":"open","ping_status":"closed","template":"","meta":{"ub_ctt_via":"","footnotes":""},"class_list":["post-320","page","type-page","status-publish","hentry"],"featured_image_src":null,"yoast_head":"<!-- This site is optimized with the Yoast SEO plugin v25.4 - https:\/\/yoast.com\/wordpress\/plugins\/seo\/ -->\n<title>Aplicar formata\u00e7\u00e3o condicional com base em uma data<\/title>\n<meta name=\"robots\" content=\"index, follow, max-snippet:-1, max-image-preview:large, max-video-preview:-1\" \/>\n<link rel=\"canonical\" href=\"https:\/\/exceladvisor.org\/pt\/com-base-na-data-2\/\" \/>\n<meta property=\"og:locale\" content=\"pt_PT\" \/>\n<meta property=\"og:type\" content=\"article\" \/>\n<meta property=\"og:title\" content=\"Aplicar formata\u00e7\u00e3o condicional com base em uma data\" \/>\n<meta property=\"og:url\" content=\"https:\/\/exceladvisor.org\/pt\/com-base-na-data-2\/\" \/>\n<meta property=\"og:site_name\" content=\"Excel Advisor\" \/>\n<meta property=\"article:modified_time\" content=\"2023-12-06T11:33:34+00:00\" \/>\n<meta property=\"og:image\" content=\"https:\/\/exceladvisor.org\/wp-content\/uploads\/2023\/08\/1-appliquer-une-mise-en-forme-conditionnelle-basee-sur-une-date.png\" \/>\n<meta name=\"twitter:card\" content=\"summary_large_image\" \/>\n<meta name=\"twitter:label1\" content=\"Tempo estimado de leitura\" \/>\n\t<meta name=\"twitter:data1\" content=\"3 minutos\" \/>\n<script type=\"application\/ld+json\" class=\"yoast-schema-graph\">{\"@context\":\"https:\/\/schema.org\",\"@graph\":[{\"@type\":\"WebPage\",\"@id\":\"https:\/\/exceladvisor.org\/pt\/com-base-na-data-2\/\",\"url\":\"https:\/\/exceladvisor.org\/pt\/com-base-na-data-2\/\",\"name\":\"Aplicar formata\u00e7\u00e3o condicional com base em uma data\",\"isPartOf\":{\"@id\":\"https:\/\/exceladvisor.org\/pt\/#website\"},\"primaryImageOfPage\":{\"@id\":\"https:\/\/exceladvisor.org\/pt\/com-base-na-data-2\/#primaryimage\"},\"image\":{\"@id\":\"https:\/\/exceladvisor.org\/pt\/com-base-na-data-2\/#primaryimage\"},\"thumbnailUrl\":\"https:\/\/exceladvisor.org\/wp-content\/uploads\/2023\/08\/1-appliquer-une-mise-en-forme-conditionnelle-basee-sur-une-date.png\",\"datePublished\":\"2023-11-04T15:49:03+00:00\",\"dateModified\":\"2023-12-06T11:33:34+00:00\",\"breadcrumb\":{\"@id\":\"https:\/\/exceladvisor.org\/pt\/com-base-na-data-2\/#breadcrumb\"},\"inLanguage\":\"pt-PT\",\"potentialAction\":[{\"@type\":\"ReadAction\",\"target\":[\"https:\/\/exceladvisor.org\/pt\/com-base-na-data-2\/\"]}]},{\"@type\":\"ImageObject\",\"inLanguage\":\"pt-PT\",\"@id\":\"https:\/\/exceladvisor.org\/pt\/com-base-na-data-2\/#primaryimage\",\"url\":\"https:\/\/exceladvisor.org\/wp-content\/uploads\/2023\/08\/1-appliquer-une-mise-en-forme-conditionnelle-basee-sur-une-date.png\",\"contentUrl\":\"https:\/\/exceladvisor.org\/wp-content\/uploads\/2023\/08\/1-appliquer-une-mise-en-forme-conditionnelle-basee-sur-une-date.png\"},{\"@type\":\"BreadcrumbList\",\"@id\":\"https:\/\/exceladvisor.org\/pt\/com-base-na-data-2\/#breadcrumb\",\"itemListElement\":[{\"@type\":\"ListItem\",\"position\":1,\"name\":\"Lar\",\"item\":\"https:\/\/exceladvisor.org\/pt\/\"},{\"@type\":\"ListItem\",\"position\":2,\"name\":\"Aplicar formata\u00e7\u00e3o condicional com base em uma data\"}]},{\"@type\":\"WebSite\",\"@id\":\"https:\/\/exceladvisor.org\/pt\/#website\",\"url\":\"https:\/\/exceladvisor.org\/pt\/\",\"name\":\"Excel Advisor\",\"description\":\"O seu guia definitivo para dominar os dados!\",\"publisher\":{\"@id\":\"https:\/\/exceladvisor.org\/pt\/#organization\"},\"potentialAction\":[{\"@type\":\"SearchAction\",\"target\":{\"@type\":\"EntryPoint\",\"urlTemplate\":\"https:\/\/exceladvisor.org\/pt\/?s={search_term_string}\"},\"query-input\":{\"@type\":\"PropertyValueSpecification\",\"valueRequired\":true,\"valueName\":\"search_term_string\"}}],\"inLanguage\":\"pt-PT\"},{\"@type\":\"Organization\",\"@id\":\"https:\/\/exceladvisor.org\/pt\/#organization\",\"name\":\"Excel Advisor\",\"url\":\"https:\/\/exceladvisor.org\/pt\/\",\"logo\":{\"@type\":\"ImageObject\",\"inLanguage\":\"pt-PT\",\"@id\":\"https:\/\/exceladvisor.org\/pt\/#\/schema\/logo\/image\/\",\"url\":\"https:\/\/exceladvisor.org\/pt\/wp-content\/uploads\/2023\/12\/exceladvisor.org_.png\",\"contentUrl\":\"https:\/\/exceladvisor.org\/pt\/wp-content\/uploads\/2023\/12\/exceladvisor.org_.png\",\"width\":105,\"height\":36,\"caption\":\"Excel Advisor\"},\"image\":{\"@id\":\"https:\/\/exceladvisor.org\/pt\/#\/schema\/logo\/image\/\"}}]}<\/script>\n<!-- \/ Yoast SEO plugin. -->","yoast_head_json":{"title":"Aplicar formata\u00e7\u00e3o condicional com base em uma data","robots":{"index":"index","follow":"follow","max-snippet":"max-snippet:-1","max-image-preview":"max-image-preview:large","max-video-preview":"max-video-preview:-1"},"canonical":"https:\/\/exceladvisor.org\/pt\/com-base-na-data-2\/","og_locale":"pt_PT","og_type":"article","og_title":"Aplicar formata\u00e7\u00e3o condicional com base em uma data","og_url":"https:\/\/exceladvisor.org\/pt\/com-base-na-data-2\/","og_site_name":"Excel Advisor","article_modified_time":"2023-12-06T11:33:34+00:00","og_image":[{"url":"https:\/\/exceladvisor.org\/wp-content\/uploads\/2023\/08\/1-appliquer-une-mise-en-forme-conditionnelle-basee-sur-une-date.png","type":"","width":"","height":""}],"twitter_card":"summary_large_image","twitter_misc":{"Tempo estimado de leitura":"3 minutos"},"schema":{"@context":"https:\/\/schema.org","@graph":[{"@type":"WebPage","@id":"https:\/\/exceladvisor.org\/pt\/com-base-na-data-2\/","url":"https:\/\/exceladvisor.org\/pt\/com-base-na-data-2\/","name":"Aplicar formata\u00e7\u00e3o condicional com base em uma data","isPartOf":{"@id":"https:\/\/exceladvisor.org\/pt\/#website"},"primaryImageOfPage":{"@id":"https:\/\/exceladvisor.org\/pt\/com-base-na-data-2\/#primaryimage"},"image":{"@id":"https:\/\/exceladvisor.org\/pt\/com-base-na-data-2\/#primaryimage"},"thumbnailUrl":"https:\/\/exceladvisor.org\/wp-content\/uploads\/2023\/08\/1-appliquer-une-mise-en-forme-conditionnelle-basee-sur-une-date.png","datePublished":"2023-11-04T15:49:03+00:00","dateModified":"2023-12-06T11:33:34+00:00","breadcrumb":{"@id":"https:\/\/exceladvisor.org\/pt\/com-base-na-data-2\/#breadcrumb"},"inLanguage":"pt-PT","potentialAction":[{"@type":"ReadAction","target":["https:\/\/exceladvisor.org\/pt\/com-base-na-data-2\/"]}]},{"@type":"ImageObject","inLanguage":"pt-PT","@id":"https:\/\/exceladvisor.org\/pt\/com-base-na-data-2\/#primaryimage","url":"https:\/\/exceladvisor.org\/wp-content\/uploads\/2023\/08\/1-appliquer-une-mise-en-forme-conditionnelle-basee-sur-une-date.png","contentUrl":"https:\/\/exceladvisor.org\/wp-content\/uploads\/2023\/08\/1-appliquer-une-mise-en-forme-conditionnelle-basee-sur-une-date.png"},{"@type":"BreadcrumbList","@id":"https:\/\/exceladvisor.org\/pt\/com-base-na-data-2\/#breadcrumb","itemListElement":[{"@type":"ListItem","position":1,"name":"Lar","item":"https:\/\/exceladvisor.org\/pt\/"},{"@type":"ListItem","position":2,"name":"Aplicar formata\u00e7\u00e3o condicional com base em uma data"}]},{"@type":"WebSite","@id":"https:\/\/exceladvisor.org\/pt\/#website","url":"https:\/\/exceladvisor.org\/pt\/","name":"Excel Advisor","description":"O seu guia definitivo para dominar os dados!","publisher":{"@id":"https:\/\/exceladvisor.org\/pt\/#organization"},"potentialAction":[{"@type":"SearchAction","target":{"@type":"EntryPoint","urlTemplate":"https:\/\/exceladvisor.org\/pt\/?s={search_term_string}"},"query-input":{"@type":"PropertyValueSpecification","valueRequired":true,"valueName":"search_term_string"}}],"inLanguage":"pt-PT"},{"@type":"Organization","@id":"https:\/\/exceladvisor.org\/pt\/#organization","name":"Excel Advisor","url":"https:\/\/exceladvisor.org\/pt\/","logo":{"@type":"ImageObject","inLanguage":"pt-PT","@id":"https:\/\/exceladvisor.org\/pt\/#\/schema\/logo\/image\/","url":"https:\/\/exceladvisor.org\/pt\/wp-content\/uploads\/2023\/12\/exceladvisor.org_.png","contentUrl":"https:\/\/exceladvisor.org\/pt\/wp-content\/uploads\/2023\/12\/exceladvisor.org_.png","width":105,"height":36,"caption":"Excel Advisor"},"image":{"@id":"https:\/\/exceladvisor.org\/pt\/#\/schema\/logo\/image\/"}}]}},"yoast_meta":{"yoast_wpseo_title":"","yoast_wpseo_metadesc":"","yoast_wpseo_canonical":""},"_links":{"self":[{"href":"https:\/\/exceladvisor.org\/pt\/wp-json\/wp\/v2\/pages\/320","targetHints":{"allow":["GET"]}}],"collection":[{"href":"https:\/\/exceladvisor.org\/pt\/wp-json\/wp\/v2\/pages"}],"about":[{"href":"https:\/\/exceladvisor.org\/pt\/wp-json\/wp\/v2\/types\/page"}],"author":[{"embeddable":true,"href":"https:\/\/exceladvisor.org\/pt\/wp-json\/wp\/v2\/users\/1"}],"replies":[{"embeddable":true,"href":"https:\/\/exceladvisor.org\/pt\/wp-json\/wp\/v2\/comments?post=320"}],"version-history":[{"count":1,"href":"https:\/\/exceladvisor.org\/pt\/wp-json\/wp\/v2\/pages\/320\/revisions"}],"predecessor-version":[{"id":754,"href":"https:\/\/exceladvisor.org\/pt\/wp-json\/wp\/v2\/pages\/320\/revisions\/754"}],"wp:attachment":[{"href":"https:\/\/exceladvisor.org\/pt\/wp-json\/wp\/v2\/media?parent=320"}],"curies":[{"name":"wp","href":"https:\/\/api.w.org\/{rel}","templated":true}]}}