{"id":325,"date":"2023-11-04T02:35:45","date_gmt":"2023-11-04T02:35:45","guid":{"rendered":"https:\/\/exceladvisor.org\/pt\/filtro-horizontal\/"},"modified":"2023-12-06T11:36:44","modified_gmt":"2023-12-06T11:36:44","slug":"filtro-horizontal","status":"publish","type":"page","link":"https:\/\/exceladvisor.org\/pt\/filtro-horizontal\/","title":{"rendered":"Como criar um filtro horizontal no excel?"},"content":{"rendered":"<div class=\"excel-before-content-2\" id=\"excel-3033601770\"><script type=\"text\/javascript\">\r\n\tatOptions = {\r\n\t\t'key' : 'c1158f160081d6540a8409e6925dab94',\r\n\t\t'format' : 'iframe',\r\n\t\t'height' : 250,\r\n\t\t'width' : 300,\r\n\t\t'params' : {}\r\n\t};\r\n<\/script>\r\n<script type=\"text\/javascript\" src=\"\/\/www.highperformanceformat.com\/c1158f160081d6540a8409e6925dab94\/invoke.js\"><\/script><\/div><div class=\"excel-before-content\" id=\"excel-3199557153\"><script type=\"text\/javascript\">\r\n\tatOptions = {\r\n\t\t'key' : 'c1158f160081d6540a8409e6925dab94',\r\n\t\t'format' : 'iframe',\r\n\t\t'height' : 250,\r\n\t\t'width' : 300,\r\n\t\t'params' : {}\r\n\t};\r\n<\/script>\r\n<script type=\"text\/javascript\" src=\"\/\/www.highperformanceformat.com\/c1158f160081d6540a8409e6925dab94\/invoke.js\"><\/script><\/div> <p>Para usar um filtro horizontalmente no Excel, voc\u00ea deve usar a fun\u00e7\u00e3o FILTER que permite filtrar uma tabela com base nos crit\u00e9rios especificados na fun\u00e7\u00e3o. Voc\u00ea pode especificar uma tabela e, em seguida, usando o nome da linha, especificar os crit\u00e9rios a serem filtrados.<\/p><p> No exemplo a seguir, voc\u00ea tem um pequeno conjunto de dados onde o nome e a idade est\u00e3o no formato horizontal (os cabe\u00e7alhos est\u00e3o em linhas). Agora precisamos filtrar os dados com base na idade quando a idade for superior a 45 anos. <\/p><div class=\"wp-block-image\"><figure class=\"aligncenter size-full is-resized\"><img loading=\"lazy\" decoding=\"async\" class=\"wp-image-69883\" src=\"https:\/\/exceladvisor.org\/wp-content\/uploads\/2023\/08\/1-donnees-sous-forme-horizontale.png\" sizes=\"auto, \" srcset=\"\" alt=\"dados em formato horizontal\" width=\"740\" height=\"390\"><\/figure><\/div><p> Aqui temos um total de nome e idade de 40 pessoas, o que significa que o intervalo que temos com nome e idade \u00e9 A1:AO2. Em que as c\u00e9lulas A1 e B1 s\u00e3o os cabe\u00e7alhos.<\/p><h2 class=\"wp-block-heading\"> Etapas para aplicar filtro horizontal no Excel<\/h2><ol type=\"1\"><li> Na c\u00e9lula D2, comece a adicionar a fun\u00e7\u00e3o de filtro.<\/li><li> A partir daqui, no primeiro argumento, consulte o intervalo B2:AO2 onde temos os dados reais que precisamos filtrar.<\/li><li> Agora no segundo argumento consulte a faixa onde temos o valor da idade.<\/li><li> Em seguida, insira maior e igual ao operador.<\/li><li> Depois disso, insira os 45 que queremos usar como crit\u00e9rio.<\/li><li> No terceiro argumento voc\u00ea pode especificar um valor para usar em c\u00e9lulas onde n\u00e3o h\u00e1 valor.<\/li><li> No final, insira par\u00eanteses de fechamento e pressione Enter para obter os dados filtrados. <\/li><\/ol><div class=\"wp-block-image\"><figure class=\"aligncenter size-full is-resized\"><img loading=\"lazy\" decoding=\"async\" class=\"wp-image-69884\" src=\"https:\/\/exceladvisor.org\/wp-content\/uploads\/2023\/08\/2-appliquer-le-filtre-horizontal.png\" sizes=\"auto, \" srcset=\"\" alt=\"aplicar filtro horizontal\" width=\"734\" height=\"407\"><\/figure><\/div><p> Como voc\u00ea pode ver, temos os dados filtrados dos dados originais que temos na forma horizontal.<\/p><pre class=\"wp-block-code\"> <code class=\"language-excel-formula\" lang=\"excel-formula\">=FILTER(B1:AO2,B2:AO2&gt;=45)<\/code><\/pre><h2 class=\"wp-block-heading\"> Como funciona essa f\u00f3rmula?<\/h2><p> Antes de tentarmos entender esta f\u00f3rmula, precisamos saber que FILTER \u00e9 uma fun\u00e7\u00e3o DIN\u00c2MICA que permite trabalhar com v\u00e1rios valores ao mesmo tempo em uma \u00fanica f\u00f3rmula e depois retornar valores em m\u00faltiplas c\u00e9lulas.<\/p><p> Vamos agora separar esta fun\u00e7\u00e3o em duas partes para entender isso: <\/p><div class=\"wp-block-image\"><figure class=\"aligncenter size-full is-resized\"><img loading=\"lazy\" decoding=\"async\" class=\"wp-image-69885\" src=\"https:\/\/exceladvisor.org\/wp-content\/uploads\/2023\/08\/3-comment-fonctionne-le-filtre-horizontal.png\" sizes=\"auto, \" srcset=\"\" alt=\"como funciona o filtro horizontal\" width=\"713\" height=\"376\"><\/figure><\/div><p> Na primeira parte nos referimos a toda a faixa onde temos o nome e a idade, que \u00e9 B1:AO2. Quando voc\u00ea se refere a ele, diz ao Excel para usar duas tabelas diferentes porque temos as linhas A e B.<\/p><p> Agora na segunda parte nos referimos apenas \u00e0 coluna de idade e com isso especificamos uma condi\u00e7\u00e3o para testar que \u00e9 igual e maior que 45.<\/p><p> Agora toda a magia desta fun\u00e7\u00e3o est\u00e1 nesta parte. Ao especificar uma condi\u00e7\u00e3o para filtrar, ele testa cada valor na coluna idade. <\/p><div class=\"wp-block-image\"><figure class=\"aligncenter size-full is-resized\"><img loading=\"lazy\" decoding=\"async\" class=\"wp-image-69886\" src=\"https:\/\/exceladvisor.org\/wp-content\/uploads\/2023\/08\/4-tests-de-filtre-horizontaux-pour-chaque-valeur.png\" sizes=\"auto, \" srcset=\"\" alt=\"filtro horizontal testa cada valor\" width=\"771\" height=\"303\"><\/figure><\/div><p> Ao testar, ele encontra apenas tr\u00eas valores maiores ou iguais a 45 na coluna idade. E isso informa \u00e0 fun\u00e7\u00e3o FILTER que existem tr\u00eas valores que precisamos filtrar.<\/p><p> Como eu disse, esta \u00e9 uma fun\u00e7\u00e3o din\u00e2mica ao selecionar qualquer uma das c\u00e9lulas do conjunto de dados filtrados destacado. <\/p><div class=\"wp-block-image\"><figure class=\"aligncenter size-full is-resized\"><img loading=\"lazy\" decoding=\"async\" class=\"wp-image-69887\" src=\"https:\/\/exceladvisor.org\/wp-content\/uploads\/2023\/08\/5-filtres-dynamiques-horizontaux.png\" sizes=\"auto, \" srcset=\"\" alt=\"filtro din\u00e2mico horizontal\" width=\"667\" height=\"280\"><\/figure><\/div><p> Voc\u00ea tamb\u00e9m pode ir al\u00e9m e transpor os dados e filtrar os dados horizontais e transp\u00f4-los em dados verticais usando a fun\u00e7\u00e3o de transposi\u00e7\u00e3o. <\/p><div class=\"wp-block-image\"><figure class=\"aligncenter size-full is-resized\"><img loading=\"lazy\" decoding=\"async\" class=\"wp-image-69888\" src=\"https:\/\/exceladvisor.org\/wp-content\/uploads\/2023\/08\/6-donnees-de-filtrage-et-de-transponse.png\" sizes=\"auto, \" srcset=\"\" alt=\"filtrar e transpor dados\" width=\"641\" height=\"442\"><\/figure><\/div><p> Voc\u00ea s\u00f3 precisa agrupar a fun\u00e7\u00e3o de filtro na fun\u00e7\u00e3o de transposi\u00e7\u00e3o. <\/p><div class=\"gb-container gb-container-52dfcee1 gb-container-sample-file\"><h2 class=\"gb-headline gb-headline-e289c143 gb-headline-text gb-headline-4f7959c2\"> Obtenha o arquivo Excel<\/h2> <a class=\"gb-button gb-button-e88d6bee gb-button-text gb-button-button1\" href=\"https:\/\/exceladvisor.org\/wp-content\/uploads\/2023\/11\/filtre-horizontal-2.xlsx\" rel=\"nofollow\">Download<\/a><\/div><div class=\"gb-container gb-container-0df56012 gb-container-mt\"> <a class=\"gb-button gb-button-f9f432f4 gb-button-text gb-button-mt-button\" href=\"https:\/\/exceladvisor.org\/pt\/formulas\/\">Lista de f\u00f3rmulas do Excel<\/a><h2 class=\"gb-headline gb-headline-233444e8 gb-headline-text gb-headline-mt-heading\"> F\u00f3rmulas relacionadas <\/h2><div class=\"gb-grid-wrapper gb-grid-wrapper-a16fa65c gb-grid-wrapper-mt-grid\"><div class=\"gb-grid-column gb-grid-column-50d07e0d\"><div class=\"gb-container gb-container-50d07e0d\"><ul><li> <a href=\"https:\/\/exceladvisor.org\/pt\/classificacao-por-estrelas\/\">Crie um modelo de classifica\u00e7\u00e3o por estrelas no Excel<\/a><\/li><li> <a href=\"https:\/\/exceladvisor.org\/pt\/obter-o-nome-do-arquivo\/\">Obtenha o nome do arquivo no Excel<\/a><\/li><li> <a href=\"https:\/\/exceladvisor.org\/pt\/obter-o-nome-da-planilha\/\">Obtenha o nome da planilha no Excel<\/a><\/li><li> <a href=\"https:\/\/exceladvisor.org\/pt\/gerar-letras-aleatorias\/\">Gere letras aleat\u00f3rias rapidamente no Excel<\/a><\/li><li> <a href=\"https:\/\/exceladvisor.org\/pt\/randomizar-a-lista\/\">Randomizar uma lista (classifica\u00e7\u00e3o aleat\u00f3ria) no Excel<\/a><\/li><\/ul><\/div><\/div><\/div><\/div>","protected":false},"excerpt":{"rendered":"","protected":false},"author":1,"featured_media":0,"parent":0,"menu_order":0,"comment_status":"open","ping_status":"closed","template":"","meta":{"ub_ctt_via":"","footnotes":""},"class_list":["post-325","page","type-page","status-publish","hentry"],"featured_image_src":null,"yoast_head":"<!-- This site is optimized with the Yoast SEO plugin v25.4 - https:\/\/yoast.com\/wordpress\/plugins\/seo\/ -->\n<title>Como criar um filtro horizontal no Excel? - Consultor Excel<\/title>\n<meta name=\"description\" content=\"Neste tutorial aprenderemos como criar uma f\u00f3rmula que pode te ajudar a aplicar um filtro horizontal, usaremos o\" \/>\n<meta name=\"robots\" content=\"index, follow, max-snippet:-1, max-image-preview:large, max-video-preview:-1\" \/>\n<link rel=\"canonical\" href=\"https:\/\/exceladvisor.org\/pt\/filtro-horizontal\/\" \/>\n<meta property=\"og:locale\" content=\"pt_PT\" \/>\n<meta property=\"og:type\" content=\"article\" \/>\n<meta property=\"og:title\" content=\"Como criar um filtro horizontal no Excel? - Consultor Excel\" \/>\n<meta property=\"og:description\" content=\"Neste tutorial aprenderemos como criar uma f\u00f3rmula que pode te ajudar a aplicar um filtro horizontal, usaremos o\" \/>\n<meta property=\"og:url\" content=\"https:\/\/exceladvisor.org\/pt\/filtro-horizontal\/\" \/>\n<meta property=\"og:site_name\" content=\"Excel Advisor\" \/>\n<meta property=\"article:modified_time\" content=\"2023-12-06T11:36:44+00:00\" \/>\n<meta property=\"og:image\" content=\"https:\/\/exceladvisor.org\/wp-content\/uploads\/2023\/08\/1-donnees-sous-forme-horizontale.png\" \/>\n<meta name=\"twitter:card\" content=\"summary_large_image\" \/>\n<meta name=\"twitter:label1\" content=\"Tempo estimado de leitura\" \/>\n\t<meta name=\"twitter:data1\" content=\"3 minutos\" \/>\n<script type=\"application\/ld+json\" class=\"yoast-schema-graph\">{\"@context\":\"https:\/\/schema.org\",\"@graph\":[{\"@type\":\"WebPage\",\"@id\":\"https:\/\/exceladvisor.org\/pt\/filtro-horizontal\/\",\"url\":\"https:\/\/exceladvisor.org\/pt\/filtro-horizontal\/\",\"name\":\"Como criar um filtro horizontal no Excel? - Consultor Excel\",\"isPartOf\":{\"@id\":\"https:\/\/exceladvisor.org\/pt\/#website\"},\"primaryImageOfPage\":{\"@id\":\"https:\/\/exceladvisor.org\/pt\/filtro-horizontal\/#primaryimage\"},\"image\":{\"@id\":\"https:\/\/exceladvisor.org\/pt\/filtro-horizontal\/#primaryimage\"},\"thumbnailUrl\":\"https:\/\/exceladvisor.org\/wp-content\/uploads\/2023\/08\/1-donnees-sous-forme-horizontale.png\",\"datePublished\":\"2023-11-04T02:35:45+00:00\",\"dateModified\":\"2023-12-06T11:36:44+00:00\",\"description\":\"Neste tutorial aprenderemos como criar uma f\u00f3rmula que pode te ajudar a aplicar um filtro horizontal, usaremos o\",\"breadcrumb\":{\"@id\":\"https:\/\/exceladvisor.org\/pt\/filtro-horizontal\/#breadcrumb\"},\"inLanguage\":\"pt-PT\",\"potentialAction\":[{\"@type\":\"ReadAction\",\"target\":[\"https:\/\/exceladvisor.org\/pt\/filtro-horizontal\/\"]}]},{\"@type\":\"ImageObject\",\"inLanguage\":\"pt-PT\",\"@id\":\"https:\/\/exceladvisor.org\/pt\/filtro-horizontal\/#primaryimage\",\"url\":\"https:\/\/exceladvisor.org\/wp-content\/uploads\/2023\/08\/1-donnees-sous-forme-horizontale.png\",\"contentUrl\":\"https:\/\/exceladvisor.org\/wp-content\/uploads\/2023\/08\/1-donnees-sous-forme-horizontale.png\"},{\"@type\":\"BreadcrumbList\",\"@id\":\"https:\/\/exceladvisor.org\/pt\/filtro-horizontal\/#breadcrumb\",\"itemListElement\":[{\"@type\":\"ListItem\",\"position\":1,\"name\":\"Lar\",\"item\":\"https:\/\/exceladvisor.org\/pt\/\"},{\"@type\":\"ListItem\",\"position\":2,\"name\":\"Como criar um filtro horizontal no excel?\"}]},{\"@type\":\"WebSite\",\"@id\":\"https:\/\/exceladvisor.org\/pt\/#website\",\"url\":\"https:\/\/exceladvisor.org\/pt\/\",\"name\":\"Excel Advisor\",\"description\":\"O seu guia definitivo para dominar os dados!\",\"publisher\":{\"@id\":\"https:\/\/exceladvisor.org\/pt\/#organization\"},\"potentialAction\":[{\"@type\":\"SearchAction\",\"target\":{\"@type\":\"EntryPoint\",\"urlTemplate\":\"https:\/\/exceladvisor.org\/pt\/?s={search_term_string}\"},\"query-input\":{\"@type\":\"PropertyValueSpecification\",\"valueRequired\":true,\"valueName\":\"search_term_string\"}}],\"inLanguage\":\"pt-PT\"},{\"@type\":\"Organization\",\"@id\":\"https:\/\/exceladvisor.org\/pt\/#organization\",\"name\":\"Excel Advisor\",\"url\":\"https:\/\/exceladvisor.org\/pt\/\",\"logo\":{\"@type\":\"ImageObject\",\"inLanguage\":\"pt-PT\",\"@id\":\"https:\/\/exceladvisor.org\/pt\/#\/schema\/logo\/image\/\",\"url\":\"https:\/\/exceladvisor.org\/pt\/wp-content\/uploads\/2023\/12\/exceladvisor.org_.png\",\"contentUrl\":\"https:\/\/exceladvisor.org\/pt\/wp-content\/uploads\/2023\/12\/exceladvisor.org_.png\",\"width\":105,\"height\":36,\"caption\":\"Excel Advisor\"},\"image\":{\"@id\":\"https:\/\/exceladvisor.org\/pt\/#\/schema\/logo\/image\/\"}}]}<\/script>\n<!-- \/ Yoast SEO plugin. -->","yoast_head_json":{"title":"Como criar um filtro horizontal no Excel? - Consultor Excel","description":"Neste tutorial aprenderemos como criar uma f\u00f3rmula que pode te ajudar a aplicar um filtro horizontal, usaremos o","robots":{"index":"index","follow":"follow","max-snippet":"max-snippet:-1","max-image-preview":"max-image-preview:large","max-video-preview":"max-video-preview:-1"},"canonical":"https:\/\/exceladvisor.org\/pt\/filtro-horizontal\/","og_locale":"pt_PT","og_type":"article","og_title":"Como criar um filtro horizontal no Excel? - Consultor Excel","og_description":"Neste tutorial aprenderemos como criar uma f\u00f3rmula que pode te ajudar a aplicar um filtro horizontal, usaremos o","og_url":"https:\/\/exceladvisor.org\/pt\/filtro-horizontal\/","og_site_name":"Excel Advisor","article_modified_time":"2023-12-06T11:36:44+00:00","og_image":[{"url":"https:\/\/exceladvisor.org\/wp-content\/uploads\/2023\/08\/1-donnees-sous-forme-horizontale.png","type":"","width":"","height":""}],"twitter_card":"summary_large_image","twitter_misc":{"Tempo estimado de leitura":"3 minutos"},"schema":{"@context":"https:\/\/schema.org","@graph":[{"@type":"WebPage","@id":"https:\/\/exceladvisor.org\/pt\/filtro-horizontal\/","url":"https:\/\/exceladvisor.org\/pt\/filtro-horizontal\/","name":"Como criar um filtro horizontal no Excel? - Consultor Excel","isPartOf":{"@id":"https:\/\/exceladvisor.org\/pt\/#website"},"primaryImageOfPage":{"@id":"https:\/\/exceladvisor.org\/pt\/filtro-horizontal\/#primaryimage"},"image":{"@id":"https:\/\/exceladvisor.org\/pt\/filtro-horizontal\/#primaryimage"},"thumbnailUrl":"https:\/\/exceladvisor.org\/wp-content\/uploads\/2023\/08\/1-donnees-sous-forme-horizontale.png","datePublished":"2023-11-04T02:35:45+00:00","dateModified":"2023-12-06T11:36:44+00:00","description":"Neste tutorial aprenderemos como criar uma f\u00f3rmula que pode te ajudar a aplicar um filtro horizontal, usaremos o","breadcrumb":{"@id":"https:\/\/exceladvisor.org\/pt\/filtro-horizontal\/#breadcrumb"},"inLanguage":"pt-PT","potentialAction":[{"@type":"ReadAction","target":["https:\/\/exceladvisor.org\/pt\/filtro-horizontal\/"]}]},{"@type":"ImageObject","inLanguage":"pt-PT","@id":"https:\/\/exceladvisor.org\/pt\/filtro-horizontal\/#primaryimage","url":"https:\/\/exceladvisor.org\/wp-content\/uploads\/2023\/08\/1-donnees-sous-forme-horizontale.png","contentUrl":"https:\/\/exceladvisor.org\/wp-content\/uploads\/2023\/08\/1-donnees-sous-forme-horizontale.png"},{"@type":"BreadcrumbList","@id":"https:\/\/exceladvisor.org\/pt\/filtro-horizontal\/#breadcrumb","itemListElement":[{"@type":"ListItem","position":1,"name":"Lar","item":"https:\/\/exceladvisor.org\/pt\/"},{"@type":"ListItem","position":2,"name":"Como criar um filtro horizontal no excel?"}]},{"@type":"WebSite","@id":"https:\/\/exceladvisor.org\/pt\/#website","url":"https:\/\/exceladvisor.org\/pt\/","name":"Excel Advisor","description":"O seu guia definitivo para dominar os dados!","publisher":{"@id":"https:\/\/exceladvisor.org\/pt\/#organization"},"potentialAction":[{"@type":"SearchAction","target":{"@type":"EntryPoint","urlTemplate":"https:\/\/exceladvisor.org\/pt\/?s={search_term_string}"},"query-input":{"@type":"PropertyValueSpecification","valueRequired":true,"valueName":"search_term_string"}}],"inLanguage":"pt-PT"},{"@type":"Organization","@id":"https:\/\/exceladvisor.org\/pt\/#organization","name":"Excel Advisor","url":"https:\/\/exceladvisor.org\/pt\/","logo":{"@type":"ImageObject","inLanguage":"pt-PT","@id":"https:\/\/exceladvisor.org\/pt\/#\/schema\/logo\/image\/","url":"https:\/\/exceladvisor.org\/pt\/wp-content\/uploads\/2023\/12\/exceladvisor.org_.png","contentUrl":"https:\/\/exceladvisor.org\/pt\/wp-content\/uploads\/2023\/12\/exceladvisor.org_.png","width":105,"height":36,"caption":"Excel Advisor"},"image":{"@id":"https:\/\/exceladvisor.org\/pt\/#\/schema\/logo\/image\/"}}]}},"yoast_meta":{"yoast_wpseo_title":"","yoast_wpseo_metadesc":"","yoast_wpseo_canonical":""},"_links":{"self":[{"href":"https:\/\/exceladvisor.org\/pt\/wp-json\/wp\/v2\/pages\/325","targetHints":{"allow":["GET"]}}],"collection":[{"href":"https:\/\/exceladvisor.org\/pt\/wp-json\/wp\/v2\/pages"}],"about":[{"href":"https:\/\/exceladvisor.org\/pt\/wp-json\/wp\/v2\/types\/page"}],"author":[{"embeddable":true,"href":"https:\/\/exceladvisor.org\/pt\/wp-json\/wp\/v2\/users\/1"}],"replies":[{"embeddable":true,"href":"https:\/\/exceladvisor.org\/pt\/wp-json\/wp\/v2\/comments?post=325"}],"version-history":[{"count":1,"href":"https:\/\/exceladvisor.org\/pt\/wp-json\/wp\/v2\/pages\/325\/revisions"}],"predecessor-version":[{"id":982,"href":"https:\/\/exceladvisor.org\/pt\/wp-json\/wp\/v2\/pages\/325\/revisions\/982"}],"wp:attachment":[{"href":"https:\/\/exceladvisor.org\/pt\/wp-json\/wp\/v2\/media?parent=325"}],"curies":[{"name":"wp","href":"https:\/\/api.w.org\/{rel}","templated":true}]}}