{"id":326,"date":"2023-11-04T02:16:46","date_gmt":"2023-11-04T02:16:46","guid":{"rendered":"https:\/\/exceladvisor.org\/pt\/randomizar-a-lista\/"},"modified":"2023-12-06T11:38:26","modified_gmt":"2023-12-06T11:38:26","slug":"randomizar-a-lista","status":"publish","type":"page","link":"https:\/\/exceladvisor.org\/pt\/randomizar-a-lista\/","title":{"rendered":"Como misturar dados no excel?"},"content":{"rendered":"<div class=\"excel-before-content-2\" id=\"excel-3646157114\"><script type=\"text\/javascript\">\r\n\tatOptions = {\r\n\t\t'key' : 'c1158f160081d6540a8409e6925dab94',\r\n\t\t'format' : 'iframe',\r\n\t\t'height' : 250,\r\n\t\t'width' : 300,\r\n\t\t'params' : {}\r\n\t};\r\n<\/script>\r\n<script type=\"text\/javascript\" src=\"\/\/www.highperformanceformat.com\/c1158f160081d6540a8409e6925dab94\/invoke.js\"><\/script><\/div><div class=\"excel-before-content\" id=\"excel-3098026602\"><script type=\"text\/javascript\">\r\n\tatOptions = {\r\n\t\t'key' : 'c1158f160081d6540a8409e6925dab94',\r\n\t\t'format' : 'iframe',\r\n\t\t'height' : 250,\r\n\t\t'width' : 300,\r\n\t\t'params' : {}\r\n\t};\r\n<\/script>\r\n<script type=\"text\/javascript\" src=\"\/\/www.highperformanceformat.com\/c1158f160081d6540a8409e6925dab94\/invoke.js\"><\/script><\/div> <p>Randomizar a lista de valores no Excel significa que voc\u00ea pode classificar os dados aleatoriamente. E para isso voc\u00ea precisa usar a fun\u00e7\u00e3o RAND do Excel e junto com isso voc\u00ea precisa usar a fun\u00e7\u00e3o sort que voc\u00ea usa para classificar os dados. RAND fornece valores aleat\u00f3rios que ajudam a embaralhar esses dados aleatoriamente.<\/p><p> No exemplo a seguir, temos uma lista de nomes e agora precisamos ordenar essa lista em ordem aleat\u00f3ria. <\/p><div class=\"wp-block-image\"><figure class=\"aligncenter size-full is-resized\"><img loading=\"lazy\" decoding=\"async\" class=\"wp-image-69862\" src=\"https:\/\/exceladvisor.org\/wp-content\/uploads\/2023\/08\/1-liste-de-noms-2.png\" sizes=\"auto, \" srcset=\"\" alt=\"lista de nomes\" width=\"480\" height=\"444\"><\/figure><\/div><h2 class=\"wp-block-heading\"> Etapas para randomizar uma lista no Excel (randomizar uma lista)<\/h2><ol><li> Primeiro insira RAND() na c\u00e9lula B1. Isso lhe dar\u00e1 um n\u00famero aleat\u00f3rio entre 0 e 1.<\/li><li> Ent\u00e3o voc\u00ea precisa arrastar a f\u00f3rmula para o sobrenome que voc\u00ea possui na lista. <br><img loading=\"lazy\" decoding=\"async\" title=\"2-classifica\u00e7\u00e3o aleat\u00f3ria em uma lista\" src=\"https:\/\/exceladvisor.org\/wp-content\/uploads\/2023\/08\/2-trier-au-hasard-une-liste.png\" sizes=\"auto, \" srcset=\"\" alt=\"random-sort-a-list\" width=\"355\" height=\"374\"><\/li><li> A partir da\u00ed voc\u00ea precisa abrir a op\u00e7\u00e3o de classifica\u00e7\u00e3o em DATA \u279c SORT. Ou voc\u00ea pode usar o atalho de teclado (Alt \u279c A \u279c S \u279c S). <br><img loading=\"lazy\" decoding=\"async\" title=\"Op\u00e7\u00e3o 3-classifica\u00e7\u00e3o aberta\" src=\"https:\/\/exceladvisor.org\/wp-content\/uploads\/2023\/08\/3-ouvrir-loption-de-tri.png\" sizes=\"auto, \" srcset=\"\" alt=\"open-the-sort-option\" width=\"696\" height=\"351\"><\/li><li> Em \u201cClassificar por\u201d, selecione o nome da coluna onde voc\u00ea tem valores aleat\u00f3rios e selecione a ordem que deseja (isso n\u00e3o faz diferen\u00e7a porque estamos procurando uma classifica\u00e7\u00e3o aleat\u00f3ria).<\/li><li> No final, clique em OK.<\/li><\/ol><p> E depois de clicar em OK, voc\u00ea ter\u00e1 uma lista aleat\u00f3ria de nomes (classificados em ordem aleat\u00f3ria). <\/p><div class=\"wp-block-image\"><figure class=\"aligncenter size-full is-resized\"><img loading=\"lazy\" decoding=\"async\" class=\"wp-image-69866\" src=\"https:\/\/exceladvisor.org\/wp-content\/uploads\/2023\/08\/Fonction-4-rands.png\" sizes=\"auto, \" srcset=\"\" alt=\"fun\u00e7\u00e3o rand\" width=\"396\" height=\"369\"><\/figure><\/div><p> Agora, h\u00e1 uma coisa que precisamos observar aqui. A fun\u00e7\u00e3o RAND \u00e9 uma fun\u00e7\u00e3o vol\u00e1til e muda sempre que voc\u00ea recalcula no Excel. Voc\u00ea pode alterar esses valores aleat\u00f3rios para valores reais ou, se quiser classificar os nomes novamente, pode deix\u00e1-los como est\u00e3o.<\/p><h2 class=\"wp-block-heading\"> Colunas de classifica\u00e7\u00e3o aleat\u00f3ria<\/h2><p> Voc\u00ea tamb\u00e9m pode classificar as colunas em ordem aleat\u00f3ria usando o mesmo m\u00e9todo. No exemplo a seguir, temos a mesma lista de nomes em v\u00e1rias colunas e agora precisamos classificar as colunas em ordem aleat\u00f3ria. <\/p><div class=\"wp-block-image\"><figure class=\"aligncenter size-full is-resized\"><img loading=\"lazy\" decoding=\"async\" class=\"wp-image-69867\" src=\"https:\/\/exceladvisor.org\/wp-content\/uploads\/2023\/08\/5-colonnes-de-tri-aleatoire.png\" sizes=\"auto, \" srcset=\"\" alt=\"colunas de classifica\u00e7\u00e3o aleat\u00f3ria\" width=\"823\" height=\"100\"><\/figure><\/div><p> Primeiro, voc\u00ea precisa criar uma coluna de n\u00fameros aleat\u00f3rios como fizemos no m\u00e9todo anterior. <\/p><div class=\"wp-block-image\"><figure class=\"aligncenter size-full is-resized\"><img loading=\"lazy\" decoding=\"async\" class=\"wp-image-69868\" src=\"https:\/\/exceladvisor.org\/wp-content\/uploads\/2023\/08\/6-creer-une-colonne-de-nombres-aleatoires.png\" sizes=\"auto, \" srcset=\"\" alt=\"criar uma coluna de n\u00fameros aleat\u00f3rios\" width=\"833\" height=\"117\"><\/figure><\/div><p> Depois disso, voc\u00ea precisa selecionar o intervalo de dados de ambas as linhas. <\/p><div class=\"wp-block-image\"><figure class=\"aligncenter size-full is-resized\"><img loading=\"lazy\" decoding=\"async\" class=\"wp-image-69869\" src=\"https:\/\/exceladvisor.org\/wp-content\/uploads\/2023\/08\/7-plages-de-donnees-selectionnees.png\" sizes=\"auto, \" srcset=\"\" alt=\"selecione intervalos de dados\" width=\"827\" height=\"82\"><\/figure><\/div><p> Agora, a pr\u00f3xima coisa que fazemos \u00e9 abrir a op\u00e7\u00e3o de classifica\u00e7\u00e3o. E na op\u00e7\u00e3o ordenar, clique no bot\u00e3o \u201cOP\u00c7\u00d5ES\u201d e selecione a op\u00e7\u00e3o \u201cClassificar da esquerda para a direita\u201d, a seguir clique em OK. <\/p><div class=\"wp-block-image\"><figure class=\"aligncenter size-full is-resized\"><img loading=\"lazy\" decoding=\"async\" class=\"wp-image-69870\" src=\"https:\/\/exceladvisor.org\/wp-content\/uploads\/2023\/08\/8-ouvrir-loption-de-tri.png\" sizes=\"auto, \" srcset=\"\" alt=\"op\u00e7\u00e3o de classifica\u00e7\u00e3o aberta\" width=\"603\" height=\"308\"><\/figure><\/div><p> Agora na caixa de di\u00e1logo de op\u00e7\u00f5es de classifica\u00e7\u00e3o, selecione \u201cLinha1\u201d e no final clique em OK. <\/p><div class=\"wp-block-image\"><figure class=\"aligncenter size-full is-resized\"><img loading=\"lazy\" decoding=\"async\" class=\"wp-image-69871\" src=\"https:\/\/exceladvisor.org\/wp-content\/uploads\/2023\/08\/9-selectionnez-la-ligne-une.png\" sizes=\"auto, \" srcset=\"\" alt=\"selecione-linha-um\" width=\"599\" height=\"289\"><\/figure><\/div><p> E no momento em que voc\u00ea clicar em OK, as colunas ser\u00e3o classificadas em ordem aleat\u00f3ria. <\/p><div class=\"wp-block-image\"><figure class=\"aligncenter size-full is-resized\"><img loading=\"lazy\" decoding=\"async\" class=\"wp-image-69872\" src=\"https:\/\/exceladvisor.org\/wp-content\/uploads\/2023\/08\/10-obtenir-les-colonnes-triees.png\" sizes=\"auto, \" srcset=\"\" alt=\"obter colunas classificadas\" width=\"821\" height=\"117\"><\/figure><\/div><p> \u00c9 assim que voc\u00ea pode usar uma lista aleat\u00f3ria de valores no Excel usando um m\u00e9todo de classifica\u00e7\u00e3o aleat\u00f3ria. <\/p><div class=\"gb-container gb-container-52dfcee1 gb-container-sample-file\"><h2 class=\"gb-headline gb-headline-e289c143 gb-headline-text gb-headline-4f7959c2\"> Obtenha o arquivo Excel<\/h2> <a class=\"gb-button gb-button-e88d6bee gb-button-text gb-button-button1\" href=\"https:\/\/exceladvisor.org\/wp-content\/uploads\/2023\/08\/randomiser-la-liste-2.xlsx\" rel=\"nofollow\">Download<\/a><\/div><div class=\"gb-container gb-container-0df56012 gb-container-mt\"> <a class=\"gb-button gb-button-f9f432f4 gb-button-text gb-button-mt-button\" href=\"https:\/\/exceladvisor.org\/pt\/formulas\/\">Lista de f\u00f3rmulas do Excel<\/a><h2 class=\"gb-headline gb-headline-233444e8 gb-headline-text gb-headline-mt-heading\"> F\u00f3rmulas relacionadas <\/h2><div class=\"gb-grid-wrapper gb-grid-wrapper-a16fa65c gb-grid-wrapper-mt-grid\"><div class=\"gb-grid-column gb-grid-column-50d07e0d\"><div class=\"gb-container gb-container-50d07e0d\"><ul><li> <a href=\"https:\/\/exceladvisor.org\/pt\/filtro-horizontal\/\">Crie um filtro horizontal no Excel<\/a><\/li><li> <a href=\"https:\/\/exceladvisor.org\/pt\/classificacao-por-estrelas\/\">Crie um modelo de classifica\u00e7\u00e3o por estrelas no Excel<\/a><\/li><li> <a href=\"https:\/\/exceladvisor.org\/pt\/obter-o-nome-do-arquivo\/\">Obtenha o nome do arquivo no Excel<\/a><\/li><li> <a href=\"https:\/\/exceladvisor.org\/pt\/obter-o-nome-da-planilha\/\">Obtenha o nome da planilha no Excel<\/a><\/li><li> <a href=\"https:\/\/exceladvisor.org\/pt\/gerar-letras-aleatorias\/\">Gere letras aleat\u00f3rias rapidamente no Excel<\/a> <\/li><\/ul><\/div><\/div><div class=\"gb-grid-column gb-grid-column-5b4a0cf9\"><div class=\"gb-container gb-container-5b4a0cf9\"><\/div><\/div><\/div><\/div>","protected":false},"excerpt":{"rendered":"","protected":false},"author":1,"featured_media":0,"parent":0,"menu_order":0,"comment_status":"open","ping_status":"closed","template":"","meta":{"ub_ctt_via":"","footnotes":""},"class_list":["post-326","page","type-page","status-publish","hentry"],"featured_image_src":null,"yoast_head":"<!-- This site is optimized with the Yoast SEO plugin v25.4 - https:\/\/yoast.com\/wordpress\/plugins\/seo\/ -->\n<title>\u25b7 Como misturar dados no Excel? - Consultor Excel<\/title>\n<meta name=\"description\" content=\"Neste tutorial, aprenderemos como embaralhar uma lista (embaralhar os dados usando uma classifica\u00e7\u00e3o aleat\u00f3ria) usando as op\u00e7\u00f5es\" \/>\n<meta name=\"robots\" content=\"index, follow, max-snippet:-1, max-image-preview:large, max-video-preview:-1\" \/>\n<link rel=\"canonical\" href=\"https:\/\/exceladvisor.org\/pt\/randomizar-a-lista\/\" \/>\n<meta property=\"og:locale\" content=\"pt_PT\" \/>\n<meta property=\"og:type\" content=\"article\" \/>\n<meta property=\"og:title\" content=\"\u25b7 Como misturar dados no Excel? - Consultor Excel\" \/>\n<meta property=\"og:description\" content=\"Neste tutorial, aprenderemos como embaralhar uma lista (embaralhar os dados usando uma classifica\u00e7\u00e3o aleat\u00f3ria) usando as op\u00e7\u00f5es\" \/>\n<meta property=\"og:url\" content=\"https:\/\/exceladvisor.org\/pt\/randomizar-a-lista\/\" \/>\n<meta property=\"og:site_name\" content=\"Excel Advisor\" \/>\n<meta property=\"article:modified_time\" content=\"2023-12-06T11:38:26+00:00\" \/>\n<meta property=\"og:image\" content=\"https:\/\/exceladvisor.org\/wp-content\/uploads\/2023\/08\/1-liste-de-noms-2.png\" \/>\n<meta name=\"twitter:card\" content=\"summary_large_image\" \/>\n<meta name=\"twitter:label1\" content=\"Tempo estimado de leitura\" \/>\n\t<meta name=\"twitter:data1\" content=\"2 minutos\" \/>\n<script type=\"application\/ld+json\" class=\"yoast-schema-graph\">{\"@context\":\"https:\/\/schema.org\",\"@graph\":[{\"@type\":\"WebPage\",\"@id\":\"https:\/\/exceladvisor.org\/pt\/randomizar-a-lista\/\",\"url\":\"https:\/\/exceladvisor.org\/pt\/randomizar-a-lista\/\",\"name\":\"\u25b7 Como misturar dados no Excel? - Consultor Excel\",\"isPartOf\":{\"@id\":\"https:\/\/exceladvisor.org\/pt\/#website\"},\"primaryImageOfPage\":{\"@id\":\"https:\/\/exceladvisor.org\/pt\/randomizar-a-lista\/#primaryimage\"},\"image\":{\"@id\":\"https:\/\/exceladvisor.org\/pt\/randomizar-a-lista\/#primaryimage\"},\"thumbnailUrl\":\"https:\/\/exceladvisor.org\/wp-content\/uploads\/2023\/08\/1-liste-de-noms-2.png\",\"datePublished\":\"2023-11-04T02:16:46+00:00\",\"dateModified\":\"2023-12-06T11:38:26+00:00\",\"description\":\"Neste tutorial, aprenderemos como embaralhar uma lista (embaralhar os dados usando uma classifica\u00e7\u00e3o aleat\u00f3ria) usando as op\u00e7\u00f5es\",\"breadcrumb\":{\"@id\":\"https:\/\/exceladvisor.org\/pt\/randomizar-a-lista\/#breadcrumb\"},\"inLanguage\":\"pt-PT\",\"potentialAction\":[{\"@type\":\"ReadAction\",\"target\":[\"https:\/\/exceladvisor.org\/pt\/randomizar-a-lista\/\"]}]},{\"@type\":\"ImageObject\",\"inLanguage\":\"pt-PT\",\"@id\":\"https:\/\/exceladvisor.org\/pt\/randomizar-a-lista\/#primaryimage\",\"url\":\"https:\/\/exceladvisor.org\/wp-content\/uploads\/2023\/08\/1-liste-de-noms-2.png\",\"contentUrl\":\"https:\/\/exceladvisor.org\/wp-content\/uploads\/2023\/08\/1-liste-de-noms-2.png\"},{\"@type\":\"BreadcrumbList\",\"@id\":\"https:\/\/exceladvisor.org\/pt\/randomizar-a-lista\/#breadcrumb\",\"itemListElement\":[{\"@type\":\"ListItem\",\"position\":1,\"name\":\"Lar\",\"item\":\"https:\/\/exceladvisor.org\/pt\/\"},{\"@type\":\"ListItem\",\"position\":2,\"name\":\"Como misturar dados no excel?\"}]},{\"@type\":\"WebSite\",\"@id\":\"https:\/\/exceladvisor.org\/pt\/#website\",\"url\":\"https:\/\/exceladvisor.org\/pt\/\",\"name\":\"Excel Advisor\",\"description\":\"O seu guia definitivo para dominar os dados!\",\"publisher\":{\"@id\":\"https:\/\/exceladvisor.org\/pt\/#organization\"},\"potentialAction\":[{\"@type\":\"SearchAction\",\"target\":{\"@type\":\"EntryPoint\",\"urlTemplate\":\"https:\/\/exceladvisor.org\/pt\/?s={search_term_string}\"},\"query-input\":{\"@type\":\"PropertyValueSpecification\",\"valueRequired\":true,\"valueName\":\"search_term_string\"}}],\"inLanguage\":\"pt-PT\"},{\"@type\":\"Organization\",\"@id\":\"https:\/\/exceladvisor.org\/pt\/#organization\",\"name\":\"Excel Advisor\",\"url\":\"https:\/\/exceladvisor.org\/pt\/\",\"logo\":{\"@type\":\"ImageObject\",\"inLanguage\":\"pt-PT\",\"@id\":\"https:\/\/exceladvisor.org\/pt\/#\/schema\/logo\/image\/\",\"url\":\"https:\/\/exceladvisor.org\/pt\/wp-content\/uploads\/2023\/12\/exceladvisor.org_.png\",\"contentUrl\":\"https:\/\/exceladvisor.org\/pt\/wp-content\/uploads\/2023\/12\/exceladvisor.org_.png\",\"width\":105,\"height\":36,\"caption\":\"Excel Advisor\"},\"image\":{\"@id\":\"https:\/\/exceladvisor.org\/pt\/#\/schema\/logo\/image\/\"}}]}<\/script>\n<!-- \/ Yoast SEO plugin. -->","yoast_head_json":{"title":"\u25b7 Como misturar dados no Excel? - Consultor Excel","description":"Neste tutorial, aprenderemos como embaralhar uma lista (embaralhar os dados usando uma classifica\u00e7\u00e3o aleat\u00f3ria) usando as op\u00e7\u00f5es","robots":{"index":"index","follow":"follow","max-snippet":"max-snippet:-1","max-image-preview":"max-image-preview:large","max-video-preview":"max-video-preview:-1"},"canonical":"https:\/\/exceladvisor.org\/pt\/randomizar-a-lista\/","og_locale":"pt_PT","og_type":"article","og_title":"\u25b7 Como misturar dados no Excel? - Consultor Excel","og_description":"Neste tutorial, aprenderemos como embaralhar uma lista (embaralhar os dados usando uma classifica\u00e7\u00e3o aleat\u00f3ria) usando as op\u00e7\u00f5es","og_url":"https:\/\/exceladvisor.org\/pt\/randomizar-a-lista\/","og_site_name":"Excel Advisor","article_modified_time":"2023-12-06T11:38:26+00:00","og_image":[{"url":"https:\/\/exceladvisor.org\/wp-content\/uploads\/2023\/08\/1-liste-de-noms-2.png","type":"","width":"","height":""}],"twitter_card":"summary_large_image","twitter_misc":{"Tempo estimado de leitura":"2 minutos"},"schema":{"@context":"https:\/\/schema.org","@graph":[{"@type":"WebPage","@id":"https:\/\/exceladvisor.org\/pt\/randomizar-a-lista\/","url":"https:\/\/exceladvisor.org\/pt\/randomizar-a-lista\/","name":"\u25b7 Como misturar dados no Excel? - Consultor Excel","isPartOf":{"@id":"https:\/\/exceladvisor.org\/pt\/#website"},"primaryImageOfPage":{"@id":"https:\/\/exceladvisor.org\/pt\/randomizar-a-lista\/#primaryimage"},"image":{"@id":"https:\/\/exceladvisor.org\/pt\/randomizar-a-lista\/#primaryimage"},"thumbnailUrl":"https:\/\/exceladvisor.org\/wp-content\/uploads\/2023\/08\/1-liste-de-noms-2.png","datePublished":"2023-11-04T02:16:46+00:00","dateModified":"2023-12-06T11:38:26+00:00","description":"Neste tutorial, aprenderemos como embaralhar uma lista (embaralhar os dados usando uma classifica\u00e7\u00e3o aleat\u00f3ria) usando as op\u00e7\u00f5es","breadcrumb":{"@id":"https:\/\/exceladvisor.org\/pt\/randomizar-a-lista\/#breadcrumb"},"inLanguage":"pt-PT","potentialAction":[{"@type":"ReadAction","target":["https:\/\/exceladvisor.org\/pt\/randomizar-a-lista\/"]}]},{"@type":"ImageObject","inLanguage":"pt-PT","@id":"https:\/\/exceladvisor.org\/pt\/randomizar-a-lista\/#primaryimage","url":"https:\/\/exceladvisor.org\/wp-content\/uploads\/2023\/08\/1-liste-de-noms-2.png","contentUrl":"https:\/\/exceladvisor.org\/wp-content\/uploads\/2023\/08\/1-liste-de-noms-2.png"},{"@type":"BreadcrumbList","@id":"https:\/\/exceladvisor.org\/pt\/randomizar-a-lista\/#breadcrumb","itemListElement":[{"@type":"ListItem","position":1,"name":"Lar","item":"https:\/\/exceladvisor.org\/pt\/"},{"@type":"ListItem","position":2,"name":"Como misturar dados no excel?"}]},{"@type":"WebSite","@id":"https:\/\/exceladvisor.org\/pt\/#website","url":"https:\/\/exceladvisor.org\/pt\/","name":"Excel Advisor","description":"O seu guia definitivo para dominar os dados!","publisher":{"@id":"https:\/\/exceladvisor.org\/pt\/#organization"},"potentialAction":[{"@type":"SearchAction","target":{"@type":"EntryPoint","urlTemplate":"https:\/\/exceladvisor.org\/pt\/?s={search_term_string}"},"query-input":{"@type":"PropertyValueSpecification","valueRequired":true,"valueName":"search_term_string"}}],"inLanguage":"pt-PT"},{"@type":"Organization","@id":"https:\/\/exceladvisor.org\/pt\/#organization","name":"Excel Advisor","url":"https:\/\/exceladvisor.org\/pt\/","logo":{"@type":"ImageObject","inLanguage":"pt-PT","@id":"https:\/\/exceladvisor.org\/pt\/#\/schema\/logo\/image\/","url":"https:\/\/exceladvisor.org\/pt\/wp-content\/uploads\/2023\/12\/exceladvisor.org_.png","contentUrl":"https:\/\/exceladvisor.org\/pt\/wp-content\/uploads\/2023\/12\/exceladvisor.org_.png","width":105,"height":36,"caption":"Excel Advisor"},"image":{"@id":"https:\/\/exceladvisor.org\/pt\/#\/schema\/logo\/image\/"}}]}},"yoast_meta":{"yoast_wpseo_title":"","yoast_wpseo_metadesc":"","yoast_wpseo_canonical":""},"_links":{"self":[{"href":"https:\/\/exceladvisor.org\/pt\/wp-json\/wp\/v2\/pages\/326","targetHints":{"allow":["GET"]}}],"collection":[{"href":"https:\/\/exceladvisor.org\/pt\/wp-json\/wp\/v2\/pages"}],"about":[{"href":"https:\/\/exceladvisor.org\/pt\/wp-json\/wp\/v2\/types\/page"}],"author":[{"embeddable":true,"href":"https:\/\/exceladvisor.org\/pt\/wp-json\/wp\/v2\/users\/1"}],"replies":[{"embeddable":true,"href":"https:\/\/exceladvisor.org\/pt\/wp-json\/wp\/v2\/comments?post=326"}],"version-history":[{"count":1,"href":"https:\/\/exceladvisor.org\/pt\/wp-json\/wp\/v2\/pages\/326\/revisions"}],"predecessor-version":[{"id":1124,"href":"https:\/\/exceladvisor.org\/pt\/wp-json\/wp\/v2\/pages\/326\/revisions\/1124"}],"wp:attachment":[{"href":"https:\/\/exceladvisor.org\/pt\/wp-json\/wp\/v2\/media?parent=326"}],"curies":[{"name":"wp","href":"https:\/\/api.w.org\/{rel}","templated":true}]}}