{"id":327,"date":"2023-11-04T01:51:44","date_gmt":"2023-11-04T01:51:44","guid":{"rendered":"https:\/\/exceladvisor.org\/pt\/mes-entre-duas-datas\/"},"modified":"2023-12-06T11:35:39","modified_gmt":"2023-12-06T11:35:39","slug":"mes-entre-duas-datas","status":"publish","type":"page","link":"https:\/\/exceladvisor.org\/pt\/mes-entre-duas-datas\/","title":{"rendered":"Como contar meses entre duas datas no excel?"},"content":{"rendered":"<div class=\"excel-before-content-2\" id=\"excel-1144872904\"><script type=\"text\/javascript\">\r\n\tatOptions = {\r\n\t\t'key' : 'c1158f160081d6540a8409e6925dab94',\r\n\t\t'format' : 'iframe',\r\n\t\t'height' : 250,\r\n\t\t'width' : 300,\r\n\t\t'params' : {}\r\n\t};\r\n<\/script>\r\n<script type=\"text\/javascript\" src=\"\/\/www.highperformanceformat.com\/c1158f160081d6540a8409e6925dab94\/invoke.js\"><\/script><\/div><div class=\"excel-before-content\" id=\"excel-825937041\"><script type=\"text\/javascript\">\r\n\tatOptions = {\r\n\t\t'key' : 'c1158f160081d6540a8409e6925dab94',\r\n\t\t'format' : 'iframe',\r\n\t\t'height' : 250,\r\n\t\t'width' : 300,\r\n\t\t'params' : {}\r\n\t};\r\n<\/script>\r\n<script type=\"text\/javascript\" src=\"\/\/www.highperformanceformat.com\/c1158f160081d6540a8409e6925dab94\/invoke.js\"><\/script><\/div> <p>No Excel, para obter a quantidade de meses entre duas datas, a melhor forma \u00e9 utilizar a fun\u00e7\u00e3o DATEDIF. Nesta fun\u00e7\u00e3o voc\u00ea precisa especificar a data de in\u00edcio e a data de t\u00e9rmino. Depois disso, voc\u00ea tamb\u00e9m precisa especificar a unidade na qual deseja obter o resultado.<\/p><p> No exemplo a seguir, temos duas datas nas c\u00e9lulas A2 e B2. <\/p><div class=\"wp-block-image\"><figure class=\"aligncenter size-full is-resized\"><img loading=\"lazy\" decoding=\"async\" class=\"wp-image-69850\" src=\"https:\/\/exceladvisor.org\/wp-content\/uploads\/2023\/08\/1-deux-dates-dans-les-cellules.png\" sizes=\"auto, \" srcset=\"\" alt=\"duas datas nas c\u00e9lulas\" width=\"419\" height=\"319\"><\/figure><\/div><h2 class=\"wp-block-heading\"> F\u00f3rmula para obter meses entre duas datas (DATEDIF)<\/h2><ol type=\"1\"><li> Primeiro, na c\u00e9lula C2, insira a fun\u00e7\u00e3o DATEDIF.<\/li><li> Depois disso, no primeiro argumento, consulte a c\u00e9lula A2 onde est\u00e1 a data de in\u00edcio.<\/li><li> Ent\u00e3o, no segundo argumento, consulte B2 onde voc\u00ea tem a data de t\u00e9rmino.<\/li><li> Agora, no terceiro argumento, digite \u201cm\u201d.<\/li><li> No final, pressione Enter para obter o resultado. <\/li><\/ol><div class=\"wp-block-image\"><figure class=\"aligncenter size-full is-resized\"><img loading=\"lazy\" decoding=\"async\" class=\"wp-image-69851\" src=\"https:\/\/exceladvisor.org\/wp-content\/uploads\/2023\/08\/2-dates-si-formule.png\" sizes=\"auto, \" srcset=\"\" alt=\"f\u00f3rmula datada se\" width=\"463\" height=\"302\"><\/figure><\/div><p> Aqui voc\u00ea pode ver que tem 11 no resultado, o que \u00e9 correto porque temos 11 meses entre mar\u00e7o de 2021 e fevereiro de 2022.<\/p><pre class=\"wp-block-code\"> <code class=\"language-excel-formula\" lang=\"excel-formula\">=DATEDIF(A2,B2,\"m\")<\/code><\/pre><p> Como voc\u00ea viu ao entrar na fun\u00e7\u00e3o DATEDIF, o Excel n\u00e3o exibe a fun\u00e7\u00e3o e voc\u00ea n\u00e3o encontrar\u00e1 esta fun\u00e7\u00e3o na lista de fun\u00e7\u00f5es da lista. Voc\u00ea pode aprender mais sobre DATEDIF aqui. Voc\u00ea tamb\u00e9m pode usar DATEDIF para exibir meses e dias separadamente, mas em uma \u00fanica c\u00e9lula. <\/p><div class=\"wp-block-image\"><figure class=\"aligncenter size-full is-resized\"><img loading=\"lazy\" decoding=\"async\" class=\"wp-image-69852\" src=\"https:\/\/exceladvisor.org\/wp-content\/uploads\/2023\/08\/3-dates-pour-afficher-les-mois-jours-separement.png\" sizes=\"auto, \" srcset=\"\" alt=\"datado se for exibido-m\u00eas-dias-separadamente\" width=\"720\" height=\"355\"><\/figure><\/div><p> Na f\u00f3rmula acima, usamos DATEDIF duas vezes para obter meses, depois dias, e depois concatenamos as duas f\u00f3rmulas para obter um resultado completo.<\/p><h2 class=\"wp-block-heading\"> M\u00eas entre duas datas usando YEARFRAC<\/h2><p> Pode haver uma situa\u00e7\u00e3o em que precisemos contar os meses entre 2 datas, mas tamb\u00e9m precisamos considerar os dias que temos ap\u00f3s o t\u00e9rmino dos meses. Neste caso, a melhor forma \u00e9 utilizar a fun\u00e7\u00e3o YEARFRAC.<\/p><p> Em YEARFRAC, voc\u00ea deve especificar a data de in\u00edcio no primeiro argumento e, em seguida, a data de t\u00e9rmino no segundo argumento. E depois disso use o sinal de asterisco para multiplicar por 12.<\/p><p> Agora, depois de pressionar Enter, voc\u00ea obter\u00e1 o n\u00famero total de meses entre essas duas datas como n\u00fameros inteiros e dias como decimais. <\/p><div class=\"wp-block-image\"><figure class=\"aligncenter size-full is-resized\"><img loading=\"lazy\" decoding=\"async\" class=\"wp-image-69853\" src=\"https:\/\/exceladvisor.org\/wp-content\/uploads\/2023\/08\/Fonction-frac-de-4-ans.png\" sizes=\"auto, \" srcset=\"\" alt=\"fun\u00e7\u00e3o anofrac\" width=\"495\" height=\"266\"><\/figure><\/div><p> No exemplo acima, temos 1\u00ba de mar\u00e7o de 2021 como data de in\u00edcio e 23 de fevereiro de 2022 como data de t\u00e9rmino. Agora quando utilizo YEARFRAC ele retorna 11,73 onde 11 \u00e9 o n\u00famero de meses e 0,73 \u00e9 o valor decimal que representa os 23 dias que temos no m\u00eas de fevereiro.<\/p><p> Se quiser arredondar o resultado, voc\u00ea pode agrupar esta f\u00f3rmula com a fun\u00e7\u00e3o round. <\/p><div class=\"wp-block-image\"><figure class=\"aligncenter size-full is-resized\"><img loading=\"lazy\" decoding=\"async\" class=\"wp-image-69854\" src=\"https:\/\/exceladvisor.org\/wp-content\/uploads\/2023\/08\/5-tours-avec-fonction-yearfrac.png\" sizes=\"auto, \" srcset=\"\" alt=\"fun\u00e7\u00e3o round-with-yearfrac\" width=\"608\" height=\"287\"><\/figure><\/div><h2 class=\"wp-block-heading\"> Usando a fun\u00e7\u00e3o ANO + M\u00caS para obter o m\u00eas entre duas datas<\/h2><p> Existe outro m\u00e9todo que voc\u00ea pode usar para obter a contagem de meses entre duas datas. Combinando as fun\u00e7\u00f5es ANO e M\u00caS, voc\u00ea pode criar a seguinte f\u00f3rmula que retorna meses. <\/p><pre class=\"wp-block-code\"> <code class=\"language-excel-formula\" lang=\"excel-formula\">=(YEAR(B2)-YEAR(A2))*12+MONTH(B2)-MONTH(A2)<\/code><\/pre><div class=\"wp-block-image\"><figure class=\"aligncenter size-full is-resized\"><img loading=\"lazy\" decoding=\"async\" class=\"wp-image-69855\" src=\"https:\/\/exceladvisor.org\/wp-content\/uploads\/2023\/08\/Fonction-6-ans-plus-mois.png\" sizes=\"auto, \" srcset=\"\" alt=\"fun\u00e7\u00e3o ano mais m\u00eas\" width=\"672\" height=\"292\"><\/figure><\/div><p> Para entender esta fun\u00e7\u00e3o, \u00e9 necess\u00e1rio dividi-la em duas partes:<\/p><p> Na primeira parte, onde temos a fun\u00e7\u00e3o ano, pega o ano da data final, depois o ano da data inicial e depois multiplica por doze. Esta parte retorna o n\u00famero de meses que voc\u00ea tem entre as datas. <\/p><div class=\"wp-block-image\"><figure class=\"aligncenter size-full is-resized\"><img loading=\"lazy\" decoding=\"async\" class=\"wp-image-69856\" src=\"https:\/\/exceladvisor.org\/wp-content\/uploads\/2023\/08\/7-premiere-partie-de-la-fonction.png\" sizes=\"auto, \" srcset=\"\" alt=\"primeira parte da fun\u00e7\u00e3o\" width=\"583\" height=\"308\"><\/figure><\/div><p> Essa parte da f\u00f3rmula s\u00f3 faz diferen\u00e7a quando voc\u00ea tem datas com anos diferentes, ambas as datas t\u00eam anos iguais, ent\u00e3o essa parte n\u00e3o far\u00e1 diferen\u00e7a no c\u00e1lculo. Como voc\u00ea pode ver temos 2021 e 2022 e o resultado que esta parte da f\u00f3rmula d\u00e1 \u00e9 12.<\/p><p> Na segunda parte, subtra\u00edmos o m\u00eas da data de t\u00e9rmino do m\u00eas da data de in\u00edcio. E esta parte tamb\u00e9m ignora os dias aos quais temos acesso. <\/p><div class=\"wp-block-image\"><figure class=\"aligncenter size-full is-resized\"><img loading=\"lazy\" decoding=\"async\" class=\"wp-image-69857\" src=\"https:\/\/exceladvisor.org\/wp-content\/uploads\/2023\/08\/8-deuxieme-partie-de-fonction.png\" sizes=\"auto, \" srcset=\"\" alt=\"segunda parte da fun\u00e7\u00e3o\" width=\"560\" height=\"318\"><\/figure><\/div><p> Portanto, quando subtra\u00edmos mar\u00e7o (3) de fevereiro (2), obtemos -1 no resultado.<\/p><p> Depois disso, no final, deduz -1 de 12, obtemos 11, que \u00e9 o n\u00famero total de meses que temos entre as duas datas. Se voc\u00ea me perguntar qual m\u00e9todo eu mais gosto, eu diria DATEDIF que \u00e9 simples de usar e f\u00e1cil de entender pelo usu\u00e1rio. <\/p><div class=\"gb-container gb-container-52dfcee1 gb-container-sample-file\"><h2 class=\"gb-headline gb-headline-e289c143 gb-headline-text gb-headline-4f7959c2\"> Obtenha o arquivo Excel<\/h2><p> <a class=\"gb-button gb-button-e88d6bee gb-button-text gb-button-button1\" href=\"https:\/\/exceladvisor.org\/wp-content\/uploads\/2023\/08\/mois-entre-les-dates.xlsx\" rel=\"nofollow\">Download<\/a><\/p><\/div><div class=\"gb-container gb-container-0df56012 gb-container-mt\"> <a class=\"gb-button gb-button-f9f432f4 gb-button-text gb-button-mt-button\" href=\"https:\/\/exceladvisor.org\/pt\/formulas\/\">Lista de f\u00f3rmulas do Excel<\/a><h2 class=\"gb-headline gb-headline-233444e8 gb-headline-text gb-headline-mt-heading\"> F\u00f3rmulas relacionadas <\/h2><div class=\"gb-grid-wrapper gb-grid-wrapper-a16fa65c gb-grid-wrapper-mt-grid\"><div class=\"gb-grid-column gb-grid-column-50d07e0d\"><div class=\"gb-container gb-container-50d07e0d\"><ul><li> <a href=\"https:\/\/exceladvisor.org\/pt\/adicione-um-mes-a-uma-data-2\/\">Adicione um m\u00eas a uma data no Excel<\/a><\/li><li> <a href=\"https:\/\/exceladvisor.org\/pt\/fim-do-mes\/\">Obtenha a data de t\u00e9rmino do m\u00eas no Excel<\/a><\/li><li> <a href=\"https:\/\/exceladvisor.org\/pt\/primeiro-dia-do-mes-2\/\">Obtenha o primeiro dia do m\u00eas no Excel (in\u00edcio do m\u00eas)<\/a><\/li><li> <a href=\"https:\/\/exceladvisor.org\/pt\/nome-do-mes\/\">Obtenha o m\u00eas a partir de uma data no Excel (trecho)<\/a><\/li><li> <a href=\"https:\/\/exceladvisor.org\/pt\/trimestre\/\">Obtenha um trimestre a partir de uma data [Fiscal + Calend\u00e1rio] no Excel<\/a> <\/li><\/ul><\/div><\/div><div class=\"gb-grid-column gb-grid-column-5b4a0cf9\"><div class=\"gb-container gb-container-5b4a0cf9\"><\/div><\/div><\/div><\/div>","protected":false},"excerpt":{"rendered":"","protected":false},"author":1,"featured_media":0,"parent":0,"menu_order":0,"comment_status":"open","ping_status":"closed","template":"","meta":{"ub_ctt_via":"","footnotes":""},"class_list":["post-327","page","type-page","status-publish","hentry"],"featured_image_src":null,"yoast_head":"<!-- This site is optimized with the Yoast SEO plugin v25.4 - https:\/\/yoast.com\/wordpress\/plugins\/seo\/ -->\n<title>\u25b7 Como contar meses entre duas datas no Excel?<\/title>\n<meta name=\"description\" content=\"Neste tutorial aprenderemos como escrever uma f\u00f3rmula para obter o n\u00famero de meses que restam entre duas datas\" \/>\n<meta name=\"robots\" content=\"index, follow, max-snippet:-1, max-image-preview:large, max-video-preview:-1\" \/>\n<link rel=\"canonical\" href=\"https:\/\/exceladvisor.org\/pt\/mes-entre-duas-datas\/\" \/>\n<meta property=\"og:locale\" content=\"pt_PT\" \/>\n<meta property=\"og:type\" content=\"article\" \/>\n<meta property=\"og:title\" content=\"\u25b7 Como contar meses entre duas datas no Excel?\" \/>\n<meta property=\"og:description\" content=\"Neste tutorial aprenderemos como escrever uma f\u00f3rmula para obter o n\u00famero de meses que restam entre duas datas\" \/>\n<meta property=\"og:url\" content=\"https:\/\/exceladvisor.org\/pt\/mes-entre-duas-datas\/\" \/>\n<meta property=\"og:site_name\" content=\"Excel Advisor\" \/>\n<meta property=\"article:modified_time\" content=\"2023-12-06T11:35:39+00:00\" \/>\n<meta property=\"og:image\" content=\"https:\/\/exceladvisor.org\/wp-content\/uploads\/2023\/08\/1-deux-dates-dans-les-cellules.png\" \/>\n<meta name=\"twitter:card\" content=\"summary_large_image\" \/>\n<meta name=\"twitter:label1\" content=\"Tempo estimado de leitura\" \/>\n\t<meta name=\"twitter:data1\" content=\"4 minutos\" \/>\n<script type=\"application\/ld+json\" class=\"yoast-schema-graph\">{\"@context\":\"https:\/\/schema.org\",\"@graph\":[{\"@type\":\"WebPage\",\"@id\":\"https:\/\/exceladvisor.org\/pt\/mes-entre-duas-datas\/\",\"url\":\"https:\/\/exceladvisor.org\/pt\/mes-entre-duas-datas\/\",\"name\":\"\u25b7 Como contar meses entre duas datas no Excel?\",\"isPartOf\":{\"@id\":\"https:\/\/exceladvisor.org\/pt\/#website\"},\"primaryImageOfPage\":{\"@id\":\"https:\/\/exceladvisor.org\/pt\/mes-entre-duas-datas\/#primaryimage\"},\"image\":{\"@id\":\"https:\/\/exceladvisor.org\/pt\/mes-entre-duas-datas\/#primaryimage\"},\"thumbnailUrl\":\"https:\/\/exceladvisor.org\/wp-content\/uploads\/2023\/08\/1-deux-dates-dans-les-cellules.png\",\"datePublished\":\"2023-11-04T01:51:44+00:00\",\"dateModified\":\"2023-12-06T11:35:39+00:00\",\"description\":\"Neste tutorial aprenderemos como escrever uma f\u00f3rmula para obter o n\u00famero de meses que restam entre duas datas\",\"breadcrumb\":{\"@id\":\"https:\/\/exceladvisor.org\/pt\/mes-entre-duas-datas\/#breadcrumb\"},\"inLanguage\":\"pt-PT\",\"potentialAction\":[{\"@type\":\"ReadAction\",\"target\":[\"https:\/\/exceladvisor.org\/pt\/mes-entre-duas-datas\/\"]}]},{\"@type\":\"ImageObject\",\"inLanguage\":\"pt-PT\",\"@id\":\"https:\/\/exceladvisor.org\/pt\/mes-entre-duas-datas\/#primaryimage\",\"url\":\"https:\/\/exceladvisor.org\/wp-content\/uploads\/2023\/08\/1-deux-dates-dans-les-cellules.png\",\"contentUrl\":\"https:\/\/exceladvisor.org\/wp-content\/uploads\/2023\/08\/1-deux-dates-dans-les-cellules.png\"},{\"@type\":\"BreadcrumbList\",\"@id\":\"https:\/\/exceladvisor.org\/pt\/mes-entre-duas-datas\/#breadcrumb\",\"itemListElement\":[{\"@type\":\"ListItem\",\"position\":1,\"name\":\"Lar\",\"item\":\"https:\/\/exceladvisor.org\/pt\/\"},{\"@type\":\"ListItem\",\"position\":2,\"name\":\"Como contar meses entre duas datas no excel?\"}]},{\"@type\":\"WebSite\",\"@id\":\"https:\/\/exceladvisor.org\/pt\/#website\",\"url\":\"https:\/\/exceladvisor.org\/pt\/\",\"name\":\"Excel Advisor\",\"description\":\"O seu guia definitivo para dominar os dados!\",\"publisher\":{\"@id\":\"https:\/\/exceladvisor.org\/pt\/#organization\"},\"potentialAction\":[{\"@type\":\"SearchAction\",\"target\":{\"@type\":\"EntryPoint\",\"urlTemplate\":\"https:\/\/exceladvisor.org\/pt\/?s={search_term_string}\"},\"query-input\":{\"@type\":\"PropertyValueSpecification\",\"valueRequired\":true,\"valueName\":\"search_term_string\"}}],\"inLanguage\":\"pt-PT\"},{\"@type\":\"Organization\",\"@id\":\"https:\/\/exceladvisor.org\/pt\/#organization\",\"name\":\"Excel Advisor\",\"url\":\"https:\/\/exceladvisor.org\/pt\/\",\"logo\":{\"@type\":\"ImageObject\",\"inLanguage\":\"pt-PT\",\"@id\":\"https:\/\/exceladvisor.org\/pt\/#\/schema\/logo\/image\/\",\"url\":\"https:\/\/exceladvisor.org\/pt\/wp-content\/uploads\/2023\/12\/exceladvisor.org_.png\",\"contentUrl\":\"https:\/\/exceladvisor.org\/pt\/wp-content\/uploads\/2023\/12\/exceladvisor.org_.png\",\"width\":105,\"height\":36,\"caption\":\"Excel Advisor\"},\"image\":{\"@id\":\"https:\/\/exceladvisor.org\/pt\/#\/schema\/logo\/image\/\"}}]}<\/script>\n<!-- \/ Yoast SEO plugin. -->","yoast_head_json":{"title":"\u25b7 Como contar meses entre duas datas no Excel?","description":"Neste tutorial aprenderemos como escrever uma f\u00f3rmula para obter o n\u00famero de meses que restam entre duas datas","robots":{"index":"index","follow":"follow","max-snippet":"max-snippet:-1","max-image-preview":"max-image-preview:large","max-video-preview":"max-video-preview:-1"},"canonical":"https:\/\/exceladvisor.org\/pt\/mes-entre-duas-datas\/","og_locale":"pt_PT","og_type":"article","og_title":"\u25b7 Como contar meses entre duas datas no Excel?","og_description":"Neste tutorial aprenderemos como escrever uma f\u00f3rmula para obter o n\u00famero de meses que restam entre duas datas","og_url":"https:\/\/exceladvisor.org\/pt\/mes-entre-duas-datas\/","og_site_name":"Excel Advisor","article_modified_time":"2023-12-06T11:35:39+00:00","og_image":[{"url":"https:\/\/exceladvisor.org\/wp-content\/uploads\/2023\/08\/1-deux-dates-dans-les-cellules.png","type":"","width":"","height":""}],"twitter_card":"summary_large_image","twitter_misc":{"Tempo estimado de leitura":"4 minutos"},"schema":{"@context":"https:\/\/schema.org","@graph":[{"@type":"WebPage","@id":"https:\/\/exceladvisor.org\/pt\/mes-entre-duas-datas\/","url":"https:\/\/exceladvisor.org\/pt\/mes-entre-duas-datas\/","name":"\u25b7 Como contar meses entre duas datas no Excel?","isPartOf":{"@id":"https:\/\/exceladvisor.org\/pt\/#website"},"primaryImageOfPage":{"@id":"https:\/\/exceladvisor.org\/pt\/mes-entre-duas-datas\/#primaryimage"},"image":{"@id":"https:\/\/exceladvisor.org\/pt\/mes-entre-duas-datas\/#primaryimage"},"thumbnailUrl":"https:\/\/exceladvisor.org\/wp-content\/uploads\/2023\/08\/1-deux-dates-dans-les-cellules.png","datePublished":"2023-11-04T01:51:44+00:00","dateModified":"2023-12-06T11:35:39+00:00","description":"Neste tutorial aprenderemos como escrever uma f\u00f3rmula para obter o n\u00famero de meses que restam entre duas datas","breadcrumb":{"@id":"https:\/\/exceladvisor.org\/pt\/mes-entre-duas-datas\/#breadcrumb"},"inLanguage":"pt-PT","potentialAction":[{"@type":"ReadAction","target":["https:\/\/exceladvisor.org\/pt\/mes-entre-duas-datas\/"]}]},{"@type":"ImageObject","inLanguage":"pt-PT","@id":"https:\/\/exceladvisor.org\/pt\/mes-entre-duas-datas\/#primaryimage","url":"https:\/\/exceladvisor.org\/wp-content\/uploads\/2023\/08\/1-deux-dates-dans-les-cellules.png","contentUrl":"https:\/\/exceladvisor.org\/wp-content\/uploads\/2023\/08\/1-deux-dates-dans-les-cellules.png"},{"@type":"BreadcrumbList","@id":"https:\/\/exceladvisor.org\/pt\/mes-entre-duas-datas\/#breadcrumb","itemListElement":[{"@type":"ListItem","position":1,"name":"Lar","item":"https:\/\/exceladvisor.org\/pt\/"},{"@type":"ListItem","position":2,"name":"Como contar meses entre duas datas no excel?"}]},{"@type":"WebSite","@id":"https:\/\/exceladvisor.org\/pt\/#website","url":"https:\/\/exceladvisor.org\/pt\/","name":"Excel Advisor","description":"O seu guia definitivo para dominar os dados!","publisher":{"@id":"https:\/\/exceladvisor.org\/pt\/#organization"},"potentialAction":[{"@type":"SearchAction","target":{"@type":"EntryPoint","urlTemplate":"https:\/\/exceladvisor.org\/pt\/?s={search_term_string}"},"query-input":{"@type":"PropertyValueSpecification","valueRequired":true,"valueName":"search_term_string"}}],"inLanguage":"pt-PT"},{"@type":"Organization","@id":"https:\/\/exceladvisor.org\/pt\/#organization","name":"Excel Advisor","url":"https:\/\/exceladvisor.org\/pt\/","logo":{"@type":"ImageObject","inLanguage":"pt-PT","@id":"https:\/\/exceladvisor.org\/pt\/#\/schema\/logo\/image\/","url":"https:\/\/exceladvisor.org\/pt\/wp-content\/uploads\/2023\/12\/exceladvisor.org_.png","contentUrl":"https:\/\/exceladvisor.org\/pt\/wp-content\/uploads\/2023\/12\/exceladvisor.org_.png","width":105,"height":36,"caption":"Excel Advisor"},"image":{"@id":"https:\/\/exceladvisor.org\/pt\/#\/schema\/logo\/image\/"}}]}},"yoast_meta":{"yoast_wpseo_title":"","yoast_wpseo_metadesc":"","yoast_wpseo_canonical":""},"_links":{"self":[{"href":"https:\/\/exceladvisor.org\/pt\/wp-json\/wp\/v2\/pages\/327","targetHints":{"allow":["GET"]}}],"collection":[{"href":"https:\/\/exceladvisor.org\/pt\/wp-json\/wp\/v2\/pages"}],"about":[{"href":"https:\/\/exceladvisor.org\/pt\/wp-json\/wp\/v2\/types\/page"}],"author":[{"embeddable":true,"href":"https:\/\/exceladvisor.org\/pt\/wp-json\/wp\/v2\/users\/1"}],"replies":[{"embeddable":true,"href":"https:\/\/exceladvisor.org\/pt\/wp-json\/wp\/v2\/comments?post=327"}],"version-history":[{"count":1,"href":"https:\/\/exceladvisor.org\/pt\/wp-json\/wp\/v2\/pages\/327\/revisions"}],"predecessor-version":[{"id":925,"href":"https:\/\/exceladvisor.org\/pt\/wp-json\/wp\/v2\/pages\/327\/revisions\/925"}],"wp:attachment":[{"href":"https:\/\/exceladvisor.org\/pt\/wp-json\/wp\/v2\/media?parent=327"}],"curies":[{"name":"wp","href":"https:\/\/api.w.org\/{rel}","templated":true}]}}