{"id":328,"date":"2023-11-03T20:23:05","date_gmt":"2023-11-03T20:23:05","guid":{"rendered":"https:\/\/exceladvisor.org\/pt\/trancar\/"},"modified":"2023-12-06T11:34:57","modified_gmt":"2023-12-06T11:34:57","slug":"trancar","status":"publish","type":"page","link":"https:\/\/exceladvisor.org\/pt\/trancar\/","title":{"rendered":"Como bloquear rapidamente uma planilha no excel?"},"content":{"rendered":"<div class=\"excel-before-content-2\" id=\"excel-2704930788\"><script type=\"text\/javascript\">\r\n\tatOptions = {\r\n\t\t'key' : 'c1158f160081d6540a8409e6925dab94',\r\n\t\t'format' : 'iframe',\r\n\t\t'height' : 250,\r\n\t\t'width' : 300,\r\n\t\t'params' : {}\r\n\t};\r\n<\/script>\r\n<script type=\"text\/javascript\" src=\"\/\/www.highperformanceformat.com\/c1158f160081d6540a8409e6925dab94\/invoke.js\"><\/script><\/div><div class=\"excel-before-content\" id=\"excel-2184814995\"><script type=\"text\/javascript\">\r\n\tatOptions = {\r\n\t\t'key' : 'c1158f160081d6540a8409e6925dab94',\r\n\t\t'format' : 'iframe',\r\n\t\t'height' : 250,\r\n\t\t'width' : 300,\r\n\t\t'params' : {}\r\n\t};\r\n<\/script>\r\n<script type=\"text\/javascript\" src=\"\/\/www.highperformanceformat.com\/c1158f160081d6540a8409e6925dab94\/invoke.js\"><\/script><\/div> <p>No Excel, existe a op\u00e7\u00e3o de bloquear a planilha. Como voc\u00ea sabe, temos quatro tipos diferentes de planilhas no Excel para usar e voc\u00ea pode bloquear todas essas planilhas. Este tutorial nos ensina como usar a op\u00e7\u00e3o \u201cProteger Planilha\u201d. <\/p><div class=\"wp-block-image\"><figure class=\"aligncenter size-full is-resized\"><img loading=\"lazy\" decoding=\"async\" class=\"wp-image-92692\" src=\"https:\/\/exceladvisor.org\/wp-content\/uploads\/2023\/08\/1-verrouiller-une-feuille.png\" sizes=\"auto, \" srcset=\"\" alt=\"trancar uma folha\" width=\"764\" height=\"156\"><\/figure><\/div><h2 id=\"h-lock-protect-a-worksheet\" class=\"wp-block-heading\"> Bloquear \u201cProteger\u201d uma planilha<\/h2><ol><li> Primeiro, clique com o bot\u00e3o direito na guia da planilha e clique em \u201cProteger planilha\u201d. <br><img loading=\"lazy\" decoding=\"async\" title=\"Folha protetora em 2 cliques\" src=\"https:\/\/exceladvisor.org\/wp-content\/uploads\/2023\/08\/2-cliquez-sur-la-feuille-de-protection.png\" sizes=\"auto, \" srcset=\"\" alt=\"2-click-on-protect-sheet\" width=\"453\" height=\"348\"><\/li><li> Na <a href=\"https:\/\/exceladvisor.org\/pt\/caixa-de-dialogo\/\">caixa de di\u00e1logo<\/a> &#8220;Proteger planilha&#8221;, selecione as op\u00e7\u00f5es que deseja permitir que o usu\u00e1rio modifique. <br><img loading=\"lazy\" decoding=\"async\" title=\"3-escolha quais op\u00e7\u00f5es os usu\u00e1rios podem alterar\" src=\"https:\/\/exceladvisor.org\/wp-content\/uploads\/2023\/08\/3-choisissez-les-options-que-les-utilisateurs-peuvent-modifier.png\" sizes=\"auto, \" srcset=\"\" alt=\"3-choose-options-that-users-can-edit\" width=\"247\" height=\"412\"><\/li><li> E digite a senha que deseja aplicar e clique em OK. <br><img loading=\"lazy\" decoding=\"async\" title=\"4-digite a senha\" src=\"https:\/\/exceladvisor.org\/wp-content\/uploads\/2023\/08\/4-entrez-le-mot-de-passe.png\" sizes=\"auto, \" srcset=\"\" alt=\"4-enter-the-password\" width=\"301\" height=\"130\"><\/li><li> Em seguida, digite a mesma senha novamente para confirmar e clique em OK para aplicar o bloqueio. <br><img loading=\"lazy\" decoding=\"async\" title=\"5-digite novamente a senha para cumprir\" src=\"https:\/\/exceladvisor.org\/wp-content\/uploads\/2023\/08\/5-re-entrer-le-mot-de-passe-pour-se-conformer.png\" sizes=\"auto, \" srcset=\"\" alt=\"5-re-enter-password-to-conform\" width=\"318\" height=\"182\"><\/li><\/ol><p> Ao clicar em OK, a planilha \u00e9 bloqueada usando a senha especificada (123456). Quando um usu\u00e1rio tenta editar uma c\u00e9lula, uma mensagem \u00e9 exibida: &#8220;A c\u00e9lula ou gr\u00e1fico que voc\u00ea est\u00e1 tentando editar est\u00e1 em uma planilha protegida. Para fazer uma altera\u00e7\u00e3o, desproteja uma planilha. Pode ser necess\u00e1rio inserir uma senha. <\/p><div class=\"wp-block-image\"><figure class=\"aligncenter size-full is-resized\"><img loading=\"lazy\" decoding=\"async\" class=\"wp-image-92697\" src=\"https:\/\/exceladvisor.org\/wp-content\/uploads\/2023\/08\/6-popup-pour-deproteger-la-feuille.png\" sizes=\"auto, \" srcset=\"\" alt=\"pop-up para desproteger planilha\" width=\"796\" height=\"162\"><\/figure><\/div><p> Para desproteger voc\u00ea precisa seguir os mesmos passos e digitar a senha que voc\u00ea especificou (123456). A prote\u00e7\u00e3o da planilha permanece intacta mesmo se voc\u00ea mover ou copiar a planilha para uma pasta de trabalho nova ou existente.<\/p><p class=\"qt-tip\"> <strong>Nota<\/strong> : Voc\u00ea pode ignorar a especifica\u00e7\u00e3o da senha, mas bloquear a planilha. Neste caso, o usu\u00e1rio n\u00e3o necessita da senha para desbloquear a planilha. Mas a folha ter\u00e1 toda a prote\u00e7\u00e3o que voc\u00ea especificou.<\/p><h2 id=\"h-lock-a-chart-sheet-macro-sheet-or-dialog-sheet\" class=\"wp-block-heading\"> Bloquear uma folha de gr\u00e1ficos, uma folha de macro ou uma folha de di\u00e1logo<\/h2><p> Como eu disse, voc\u00ea pode bloquear todos os tipos de folhas, e cada folha cont\u00e9m um conjunto de itens que voc\u00ea pode proteger com o cadeado.<\/p><h3 id=\"h-chart-sheet\" class=\"wp-block-heading\"> Folha de gr\u00e1fico <\/h3><div class=\"wp-block-image\"><figure class=\"aligncenter size-full is-resized\"><img loading=\"lazy\" decoding=\"async\" class=\"wp-image-92698\" src=\"https:\/\/exceladvisor.org\/wp-content\/uploads\/2023\/08\/7-verrouiller-une-macro-graphique-ou-une-feuille-de-dialogue.png\" sizes=\"auto, \" srcset=\"\" alt=\"bloquear uma macro de gr\u00e1fico ou folha de di\u00e1logo\" width=\"283\" height=\"244\"><\/figure><\/div><h3 id=\"h-macro-sheet\" class=\"wp-block-heading\"> Folha macro <\/h3><div class=\"wp-block-image\"><figure class=\"aligncenter size-full is-resized\"><img loading=\"lazy\" decoding=\"async\" class=\"wp-image-92699\" src=\"https:\/\/exceladvisor.org\/wp-content\/uploads\/2023\/08\/Feuille-de-macro-a-8-serrures.png\" sizes=\"auto, \" srcset=\"\" alt=\"bloquear folha macro\" width=\"291\" height=\"251\"><\/figure><\/div><h3 id=\"h-dialog-sheet\" class=\"wp-block-heading\"> Folha de di\u00e1logo <\/h3><div class=\"wp-block-image\"><figure class=\"aligncenter size-full is-resized\"><img loading=\"lazy\" decoding=\"async\" class=\"wp-image-92700\" src=\"https:\/\/exceladvisor.org\/wp-content\/uploads\/2023\/08\/9-Verrouiller-la-feuille-de-dialogue.png\" sizes=\"auto, \" srcset=\"\" alt=\"bloquear folha de di\u00e1logo\" width=\"318\" height=\"186\"><\/figure><\/div><p> Como voc\u00ea pode ver nos exemplos acima, a especifica\u00e7\u00e3o da senha \u00e9 opcional nas planilhas. <\/p><div class=\"gb-container gb-container-52dfcee1 gb-container-sample-file\"><h2 class=\"gb-headline gb-headline-e289c143 gb-headline-text gb-headline-4f7959c2\"> Obtenha o arquivo Excel<\/h2> <a class=\"gb-button gb-button-e88d6bee gb-button-text gb-button-button1\" href=\"https:\/\/exceladvisor.org\/wp-content\/uploads\/2023\/08\/feuille-de-verrouillage.xlsx\" rel=\"nofollow\">Download<\/a> <\/div><div class=\"gb-container gb-container-3044ba66 gb-container-mt\"><p class=\"gb-headline gb-headline-b5bb6270 gb-headline-text\"> <strong><a href=\"https:\/\/exceladvisor.org\/pt\/nocoes-basicas-de-excel\/\">No\u00e7\u00f5es b\u00e1sicas do Excel<\/a><\/strong> \/ <strong><a href=\"https:\/\/exceladvisor.org\/pt\/planilha\/\" data-wpil=\"url\">planilha do Excel<\/a><\/strong><\/p><h2 class=\"gb-headline gb-headline-819d540d gb-headline-text gb-headline-mt-heading\"> Mais tutoriais <\/h2><div class=\"gb-grid-wrapper gb-grid-wrapper-7f3d805a gb-grid-wrapper-mt-grid\"><div class=\"gb-grid-column gb-grid-column-7495e031\"><div class=\"gb-container gb-container-7495e031\"><ul><li> <a href=\"https:\/\/exceladvisor.org\/pt\/consolidar\/\">Consolide dados de v\u00e1rias planilhas<\/a><\/li><li> <a href=\"https:\/\/exceladvisor.org\/pt\/renomear\/\">Renomear planilha no Excel<\/a><\/li><li> <a href=\"https:\/\/exceladvisor.org\/pt\/grupo-1\/\">Planilhas de grupo no Excel<\/a><\/li><li> <a href=\"https:\/\/exceladvisor.org\/pt\/veja-lado-a-lado\/\">Visualize duas planilhas lado a lado no Excel<\/a> <\/li><\/ul><\/div><\/div><div class=\"gb-grid-column gb-grid-column-530ab33a\"><div class=\"gb-container gb-container-530ab33a\"><ul><li> <a href=\"https:\/\/exceladvisor.org\/pt\/mostrar\/\">Visualizar uma planilha do Excel ou todas as planilhas (planilha)<\/a><\/li><li> <a href=\"https:\/\/exceladvisor.org\/pt\/excluir-1\/\">Excluir uma planilha (planilha) no Excel<\/a><\/li><li> <a href=\"https:\/\/exceladvisor.org\/pt\/duplicado\/\">Duplicar uma planilha ou planilha no Excel<\/a><\/li><li> <a href=\"https:\/\/exceladvisor.org\/pt\/link-para-outra-planilha\/\">Crie um hiperlink (link) para outra planilha<\/a><\/li><\/ul><\/div><\/div><\/div><\/div>","protected":false},"excerpt":{"rendered":"","protected":false},"author":1,"featured_media":0,"parent":0,"menu_order":0,"comment_status":"open","ping_status":"closed","template":"","meta":{"ub_ctt_via":"","footnotes":""},"class_list":["post-328","page","type-page","status-publish","hentry"],"featured_image_src":null,"yoast_head":"<!-- This site is optimized with the Yoast SEO plugin v25.4 - https:\/\/yoast.com\/wordpress\/plugins\/seo\/ -->\n<title>Como bloquear rapidamente uma planilha no Excel?<\/title>\n<meta name=\"description\" content=\"Este guia r\u00e1pido o ajudar\u00e1 a bloquear uma planilha no Excel em algumas etapas simples. Vamos verificar isso...\" \/>\n<meta name=\"robots\" content=\"index, follow, max-snippet:-1, max-image-preview:large, max-video-preview:-1\" \/>\n<link rel=\"canonical\" href=\"https:\/\/exceladvisor.org\/pt\/trancar\/\" \/>\n<meta property=\"og:locale\" content=\"pt_PT\" \/>\n<meta property=\"og:type\" content=\"article\" \/>\n<meta property=\"og:title\" content=\"Como bloquear rapidamente uma planilha no Excel?\" \/>\n<meta property=\"og:description\" content=\"Este guia r\u00e1pido o ajudar\u00e1 a bloquear uma planilha no Excel em algumas etapas simples. Vamos verificar isso...\" \/>\n<meta property=\"og:url\" content=\"https:\/\/exceladvisor.org\/pt\/trancar\/\" \/>\n<meta property=\"og:site_name\" content=\"Excel Advisor\" \/>\n<meta property=\"article:modified_time\" content=\"2023-12-06T11:34:57+00:00\" \/>\n<meta property=\"og:image\" content=\"https:\/\/exceladvisor.org\/wp-content\/uploads\/2023\/08\/1-verrouiller-une-feuille.png\" \/>\n<meta name=\"twitter:card\" content=\"summary_large_image\" \/>\n<meta name=\"twitter:label1\" content=\"Tempo estimado de leitura\" \/>\n\t<meta name=\"twitter:data1\" content=\"2 minutos\" \/>\n<script type=\"application\/ld+json\" class=\"yoast-schema-graph\">{\"@context\":\"https:\/\/schema.org\",\"@graph\":[{\"@type\":\"WebPage\",\"@id\":\"https:\/\/exceladvisor.org\/pt\/trancar\/\",\"url\":\"https:\/\/exceladvisor.org\/pt\/trancar\/\",\"name\":\"Como bloquear rapidamente uma planilha no Excel?\",\"isPartOf\":{\"@id\":\"https:\/\/exceladvisor.org\/pt\/#website\"},\"primaryImageOfPage\":{\"@id\":\"https:\/\/exceladvisor.org\/pt\/trancar\/#primaryimage\"},\"image\":{\"@id\":\"https:\/\/exceladvisor.org\/pt\/trancar\/#primaryimage\"},\"thumbnailUrl\":\"https:\/\/exceladvisor.org\/wp-content\/uploads\/2023\/08\/1-verrouiller-une-feuille.png\",\"datePublished\":\"2023-11-03T20:23:05+00:00\",\"dateModified\":\"2023-12-06T11:34:57+00:00\",\"description\":\"Este guia r\u00e1pido o ajudar\u00e1 a bloquear uma planilha no Excel em algumas etapas simples. Vamos verificar isso...\",\"breadcrumb\":{\"@id\":\"https:\/\/exceladvisor.org\/pt\/trancar\/#breadcrumb\"},\"inLanguage\":\"pt-PT\",\"potentialAction\":[{\"@type\":\"ReadAction\",\"target\":[\"https:\/\/exceladvisor.org\/pt\/trancar\/\"]}]},{\"@type\":\"ImageObject\",\"inLanguage\":\"pt-PT\",\"@id\":\"https:\/\/exceladvisor.org\/pt\/trancar\/#primaryimage\",\"url\":\"https:\/\/exceladvisor.org\/wp-content\/uploads\/2023\/08\/1-verrouiller-une-feuille.png\",\"contentUrl\":\"https:\/\/exceladvisor.org\/wp-content\/uploads\/2023\/08\/1-verrouiller-une-feuille.png\"},{\"@type\":\"BreadcrumbList\",\"@id\":\"https:\/\/exceladvisor.org\/pt\/trancar\/#breadcrumb\",\"itemListElement\":[{\"@type\":\"ListItem\",\"position\":1,\"name\":\"Lar\",\"item\":\"https:\/\/exceladvisor.org\/pt\/\"},{\"@type\":\"ListItem\",\"position\":2,\"name\":\"Como bloquear rapidamente uma planilha no excel?\"}]},{\"@type\":\"WebSite\",\"@id\":\"https:\/\/exceladvisor.org\/pt\/#website\",\"url\":\"https:\/\/exceladvisor.org\/pt\/\",\"name\":\"Excel Advisor\",\"description\":\"O seu guia definitivo para dominar os dados!\",\"publisher\":{\"@id\":\"https:\/\/exceladvisor.org\/pt\/#organization\"},\"potentialAction\":[{\"@type\":\"SearchAction\",\"target\":{\"@type\":\"EntryPoint\",\"urlTemplate\":\"https:\/\/exceladvisor.org\/pt\/?s={search_term_string}\"},\"query-input\":{\"@type\":\"PropertyValueSpecification\",\"valueRequired\":true,\"valueName\":\"search_term_string\"}}],\"inLanguage\":\"pt-PT\"},{\"@type\":\"Organization\",\"@id\":\"https:\/\/exceladvisor.org\/pt\/#organization\",\"name\":\"Excel Advisor\",\"url\":\"https:\/\/exceladvisor.org\/pt\/\",\"logo\":{\"@type\":\"ImageObject\",\"inLanguage\":\"pt-PT\",\"@id\":\"https:\/\/exceladvisor.org\/pt\/#\/schema\/logo\/image\/\",\"url\":\"https:\/\/exceladvisor.org\/pt\/wp-content\/uploads\/2023\/12\/exceladvisor.org_.png\",\"contentUrl\":\"https:\/\/exceladvisor.org\/pt\/wp-content\/uploads\/2023\/12\/exceladvisor.org_.png\",\"width\":105,\"height\":36,\"caption\":\"Excel Advisor\"},\"image\":{\"@id\":\"https:\/\/exceladvisor.org\/pt\/#\/schema\/logo\/image\/\"}}]}<\/script>\n<!-- \/ Yoast SEO plugin. -->","yoast_head_json":{"title":"Como bloquear rapidamente uma planilha no Excel?","description":"Este guia r\u00e1pido o ajudar\u00e1 a bloquear uma planilha no Excel em algumas etapas simples. Vamos verificar isso...","robots":{"index":"index","follow":"follow","max-snippet":"max-snippet:-1","max-image-preview":"max-image-preview:large","max-video-preview":"max-video-preview:-1"},"canonical":"https:\/\/exceladvisor.org\/pt\/trancar\/","og_locale":"pt_PT","og_type":"article","og_title":"Como bloquear rapidamente uma planilha no Excel?","og_description":"Este guia r\u00e1pido o ajudar\u00e1 a bloquear uma planilha no Excel em algumas etapas simples. Vamos verificar isso...","og_url":"https:\/\/exceladvisor.org\/pt\/trancar\/","og_site_name":"Excel Advisor","article_modified_time":"2023-12-06T11:34:57+00:00","og_image":[{"url":"https:\/\/exceladvisor.org\/wp-content\/uploads\/2023\/08\/1-verrouiller-une-feuille.png","type":"","width":"","height":""}],"twitter_card":"summary_large_image","twitter_misc":{"Tempo estimado de leitura":"2 minutos"},"schema":{"@context":"https:\/\/schema.org","@graph":[{"@type":"WebPage","@id":"https:\/\/exceladvisor.org\/pt\/trancar\/","url":"https:\/\/exceladvisor.org\/pt\/trancar\/","name":"Como bloquear rapidamente uma planilha no Excel?","isPartOf":{"@id":"https:\/\/exceladvisor.org\/pt\/#website"},"primaryImageOfPage":{"@id":"https:\/\/exceladvisor.org\/pt\/trancar\/#primaryimage"},"image":{"@id":"https:\/\/exceladvisor.org\/pt\/trancar\/#primaryimage"},"thumbnailUrl":"https:\/\/exceladvisor.org\/wp-content\/uploads\/2023\/08\/1-verrouiller-une-feuille.png","datePublished":"2023-11-03T20:23:05+00:00","dateModified":"2023-12-06T11:34:57+00:00","description":"Este guia r\u00e1pido o ajudar\u00e1 a bloquear uma planilha no Excel em algumas etapas simples. Vamos verificar isso...","breadcrumb":{"@id":"https:\/\/exceladvisor.org\/pt\/trancar\/#breadcrumb"},"inLanguage":"pt-PT","potentialAction":[{"@type":"ReadAction","target":["https:\/\/exceladvisor.org\/pt\/trancar\/"]}]},{"@type":"ImageObject","inLanguage":"pt-PT","@id":"https:\/\/exceladvisor.org\/pt\/trancar\/#primaryimage","url":"https:\/\/exceladvisor.org\/wp-content\/uploads\/2023\/08\/1-verrouiller-une-feuille.png","contentUrl":"https:\/\/exceladvisor.org\/wp-content\/uploads\/2023\/08\/1-verrouiller-une-feuille.png"},{"@type":"BreadcrumbList","@id":"https:\/\/exceladvisor.org\/pt\/trancar\/#breadcrumb","itemListElement":[{"@type":"ListItem","position":1,"name":"Lar","item":"https:\/\/exceladvisor.org\/pt\/"},{"@type":"ListItem","position":2,"name":"Como bloquear rapidamente uma planilha no excel?"}]},{"@type":"WebSite","@id":"https:\/\/exceladvisor.org\/pt\/#website","url":"https:\/\/exceladvisor.org\/pt\/","name":"Excel Advisor","description":"O seu guia definitivo para dominar os dados!","publisher":{"@id":"https:\/\/exceladvisor.org\/pt\/#organization"},"potentialAction":[{"@type":"SearchAction","target":{"@type":"EntryPoint","urlTemplate":"https:\/\/exceladvisor.org\/pt\/?s={search_term_string}"},"query-input":{"@type":"PropertyValueSpecification","valueRequired":true,"valueName":"search_term_string"}}],"inLanguage":"pt-PT"},{"@type":"Organization","@id":"https:\/\/exceladvisor.org\/pt\/#organization","name":"Excel Advisor","url":"https:\/\/exceladvisor.org\/pt\/","logo":{"@type":"ImageObject","inLanguage":"pt-PT","@id":"https:\/\/exceladvisor.org\/pt\/#\/schema\/logo\/image\/","url":"https:\/\/exceladvisor.org\/pt\/wp-content\/uploads\/2023\/12\/exceladvisor.org_.png","contentUrl":"https:\/\/exceladvisor.org\/pt\/wp-content\/uploads\/2023\/12\/exceladvisor.org_.png","width":105,"height":36,"caption":"Excel Advisor"},"image":{"@id":"https:\/\/exceladvisor.org\/pt\/#\/schema\/logo\/image\/"}}]}},"yoast_meta":{"yoast_wpseo_title":"","yoast_wpseo_metadesc":"","yoast_wpseo_canonical":""},"_links":{"self":[{"href":"https:\/\/exceladvisor.org\/pt\/wp-json\/wp\/v2\/pages\/328","targetHints":{"allow":["GET"]}}],"collection":[{"href":"https:\/\/exceladvisor.org\/pt\/wp-json\/wp\/v2\/pages"}],"about":[{"href":"https:\/\/exceladvisor.org\/pt\/wp-json\/wp\/v2\/types\/page"}],"author":[{"embeddable":true,"href":"https:\/\/exceladvisor.org\/pt\/wp-json\/wp\/v2\/users\/1"}],"replies":[{"embeddable":true,"href":"https:\/\/exceladvisor.org\/pt\/wp-json\/wp\/v2\/comments?post=328"}],"version-history":[{"count":1,"href":"https:\/\/exceladvisor.org\/pt\/wp-json\/wp\/v2\/pages\/328\/revisions"}],"predecessor-version":[{"id":867,"href":"https:\/\/exceladvisor.org\/pt\/wp-json\/wp\/v2\/pages\/328\/revisions\/867"}],"wp:attachment":[{"href":"https:\/\/exceladvisor.org\/pt\/wp-json\/wp\/v2\/media?parent=328"}],"curies":[{"name":"wp","href":"https:\/\/api.w.org\/{rel}","templated":true}]}}