{"id":330,"date":"2023-11-03T19:45:13","date_gmt":"2023-11-03T19:45:13","guid":{"rendered":"https:\/\/exceladvisor.org\/pt\/atualizar\/"},"modified":"2023-12-06T11:34:51","modified_gmt":"2023-12-06T11:34:51","slug":"atualizar","status":"publish","type":"page","link":"https:\/\/exceladvisor.org\/pt\/atualizar\/","title":{"rendered":"Como atualizar uma planilha no excel?"},"content":{"rendered":"<div class=\"excel-before-content-2\" id=\"excel-3135237953\"><script type=\"text\/javascript\">\r\n\tatOptions = {\r\n\t\t'key' : 'c1158f160081d6540a8409e6925dab94',\r\n\t\t'format' : 'iframe',\r\n\t\t'height' : 250,\r\n\t\t'width' : 300,\r\n\t\t'params' : {}\r\n\t};\r\n<\/script>\r\n<script type=\"text\/javascript\" src=\"\/\/www.highperformanceformat.com\/c1158f160081d6540a8409e6925dab94\/invoke.js\"><\/script><\/div><div class=\"excel-before-content\" id=\"excel-4006852326\"><script type=\"text\/javascript\">\r\n\tatOptions = {\r\n\t\t'key' : 'c1158f160081d6540a8409e6925dab94',\r\n\t\t'format' : 'iframe',\r\n\t\t'height' : 250,\r\n\t\t'width' : 300,\r\n\t\t'params' : {}\r\n\t};\r\n<\/script>\r\n<script type=\"text\/javascript\" src=\"\/\/www.highperformanceformat.com\/c1158f160081d6540a8409e6925dab94\/invoke.js\"><\/script><\/div> <p>No Excel, voc\u00ea pode atualizar uma planilha manualmente. Normalmente n\u00e3o \u00e9 necess\u00e1rio atualiz\u00e1-lo manualmente porque, por padr\u00e3o, a op\u00e7\u00e3o de atualiza\u00e7\u00e3o \u201cAutom\u00e1tica\u201d est\u00e1 selecionada. <\/p><div class=\"wp-block-image\"><figure class=\"aligncenter size-full is-resized\"><img loading=\"lazy\" decoding=\"async\" class=\"wp-image-92708\" src=\"https:\/\/exceladvisor.org\/wp-content\/uploads\/2023\/08\/1-referencer-une-fiche.png\" sizes=\"auto, \" srcset=\"\" alt=\"atualizar uma folha\" width=\"437\" height=\"315\"><\/figure><\/div><p> Mas existem maneiras que voc\u00ea pode usar para atualizar uma planilha manualmente e neste tutorial aprenderemos esses m\u00e9todos. No exemplo abaixo, usamos a fun\u00e7\u00e3o RAND, que muda de valor quando voc\u00ea atualiza a planilha. <\/p><div class=\"wp-block-image\"><figure class=\"aligncenter size-full is-resized\"><img loading=\"lazy\" decoding=\"async\" class=\"wp-image-92709\" src=\"https:\/\/exceladvisor.org\/wp-content\/uploads\/2023\/08\/2-la-fonction-change-de-valeur-lorsque-la-feuille-est-actualisee-a-chaque-fois.png\" sizes=\"auto, \" srcset=\"\" alt=\"fun\u00e7\u00e3o muda de valor quando a planilha \u00e9 atualizada sempre\" width=\"486\" height=\"293\"><\/figure><\/div><h2 id=\"h-using-the-keyboard-shortcut\" class=\"wp-block-heading\"> Usando o atalho do teclado<\/h2><p> Voc\u00ea pode usar Shift+F9 (ou Shift+Fn+F9) para atualizar uma planilha instantaneamente. \u00c9 r\u00e1pido e voc\u00ea pode us\u00e1-lo v\u00e1rias vezes se precisar. <\/p><div class=\"wp-block-image\"><figure class=\"aligncenter size-full is-resized\"><img loading=\"lazy\" decoding=\"async\" class=\"wp-image-92710\" src=\"https:\/\/exceladvisor.org\/wp-content\/uploads\/2023\/08\/3-raccourcis-clavier-pour-referencer.png\" sizes=\"auto, \" srcset=\"\" alt=\"tecla de atalho para refer\u00eancia\" width=\"292\" height=\"94\"><\/figure><\/div><p> Voc\u00ea tamb\u00e9m pode usar a tecla F9, que calcular\u00e1 a pasta de trabalho inteira em vez da planilha ativa. <\/p><div class=\"wp-block-image\"><figure class=\"aligncenter size-full is-resized\"><img loading=\"lazy\" decoding=\"async\" class=\"wp-image-92711\" src=\"https:\/\/exceladvisor.org\/wp-content\/uploads\/2023\/08\/4-f9-pour-calculer-le-classeur-entier.png\" sizes=\"auto, \" srcset=\"\" alt=\"pasta de trabalho f9 para calcular inteira\" width=\"104\" height=\"100\"><\/figure><\/div><h2 id=\"h-using-the-calculate-sheet-option\" class=\"wp-block-heading\"> Usando a op\u00e7\u00e3o Calcular Planilha<\/h2><ol type=\"1\"><li> Navegue at\u00e9 a planilha que deseja atualizar.<\/li><li> Abra a guia F\u00f3rmula.<\/li><li> V\u00e1 para o grupo de op\u00e7\u00f5es de c\u00e1lculo.<\/li><li> Clique na op\u00e7\u00e3o \u201cCalcular Planilha\u201d. <\/li><\/ol><div class=\"wp-block-image\"><figure class=\"aligncenter size-full is-resized\"><img loading=\"lazy\" decoding=\"async\" class=\"wp-image-92712\" src=\"https:\/\/exceladvisor.org\/wp-content\/uploads\/2023\/08\/5-option-de-feuille-de-calcul.png\" sizes=\"auto, \" srcset=\"\" alt=\"op\u00e7\u00e3o de planilha de c\u00e1lculo\" width=\"660\" height=\"313\"><\/figure><\/div><p> Ao clicar na op\u00e7\u00e3o, a planilha ativa \u00e9 atualizada e todas as suas f\u00f3rmulas s\u00e3o recalculadas.<\/p><h2 id=\"h-using-a-vba-code-to-refresh-a-sheet\" class=\"wp-block-heading\"> Use o c\u00f3digo VBA para atualizar uma planilha<\/h2><p> Sim, voc\u00ea pode usar um para atualizar uma planilha. Tudo que voc\u00ea precisa fazer \u00e9 abrir o editor Visual Basic, inserir um novo m\u00f3dulo e colar o c\u00f3digo abaixo.<\/p><pre class=\"wp-block-code\"> <code class=\"language-visual-basic\" lang=\"visual-basic\"><strong>Sub<\/strong> Macro1() ActiveSheet.Calculate <strong>End<\/strong> <strong>Sub<\/strong><\/code><\/pre><p> E depois de col\u00e1-lo, voc\u00ea pode executar o c\u00f3digo para atualizar a planilha com apenas um clique. <\/p><div class=\"wp-block-image\"><figure class=\"aligncenter size-full is-resized\"><img loading=\"lazy\" decoding=\"async\" class=\"wp-image-92713\" src=\"https:\/\/exceladvisor.org\/wp-content\/uploads\/2023\/08\/6-vba-pour-consulter-la-feuille.png\" sizes=\"auto, \" srcset=\"\" alt=\"planilha vba para atualiza\u00e7\u00e3o\" width=\"688\" height=\"256\"><\/figure><\/div><p> O c\u00f3digo que temos acima atualiza a planilha ativa. Mas se quiser atualizar uma planilha espec\u00edfica, voc\u00ea pode escrever um c\u00f3digo como este abaixo:<\/p><pre class=\"wp-block-code\"> <code class=\"language-visual-basic\" lang=\"visual-basic\">Sub <strong>Macro1<\/strong> () <strong>Sheets<\/strong> (\"Sheet1\").Calculate End Sub<\/code><\/pre><p> Agora o c\u00f3digo acima apenas atualiza a &#8220;Planilha1&#8221;; se quiser alterar o nome, voc\u00ea pode alter\u00e1-lo diretamente no pr\u00f3prio c\u00f3digo. <\/p><div class=\"gb-container gb-container-52dfcee1 gb-container-sample-file\"><h2 class=\"gb-headline gb-headline-e289c143 gb-headline-text gb-headline-4f7959c2\"> Obtenha o arquivo Excel<\/h2> <a class=\"gb-button gb-button-e88d6bee gb-button-text gb-button-button1\" href=\"https:\/\/exceladvisor.org\/wp-content\/uploads\/2023\/11\/feuille-de-rafraichissement.xlsx\" rel=\"nofollow\">Download<\/a> <\/div><div class=\"gb-container gb-container-3044ba66 gb-container-mt\"><p class=\"gb-headline gb-headline-b5bb6270 gb-headline-text\"> <strong><a href=\"https:\/\/exceladvisor.org\/pt\/nocoes-basicas-de-excel\/\">No\u00e7\u00f5es b\u00e1sicas do Excel<\/a><\/strong> \/ <strong><a href=\"https:\/\/exceladvisor.org\/pt\/planilha\/\" data-wpil=\"url\">planilha do Excel<\/a><\/strong><\/p><h2 class=\"gb-headline gb-headline-819d540d gb-headline-text gb-headline-mt-heading\"> Mais tutoriais <\/h2><div class=\"gb-grid-wrapper gb-grid-wrapper-7f3d805a gb-grid-wrapper-mt-grid\"><div class=\"gb-grid-column gb-grid-column-7495e031\"><div class=\"gb-container gb-container-7495e031\"><ul><li> <a href=\"https:\/\/exceladvisor.org\/pt\/consolidar\/\">Consolide dados de v\u00e1rias planilhas<\/a><\/li><li> <a href=\"https:\/\/exceladvisor.org\/pt\/renomear\/\">Renomear planilha no Excel<\/a><\/li><li> <a href=\"https:\/\/exceladvisor.org\/pt\/grupo-1\/\">Planilhas de grupo no Excel<\/a><\/li><li> <a href=\"https:\/\/exceladvisor.org\/pt\/veja-lado-a-lado\/\">Visualize duas planilhas lado a lado no Excel<\/a><\/li><li> <a href=\"https:\/\/exceladvisor.org\/pt\/adicionar\/\">Adicionar uma planilha no Excel<\/a><\/li><\/ul><\/div><\/div><\/div><\/div>","protected":false},"excerpt":{"rendered":"","protected":false},"author":1,"featured_media":0,"parent":0,"menu_order":0,"comment_status":"open","ping_status":"closed","template":"","meta":{"ub_ctt_via":"","footnotes":""},"class_list":["post-330","page","type-page","status-publish","hentry"],"featured_image_src":null,"yoast_head":"<!-- This site is optimized with the Yoast SEO plugin v25.4 - https:\/\/yoast.com\/wordpress\/plugins\/seo\/ -->\n<title>Como atualizar rapidamente uma planilha no Excel?<\/title>\n<meta name=\"description\" content=\"No Excel, voc\u00ea pode atualizar uma planilha manualmente. Geralmente voc\u00ea n\u00e3o precisa atualiz\u00e1-lo manualmente porque\" \/>\n<meta name=\"robots\" content=\"index, follow, max-snippet:-1, max-image-preview:large, max-video-preview:-1\" \/>\n<link rel=\"canonical\" href=\"https:\/\/exceladvisor.org\/pt\/atualizar\/\" \/>\n<meta property=\"og:locale\" content=\"pt_PT\" \/>\n<meta property=\"og:type\" content=\"article\" \/>\n<meta property=\"og:title\" content=\"Como atualizar rapidamente uma planilha no Excel?\" \/>\n<meta property=\"og:description\" content=\"No Excel, voc\u00ea pode atualizar uma planilha manualmente. Geralmente voc\u00ea n\u00e3o precisa atualiz\u00e1-lo manualmente porque\" \/>\n<meta property=\"og:url\" content=\"https:\/\/exceladvisor.org\/pt\/atualizar\/\" \/>\n<meta property=\"og:site_name\" content=\"Excel Advisor\" \/>\n<meta property=\"article:modified_time\" content=\"2023-12-06T11:34:51+00:00\" \/>\n<meta property=\"og:image\" content=\"https:\/\/exceladvisor.org\/wp-content\/uploads\/2023\/08\/1-referencer-une-fiche.png\" \/>\n<meta name=\"twitter:card\" content=\"summary_large_image\" \/>\n<meta name=\"twitter:label1\" content=\"Tempo estimado de leitura\" \/>\n\t<meta name=\"twitter:data1\" content=\"2 minutos\" \/>\n<script type=\"application\/ld+json\" class=\"yoast-schema-graph\">{\"@context\":\"https:\/\/schema.org\",\"@graph\":[{\"@type\":\"WebPage\",\"@id\":\"https:\/\/exceladvisor.org\/pt\/atualizar\/\",\"url\":\"https:\/\/exceladvisor.org\/pt\/atualizar\/\",\"name\":\"Como atualizar rapidamente uma planilha no Excel?\",\"isPartOf\":{\"@id\":\"https:\/\/exceladvisor.org\/pt\/#website\"},\"primaryImageOfPage\":{\"@id\":\"https:\/\/exceladvisor.org\/pt\/atualizar\/#primaryimage\"},\"image\":{\"@id\":\"https:\/\/exceladvisor.org\/pt\/atualizar\/#primaryimage\"},\"thumbnailUrl\":\"https:\/\/exceladvisor.org\/wp-content\/uploads\/2023\/08\/1-referencer-une-fiche.png\",\"datePublished\":\"2023-11-03T19:45:13+00:00\",\"dateModified\":\"2023-12-06T11:34:51+00:00\",\"description\":\"No Excel, voc\u00ea pode atualizar uma planilha manualmente. Geralmente voc\u00ea n\u00e3o precisa atualiz\u00e1-lo manualmente porque\",\"breadcrumb\":{\"@id\":\"https:\/\/exceladvisor.org\/pt\/atualizar\/#breadcrumb\"},\"inLanguage\":\"pt-PT\",\"potentialAction\":[{\"@type\":\"ReadAction\",\"target\":[\"https:\/\/exceladvisor.org\/pt\/atualizar\/\"]}]},{\"@type\":\"ImageObject\",\"inLanguage\":\"pt-PT\",\"@id\":\"https:\/\/exceladvisor.org\/pt\/atualizar\/#primaryimage\",\"url\":\"https:\/\/exceladvisor.org\/wp-content\/uploads\/2023\/08\/1-referencer-une-fiche.png\",\"contentUrl\":\"https:\/\/exceladvisor.org\/wp-content\/uploads\/2023\/08\/1-referencer-une-fiche.png\"},{\"@type\":\"BreadcrumbList\",\"@id\":\"https:\/\/exceladvisor.org\/pt\/atualizar\/#breadcrumb\",\"itemListElement\":[{\"@type\":\"ListItem\",\"position\":1,\"name\":\"Lar\",\"item\":\"https:\/\/exceladvisor.org\/pt\/\"},{\"@type\":\"ListItem\",\"position\":2,\"name\":\"Como atualizar uma planilha no excel?\"}]},{\"@type\":\"WebSite\",\"@id\":\"https:\/\/exceladvisor.org\/pt\/#website\",\"url\":\"https:\/\/exceladvisor.org\/pt\/\",\"name\":\"Excel Advisor\",\"description\":\"O seu guia definitivo para dominar os dados!\",\"publisher\":{\"@id\":\"https:\/\/exceladvisor.org\/pt\/#organization\"},\"potentialAction\":[{\"@type\":\"SearchAction\",\"target\":{\"@type\":\"EntryPoint\",\"urlTemplate\":\"https:\/\/exceladvisor.org\/pt\/?s={search_term_string}\"},\"query-input\":{\"@type\":\"PropertyValueSpecification\",\"valueRequired\":true,\"valueName\":\"search_term_string\"}}],\"inLanguage\":\"pt-PT\"},{\"@type\":\"Organization\",\"@id\":\"https:\/\/exceladvisor.org\/pt\/#organization\",\"name\":\"Excel Advisor\",\"url\":\"https:\/\/exceladvisor.org\/pt\/\",\"logo\":{\"@type\":\"ImageObject\",\"inLanguage\":\"pt-PT\",\"@id\":\"https:\/\/exceladvisor.org\/pt\/#\/schema\/logo\/image\/\",\"url\":\"https:\/\/exceladvisor.org\/pt\/wp-content\/uploads\/2023\/12\/exceladvisor.org_.png\",\"contentUrl\":\"https:\/\/exceladvisor.org\/pt\/wp-content\/uploads\/2023\/12\/exceladvisor.org_.png\",\"width\":105,\"height\":36,\"caption\":\"Excel Advisor\"},\"image\":{\"@id\":\"https:\/\/exceladvisor.org\/pt\/#\/schema\/logo\/image\/\"}}]}<\/script>\n<!-- \/ Yoast SEO plugin. -->","yoast_head_json":{"title":"Como atualizar rapidamente uma planilha no Excel?","description":"No Excel, voc\u00ea pode atualizar uma planilha manualmente. Geralmente voc\u00ea n\u00e3o precisa atualiz\u00e1-lo manualmente porque","robots":{"index":"index","follow":"follow","max-snippet":"max-snippet:-1","max-image-preview":"max-image-preview:large","max-video-preview":"max-video-preview:-1"},"canonical":"https:\/\/exceladvisor.org\/pt\/atualizar\/","og_locale":"pt_PT","og_type":"article","og_title":"Como atualizar rapidamente uma planilha no Excel?","og_description":"No Excel, voc\u00ea pode atualizar uma planilha manualmente. Geralmente voc\u00ea n\u00e3o precisa atualiz\u00e1-lo manualmente porque","og_url":"https:\/\/exceladvisor.org\/pt\/atualizar\/","og_site_name":"Excel Advisor","article_modified_time":"2023-12-06T11:34:51+00:00","og_image":[{"url":"https:\/\/exceladvisor.org\/wp-content\/uploads\/2023\/08\/1-referencer-une-fiche.png","type":"","width":"","height":""}],"twitter_card":"summary_large_image","twitter_misc":{"Tempo estimado de leitura":"2 minutos"},"schema":{"@context":"https:\/\/schema.org","@graph":[{"@type":"WebPage","@id":"https:\/\/exceladvisor.org\/pt\/atualizar\/","url":"https:\/\/exceladvisor.org\/pt\/atualizar\/","name":"Como atualizar rapidamente uma planilha no Excel?","isPartOf":{"@id":"https:\/\/exceladvisor.org\/pt\/#website"},"primaryImageOfPage":{"@id":"https:\/\/exceladvisor.org\/pt\/atualizar\/#primaryimage"},"image":{"@id":"https:\/\/exceladvisor.org\/pt\/atualizar\/#primaryimage"},"thumbnailUrl":"https:\/\/exceladvisor.org\/wp-content\/uploads\/2023\/08\/1-referencer-une-fiche.png","datePublished":"2023-11-03T19:45:13+00:00","dateModified":"2023-12-06T11:34:51+00:00","description":"No Excel, voc\u00ea pode atualizar uma planilha manualmente. Geralmente voc\u00ea n\u00e3o precisa atualiz\u00e1-lo manualmente porque","breadcrumb":{"@id":"https:\/\/exceladvisor.org\/pt\/atualizar\/#breadcrumb"},"inLanguage":"pt-PT","potentialAction":[{"@type":"ReadAction","target":["https:\/\/exceladvisor.org\/pt\/atualizar\/"]}]},{"@type":"ImageObject","inLanguage":"pt-PT","@id":"https:\/\/exceladvisor.org\/pt\/atualizar\/#primaryimage","url":"https:\/\/exceladvisor.org\/wp-content\/uploads\/2023\/08\/1-referencer-une-fiche.png","contentUrl":"https:\/\/exceladvisor.org\/wp-content\/uploads\/2023\/08\/1-referencer-une-fiche.png"},{"@type":"BreadcrumbList","@id":"https:\/\/exceladvisor.org\/pt\/atualizar\/#breadcrumb","itemListElement":[{"@type":"ListItem","position":1,"name":"Lar","item":"https:\/\/exceladvisor.org\/pt\/"},{"@type":"ListItem","position":2,"name":"Como atualizar uma planilha no excel?"}]},{"@type":"WebSite","@id":"https:\/\/exceladvisor.org\/pt\/#website","url":"https:\/\/exceladvisor.org\/pt\/","name":"Excel Advisor","description":"O seu guia definitivo para dominar os dados!","publisher":{"@id":"https:\/\/exceladvisor.org\/pt\/#organization"},"potentialAction":[{"@type":"SearchAction","target":{"@type":"EntryPoint","urlTemplate":"https:\/\/exceladvisor.org\/pt\/?s={search_term_string}"},"query-input":{"@type":"PropertyValueSpecification","valueRequired":true,"valueName":"search_term_string"}}],"inLanguage":"pt-PT"},{"@type":"Organization","@id":"https:\/\/exceladvisor.org\/pt\/#organization","name":"Excel Advisor","url":"https:\/\/exceladvisor.org\/pt\/","logo":{"@type":"ImageObject","inLanguage":"pt-PT","@id":"https:\/\/exceladvisor.org\/pt\/#\/schema\/logo\/image\/","url":"https:\/\/exceladvisor.org\/pt\/wp-content\/uploads\/2023\/12\/exceladvisor.org_.png","contentUrl":"https:\/\/exceladvisor.org\/pt\/wp-content\/uploads\/2023\/12\/exceladvisor.org_.png","width":105,"height":36,"caption":"Excel Advisor"},"image":{"@id":"https:\/\/exceladvisor.org\/pt\/#\/schema\/logo\/image\/"}}]}},"yoast_meta":{"yoast_wpseo_title":"","yoast_wpseo_metadesc":"","yoast_wpseo_canonical":""},"_links":{"self":[{"href":"https:\/\/exceladvisor.org\/pt\/wp-json\/wp\/v2\/pages\/330","targetHints":{"allow":["GET"]}}],"collection":[{"href":"https:\/\/exceladvisor.org\/pt\/wp-json\/wp\/v2\/pages"}],"about":[{"href":"https:\/\/exceladvisor.org\/pt\/wp-json\/wp\/v2\/types\/page"}],"author":[{"embeddable":true,"href":"https:\/\/exceladvisor.org\/pt\/wp-json\/wp\/v2\/users\/1"}],"replies":[{"embeddable":true,"href":"https:\/\/exceladvisor.org\/pt\/wp-json\/wp\/v2\/comments?post=330"}],"version-history":[{"count":1,"href":"https:\/\/exceladvisor.org\/pt\/wp-json\/wp\/v2\/pages\/330\/revisions"}],"predecessor-version":[{"id":859,"href":"https:\/\/exceladvisor.org\/pt\/wp-json\/wp\/v2\/pages\/330\/revisions\/859"}],"wp:attachment":[{"href":"https:\/\/exceladvisor.org\/pt\/wp-json\/wp\/v2\/media?parent=330"}],"curies":[{"name":"wp","href":"https:\/\/api.w.org\/{rel}","templated":true}]}}