{"id":331,"date":"2023-11-03T15:54:58","date_gmt":"2023-11-03T15:54:58","guid":{"rendered":"https:\/\/exceladvisor.org\/pt\/o-texto-contem\/"},"modified":"2023-12-06T11:51:27","modified_gmt":"2023-12-06T11:51:27","slug":"o-texto-contem","status":"publish","type":"page","link":"https:\/\/exceladvisor.org\/pt\/o-texto-contem\/","title":{"rendered":"Power query: se o texto contiver"},"content":{"rendered":"<div class=\"excel-before-content-2\" id=\"excel-3589120617\"><script type=\"text\/javascript\">\r\n\tatOptions = {\r\n\t\t'key' : 'c1158f160081d6540a8409e6925dab94',\r\n\t\t'format' : 'iframe',\r\n\t\t'height' : 250,\r\n\t\t'width' : 300,\r\n\t\t'params' : {}\r\n\t};\r\n<\/script>\r\n<script type=\"text\/javascript\" src=\"\/\/www.highperformanceformat.com\/c1158f160081d6540a8409e6925dab94\/invoke.js\"><\/script><\/div><div class=\"excel-before-content\" id=\"excel-3601899160\"><script type=\"text\/javascript\">\r\n\tatOptions = {\r\n\t\t'key' : 'c1158f160081d6540a8409e6925dab94',\r\n\t\t'format' : 'iframe',\r\n\t\t'height' : 250,\r\n\t\t'width' : 300,\r\n\t\t'params' : {}\r\n\t};\r\n<\/script>\r\n<script type=\"text\/javascript\" src=\"\/\/www.highperformanceformat.com\/c1158f160081d6540a8409e6925dab94\/invoke.js\"><\/script><\/div> <p>No Power Query, voc\u00ea pode usar a fun\u00e7\u00e3o Text.Contains, que pode ser usada para testar se uma substring est\u00e1 dentro da string ou n\u00e3o. esta fun\u00e7\u00e3o, tamb\u00e9m podemos usar a instru\u00e7\u00e3o IF para testar uma substring.<\/p><p> No exemplo abaixo, temos uma lista de substantivos com sufixo masculino e feminino. E precisamos verificar quais s\u00e3o os substantivos com sufixo feminino. <\/p><div class=\"wp-block-image\"><figure class=\"aligncenter size-full is-resized\"><img loading=\"lazy\" decoding=\"async\" class=\"wp-image-88996\" src=\"https:\/\/exceladvisor.org\/wp-content\/uploads\/2023\/08\/1-texte-contient-une-fonction-dans-la-requete-de-puissance.png\" sizes=\"auto, \" srcset=\"\" alt=\"texto-cont\u00e9m-fun\u00e7\u00e3o-na-consulta avan\u00e7ada\" width=\"348\" height=\"294\"><\/figure><\/div><h2 class=\"wp-block-heading\"> Usando TEXT.CONTAINS no Power Query<\/h2><ol><li> V\u00e1 para a guia Dados &gt; Obter dados &gt; De outras fontes &gt; Da tabela\/intervalo. <br><img loading=\"lazy\" decoding=\"async\" title=\"2-obter-dados-da-tabela-intervalo-1\" src=\"https:\/\/exceladvisor.org\/wp-content\/uploads\/2023\/08\/2-obtenir-des-donnees-de-la-plage-de-table-2.png\" sizes=\"auto, \" srcset=\"\" alt=\"get-data-from-table-range\" width=\"495\" height=\"380\"><\/li><li> Agora v\u00e1 para Adicionar coluna&gt; Coluna personalizada no poderoso editor de consultas. <br><img loading=\"lazy\" decoding=\"async\" title=\"Editor de 3 colunas personalizadas no power-query\" src=\"https:\/\/exceladvisor.org\/wp-content\/uploads\/2023\/08\/3-colonnes-personnalisees-dans-lediteur-de-requete-puissant.png\" sizes=\"auto, \" srcset=\"\" alt=\"custom-column-in-power-query-editor\" width=\"492\" height=\"153\"><\/li><li> A partir da\u00ed, na caixa de di\u00e1logo da f\u00f3rmula personalizada, insira (=Text.Contains([Nomes], \u00bbSra.&#8221;)). <br><img loading=\"lazy\" decoding=\"async\" title=\"4-em-caixa de di\u00e1logo-inserir-texto-cont\u00e9m-fun\u00e7\u00e3o\" src=\"https:\/\/exceladvisor.org\/wp-content\/uploads\/2023\/08\/4-dans-la-boite-de-dialogue-entrez-le-texte-contient-la-fonction.png\" sizes=\"auto, \" srcset=\"\" alt=\"in-dialog-box-enter-text-contains-function\" width=\"635\" height=\"200\"><\/li><li> No final, clique em OK para adicionar as colunas.<\/li><\/ol><p> Ao clicar em OK, uma nova coluna ser\u00e1 inserida com VERDADEIRO e FALSO. TRUE onde o texto cont\u00e9m \u201cSra.\u201d e FALSO para o resto. <\/p><div class=\"wp-block-image\"><figure class=\"aligncenter size-full is-resized\"><img loading=\"lazy\" decoding=\"async\" class=\"wp-image-89000\" src=\"https:\/\/exceladvisor.org\/wp-content\/uploads\/2023\/08\/5-nouvelle-colonne-ajoutee-avec-vrai-ou-faux.png\" sizes=\"auto, \" srcset=\"\" alt=\"nova coluna adicionada com verdadeiro ou falso\" width=\"417\" height=\"309\"><\/figure><\/div><h2 class=\"wp-block-heading\"> Como esse recurso funciona?<\/h2><p> Na fun\u00e7\u00e3o voc\u00ea tem dois argumentos para definir. No primeiro argumento (Texto), a coluna que cont\u00e9m o texto principal a partir do qual se deseja verificar a condi\u00e7\u00e3o.<\/p><p> E no segundo argumento (substring) voc\u00ea precisa especificar a substring que deseja verificar na string principal do primeiro argumento. <\/p><div class=\"wp-block-image\"><figure class=\"aligncenter size-full\"><img loading=\"lazy\" decoding=\"async\" class=\"wp-image-89001\" src=\"https:\/\/exceladvisor.org\/wp-content\/uploads\/2023\/08\/6-comment-le-texte-contient-la-fonction-fonctionne.png\" sizes=\"auto, \" srcset=\"\" alt=\"como-o-texto-cont\u00e9m-fun\u00e7\u00e3o-funciona\" width=\"364\" height=\"96\"><\/figure><\/div><h2 class=\"wp-block-heading\"> Use IF para verificar o conte\u00fado do texto<\/h2><p> Voc\u00ea tamb\u00e9m pode usar a instru\u00e7\u00e3o IF para verificar se algum texto cont\u00e9m outro texto. Ao usar SE voc\u00ea pode usar resultados significativos em vez de VERDADEIRO e FALSO. Portanto, no editor de consultas avan\u00e7ado, voc\u00ea precisa ir at\u00e9 a coluna Adicionar e clicar na coluna condicional. <\/p><div class=\"wp-block-image\"><figure class=\"aligncenter size-full is-resized\"><img loading=\"lazy\" decoding=\"async\" class=\"wp-image-89002\" src=\"https:\/\/exceladvisor.org\/wp-content\/uploads\/2023\/08\/7-si-pour-verifier-le-texte-contient.png\" sizes=\"auto, \" srcset=\"\" alt=\"if-check-text-cont\u00e9m\" width=\"618\" height=\"315\"><\/figure><\/div><p> Ao clicar na coluna condicional, uma caixa de di\u00e1logo aparece para criar uma instru\u00e7\u00e3o IF. <\/p><div class=\"wp-block-image\"><figure class=\"aligncenter size-full is-resized\"><img loading=\"lazy\" decoding=\"async\" class=\"wp-image-89003\" src=\"https:\/\/exceladvisor.org\/wp-content\/uploads\/2023\/08\/8-colonne-conditionnelle-a-creer-si.png\" sizes=\"auto, \" srcset=\"\" alt=\"coluna condicional para criar se\" width=\"784\" height=\"306\"><\/figure><\/div><p> Aqui voc\u00ea deve:<\/p><ol type=\"1\"><li> Insira o nome da coluna.<\/li><li> Selecione o nome da coluna para verificar a condi\u00e7\u00e3o.<\/li><li> Selecione o operador \u201ccont\u00e9m\u201d.<\/li><li> Valor a verificar, \u201cSra.\u201d.<\/li><li> Sa\u00edda a ser obtida se a condi\u00e7\u00e3o for VERDADEIRA, \u201cMulher\u201d.<\/li><li> E a sa\u00edda para obter sua condi\u00e7\u00e3o \u00e9 FALSE, \u201cMale\u201d.<\/li><li> No final, clique em OK para entrar na coluna.<\/li><\/ol><p> No momento em que voc\u00ea clicar em OK, voc\u00ea receber\u00e1 uma nova coluna contendo \u201cMulher\u201d onde o Texto cont\u00e9m \u201cSra\u201d. \u00e9 verdade, e caso contr\u00e1rio para \u201cHomem\u201d. <\/p><div class=\"wp-block-image\"><figure class=\"aligncenter size-full is-resized\"><img loading=\"lazy\" decoding=\"async\" class=\"wp-image-89004\" src=\"https:\/\/exceladvisor.org\/wp-content\/uploads\/2023\/08\/9-nouvelle-colonne-apres-linstruction-if.png\" sizes=\"auto, \" srcset=\"\" alt=\"nova coluna ap\u00f3s instru\u00e7\u00e3o if\" width=\"433\" height=\"321\"><\/figure><\/div><div class=\"gb-container gb-container-52dfcee1 gb-container-sample-file\"><h2 class=\"gb-headline gb-headline-e289c143 gb-headline-text gb-headline-4f7959c2\"> Obtenha o arquivo Excel<\/h2><p> <a class=\"gb-button gb-button-e88d6bee gb-button-text gb-button-button1\" href=\"https:\/\/exceladvisor.org\/wp-content\/uploads\/2023\/08\/le-texte-contient-une-requete-avancee.xlsx\" rel=\"nofollow\">Download<\/a><\/p><\/div><div class=\"gb-container gb-container-9e2850fe gb-container-mt\"> <a class=\"gb-button gb-button-71636faa gb-button-text gb-button-mt-button\" href=\"https:\/\/exceladvisor.org\/pt\/solicitacao-de-energia\/\">Consulta avan\u00e7ada no Excel (tutorial)<\/a><h2 class=\"gb-headline gb-headline-c566b2ed gb-headline-text gb-headline-mt-heading\"> Tutoriais relacionados <\/h2><div class=\"gb-grid-wrapper gb-grid-wrapper-b15ed1bf gb-grid-wrapper-mt-grid\"><div class=\"gb-grid-column gb-grid-column-6e9de105\"><div class=\"gb-container gb-container-6e9de105\"><ul><li> Mesclar [Combinar] V\u00e1rios ARQUIVOS Excel em UM CADERNO<\/li><li> <a href=\"https:\/\/exceladvisor.org\/pt\/pesquisav-2\/\">Execute VLOOKUP no Power Query no Excel<\/a><\/li><li> <a href=\"https:\/\/exceladvisor.org\/pt\/dados-nao-girados\/\">Remova o piv\u00f4 de dados no Excel usando o Power Query<\/a><\/li><li> <a href=\"https:\/\/exceladvisor.org\/pt\/corrente\/\">Power Query: concatenar valores (texto e n\u00fameros)<\/a><\/li><li> <a href=\"https:\/\/exceladvisor.org\/pt\/diferenca-de-datas\/\">Consulta avan\u00e7ada: diferen\u00e7a de data<\/a> <\/li><\/ul><\/div><\/div><div class=\"gb-grid-column gb-grid-column-4eaecde3\"><div class=\"gb-container gb-container-4eaecde3\"><\/div><\/div><\/div><\/div>","protected":false},"excerpt":{"rendered":"","protected":false},"author":1,"featured_media":0,"parent":0,"menu_order":0,"comment_status":"open","ping_status":"closed","template":"","meta":{"ub_ctt_via":"","footnotes":""},"class_list":["post-331","page","type-page","status-publish","hentry"],"featured_image_src":null,"yoast_head":"<!-- This site is optimized with the Yoast SEO plugin v25.4 - https:\/\/yoast.com\/wordpress\/plugins\/seo\/ -->\n<title>O texto cont\u00e9m no Power Query (verifique se a string est\u00e1 l\u00e1)<\/title>\n<meta name=\"description\" content=\"Veja como verificar se uma substring est\u00e1 ou n\u00e3o na string usando o Power Query no Excel.\" \/>\n<meta name=\"robots\" content=\"index, follow, max-snippet:-1, max-image-preview:large, max-video-preview:-1\" \/>\n<link rel=\"canonical\" href=\"https:\/\/exceladvisor.org\/pt\/o-texto-contem\/\" \/>\n<meta property=\"og:locale\" content=\"pt_PT\" \/>\n<meta property=\"og:type\" content=\"article\" \/>\n<meta property=\"og:title\" content=\"O texto cont\u00e9m no Power Query (verifique se a string est\u00e1 l\u00e1)\" \/>\n<meta property=\"og:description\" content=\"Veja como verificar se uma substring est\u00e1 ou n\u00e3o na string usando o Power Query no Excel.\" \/>\n<meta property=\"og:url\" content=\"https:\/\/exceladvisor.org\/pt\/o-texto-contem\/\" \/>\n<meta property=\"og:site_name\" content=\"Excel Advisor\" \/>\n<meta property=\"article:modified_time\" content=\"2023-12-06T11:51:27+00:00\" \/>\n<meta property=\"og:image\" content=\"https:\/\/exceladvisor.org\/wp-content\/uploads\/2023\/08\/1-texte-contient-une-fonction-dans-la-requete-de-puissance.png\" \/>\n<meta name=\"twitter:card\" content=\"summary_large_image\" \/>\n<meta name=\"twitter:label1\" content=\"Tempo estimado de leitura\" \/>\n\t<meta name=\"twitter:data1\" content=\"2 minutos\" \/>\n<script type=\"application\/ld+json\" class=\"yoast-schema-graph\">{\"@context\":\"https:\/\/schema.org\",\"@graph\":[{\"@type\":\"WebPage\",\"@id\":\"https:\/\/exceladvisor.org\/pt\/o-texto-contem\/\",\"url\":\"https:\/\/exceladvisor.org\/pt\/o-texto-contem\/\",\"name\":\"O texto cont\u00e9m no Power Query (verifique se a string est\u00e1 l\u00e1)\",\"isPartOf\":{\"@id\":\"https:\/\/exceladvisor.org\/pt\/#website\"},\"primaryImageOfPage\":{\"@id\":\"https:\/\/exceladvisor.org\/pt\/o-texto-contem\/#primaryimage\"},\"image\":{\"@id\":\"https:\/\/exceladvisor.org\/pt\/o-texto-contem\/#primaryimage\"},\"thumbnailUrl\":\"https:\/\/exceladvisor.org\/wp-content\/uploads\/2023\/08\/1-texte-contient-une-fonction-dans-la-requete-de-puissance.png\",\"datePublished\":\"2023-11-03T15:54:58+00:00\",\"dateModified\":\"2023-12-06T11:51:27+00:00\",\"description\":\"Veja como verificar se uma substring est\u00e1 ou n\u00e3o na string usando o Power Query no Excel.\",\"breadcrumb\":{\"@id\":\"https:\/\/exceladvisor.org\/pt\/o-texto-contem\/#breadcrumb\"},\"inLanguage\":\"pt-PT\",\"potentialAction\":[{\"@type\":\"ReadAction\",\"target\":[\"https:\/\/exceladvisor.org\/pt\/o-texto-contem\/\"]}]},{\"@type\":\"ImageObject\",\"inLanguage\":\"pt-PT\",\"@id\":\"https:\/\/exceladvisor.org\/pt\/o-texto-contem\/#primaryimage\",\"url\":\"https:\/\/exceladvisor.org\/wp-content\/uploads\/2023\/08\/1-texte-contient-une-fonction-dans-la-requete-de-puissance.png\",\"contentUrl\":\"https:\/\/exceladvisor.org\/wp-content\/uploads\/2023\/08\/1-texte-contient-une-fonction-dans-la-requete-de-puissance.png\"},{\"@type\":\"BreadcrumbList\",\"@id\":\"https:\/\/exceladvisor.org\/pt\/o-texto-contem\/#breadcrumb\",\"itemListElement\":[{\"@type\":\"ListItem\",\"position\":1,\"name\":\"Lar\",\"item\":\"https:\/\/exceladvisor.org\/pt\/\"},{\"@type\":\"ListItem\",\"position\":2,\"name\":\"Power query: se o texto contiver\"}]},{\"@type\":\"WebSite\",\"@id\":\"https:\/\/exceladvisor.org\/pt\/#website\",\"url\":\"https:\/\/exceladvisor.org\/pt\/\",\"name\":\"Excel Advisor\",\"description\":\"O seu guia definitivo para dominar os dados!\",\"publisher\":{\"@id\":\"https:\/\/exceladvisor.org\/pt\/#organization\"},\"potentialAction\":[{\"@type\":\"SearchAction\",\"target\":{\"@type\":\"EntryPoint\",\"urlTemplate\":\"https:\/\/exceladvisor.org\/pt\/?s={search_term_string}\"},\"query-input\":{\"@type\":\"PropertyValueSpecification\",\"valueRequired\":true,\"valueName\":\"search_term_string\"}}],\"inLanguage\":\"pt-PT\"},{\"@type\":\"Organization\",\"@id\":\"https:\/\/exceladvisor.org\/pt\/#organization\",\"name\":\"Excel Advisor\",\"url\":\"https:\/\/exceladvisor.org\/pt\/\",\"logo\":{\"@type\":\"ImageObject\",\"inLanguage\":\"pt-PT\",\"@id\":\"https:\/\/exceladvisor.org\/pt\/#\/schema\/logo\/image\/\",\"url\":\"https:\/\/exceladvisor.org\/pt\/wp-content\/uploads\/2023\/12\/exceladvisor.org_.png\",\"contentUrl\":\"https:\/\/exceladvisor.org\/pt\/wp-content\/uploads\/2023\/12\/exceladvisor.org_.png\",\"width\":105,\"height\":36,\"caption\":\"Excel Advisor\"},\"image\":{\"@id\":\"https:\/\/exceladvisor.org\/pt\/#\/schema\/logo\/image\/\"}}]}<\/script>\n<!-- \/ Yoast SEO plugin. -->","yoast_head_json":{"title":"O texto cont\u00e9m no Power Query (verifique se a string est\u00e1 l\u00e1)","description":"Veja como verificar se uma substring est\u00e1 ou n\u00e3o na string usando o Power Query no Excel.","robots":{"index":"index","follow":"follow","max-snippet":"max-snippet:-1","max-image-preview":"max-image-preview:large","max-video-preview":"max-video-preview:-1"},"canonical":"https:\/\/exceladvisor.org\/pt\/o-texto-contem\/","og_locale":"pt_PT","og_type":"article","og_title":"O texto cont\u00e9m no Power Query (verifique se a string est\u00e1 l\u00e1)","og_description":"Veja como verificar se uma substring est\u00e1 ou n\u00e3o na string usando o Power Query no Excel.","og_url":"https:\/\/exceladvisor.org\/pt\/o-texto-contem\/","og_site_name":"Excel Advisor","article_modified_time":"2023-12-06T11:51:27+00:00","og_image":[{"url":"https:\/\/exceladvisor.org\/wp-content\/uploads\/2023\/08\/1-texte-contient-une-fonction-dans-la-requete-de-puissance.png","type":"","width":"","height":""}],"twitter_card":"summary_large_image","twitter_misc":{"Tempo estimado de leitura":"2 minutos"},"schema":{"@context":"https:\/\/schema.org","@graph":[{"@type":"WebPage","@id":"https:\/\/exceladvisor.org\/pt\/o-texto-contem\/","url":"https:\/\/exceladvisor.org\/pt\/o-texto-contem\/","name":"O texto cont\u00e9m no Power Query (verifique se a string est\u00e1 l\u00e1)","isPartOf":{"@id":"https:\/\/exceladvisor.org\/pt\/#website"},"primaryImageOfPage":{"@id":"https:\/\/exceladvisor.org\/pt\/o-texto-contem\/#primaryimage"},"image":{"@id":"https:\/\/exceladvisor.org\/pt\/o-texto-contem\/#primaryimage"},"thumbnailUrl":"https:\/\/exceladvisor.org\/wp-content\/uploads\/2023\/08\/1-texte-contient-une-fonction-dans-la-requete-de-puissance.png","datePublished":"2023-11-03T15:54:58+00:00","dateModified":"2023-12-06T11:51:27+00:00","description":"Veja como verificar se uma substring est\u00e1 ou n\u00e3o na string usando o Power Query no Excel.","breadcrumb":{"@id":"https:\/\/exceladvisor.org\/pt\/o-texto-contem\/#breadcrumb"},"inLanguage":"pt-PT","potentialAction":[{"@type":"ReadAction","target":["https:\/\/exceladvisor.org\/pt\/o-texto-contem\/"]}]},{"@type":"ImageObject","inLanguage":"pt-PT","@id":"https:\/\/exceladvisor.org\/pt\/o-texto-contem\/#primaryimage","url":"https:\/\/exceladvisor.org\/wp-content\/uploads\/2023\/08\/1-texte-contient-une-fonction-dans-la-requete-de-puissance.png","contentUrl":"https:\/\/exceladvisor.org\/wp-content\/uploads\/2023\/08\/1-texte-contient-une-fonction-dans-la-requete-de-puissance.png"},{"@type":"BreadcrumbList","@id":"https:\/\/exceladvisor.org\/pt\/o-texto-contem\/#breadcrumb","itemListElement":[{"@type":"ListItem","position":1,"name":"Lar","item":"https:\/\/exceladvisor.org\/pt\/"},{"@type":"ListItem","position":2,"name":"Power query: se o texto contiver"}]},{"@type":"WebSite","@id":"https:\/\/exceladvisor.org\/pt\/#website","url":"https:\/\/exceladvisor.org\/pt\/","name":"Excel Advisor","description":"O seu guia definitivo para dominar os dados!","publisher":{"@id":"https:\/\/exceladvisor.org\/pt\/#organization"},"potentialAction":[{"@type":"SearchAction","target":{"@type":"EntryPoint","urlTemplate":"https:\/\/exceladvisor.org\/pt\/?s={search_term_string}"},"query-input":{"@type":"PropertyValueSpecification","valueRequired":true,"valueName":"search_term_string"}}],"inLanguage":"pt-PT"},{"@type":"Organization","@id":"https:\/\/exceladvisor.org\/pt\/#organization","name":"Excel Advisor","url":"https:\/\/exceladvisor.org\/pt\/","logo":{"@type":"ImageObject","inLanguage":"pt-PT","@id":"https:\/\/exceladvisor.org\/pt\/#\/schema\/logo\/image\/","url":"https:\/\/exceladvisor.org\/pt\/wp-content\/uploads\/2023\/12\/exceladvisor.org_.png","contentUrl":"https:\/\/exceladvisor.org\/pt\/wp-content\/uploads\/2023\/12\/exceladvisor.org_.png","width":105,"height":36,"caption":"Excel Advisor"},"image":{"@id":"https:\/\/exceladvisor.org\/pt\/#\/schema\/logo\/image\/"}}]}},"yoast_meta":{"yoast_wpseo_title":"","yoast_wpseo_metadesc":"","yoast_wpseo_canonical":""},"_links":{"self":[{"href":"https:\/\/exceladvisor.org\/pt\/wp-json\/wp\/v2\/pages\/331","targetHints":{"allow":["GET"]}}],"collection":[{"href":"https:\/\/exceladvisor.org\/pt\/wp-json\/wp\/v2\/pages"}],"about":[{"href":"https:\/\/exceladvisor.org\/pt\/wp-json\/wp\/v2\/types\/page"}],"author":[{"embeddable":true,"href":"https:\/\/exceladvisor.org\/pt\/wp-json\/wp\/v2\/users\/1"}],"replies":[{"embeddable":true,"href":"https:\/\/exceladvisor.org\/pt\/wp-json\/wp\/v2\/comments?post=331"}],"version-history":[{"count":1,"href":"https:\/\/exceladvisor.org\/pt\/wp-json\/wp\/v2\/pages\/331\/revisions"}],"predecessor-version":[{"id":1476,"href":"https:\/\/exceladvisor.org\/pt\/wp-json\/wp\/v2\/pages\/331\/revisions\/1476"}],"wp:attachment":[{"href":"https:\/\/exceladvisor.org\/pt\/wp-json\/wp\/v2\/media?parent=331"}],"curies":[{"name":"wp","href":"https:\/\/api.w.org\/{rel}","templated":true}]}}