{"id":333,"date":"2023-11-03T04:05:17","date_gmt":"2023-11-03T04:05:17","guid":{"rendered":"https:\/\/exceladvisor.org\/pt\/total-cumulativo\/"},"modified":"2023-12-06T11:34:22","modified_gmt":"2023-12-06T11:34:22","slug":"total-cumulativo","status":"publish","type":"page","link":"https:\/\/exceladvisor.org\/pt\/total-cumulativo\/","title":{"rendered":"Como adiciono um total acumulado a uma tabela din\u00e2mica?"},"content":{"rendered":"<div class=\"excel-before-content-2\" id=\"excel-2191625044\"><script type=\"text\/javascript\">\r\n\tatOptions = {\r\n\t\t'key' : 'c1158f160081d6540a8409e6925dab94',\r\n\t\t'format' : 'iframe',\r\n\t\t'height' : 250,\r\n\t\t'width' : 300,\r\n\t\t'params' : {}\r\n\t};\r\n<\/script>\r\n<script type=\"text\/javascript\" src=\"\/\/www.highperformanceformat.com\/c1158f160081d6540a8409e6925dab94\/invoke.js\"><\/script><\/div><div class=\"excel-before-content\" id=\"excel-1783684291\"><script type=\"text\/javascript\">\r\n\tatOptions = {\r\n\t\t'key' : 'c1158f160081d6540a8409e6925dab94',\r\n\t\t'format' : 'iframe',\r\n\t\t'height' : 250,\r\n\t\t'width' : 300,\r\n\t\t'params' : {}\r\n\t};\r\n<\/script>\r\n<script type=\"text\/javascript\" src=\"\/\/www.highperformanceformat.com\/c1158f160081d6540a8409e6925dab94\/invoke.js\"><\/script><\/div> <p>O total acumulado em uma tabela din\u00e2mica \u00e9 um total acumulado que tamb\u00e9m inclui o total anterior. Por exemplo, se tivermos dados mensais de janeiro a dezembro, um total acumulado mostrar\u00e1 o total acumulado no ano de cada m\u00eas. Podemos usar um total acumulado para medir o crescimento completo em rela\u00e7\u00e3o \u00e0 meta. <\/p><div class=\"wp-block-image\"><figure class=\"aligncenter\"><img decoding=\"async\" src=\"https:\/\/exceladvisor.org\/wp-content\/uploads\/2023\/08\/en-ajoutant-le-total-cumule-dans-le-tableau-croise-dynamique-vous-obtiendrez-la-meme-valeur-pour-le-dernier-et-le-grand-total-1.png\" sizes=\"\" srcset=\"\" alt=\"adicionando o total acumulado na tabela din\u00e2mica, voc\u00ea obter\u00e1 o mesmo valor para o \u00faltimo e o total geral\"><\/figure><\/div><h2 id=\"tab-con-1\" class=\"wp-block-heading\"> Executando total na tabela din\u00e2mica<\/h2><p> Adicionar um total de corrida\/corrida requer apenas alguns cliques e aqui est\u00e3o as etapas para fazer isso.<\/p><ol><li> Depois de <a href=\"https:\/\/exceladvisor.org\/pt\/tabela-dinamica-1\/\" data-wpil=\"url\" data-wpel-link=\"internal\">criar uma tabela din\u00e2mica<\/a> , selecione uma das c\u00e9lulas na coluna de dados. <br><img decoding=\"async\" title=\"selecione a tabela din\u00e2mica para adicionar o total em execu\u00e7\u00e3o na tabela din\u00e2mica\" src=\"https:\/\/exceladvisor.org\/wp-content\/uploads\/2023\/08\/selectionnez-le-tableau-croise-dynamique-pour-ajouter-le-total-cumule-dans-le-tableau-croise-dynamique-1.png\" sizes=\"\" srcset=\"\" alt=\"select pivot table to add running total in pivot table\"><\/li><li> Clique com o bot\u00e3o direito nele e clique em \u201cConfigura\u00e7\u00e3o do campo de valor\u201d. <br><img decoding=\"async\" title=\"clique na configura\u00e7\u00e3o do campo de valor para adicionar o total acumulado \u00e0 tabela din\u00e2mica\" src=\"https:\/\/exceladvisor.org\/wp-content\/uploads\/2023\/08\/cliquez-sur-le-parametre-de-champ-de-valeur-pour-ajouter-le-total-cumule-dans-le-tableau-croise-dynamique-1.png\" sizes=\"\" srcset=\"\" alt=\"click on value field setting to add running total in pivot table\"><\/li><li> Agora voc\u00ea tem a janela \u201cConfigura\u00e7\u00e3o do campo de valor\u201d.<\/li><li> V\u00e1 para a aba \u201cMostrar valores como\u201d.<\/li><li> Na lista suspensa \u201cMostrar valores como\u201d, selecione \u201cTotal acumulado em\u201d. <br><img decoding=\"async\" title=\"selecione o total acumulado na guia para adicionar o total acumulado na tabela din\u00e2mica\" src=\"https:\/\/exceladvisor.org\/wp-content\/uploads\/2023\/08\/selectionnez-le-total-cumule-dans-longlet-pour-ajouter-le-total-cumule-dans-le-tableau-croise-dynamique-1.png\" sizes=\"\" srcset=\"\" alt=\"select running total from tab to add running total in pivot table\"><\/li><li> Clique OK.<\/li><\/ol><p> Agora temos um total acumulado na tabela din\u00e2mica com um total acumulado para cada m\u00eas. <\/p><div class=\"wp-block-image\"><figure class=\"aligncenter\"><img decoding=\"async\" src=\"https:\/\/exceladvisor.org\/wp-content\/uploads\/2023\/08\/tableau-croise-dynamique-pour-ajouter-le-total-cumule-dans-le-tableau-croise-dynamique-1.png\" sizes=\"\" srcset=\"\" alt=\"tabela din\u00e2mica para adicionar o total acumulado na tabela din\u00e2mica\"><\/figure><\/div><p class=\"qt-tip\"> <strong><span style=\"color: #ea493f;\">Observa\u00e7\u00e3o:<\/span><\/strong> ao adicionar o total acumulado, certifique-se de que a tabela din\u00e2mica esteja classificada da maneira correta. Se quisermos somar de janeiro a dezembro, os valores dever\u00e3o ter sido ordenados de janeiro a dezembro.<\/p><h2 class=\"wp-block-heading\"> Comece a executar o total do zero<\/h2><p> Algu\u00e9m perguntou como podemos come\u00e7ar o total do zero. Bem, para isso s\u00f3 precisamos fazer uma pequena modifica\u00e7\u00e3o em nossos dados de origem.<\/p><ol><li> Primeiro, nos dados de origem, precisamos inserir uma entrada fict\u00edcia com valor zero. <br><img decoding=\"async\" title=\"aplicar o total em execu\u00e7\u00e3o na tabela din\u00e2mica come\u00e7ando do zero com uma entrada fict\u00edcia nos dados de origem\" src=\"https:\/\/exceladvisor.org\/wp-content\/uploads\/2023\/08\/appliquer-le-total-cumule-dans-le-tableau-croise-dynamique-en-partant-de-zero-avec-une-entree-fictive-dans-les-donnees-source-1.png\" sizes=\"\" srcset=\"\" alt=\"apply running total in pivot table with starting from zero with dummy entry in source data\"><\/li><li> Aqui, nossos dados come\u00e7am em 15 de janeiro e \u00e9 por isso que usei 15 de dezembro para a entrada fict\u00edcia.<\/li><li> Agora v\u00e1 para a tabela din\u00e2mica e <a href=\"https:\/\/exceladvisor.org\/pt\/atualize-tudo\/\" data-wpel-link=\"internal\">atualize<\/a> -a. E uma vez feito isso, d\u00e1 um total come\u00e7ando do zero. <br><img decoding=\"async\" title=\"adicionar-total-executado-\u00e0-tabela-come\u00e7ando-em-zero\" src=\"https:\/\/exceladvisor.org\/wp-content\/uploads\/2023\/08\/ajouter-le-total-cumule-dans-le-tableau-a-partir-de-zero-1.png\" sizes=\"\" srcset=\"\" alt=\"add running total in table starting from zero\"><\/li><\/ol><h2 class=\"wp-block-heading\"> Porcentagem cumulativa total<\/h2><p> Tamb\u00e9m podemos usar porcentagem do total em execu\u00e7\u00e3o em vez de valores. <\/p><ul id=\"block-d5772274-23b4-48fc-9534-bb507d9ee117\" class=\"block-editor-rich-text__editable block-editor-block-list__block wp-block is-selected rich-text\" tabindex=\"0\" role=\"group\" contenteditable=\"true\" aria-multiline=\"true\" aria-label=\"Block: List\" data-block=\"d5772274-23b4-48fc-9534-bb507d9ee117\" data-type=\"core\/list\" data-title=\"List\"><li> Primeiro, clique com o bot\u00e3o direito na coluna total e abra \u201cConfigura\u00e7\u00e3o do campo de valor\u201d.<\/li><li> Depois disso, v\u00e1 para a guia \u201cMostrar valores como\u201d e selecione \u201c% Running Total In\u201d no menu suspenso. <br><img decoding=\"async\" title=\"adicionar total em execu\u00e7\u00e3o na tabela din\u00e2mica com porcentagem\" src=\"https:\/\/exceladvisor.org\/wp-content\/uploads\/2023\/08\/ajouter-le-total-cumule-dans-le-tableau-croise-dynamique-avec-pourcentage-1.png\" sizes=\"\" srcset=\"\" alt=\"add running total in pivot table with percentage\"><\/li><li> Clique OK. <br><img decoding=\"async\" title=\"adicione o total acumulado na tabela din\u00e2mica como porcentagem acumulada\" src=\"https:\/\/exceladvisor.org\/wp-content\/uploads\/2023\/08\/ajouter-le-total-cumule-dans-le-tableau-croise-dynamique-en-pourcentage-cumule-1.png\" sizes=\"\" srcset=\"\" alt=\"add running total in pivot table as cumulative percentage\"><\/li><\/ul><h2 class=\"wp-block-heading\"> Total acumulado com datas agrupadas<\/h2><p> Quando adicionamos um total acumulado onde <a href=\"https:\/\/exceladvisor.org\/pt\/datas-do-grupo\/\" data-wpel-link=\"internal\">agrupamos as datas,<\/a> pode haver um problema, deixe-me mostrar a voc\u00ea. Na tabela din\u00e2mica abaixo, agrupamos as datas e criamos r\u00f3tulos de duas linhas a partir delas \u201cTrimestres\u201d e \u201cMeses\u201d.<\/p><p> E tamb\u00e9m aplicamos o total acumulado no campo de dados. Agora, se voc\u00ea olhar, depois de uma mudan\u00e7a trimestral, o total acumulado come\u00e7a novamente. Mas podemos consertar isso usando uma coluna auxiliar e aqui est\u00e3o as etapas.<\/p><ol><li> Primeiro, navegue at\u00e9 os dados de origem e insira uma nova coluna ap\u00f3s a coluna de data.<\/li><li> Depois disso, nomeie esta coluna como \u201cQM\u201d e insira a f\u00f3rmula abaixo: <pre> =\"Qtr\"&amp;ROUNDUP(MONTH(A2)\/3,0)&amp;\"-\"&amp;TEXT(A2,\"MM\") <\/pre><img decoding=\"async\" title=\"appy-running-total-in-pivot-table-using-helper-column-in-source-data-1\" src=\"https:\/\/exceladvisor.org\/wp-content\/uploads\/2023\/08\/appy-cumulant-le-total-dans-le-tableau-croise-dynamique-a-laide-de-la-colonne-dassistance-dans-les-donnees-source-1-1.png\" sizes=\"\" srcset=\"\" alt=\"apply running total in pivot table using helper column in source data\"><\/li><li> Agora, atualize sua tabela din\u00e2mica e remova os campos da coluna \u201cTrimestres\u201d e \u201cMeses\u201d e adicione a coluna \u201cQM\u201d. <br><img decoding=\"async\" title=\"appy-running-total-in-pivot-table-when-dates-are-grouped-add-helper-column-1\" src=\"https:\/\/exceladvisor.org\/wp-content\/uploads\/2023\/08\/appy-cumulant-le-total-dans-le-tableau-croise-dynamique-lorsque-les-dates-sont-regroupees-ajouter-la-colonne-daide-1-1.png\" sizes=\"\" srcset=\"\" alt=\"apply running total in pivot table when dates are grouped add helper column 1\"><\/li><\/ol><h2 class=\"wp-block-heading\"> Executando total em um gr\u00e1fico din\u00e2mico<\/h2><p> Com um total em execu\u00e7\u00e3o, tamb\u00e9m podemos <a href=\"https:\/\/exceladvisor.org\/pt\/tabela-dinamica-2\/\" data-wpel-link=\"internal\" data-wpil=\"url\">criar uma tabela din\u00e2mica<\/a> para exibir graficamente os valores em execu\u00e7\u00e3o. <\/p><div class=\"wp-block-image\"><figure class=\"aligncenter\"><img decoding=\"async\" src=\"https:\/\/exceladvisor.org\/wp-content\/uploads\/2023\/08\/ajouter-le-total-cumule-dans-le-tableau-croise-dynamique-avec-le-tableau-croise-dynamique-1.png\" sizes=\"\" srcset=\"\" alt=\"adicionar total acumulado na tabela din\u00e2mica com tabela din\u00e2mica\"><\/figure><\/div><p> No exemplo acima, temos uma tabela din\u00e2mica com a tabela din\u00e2mica para mostrar a tend\u00eancia de aumento dos valores m\u00eas a m\u00eas.<\/p><h2 class=\"wp-block-heading\"> Arquivo de exemplo<\/h2><p> <a href=\"https:\/\/exceladvisor.org\/wp-content\/uploads\/2023\/11\/total-cumule-dans-le-tableau-croise-dynamique.xlsx\" rel=\"nofollow\" data-wpel-link=\"internal\">download<\/a><\/p>","protected":false},"excerpt":{"rendered":"","protected":false},"author":1,"featured_media":0,"parent":0,"menu_order":0,"comment_status":"open","ping_status":"closed","template":"","meta":{"ub_ctt_via":"","footnotes":""},"class_list":["post-333","page","type-page","status-publish","hentry"],"featured_image_src":null,"yoast_head":"<!-- This site is optimized with the Yoast SEO plugin v25.4 - https:\/\/yoast.com\/wordpress\/plugins\/seo\/ -->\n<title>Como adiciono um total acumulado a uma tabela din\u00e2mica?<\/title>\n<meta name=\"description\" content=\"Neste tutorial, mostrarei como adicionar um total acumulado a uma tabela din\u00e2mica. Voc\u00ea tamb\u00e9m descobrir\u00e1 o\" \/>\n<meta name=\"robots\" content=\"index, follow, max-snippet:-1, max-image-preview:large, max-video-preview:-1\" \/>\n<link rel=\"canonical\" href=\"https:\/\/exceladvisor.org\/pt\/total-cumulativo\/\" \/>\n<meta property=\"og:locale\" content=\"pt_PT\" \/>\n<meta property=\"og:type\" content=\"article\" \/>\n<meta property=\"og:title\" content=\"Como adiciono um total acumulado a uma tabela din\u00e2mica?\" \/>\n<meta property=\"og:description\" content=\"Neste tutorial, mostrarei como adicionar um total acumulado a uma tabela din\u00e2mica. Voc\u00ea tamb\u00e9m descobrir\u00e1 o\" \/>\n<meta property=\"og:url\" content=\"https:\/\/exceladvisor.org\/pt\/total-cumulativo\/\" \/>\n<meta property=\"og:site_name\" content=\"Excel Advisor\" \/>\n<meta property=\"article:modified_time\" content=\"2023-12-06T11:34:22+00:00\" \/>\n<meta property=\"og:image\" content=\"https:\/\/exceladvisor.org\/wp-content\/uploads\/2023\/08\/en-ajoutant-le-total-cumule-dans-le-tableau-croise-dynamique-vous-obtiendrez-la-meme-valeur-pour-le-dernier-et-le-grand-total-1.png\" \/>\n<meta name=\"twitter:card\" content=\"summary_large_image\" \/>\n<meta name=\"twitter:label1\" content=\"Tempo estimado de leitura\" \/>\n\t<meta name=\"twitter:data1\" content=\"3 minutos\" \/>\n<script type=\"application\/ld+json\" class=\"yoast-schema-graph\">{\"@context\":\"https:\/\/schema.org\",\"@graph\":[{\"@type\":\"WebPage\",\"@id\":\"https:\/\/exceladvisor.org\/pt\/total-cumulativo\/\",\"url\":\"https:\/\/exceladvisor.org\/pt\/total-cumulativo\/\",\"name\":\"Como adiciono um total acumulado a uma tabela din\u00e2mica?\",\"isPartOf\":{\"@id\":\"https:\/\/exceladvisor.org\/pt\/#website\"},\"primaryImageOfPage\":{\"@id\":\"https:\/\/exceladvisor.org\/pt\/total-cumulativo\/#primaryimage\"},\"image\":{\"@id\":\"https:\/\/exceladvisor.org\/pt\/total-cumulativo\/#primaryimage\"},\"thumbnailUrl\":\"https:\/\/exceladvisor.org\/wp-content\/uploads\/2023\/08\/en-ajoutant-le-total-cumule-dans-le-tableau-croise-dynamique-vous-obtiendrez-la-meme-valeur-pour-le-dernier-et-le-grand-total-1.png\",\"datePublished\":\"2023-11-03T04:05:17+00:00\",\"dateModified\":\"2023-12-06T11:34:22+00:00\",\"description\":\"Neste tutorial, mostrarei como adicionar um total acumulado a uma tabela din\u00e2mica. Voc\u00ea tamb\u00e9m descobrir\u00e1 o\",\"breadcrumb\":{\"@id\":\"https:\/\/exceladvisor.org\/pt\/total-cumulativo\/#breadcrumb\"},\"inLanguage\":\"pt-PT\",\"potentialAction\":[{\"@type\":\"ReadAction\",\"target\":[\"https:\/\/exceladvisor.org\/pt\/total-cumulativo\/\"]}]},{\"@type\":\"ImageObject\",\"inLanguage\":\"pt-PT\",\"@id\":\"https:\/\/exceladvisor.org\/pt\/total-cumulativo\/#primaryimage\",\"url\":\"https:\/\/exceladvisor.org\/wp-content\/uploads\/2023\/08\/en-ajoutant-le-total-cumule-dans-le-tableau-croise-dynamique-vous-obtiendrez-la-meme-valeur-pour-le-dernier-et-le-grand-total-1.png\",\"contentUrl\":\"https:\/\/exceladvisor.org\/wp-content\/uploads\/2023\/08\/en-ajoutant-le-total-cumule-dans-le-tableau-croise-dynamique-vous-obtiendrez-la-meme-valeur-pour-le-dernier-et-le-grand-total-1.png\"},{\"@type\":\"BreadcrumbList\",\"@id\":\"https:\/\/exceladvisor.org\/pt\/total-cumulativo\/#breadcrumb\",\"itemListElement\":[{\"@type\":\"ListItem\",\"position\":1,\"name\":\"Lar\",\"item\":\"https:\/\/exceladvisor.org\/pt\/\"},{\"@type\":\"ListItem\",\"position\":2,\"name\":\"Como adiciono um total acumulado a uma tabela din\u00e2mica?\"}]},{\"@type\":\"WebSite\",\"@id\":\"https:\/\/exceladvisor.org\/pt\/#website\",\"url\":\"https:\/\/exceladvisor.org\/pt\/\",\"name\":\"Excel Advisor\",\"description\":\"O seu guia definitivo para dominar os dados!\",\"publisher\":{\"@id\":\"https:\/\/exceladvisor.org\/pt\/#organization\"},\"potentialAction\":[{\"@type\":\"SearchAction\",\"target\":{\"@type\":\"EntryPoint\",\"urlTemplate\":\"https:\/\/exceladvisor.org\/pt\/?s={search_term_string}\"},\"query-input\":{\"@type\":\"PropertyValueSpecification\",\"valueRequired\":true,\"valueName\":\"search_term_string\"}}],\"inLanguage\":\"pt-PT\"},{\"@type\":\"Organization\",\"@id\":\"https:\/\/exceladvisor.org\/pt\/#organization\",\"name\":\"Excel Advisor\",\"url\":\"https:\/\/exceladvisor.org\/pt\/\",\"logo\":{\"@type\":\"ImageObject\",\"inLanguage\":\"pt-PT\",\"@id\":\"https:\/\/exceladvisor.org\/pt\/#\/schema\/logo\/image\/\",\"url\":\"https:\/\/exceladvisor.org\/pt\/wp-content\/uploads\/2023\/12\/exceladvisor.org_.png\",\"contentUrl\":\"https:\/\/exceladvisor.org\/pt\/wp-content\/uploads\/2023\/12\/exceladvisor.org_.png\",\"width\":105,\"height\":36,\"caption\":\"Excel Advisor\"},\"image\":{\"@id\":\"https:\/\/exceladvisor.org\/pt\/#\/schema\/logo\/image\/\"}}]}<\/script>\n<!-- \/ Yoast SEO plugin. -->","yoast_head_json":{"title":"Como adiciono um total acumulado a uma tabela din\u00e2mica?","description":"Neste tutorial, mostrarei como adicionar um total acumulado a uma tabela din\u00e2mica. Voc\u00ea tamb\u00e9m descobrir\u00e1 o","robots":{"index":"index","follow":"follow","max-snippet":"max-snippet:-1","max-image-preview":"max-image-preview:large","max-video-preview":"max-video-preview:-1"},"canonical":"https:\/\/exceladvisor.org\/pt\/total-cumulativo\/","og_locale":"pt_PT","og_type":"article","og_title":"Como adiciono um total acumulado a uma tabela din\u00e2mica?","og_description":"Neste tutorial, mostrarei como adicionar um total acumulado a uma tabela din\u00e2mica. Voc\u00ea tamb\u00e9m descobrir\u00e1 o","og_url":"https:\/\/exceladvisor.org\/pt\/total-cumulativo\/","og_site_name":"Excel Advisor","article_modified_time":"2023-12-06T11:34:22+00:00","og_image":[{"url":"https:\/\/exceladvisor.org\/wp-content\/uploads\/2023\/08\/en-ajoutant-le-total-cumule-dans-le-tableau-croise-dynamique-vous-obtiendrez-la-meme-valeur-pour-le-dernier-et-le-grand-total-1.png","type":"","width":"","height":""}],"twitter_card":"summary_large_image","twitter_misc":{"Tempo estimado de leitura":"3 minutos"},"schema":{"@context":"https:\/\/schema.org","@graph":[{"@type":"WebPage","@id":"https:\/\/exceladvisor.org\/pt\/total-cumulativo\/","url":"https:\/\/exceladvisor.org\/pt\/total-cumulativo\/","name":"Como adiciono um total acumulado a uma tabela din\u00e2mica?","isPartOf":{"@id":"https:\/\/exceladvisor.org\/pt\/#website"},"primaryImageOfPage":{"@id":"https:\/\/exceladvisor.org\/pt\/total-cumulativo\/#primaryimage"},"image":{"@id":"https:\/\/exceladvisor.org\/pt\/total-cumulativo\/#primaryimage"},"thumbnailUrl":"https:\/\/exceladvisor.org\/wp-content\/uploads\/2023\/08\/en-ajoutant-le-total-cumule-dans-le-tableau-croise-dynamique-vous-obtiendrez-la-meme-valeur-pour-le-dernier-et-le-grand-total-1.png","datePublished":"2023-11-03T04:05:17+00:00","dateModified":"2023-12-06T11:34:22+00:00","description":"Neste tutorial, mostrarei como adicionar um total acumulado a uma tabela din\u00e2mica. Voc\u00ea tamb\u00e9m descobrir\u00e1 o","breadcrumb":{"@id":"https:\/\/exceladvisor.org\/pt\/total-cumulativo\/#breadcrumb"},"inLanguage":"pt-PT","potentialAction":[{"@type":"ReadAction","target":["https:\/\/exceladvisor.org\/pt\/total-cumulativo\/"]}]},{"@type":"ImageObject","inLanguage":"pt-PT","@id":"https:\/\/exceladvisor.org\/pt\/total-cumulativo\/#primaryimage","url":"https:\/\/exceladvisor.org\/wp-content\/uploads\/2023\/08\/en-ajoutant-le-total-cumule-dans-le-tableau-croise-dynamique-vous-obtiendrez-la-meme-valeur-pour-le-dernier-et-le-grand-total-1.png","contentUrl":"https:\/\/exceladvisor.org\/wp-content\/uploads\/2023\/08\/en-ajoutant-le-total-cumule-dans-le-tableau-croise-dynamique-vous-obtiendrez-la-meme-valeur-pour-le-dernier-et-le-grand-total-1.png"},{"@type":"BreadcrumbList","@id":"https:\/\/exceladvisor.org\/pt\/total-cumulativo\/#breadcrumb","itemListElement":[{"@type":"ListItem","position":1,"name":"Lar","item":"https:\/\/exceladvisor.org\/pt\/"},{"@type":"ListItem","position":2,"name":"Como adiciono um total acumulado a uma tabela din\u00e2mica?"}]},{"@type":"WebSite","@id":"https:\/\/exceladvisor.org\/pt\/#website","url":"https:\/\/exceladvisor.org\/pt\/","name":"Excel Advisor","description":"O seu guia definitivo para dominar os dados!","publisher":{"@id":"https:\/\/exceladvisor.org\/pt\/#organization"},"potentialAction":[{"@type":"SearchAction","target":{"@type":"EntryPoint","urlTemplate":"https:\/\/exceladvisor.org\/pt\/?s={search_term_string}"},"query-input":{"@type":"PropertyValueSpecification","valueRequired":true,"valueName":"search_term_string"}}],"inLanguage":"pt-PT"},{"@type":"Organization","@id":"https:\/\/exceladvisor.org\/pt\/#organization","name":"Excel Advisor","url":"https:\/\/exceladvisor.org\/pt\/","logo":{"@type":"ImageObject","inLanguage":"pt-PT","@id":"https:\/\/exceladvisor.org\/pt\/#\/schema\/logo\/image\/","url":"https:\/\/exceladvisor.org\/pt\/wp-content\/uploads\/2023\/12\/exceladvisor.org_.png","contentUrl":"https:\/\/exceladvisor.org\/pt\/wp-content\/uploads\/2023\/12\/exceladvisor.org_.png","width":105,"height":36,"caption":"Excel Advisor"},"image":{"@id":"https:\/\/exceladvisor.org\/pt\/#\/schema\/logo\/image\/"}}]}},"yoast_meta":{"yoast_wpseo_title":"","yoast_wpseo_metadesc":"","yoast_wpseo_canonical":""},"_links":{"self":[{"href":"https:\/\/exceladvisor.org\/pt\/wp-json\/wp\/v2\/pages\/333","targetHints":{"allow":["GET"]}}],"collection":[{"href":"https:\/\/exceladvisor.org\/pt\/wp-json\/wp\/v2\/pages"}],"about":[{"href":"https:\/\/exceladvisor.org\/pt\/wp-json\/wp\/v2\/types\/page"}],"author":[{"embeddable":true,"href":"https:\/\/exceladvisor.org\/pt\/wp-json\/wp\/v2\/users\/1"}],"replies":[{"embeddable":true,"href":"https:\/\/exceladvisor.org\/pt\/wp-json\/wp\/v2\/comments?post=333"}],"version-history":[{"count":1,"href":"https:\/\/exceladvisor.org\/pt\/wp-json\/wp\/v2\/pages\/333\/revisions"}],"predecessor-version":[{"id":820,"href":"https:\/\/exceladvisor.org\/pt\/wp-json\/wp\/v2\/pages\/333\/revisions\/820"}],"wp:attachment":[{"href":"https:\/\/exceladvisor.org\/pt\/wp-json\/wp\/v2\/media?parent=333"}],"curies":[{"name":"wp","href":"https:\/\/api.w.org\/{rel}","templated":true}]}}