{"id":334,"date":"2023-11-03T04:01:28","date_gmt":"2023-11-03T04:01:28","guid":{"rendered":"https:\/\/exceladvisor.org\/pt\/adicione-virgulas\/"},"modified":"2023-12-06T11:34:18","modified_gmt":"2023-12-06T11:34:18","slug":"adicione-virgulas","status":"publish","type":"page","link":"https:\/\/exceladvisor.org\/pt\/adicione-virgulas\/","title":{"rendered":"Como adicionar v\u00edrgulas no excel?"},"content":{"rendered":"<div class=\"excel-before-content-2\" id=\"excel-1322385457\"><script type=\"text\/javascript\">\r\n\tatOptions = {\r\n\t\t'key' : 'c1158f160081d6540a8409e6925dab94',\r\n\t\t'format' : 'iframe',\r\n\t\t'height' : 250,\r\n\t\t'width' : 300,\r\n\t\t'params' : {}\r\n\t};\r\n<\/script>\r\n<script type=\"text\/javascript\" src=\"\/\/www.highperformanceformat.com\/c1158f160081d6540a8409e6925dab94\/invoke.js\"><\/script><\/div><div class=\"excel-before-content\" id=\"excel-2955257109\"><script type=\"text\/javascript\">\r\n\tatOptions = {\r\n\t\t'key' : 'c1158f160081d6540a8409e6925dab94',\r\n\t\t'format' : 'iframe',\r\n\t\t'height' : 250,\r\n\t\t'width' : 300,\r\n\t\t'params' : {}\r\n\t};\r\n<\/script>\r\n<script type=\"text\/javascript\" src=\"\/\/www.highperformanceformat.com\/c1158f160081d6540a8409e6925dab94\/invoke.js\"><\/script><\/div> <p>Se quiser adicionar uma v\u00edrgula antes ou depois de um valor de c\u00e9lula, voc\u00ea pode escrever f\u00f3rmulas diferentes no Excel. Para fazer isso, voc\u00ea deve usar os m\u00e9todos de concatena\u00e7\u00e3o ou a fun\u00e7\u00e3o que permite combinar dois ou mais valores.<\/p><p> Neste tutorial, detalharemos essas f\u00f3rmulas.<\/p><h2 class=\"wp-block-heading\"> Usando o e comercial para adicionar uma v\u00edrgula<\/h2><p> No exemplo abaixo, voc\u00ea tem duas c\u00e9lulas, A1 e B1, com valores de texto. Voc\u00ea precisa combinar esses valores dessas c\u00e9lulas e adicionar uma v\u00edrgula entre eles.<\/p><p> Use a f\u00f3rmula abaixo para fazer isso: <\/p><div class=\"wp-block-image\"><figure class=\"aligncenter size-full is-resized\"><img loading=\"lazy\" decoding=\"async\" class=\"alignnone  wp-image-13636\" src=\"https:\/\/exceladvisor.org\/wp-content\/uploads\/2023\/11\/formule-a-ajouter-virgules.png\" alt=\"f\u00f3rmula para adicionar v\u00edrgulas\" width=\"514\" height=\"259\" srcset=\"https:\/\/exceladvisor.org\/wp-content\/uploads\/2023\/11\/formule-a-ajouter-virgules.png 582w, https:\/\/exceladvisor.org\/wp-content\/uploads\/2023\/11\/formule-a-ajouter-virgules-300x151.png 300w\" sizes=\"auto, (max-width: 514px) 100vw, 514px\"><\/figure><\/div><pre class=\"wp-block-code\"> <code class=\"language-excel-formula\" lang=\"excel-formula\">=A1&amp;\", \"&amp;B1<\/code><\/pre><p> Nesta f\u00f3rmula voc\u00ea tem valores das c\u00e9lulas A1 e B1. E com a ajuda de aspas duplas, h\u00e1 uma v\u00edrgula e um espa\u00e7o entre os dois valores.<\/p><p> Ou voc\u00ea tamb\u00e9m pode fazer isso usando a fun\u00e7\u00e3o CONCATENATE. <\/p><pre class=\"wp-block-code\"> <code class=\"language-excel-formula\" lang=\"excel-formula\">=CONCATENATE(A1,\", \",B1)<\/code><\/pre><div class=\"wp-block-image\"><figure class=\"aligncenter size-full is-resized\"><img loading=\"lazy\" decoding=\"async\" class=\"alignnone  wp-image-13637\" src=\"https:\/\/exceladvisor.org\/wp-content\/uploads\/2023\/11\/ajouter-une-virgule-en-utilisant-concatenation.png\" alt=\"adicione uma v\u00edrgula usando concatena\u00e7\u00e3o\" width=\"512\" height=\"258\" srcset=\"https:\/\/exceladvisor.org\/wp-content\/uploads\/2023\/11\/ajouter-une-virgule-en-utilisant-concatenation.png 582w, https:\/\/exceladvisor.org\/wp-content\/uploads\/2023\/11\/ajouter-une-virgule-en-utilisant-concatenation-300x151.png 300w\" sizes=\"auto, (max-width: 512px) 100vw, 512px\"><\/figure><\/div><p> E se voc\u00ea j\u00e1 possui uma v\u00edrgula em uma c\u00e9lula, pode usar a fun\u00e7\u00e3o CONCAT para isso. <\/p><div class=\"wp-block-image\"><figure class=\"aligncenter size-full is-resized\"><img loading=\"lazy\" decoding=\"async\" class=\"alignnone  wp-image-13638\" src=\"https:\/\/exceladvisor.org\/wp-content\/uploads\/2023\/11\/concat-si-a-deja-une-virgules.png\" alt=\"concat-se-j\u00e1-tiver-v\u00edrgula\" width=\"507\" height=\"202\" srcset=\"https:\/\/exceladvisor.org\/wp-content\/uploads\/2023\/11\/concat-si-a-deja-une-virgules.png 736w, https:\/\/exceladvisor.org\/wp-content\/uploads\/2023\/11\/concat-si-a-deja-une-virgules-300x119.png 300w\" sizes=\"auto, (max-width: 507px) 100vw, 507px\"><\/figure><\/div><p class=\"qt-tip\"> <strong>Nota:<\/strong> Voc\u00ea pode usar este m\u00e9todo em qualquer vers\u00e3o do Excel.<\/p><h2 class=\"wp-block-heading\"> Use TEXTJOIN para adicionar v\u00edrgulas entre v\u00e1rios valores<\/h2><p> Se voc\u00ea deseja adicionar v\u00edrgulas entre v\u00e1rios valores em um intervalo de c\u00e9lulas, TEXTJOIN \u00e9 a melhor fun\u00e7\u00e3o. <\/p><div class=\"wp-block-image\"><figure class=\"aligncenter size-full is-resized\"><img loading=\"lazy\" decoding=\"async\" class=\"alignnone  wp-image-13639\" src=\"https:\/\/exceladvisor.org\/wp-content\/uploads\/2023\/11\/textjoin-to-add-comma.png\" alt=\"textjoin-to-add-v\u00edrgula\" width=\"447\" height=\"342\" srcset=\"https:\/\/exceladvisor.org\/wp-content\/uploads\/2023\/11\/textjoin-to-add-comma.png 588w, https:\/\/exceladvisor.org\/wp-content\/uploads\/2023\/11\/textjoin-to-add-comma-300x230.png 300w\" sizes=\"auto, (max-width: 447px) 100vw, 447px\"><\/figure><\/div><pre class=\"wp-block-code\"> <code class=\"language-excel-formula\" lang=\"excel-formula\">=TEXTJOIN(\", \",TRUE,A1:A5)<\/code><\/pre><p> \u00c9 f\u00e1cil adicionar uma v\u00edrgula ou qualquer outro delimitador com TEXTJOIN. Como voc\u00ea pode ver:<\/p><ul><li> Especificamos uma v\u00edrgula e um espa\u00e7o no primeiro argumento da fun\u00e7\u00e3o.<\/li><li> E ent\u00e3o TRUE para ignorar c\u00e9lulas vazias.<\/li><li> No final, referimo-nos \u00e0 faixa de onde quer\u00edamos chegar.<\/li><\/ul><p> Quando voc\u00ea pressiona Enter, todos os valores s\u00e3o exibidos com uma v\u00edrgula e um espa\u00e7o entre cada palavra. <\/p><div class=\"gb-container gb-container-52dfcee1 gb-container-sample-file\"><h2 class=\"gb-headline gb-headline-e289c143 gb-headline-text gb-headline-4f7959c2\"> Obtenha o arquivo Excel<\/h2> <a class=\"gb-button gb-button-e88d6bee gb-button-text gb-button-button1\" href=\"https:\/\/exceladvisor.org\/wp-content\/uploads\/2023\/11\/ajouter-une-virgule.xlsx\" rel=\"nofollow\">Download<\/a><\/div><div class=\"gb-container gb-container-0df56012 gb-container-mt\"> <a class=\"gb-button gb-button-f9f432f4 gb-button-text gb-button-mt-button\" href=\"https:\/\/exceladvisor.org\/pt\/formulas\/\">Lista de f\u00f3rmulas do Excel<\/a><h2 class=\"gb-headline gb-headline-233444e8 gb-headline-text gb-headline-mt-heading\"> F\u00f3rmulas relacionadas <\/h2><div class=\"gb-grid-wrapper gb-grid-wrapper-a16fa65c gb-grid-wrapper-mt-grid\"><div class=\"gb-grid-column gb-grid-column-50d07e0d\"><div class=\"gb-container gb-container-50d07e0d\"><ul><li> <a href=\"https:\/\/exceladvisor.org\/pt\/nova-linha-na-celula\/\">Adicione uma nova linha a uma c\u00e9lula no Excel (quebra de linha)<\/a><\/li><li> <a href=\"https:\/\/exceladvisor.org\/pt\/zeros-a-esquerda\/\">Adicione zeros \u00e0 esquerda no Excel<\/a><\/li><li> <a href=\"https:\/\/exceladvisor.org\/pt\/concatenar-celulas-com-virgula\/\">Concatenar (combinar) c\u00e9lulas com v\u00edrgula no Excel<\/a><\/li><li> <a href=\"https:\/\/exceladvisor.org\/pt\/concatenar-um-intervalo-de-celulas\/\">Concatenar (combinar) um intervalo de c\u00e9lulas no Excel<\/a><\/li><li> <a href=\"https:\/\/exceladvisor.org\/pt\/concatenar-uma-quebra-de-linha\/\">Concatenar com quebra de linha no Excel<\/a><\/li><\/ul><\/div><\/div><\/div><\/div>","protected":false},"excerpt":{"rendered":"","protected":false},"author":1,"featured_media":0,"parent":0,"menu_order":0,"comment_status":"open","ping_status":"closed","template":"","meta":{"ub_ctt_via":"","footnotes":""},"class_list":["post-334","page","type-page","status-publish","hentry"],"featured_image_src":null,"yoast_head":"<!-- This site is optimized with the Yoast SEO plugin v25.4 - https:\/\/yoast.com\/wordpress\/plugins\/seo\/ -->\n<title>\u25b7 Como adicionar v\u00edrgulas no Excel? (C\u00e9lula - Texto)<\/title>\n<meta name=\"description\" content=\"Este tutorial ensinar\u00e1 como escrever uma f\u00f3rmula do Excel para adicionar v\u00edrgulas antes ou depois de um valor. Vamos verificar isso\u2026\" \/>\n<meta name=\"robots\" content=\"index, follow, max-snippet:-1, max-image-preview:large, max-video-preview:-1\" \/>\n<link rel=\"canonical\" href=\"https:\/\/exceladvisor.org\/pt\/adicione-virgulas\/\" \/>\n<meta property=\"og:locale\" content=\"pt_PT\" \/>\n<meta property=\"og:type\" content=\"article\" \/>\n<meta property=\"og:title\" content=\"\u25b7 Como adicionar v\u00edrgulas no Excel? (C\u00e9lula - Texto)\" \/>\n<meta property=\"og:description\" content=\"Este tutorial ensinar\u00e1 como escrever uma f\u00f3rmula do Excel para adicionar v\u00edrgulas antes ou depois de um valor. Vamos verificar isso\u2026\" \/>\n<meta property=\"og:url\" content=\"https:\/\/exceladvisor.org\/pt\/adicione-virgulas\/\" \/>\n<meta property=\"og:site_name\" content=\"Excel Advisor\" \/>\n<meta property=\"article:modified_time\" content=\"2023-12-06T11:34:18+00:00\" \/>\n<meta property=\"og:image\" content=\"https:\/\/exceladvisor.org\/wp-content\/uploads\/2023\/11\/formule-a-ajouter-virgules.png\" \/>\n<meta name=\"twitter:card\" content=\"summary_large_image\" \/>\n<meta name=\"twitter:label1\" content=\"Tempo estimado de leitura\" \/>\n\t<meta name=\"twitter:data1\" content=\"2 minutos\" \/>\n<script type=\"application\/ld+json\" class=\"yoast-schema-graph\">{\"@context\":\"https:\/\/schema.org\",\"@graph\":[{\"@type\":\"WebPage\",\"@id\":\"https:\/\/exceladvisor.org\/pt\/adicione-virgulas\/\",\"url\":\"https:\/\/exceladvisor.org\/pt\/adicione-virgulas\/\",\"name\":\"\u25b7 Como adicionar v\u00edrgulas no Excel? (C\u00e9lula - Texto)\",\"isPartOf\":{\"@id\":\"https:\/\/exceladvisor.org\/pt\/#website\"},\"primaryImageOfPage\":{\"@id\":\"https:\/\/exceladvisor.org\/pt\/adicione-virgulas\/#primaryimage\"},\"image\":{\"@id\":\"https:\/\/exceladvisor.org\/pt\/adicione-virgulas\/#primaryimage\"},\"thumbnailUrl\":\"https:\/\/exceladvisor.org\/wp-content\/uploads\/2023\/11\/formule-a-ajouter-virgules.png\",\"datePublished\":\"2023-11-03T04:01:28+00:00\",\"dateModified\":\"2023-12-06T11:34:18+00:00\",\"description\":\"Este tutorial ensinar\u00e1 como escrever uma f\u00f3rmula do Excel para adicionar v\u00edrgulas antes ou depois de um valor. Vamos verificar isso\u2026\",\"breadcrumb\":{\"@id\":\"https:\/\/exceladvisor.org\/pt\/adicione-virgulas\/#breadcrumb\"},\"inLanguage\":\"pt-PT\",\"potentialAction\":[{\"@type\":\"ReadAction\",\"target\":[\"https:\/\/exceladvisor.org\/pt\/adicione-virgulas\/\"]}]},{\"@type\":\"ImageObject\",\"inLanguage\":\"pt-PT\",\"@id\":\"https:\/\/exceladvisor.org\/pt\/adicione-virgulas\/#primaryimage\",\"url\":\"https:\/\/exceladvisor.org\/wp-content\/uploads\/2023\/11\/formule-a-ajouter-virgules.png\",\"contentUrl\":\"https:\/\/exceladvisor.org\/wp-content\/uploads\/2023\/11\/formule-a-ajouter-virgules.png\"},{\"@type\":\"BreadcrumbList\",\"@id\":\"https:\/\/exceladvisor.org\/pt\/adicione-virgulas\/#breadcrumb\",\"itemListElement\":[{\"@type\":\"ListItem\",\"position\":1,\"name\":\"Lar\",\"item\":\"https:\/\/exceladvisor.org\/pt\/\"},{\"@type\":\"ListItem\",\"position\":2,\"name\":\"Como adicionar v\u00edrgulas no excel?\"}]},{\"@type\":\"WebSite\",\"@id\":\"https:\/\/exceladvisor.org\/pt\/#website\",\"url\":\"https:\/\/exceladvisor.org\/pt\/\",\"name\":\"Excel Advisor\",\"description\":\"O seu guia definitivo para dominar os dados!\",\"publisher\":{\"@id\":\"https:\/\/exceladvisor.org\/pt\/#organization\"},\"potentialAction\":[{\"@type\":\"SearchAction\",\"target\":{\"@type\":\"EntryPoint\",\"urlTemplate\":\"https:\/\/exceladvisor.org\/pt\/?s={search_term_string}\"},\"query-input\":{\"@type\":\"PropertyValueSpecification\",\"valueRequired\":true,\"valueName\":\"search_term_string\"}}],\"inLanguage\":\"pt-PT\"},{\"@type\":\"Organization\",\"@id\":\"https:\/\/exceladvisor.org\/pt\/#organization\",\"name\":\"Excel Advisor\",\"url\":\"https:\/\/exceladvisor.org\/pt\/\",\"logo\":{\"@type\":\"ImageObject\",\"inLanguage\":\"pt-PT\",\"@id\":\"https:\/\/exceladvisor.org\/pt\/#\/schema\/logo\/image\/\",\"url\":\"https:\/\/exceladvisor.org\/pt\/wp-content\/uploads\/2023\/12\/exceladvisor.org_.png\",\"contentUrl\":\"https:\/\/exceladvisor.org\/pt\/wp-content\/uploads\/2023\/12\/exceladvisor.org_.png\",\"width\":105,\"height\":36,\"caption\":\"Excel Advisor\"},\"image\":{\"@id\":\"https:\/\/exceladvisor.org\/pt\/#\/schema\/logo\/image\/\"}}]}<\/script>\n<!-- \/ Yoast SEO plugin. -->","yoast_head_json":{"title":"\u25b7 Como adicionar v\u00edrgulas no Excel? (C\u00e9lula - Texto)","description":"Este tutorial ensinar\u00e1 como escrever uma f\u00f3rmula do Excel para adicionar v\u00edrgulas antes ou depois de um valor. Vamos verificar isso\u2026","robots":{"index":"index","follow":"follow","max-snippet":"max-snippet:-1","max-image-preview":"max-image-preview:large","max-video-preview":"max-video-preview:-1"},"canonical":"https:\/\/exceladvisor.org\/pt\/adicione-virgulas\/","og_locale":"pt_PT","og_type":"article","og_title":"\u25b7 Como adicionar v\u00edrgulas no Excel? (C\u00e9lula - Texto)","og_description":"Este tutorial ensinar\u00e1 como escrever uma f\u00f3rmula do Excel para adicionar v\u00edrgulas antes ou depois de um valor. Vamos verificar isso\u2026","og_url":"https:\/\/exceladvisor.org\/pt\/adicione-virgulas\/","og_site_name":"Excel Advisor","article_modified_time":"2023-12-06T11:34:18+00:00","og_image":[{"url":"https:\/\/exceladvisor.org\/wp-content\/uploads\/2023\/11\/formule-a-ajouter-virgules.png","type":"","width":"","height":""}],"twitter_card":"summary_large_image","twitter_misc":{"Tempo estimado de leitura":"2 minutos"},"schema":{"@context":"https:\/\/schema.org","@graph":[{"@type":"WebPage","@id":"https:\/\/exceladvisor.org\/pt\/adicione-virgulas\/","url":"https:\/\/exceladvisor.org\/pt\/adicione-virgulas\/","name":"\u25b7 Como adicionar v\u00edrgulas no Excel? (C\u00e9lula - Texto)","isPartOf":{"@id":"https:\/\/exceladvisor.org\/pt\/#website"},"primaryImageOfPage":{"@id":"https:\/\/exceladvisor.org\/pt\/adicione-virgulas\/#primaryimage"},"image":{"@id":"https:\/\/exceladvisor.org\/pt\/adicione-virgulas\/#primaryimage"},"thumbnailUrl":"https:\/\/exceladvisor.org\/wp-content\/uploads\/2023\/11\/formule-a-ajouter-virgules.png","datePublished":"2023-11-03T04:01:28+00:00","dateModified":"2023-12-06T11:34:18+00:00","description":"Este tutorial ensinar\u00e1 como escrever uma f\u00f3rmula do Excel para adicionar v\u00edrgulas antes ou depois de um valor. Vamos verificar isso\u2026","breadcrumb":{"@id":"https:\/\/exceladvisor.org\/pt\/adicione-virgulas\/#breadcrumb"},"inLanguage":"pt-PT","potentialAction":[{"@type":"ReadAction","target":["https:\/\/exceladvisor.org\/pt\/adicione-virgulas\/"]}]},{"@type":"ImageObject","inLanguage":"pt-PT","@id":"https:\/\/exceladvisor.org\/pt\/adicione-virgulas\/#primaryimage","url":"https:\/\/exceladvisor.org\/wp-content\/uploads\/2023\/11\/formule-a-ajouter-virgules.png","contentUrl":"https:\/\/exceladvisor.org\/wp-content\/uploads\/2023\/11\/formule-a-ajouter-virgules.png"},{"@type":"BreadcrumbList","@id":"https:\/\/exceladvisor.org\/pt\/adicione-virgulas\/#breadcrumb","itemListElement":[{"@type":"ListItem","position":1,"name":"Lar","item":"https:\/\/exceladvisor.org\/pt\/"},{"@type":"ListItem","position":2,"name":"Como adicionar v\u00edrgulas no excel?"}]},{"@type":"WebSite","@id":"https:\/\/exceladvisor.org\/pt\/#website","url":"https:\/\/exceladvisor.org\/pt\/","name":"Excel Advisor","description":"O seu guia definitivo para dominar os dados!","publisher":{"@id":"https:\/\/exceladvisor.org\/pt\/#organization"},"potentialAction":[{"@type":"SearchAction","target":{"@type":"EntryPoint","urlTemplate":"https:\/\/exceladvisor.org\/pt\/?s={search_term_string}"},"query-input":{"@type":"PropertyValueSpecification","valueRequired":true,"valueName":"search_term_string"}}],"inLanguage":"pt-PT"},{"@type":"Organization","@id":"https:\/\/exceladvisor.org\/pt\/#organization","name":"Excel Advisor","url":"https:\/\/exceladvisor.org\/pt\/","logo":{"@type":"ImageObject","inLanguage":"pt-PT","@id":"https:\/\/exceladvisor.org\/pt\/#\/schema\/logo\/image\/","url":"https:\/\/exceladvisor.org\/pt\/wp-content\/uploads\/2023\/12\/exceladvisor.org_.png","contentUrl":"https:\/\/exceladvisor.org\/pt\/wp-content\/uploads\/2023\/12\/exceladvisor.org_.png","width":105,"height":36,"caption":"Excel Advisor"},"image":{"@id":"https:\/\/exceladvisor.org\/pt\/#\/schema\/logo\/image\/"}}]}},"yoast_meta":{"yoast_wpseo_title":"","yoast_wpseo_metadesc":"","yoast_wpseo_canonical":""},"_links":{"self":[{"href":"https:\/\/exceladvisor.org\/pt\/wp-json\/wp\/v2\/pages\/334","targetHints":{"allow":["GET"]}}],"collection":[{"href":"https:\/\/exceladvisor.org\/pt\/wp-json\/wp\/v2\/pages"}],"about":[{"href":"https:\/\/exceladvisor.org\/pt\/wp-json\/wp\/v2\/types\/page"}],"author":[{"embeddable":true,"href":"https:\/\/exceladvisor.org\/pt\/wp-json\/wp\/v2\/users\/1"}],"replies":[{"embeddable":true,"href":"https:\/\/exceladvisor.org\/pt\/wp-json\/wp\/v2\/comments?post=334"}],"version-history":[{"count":1,"href":"https:\/\/exceladvisor.org\/pt\/wp-json\/wp\/v2\/pages\/334\/revisions"}],"predecessor-version":[{"id":815,"href":"https:\/\/exceladvisor.org\/pt\/wp-json\/wp\/v2\/pages\/334\/revisions\/815"}],"wp:attachment":[{"href":"https:\/\/exceladvisor.org\/pt\/wp-json\/wp\/v2\/media?parent=334"}],"curies":[{"name":"wp","href":"https:\/\/api.w.org\/{rel}","templated":true}]}}