{"id":335,"date":"2023-11-03T03:25:57","date_gmt":"2023-11-03T03:25:57","guid":{"rendered":"https:\/\/exceladvisor.org\/pt\/erro-de-valor\/"},"modified":"2023-12-06T11:36:28","modified_gmt":"2023-12-06T11:36:28","slug":"erro-de-valor","status":"publish","type":"page","link":"https:\/\/exceladvisor.org\/pt\/erro-de-valor\/","title":{"rendered":"Como corrigir #value! erro no excel?"},"content":{"rendered":"<div class=\"excel-before-content-2\" id=\"excel-2849964720\"><script type=\"text\/javascript\">\r\n\tatOptions = {\r\n\t\t'key' : 'c1158f160081d6540a8409e6925dab94',\r\n\t\t'format' : 'iframe',\r\n\t\t'height' : 250,\r\n\t\t'width' : 300,\r\n\t\t'params' : {}\r\n\t};\r\n<\/script>\r\n<script type=\"text\/javascript\" src=\"\/\/www.highperformanceformat.com\/c1158f160081d6540a8409e6925dab94\/invoke.js\"><\/script><\/div><div class=\"excel-before-content\" id=\"excel-4229968597\"><script type=\"text\/javascript\">\r\n\tatOptions = {\r\n\t\t'key' : 'c1158f160081d6540a8409e6925dab94',\r\n\t\t'format' : 'iframe',\r\n\t\t'height' : 250,\r\n\t\t'width' : 300,\r\n\t\t'params' : {}\r\n\t};\r\n<\/script>\r\n<script type=\"text\/javascript\" src=\"\/\/www.highperformanceformat.com\/c1158f160081d6540a8409e6925dab94\/invoke.js\"><\/script><\/div> <p>No Excel, #VALOR! O erro ocorre quando o tipo do valor de entrada n\u00e3o est\u00e1 correto. Suponha que voc\u00ea queira adicionar dois n\u00fameros de duas c\u00e9lulas, mas na segunda c\u00e9lula o valor \u00e9 texto. Portanto, aqui n\u00e3o \u00e9 poss\u00edvel realizar este c\u00e1lculo porque voc\u00ea n\u00e3o pode adicionar um n\u00famero ou texto. <\/p><div class=\"wp-block-image\"><figure class=\"aligncenter size-full is-resized\"><img loading=\"lazy\" decoding=\"async\" class=\"wp-image-70013\" src=\"https:\/\/exceladvisor.org\/wp-content\/uploads\/2023\/08\/1-erreur-de-valeur-de-fixation.png\" sizes=\"auto, \" srcset=\"\" alt=\"corrigindo erro de valor\" width=\"503\" height=\"282\"><\/figure><\/div><h2 class=\"wp-block-heading\"> Etapas para corrigir #VALUE! Erro no Excel<\/h2><ol type=\"1\"><li> O primeiro passo para definir #VALUE! O erro \u00e9 verificar se os valores que voc\u00ea especificou na f\u00f3rmula est\u00e3o no tipo correto.<\/li><li> Verifique se o valor especificado em um argumento \u00e9 v\u00e1lido ou n\u00e3o. Por exemplo, se eu quiser extrair o <sup>25\u00ba<\/sup> caractere de um texto, mas esse texto tiver apenas 20 caracteres.<\/li><li> Depois disso, certifique-se de verificar as dimens\u00f5es das tabelas \u00e0s quais voc\u00ea se referiu. Por exemplo, em uma linha voc\u00ea tem 10 c\u00e9lulas e na segunda c\u00e9lula voc\u00ea tem 12 c\u00e9lulas. Isso tamb\u00e9m leva a #VALOR! erro.<\/li><li> Verifique se um valor em seus dados de entrada tem #VALUE! erro j\u00e1. Isso tamb\u00e9m pode levar a ter #VALOR! erro no resultado.<\/li><\/ol><p> Acima est\u00e3o algumas das verifica\u00e7\u00f5es iniciais que voc\u00ea pode fazer para corrigir o erro. Veremos agora alguns exemplos do mundo real para entender melhor.<\/p><h2 class=\"wp-block-heading\"> #VALOR! Erro com SUMPRODUCT<\/h2><p> No exemplo a seguir, usamos a fun\u00e7\u00e3o SUMPRODUCT e na segunda tabela nos referimos ao intervalo de dez c\u00e9lulas, e no segundo intervalo nos referimos erroneamente ao B1:B9 que possui 9 c\u00e9lulas. E isso leva a ter #VALOR! <\/p><div class=\"wp-block-image\"><figure class=\"aligncenter size-full is-resized\"><img loading=\"lazy\" decoding=\"async\" class=\"wp-image-70014\" src=\"https:\/\/exceladvisor.org\/wp-content\/uploads\/2023\/08\/2-erreur-de-valeur-avec-sumproduct.png\" sizes=\"auto, \" srcset=\"\" alt=\"valor de erro com somaproduto\" width=\"512\" height=\"374\"><\/figure><\/div><p> Isso tamb\u00e9m pode acontecer com outras fun\u00e7\u00f5es, como SUMIF, SUMIFS, AVERAGEIF e AVERAGEIFS.<\/p><h2 class=\"wp-block-heading\"> #VALOR! Erro ao trabalhar datas<\/h2><p> No exemplo a seguir, temos uma data na c\u00e9lula A1 que est\u00e1 armazenada como texto e no formato errado. Agora se tentarmos usar essa data em um c\u00e1lculo, ela retornar\u00e1 #VALOR! <\/p><div class=\"wp-block-image\"><figure class=\"aligncenter size-full is-resized\"><img loading=\"lazy\" decoding=\"async\" class=\"wp-image-70015\" src=\"https:\/\/exceladvisor.org\/wp-content\/uploads\/2023\/08\/3-erreur-de-valeur-pendant-les-dates-de-travail.png\" sizes=\"auto, \" srcset=\"\" alt=\"erro de valor durante datas de trabalho\" width=\"508\" height=\"266\"><\/figure><\/div><p> A raz\u00e3o \u00e9 que quando voc\u00ea tenta fazer um c\u00e1lculo e essa data \u00e9 um teste, essa fun\u00e7\u00e3o ou mesmo aquela f\u00f3rmula n\u00e3o consegue identificar essa data, mesmo que o formato da data seja leg\u00edvel por humanos.<\/p><h2 class=\"wp-block-heading\"> #VALOR! Ao incluir um valor de espa\u00e7o em um c\u00e1lculo<\/h2><p> No exemplo a seguir, quando tentei adicionar as c\u00e9lulas A1 e A2, obtive #VALUE! erro. <\/p><div class=\"wp-block-image\"><figure class=\"aligncenter size-full is-resized\"><img loading=\"lazy\" decoding=\"async\" class=\"wp-image-70016\" src=\"https:\/\/exceladvisor.org\/wp-content\/uploads\/2023\/08\/4-valeur-quand-inclure-la-valeur-de-lespace.png\" sizes=\"auto, \" srcset=\"\" alt=\"valor-quando-inclui-valor-espa\u00e7o\" width=\"422\" height=\"329\"><\/figure><\/div><p> O motivo \u00e9 este: na c\u00e9lula A1 temos um espa\u00e7o invis\u00edvel para qualquer usu\u00e1rio. E quando me referi a isso no c\u00e1lculo me deu #VALOR!<\/p><p> Ent\u00e3o aqui est\u00e3o alguns dos motivos pelos quais voc\u00ea pode estar enfrentando #VALOR! erro no Excel. Mas a melhor maneira de lidar com esse erro \u00e9 observar os valores aos quais voc\u00ea se referiu na f\u00f3rmula. <\/p><div class=\"gb-container gb-container-52dfcee1 gb-container-sample-file\"><h2 class=\"gb-headline gb-headline-e289c143 gb-headline-text gb-headline-4f7959c2\"> Obtenha o arquivo Excel<\/h2> <a class=\"gb-button gb-button-e88d6bee gb-button-text gb-button-button1\" href=\"https:\/\/exceladvisor.org\/wp-content\/uploads\/2023\/11\/corriger-lerreur-de-valeur.xlsx\" rel=\"nofollow\">Download<\/a><\/div><div class=\"gb-container gb-container-0df56012 gb-container-mt\"> <a class=\"gb-button gb-button-f9f432f4 gb-button-text gb-button-mt-button\" href=\"https:\/\/exceladvisor.org\/pt\/formulas\/\">Lista de f\u00f3rmulas do Excel<\/a><h2 class=\"gb-headline gb-headline-233444e8 gb-headline-text gb-headline-mt-heading\"> F\u00f3rmulas relacionadas <\/h2><div class=\"gb-grid-wrapper gb-grid-wrapper-a16fa65c gb-grid-wrapper-mt-grid\"><div class=\"gb-grid-column gb-grid-column-50d07e0d\"><div class=\"gb-container gb-container-50d07e0d\"><ul><li> <a href=\"https:\/\/exceladvisor.org\/pt\/erro-de-divisao\/\">Erro #DIV\/0<\/a><\/li><li> <a href=\"https:\/\/exceladvisor.org\/pt\/erro-de-derramamento\/\">#ESPALHAR! Erro<\/a><\/li><li> <a href=\"https:\/\/exceladvisor.org\/pt\/ignorar-erros\/\">Ignore todos os erros no Excel<\/a> <\/li><\/ul><\/div><\/div><div class=\"gb-grid-column gb-grid-column-5b4a0cf9\"><div class=\"gb-container gb-container-5b4a0cf9\"><ul><li> <a href=\"https:\/\/exceladvisor.org\/pt\/nao-ha-erro\/\">#N\/A Erro no Excel<\/a><\/li><li> <a href=\"https:\/\/exceladvisor.org\/pt\/erro-de-referencia\/\">#REF! Erro no Excel<\/a><\/li><\/ul><\/div><\/div><\/div><\/div>","protected":false},"excerpt":{"rendered":"","protected":false},"author":1,"featured_media":0,"parent":0,"menu_order":0,"comment_status":"open","ping_status":"closed","template":"","meta":{"ub_ctt_via":"","footnotes":""},"class_list":["post-335","page","type-page","status-publish","hentry"],"featured_image_src":null,"yoast_head":"<!-- This site is optimized with the Yoast SEO plugin v25.4 - https:\/\/yoast.com\/wordpress\/plugins\/seo\/ -->\n<title>Como corrigir #VALUE! Erro no Excel? - Consultor Excel<\/title>\n<meta name=\"description\" content=\"Neste tutorial de f\u00f3rmula voc\u00ea entende #VALOR! erro, quando somos confrontados com ele, e quais s\u00e3o as formas de remedi\u00e1-lo?\" \/>\n<meta name=\"robots\" content=\"index, follow, max-snippet:-1, max-image-preview:large, max-video-preview:-1\" \/>\n<link rel=\"canonical\" href=\"https:\/\/exceladvisor.org\/pt\/erro-de-valor\/\" \/>\n<meta property=\"og:locale\" content=\"pt_PT\" \/>\n<meta property=\"og:type\" content=\"article\" \/>\n<meta property=\"og:title\" content=\"Como corrigir #VALUE! Erro no Excel? - Consultor Excel\" \/>\n<meta property=\"og:description\" content=\"Neste tutorial de f\u00f3rmula voc\u00ea entende #VALOR! erro, quando somos confrontados com ele, e quais s\u00e3o as formas de remedi\u00e1-lo?\" \/>\n<meta property=\"og:url\" content=\"https:\/\/exceladvisor.org\/pt\/erro-de-valor\/\" \/>\n<meta property=\"og:site_name\" content=\"Excel Advisor\" \/>\n<meta property=\"article:modified_time\" content=\"2023-12-06T11:36:28+00:00\" \/>\n<meta property=\"og:image\" content=\"https:\/\/exceladvisor.org\/wp-content\/uploads\/2023\/08\/1-erreur-de-valeur-de-fixation.png\" \/>\n<meta name=\"twitter:card\" content=\"summary_large_image\" \/>\n<meta name=\"twitter:label1\" content=\"Tempo estimado de leitura\" \/>\n\t<meta name=\"twitter:data1\" content=\"2 minutos\" \/>\n<script type=\"application\/ld+json\" class=\"yoast-schema-graph\">{\"@context\":\"https:\/\/schema.org\",\"@graph\":[{\"@type\":\"WebPage\",\"@id\":\"https:\/\/exceladvisor.org\/pt\/erro-de-valor\/\",\"url\":\"https:\/\/exceladvisor.org\/pt\/erro-de-valor\/\",\"name\":\"Como corrigir #VALUE! Erro no Excel? - Consultor Excel\",\"isPartOf\":{\"@id\":\"https:\/\/exceladvisor.org\/pt\/#website\"},\"primaryImageOfPage\":{\"@id\":\"https:\/\/exceladvisor.org\/pt\/erro-de-valor\/#primaryimage\"},\"image\":{\"@id\":\"https:\/\/exceladvisor.org\/pt\/erro-de-valor\/#primaryimage\"},\"thumbnailUrl\":\"https:\/\/exceladvisor.org\/wp-content\/uploads\/2023\/08\/1-erreur-de-valeur-de-fixation.png\",\"datePublished\":\"2023-11-03T03:25:57+00:00\",\"dateModified\":\"2023-12-06T11:36:28+00:00\",\"description\":\"Neste tutorial de f\u00f3rmula voc\u00ea entende #VALOR! erro, quando somos confrontados com ele, e quais s\u00e3o as formas de remedi\u00e1-lo?\",\"breadcrumb\":{\"@id\":\"https:\/\/exceladvisor.org\/pt\/erro-de-valor\/#breadcrumb\"},\"inLanguage\":\"pt-PT\",\"potentialAction\":[{\"@type\":\"ReadAction\",\"target\":[\"https:\/\/exceladvisor.org\/pt\/erro-de-valor\/\"]}]},{\"@type\":\"ImageObject\",\"inLanguage\":\"pt-PT\",\"@id\":\"https:\/\/exceladvisor.org\/pt\/erro-de-valor\/#primaryimage\",\"url\":\"https:\/\/exceladvisor.org\/wp-content\/uploads\/2023\/08\/1-erreur-de-valeur-de-fixation.png\",\"contentUrl\":\"https:\/\/exceladvisor.org\/wp-content\/uploads\/2023\/08\/1-erreur-de-valeur-de-fixation.png\"},{\"@type\":\"BreadcrumbList\",\"@id\":\"https:\/\/exceladvisor.org\/pt\/erro-de-valor\/#breadcrumb\",\"itemListElement\":[{\"@type\":\"ListItem\",\"position\":1,\"name\":\"Lar\",\"item\":\"https:\/\/exceladvisor.org\/pt\/\"},{\"@type\":\"ListItem\",\"position\":2,\"name\":\"Como corrigir #value! erro no excel?\"}]},{\"@type\":\"WebSite\",\"@id\":\"https:\/\/exceladvisor.org\/pt\/#website\",\"url\":\"https:\/\/exceladvisor.org\/pt\/\",\"name\":\"Excel Advisor\",\"description\":\"O seu guia definitivo para dominar os dados!\",\"publisher\":{\"@id\":\"https:\/\/exceladvisor.org\/pt\/#organization\"},\"potentialAction\":[{\"@type\":\"SearchAction\",\"target\":{\"@type\":\"EntryPoint\",\"urlTemplate\":\"https:\/\/exceladvisor.org\/pt\/?s={search_term_string}\"},\"query-input\":{\"@type\":\"PropertyValueSpecification\",\"valueRequired\":true,\"valueName\":\"search_term_string\"}}],\"inLanguage\":\"pt-PT\"},{\"@type\":\"Organization\",\"@id\":\"https:\/\/exceladvisor.org\/pt\/#organization\",\"name\":\"Excel Advisor\",\"url\":\"https:\/\/exceladvisor.org\/pt\/\",\"logo\":{\"@type\":\"ImageObject\",\"inLanguage\":\"pt-PT\",\"@id\":\"https:\/\/exceladvisor.org\/pt\/#\/schema\/logo\/image\/\",\"url\":\"https:\/\/exceladvisor.org\/pt\/wp-content\/uploads\/2023\/12\/exceladvisor.org_.png\",\"contentUrl\":\"https:\/\/exceladvisor.org\/pt\/wp-content\/uploads\/2023\/12\/exceladvisor.org_.png\",\"width\":105,\"height\":36,\"caption\":\"Excel Advisor\"},\"image\":{\"@id\":\"https:\/\/exceladvisor.org\/pt\/#\/schema\/logo\/image\/\"}}]}<\/script>\n<!-- \/ Yoast SEO plugin. -->","yoast_head_json":{"title":"Como corrigir #VALUE! Erro no Excel? - Consultor Excel","description":"Neste tutorial de f\u00f3rmula voc\u00ea entende #VALOR! erro, quando somos confrontados com ele, e quais s\u00e3o as formas de remedi\u00e1-lo?","robots":{"index":"index","follow":"follow","max-snippet":"max-snippet:-1","max-image-preview":"max-image-preview:large","max-video-preview":"max-video-preview:-1"},"canonical":"https:\/\/exceladvisor.org\/pt\/erro-de-valor\/","og_locale":"pt_PT","og_type":"article","og_title":"Como corrigir #VALUE! Erro no Excel? - Consultor Excel","og_description":"Neste tutorial de f\u00f3rmula voc\u00ea entende #VALOR! erro, quando somos confrontados com ele, e quais s\u00e3o as formas de remedi\u00e1-lo?","og_url":"https:\/\/exceladvisor.org\/pt\/erro-de-valor\/","og_site_name":"Excel Advisor","article_modified_time":"2023-12-06T11:36:28+00:00","og_image":[{"url":"https:\/\/exceladvisor.org\/wp-content\/uploads\/2023\/08\/1-erreur-de-valeur-de-fixation.png","type":"","width":"","height":""}],"twitter_card":"summary_large_image","twitter_misc":{"Tempo estimado de leitura":"2 minutos"},"schema":{"@context":"https:\/\/schema.org","@graph":[{"@type":"WebPage","@id":"https:\/\/exceladvisor.org\/pt\/erro-de-valor\/","url":"https:\/\/exceladvisor.org\/pt\/erro-de-valor\/","name":"Como corrigir #VALUE! Erro no Excel? - Consultor Excel","isPartOf":{"@id":"https:\/\/exceladvisor.org\/pt\/#website"},"primaryImageOfPage":{"@id":"https:\/\/exceladvisor.org\/pt\/erro-de-valor\/#primaryimage"},"image":{"@id":"https:\/\/exceladvisor.org\/pt\/erro-de-valor\/#primaryimage"},"thumbnailUrl":"https:\/\/exceladvisor.org\/wp-content\/uploads\/2023\/08\/1-erreur-de-valeur-de-fixation.png","datePublished":"2023-11-03T03:25:57+00:00","dateModified":"2023-12-06T11:36:28+00:00","description":"Neste tutorial de f\u00f3rmula voc\u00ea entende #VALOR! erro, quando somos confrontados com ele, e quais s\u00e3o as formas de remedi\u00e1-lo?","breadcrumb":{"@id":"https:\/\/exceladvisor.org\/pt\/erro-de-valor\/#breadcrumb"},"inLanguage":"pt-PT","potentialAction":[{"@type":"ReadAction","target":["https:\/\/exceladvisor.org\/pt\/erro-de-valor\/"]}]},{"@type":"ImageObject","inLanguage":"pt-PT","@id":"https:\/\/exceladvisor.org\/pt\/erro-de-valor\/#primaryimage","url":"https:\/\/exceladvisor.org\/wp-content\/uploads\/2023\/08\/1-erreur-de-valeur-de-fixation.png","contentUrl":"https:\/\/exceladvisor.org\/wp-content\/uploads\/2023\/08\/1-erreur-de-valeur-de-fixation.png"},{"@type":"BreadcrumbList","@id":"https:\/\/exceladvisor.org\/pt\/erro-de-valor\/#breadcrumb","itemListElement":[{"@type":"ListItem","position":1,"name":"Lar","item":"https:\/\/exceladvisor.org\/pt\/"},{"@type":"ListItem","position":2,"name":"Como corrigir #value! erro no excel?"}]},{"@type":"WebSite","@id":"https:\/\/exceladvisor.org\/pt\/#website","url":"https:\/\/exceladvisor.org\/pt\/","name":"Excel Advisor","description":"O seu guia definitivo para dominar os dados!","publisher":{"@id":"https:\/\/exceladvisor.org\/pt\/#organization"},"potentialAction":[{"@type":"SearchAction","target":{"@type":"EntryPoint","urlTemplate":"https:\/\/exceladvisor.org\/pt\/?s={search_term_string}"},"query-input":{"@type":"PropertyValueSpecification","valueRequired":true,"valueName":"search_term_string"}}],"inLanguage":"pt-PT"},{"@type":"Organization","@id":"https:\/\/exceladvisor.org\/pt\/#organization","name":"Excel Advisor","url":"https:\/\/exceladvisor.org\/pt\/","logo":{"@type":"ImageObject","inLanguage":"pt-PT","@id":"https:\/\/exceladvisor.org\/pt\/#\/schema\/logo\/image\/","url":"https:\/\/exceladvisor.org\/pt\/wp-content\/uploads\/2023\/12\/exceladvisor.org_.png","contentUrl":"https:\/\/exceladvisor.org\/pt\/wp-content\/uploads\/2023\/12\/exceladvisor.org_.png","width":105,"height":36,"caption":"Excel Advisor"},"image":{"@id":"https:\/\/exceladvisor.org\/pt\/#\/schema\/logo\/image\/"}}]}},"yoast_meta":{"yoast_wpseo_title":"","yoast_wpseo_metadesc":"","yoast_wpseo_canonical":""},"_links":{"self":[{"href":"https:\/\/exceladvisor.org\/pt\/wp-json\/wp\/v2\/pages\/335","targetHints":{"allow":["GET"]}}],"collection":[{"href":"https:\/\/exceladvisor.org\/pt\/wp-json\/wp\/v2\/pages"}],"about":[{"href":"https:\/\/exceladvisor.org\/pt\/wp-json\/wp\/v2\/types\/page"}],"author":[{"embeddable":true,"href":"https:\/\/exceladvisor.org\/pt\/wp-json\/wp\/v2\/users\/1"}],"replies":[{"embeddable":true,"href":"https:\/\/exceladvisor.org\/pt\/wp-json\/wp\/v2\/comments?post=335"}],"version-history":[{"count":1,"href":"https:\/\/exceladvisor.org\/pt\/wp-json\/wp\/v2\/pages\/335\/revisions"}],"predecessor-version":[{"id":959,"href":"https:\/\/exceladvisor.org\/pt\/wp-json\/wp\/v2\/pages\/335\/revisions\/959"}],"wp:attachment":[{"href":"https:\/\/exceladvisor.org\/pt\/wp-json\/wp\/v2\/media?parent=335"}],"curies":[{"name":"wp","href":"https:\/\/api.w.org\/{rel}","templated":true}]}}