{"id":337,"date":"2023-11-03T02:55:32","date_gmt":"2023-11-03T02:55:32","guid":{"rendered":"https:\/\/exceladvisor.org\/pt\/simples-interesse\/"},"modified":"2023-12-06T11:35:08","modified_gmt":"2023-12-06T11:35:08","slug":"simples-interesse","status":"publish","type":"page","link":"https:\/\/exceladvisor.org\/pt\/simples-interesse\/","title":{"rendered":"Como calcular juros simples no excel?"},"content":{"rendered":"<div class=\"excel-before-content-2\" id=\"excel-2174131852\"><script type=\"text\/javascript\">\r\n\tatOptions = {\r\n\t\t'key' : 'c1158f160081d6540a8409e6925dab94',\r\n\t\t'format' : 'iframe',\r\n\t\t'height' : 250,\r\n\t\t'width' : 300,\r\n\t\t'params' : {}\r\n\t};\r\n<\/script>\r\n<script type=\"text\/javascript\" src=\"\/\/www.highperformanceformat.com\/c1158f160081d6540a8409e6925dab94\/invoke.js\"><\/script><\/div><div class=\"excel-before-content\" id=\"excel-4006021087\"><script type=\"text\/javascript\">\r\n\tatOptions = {\r\n\t\t'key' : 'c1158f160081d6540a8409e6925dab94',\r\n\t\t'format' : 'iframe',\r\n\t\t'height' : 250,\r\n\t\t'width' : 300,\r\n\t\t'params' : {}\r\n\t};\r\n<\/script>\r\n<script type=\"text\/javascript\" src=\"\/\/www.highperformanceformat.com\/c1158f160081d6540a8409e6925dab94\/invoke.js\"><\/script><\/div> <p>Para calcular juros simples no Excel, voc\u00ea precisa usar uma f\u00f3rmula simples. Nesta f\u00f3rmula, voc\u00ea deve ter o valor do principal, a taxa de juros e a dura\u00e7\u00e3o dos juros, e ent\u00e3o deve multiplicar tudo isso para obter o valor final dos juros no resultado.<\/p><p> No exemplo a seguir, temos valores que voc\u00ea pode usar para calcular juros. <\/p><div class=\"wp-block-image\"><figure class=\"aligncenter size-full is-resized\"><img loading=\"lazy\" decoding=\"async\" class=\"wp-image-69897\" src=\"https:\/\/exceladvisor.org\/wp-content\/uploads\/2023\/08\/1-valeur-pour-calculer-linteret-simple.png\" sizes=\"auto, \" srcset=\"\" alt=\"valor para calcular juros simples\" width=\"437\" height=\"284\"><\/figure><\/div><h2 class=\"wp-block-heading\"> Passos para calcular juros simples<\/h2><ol type=\"1\"><li> Primeiro, em uma c\u00e9lula, insira um sinal \u201c=\u201d.<\/li><li> A seguir, consulte o valor do principal e insira um asterisco para multiplicar.<\/li><li> Depois disso, consulte a taxa de juros (que deve ser expressa em percentual).<\/li><li> Agora insira um asterisco novamente para multiplicar e referir-se ao valor do termo.<\/li><li> Ao final, pressione Enter para obter o valor dos juros simples na c\u00e9lula. <\/li><\/ol><div class=\"wp-block-image\"><figure class=\"aligncenter size-full is-resized\"><img loading=\"lazy\" decoding=\"async\" class=\"wp-image-69898\" src=\"https:\/\/exceladvisor.org\/wp-content\/uploads\/2023\/08\/2-calculer-linteret-simple.png\" sizes=\"auto, \" srcset=\"\" alt=\"calcular juros simples\" width=\"489\" height=\"386\"><\/figure><\/div><p> Ent\u00e3o, aqui est\u00e1 a f\u00f3rmula que usamos neste c\u00e1lculo. <\/p><div class=\"wp-block-image\"><figure class=\"aligncenter size-full is-resized\"><img loading=\"lazy\" decoding=\"async\" class=\"wp-image-69899\" src=\"https:\/\/exceladvisor.org\/wp-content\/uploads\/2023\/08\/Fractionnement-en-3-interets-simples.png\" sizes=\"auto, \" srcset=\"\" alt=\"f\u00f3rmula de divis\u00e3o de juros simples\" width=\"787\" height=\"87\"><\/figure><\/div><p> Entenda esta f\u00f3rmula e o interesse que ela traz. Temos que dividir em cinco partes porque usamos cinco anos como prazo de c\u00e1lculo.<\/p><p> \u00c0 medida que calculamos os juros simples a cada ano ao longo do prazo, obtemos um valor igual. Ele retorna 350.000 no resultado, o que significa 70.000 por ano porque usamos 5 anos. Isso significa 350.000\/5 = 70.000 por ano. <\/p><div class=\"gb-container gb-container-52dfcee1 gb-container-sample-file\"><h2 class=\"gb-headline gb-headline-e289c143 gb-headline-text gb-headline-4f7959c2\"> Obtenha o arquivo Excel<\/h2><p> <a class=\"gb-button gb-button-e88d6bee gb-button-text gb-button-button1\" href=\"https:\/\/exceladvisor.org\/wp-content\/uploads\/2023\/11\/interet-simple-2.xlsx\" rel=\"nofollow\">Download<\/a><\/p><\/div><div class=\"gb-container gb-container-0df56012 gb-container-mt\"> <a class=\"gb-button gb-button-f9f432f4 gb-button-text gb-button-mt-button\" href=\"https:\/\/exceladvisor.org\/pt\/formulas\/\">Lista de f\u00f3rmulas do Excel<\/a><h2 class=\"gb-headline gb-headline-233444e8 gb-headline-text gb-headline-mt-heading\"> F\u00f3rmulas relacionadas <\/h2><div class=\"gb-grid-wrapper gb-grid-wrapper-a16fa65c gb-grid-wrapper-mt-grid\"><div class=\"gb-grid-column gb-grid-column-50d07e0d\"><div class=\"gb-container gb-container-50d07e0d\"><ul><li> <a href=\"https:\/\/exceladvisor.org\/pt\/juros-compostos\/\">Calcule juros compostos no Excel<\/a><\/li><li> <a href=\"https:\/\/exceladvisor.org\/pt\/margem-de-lucro\/\">Lucro bruto (margem e propor\u00e7\u00e3o)<\/a><\/li><li> <a href=\"https:\/\/exceladvisor.org\/pt\/cuba\/\">Calcular o IVA<\/a> <\/li><\/ul><\/div><\/div><div class=\"gb-grid-column gb-grid-column-5b4a0cf9\"><div class=\"gb-container gb-container-5b4a0cf9\"><\/div><\/div><\/div><\/div>","protected":false},"excerpt":{"rendered":"","protected":false},"author":1,"featured_media":0,"parent":0,"menu_order":0,"comment_status":"open","ping_status":"closed","template":"","meta":{"ub_ctt_via":"","footnotes":""},"class_list":["post-337","page","type-page","status-publish","hentry"],"featured_image_src":null,"yoast_head":"<!-- This site is optimized with the Yoast SEO plugin v25.4 - https:\/\/yoast.com\/wordpress\/plugins\/seo\/ -->\n<title>Como calcular juros simples no Excel? (\u00daltimo 2023)<\/title>\n<meta name=\"description\" content=\"Neste tutorial de f\u00f3rmula, aprenderemos detalhadamente como calcular juros simples no Excel usando um m\u00e9todo f\u00e1cil de usar.\" \/>\n<meta name=\"robots\" content=\"index, follow, max-snippet:-1, max-image-preview:large, max-video-preview:-1\" \/>\n<link rel=\"canonical\" href=\"https:\/\/exceladvisor.org\/pt\/simples-interesse\/\" \/>\n<meta property=\"og:locale\" content=\"pt_PT\" \/>\n<meta property=\"og:type\" content=\"article\" \/>\n<meta property=\"og:title\" content=\"Como calcular juros simples no Excel? (\u00daltimo 2023)\" \/>\n<meta property=\"og:description\" content=\"Neste tutorial de f\u00f3rmula, aprenderemos detalhadamente como calcular juros simples no Excel usando um m\u00e9todo f\u00e1cil de usar.\" \/>\n<meta property=\"og:url\" content=\"https:\/\/exceladvisor.org\/pt\/simples-interesse\/\" \/>\n<meta property=\"og:site_name\" content=\"Excel Advisor\" \/>\n<meta property=\"article:modified_time\" content=\"2023-12-06T11:35:08+00:00\" \/>\n<meta property=\"og:image\" content=\"https:\/\/exceladvisor.org\/wp-content\/uploads\/2023\/08\/1-valeur-pour-calculer-linteret-simple.png\" \/>\n<meta name=\"twitter:card\" content=\"summary_large_image\" \/>\n<meta name=\"twitter:label1\" content=\"Tempo estimado de leitura\" \/>\n\t<meta name=\"twitter:data1\" content=\"1 minuto\" \/>\n<script type=\"application\/ld+json\" class=\"yoast-schema-graph\">{\"@context\":\"https:\/\/schema.org\",\"@graph\":[{\"@type\":\"WebPage\",\"@id\":\"https:\/\/exceladvisor.org\/pt\/simples-interesse\/\",\"url\":\"https:\/\/exceladvisor.org\/pt\/simples-interesse\/\",\"name\":\"Como calcular juros simples no Excel? (\u00daltimo 2023)\",\"isPartOf\":{\"@id\":\"https:\/\/exceladvisor.org\/pt\/#website\"},\"primaryImageOfPage\":{\"@id\":\"https:\/\/exceladvisor.org\/pt\/simples-interesse\/#primaryimage\"},\"image\":{\"@id\":\"https:\/\/exceladvisor.org\/pt\/simples-interesse\/#primaryimage\"},\"thumbnailUrl\":\"https:\/\/exceladvisor.org\/wp-content\/uploads\/2023\/08\/1-valeur-pour-calculer-linteret-simple.png\",\"datePublished\":\"2023-11-03T02:55:32+00:00\",\"dateModified\":\"2023-12-06T11:35:08+00:00\",\"description\":\"Neste tutorial de f\u00f3rmula, aprenderemos detalhadamente como calcular juros simples no Excel usando um m\u00e9todo f\u00e1cil de usar.\",\"breadcrumb\":{\"@id\":\"https:\/\/exceladvisor.org\/pt\/simples-interesse\/#breadcrumb\"},\"inLanguage\":\"pt-PT\",\"potentialAction\":[{\"@type\":\"ReadAction\",\"target\":[\"https:\/\/exceladvisor.org\/pt\/simples-interesse\/\"]}]},{\"@type\":\"ImageObject\",\"inLanguage\":\"pt-PT\",\"@id\":\"https:\/\/exceladvisor.org\/pt\/simples-interesse\/#primaryimage\",\"url\":\"https:\/\/exceladvisor.org\/wp-content\/uploads\/2023\/08\/1-valeur-pour-calculer-linteret-simple.png\",\"contentUrl\":\"https:\/\/exceladvisor.org\/wp-content\/uploads\/2023\/08\/1-valeur-pour-calculer-linteret-simple.png\"},{\"@type\":\"BreadcrumbList\",\"@id\":\"https:\/\/exceladvisor.org\/pt\/simples-interesse\/#breadcrumb\",\"itemListElement\":[{\"@type\":\"ListItem\",\"position\":1,\"name\":\"Lar\",\"item\":\"https:\/\/exceladvisor.org\/pt\/\"},{\"@type\":\"ListItem\",\"position\":2,\"name\":\"Como calcular juros simples no excel?\"}]},{\"@type\":\"WebSite\",\"@id\":\"https:\/\/exceladvisor.org\/pt\/#website\",\"url\":\"https:\/\/exceladvisor.org\/pt\/\",\"name\":\"Excel Advisor\",\"description\":\"O seu guia definitivo para dominar os dados!\",\"publisher\":{\"@id\":\"https:\/\/exceladvisor.org\/pt\/#organization\"},\"potentialAction\":[{\"@type\":\"SearchAction\",\"target\":{\"@type\":\"EntryPoint\",\"urlTemplate\":\"https:\/\/exceladvisor.org\/pt\/?s={search_term_string}\"},\"query-input\":{\"@type\":\"PropertyValueSpecification\",\"valueRequired\":true,\"valueName\":\"search_term_string\"}}],\"inLanguage\":\"pt-PT\"},{\"@type\":\"Organization\",\"@id\":\"https:\/\/exceladvisor.org\/pt\/#organization\",\"name\":\"Excel Advisor\",\"url\":\"https:\/\/exceladvisor.org\/pt\/\",\"logo\":{\"@type\":\"ImageObject\",\"inLanguage\":\"pt-PT\",\"@id\":\"https:\/\/exceladvisor.org\/pt\/#\/schema\/logo\/image\/\",\"url\":\"https:\/\/exceladvisor.org\/pt\/wp-content\/uploads\/2023\/12\/exceladvisor.org_.png\",\"contentUrl\":\"https:\/\/exceladvisor.org\/pt\/wp-content\/uploads\/2023\/12\/exceladvisor.org_.png\",\"width\":105,\"height\":36,\"caption\":\"Excel Advisor\"},\"image\":{\"@id\":\"https:\/\/exceladvisor.org\/pt\/#\/schema\/logo\/image\/\"}}]}<\/script>\n<!-- \/ Yoast SEO plugin. -->","yoast_head_json":{"title":"Como calcular juros simples no Excel? (\u00daltimo 2023)","description":"Neste tutorial de f\u00f3rmula, aprenderemos detalhadamente como calcular juros simples no Excel usando um m\u00e9todo f\u00e1cil de usar.","robots":{"index":"index","follow":"follow","max-snippet":"max-snippet:-1","max-image-preview":"max-image-preview:large","max-video-preview":"max-video-preview:-1"},"canonical":"https:\/\/exceladvisor.org\/pt\/simples-interesse\/","og_locale":"pt_PT","og_type":"article","og_title":"Como calcular juros simples no Excel? (\u00daltimo 2023)","og_description":"Neste tutorial de f\u00f3rmula, aprenderemos detalhadamente como calcular juros simples no Excel usando um m\u00e9todo f\u00e1cil de usar.","og_url":"https:\/\/exceladvisor.org\/pt\/simples-interesse\/","og_site_name":"Excel Advisor","article_modified_time":"2023-12-06T11:35:08+00:00","og_image":[{"url":"https:\/\/exceladvisor.org\/wp-content\/uploads\/2023\/08\/1-valeur-pour-calculer-linteret-simple.png","type":"","width":"","height":""}],"twitter_card":"summary_large_image","twitter_misc":{"Tempo estimado de leitura":"1 minuto"},"schema":{"@context":"https:\/\/schema.org","@graph":[{"@type":"WebPage","@id":"https:\/\/exceladvisor.org\/pt\/simples-interesse\/","url":"https:\/\/exceladvisor.org\/pt\/simples-interesse\/","name":"Como calcular juros simples no Excel? (\u00daltimo 2023)","isPartOf":{"@id":"https:\/\/exceladvisor.org\/pt\/#website"},"primaryImageOfPage":{"@id":"https:\/\/exceladvisor.org\/pt\/simples-interesse\/#primaryimage"},"image":{"@id":"https:\/\/exceladvisor.org\/pt\/simples-interesse\/#primaryimage"},"thumbnailUrl":"https:\/\/exceladvisor.org\/wp-content\/uploads\/2023\/08\/1-valeur-pour-calculer-linteret-simple.png","datePublished":"2023-11-03T02:55:32+00:00","dateModified":"2023-12-06T11:35:08+00:00","description":"Neste tutorial de f\u00f3rmula, aprenderemos detalhadamente como calcular juros simples no Excel usando um m\u00e9todo f\u00e1cil de usar.","breadcrumb":{"@id":"https:\/\/exceladvisor.org\/pt\/simples-interesse\/#breadcrumb"},"inLanguage":"pt-PT","potentialAction":[{"@type":"ReadAction","target":["https:\/\/exceladvisor.org\/pt\/simples-interesse\/"]}]},{"@type":"ImageObject","inLanguage":"pt-PT","@id":"https:\/\/exceladvisor.org\/pt\/simples-interesse\/#primaryimage","url":"https:\/\/exceladvisor.org\/wp-content\/uploads\/2023\/08\/1-valeur-pour-calculer-linteret-simple.png","contentUrl":"https:\/\/exceladvisor.org\/wp-content\/uploads\/2023\/08\/1-valeur-pour-calculer-linteret-simple.png"},{"@type":"BreadcrumbList","@id":"https:\/\/exceladvisor.org\/pt\/simples-interesse\/#breadcrumb","itemListElement":[{"@type":"ListItem","position":1,"name":"Lar","item":"https:\/\/exceladvisor.org\/pt\/"},{"@type":"ListItem","position":2,"name":"Como calcular juros simples no excel?"}]},{"@type":"WebSite","@id":"https:\/\/exceladvisor.org\/pt\/#website","url":"https:\/\/exceladvisor.org\/pt\/","name":"Excel Advisor","description":"O seu guia definitivo para dominar os dados!","publisher":{"@id":"https:\/\/exceladvisor.org\/pt\/#organization"},"potentialAction":[{"@type":"SearchAction","target":{"@type":"EntryPoint","urlTemplate":"https:\/\/exceladvisor.org\/pt\/?s={search_term_string}"},"query-input":{"@type":"PropertyValueSpecification","valueRequired":true,"valueName":"search_term_string"}}],"inLanguage":"pt-PT"},{"@type":"Organization","@id":"https:\/\/exceladvisor.org\/pt\/#organization","name":"Excel Advisor","url":"https:\/\/exceladvisor.org\/pt\/","logo":{"@type":"ImageObject","inLanguage":"pt-PT","@id":"https:\/\/exceladvisor.org\/pt\/#\/schema\/logo\/image\/","url":"https:\/\/exceladvisor.org\/pt\/wp-content\/uploads\/2023\/12\/exceladvisor.org_.png","contentUrl":"https:\/\/exceladvisor.org\/pt\/wp-content\/uploads\/2023\/12\/exceladvisor.org_.png","width":105,"height":36,"caption":"Excel Advisor"},"image":{"@id":"https:\/\/exceladvisor.org\/pt\/#\/schema\/logo\/image\/"}}]}},"yoast_meta":{"yoast_wpseo_title":"","yoast_wpseo_metadesc":"","yoast_wpseo_canonical":""},"_links":{"self":[{"href":"https:\/\/exceladvisor.org\/pt\/wp-json\/wp\/v2\/pages\/337","targetHints":{"allow":["GET"]}}],"collection":[{"href":"https:\/\/exceladvisor.org\/pt\/wp-json\/wp\/v2\/pages"}],"about":[{"href":"https:\/\/exceladvisor.org\/pt\/wp-json\/wp\/v2\/types\/page"}],"author":[{"embeddable":true,"href":"https:\/\/exceladvisor.org\/pt\/wp-json\/wp\/v2\/users\/1"}],"replies":[{"embeddable":true,"href":"https:\/\/exceladvisor.org\/pt\/wp-json\/wp\/v2\/comments?post=337"}],"version-history":[{"count":1,"href":"https:\/\/exceladvisor.org\/pt\/wp-json\/wp\/v2\/pages\/337\/revisions"}],"predecessor-version":[{"id":881,"href":"https:\/\/exceladvisor.org\/pt\/wp-json\/wp\/v2\/pages\/337\/revisions\/881"}],"wp:attachment":[{"href":"https:\/\/exceladvisor.org\/pt\/wp-json\/wp\/v2\/media?parent=337"}],"curies":[{"name":"wp","href":"https:\/\/api.w.org\/{rel}","templated":true}]}}