{"id":339,"date":"2023-11-02T23:10:23","date_gmt":"2023-11-02T23:10:23","guid":{"rendered":"https:\/\/exceladvisor.org\/pt\/consolidar\/"},"modified":"2023-12-06T11:35:31","modified_gmt":"2023-12-06T11:35:31","slug":"consolidar","status":"publish","type":"page","link":"https:\/\/exceladvisor.org\/pt\/consolidar\/","title":{"rendered":"Como consolidar v\u00e1rios dados de planilhas?"},"content":{"rendered":"<div class=\"excel-before-content-2\" id=\"excel-2550561114\"><script type=\"text\/javascript\">\r\n\tatOptions = {\r\n\t\t'key' : 'c1158f160081d6540a8409e6925dab94',\r\n\t\t'format' : 'iframe',\r\n\t\t'height' : 250,\r\n\t\t'width' : 300,\r\n\t\t'params' : {}\r\n\t};\r\n<\/script>\r\n<script type=\"text\/javascript\" src=\"\/\/www.highperformanceformat.com\/c1158f160081d6540a8409e6925dab94\/invoke.js\"><\/script><\/div><div class=\"excel-before-content\" id=\"excel-4163849414\"><script type=\"text\/javascript\">\r\n\tatOptions = {\r\n\t\t'key' : 'c1158f160081d6540a8409e6925dab94',\r\n\t\t'format' : 'iframe',\r\n\t\t'height' : 250,\r\n\t\t'width' : 300,\r\n\t\t'params' : {}\r\n\t};\r\n<\/script>\r\n<script type=\"text\/javascript\" src=\"\/\/www.highperformanceformat.com\/c1158f160081d6540a8409e6925dab94\/invoke.js\"><\/script><\/div> <p class=\"has-text-align-left\">Quando comecei a usar o Excel, eu era muito ruim em consolidar dados. Se voc\u00ea me pedisse para capturar dados de vendas de quatro \u00e1reas diferentes, eu criaria quatro planilhas diferentes para isso.<\/p><p> Sim, eu era t\u00e3o ruim. Mas voc\u00ea sempre aprende com seus erros. Estou certo?<\/p><p> E se voc\u00ea est\u00e1 cometendo os mesmos erros que eu, tenho alguns conselhos incr\u00edveis para voc\u00ea. Uma das melhores op\u00e7\u00f5es do Excel que aprendi sobre gerenciamento de dados \u00e9 \u201cconsolidar dados de v\u00e1rias planilhas em uma \u00fanica planilha\u201d.<\/p><h2 id=\"h-consolidate-data-in-excel-from-multiple-worksheets-steps\" class=\"wp-block-heading\"> Como consolidar v\u00e1rios dados de planilhas? [Passos]<\/h2><p> Aqui voc\u00ea tem essas quatro planilhas ( <a href=\"https:\/\/exceladvisor.org\/wp-content\/uploads\/2023\/11\/consolider-plusieurs-feuilles-de-calcul.xlsx\" rel=\"nofollow\">BAIXE este arquivo aqui<\/a> ) para quatro \u00e1reas diferentes que possuem a mesma estrutura. <\/p><div class=\"wp-block-image\"><figure class=\"aligncenter\"><img decoding=\"async\" src=\"https:\/\/exceladvisor.org\/wp-content\/uploads\/2023\/08\/consolider-les-donnees-de-plusieurs-feuilles-de-calcul-dans-une-seule-feuille-de-calcul-quatre-feuilles-avec-les-memes-donnees-1.png\" sizes=\"\" srcset=\"\" alt=\"consolidar dados de v\u00e1rias planilhas em uma \u00fanica planilha de quatro planilhas com os mesmos dados\"><\/figure><\/div><p> Aqui est\u00e3o as etapas a seguir para consolidar os dados dessas v\u00e1rias guias.<\/p><ul><li> Primeiro, <a href=\"https:\/\/exceladvisor.org\/pt\/adicionar\/\" data-wpil=\"url\">insira uma nova planilha<\/a> e nomeie-a como \u201cTotal\u201d (ou o que voc\u00ea quiser) e selecione a c\u00e9lula A1 nessa planilha. <\/li><\/ul><div class=\"wp-block-image\"><figure class=\"aligncenter\"><img decoding=\"async\" src=\"https:\/\/exceladvisor.org\/wp-content\/uploads\/2023\/08\/consolider-les-donnees-de-plusieurs-feuilles-de-calcul-dans-une-seule-feuille-de-calcul-quatre-feuilles-1.png\" sizes=\"\" srcset=\"\" alt=\"consolidar dados de v\u00e1rias planilhas em uma \u00fanica planilha de quatro planilhas\"><\/figure><\/div><ul><li> Agora v\u00e1 para a guia Dados \u279c Ferramentas de Dados \u279c Consolidar. <\/li><\/ul><div class=\"wp-block-image\"><figure class=\"aligncenter\"><img decoding=\"async\" src=\"https:\/\/exceladvisor.org\/wp-content\/uploads\/2023\/08\/consolider-les-donnees-de-plusieurs-feuilles-de-calcul-dans-une-seule-feuille-de-calcul-cliquez-sur-loption-de-consolidation-min-1.png\" sizes=\"\" srcset=\"\" alt=\"consolidar dados de v\u00e1rias planilhas em uma \u00fanica planilha clique em consolidar\"><\/figure><\/div><ul><li> Ao clicar em consolidar voc\u00ea ter\u00e1 uma janela como esta (Basta seguir os passos, por enquanto explicarei esta janela na segunda parte deste post). <\/li><\/ul><div class=\"wp-block-image\"><figure class=\"aligncenter\"><img decoding=\"async\" src=\"https:\/\/exceladvisor.org\/wp-content\/uploads\/2023\/08\/consolider-les-donnees-de-plusieurs-feuilles-de-calcul-dans-une-seule-feuille-de-calcul-fenetre-de-consolidation-min-1.png\" sizes=\"\" srcset=\"\" alt=\"consolidar dados de v\u00e1rias planilhas em uma \u00fanica janela de consolida\u00e7\u00e3o m\u00ednima de planilha\"><\/figure><\/div><ul><li> Agora, atrav\u00e9s da caixa de entrada \u201cRefer\u00eancia\u201d, selecione os dados a serem estendidos da primeira planilha onde voc\u00ea possui dados (zona norte). <\/li><\/ul><div class=\"wp-block-image\"><figure class=\"aligncenter\"><img decoding=\"async\" src=\"https:\/\/exceladvisor.org\/wp-content\/uploads\/2023\/08\/consolider-les-donnees-de-plusieurs-feuilles-de-calcul-dans-une-seule-feuille-de-calcul-selectionner-la-reference-1.png\" sizes=\"\" srcset=\"\" alt=\"consolidar dados de v\u00e1rias planilhas em uma \u00fanica refer\u00eancia de sele\u00e7\u00e3o de planilha\"><\/figure><\/div><ul><li> Depois disso, clique em \u201cAdicionar\u201d. <\/li><\/ul><div class=\"wp-block-image\"><figure class=\"aligncenter\"><img decoding=\"async\" src=\"https:\/\/exceladvisor.org\/wp-content\/uploads\/2023\/08\/consolider-les-donnees-de-plusieurs-feuilles-de-calcul-dans-une-seule-feuille-de-calcul-ajouter-une-reference-pour-le-nord-1.png\" sizes=\"\" srcset=\"\" alt=\"consolidar dados de v\u00e1rias planilhas em uma \u00fanica planilha adicionar refer\u00eancia para o norte\"><\/figure><\/div><ul><li> Usando o mesmo m\u00e9todo, adicione refer\u00eancias de todas as quatro planilhas. <\/li><\/ul><div class=\"wp-block-image\"><figure class=\"aligncenter\"><img decoding=\"async\" src=\"https:\/\/exceladvisor.org\/wp-content\/uploads\/2023\/08\/consolider-les-donnees-de-plusieurs-feuilles-de-calcul-dans-une-seule-feuille-de-calcul-ajouter-une-reference-1.png\" sizes=\"\" srcset=\"\" alt=\"consolidar dados de v\u00e1rias planilhas em uma \u00fanica planilha adicionar refer\u00eancia\"><\/figure><\/div><ul><li> Agora, na parte inferior da janela, marque \u201cLinha superior\u201d e \u201cColuna esquerda\u201d (pois temos r\u00f3tulos na primeira linha e na primeira coluna). <\/li><\/ul><div class=\"wp-block-image\"><figure class=\"aligncenter\"><img decoding=\"async\" src=\"https:\/\/exceladvisor.org\/wp-content\/uploads\/2023\/08\/consolider-les-donnees-de-plusieurs-feuilles-de-calcul-dans-une-seule-feuille-de-calcul-avec-loption-de-consolidation-1.png\" sizes=\"\" srcset=\"\" alt=\"\"><\/figure><\/div><ul><li> Clique OK.<\/li><\/ul><p> Depois de clicar em OK, voc\u00ea obter\u00e1 instantaneamente uma tabela de dados consolidados com a mesma estrutura. <\/p><div class=\"wp-block-image\"><figure class=\"aligncenter\"><img decoding=\"async\" src=\"https:\/\/exceladvisor.org\/wp-content\/uploads\/2023\/08\/consolider-les-donnees-de-plusieurs-feuilles-de-calcul-dans-une-seule-feuille-de-calcul-donnees-copiees-1.png\" sizes=\"\" srcset=\"\" alt=\"consolidar dados de v\u00e1rias planilhas em uma \u00fanica planilha de dados copiados\"><\/figure><\/div><p> Adicione um cabe\u00e7alho de tabela na c\u00e9lula A1 e voc\u00ea tamb\u00e9m pode usar <a href=\"https:\/\/exceladvisor.org\/pt\/formato-de-pintor\/\" target=\"_blank\" rel=\"noopener noreferrer\">o pintor de formatos<\/a> para copiar a formata\u00e7\u00e3o de outras planilhas. <\/p><div class=\"wp-block-image\"><figure class=\"aligncenter\"><img decoding=\"async\" src=\"https:\/\/exceladvisor.org\/wp-content\/uploads\/2023\/08\/consolider-les-donnees-de-plusieurs-feuilles-de-calcul-dans-une-seule-feuille-de-calcul-ajouter-une-mise-en-forme-1.png\" sizes=\"\" srcset=\"\" alt=\"consolidar dados de v\u00e1rias planilhas em uma \u00fanica planilha adicionar formata\u00e7\u00e3o\"><\/figure><\/div><p> Por fim, voc\u00ea tem uma planilha com dados consolidados.<\/p><h2 id=\"h-other-options-in-consolidate\" class=\"wp-block-heading\"> Outras op\u00e7\u00f5es em Consolidar<\/h2><p> Consolidar \u00e9 uma ferramenta \u00fatil para consolidar v\u00e1rias planilhas em uma \u00fanica planilha, mas temos muitas outras coisas l\u00e1. Deixe-me explic\u00e1-los um por um.<\/p><ol><li> <strong><span style=\"color: #000000;\">Fun\u00e7\u00e3o<\/span><\/strong> <span style=\"color: #000000;\">:<\/span> Voc\u00ea pode selecionar uma fun\u00e7\u00e3o neste menu suspenso (soma, contagem, m\u00e9dia, etc.).<\/li><li> <strong><span style=\"color: #000000;\">Refer\u00eancia:<\/span><\/strong> Selecione o intervalo de dados nas planilhas que deseja consolidar.<\/li><li> <strong><span style=\"color: #000000;\">Navegar:<\/span><\/strong> Se desejar adicionar uma planilha que esteja em outra pasta de trabalho, voc\u00ea pode usar esta op\u00e7\u00e3o.<\/li><li> <strong>Adicionar e remover<\/strong> : adicione ou remova refer\u00eancias selecionadas da lista de planilhas a serem mescladas.<\/li><li> <strong>Linha superior<\/strong> : use a linha superior como r\u00f3tulo.<\/li><li> <strong>Coluna esquerda<\/strong> : use a coluna esquerda como r\u00f3tulo.<\/li><li> <strong>Criar links para dados de origem<\/strong> : se voc\u00ea deseja criar links para seus dados de origem, marque esta op\u00e7\u00e3o. Isso \u00e9 \u00fatil se voc\u00ea quiser fazer altera\u00e7\u00f5es nos dados de origem ap\u00f3s criar sua planilha consolidada. <\/li><\/ol><div class=\"gb-container gb-container-3044ba66 gb-container-mt\"><p class=\"gb-headline gb-headline-b5bb6270 gb-headline-text\"> <strong><a href=\"https:\/\/exceladvisor.org\/pt\/nocoes-basicas-de-excel\/\">No\u00e7\u00f5es b\u00e1sicas do Excel<\/a><\/strong> \/ <strong><a href=\"https:\/\/exceladvisor.org\/pt\/planilha\/\" data-wpil=\"url\">planilha do Excel<\/a><\/strong><\/p><h2 class=\"gb-headline gb-headline-819d540d gb-headline-text gb-headline-mt-heading\"> Mais tutoriais <\/h2><div class=\"gb-grid-wrapper gb-grid-wrapper-7f3d805a gb-grid-wrapper-mt-grid\"><div class=\"gb-grid-column gb-grid-column-7495e031\"><div class=\"gb-container gb-container-7495e031\"><ul><li> <a href=\"https:\/\/exceladvisor.org\/pt\/renomear\/\">Renomear planilha no Excel<\/a><\/li><li> <a href=\"https:\/\/exceladvisor.org\/pt\/grupo-1\/\">Planilhas de grupo no Excel<\/a><\/li><li> <a href=\"https:\/\/exceladvisor.org\/pt\/veja-lado-a-lado\/\">Visualize duas planilhas lado a lado no Excel<\/a><\/li><li> <a href=\"https:\/\/exceladvisor.org\/pt\/adicionar\/\">Adicionar uma planilha no Excel<\/a> <\/li><\/ul><\/div><\/div><div class=\"gb-grid-column gb-grid-column-530ab33a\"><div class=\"gb-container gb-container-530ab33a\"><\/div><\/div><\/div><\/div>","protected":false},"excerpt":{"rendered":"","protected":false},"author":1,"featured_media":0,"parent":0,"menu_order":0,"comment_status":"open","ping_status":"closed","template":"","meta":{"ub_ctt_via":"","footnotes":""},"class_list":["post-339","page","type-page","status-publish","hentry"],"featured_image_src":null,"yoast_head":"<!-- This site is optimized with the Yoast SEO plugin v25.4 - https:\/\/yoast.com\/wordpress\/plugins\/seo\/ -->\n<title>Como consolidar v\u00e1rios dados de planilhas?<\/title>\n<meta name=\"description\" content=\"Uma das melhores op\u00e7\u00f5es do Excel que aprendi sobre gerenciamento de dados \u00e9 &quot;consolidar dados de v\u00e1rias planilhas...\" \/>\n<meta name=\"robots\" content=\"index, follow, max-snippet:-1, max-image-preview:large, max-video-preview:-1\" \/>\n<link rel=\"canonical\" href=\"https:\/\/exceladvisor.org\/pt\/consolidar\/\" \/>\n<meta property=\"og:locale\" content=\"pt_PT\" \/>\n<meta property=\"og:type\" content=\"article\" \/>\n<meta property=\"og:title\" content=\"Como consolidar v\u00e1rios dados de planilhas?\" \/>\n<meta property=\"og:description\" content=\"Uma das melhores op\u00e7\u00f5es do Excel que aprendi sobre gerenciamento de dados \u00e9 &quot;consolidar dados de v\u00e1rias planilhas...\" \/>\n<meta property=\"og:url\" content=\"https:\/\/exceladvisor.org\/pt\/consolidar\/\" \/>\n<meta property=\"og:site_name\" content=\"Excel Advisor\" \/>\n<meta property=\"article:modified_time\" content=\"2023-12-06T11:35:31+00:00\" \/>\n<meta property=\"og:image\" content=\"https:\/\/exceladvisor.org\/wp-content\/uploads\/2023\/08\/consolider-les-donnees-de-plusieurs-feuilles-de-calcul-dans-une-seule-feuille-de-calcul-quatre-feuilles-avec-les-memes-donnees-1.png\" \/>\n<meta name=\"twitter:card\" content=\"summary_large_image\" \/>\n<meta name=\"twitter:label1\" content=\"Tempo estimado de leitura\" \/>\n\t<meta name=\"twitter:data1\" content=\"2 minutos\" \/>\n<script type=\"application\/ld+json\" class=\"yoast-schema-graph\">{\"@context\":\"https:\/\/schema.org\",\"@graph\":[{\"@type\":\"WebPage\",\"@id\":\"https:\/\/exceladvisor.org\/pt\/consolidar\/\",\"url\":\"https:\/\/exceladvisor.org\/pt\/consolidar\/\",\"name\":\"Como consolidar v\u00e1rios dados de planilhas?\",\"isPartOf\":{\"@id\":\"https:\/\/exceladvisor.org\/pt\/#website\"},\"primaryImageOfPage\":{\"@id\":\"https:\/\/exceladvisor.org\/pt\/consolidar\/#primaryimage\"},\"image\":{\"@id\":\"https:\/\/exceladvisor.org\/pt\/consolidar\/#primaryimage\"},\"thumbnailUrl\":\"https:\/\/exceladvisor.org\/wp-content\/uploads\/2023\/08\/consolider-les-donnees-de-plusieurs-feuilles-de-calcul-dans-une-seule-feuille-de-calcul-quatre-feuilles-avec-les-memes-donnees-1.png\",\"datePublished\":\"2023-11-02T23:10:23+00:00\",\"dateModified\":\"2023-12-06T11:35:31+00:00\",\"description\":\"Uma das melhores op\u00e7\u00f5es do Excel que aprendi sobre gerenciamento de dados \u00e9 &quot;consolidar dados de v\u00e1rias planilhas...\",\"breadcrumb\":{\"@id\":\"https:\/\/exceladvisor.org\/pt\/consolidar\/#breadcrumb\"},\"inLanguage\":\"pt-PT\",\"potentialAction\":[{\"@type\":\"ReadAction\",\"target\":[\"https:\/\/exceladvisor.org\/pt\/consolidar\/\"]}]},{\"@type\":\"ImageObject\",\"inLanguage\":\"pt-PT\",\"@id\":\"https:\/\/exceladvisor.org\/pt\/consolidar\/#primaryimage\",\"url\":\"https:\/\/exceladvisor.org\/wp-content\/uploads\/2023\/08\/consolider-les-donnees-de-plusieurs-feuilles-de-calcul-dans-une-seule-feuille-de-calcul-quatre-feuilles-avec-les-memes-donnees-1.png\",\"contentUrl\":\"https:\/\/exceladvisor.org\/wp-content\/uploads\/2023\/08\/consolider-les-donnees-de-plusieurs-feuilles-de-calcul-dans-une-seule-feuille-de-calcul-quatre-feuilles-avec-les-memes-donnees-1.png\"},{\"@type\":\"BreadcrumbList\",\"@id\":\"https:\/\/exceladvisor.org\/pt\/consolidar\/#breadcrumb\",\"itemListElement\":[{\"@type\":\"ListItem\",\"position\":1,\"name\":\"Lar\",\"item\":\"https:\/\/exceladvisor.org\/pt\/\"},{\"@type\":\"ListItem\",\"position\":2,\"name\":\"Como consolidar v\u00e1rios dados de planilhas?\"}]},{\"@type\":\"WebSite\",\"@id\":\"https:\/\/exceladvisor.org\/pt\/#website\",\"url\":\"https:\/\/exceladvisor.org\/pt\/\",\"name\":\"Excel Advisor\",\"description\":\"O seu guia definitivo para dominar os dados!\",\"publisher\":{\"@id\":\"https:\/\/exceladvisor.org\/pt\/#organization\"},\"potentialAction\":[{\"@type\":\"SearchAction\",\"target\":{\"@type\":\"EntryPoint\",\"urlTemplate\":\"https:\/\/exceladvisor.org\/pt\/?s={search_term_string}\"},\"query-input\":{\"@type\":\"PropertyValueSpecification\",\"valueRequired\":true,\"valueName\":\"search_term_string\"}}],\"inLanguage\":\"pt-PT\"},{\"@type\":\"Organization\",\"@id\":\"https:\/\/exceladvisor.org\/pt\/#organization\",\"name\":\"Excel Advisor\",\"url\":\"https:\/\/exceladvisor.org\/pt\/\",\"logo\":{\"@type\":\"ImageObject\",\"inLanguage\":\"pt-PT\",\"@id\":\"https:\/\/exceladvisor.org\/pt\/#\/schema\/logo\/image\/\",\"url\":\"https:\/\/exceladvisor.org\/pt\/wp-content\/uploads\/2023\/12\/exceladvisor.org_.png\",\"contentUrl\":\"https:\/\/exceladvisor.org\/pt\/wp-content\/uploads\/2023\/12\/exceladvisor.org_.png\",\"width\":105,\"height\":36,\"caption\":\"Excel Advisor\"},\"image\":{\"@id\":\"https:\/\/exceladvisor.org\/pt\/#\/schema\/logo\/image\/\"}}]}<\/script>\n<!-- \/ Yoast SEO plugin. -->","yoast_head_json":{"title":"Como consolidar v\u00e1rios dados de planilhas?","description":"Uma das melhores op\u00e7\u00f5es do Excel que aprendi sobre gerenciamento de dados \u00e9 &quot;consolidar dados de v\u00e1rias planilhas...","robots":{"index":"index","follow":"follow","max-snippet":"max-snippet:-1","max-image-preview":"max-image-preview:large","max-video-preview":"max-video-preview:-1"},"canonical":"https:\/\/exceladvisor.org\/pt\/consolidar\/","og_locale":"pt_PT","og_type":"article","og_title":"Como consolidar v\u00e1rios dados de planilhas?","og_description":"Uma das melhores op\u00e7\u00f5es do Excel que aprendi sobre gerenciamento de dados \u00e9 &quot;consolidar dados de v\u00e1rias planilhas...","og_url":"https:\/\/exceladvisor.org\/pt\/consolidar\/","og_site_name":"Excel Advisor","article_modified_time":"2023-12-06T11:35:31+00:00","og_image":[{"url":"https:\/\/exceladvisor.org\/wp-content\/uploads\/2023\/08\/consolider-les-donnees-de-plusieurs-feuilles-de-calcul-dans-une-seule-feuille-de-calcul-quatre-feuilles-avec-les-memes-donnees-1.png","type":"","width":"","height":""}],"twitter_card":"summary_large_image","twitter_misc":{"Tempo estimado de leitura":"2 minutos"},"schema":{"@context":"https:\/\/schema.org","@graph":[{"@type":"WebPage","@id":"https:\/\/exceladvisor.org\/pt\/consolidar\/","url":"https:\/\/exceladvisor.org\/pt\/consolidar\/","name":"Como consolidar v\u00e1rios dados de planilhas?","isPartOf":{"@id":"https:\/\/exceladvisor.org\/pt\/#website"},"primaryImageOfPage":{"@id":"https:\/\/exceladvisor.org\/pt\/consolidar\/#primaryimage"},"image":{"@id":"https:\/\/exceladvisor.org\/pt\/consolidar\/#primaryimage"},"thumbnailUrl":"https:\/\/exceladvisor.org\/wp-content\/uploads\/2023\/08\/consolider-les-donnees-de-plusieurs-feuilles-de-calcul-dans-une-seule-feuille-de-calcul-quatre-feuilles-avec-les-memes-donnees-1.png","datePublished":"2023-11-02T23:10:23+00:00","dateModified":"2023-12-06T11:35:31+00:00","description":"Uma das melhores op\u00e7\u00f5es do Excel que aprendi sobre gerenciamento de dados \u00e9 &quot;consolidar dados de v\u00e1rias planilhas...","breadcrumb":{"@id":"https:\/\/exceladvisor.org\/pt\/consolidar\/#breadcrumb"},"inLanguage":"pt-PT","potentialAction":[{"@type":"ReadAction","target":["https:\/\/exceladvisor.org\/pt\/consolidar\/"]}]},{"@type":"ImageObject","inLanguage":"pt-PT","@id":"https:\/\/exceladvisor.org\/pt\/consolidar\/#primaryimage","url":"https:\/\/exceladvisor.org\/wp-content\/uploads\/2023\/08\/consolider-les-donnees-de-plusieurs-feuilles-de-calcul-dans-une-seule-feuille-de-calcul-quatre-feuilles-avec-les-memes-donnees-1.png","contentUrl":"https:\/\/exceladvisor.org\/wp-content\/uploads\/2023\/08\/consolider-les-donnees-de-plusieurs-feuilles-de-calcul-dans-une-seule-feuille-de-calcul-quatre-feuilles-avec-les-memes-donnees-1.png"},{"@type":"BreadcrumbList","@id":"https:\/\/exceladvisor.org\/pt\/consolidar\/#breadcrumb","itemListElement":[{"@type":"ListItem","position":1,"name":"Lar","item":"https:\/\/exceladvisor.org\/pt\/"},{"@type":"ListItem","position":2,"name":"Como consolidar v\u00e1rios dados de planilhas?"}]},{"@type":"WebSite","@id":"https:\/\/exceladvisor.org\/pt\/#website","url":"https:\/\/exceladvisor.org\/pt\/","name":"Excel Advisor","description":"O seu guia definitivo para dominar os dados!","publisher":{"@id":"https:\/\/exceladvisor.org\/pt\/#organization"},"potentialAction":[{"@type":"SearchAction","target":{"@type":"EntryPoint","urlTemplate":"https:\/\/exceladvisor.org\/pt\/?s={search_term_string}"},"query-input":{"@type":"PropertyValueSpecification","valueRequired":true,"valueName":"search_term_string"}}],"inLanguage":"pt-PT"},{"@type":"Organization","@id":"https:\/\/exceladvisor.org\/pt\/#organization","name":"Excel Advisor","url":"https:\/\/exceladvisor.org\/pt\/","logo":{"@type":"ImageObject","inLanguage":"pt-PT","@id":"https:\/\/exceladvisor.org\/pt\/#\/schema\/logo\/image\/","url":"https:\/\/exceladvisor.org\/pt\/wp-content\/uploads\/2023\/12\/exceladvisor.org_.png","contentUrl":"https:\/\/exceladvisor.org\/pt\/wp-content\/uploads\/2023\/12\/exceladvisor.org_.png","width":105,"height":36,"caption":"Excel Advisor"},"image":{"@id":"https:\/\/exceladvisor.org\/pt\/#\/schema\/logo\/image\/"}}]}},"yoast_meta":{"yoast_wpseo_title":"","yoast_wpseo_metadesc":"","yoast_wpseo_canonical":""},"_links":{"self":[{"href":"https:\/\/exceladvisor.org\/pt\/wp-json\/wp\/v2\/pages\/339","targetHints":{"allow":["GET"]}}],"collection":[{"href":"https:\/\/exceladvisor.org\/pt\/wp-json\/wp\/v2\/pages"}],"about":[{"href":"https:\/\/exceladvisor.org\/pt\/wp-json\/wp\/v2\/types\/page"}],"author":[{"embeddable":true,"href":"https:\/\/exceladvisor.org\/pt\/wp-json\/wp\/v2\/users\/1"}],"replies":[{"embeddable":true,"href":"https:\/\/exceladvisor.org\/pt\/wp-json\/wp\/v2\/comments?post=339"}],"version-history":[{"count":1,"href":"https:\/\/exceladvisor.org\/pt\/wp-json\/wp\/v2\/pages\/339\/revisions"}],"predecessor-version":[{"id":913,"href":"https:\/\/exceladvisor.org\/pt\/wp-json\/wp\/v2\/pages\/339\/revisions\/913"}],"wp:attachment":[{"href":"https:\/\/exceladvisor.org\/pt\/wp-json\/wp\/v2\/media?parent=339"}],"curies":[{"name":"wp","href":"https:\/\/api.w.org\/{rel}","templated":true}]}}