{"id":34,"date":"2023-11-19T17:43:07","date_gmt":"2023-11-19T17:43:07","guid":{"rendered":"https:\/\/exceladvisor.org\/pt\/sumif-sumifs-ou-logica\/"},"modified":"2023-12-06T11:50:20","modified_gmt":"2023-12-06T11:50:20","slug":"sumif-sumifs-ou-logica","status":"publish","type":"page","link":"https:\/\/exceladvisor.org\/pt\/sumif-sumifs-ou-logica\/","title":{"rendered":"Como usar sumif\/sumifs com l\u00f3gica or?"},"content":{"rendered":"<div class=\"excel-before-content-2\" id=\"excel-2749252822\"><script type=\"text\/javascript\">\r\n\tatOptions = {\r\n\t\t'key' : 'c1158f160081d6540a8409e6925dab94',\r\n\t\t'format' : 'iframe',\r\n\t\t'height' : 250,\r\n\t\t'width' : 300,\r\n\t\t'params' : {}\r\n\t};\r\n<\/script>\r\n<script type=\"text\/javascript\" src=\"\/\/www.highperformanceformat.com\/c1158f160081d6540a8409e6925dab94\/invoke.js\"><\/script><\/div><div class=\"excel-before-content\" id=\"excel-2417202056\"><script type=\"text\/javascript\">\r\n\tatOptions = {\r\n\t\t'key' : 'c1158f160081d6540a8409e6925dab94',\r\n\t\t'format' : 'iframe',\r\n\t\t'height' : 250,\r\n\t\t'width' : 300,\r\n\t\t'params' : {}\r\n\t};\r\n<\/script>\r\n<script type=\"text\/javascript\" src=\"\/\/www.highperformanceformat.com\/c1158f160081d6540a8409e6925dab94\/invoke.js\"><\/script><\/div> <p>\u00c0s vezes precisamos fazer pequenas altera\u00e7\u00f5es nas f\u00f3rmulas para torn\u00e1-las eficazes.<\/p><p> Simples assim, SUMIF OR. \u00c9 uma f\u00f3rmula avan\u00e7ada que ajuda a aumentar a flexibilidade do SUMIF. Sim, voc\u00ea tamb\u00e9m pode fazer SUMIFS. Mas antes de us\u00e1-lo, deixe-me contar uma coisa sobre o SUMIF.<\/p><p> No SUMIF voc\u00ea s\u00f3 pode usar um crit\u00e9rio e no SUMIFS voc\u00ea pode usar v\u00e1rios crit\u00e9rios para obter uma soma.<\/p><p> Apenas uma coisa assim. Digamos que em SUMIFS, se voc\u00ea especificar dois crit\u00e9rios diferentes, apenas as c\u00e9lulas que atenderem a ambos os crit\u00e9rios ser\u00e3o somadas.<\/p><p> Por funcionar com l\u00f3gica AND, todos os crit\u00e9rios devem ser atendidos para que uma c\u00e9lula seja inclu\u00edda. Ao combinar a l\u00f3gica OR com SUMIF\/SUMIFS, voc\u00ea pode adicionar valores usando dois crit\u00e9rios diferentes ao mesmo tempo.<\/p><p> Sem mais delongas, vamos aprender esta f\u00f3rmula incr\u00edvel.<\/p><h2 class=\"wp-block-heading\"> N\u00f3s realmente precisamos da l\u00f3gica OR? Um exemplo?<\/h2><p> Deixe-me mostrar um exemplo onde precisamos adicionar a l\u00f3gica OR em SUMIFS ou SUMIF.<\/p><p> D\u00ea uma olhada na tabela de dados abaixo onde voc\u00ea tem uma lista de produtos com sua quantidade e status atual de envio. <\/p><div class=\"wp-block-image\"><figure class=\"aligncenter\"><img decoding=\"async\" src=\"https:\/\/exceladvisor.org\/wp-content\/uploads\/2023\/08\/table-de-donnees-a-utiliser-ou-logique-a-utiliser-dans-sumifs-sumif-1.png\" sizes=\"\" srcset=\"\" alt=\"tabela de dados para usar ou l\u00f3gica para usar em sumifs sumif\"><\/figure><\/div><p> Nestes dados voc\u00ea tem dois tipos de produtos (defeituosos e danificados) que dever\u00e1 devolver ao nosso fornecedor.<\/p><p> Mas antes disso, voc\u00ea deseja calcular a quantidade total dos dois tipos de produtos. Se voc\u00ea escolher o m\u00e9todo normal, dever\u00e1 aplicar o SUMIF duas vezes para obter esse total.<\/p><p> Mas se voc\u00ea usar uma condi\u00e7\u00e3o OR em SUMIF, poder\u00e1 obter o total de ambos os produtos com uma \u00fanica f\u00f3rmula.<\/p><h2 class=\"wp-block-heading\"> OK, vamos aplicar OR com SUMIFS<\/h2><p> Antes de come\u00e7ar, <a href=\"https:\/\/exceladvisor.org\/wp-content\/uploads\/2023\/08\/somme-si-ou.zip\" rel=\"nofollow\"><span style=\"color: #0000ee;\">baixe este arquivo de amostra aqui<\/span><\/a> <span style=\"color: #0000ee;\">&nbsp;<\/span> continua.<\/p><p> Em qualquer outra c\u00e9lula da planilha onde deseja calcular o total, insira a f\u00f3rmula abaixo e pressione Enter. <\/p><pre class=\"wp-block-code\"> <code class=\"language-excel-formula\" lang=\"excel-formula\">=SUM(SUMIFS(C2:C21,B2:B21,{\"Damage\",\"Faulty\"}))<\/code><\/pre><div class=\"wp-block-image\"><figure class=\"aligncenter\"><img decoding=\"async\" src=\"https:\/\/exceladvisor.org\/wp-content\/uploads\/2023\/08\/appliquer-la-formule-pour-obtenir-ou-la-logique-dans-les-sumifs-1.png\" sizes=\"\" srcset=\"\" alt=\"aplicar f\u00f3rmula para obter ou l\u00f3gica em sumifs\"><\/figure><\/div><p> Na f\u00f3rmula acima voc\u00ea usou SUMIFS, mas se quiser usar SUMIF, voc\u00ea pode inserir a f\u00f3rmula abaixo na c\u00e9lula.<\/p><pre class=\"wp-block-code\"> <code class=\"language-excel-formula\" lang=\"excel-formula\">=SUM(SUMIF(B2:B21,{\"Damage\",\"Faulty\"},C2:C21))<\/code><\/pre><p> Usando as duas f\u00f3rmulas acima, voc\u00ea obter\u00e1 540 no resultado. Para verificar novamente, basta verificar o total manualmente. <\/p><div class=\"wp-block-image\"><figure class=\"aligncenter\"><img decoding=\"async\" src=\"https:\/\/exceladvisor.org\/wp-content\/uploads\/2023\/08\/verifier-le-total-des-dommages-et-defectueux-en-utilisant-sumif-ou.png\" sizes=\"\" srcset=\"\" alt=\"verifique danos totais e defeituosos usando sumif ou\"><\/figure><\/div><h3 class=\"wp-block-heading\"> Como funciona essa f\u00f3rmula?<\/h3><p> Como eu disse, a fun\u00e7\u00e3o SUMIFS usa a l\u00f3gica AND para somar os valores. Por\u00e9m, a f\u00f3rmula que voc\u00ea usou acima inclui a l\u00f3gica OR.<\/p><p> Para entender esta f\u00f3rmula, \u00e9 necess\u00e1rio dividi-la em tr\u00eas partes diferentes. <\/p><div class=\"wp-block-image\"><figure class=\"aligncenter\"><img decoding=\"async\" src=\"https:\/\/exceladvisor.org\/wp-content\/uploads\/2023\/08\/trois-parties-de-formule-a-utiliser-ou-logique-dans-les-sumifs-sumif-1.png\" sizes=\"\" srcset=\"\" alt=\"tr\u00eas partes da f\u00f3rmula para usar ou l\u00f3gica em sumifs sumif\"><\/figure><\/div><ol><li> A <strong>primeira<\/strong> coisa \u00e9 entender que voc\u00ea usou dois crit\u00e9rios diferentes nesta f\u00f3rmula usando o conceito de array. Saiba mais sobre o <a href=\"https:\/\/support.office.com\/en-us\/article\/Guidelines-and-examples-of-array-formulas-7D94A64E-3FF3-4686-9372-ECFD5CAA57C7?ui=en-US&amp;rs=en-US&amp;ad=US&amp;fromAR=1\" target=\"_blank\" rel=\"noreferrer noopener nofollow\">conselho aqui<\/a> .<\/li><li> A <strong>segunda<\/strong> coisa \u00e9 que quando voc\u00ea especifica dois valores diferentes usando um array, SUMIFS deve procurar os dois valores separadamente.<\/li><li> A <strong>terceira<\/strong> coisa \u00e9 que mesmo depois de usar uma f\u00f3rmula de matriz, SUMIFS n\u00e3o consegue retornar a soma dos dois valores em uma \u00fanica c\u00e9lula. \u00c9 por isso que voc\u00ea precisa junt\u00e1-lo \u00e0 fun\u00e7\u00e3o SUM.<\/li><\/ol><p> Com o conceito acima, voc\u00ea pode obter o total de ambos os tipos de produtos em uma \u00fanica c\u00e9lula.<\/p><p> Isso funcionar\u00e1 da mesma forma com SUMIF e SUMIFS.<\/p><p> E voc\u00ea tamb\u00e9m pode estender sua f\u00f3rmula especificando o nome do produto no segundo crit\u00e9rio em SUMIFS para obter o total de um \u00fanico produto. <\/p><div class=\"gb-container gb-container-52dfcee1 gb-container-sample-file\"><h2 class=\"gb-headline gb-headline-e289c143 gb-headline-text gb-headline-4f7959c2\"> Obtenha o arquivo Excel<\/h2> <a class=\"gb-button gb-button-e88d6bee gb-button-text gb-button-button1\" href=\"https:\/\/exceladvisor.org\/wp-content\/uploads\/2023\/08\/somme-si-ou.zip\" rel=\"nofollow\">Download<\/a><\/div><h2 class=\"wp-block-heading\"> Usando intervalo de crit\u00e9rios din\u00e2micos<\/h2><p> Na se\u00e7\u00e3o de coment\u00e1rios, algu\u00e9m me pediu para usar uma refer\u00eancia de c\u00e9lula para adicionar v\u00e1rios crit\u00e9rios em vez de inseri-los diretamente na f\u00f3rmula.<\/p><p> Bem, essa \u00e9 uma pergunta super v\u00e1lida e voc\u00ea pode fazer isso usando um intervalo nomeado din\u00e2mico em vez de valores graves.<\/p><p> E para fazer isso, voc\u00ea s\u00f3 precisa fazer duas pequenas altera\u00e7\u00f5es na sua f\u00f3rmula.<\/p><ol><li> A primeira \u00e9 que em vez de usar colchetes, voc\u00ea deve usar um intervalo nomeado (a melhor maneira \u00e9 usar um array) do seu valor.<\/li><li> E depois disso voc\u00ea precisa inserir esta f\u00f3rmula usando Ctrl+Shift+Enter como f\u00f3rmula de matriz adequada.<\/li><\/ol><p> Ent\u00e3o agora sua f\u00f3rmula ser\u00e1: <\/p><div class=\"wp-block-image\"><figure class=\"aligncenter\"><img decoding=\"async\" src=\"https:\/\/exceladvisor.org\/wp-content\/uploads\/2023\/08\/en-utilisant-la-plage-nommee-dans-sumif-ou.png\" sizes=\"\" srcset=\"\" alt=\"usando o intervalo nomeado em sumif ou\"><\/figure><\/div><h2 class=\"wp-block-heading\"> V\u00e1rios crit\u00e9rios com colunas diferentes<\/h2><p> Deixe-me lev\u00e1-lo ao pr\u00f3ximo n\u00edvel desta f\u00f3rmula. Basta olhar a tabela de dados abaixo. <\/p><div class=\"wp-block-image\"><figure class=\"aligncenter\"><img decoding=\"async\" src=\"https:\/\/exceladvisor.org\/wp-content\/uploads\/2023\/08\/sumifs-sumif-ou-avec-plusieurs-colonnes-de-donnees.png\" sizes=\"\" srcset=\"\" alt=\"sumifs sumif ou com m\u00faltiplas colunas de dados\"><\/figure><\/div><p> Nesta tabela voc\u00ea tem duas colunas diferentes com dois tipos de status diferentes. Agora a partir desta tabela de dados voc\u00ea precisa somar a quantidade onde o produto est\u00e1 danificado, o status de devolu\u00e7\u00e3o \u00e9 \u201cN\u00e3o\u201d.<\/p><p> Isto significa apenas produtos danificados e defeituosos que ainda n\u00e3o foram devolvidos. E a f\u00f3rmula para isso ser\u00e1. <\/p><pre class=\"wp-block-code\"> <code class=\"language-excel-formula\" lang=\"excel-formula\">=SUM(SUMIFS(D2:D21,B2:B21,{\"Damage\",\"Faulty\"},C2:C21,\"No\"))<\/code><\/pre><div class=\"wp-block-image\"><figure class=\"aligncenter size-full\"><img loading=\"lazy\" decoding=\"async\" class=\"wp-image-14789\" src=\"https:\/\/exceladvisor.org\/wp-content\/uploads\/2023\/08\/sumifs-sumif-ou-avec-plusieurs-formules-de-criteres-de-colonne-differents.png\" sizes=\"auto, \" srcset=\"\" alt=\"sumifs sumif ou com v\u00e1rias f\u00f3rmulas de crit\u00e9rios de coluna diferentes\" width=\"558\" height=\"178\"><\/figure><\/div><div class=\"gb-container gb-container-9631f970 gb-container-sample-file\"><h2 class=\"gb-headline gb-headline-c605ba20 gb-headline-text gb-headline-4f7959c2\"> Obtenha o arquivo Excel<\/h2> <a class=\"gb-button gb-button-fdc4a95a gb-button-text gb-button-button1\" href=\"https:\/\/exceladvisor.org\/wp-content\/uploads\/2023\/08\/somme-si-ou.zip\" rel=\"nofollow\">Download<\/a><\/div><h2 id=\"tab-con-7\" class=\"wp-block-heading\"> Conclus\u00e3o<\/h2><p> A melhor parte de usar a t\u00e9cnica OR \u00e9 que voc\u00ea pode adicionar muitos crit\u00e9rios a ela. Se quiser usar apenas a l\u00f3gica OR, voc\u00ea pode usar SUMIF. E se voc\u00ea deseja criar uma condi\u00e7\u00e3o OR e uma condi\u00e7\u00e3o AND em uma \u00fanica f\u00f3rmula, voc\u00ea pode usar SUMIFS para isso.<\/p><p> Voc\u00ea sabe, esta \u00e9 uma das minhas dicas de f\u00f3rmulas favoritas e espero que voc\u00ea tenha achado \u00fatil.<\/p><p> Agora me diga uma coisa. Voc\u00ea j\u00e1 usou esse tipo de f\u00f3rmula antes? Compartilhe sua opini\u00e3o comigo na se\u00e7\u00e3o de coment\u00e1rios, adoraria ouvir de voc\u00ea, e n\u00e3o se esque\u00e7a de compartilhar essa dica com seus amigos.<\/p><div class=\"gb-container gb-container-0df56012 gb-container-mt\"> <a class=\"gb-button gb-button-f9f432f4 gb-button-text gb-button-mt-button\" href=\"https:\/\/exceladvisor.org\/pt\/formulas\/\">Lista de f\u00f3rmulas do Excel<\/a><h2 class=\"gb-headline gb-headline-233444e8 gb-headline-text gb-headline-mt-heading\"> F\u00f3rmulas relacionadas <\/h2><div class=\"gb-grid-wrapper gb-grid-wrapper-a16fa65c gb-grid-wrapper-mt-grid\"><div class=\"gb-grid-column gb-grid-column-50d07e0d\"><div class=\"gb-container gb-container-50d07e0d\"><ul><li> <a href=\"https:\/\/exceladvisor.org\/pt\/soma-se-for-maior-que\/\">Soma maior que valores usando SUMIF<\/a><\/li><li> <a href=\"https:\/\/exceladvisor.org\/pt\/sumivos-nao-sao-iguais\/\">Soma de valores diferentes (SUMIFS) no Excel<\/a><\/li><li> <a href=\"https:\/\/exceladvisor.org\/pt\/sumif-com-curingas\/\">SUMIF com curingas no Excel<\/a><\/li><li> <a href=\"https:\/\/exceladvisor.org\/pt\/soma-dos-valores-entre-duas-datas\/\">Intervalo de datas SUMIFS (soma dos valores entre duas matrizes de datas)<\/a><\/li><\/ul><\/div><\/div><\/div><\/div>","protected":false},"excerpt":{"rendered":"","protected":false},"author":1,"featured_media":0,"parent":0,"menu_order":0,"comment_status":"open","ping_status":"closed","template":"","meta":{"ub_ctt_via":"","footnotes":""},"class_list":["post-34","page","type-page","status-publish","hentry"],"featured_image_src":null,"yoast_head":"<!-- This site is optimized with the Yoast SEO plugin v25.4 - https:\/\/yoast.com\/wordpress\/plugins\/seo\/ -->\n<title>Como usar SUMIF\/SUMIFS com l\u00f3gica OR?<\/title>\n<meta name=\"description\" content=\"Neste artigo, voc\u00ea aprender\u00e1 um truque simples para aumentar o poder de SUMIF e SUMIFS usando a l\u00f3gica OR. Voc\u00ea pode\" \/>\n<meta name=\"robots\" content=\"index, follow, max-snippet:-1, max-image-preview:large, max-video-preview:-1\" \/>\n<link rel=\"canonical\" href=\"https:\/\/exceladvisor.org\/pt\/sumif-sumifs-ou-logica\/\" \/>\n<meta property=\"og:locale\" content=\"pt_PT\" \/>\n<meta property=\"og:type\" content=\"article\" \/>\n<meta property=\"og:title\" content=\"Como usar SUMIF\/SUMIFS com l\u00f3gica OR?\" \/>\n<meta property=\"og:description\" content=\"Neste artigo, voc\u00ea aprender\u00e1 um truque simples para aumentar o poder de SUMIF e SUMIFS usando a l\u00f3gica OR. Voc\u00ea pode\" \/>\n<meta property=\"og:url\" content=\"https:\/\/exceladvisor.org\/pt\/sumif-sumifs-ou-logica\/\" \/>\n<meta property=\"og:site_name\" content=\"Excel Advisor\" \/>\n<meta property=\"article:modified_time\" content=\"2023-12-06T11:50:20+00:00\" \/>\n<meta property=\"og:image\" content=\"https:\/\/exceladvisor.org\/wp-content\/uploads\/2023\/08\/table-de-donnees-a-utiliser-ou-logique-a-utiliser-dans-sumifs-sumif-1.png\" \/>\n<meta name=\"twitter:card\" content=\"summary_large_image\" \/>\n<meta name=\"twitter:label1\" content=\"Tempo estimado de leitura\" \/>\n\t<meta name=\"twitter:data1\" content=\"5 minutos\" \/>\n<script type=\"application\/ld+json\" class=\"yoast-schema-graph\">{\"@context\":\"https:\/\/schema.org\",\"@graph\":[{\"@type\":\"WebPage\",\"@id\":\"https:\/\/exceladvisor.org\/pt\/sumif-sumifs-ou-logica\/\",\"url\":\"https:\/\/exceladvisor.org\/pt\/sumif-sumifs-ou-logica\/\",\"name\":\"Como usar SUMIF\/SUMIFS com l\u00f3gica OR?\",\"isPartOf\":{\"@id\":\"https:\/\/exceladvisor.org\/pt\/#website\"},\"primaryImageOfPage\":{\"@id\":\"https:\/\/exceladvisor.org\/pt\/sumif-sumifs-ou-logica\/#primaryimage\"},\"image\":{\"@id\":\"https:\/\/exceladvisor.org\/pt\/sumif-sumifs-ou-logica\/#primaryimage\"},\"thumbnailUrl\":\"https:\/\/exceladvisor.org\/wp-content\/uploads\/2023\/08\/table-de-donnees-a-utiliser-ou-logique-a-utiliser-dans-sumifs-sumif-1.png\",\"datePublished\":\"2023-11-19T17:43:07+00:00\",\"dateModified\":\"2023-12-06T11:50:20+00:00\",\"description\":\"Neste artigo, voc\u00ea aprender\u00e1 um truque simples para aumentar o poder de SUMIF e SUMIFS usando a l\u00f3gica OR. Voc\u00ea pode\",\"breadcrumb\":{\"@id\":\"https:\/\/exceladvisor.org\/pt\/sumif-sumifs-ou-logica\/#breadcrumb\"},\"inLanguage\":\"pt-PT\",\"potentialAction\":[{\"@type\":\"ReadAction\",\"target\":[\"https:\/\/exceladvisor.org\/pt\/sumif-sumifs-ou-logica\/\"]}]},{\"@type\":\"ImageObject\",\"inLanguage\":\"pt-PT\",\"@id\":\"https:\/\/exceladvisor.org\/pt\/sumif-sumifs-ou-logica\/#primaryimage\",\"url\":\"https:\/\/exceladvisor.org\/wp-content\/uploads\/2023\/08\/table-de-donnees-a-utiliser-ou-logique-a-utiliser-dans-sumifs-sumif-1.png\",\"contentUrl\":\"https:\/\/exceladvisor.org\/wp-content\/uploads\/2023\/08\/table-de-donnees-a-utiliser-ou-logique-a-utiliser-dans-sumifs-sumif-1.png\"},{\"@type\":\"BreadcrumbList\",\"@id\":\"https:\/\/exceladvisor.org\/pt\/sumif-sumifs-ou-logica\/#breadcrumb\",\"itemListElement\":[{\"@type\":\"ListItem\",\"position\":1,\"name\":\"Lar\",\"item\":\"https:\/\/exceladvisor.org\/pt\/\"},{\"@type\":\"ListItem\",\"position\":2,\"name\":\"Como usar sumif\/sumifs com l\u00f3gica or?\"}]},{\"@type\":\"WebSite\",\"@id\":\"https:\/\/exceladvisor.org\/pt\/#website\",\"url\":\"https:\/\/exceladvisor.org\/pt\/\",\"name\":\"Excel Advisor\",\"description\":\"O seu guia definitivo para dominar os dados!\",\"publisher\":{\"@id\":\"https:\/\/exceladvisor.org\/pt\/#organization\"},\"potentialAction\":[{\"@type\":\"SearchAction\",\"target\":{\"@type\":\"EntryPoint\",\"urlTemplate\":\"https:\/\/exceladvisor.org\/pt\/?s={search_term_string}\"},\"query-input\":{\"@type\":\"PropertyValueSpecification\",\"valueRequired\":true,\"valueName\":\"search_term_string\"}}],\"inLanguage\":\"pt-PT\"},{\"@type\":\"Organization\",\"@id\":\"https:\/\/exceladvisor.org\/pt\/#organization\",\"name\":\"Excel Advisor\",\"url\":\"https:\/\/exceladvisor.org\/pt\/\",\"logo\":{\"@type\":\"ImageObject\",\"inLanguage\":\"pt-PT\",\"@id\":\"https:\/\/exceladvisor.org\/pt\/#\/schema\/logo\/image\/\",\"url\":\"https:\/\/exceladvisor.org\/pt\/wp-content\/uploads\/2023\/12\/exceladvisor.org_.png\",\"contentUrl\":\"https:\/\/exceladvisor.org\/pt\/wp-content\/uploads\/2023\/12\/exceladvisor.org_.png\",\"width\":105,\"height\":36,\"caption\":\"Excel Advisor\"},\"image\":{\"@id\":\"https:\/\/exceladvisor.org\/pt\/#\/schema\/logo\/image\/\"}}]}<\/script>\n<!-- \/ Yoast SEO plugin. -->","yoast_head_json":{"title":"Como usar SUMIF\/SUMIFS com l\u00f3gica OR?","description":"Neste artigo, voc\u00ea aprender\u00e1 um truque simples para aumentar o poder de SUMIF e SUMIFS usando a l\u00f3gica OR. Voc\u00ea pode","robots":{"index":"index","follow":"follow","max-snippet":"max-snippet:-1","max-image-preview":"max-image-preview:large","max-video-preview":"max-video-preview:-1"},"canonical":"https:\/\/exceladvisor.org\/pt\/sumif-sumifs-ou-logica\/","og_locale":"pt_PT","og_type":"article","og_title":"Como usar SUMIF\/SUMIFS com l\u00f3gica OR?","og_description":"Neste artigo, voc\u00ea aprender\u00e1 um truque simples para aumentar o poder de SUMIF e SUMIFS usando a l\u00f3gica OR. Voc\u00ea pode","og_url":"https:\/\/exceladvisor.org\/pt\/sumif-sumifs-ou-logica\/","og_site_name":"Excel Advisor","article_modified_time":"2023-12-06T11:50:20+00:00","og_image":[{"url":"https:\/\/exceladvisor.org\/wp-content\/uploads\/2023\/08\/table-de-donnees-a-utiliser-ou-logique-a-utiliser-dans-sumifs-sumif-1.png","type":"","width":"","height":""}],"twitter_card":"summary_large_image","twitter_misc":{"Tempo estimado de leitura":"5 minutos"},"schema":{"@context":"https:\/\/schema.org","@graph":[{"@type":"WebPage","@id":"https:\/\/exceladvisor.org\/pt\/sumif-sumifs-ou-logica\/","url":"https:\/\/exceladvisor.org\/pt\/sumif-sumifs-ou-logica\/","name":"Como usar SUMIF\/SUMIFS com l\u00f3gica OR?","isPartOf":{"@id":"https:\/\/exceladvisor.org\/pt\/#website"},"primaryImageOfPage":{"@id":"https:\/\/exceladvisor.org\/pt\/sumif-sumifs-ou-logica\/#primaryimage"},"image":{"@id":"https:\/\/exceladvisor.org\/pt\/sumif-sumifs-ou-logica\/#primaryimage"},"thumbnailUrl":"https:\/\/exceladvisor.org\/wp-content\/uploads\/2023\/08\/table-de-donnees-a-utiliser-ou-logique-a-utiliser-dans-sumifs-sumif-1.png","datePublished":"2023-11-19T17:43:07+00:00","dateModified":"2023-12-06T11:50:20+00:00","description":"Neste artigo, voc\u00ea aprender\u00e1 um truque simples para aumentar o poder de SUMIF e SUMIFS usando a l\u00f3gica OR. Voc\u00ea pode","breadcrumb":{"@id":"https:\/\/exceladvisor.org\/pt\/sumif-sumifs-ou-logica\/#breadcrumb"},"inLanguage":"pt-PT","potentialAction":[{"@type":"ReadAction","target":["https:\/\/exceladvisor.org\/pt\/sumif-sumifs-ou-logica\/"]}]},{"@type":"ImageObject","inLanguage":"pt-PT","@id":"https:\/\/exceladvisor.org\/pt\/sumif-sumifs-ou-logica\/#primaryimage","url":"https:\/\/exceladvisor.org\/wp-content\/uploads\/2023\/08\/table-de-donnees-a-utiliser-ou-logique-a-utiliser-dans-sumifs-sumif-1.png","contentUrl":"https:\/\/exceladvisor.org\/wp-content\/uploads\/2023\/08\/table-de-donnees-a-utiliser-ou-logique-a-utiliser-dans-sumifs-sumif-1.png"},{"@type":"BreadcrumbList","@id":"https:\/\/exceladvisor.org\/pt\/sumif-sumifs-ou-logica\/#breadcrumb","itemListElement":[{"@type":"ListItem","position":1,"name":"Lar","item":"https:\/\/exceladvisor.org\/pt\/"},{"@type":"ListItem","position":2,"name":"Como usar sumif\/sumifs com l\u00f3gica or?"}]},{"@type":"WebSite","@id":"https:\/\/exceladvisor.org\/pt\/#website","url":"https:\/\/exceladvisor.org\/pt\/","name":"Excel Advisor","description":"O seu guia definitivo para dominar os dados!","publisher":{"@id":"https:\/\/exceladvisor.org\/pt\/#organization"},"potentialAction":[{"@type":"SearchAction","target":{"@type":"EntryPoint","urlTemplate":"https:\/\/exceladvisor.org\/pt\/?s={search_term_string}"},"query-input":{"@type":"PropertyValueSpecification","valueRequired":true,"valueName":"search_term_string"}}],"inLanguage":"pt-PT"},{"@type":"Organization","@id":"https:\/\/exceladvisor.org\/pt\/#organization","name":"Excel Advisor","url":"https:\/\/exceladvisor.org\/pt\/","logo":{"@type":"ImageObject","inLanguage":"pt-PT","@id":"https:\/\/exceladvisor.org\/pt\/#\/schema\/logo\/image\/","url":"https:\/\/exceladvisor.org\/pt\/wp-content\/uploads\/2023\/12\/exceladvisor.org_.png","contentUrl":"https:\/\/exceladvisor.org\/pt\/wp-content\/uploads\/2023\/12\/exceladvisor.org_.png","width":105,"height":36,"caption":"Excel Advisor"},"image":{"@id":"https:\/\/exceladvisor.org\/pt\/#\/schema\/logo\/image\/"}}]}},"yoast_meta":{"yoast_wpseo_title":"","yoast_wpseo_metadesc":"","yoast_wpseo_canonical":""},"_links":{"self":[{"href":"https:\/\/exceladvisor.org\/pt\/wp-json\/wp\/v2\/pages\/34","targetHints":{"allow":["GET"]}}],"collection":[{"href":"https:\/\/exceladvisor.org\/pt\/wp-json\/wp\/v2\/pages"}],"about":[{"href":"https:\/\/exceladvisor.org\/pt\/wp-json\/wp\/v2\/types\/page"}],"author":[{"embeddable":true,"href":"https:\/\/exceladvisor.org\/pt\/wp-json\/wp\/v2\/users\/1"}],"replies":[{"embeddable":true,"href":"https:\/\/exceladvisor.org\/pt\/wp-json\/wp\/v2\/comments?post=34"}],"version-history":[{"count":1,"href":"https:\/\/exceladvisor.org\/pt\/wp-json\/wp\/v2\/pages\/34\/revisions"}],"predecessor-version":[{"id":1382,"href":"https:\/\/exceladvisor.org\/pt\/wp-json\/wp\/v2\/pages\/34\/revisions\/1382"}],"wp:attachment":[{"href":"https:\/\/exceladvisor.org\/pt\/wp-json\/wp\/v2\/media?parent=34"}],"curies":[{"name":"wp","href":"https:\/\/api.w.org\/{rel}","templated":true}]}}