{"id":340,"date":"2023-11-02T20:51:19","date_gmt":"2023-11-02T20:51:19","guid":{"rendered":"https:\/\/exceladvisor.org\/pt\/link-para-outra-planilha\/"},"modified":"2023-12-06T11:37:45","modified_gmt":"2023-12-06T11:37:45","slug":"link-para-outra-planilha","status":"publish","type":"page","link":"https:\/\/exceladvisor.org\/pt\/link-para-outra-planilha\/","title":{"rendered":"Como fa\u00e7o para criar um hiperlink para outra planilha?"},"content":{"rendered":"<div class=\"excel-before-content-2\" id=\"excel-3935158339\"><script type=\"text\/javascript\">\r\n\tatOptions = {\r\n\t\t'key' : 'c1158f160081d6540a8409e6925dab94',\r\n\t\t'format' : 'iframe',\r\n\t\t'height' : 250,\r\n\t\t'width' : 300,\r\n\t\t'params' : {}\r\n\t};\r\n<\/script>\r\n<script type=\"text\/javascript\" src=\"\/\/www.highperformanceformat.com\/c1158f160081d6540a8409e6925dab94\/invoke.js\"><\/script><\/div><div class=\"excel-before-content\" id=\"excel-190784694\"><script type=\"text\/javascript\">\r\n\tatOptions = {\r\n\t\t'key' : 'c1158f160081d6540a8409e6925dab94',\r\n\t\t'format' : 'iframe',\r\n\t\t'height' : 250,\r\n\t\t'width' : 300,\r\n\t\t'params' : {}\r\n\t};\r\n<\/script>\r\n<script type=\"text\/javascript\" src=\"\/\/www.highperformanceformat.com\/c1158f160081d6540a8409e6925dab94\/invoke.js\"><\/script><\/div> <p>\u00c9 fant\u00e1stico criar um hiperlink para outra planilha dentro de uma planilha, facilitando a navega\u00e7\u00e3o na pasta de trabalho. Neste tutorial, aprenderemos dois m\u00e9todos r\u00e1pidos e f\u00e1ceis para criar um hiperlink para uma planilha.<\/p><h2 id=\"h-use-the-link-option-from-the-menu\" class=\"wp-block-heading\"> Use a op\u00e7\u00e3o Link do Menu<\/h2><ol><li> Primeiro, insira um valor em uma c\u00e9lula, clique com o bot\u00e3o direito para abrir o menu de contexto e clique em Link &gt; Inserir link. <br><img loading=\"lazy\" decoding=\"async\" title=\"1 clique com o bot\u00e3o direito para acessar o link\" src=\"https:\/\/exceladvisor.org\/wp-content\/uploads\/2023\/08\/1-clic-droit-pour-acceder-au-lien.png\" sizes=\"auto, \" srcset=\"\" alt=\"1-right-click-to-go-to-link\" width=\"504\" height=\"410\"><\/li><li> Agora, na caixa de di\u00e1logo \u201cInserir hiperlink\u201d, clique na guia \u201cColocar neste documento\u201d. E a seguir clique no nome da planilha, \u201cPlanilha2\u201d.<\/li><li> Aqui voc\u00ea tamb\u00e9m pode inserir o endere\u00e7o da c\u00e9lula na planilha \u00e0 qual deseja vincular. E voc\u00ea tamb\u00e9m pode editar o texto na c\u00e9lula \u201cTexto a ser exibido\u201d. <br><img loading=\"lazy\" decoding=\"async\" title=\"2-insira o endere\u00e7o da c\u00e9lula\" src=\"https:\/\/exceladvisor.org\/wp-content\/uploads\/2023\/08\/2-entrez-ladresse-de-la-cellule.png\" sizes=\"auto, \" srcset=\"\" alt=\"2-enter-the-cell-address\" width=\"640\" height=\"301\"><\/li><li> No final, clique em OK para criar o link para a planilha que voc\u00ea especificou.<\/li><\/ol><p> E depois de clicar em OK, ele cria um hiperlink usando o texto que voc\u00ea tem na c\u00e9lula. E quando voc\u00ea clica no link, voc\u00ea \u00e9 direcionado para a Planilha3. <\/p><div class=\"wp-block-image\"><figure class=\"aligncenter size-full is-resized\"><img loading=\"lazy\" decoding=\"async\" class=\"wp-image-92677\" src=\"https:\/\/exceladvisor.org\/wp-content\/uploads\/2023\/08\/3-hyperlien-cree.png\" sizes=\"auto, \" srcset=\"\" alt=\"hiperlink criado\" width=\"466\" height=\"223\"><\/figure><\/div><h2 id=\"h-use-hyperlink-function-to-create-a-link-to-another-sheet\" class=\"wp-block-heading\"> Use o recurso de hiperlink para vincular a outra planilha<\/h2><ol><li> Insira a fun\u00e7\u00e3o Hiperlink em uma c\u00e9lula. Esta fun\u00e7\u00e3o possui dois argumentos que voc\u00ea deve especificar. <br><img loading=\"lazy\" decoding=\"async\" title=\"Fun\u00e7\u00e3o de 4 hiperlinks\" src=\"https:\/\/exceladvisor.org\/wp-content\/uploads\/2023\/08\/4-fonction-de-lien-hypertexte.png\" sizes=\"auto, \" srcset=\"\" alt=\"4-hyperlink-function\" width=\"417\" height=\"201\"><\/li><li> No primeiro argumento voc\u00ea precisa inserir a planilha e o endere\u00e7o da c\u00e9lula \u00e0 qual deseja vincular.<ul><li> Voc\u00ea tamb\u00e9m pode usar o mouse para navegar at\u00e9 a c\u00e9lula da planilha para inserir automaticamente o endere\u00e7o e inserir um \u201c#\u201d antes desse endere\u00e7o.<\/li><li> E depois coloque o endere\u00e7o entre aspas duplas.No primeiro argumento voc\u00ea precisa inserir o endere\u00e7o da planilha e aquela \u00e0 qual deseja vincular. <\/li><\/ul><img loading=\"lazy\" decoding=\"async\" title=\"5-insira o endere\u00e7o da planilha e da c\u00e9lula\" src=\"https:\/\/exceladvisor.org\/wp-content\/uploads\/2023\/08\/5-entrez-ladresse-de-la-feuille-et-de-la-cellule.png\" sizes=\"auto, \" srcset=\"\" alt=\"5-enter-sheet-and-cell-address\" width=\"542\" height=\"142\"><\/li><li> Em seguida, voc\u00ea precisa inserir um nome amig\u00e1vel para o link a ser criado na c\u00e9lula. <br><img loading=\"lazy\" decoding=\"async\" title=\"6-insira o nome para o link\" src=\"https:\/\/exceladvisor.org\/wp-content\/uploads\/2023\/08\/6-entrez-le-nom-du-lien.png\" sizes=\"auto, \" srcset=\"\" alt=\"6-enter-name-for-link\" width=\"492\" height=\"100\"><\/li><li> Ao final, pressione Enter para obter o resultado na c\u00e9lula.<\/li><\/ol><p> E no momento em que voc\u00ea pressionar Enter, voc\u00ea receber\u00e1 um link na c\u00e9lula que o levar\u00e1 para a Planilha1. <\/p><div class=\"wp-block-image\"><figure class=\"aligncenter size-full is-resized\"><img loading=\"lazy\" decoding=\"async\" class=\"wp-image-92681\" src=\"https:\/\/exceladvisor.org\/wp-content\/uploads\/2023\/08\/7-lien-cree-a-laide-de-la-formule-de-lien-hypertexte.png\" sizes=\"auto, \" srcset=\"\" alt=\"link criado usando f\u00f3rmula de hiperlink\" width=\"536\" height=\"269\"><\/figure><\/div><p> A vantagem do m\u00e9todo \u00e9 alterar o link simplesmente alterando o endere\u00e7o na f\u00f3rmula.<\/p><h2 id=\"h-create-a-link-to-the-sheet-with-drag-and-drop-menu\" class=\"wp-block-heading\"> Crie um link para a planilha com o menu arrastar e soltar<\/h2><p> Voc\u00ea precisa ir at\u00e9 a planilha e c\u00e9lula onde deseja criar um hiperlink. Digamos que voc\u00ea queira vincular \u00e0 c\u00e9lula A5 na Planilha2.<\/p><ol><li> Selecione a c\u00e9lula A5 na Planilha2, segure Alt. Depois disso, passe o cursor do mouse sobre a borda da c\u00e9lula. <br><img loading=\"lazy\" decoding=\"async\" title=\"8-crie-um-link-com-drap-drop-menu\" src=\"https:\/\/exceladvisor.org\/wp-content\/uploads\/2023\/08\/8-creer-un-lien-avec-le-menu-deroulant-drape.png\" sizes=\"auto, \" srcset=\"\" alt=\"8-create-link-with-drap-drop-menu\" width=\"510\" height=\"306\"><\/li><li> Em seguida, coloque o cursor na guia Plan1 mantendo pressionada a tecla Alt e clicando com o bot\u00e3o direito. Com isso, a Plan1 ser\u00e1 ativada. <br><img loading=\"lazy\" decoding=\"async\" title=\"9 segure a tecla Alt e clique com o bot\u00e3o direito\" src=\"https:\/\/exceladvisor.org\/wp-content\/uploads\/2023\/08\/9-maintenez-la-touche-alt-enfoncee-et-le-bouton-droit-de-la-souris.png\" sizes=\"auto, \" srcset=\"\" alt=\"9-hold-alt-key-and-right-click-button\" width=\"397\" height=\"165\"><\/li><li> Navegue at\u00e9 as c\u00e9lulas onde deseja criar o hiperlink a partir daqui, assim como movemos nosso cursor para a c\u00e9lula A1 na Planilha1. <br><img loading=\"lazy\" decoding=\"async\" title=\"10-crie-link-hypler-a partir daqui\" src=\"https:\/\/exceladvisor.org\/wp-content\/uploads\/2023\/08\/10-creer-un-lien-hypertexte-a-partir-dici.png\" sizes=\"auto, \" srcset=\"\" alt=\"10-create-hyplerlink-from-here\" width=\"387\" height=\"253\"><\/li><li> E depois de soltar a tecla Alt e clicar com o bot\u00e3o direito, um menu com op\u00e7\u00f5es ser\u00e1 exibido. Voc\u00ea precisa clicar em \u201cCriar hiperlink aqui\u201d. <br><img loading=\"lazy\" decoding=\"async\" title=\"11 cliques em criar hiperlink aqui\" src=\"https:\/\/exceladvisor.org\/wp-content\/uploads\/2023\/08\/11-cliquez-sur-creer-un-lien-hypertexte-ici.png\" sizes=\"auto, \" srcset=\"\" alt=\"11-click-on-create-hyperlink-here\" width=\"466\" height=\"363\"><\/li><\/ol><p> No momento em que voc\u00ea clica em \u201cCriar hiperlink aqui\u201d, ele conecta a c\u00e9lula A1 da Planilha1 \u00e0 c\u00e9lula A5 da Planilha2. <\/p><div class=\"gb-container gb-container-52dfcee1 gb-container-sample-file\"><h2 class=\"gb-headline gb-headline-e289c143 gb-headline-text gb-headline-4f7959c2\"> Obtenha o arquivo Excel<\/h2> <a class=\"gb-button gb-button-e88d6bee gb-button-text gb-button-button1\" href=\"https:\/\/exceladvisor.org\/wp-content\/uploads\/2023\/11\/lien-vers-la-fiche.xlsx\" rel=\"nofollow\">Download<\/a> <\/div><div class=\"gb-container gb-container-3044ba66 gb-container-mt\"><p class=\"gb-headline gb-headline-b5bb6270 gb-headline-text\"> <strong><a href=\"https:\/\/exceladvisor.org\/pt\/nocoes-basicas-de-excel\/\">No\u00e7\u00f5es b\u00e1sicas do Excel<\/a><\/strong> \/ <strong><a href=\"https:\/\/exceladvisor.org\/pt\/planilha\/\" data-wpil=\"url\">planilha do Excel<\/a><\/strong><\/p><h2 class=\"gb-headline gb-headline-819d540d gb-headline-text gb-headline-mt-heading\"> Mais tutoriais <\/h2><div class=\"gb-grid-wrapper gb-grid-wrapper-7f3d805a gb-grid-wrapper-mt-grid\"><div class=\"gb-grid-column gb-grid-column-7495e031\"><div class=\"gb-container gb-container-7495e031\"><ul><li> <a href=\"https:\/\/exceladvisor.org\/pt\/consolidar\/\">Consolide dados de v\u00e1rias planilhas<\/a><\/li><li> <a href=\"https:\/\/exceladvisor.org\/pt\/renomear\/\">Renomear planilha no Excel<\/a><\/li><li> <a href=\"https:\/\/exceladvisor.org\/pt\/grupo-1\/\">Planilhas de grupo no Excel<\/a><\/li><li> <a href=\"https:\/\/exceladvisor.org\/pt\/veja-lado-a-lado\/\">Visualize duas planilhas lado a lado no Excel<\/a> <\/li><\/ul><\/div><\/div><div class=\"gb-grid-column gb-grid-column-530ab33a\"><div class=\"gb-container gb-container-530ab33a\"><\/div><\/div><\/div><\/div>","protected":false},"excerpt":{"rendered":"","protected":false},"author":1,"featured_media":0,"parent":0,"menu_order":0,"comment_status":"open","ping_status":"closed","template":"","meta":{"ub_ctt_via":"","footnotes":""},"class_list":["post-340","page","type-page","status-publish","hentry"],"featured_image_src":null,"yoast_head":"<!-- This site is optimized with the Yoast SEO plugin v25.4 - https:\/\/yoast.com\/wordpress\/plugins\/seo\/ -->\n<title>Como fa\u00e7o para criar um hiperlink para outra planilha?<\/title>\n<meta name=\"description\" content=\"Este tutorial ajuda voc\u00ea a aprender como vincular uma planilha a outra planilha. Isso pode ajud\u00e1-lo a navegar facilmente entre as pastas de trabalho.\" \/>\n<meta name=\"robots\" content=\"index, follow, max-snippet:-1, max-image-preview:large, max-video-preview:-1\" \/>\n<link rel=\"canonical\" href=\"https:\/\/exceladvisor.org\/pt\/link-para-outra-planilha\/\" \/>\n<meta property=\"og:locale\" content=\"pt_PT\" \/>\n<meta property=\"og:type\" content=\"article\" \/>\n<meta property=\"og:title\" content=\"Como fa\u00e7o para criar um hiperlink para outra planilha?\" \/>\n<meta property=\"og:description\" content=\"Este tutorial ajuda voc\u00ea a aprender como vincular uma planilha a outra planilha. Isso pode ajud\u00e1-lo a navegar facilmente entre as pastas de trabalho.\" \/>\n<meta property=\"og:url\" content=\"https:\/\/exceladvisor.org\/pt\/link-para-outra-planilha\/\" \/>\n<meta property=\"og:site_name\" content=\"Excel Advisor\" \/>\n<meta property=\"article:modified_time\" content=\"2023-12-06T11:37:45+00:00\" \/>\n<meta property=\"og:image\" content=\"https:\/\/exceladvisor.org\/wp-content\/uploads\/2023\/08\/1-clic-droit-pour-acceder-au-lien.png\" \/>\n<meta name=\"twitter:card\" content=\"summary_large_image\" \/>\n<meta name=\"twitter:label1\" content=\"Tempo estimado de leitura\" \/>\n\t<meta name=\"twitter:data1\" content=\"3 minutos\" \/>\n<script type=\"application\/ld+json\" class=\"yoast-schema-graph\">{\"@context\":\"https:\/\/schema.org\",\"@graph\":[{\"@type\":\"WebPage\",\"@id\":\"https:\/\/exceladvisor.org\/pt\/link-para-outra-planilha\/\",\"url\":\"https:\/\/exceladvisor.org\/pt\/link-para-outra-planilha\/\",\"name\":\"Como fa\u00e7o para criar um hiperlink para outra planilha?\",\"isPartOf\":{\"@id\":\"https:\/\/exceladvisor.org\/pt\/#website\"},\"primaryImageOfPage\":{\"@id\":\"https:\/\/exceladvisor.org\/pt\/link-para-outra-planilha\/#primaryimage\"},\"image\":{\"@id\":\"https:\/\/exceladvisor.org\/pt\/link-para-outra-planilha\/#primaryimage\"},\"thumbnailUrl\":\"https:\/\/exceladvisor.org\/wp-content\/uploads\/2023\/08\/1-clic-droit-pour-acceder-au-lien.png\",\"datePublished\":\"2023-11-02T20:51:19+00:00\",\"dateModified\":\"2023-12-06T11:37:45+00:00\",\"description\":\"Este tutorial ajuda voc\u00ea a aprender como vincular uma planilha a outra planilha. Isso pode ajud\u00e1-lo a navegar facilmente entre as pastas de trabalho.\",\"breadcrumb\":{\"@id\":\"https:\/\/exceladvisor.org\/pt\/link-para-outra-planilha\/#breadcrumb\"},\"inLanguage\":\"pt-PT\",\"potentialAction\":[{\"@type\":\"ReadAction\",\"target\":[\"https:\/\/exceladvisor.org\/pt\/link-para-outra-planilha\/\"]}]},{\"@type\":\"ImageObject\",\"inLanguage\":\"pt-PT\",\"@id\":\"https:\/\/exceladvisor.org\/pt\/link-para-outra-planilha\/#primaryimage\",\"url\":\"https:\/\/exceladvisor.org\/wp-content\/uploads\/2023\/08\/1-clic-droit-pour-acceder-au-lien.png\",\"contentUrl\":\"https:\/\/exceladvisor.org\/wp-content\/uploads\/2023\/08\/1-clic-droit-pour-acceder-au-lien.png\"},{\"@type\":\"BreadcrumbList\",\"@id\":\"https:\/\/exceladvisor.org\/pt\/link-para-outra-planilha\/#breadcrumb\",\"itemListElement\":[{\"@type\":\"ListItem\",\"position\":1,\"name\":\"Lar\",\"item\":\"https:\/\/exceladvisor.org\/pt\/\"},{\"@type\":\"ListItem\",\"position\":2,\"name\":\"Como fa\u00e7o para criar um hiperlink para outra planilha?\"}]},{\"@type\":\"WebSite\",\"@id\":\"https:\/\/exceladvisor.org\/pt\/#website\",\"url\":\"https:\/\/exceladvisor.org\/pt\/\",\"name\":\"Excel Advisor\",\"description\":\"O seu guia definitivo para dominar os dados!\",\"publisher\":{\"@id\":\"https:\/\/exceladvisor.org\/pt\/#organization\"},\"potentialAction\":[{\"@type\":\"SearchAction\",\"target\":{\"@type\":\"EntryPoint\",\"urlTemplate\":\"https:\/\/exceladvisor.org\/pt\/?s={search_term_string}\"},\"query-input\":{\"@type\":\"PropertyValueSpecification\",\"valueRequired\":true,\"valueName\":\"search_term_string\"}}],\"inLanguage\":\"pt-PT\"},{\"@type\":\"Organization\",\"@id\":\"https:\/\/exceladvisor.org\/pt\/#organization\",\"name\":\"Excel Advisor\",\"url\":\"https:\/\/exceladvisor.org\/pt\/\",\"logo\":{\"@type\":\"ImageObject\",\"inLanguage\":\"pt-PT\",\"@id\":\"https:\/\/exceladvisor.org\/pt\/#\/schema\/logo\/image\/\",\"url\":\"https:\/\/exceladvisor.org\/pt\/wp-content\/uploads\/2023\/12\/exceladvisor.org_.png\",\"contentUrl\":\"https:\/\/exceladvisor.org\/pt\/wp-content\/uploads\/2023\/12\/exceladvisor.org_.png\",\"width\":105,\"height\":36,\"caption\":\"Excel Advisor\"},\"image\":{\"@id\":\"https:\/\/exceladvisor.org\/pt\/#\/schema\/logo\/image\/\"}}]}<\/script>\n<!-- \/ Yoast SEO plugin. -->","yoast_head_json":{"title":"Como fa\u00e7o para criar um hiperlink para outra planilha?","description":"Este tutorial ajuda voc\u00ea a aprender como vincular uma planilha a outra planilha. Isso pode ajud\u00e1-lo a navegar facilmente entre as pastas de trabalho.","robots":{"index":"index","follow":"follow","max-snippet":"max-snippet:-1","max-image-preview":"max-image-preview:large","max-video-preview":"max-video-preview:-1"},"canonical":"https:\/\/exceladvisor.org\/pt\/link-para-outra-planilha\/","og_locale":"pt_PT","og_type":"article","og_title":"Como fa\u00e7o para criar um hiperlink para outra planilha?","og_description":"Este tutorial ajuda voc\u00ea a aprender como vincular uma planilha a outra planilha. Isso pode ajud\u00e1-lo a navegar facilmente entre as pastas de trabalho.","og_url":"https:\/\/exceladvisor.org\/pt\/link-para-outra-planilha\/","og_site_name":"Excel Advisor","article_modified_time":"2023-12-06T11:37:45+00:00","og_image":[{"url":"https:\/\/exceladvisor.org\/wp-content\/uploads\/2023\/08\/1-clic-droit-pour-acceder-au-lien.png","type":"","width":"","height":""}],"twitter_card":"summary_large_image","twitter_misc":{"Tempo estimado de leitura":"3 minutos"},"schema":{"@context":"https:\/\/schema.org","@graph":[{"@type":"WebPage","@id":"https:\/\/exceladvisor.org\/pt\/link-para-outra-planilha\/","url":"https:\/\/exceladvisor.org\/pt\/link-para-outra-planilha\/","name":"Como fa\u00e7o para criar um hiperlink para outra planilha?","isPartOf":{"@id":"https:\/\/exceladvisor.org\/pt\/#website"},"primaryImageOfPage":{"@id":"https:\/\/exceladvisor.org\/pt\/link-para-outra-planilha\/#primaryimage"},"image":{"@id":"https:\/\/exceladvisor.org\/pt\/link-para-outra-planilha\/#primaryimage"},"thumbnailUrl":"https:\/\/exceladvisor.org\/wp-content\/uploads\/2023\/08\/1-clic-droit-pour-acceder-au-lien.png","datePublished":"2023-11-02T20:51:19+00:00","dateModified":"2023-12-06T11:37:45+00:00","description":"Este tutorial ajuda voc\u00ea a aprender como vincular uma planilha a outra planilha. Isso pode ajud\u00e1-lo a navegar facilmente entre as pastas de trabalho.","breadcrumb":{"@id":"https:\/\/exceladvisor.org\/pt\/link-para-outra-planilha\/#breadcrumb"},"inLanguage":"pt-PT","potentialAction":[{"@type":"ReadAction","target":["https:\/\/exceladvisor.org\/pt\/link-para-outra-planilha\/"]}]},{"@type":"ImageObject","inLanguage":"pt-PT","@id":"https:\/\/exceladvisor.org\/pt\/link-para-outra-planilha\/#primaryimage","url":"https:\/\/exceladvisor.org\/wp-content\/uploads\/2023\/08\/1-clic-droit-pour-acceder-au-lien.png","contentUrl":"https:\/\/exceladvisor.org\/wp-content\/uploads\/2023\/08\/1-clic-droit-pour-acceder-au-lien.png"},{"@type":"BreadcrumbList","@id":"https:\/\/exceladvisor.org\/pt\/link-para-outra-planilha\/#breadcrumb","itemListElement":[{"@type":"ListItem","position":1,"name":"Lar","item":"https:\/\/exceladvisor.org\/pt\/"},{"@type":"ListItem","position":2,"name":"Como fa\u00e7o para criar um hiperlink para outra planilha?"}]},{"@type":"WebSite","@id":"https:\/\/exceladvisor.org\/pt\/#website","url":"https:\/\/exceladvisor.org\/pt\/","name":"Excel Advisor","description":"O seu guia definitivo para dominar os dados!","publisher":{"@id":"https:\/\/exceladvisor.org\/pt\/#organization"},"potentialAction":[{"@type":"SearchAction","target":{"@type":"EntryPoint","urlTemplate":"https:\/\/exceladvisor.org\/pt\/?s={search_term_string}"},"query-input":{"@type":"PropertyValueSpecification","valueRequired":true,"valueName":"search_term_string"}}],"inLanguage":"pt-PT"},{"@type":"Organization","@id":"https:\/\/exceladvisor.org\/pt\/#organization","name":"Excel Advisor","url":"https:\/\/exceladvisor.org\/pt\/","logo":{"@type":"ImageObject","inLanguage":"pt-PT","@id":"https:\/\/exceladvisor.org\/pt\/#\/schema\/logo\/image\/","url":"https:\/\/exceladvisor.org\/pt\/wp-content\/uploads\/2023\/12\/exceladvisor.org_.png","contentUrl":"https:\/\/exceladvisor.org\/pt\/wp-content\/uploads\/2023\/12\/exceladvisor.org_.png","width":105,"height":36,"caption":"Excel Advisor"},"image":{"@id":"https:\/\/exceladvisor.org\/pt\/#\/schema\/logo\/image\/"}}]}},"yoast_meta":{"yoast_wpseo_title":"","yoast_wpseo_metadesc":"","yoast_wpseo_canonical":""},"_links":{"self":[{"href":"https:\/\/exceladvisor.org\/pt\/wp-json\/wp\/v2\/pages\/340","targetHints":{"allow":["GET"]}}],"collection":[{"href":"https:\/\/exceladvisor.org\/pt\/wp-json\/wp\/v2\/pages"}],"about":[{"href":"https:\/\/exceladvisor.org\/pt\/wp-json\/wp\/v2\/types\/page"}],"author":[{"embeddable":true,"href":"https:\/\/exceladvisor.org\/pt\/wp-json\/wp\/v2\/users\/1"}],"replies":[{"embeddable":true,"href":"https:\/\/exceladvisor.org\/pt\/wp-json\/wp\/v2\/comments?post=340"}],"version-history":[{"count":1,"href":"https:\/\/exceladvisor.org\/pt\/wp-json\/wp\/v2\/pages\/340\/revisions"}],"predecessor-version":[{"id":1066,"href":"https:\/\/exceladvisor.org\/pt\/wp-json\/wp\/v2\/pages\/340\/revisions\/1066"}],"wp:attachment":[{"href":"https:\/\/exceladvisor.org\/pt\/wp-json\/wp\/v2\/media?parent=340"}],"curies":[{"name":"wp","href":"https:\/\/api.w.org\/{rel}","templated":true}]}}