{"id":341,"date":"2023-11-02T15:07:50","date_gmt":"2023-11-02T15:07:50","guid":{"rendered":"https:\/\/exceladvisor.org\/pt\/se-declaracao\/"},"modified":"2023-12-06T11:50:34","modified_gmt":"2023-12-06T11:50:34","slug":"se-declaracao","status":"publish","type":"page","link":"https:\/\/exceladvisor.org\/pt\/se-declaracao\/","title":{"rendered":"Consulta avan\u00e7ada: instru\u00e7\u00e3o if"},"content":{"rendered":"<div class=\"excel-before-content-2\" id=\"excel-1281855079\"><script type=\"text\/javascript\">\r\n\tatOptions = {\r\n\t\t'key' : 'c1158f160081d6540a8409e6925dab94',\r\n\t\t'format' : 'iframe',\r\n\t\t'height' : 250,\r\n\t\t'width' : 300,\r\n\t\t'params' : {}\r\n\t};\r\n<\/script>\r\n<script type=\"text\/javascript\" src=\"\/\/www.highperformanceformat.com\/c1158f160081d6540a8409e6925dab94\/invoke.js\"><\/script><\/div><div class=\"excel-before-content\" id=\"excel-2669749008\"><script type=\"text\/javascript\">\r\n\tatOptions = {\r\n\t\t'key' : 'c1158f160081d6540a8409e6925dab94',\r\n\t\t'format' : 'iframe',\r\n\t\t'height' : 250,\r\n\t\t'width' : 300,\r\n\t\t'params' : {}\r\n\t};\r\n<\/script>\r\n<script type=\"text\/javascript\" src=\"\/\/www.highperformanceformat.com\/c1158f160081d6540a8409e6925dab94\/invoke.js\"><\/script><\/div> <p>No Power Query, se voc\u00ea deseja criar uma instru\u00e7\u00e3o IF, existe uma op\u00e7\u00e3o espec\u00edfica para ajud\u00e1-lo a escrev\u00ea-la sem f\u00f3rmula. Por exemplo, abaixo est\u00e1 uma lista de n\u00fameros (100) na coluna A. <\/p><div class=\"wp-block-image\"><figure class=\"aligncenter size-full is-resized\"><img loading=\"lazy\" decoding=\"async\" class=\"wp-image-88939\" src=\"https:\/\/exceladvisor.org\/wp-content\/uploads\/2023\/08\/1-instruction-if-dans-la-requete-de-puissance.png\" sizes=\"auto, \" srcset=\"\" alt=\"instru\u00e7\u00e3o if em consulta poderosa\" width=\"224\" height=\"222\"><\/figure><\/div><p> Voc\u00ea precisa de uma nova coluna com instru\u00e7\u00e3o IF para verificar se um n\u00famero \u00e9 maior ou igual a 1000.<\/p><h2 class=\"wp-block-heading\"> Use IF no Power Query<\/h2><p> Aqui est\u00e3o as etapas para escrever uma instru\u00e7\u00e3o IF no Power Query:<\/p><ol><li> Primeiro, selecione uma c\u00e9lula e v\u00e1 para a guia Dados &gt; Obter dados &gt; De outras fontes &gt; Da tabela\/intervalo. <br><img loading=\"lazy\" decoding=\"async\" title=\"2-use-if-in-power-query\" src=\"https:\/\/exceladvisor.org\/wp-content\/uploads\/2023\/08\/2-utiliser-si-dans-la-requete-de-puissance.png\" sizes=\"auto, \" srcset=\"\" alt=\"use-if-in-power-query\" width=\"477\" height=\"337\"><\/li><li> Clique em OK para converter os dados em uma tabela e carreg\u00e1-los no editor de consultas avan\u00e7ado. <br><img loading=\"lazy\" decoding=\"async\" title=\"3-converter dados em tabela e carregar\" src=\"https:\/\/exceladvisor.org\/wp-content\/uploads\/2023\/08\/3-convertir-les-donnees-en-table-et-charger.png\" sizes=\"auto, \" srcset=\"\" alt=\"convert-data-into-table-and-load\" width=\"369\" height=\"133\"><\/li><li> V\u00e1 para a guia \u201cAdicionar Coluna\u201d no Powerful Query Editor e clique em \u201cColuna Condicional\u201d. <br><img loading=\"lazy\" decoding=\"async\" title=\"Coluna condicional em 4 cliques\" src=\"https:\/\/exceladvisor.org\/wp-content\/uploads\/2023\/08\/Colonne-conditionnelle-en-4-clics.png\" sizes=\"auto, \" srcset=\"\" alt=\"click-conditional-column\" width=\"499\" height=\"271\"><\/li><li> E quando voc\u00ea clica no bot\u00e3o, ser\u00e1 exibida uma caixa de di\u00e1logo para criar a instru\u00e7\u00e3o condicional. <br><img loading=\"lazy\" decoding=\"async\" title=\"5 caixas de di\u00e1logo para criar uma instru\u00e7\u00e3o condicional\" src=\"https:\/\/exceladvisor.org\/wp-content\/uploads\/2023\/08\/5-boite-de-dialogue-pour-creer-une-instruction-conditionnelle.png\" sizes=\"auto, \" srcset=\"\" alt=\"dialog-box-to-create-conditional-statement\" width=\"658\" height=\"271\"><\/li><li id=\"block-12d1fea2-fe89-41da-ac3f-76a8f6ad6909\" class=\"block-editor-block-list__block wp-block is-selected wp-block-list-item block-editor-block-list__layout tcb-style-wrap\" tabindex=\"0\" role=\"document\" aria-label=\"Block: List item\" data-block=\"12d1fea2-fe89-41da-ac3f-76a8f6ad6909\" data-type=\"core\/list-item\" data-title=\"List item\"><div class=\"block-editor-rich-text__editable rich-text\" style=\"white-space: pre-wrap; min-width: 1px;\" role=\"textbox\" contenteditable=\"true\" aria-multiline=\"true\" aria-label=\"List text\"> Voc\u00ea precisa seguir as etapas abaixo: <\/div><ol id=\"block-13e8ba86-7e9d-4dfa-85f8-8e7781c51f00\" class=\"block-editor-block-list__block wp-block wp-block-list block-editor-block-list__layout tcb-style-wrap\" tabindex=\"0\" role=\"document\" aria-label=\"Block: List\" data-block=\"13e8ba86-7e9d-4dfa-85f8-8e7781c51f00\" data-type=\"core\/list\" data-title=\"List\" data-is-drop-zone=\"true\"><li id=\"block-65da9307-cc10-4433-b081-92a73d2f0951\" class=\"block-editor-block-list__block wp-block wp-block-list-item block-editor-block-list__layout tcb-style-wrap\" tabindex=\"0\" role=\"document\" aria-label=\"Block: List item\" data-block=\"65da9307-cc10-4433-b081-92a73d2f0951\" data-type=\"core\/list-item\" data-title=\"List item\"><div class=\"block-editor-rich-text__editable rich-text\" style=\"white-space: pre-wrap; min-width: 1px;\" role=\"textbox\" contenteditable=\"true\" aria-multiline=\"true\" aria-label=\"List text\"> Insira o novo nome da coluna \u201cStatus\u201d. <\/div><\/li><li id=\"block-f8f0d664-28ef-4f73-ba86-551008a23a8f\" class=\"block-editor-block-list__block wp-block wp-block-list-item block-editor-block-list__layout tcb-style-wrap\" tabindex=\"0\" role=\"document\" aria-label=\"Block: List item\" data-block=\"f8f0d664-28ef-4f73-ba86-551008a23a8f\" data-type=\"core\/list-item\" data-title=\"List item\"><div class=\"block-editor-rich-text__editable rich-text\" style=\"white-space: pre-wrap; min-width: 1px;\" role=\"textbox\" contenteditable=\"true\" aria-multiline=\"true\" aria-label=\"List text\"> Selecione a coluna \u201cN\u00fameros\u201d. <\/div><\/li><li id=\"block-69edee46-70e4-4e1b-9a47-949b59b1ce26\" class=\"block-editor-block-list__block wp-block wp-block-list-item block-editor-block-list__layout tcb-style-wrap\" tabindex=\"0\" role=\"document\" aria-label=\"Block: List item\" data-block=\"69edee46-70e4-4e1b-9a47-949b59b1ce26\" data-type=\"core\/list-item\" data-title=\"List item\"><div class=\"block-editor-rich-text__editable rich-text\" style=\"white-space: pre-wrap; min-width: 1px;\" role=\"textbox\" contenteditable=\"true\" aria-multiline=\"true\" aria-label=\"List text\"> Use o operador \u201c\u00e9 maior ou igual a\u201d. <\/div><\/li><li id=\"block-b5df48b9-7ab0-4e28-abe7-494ef564e69c\" class=\"block-editor-block-list__block wp-block wp-block-list-item block-editor-block-list__layout tcb-style-wrap\" tabindex=\"0\" role=\"document\" aria-label=\"Block: List item\" data-block=\"b5df48b9-7ab0-4e28-abe7-494ef564e69c\" data-type=\"core\/list-item\" data-title=\"List item\"><div class=\"block-editor-rich-text__editable rich-text\" style=\"white-space: pre-wrap; min-width: 1px;\" role=\"textbox\" contenteditable=\"true\" aria-multiline=\"true\" aria-label=\"List text\"> Insira o valor \u201c1000\u201d. <\/div><\/li><li id=\"block-4aa8de0b-76a9-483f-9d10-6bb90baf0c60\" class=\"block-editor-block-list__block wp-block wp-block-list-item block-editor-block-list__layout tcb-style-wrap\" tabindex=\"0\" role=\"document\" aria-label=\"Block: List item\" data-block=\"4aa8de0b-76a9-483f-9d10-6bb90baf0c60\" data-type=\"core\/list-item\" data-title=\"List item\"><div class=\"block-editor-rich-text__editable rich-text\" style=\"white-space: pre-wrap; min-width: 1px;\" role=\"textbox\" contenteditable=\"true\" aria-multiline=\"true\" aria-label=\"List text\"> \u201cSim\u201d para sa\u00edda. <\/div><\/li><li id=\"block-5bbc9f99-1ac7-479d-80d8-b531b968581e\" class=\"block-editor-block-list__block wp-block wp-block-list-item block-editor-block-list__layout tcb-style-wrap\" tabindex=\"0\" role=\"document\" aria-label=\"Block: List item\" data-block=\"5bbc9f99-1ac7-479d-80d8-b531b968581e\" data-type=\"core\/list-item\" data-title=\"List item\"><div class=\"block-editor-rich-text__editable rich-text\" style=\"white-space: pre-wrap; min-width: 1px;\" role=\"textbox\" contenteditable=\"true\" aria-multiline=\"true\" aria-label=\"List text\"> \u201cN\u00e3o\u201d para o resto. <\/div><\/li><li id=\"block-0841c1ed-0853-42a0-ae07-8585ec60b6a6\" class=\"block-editor-block-list__block wp-block wp-block-list-item block-editor-block-list__layout tcb-style-wrap\" tabindex=\"0\" role=\"document\" aria-label=\"Block: List item\" data-block=\"0841c1ed-0853-42a0-ae07-8585ec60b6a6\" data-type=\"core\/list-item\" data-title=\"List item\"><div class=\"block-editor-rich-text__editable rich-text\" style=\"white-space: pre-wrap; min-width: 1px;\" role=\"textbox\" contenteditable=\"true\" aria-multiline=\"true\" aria-label=\"List text\"> Clique OK. <\/div><\/li><\/ol><p><img loading=\"lazy\" decoding=\"async\" title=\"6-adicionar instru\u00e7\u00e3o condicional\" src=\"https:\/\/exceladvisor.org\/wp-content\/uploads\/2023\/08\/6-ajouter-une-instruction-conditionnelle.png\" sizes=\"auto, \" srcset=\"\" alt=\"add-conditional-statement\" width=\"661\" height=\"276\"><\/p><\/li><\/ol><p> Com a instru\u00e7\u00e3o IF acima, voc\u00ea est\u00e1 dizendo ao PowerQuery para criar uma nova coluna onde use \u201cSim\u201d se o n\u00famero for maior ou igual a \u201c1000\u201d, caso contr\u00e1rio \u201cN\u00e3o\u201d. E no momento em que voc\u00ea pressiona Enter, ele entra em uma nova coluna com a condi\u00e7\u00e3o que voc\u00ea escreveu. <\/p><div class=\"wp-block-image\"><figure class=\"aligncenter size-full is-resized\"><img loading=\"lazy\" decoding=\"async\" class=\"wp-image-88945\" src=\"https:\/\/exceladvisor.org\/wp-content\/uploads\/2023\/08\/7-nouvelle-colonne-avec-la-condition-que-vous-avez-ecrite.png\" sizes=\"auto, \" srcset=\"\" alt=\"nova-coluna-com-a-condi\u00e7\u00e3o-que-voc\u00ea-escreveu\" width=\"377\" height=\"343\"><\/figure><\/div><h2 class=\"wp-block-heading\"> Usando IF com ELSE-IF no Power Query (IF aninhado)<\/h2><p> Voc\u00ea tamb\u00e9m tem a op\u00e7\u00e3o de usar a instru\u00e7\u00e3o else if com o IF (aninhado). Voc\u00ea pode ver uma op\u00e7\u00e3o para adicion\u00e1-lo na caixa de di\u00e1logo da instru\u00e7\u00e3o IF. <\/p><div class=\"wp-block-image\"><figure class=\"aligncenter size-full is-resized\"><img loading=\"lazy\" decoding=\"async\" class=\"wp-image-88946\" src=\"https:\/\/exceladvisor.org\/wp-content\/uploads\/2023\/08\/8-si-avec-elseif-dans-la-requete-de-puissance.png\" sizes=\"auto, \" srcset=\"\" alt=\"consulta if-with-else-if-in-power\" width=\"550\" height=\"311\"><\/figure><\/div><ol><li> Ao clicar no bot\u00e3o \u201cAdicionar cl\u00e1usula\u201d, voc\u00ea receber\u00e1 uma instru\u00e7\u00e3o Else IF, assim como IF, e agora voc\u00ea precisa inserir os detalhes aqui. <br><img loading=\"lazy\" decoding=\"async\" title=\"9-add-clause-to-get-elseif-statement\" src=\"https:\/\/exceladvisor.org\/wp-content\/uploads\/2023\/08\/9-ajouter-une-clause-pour-obtenir-une-instruction-elseif.png\" sizes=\"auto, \" srcset=\"\" alt=\"add-clause-to-get-else-if-statement\" width=\"831\" height=\"247\"><\/li><li> Aqui usarei o operador maior que e igual para obter o valor &#8220;Talvez&#8221; para n\u00fameros maiores que 500, mas menores que 1000. <br><img loading=\"lazy\" decoding=\"async\" title=\"10-use-maior-e-igual-para-obter-talvez\" src=\"https:\/\/exceladvisor.org\/wp-content\/uploads\/2023\/08\/10-utiliser-superieur-et-egal-a-obtenir-peut-etre.png\" sizes=\"auto, \" srcset=\"\" alt=\"use-greater-than-and-equal-to-get-may-be\" width=\"832\" height=\"252\"><\/li><li> Depois de clicar em OK, voc\u00ea obter\u00e1 tr\u00eas valores diferentes na coluna \u201cStatus\u201d, com base em sua instru\u00e7\u00e3o IF escrita. <br><img loading=\"lazy\" decoding=\"async\" title=\"11-tr\u00eas valores diferentes na coluna\" src=\"https:\/\/exceladvisor.org\/wp-content\/uploads\/2023\/08\/11-trois-valeurs-differentes-dans-la-colonne.png\" sizes=\"auto, \" srcset=\"\" alt=\"three-different-values-in-the-column\" width=\"391\" height=\"286\"><\/li><\/ol><h2 class=\"wp-block-heading\"> Escreva uma f\u00f3rmula SE real<\/h2><p> Sim, voc\u00ea tamb\u00e9m pode escrever uma f\u00f3rmula IF real. Por exemplo, escrever a f\u00f3rmula IF no PowerQuery \u00e9 um pouco diferente no Power Query, mas n\u00e3o muito. Assim, depois de carregar os dados no Advanced Query Editor, v\u00e1 at\u00e9 a aba Coluna e clique no bot\u00e3o \u201cAdicionar Coluna\u201d. <\/p><div class=\"wp-block-image\"><figure class=\"aligncenter size-full is-resized\"><img loading=\"lazy\" decoding=\"async\" class=\"wp-image-88950\" src=\"https:\/\/exceladvisor.org\/wp-content\/uploads\/2023\/08\/12-ecrire-si-la-formule-dans-la-requete-de-puissance.png\" sizes=\"auto, \" srcset=\"\" alt=\"escreva se a f\u00f3rmula na consulta avan\u00e7ada\" width=\"460\" height=\"255\"><\/figure><\/div><p> E ent\u00e3o, insira a f\u00f3rmula abaixo na \u201cbarra de entrada de f\u00f3rmula\u201d.<\/p><pre class=\"wp-block-code\"> <code class=\"language-excel-formula\" lang=\"excel-formula\">=if [Numbers] &gt;= 1000 then \"Yes\" else \"No\"<\/code><\/pre><p> Existem tr\u00eas partes nesta f\u00f3rmula:<\/p><ul><li> if \u2013 condi\u00e7\u00e3o para texto<\/li><li> then \u2013 valor se a condi\u00e7\u00e3o for verdadeira.<\/li><li> else \u2013 valor se a condi\u00e7\u00e3o for falsa.<\/li><\/ul><p> E certifique-se de escrever tudo em letras min\u00fasculas. Ao contr\u00e1rio do Excel, no Power Query voc\u00ea deve consultar todas as colunas da f\u00f3rmula. E tamb\u00e9m temos o operador maior que igual para testar a condi\u00e7\u00e3o. <\/p><div class=\"wp-block-image\"><figure class=\"aligncenter size-full is-resized\"><img loading=\"lazy\" decoding=\"async\" class=\"wp-image-88951\" src=\"https:\/\/exceladvisor.org\/wp-content\/uploads\/2023\/08\/13-font-reference-a-des-colonnes-entieres-dans-la-formule.png\" sizes=\"auto, \" srcset=\"\" alt=\"referir-colunas-inteiras-na-f\u00f3rmula\" width=\"658\" height=\"409\"><\/figure><\/div><p> E, se voc\u00ea quiser criar um if aninhado, voc\u00ea pode fazer isso, como abaixo: <\/p><pre class=\"wp-block-code\"> <code class=\"language-excel-formula\" lang=\"excel-formula\">=if [Numbers] &gt;= 1000 then \"Yes\" else if [Numbers] &gt;= 500 then \"May Be\" else \"No\"<\/code><\/pre><div class=\"wp-block-image\"><figure class=\"aligncenter size-full is-resized\"><img loading=\"lazy\" decoding=\"async\" class=\"wp-image-88952\" src=\"https:\/\/exceladvisor.org\/wp-content\/uploads\/2023\/08\/14-creer-imbrique-si.png\" sizes=\"auto, \" srcset=\"\" alt=\"criar-aninhado-se\" width=\"668\" height=\"414\"><\/figure><\/div><p> No final, clique em OK para adicionar a coluna. <\/p><div class=\"wp-block-image\"><figure class=\"aligncenter size-full is-resized\"><img loading=\"lazy\" decoding=\"async\" class=\"wp-image-88953\" src=\"https:\/\/exceladvisor.org\/wp-content\/uploads\/2023\/08\/15-cliquez-sur-ok-pour-ajouter-un-nuage.png\" sizes=\"auto, \" srcset=\"\" alt=\"clique em ok para adicionar nuvem\" width=\"405\" height=\"333\"><\/figure><\/div><div class=\"gb-container gb-container-52dfcee1 gb-container-sample-file\"><h2 class=\"gb-headline gb-headline-e289c143 gb-headline-text gb-headline-4f7959c2\"> Obtenha o arquivo Excel<\/h2><p> <a class=\"gb-button gb-button-e88d6bee gb-button-text gb-button-button1\" href=\"https:\/\/exceladvisor.org\/wp-content\/uploads\/2023\/08\/si-requete-de-puissance.xlsx\" rel=\"nofollow\">Download<\/a><\/p><\/div><div class=\"gb-container gb-container-9e2850fe gb-container-mt\"> <a class=\"gb-button gb-button-71636faa gb-button-text gb-button-mt-button\" href=\"https:\/\/exceladvisor.org\/pt\/solicitacao-de-energia\/\">Consulta avan\u00e7ada no Excel (tutorial)<\/a><h2 class=\"gb-headline gb-headline-c566b2ed gb-headline-text gb-headline-mt-heading\"> Tutoriais relacionados <\/h2><div class=\"gb-grid-wrapper gb-grid-wrapper-b15ed1bf gb-grid-wrapper-mt-grid\"><div class=\"gb-grid-column gb-grid-column-6e9de105\"><div class=\"gb-container gb-container-6e9de105\"><ul><li> Mesclar [Combinar] V\u00e1rios ARQUIVOS Excel em UM CADERNO<\/li><li> <a href=\"https:\/\/exceladvisor.org\/pt\/pesquisav-2\/\">Execute VLOOKUP no Power Query no Excel<\/a><\/li><li> <a href=\"https:\/\/exceladvisor.org\/pt\/dados-nao-girados\/\">Remova o piv\u00f4 de dados no Excel usando o Power Query<\/a><\/li><li> <a href=\"https:\/\/exceladvisor.org\/pt\/corrente\/\">Power Query: concatenar valores (texto e n\u00fameros)<\/a><\/li><li> <a href=\"https:\/\/exceladvisor.org\/pt\/diferenca-de-datas\/\">Consulta avan\u00e7ada: diferen\u00e7a de data<\/a> <\/li><\/ul><\/div><\/div><div class=\"gb-grid-column gb-grid-column-4eaecde3\"><div class=\"gb-container gb-container-4eaecde3\"><\/div><\/div><\/div><\/div>","protected":false},"excerpt":{"rendered":"","protected":false},"author":1,"featured_media":0,"parent":0,"menu_order":0,"comment_status":"open","ping_status":"closed","template":"","meta":{"ub_ctt_via":"","footnotes":""},"class_list":["post-341","page","type-page","status-publish","hentry"],"featured_image_src":null,"yoast_head":"<!-- This site is optimized with the Yoast SEO plugin v25.4 - https:\/\/yoast.com\/wordpress\/plugins\/seo\/ -->\n<title>Use a instru\u00e7\u00e3o IF no Power Query para testar condi\u00e7\u00f5es<\/title>\n<meta name=\"description\" content=\"No Power Query, se voc\u00ea deseja criar uma instru\u00e7\u00e3o IF, existe uma op\u00e7\u00e3o espec\u00edfica para ajud\u00e1-lo a escrev\u00ea-la sem f\u00f3rmula.\" \/>\n<meta name=\"robots\" content=\"index, follow, max-snippet:-1, max-image-preview:large, max-video-preview:-1\" \/>\n<link rel=\"canonical\" href=\"https:\/\/exceladvisor.org\/pt\/se-declaracao\/\" \/>\n<meta property=\"og:locale\" content=\"pt_PT\" \/>\n<meta property=\"og:type\" content=\"article\" \/>\n<meta property=\"og:title\" content=\"Use a instru\u00e7\u00e3o IF no Power Query para testar condi\u00e7\u00f5es\" \/>\n<meta property=\"og:description\" content=\"No Power Query, se voc\u00ea deseja criar uma instru\u00e7\u00e3o IF, existe uma op\u00e7\u00e3o espec\u00edfica para ajud\u00e1-lo a escrev\u00ea-la sem f\u00f3rmula.\" \/>\n<meta property=\"og:url\" content=\"https:\/\/exceladvisor.org\/pt\/se-declaracao\/\" \/>\n<meta property=\"og:site_name\" content=\"Excel Advisor\" \/>\n<meta property=\"article:modified_time\" content=\"2023-12-06T11:50:34+00:00\" \/>\n<meta property=\"og:image\" content=\"https:\/\/exceladvisor.org\/wp-content\/uploads\/2023\/08\/1-instruction-if-dans-la-requete-de-puissance.png\" \/>\n<meta name=\"twitter:card\" content=\"summary_large_image\" \/>\n<meta name=\"twitter:label1\" content=\"Tempo estimado de leitura\" \/>\n\t<meta name=\"twitter:data1\" content=\"3 minutos\" \/>\n<script type=\"application\/ld+json\" class=\"yoast-schema-graph\">{\"@context\":\"https:\/\/schema.org\",\"@graph\":[{\"@type\":\"WebPage\",\"@id\":\"https:\/\/exceladvisor.org\/pt\/se-declaracao\/\",\"url\":\"https:\/\/exceladvisor.org\/pt\/se-declaracao\/\",\"name\":\"Use a instru\u00e7\u00e3o IF no Power Query para testar condi\u00e7\u00f5es\",\"isPartOf\":{\"@id\":\"https:\/\/exceladvisor.org\/pt\/#website\"},\"primaryImageOfPage\":{\"@id\":\"https:\/\/exceladvisor.org\/pt\/se-declaracao\/#primaryimage\"},\"image\":{\"@id\":\"https:\/\/exceladvisor.org\/pt\/se-declaracao\/#primaryimage\"},\"thumbnailUrl\":\"https:\/\/exceladvisor.org\/wp-content\/uploads\/2023\/08\/1-instruction-if-dans-la-requete-de-puissance.png\",\"datePublished\":\"2023-11-02T15:07:50+00:00\",\"dateModified\":\"2023-12-06T11:50:34+00:00\",\"description\":\"No Power Query, se voc\u00ea deseja criar uma instru\u00e7\u00e3o IF, existe uma op\u00e7\u00e3o espec\u00edfica para ajud\u00e1-lo a escrev\u00ea-la sem f\u00f3rmula.\",\"breadcrumb\":{\"@id\":\"https:\/\/exceladvisor.org\/pt\/se-declaracao\/#breadcrumb\"},\"inLanguage\":\"pt-PT\",\"potentialAction\":[{\"@type\":\"ReadAction\",\"target\":[\"https:\/\/exceladvisor.org\/pt\/se-declaracao\/\"]}]},{\"@type\":\"ImageObject\",\"inLanguage\":\"pt-PT\",\"@id\":\"https:\/\/exceladvisor.org\/pt\/se-declaracao\/#primaryimage\",\"url\":\"https:\/\/exceladvisor.org\/wp-content\/uploads\/2023\/08\/1-instruction-if-dans-la-requete-de-puissance.png\",\"contentUrl\":\"https:\/\/exceladvisor.org\/wp-content\/uploads\/2023\/08\/1-instruction-if-dans-la-requete-de-puissance.png\"},{\"@type\":\"BreadcrumbList\",\"@id\":\"https:\/\/exceladvisor.org\/pt\/se-declaracao\/#breadcrumb\",\"itemListElement\":[{\"@type\":\"ListItem\",\"position\":1,\"name\":\"Lar\",\"item\":\"https:\/\/exceladvisor.org\/pt\/\"},{\"@type\":\"ListItem\",\"position\":2,\"name\":\"Consulta avan\u00e7ada: instru\u00e7\u00e3o if\"}]},{\"@type\":\"WebSite\",\"@id\":\"https:\/\/exceladvisor.org\/pt\/#website\",\"url\":\"https:\/\/exceladvisor.org\/pt\/\",\"name\":\"Excel Advisor\",\"description\":\"O seu guia definitivo para dominar os dados!\",\"publisher\":{\"@id\":\"https:\/\/exceladvisor.org\/pt\/#organization\"},\"potentialAction\":[{\"@type\":\"SearchAction\",\"target\":{\"@type\":\"EntryPoint\",\"urlTemplate\":\"https:\/\/exceladvisor.org\/pt\/?s={search_term_string}\"},\"query-input\":{\"@type\":\"PropertyValueSpecification\",\"valueRequired\":true,\"valueName\":\"search_term_string\"}}],\"inLanguage\":\"pt-PT\"},{\"@type\":\"Organization\",\"@id\":\"https:\/\/exceladvisor.org\/pt\/#organization\",\"name\":\"Excel Advisor\",\"url\":\"https:\/\/exceladvisor.org\/pt\/\",\"logo\":{\"@type\":\"ImageObject\",\"inLanguage\":\"pt-PT\",\"@id\":\"https:\/\/exceladvisor.org\/pt\/#\/schema\/logo\/image\/\",\"url\":\"https:\/\/exceladvisor.org\/pt\/wp-content\/uploads\/2023\/12\/exceladvisor.org_.png\",\"contentUrl\":\"https:\/\/exceladvisor.org\/pt\/wp-content\/uploads\/2023\/12\/exceladvisor.org_.png\",\"width\":105,\"height\":36,\"caption\":\"Excel Advisor\"},\"image\":{\"@id\":\"https:\/\/exceladvisor.org\/pt\/#\/schema\/logo\/image\/\"}}]}<\/script>\n<!-- \/ Yoast SEO plugin. -->","yoast_head_json":{"title":"Use a instru\u00e7\u00e3o IF no Power Query para testar condi\u00e7\u00f5es","description":"No Power Query, se voc\u00ea deseja criar uma instru\u00e7\u00e3o IF, existe uma op\u00e7\u00e3o espec\u00edfica para ajud\u00e1-lo a escrev\u00ea-la sem f\u00f3rmula.","robots":{"index":"index","follow":"follow","max-snippet":"max-snippet:-1","max-image-preview":"max-image-preview:large","max-video-preview":"max-video-preview:-1"},"canonical":"https:\/\/exceladvisor.org\/pt\/se-declaracao\/","og_locale":"pt_PT","og_type":"article","og_title":"Use a instru\u00e7\u00e3o IF no Power Query para testar condi\u00e7\u00f5es","og_description":"No Power Query, se voc\u00ea deseja criar uma instru\u00e7\u00e3o IF, existe uma op\u00e7\u00e3o espec\u00edfica para ajud\u00e1-lo a escrev\u00ea-la sem f\u00f3rmula.","og_url":"https:\/\/exceladvisor.org\/pt\/se-declaracao\/","og_site_name":"Excel Advisor","article_modified_time":"2023-12-06T11:50:34+00:00","og_image":[{"url":"https:\/\/exceladvisor.org\/wp-content\/uploads\/2023\/08\/1-instruction-if-dans-la-requete-de-puissance.png","type":"","width":"","height":""}],"twitter_card":"summary_large_image","twitter_misc":{"Tempo estimado de leitura":"3 minutos"},"schema":{"@context":"https:\/\/schema.org","@graph":[{"@type":"WebPage","@id":"https:\/\/exceladvisor.org\/pt\/se-declaracao\/","url":"https:\/\/exceladvisor.org\/pt\/se-declaracao\/","name":"Use a instru\u00e7\u00e3o IF no Power Query para testar condi\u00e7\u00f5es","isPartOf":{"@id":"https:\/\/exceladvisor.org\/pt\/#website"},"primaryImageOfPage":{"@id":"https:\/\/exceladvisor.org\/pt\/se-declaracao\/#primaryimage"},"image":{"@id":"https:\/\/exceladvisor.org\/pt\/se-declaracao\/#primaryimage"},"thumbnailUrl":"https:\/\/exceladvisor.org\/wp-content\/uploads\/2023\/08\/1-instruction-if-dans-la-requete-de-puissance.png","datePublished":"2023-11-02T15:07:50+00:00","dateModified":"2023-12-06T11:50:34+00:00","description":"No Power Query, se voc\u00ea deseja criar uma instru\u00e7\u00e3o IF, existe uma op\u00e7\u00e3o espec\u00edfica para ajud\u00e1-lo a escrev\u00ea-la sem f\u00f3rmula.","breadcrumb":{"@id":"https:\/\/exceladvisor.org\/pt\/se-declaracao\/#breadcrumb"},"inLanguage":"pt-PT","potentialAction":[{"@type":"ReadAction","target":["https:\/\/exceladvisor.org\/pt\/se-declaracao\/"]}]},{"@type":"ImageObject","inLanguage":"pt-PT","@id":"https:\/\/exceladvisor.org\/pt\/se-declaracao\/#primaryimage","url":"https:\/\/exceladvisor.org\/wp-content\/uploads\/2023\/08\/1-instruction-if-dans-la-requete-de-puissance.png","contentUrl":"https:\/\/exceladvisor.org\/wp-content\/uploads\/2023\/08\/1-instruction-if-dans-la-requete-de-puissance.png"},{"@type":"BreadcrumbList","@id":"https:\/\/exceladvisor.org\/pt\/se-declaracao\/#breadcrumb","itemListElement":[{"@type":"ListItem","position":1,"name":"Lar","item":"https:\/\/exceladvisor.org\/pt\/"},{"@type":"ListItem","position":2,"name":"Consulta avan\u00e7ada: instru\u00e7\u00e3o if"}]},{"@type":"WebSite","@id":"https:\/\/exceladvisor.org\/pt\/#website","url":"https:\/\/exceladvisor.org\/pt\/","name":"Excel Advisor","description":"O seu guia definitivo para dominar os dados!","publisher":{"@id":"https:\/\/exceladvisor.org\/pt\/#organization"},"potentialAction":[{"@type":"SearchAction","target":{"@type":"EntryPoint","urlTemplate":"https:\/\/exceladvisor.org\/pt\/?s={search_term_string}"},"query-input":{"@type":"PropertyValueSpecification","valueRequired":true,"valueName":"search_term_string"}}],"inLanguage":"pt-PT"},{"@type":"Organization","@id":"https:\/\/exceladvisor.org\/pt\/#organization","name":"Excel Advisor","url":"https:\/\/exceladvisor.org\/pt\/","logo":{"@type":"ImageObject","inLanguage":"pt-PT","@id":"https:\/\/exceladvisor.org\/pt\/#\/schema\/logo\/image\/","url":"https:\/\/exceladvisor.org\/pt\/wp-content\/uploads\/2023\/12\/exceladvisor.org_.png","contentUrl":"https:\/\/exceladvisor.org\/pt\/wp-content\/uploads\/2023\/12\/exceladvisor.org_.png","width":105,"height":36,"caption":"Excel Advisor"},"image":{"@id":"https:\/\/exceladvisor.org\/pt\/#\/schema\/logo\/image\/"}}]}},"yoast_meta":{"yoast_wpseo_title":"","yoast_wpseo_metadesc":"","yoast_wpseo_canonical":""},"_links":{"self":[{"href":"https:\/\/exceladvisor.org\/pt\/wp-json\/wp\/v2\/pages\/341","targetHints":{"allow":["GET"]}}],"collection":[{"href":"https:\/\/exceladvisor.org\/pt\/wp-json\/wp\/v2\/pages"}],"about":[{"href":"https:\/\/exceladvisor.org\/pt\/wp-json\/wp\/v2\/types\/page"}],"author":[{"embeddable":true,"href":"https:\/\/exceladvisor.org\/pt\/wp-json\/wp\/v2\/users\/1"}],"replies":[{"embeddable":true,"href":"https:\/\/exceladvisor.org\/pt\/wp-json\/wp\/v2\/comments?post=341"}],"version-history":[{"count":1,"href":"https:\/\/exceladvisor.org\/pt\/wp-json\/wp\/v2\/pages\/341\/revisions"}],"predecessor-version":[{"id":1403,"href":"https:\/\/exceladvisor.org\/pt\/wp-json\/wp\/v2\/pages\/341\/revisions\/1403"}],"wp:attachment":[{"href":"https:\/\/exceladvisor.org\/pt\/wp-json\/wp\/v2\/media?parent=341"}],"curies":[{"name":"wp","href":"https:\/\/api.w.org\/{rel}","templated":true}]}}