{"id":342,"date":"2023-11-02T14:37:33","date_gmt":"2023-11-02T14:37:33","guid":{"rendered":"https:\/\/exceladvisor.org\/pt\/pare-se-for-verdade-2\/"},"modified":"2023-12-06T11:41:45","modified_gmt":"2023-12-06T11:41:45","slug":"pare-se-for-verdade-2","status":"publish","type":"page","link":"https:\/\/exceladvisor.org\/pt\/pare-se-for-verdade-2\/","title":{"rendered":"Como parar if true na formata\u00e7\u00e3o condicional?"},"content":{"rendered":"<div class=\"excel-before-content-2\" id=\"excel-1954492873\"><script type=\"text\/javascript\">\r\n\tatOptions = {\r\n\t\t'key' : 'c1158f160081d6540a8409e6925dab94',\r\n\t\t'format' : 'iframe',\r\n\t\t'height' : 250,\r\n\t\t'width' : 300,\r\n\t\t'params' : {}\r\n\t};\r\n<\/script>\r\n<script type=\"text\/javascript\" src=\"\/\/www.highperformanceformat.com\/c1158f160081d6540a8409e6925dab94\/invoke.js\"><\/script><\/div><div class=\"excel-before-content\" id=\"excel-1607958750\"><script type=\"text\/javascript\">\r\n\tatOptions = {\r\n\t\t'key' : 'c1158f160081d6540a8409e6925dab94',\r\n\t\t'format' : 'iframe',\r\n\t\t'height' : 250,\r\n\t\t'width' : 300,\r\n\t\t'params' : {}\r\n\t};\r\n<\/script>\r\n<script type=\"text\/javascript\" src=\"\/\/www.highperformanceformat.com\/c1158f160081d6540a8409e6925dab94\/invoke.js\"><\/script><\/div> <p>Na formata\u00e7\u00e3o condicional, voc\u00ea poder\u00e1 ver uma caixa de sele\u00e7\u00e3o &#8220;Parar se for verdadeiro&#8221; ao abrir a caixa de di\u00e1logo de gerenciamento de regras. E neste tutorial aprenderemos como usar esta caixa de sele\u00e7\u00e3o.<\/p><h2 class=\"wp-block-heading\"> Para que \u00e9 usado Stop IF True na formata\u00e7\u00e3o condicional?<\/h2><p> Suponha que duas regras se apliquem ao mesmo intervalo de c\u00e9lulas. Com Stop IF True, voc\u00ea pode dizer ao Excel para n\u00e3o usar a segunda regra nas c\u00e9lulas onde a primeira regra \u00e9 TRUE. Neste tutorial, damos um exemplo simples para entender isso.<\/p><h2 class=\"wp-block-heading\"> Exemplo de uso de Stop If True na formata\u00e7\u00e3o condicional<\/h2><p> No exemplo abaixo temos um \u00edcone definido para um intervalo contendo n\u00fameros. <\/p><div class=\"wp-block-image\"><figure class=\"aligncenter size-full is-resized\"><img loading=\"lazy\" decoding=\"async\" class=\"wp-image-91394\" src=\"https:\/\/exceladvisor.org\/wp-content\/uploads\/2023\/08\/1-une-icone-definie-sur-un-arret-de-plage-si-vrai.png\" sizes=\"auto, \" srcset=\"\" alt=\"an-icon-set-on-a-range-stop-if-true-\" width=\"650\" height=\"312\"><\/figure><\/div><p> Nesta regra de conjunto de \u00edcones, voc\u00ea tem pontos verdes para valores acima de 85, pontos amarelos para valores entre 84 e 45 e pontos vermelhos para valores abaixo de 45.<\/p><p> Aqui precisamos apenas de pontos verdes, e a marca de sele\u00e7\u00e3o \u201cStop IF True\u201d pode nos ajudar. Para fazer isso, vamos criar uma nova regra. V\u00e1 para In\u00edcio &gt; Formata\u00e7\u00e3o Condicional &gt; Nova Regra. <\/p><div class=\"wp-block-image\"><figure class=\"aligncenter size-full is-resized\"><img loading=\"lazy\" decoding=\"async\" class=\"wp-image-91395\" src=\"https:\/\/exceladvisor.org\/wp-content\/uploads\/2023\/08\/2-nous-navons-besoin-que-de-points-verts-sarreter-si-vrai.png\" sizes=\"auto, \" srcset=\"\" alt=\"s\u00f3 precisamos de pontos verdes para parar se for verdade\" width=\"205\" height=\"346\"><\/figure><\/div><p> Agora, na caixa de di\u00e1logo da nova regra, clique em \u201cFormatar apenas c\u00e9lulas que contenham\u201d e selecione \u201cn\u00e3o entre\u201d. Depois disso, insira 85 e 100 para criar um intervalo de n\u00fameros.<\/p><p> Com isso voc\u00ea cria uma regra para formatar n\u00fameros que n\u00e3o est\u00e3o neste intervalo. Lembre-se, este \u00e9 o mesmo intervalo de n\u00fameros que n\u00e3o possui um \u00edcone verde na regra de conjunto de \u00edcones j\u00e1 estabelecida. <\/p><div class=\"wp-block-image\"><figure class=\"aligncenter size-full is-resized\"><img loading=\"lazy\" decoding=\"async\" class=\"wp-image-91396\" src=\"https:\/\/exceladvisor.org\/wp-content\/uploads\/2023\/08\/3-creer-une-plage-de-nombres-stop-si-vrai.png\" sizes=\"auto, \" srcset=\"\" alt=\"criar-um-intervalo-de-n\u00fameros-parar-se-verdadeiro\" width=\"601\" height=\"372\"><\/figure><\/div><p> Nesta regra, voc\u00ea n\u00e3o precisa especificar nenhuma formata\u00e7\u00e3o. Ent\u00e3o, clique em OK para criar a regra. E quando voc\u00ea clica em OK, n\u00e3o far\u00e1 nada.<\/p><p> Novamente, v\u00e1 para Home &gt; Formata\u00e7\u00e3o Condicional &gt; Gerenciador de Regras. E a partir da\u00ed, marque a caixa \u201cStop IF True\u201d e clique em Aplicar. <\/p><div class=\"wp-block-image\"><figure class=\"aligncenter size-full is-resized\"><img loading=\"lazy\" decoding=\"async\" class=\"wp-image-91397\" src=\"https:\/\/exceladvisor.org\/wp-content\/uploads\/2023\/08\/4-case-a-cocher-et-cliquez-sur-appliquer-stop-si-vrai.png\" sizes=\"auto, \" srcset=\"\" alt=\"caixa de sele\u00e7\u00e3o e clique em aplicar, parar se for verdade\" width=\"811\" height=\"498\"><\/figure><\/div><p> E no momento em que voc\u00ea clicar em OK, aparecer\u00e1 um \u00edcone verde nas c\u00e9lulas onde os valores s\u00e3o maiores ou iguais a 85.<\/p><p> Stop IF True funciona com base na ordem das regras que voc\u00ea possui no Gerenciador de regras. Portanto, quando h\u00e1 c\u00e9lulas onde a regra \u00e9 verdadeira, nenhuma outra regra \u00e9 aplicada a essas c\u00e9lulas.<\/p><p> E o mesmo acontece aqui quando a primeira regra, que aplicamos \u00e0s c\u00e9lulas com valor de 0 a 84, \u00e9 verdadeira; n\u00e3o se aplica a segunda regra a essas c\u00e9lulas, por isso s\u00f3 temos \u00edcones verdes. <\/p><div class=\"gb-container gb-container-52dfcee1 gb-container-sample-file\"><h2 class=\"gb-headline gb-headline-e289c143 gb-headline-text gb-headline-4f7959c2\"> Obtenha o arquivo Excel<\/h2> <a class=\"gb-button gb-button-e88d6bee gb-button-text gb-button-button1\" href=\"https:\/\/exceladvisor.org\/wp-content\/uploads\/2023\/11\/stop-si-vrai.xlsx\" rel=\"nofollow\">Download<\/a><\/div><div class=\"gb-container gb-container-6076ba72 gb-container-mt\"> <a class=\"gb-button gb-button-76e6a499 gb-button-text gb-button-mt-button\" href=\"https:\/\/exceladvisor.org\/pt\/nocoes-basicas-de-excel\/\">Aprenda o b\u00e1sico do Excel<\/a><h2 class=\"gb-headline gb-headline-a9e9e206 gb-headline-text gb-headline-mt-heading\"> Saiba mais sobre <a href=\"https:\/\/exceladvisor.org\/pt\/formatacao-condicional\/\">formata\u00e7\u00e3o condicional<\/a> <\/h2><div class=\"gb-grid-wrapper gb-grid-wrapper-790317cb gb-grid-wrapper-mt-grid\"><div class=\"gb-grid-column gb-grid-column-a9845ede\"><div class=\"gb-container gb-container-a9845ede\"><ul><li> <a href=\"https:\/\/exceladvisor.org\/pt\/aplicar-formatacao-condicional\/\">Aplicar formata\u00e7\u00e3o condicional a uma tabela din\u00e2mica<\/a><\/li><li> <a href=\"https:\/\/exceladvisor.org\/pt\/retirar\/\">Remover formata\u00e7\u00e3o condicional<\/a><\/li><li> <a href=\"https:\/\/exceladvisor.org\/pt\/celulas-vazias\/\">Aplicar formata\u00e7\u00e3o condicional em c\u00e9lulas em branco no Excel<\/a><\/li><li> <a href=\"https:\/\/exceladvisor.org\/pt\/comparar-colunas\/\">Compare duas colunas usando formata\u00e7\u00e3o condicional<\/a><\/li><li> <a href=\"https:\/\/exceladvisor.org\/pt\/outra-celula\/\">Aplicar formata\u00e7\u00e3o condicional com base em outra c\u00e9lula<\/a><\/li><\/ul><\/div><\/div><\/div><\/div>","protected":false},"excerpt":{"rendered":"","protected":false},"author":1,"featured_media":0,"parent":0,"menu_order":0,"comment_status":"open","ping_status":"closed","template":"","meta":{"ub_ctt_via":"","footnotes":""},"class_list":["post-342","page","type-page","status-publish","hentry"],"featured_image_src":null,"yoast_head":"<!-- This site is optimized with the Yoast SEO plugin v25.4 - https:\/\/yoast.com\/wordpress\/plugins\/seo\/ -->\n<title>Como parar IF True na formata\u00e7\u00e3o condicional do Excel?<\/title>\n<meta name=\"description\" content=\"Voc\u00ea poder\u00e1 ver uma caixa de sele\u00e7\u00e3o &quot;Stop IF True&quot; ao abrir a caixa de di\u00e1logo de gerenciamento de regras.\" \/>\n<meta name=\"robots\" content=\"index, follow, max-snippet:-1, max-image-preview:large, max-video-preview:-1\" \/>\n<link rel=\"canonical\" href=\"https:\/\/exceladvisor.org\/pt\/pare-se-for-verdade-2\/\" \/>\n<meta property=\"og:locale\" content=\"pt_PT\" \/>\n<meta property=\"og:type\" content=\"article\" \/>\n<meta property=\"og:title\" content=\"Como parar IF True na formata\u00e7\u00e3o condicional do Excel?\" \/>\n<meta property=\"og:description\" content=\"Voc\u00ea poder\u00e1 ver uma caixa de sele\u00e7\u00e3o &quot;Stop IF True&quot; ao abrir a caixa de di\u00e1logo de gerenciamento de regras.\" \/>\n<meta property=\"og:url\" content=\"https:\/\/exceladvisor.org\/pt\/pare-se-for-verdade-2\/\" \/>\n<meta property=\"og:site_name\" content=\"Excel Advisor\" \/>\n<meta property=\"article:modified_time\" content=\"2023-12-06T11:41:45+00:00\" \/>\n<meta property=\"og:image\" content=\"https:\/\/exceladvisor.org\/wp-content\/uploads\/2023\/08\/1-une-icone-definie-sur-un-arret-de-plage-si-vrai.png\" \/>\n<meta name=\"twitter:card\" content=\"summary_large_image\" \/>\n<meta name=\"twitter:label1\" content=\"Tempo estimado de leitura\" \/>\n\t<meta name=\"twitter:data1\" content=\"2 minutos\" \/>\n<script type=\"application\/ld+json\" class=\"yoast-schema-graph\">{\"@context\":\"https:\/\/schema.org\",\"@graph\":[{\"@type\":\"WebPage\",\"@id\":\"https:\/\/exceladvisor.org\/pt\/pare-se-for-verdade-2\/\",\"url\":\"https:\/\/exceladvisor.org\/pt\/pare-se-for-verdade-2\/\",\"name\":\"Como parar IF True na formata\u00e7\u00e3o condicional do Excel?\",\"isPartOf\":{\"@id\":\"https:\/\/exceladvisor.org\/pt\/#website\"},\"primaryImageOfPage\":{\"@id\":\"https:\/\/exceladvisor.org\/pt\/pare-se-for-verdade-2\/#primaryimage\"},\"image\":{\"@id\":\"https:\/\/exceladvisor.org\/pt\/pare-se-for-verdade-2\/#primaryimage\"},\"thumbnailUrl\":\"https:\/\/exceladvisor.org\/wp-content\/uploads\/2023\/08\/1-une-icone-definie-sur-un-arret-de-plage-si-vrai.png\",\"datePublished\":\"2023-11-02T14:37:33+00:00\",\"dateModified\":\"2023-12-06T11:41:45+00:00\",\"description\":\"Voc\u00ea poder\u00e1 ver uma caixa de sele\u00e7\u00e3o &quot;Stop IF True&quot; ao abrir a caixa de di\u00e1logo de gerenciamento de regras.\",\"breadcrumb\":{\"@id\":\"https:\/\/exceladvisor.org\/pt\/pare-se-for-verdade-2\/#breadcrumb\"},\"inLanguage\":\"pt-PT\",\"potentialAction\":[{\"@type\":\"ReadAction\",\"target\":[\"https:\/\/exceladvisor.org\/pt\/pare-se-for-verdade-2\/\"]}]},{\"@type\":\"ImageObject\",\"inLanguage\":\"pt-PT\",\"@id\":\"https:\/\/exceladvisor.org\/pt\/pare-se-for-verdade-2\/#primaryimage\",\"url\":\"https:\/\/exceladvisor.org\/wp-content\/uploads\/2023\/08\/1-une-icone-definie-sur-un-arret-de-plage-si-vrai.png\",\"contentUrl\":\"https:\/\/exceladvisor.org\/wp-content\/uploads\/2023\/08\/1-une-icone-definie-sur-un-arret-de-plage-si-vrai.png\"},{\"@type\":\"BreadcrumbList\",\"@id\":\"https:\/\/exceladvisor.org\/pt\/pare-se-for-verdade-2\/#breadcrumb\",\"itemListElement\":[{\"@type\":\"ListItem\",\"position\":1,\"name\":\"Lar\",\"item\":\"https:\/\/exceladvisor.org\/pt\/\"},{\"@type\":\"ListItem\",\"position\":2,\"name\":\"Como parar if true na formata\u00e7\u00e3o condicional?\"}]},{\"@type\":\"WebSite\",\"@id\":\"https:\/\/exceladvisor.org\/pt\/#website\",\"url\":\"https:\/\/exceladvisor.org\/pt\/\",\"name\":\"Excel Advisor\",\"description\":\"O seu guia definitivo para dominar os dados!\",\"publisher\":{\"@id\":\"https:\/\/exceladvisor.org\/pt\/#organization\"},\"potentialAction\":[{\"@type\":\"SearchAction\",\"target\":{\"@type\":\"EntryPoint\",\"urlTemplate\":\"https:\/\/exceladvisor.org\/pt\/?s={search_term_string}\"},\"query-input\":{\"@type\":\"PropertyValueSpecification\",\"valueRequired\":true,\"valueName\":\"search_term_string\"}}],\"inLanguage\":\"pt-PT\"},{\"@type\":\"Organization\",\"@id\":\"https:\/\/exceladvisor.org\/pt\/#organization\",\"name\":\"Excel Advisor\",\"url\":\"https:\/\/exceladvisor.org\/pt\/\",\"logo\":{\"@type\":\"ImageObject\",\"inLanguage\":\"pt-PT\",\"@id\":\"https:\/\/exceladvisor.org\/pt\/#\/schema\/logo\/image\/\",\"url\":\"https:\/\/exceladvisor.org\/pt\/wp-content\/uploads\/2023\/12\/exceladvisor.org_.png\",\"contentUrl\":\"https:\/\/exceladvisor.org\/pt\/wp-content\/uploads\/2023\/12\/exceladvisor.org_.png\",\"width\":105,\"height\":36,\"caption\":\"Excel Advisor\"},\"image\":{\"@id\":\"https:\/\/exceladvisor.org\/pt\/#\/schema\/logo\/image\/\"}}]}<\/script>\n<!-- \/ Yoast SEO plugin. -->","yoast_head_json":{"title":"Como parar IF True na formata\u00e7\u00e3o condicional do Excel?","description":"Voc\u00ea poder\u00e1 ver uma caixa de sele\u00e7\u00e3o &quot;Stop IF True&quot; ao abrir a caixa de di\u00e1logo de gerenciamento de regras.","robots":{"index":"index","follow":"follow","max-snippet":"max-snippet:-1","max-image-preview":"max-image-preview:large","max-video-preview":"max-video-preview:-1"},"canonical":"https:\/\/exceladvisor.org\/pt\/pare-se-for-verdade-2\/","og_locale":"pt_PT","og_type":"article","og_title":"Como parar IF True na formata\u00e7\u00e3o condicional do Excel?","og_description":"Voc\u00ea poder\u00e1 ver uma caixa de sele\u00e7\u00e3o &quot;Stop IF True&quot; ao abrir a caixa de di\u00e1logo de gerenciamento de regras.","og_url":"https:\/\/exceladvisor.org\/pt\/pare-se-for-verdade-2\/","og_site_name":"Excel Advisor","article_modified_time":"2023-12-06T11:41:45+00:00","og_image":[{"url":"https:\/\/exceladvisor.org\/wp-content\/uploads\/2023\/08\/1-une-icone-definie-sur-un-arret-de-plage-si-vrai.png","type":"","width":"","height":""}],"twitter_card":"summary_large_image","twitter_misc":{"Tempo estimado de leitura":"2 minutos"},"schema":{"@context":"https:\/\/schema.org","@graph":[{"@type":"WebPage","@id":"https:\/\/exceladvisor.org\/pt\/pare-se-for-verdade-2\/","url":"https:\/\/exceladvisor.org\/pt\/pare-se-for-verdade-2\/","name":"Como parar IF True na formata\u00e7\u00e3o condicional do Excel?","isPartOf":{"@id":"https:\/\/exceladvisor.org\/pt\/#website"},"primaryImageOfPage":{"@id":"https:\/\/exceladvisor.org\/pt\/pare-se-for-verdade-2\/#primaryimage"},"image":{"@id":"https:\/\/exceladvisor.org\/pt\/pare-se-for-verdade-2\/#primaryimage"},"thumbnailUrl":"https:\/\/exceladvisor.org\/wp-content\/uploads\/2023\/08\/1-une-icone-definie-sur-un-arret-de-plage-si-vrai.png","datePublished":"2023-11-02T14:37:33+00:00","dateModified":"2023-12-06T11:41:45+00:00","description":"Voc\u00ea poder\u00e1 ver uma caixa de sele\u00e7\u00e3o &quot;Stop IF True&quot; ao abrir a caixa de di\u00e1logo de gerenciamento de regras.","breadcrumb":{"@id":"https:\/\/exceladvisor.org\/pt\/pare-se-for-verdade-2\/#breadcrumb"},"inLanguage":"pt-PT","potentialAction":[{"@type":"ReadAction","target":["https:\/\/exceladvisor.org\/pt\/pare-se-for-verdade-2\/"]}]},{"@type":"ImageObject","inLanguage":"pt-PT","@id":"https:\/\/exceladvisor.org\/pt\/pare-se-for-verdade-2\/#primaryimage","url":"https:\/\/exceladvisor.org\/wp-content\/uploads\/2023\/08\/1-une-icone-definie-sur-un-arret-de-plage-si-vrai.png","contentUrl":"https:\/\/exceladvisor.org\/wp-content\/uploads\/2023\/08\/1-une-icone-definie-sur-un-arret-de-plage-si-vrai.png"},{"@type":"BreadcrumbList","@id":"https:\/\/exceladvisor.org\/pt\/pare-se-for-verdade-2\/#breadcrumb","itemListElement":[{"@type":"ListItem","position":1,"name":"Lar","item":"https:\/\/exceladvisor.org\/pt\/"},{"@type":"ListItem","position":2,"name":"Como parar if true na formata\u00e7\u00e3o condicional?"}]},{"@type":"WebSite","@id":"https:\/\/exceladvisor.org\/pt\/#website","url":"https:\/\/exceladvisor.org\/pt\/","name":"Excel Advisor","description":"O seu guia definitivo para dominar os dados!","publisher":{"@id":"https:\/\/exceladvisor.org\/pt\/#organization"},"potentialAction":[{"@type":"SearchAction","target":{"@type":"EntryPoint","urlTemplate":"https:\/\/exceladvisor.org\/pt\/?s={search_term_string}"},"query-input":{"@type":"PropertyValueSpecification","valueRequired":true,"valueName":"search_term_string"}}],"inLanguage":"pt-PT"},{"@type":"Organization","@id":"https:\/\/exceladvisor.org\/pt\/#organization","name":"Excel Advisor","url":"https:\/\/exceladvisor.org\/pt\/","logo":{"@type":"ImageObject","inLanguage":"pt-PT","@id":"https:\/\/exceladvisor.org\/pt\/#\/schema\/logo\/image\/","url":"https:\/\/exceladvisor.org\/pt\/wp-content\/uploads\/2023\/12\/exceladvisor.org_.png","contentUrl":"https:\/\/exceladvisor.org\/pt\/wp-content\/uploads\/2023\/12\/exceladvisor.org_.png","width":105,"height":36,"caption":"Excel Advisor"},"image":{"@id":"https:\/\/exceladvisor.org\/pt\/#\/schema\/logo\/image\/"}}]}},"yoast_meta":{"yoast_wpseo_title":"","yoast_wpseo_metadesc":"","yoast_wpseo_canonical":""},"_links":{"self":[{"href":"https:\/\/exceladvisor.org\/pt\/wp-json\/wp\/v2\/pages\/342","targetHints":{"allow":["GET"]}}],"collection":[{"href":"https:\/\/exceladvisor.org\/pt\/wp-json\/wp\/v2\/pages"}],"about":[{"href":"https:\/\/exceladvisor.org\/pt\/wp-json\/wp\/v2\/types\/page"}],"author":[{"embeddable":true,"href":"https:\/\/exceladvisor.org\/pt\/wp-json\/wp\/v2\/users\/1"}],"replies":[{"embeddable":true,"href":"https:\/\/exceladvisor.org\/pt\/wp-json\/wp\/v2\/comments?post=342"}],"version-history":[{"count":1,"href":"https:\/\/exceladvisor.org\/pt\/wp-json\/wp\/v2\/pages\/342\/revisions"}],"predecessor-version":[{"id":1155,"href":"https:\/\/exceladvisor.org\/pt\/wp-json\/wp\/v2\/pages\/342\/revisions\/1155"}],"wp:attachment":[{"href":"https:\/\/exceladvisor.org\/pt\/wp-json\/wp\/v2\/media?parent=342"}],"curies":[{"name":"wp","href":"https:\/\/api.w.org\/{rel}","templated":true}]}}