{"id":343,"date":"2023-11-02T14:35:11","date_gmt":"2023-11-02T14:35:11","guid":{"rendered":"https:\/\/exceladvisor.org\/pt\/relatorio\/"},"modified":"2023-12-06T11:35:12","modified_gmt":"2023-12-06T11:35:12","slug":"relatorio","status":"publish","type":"page","link":"https:\/\/exceladvisor.org\/pt\/relatorio\/","title":{"rendered":"Como calcular rapidamente a propor\u00e7\u00e3o no excel?"},"content":{"rendered":"<div class=\"excel-before-content-2\" id=\"excel-3024681061\"><script type=\"text\/javascript\">\r\n\tatOptions = {\r\n\t\t'key' : 'c1158f160081d6540a8409e6925dab94',\r\n\t\t'format' : 'iframe',\r\n\t\t'height' : 250,\r\n\t\t'width' : 300,\r\n\t\t'params' : {}\r\n\t};\r\n<\/script>\r\n<script type=\"text\/javascript\" src=\"\/\/www.highperformanceformat.com\/c1158f160081d6540a8409e6925dab94\/invoke.js\"><\/script><\/div><div class=\"excel-before-content\" id=\"excel-2052598250\"><script type=\"text\/javascript\">\r\n\tatOptions = {\r\n\t\t'key' : 'c1158f160081d6540a8409e6925dab94',\r\n\t\t'format' : 'iframe',\r\n\t\t'height' : 250,\r\n\t\t'width' : 300,\r\n\t\t'params' : {}\r\n\t};\r\n<\/script>\r\n<script type=\"text\/javascript\" src=\"\/\/www.highperformanceformat.com\/c1158f160081d6540a8409e6925dab94\/invoke.js\"><\/script><\/div> <p>Uma propor\u00e7\u00e3o \u00e9 um dos m\u00e9todos comuns para comparar dois valores entre si. E isso pode ajud\u00e1-lo a comparar as varia\u00e7\u00f5es entre esses dois valores.<\/p><p> Mesmo no nosso dia a dia, usamos a palavra RATIO para definir a compara\u00e7\u00e3o entre duas coisas diferentes. Quando se trata de Excel, n\u00e3o temos nenhuma fun\u00e7\u00e3o espec\u00edfica que possa nos ajudar a calcular uma propor\u00e7\u00e3o.<\/p><p> Mas voc\u00ea pode calcul\u00e1-lo usando f\u00f3rmulas personalizadas. Ent\u00e3o, hoje, neste artigo, gostaria de mostrar como calcular propor\u00e7\u00f5es usando 4 maneiras diferentes.<\/p><p> Vamos come\u00e7ar e certifique-se de <a style=\"outline: none;\" href=\"https:\/\/exceladvisor.org\/wp-content\/uploads\/2023\/11\/calculer-le-ratio-dans-des-exemples-de-donnees-Excel.xlsx\" rel=\"nofollow\">baixar este arquivo de amostra<\/a> aqui para acompanhar.<\/p><h2 class=\"wp-block-heading\"> 1. Calcule a propor\u00e7\u00e3o usando o m\u00e9todo de divis\u00e3o simples<\/h2><p> Podemos usar este m\u00e9todo quando o maior valor \u00e9 divis\u00edvel pelo menor valor. No exemplo abaixo temos os valores 10 e 2, onde 10 \u00e9 divis\u00edvel por 2. <\/p><div class=\"wp-block-image\"><figure class=\"aligncenter\"><img decoding=\"async\" src=\"https:\/\/exceladvisor.org\/wp-content\/uploads\/2023\/08\/calculer-le-rapport-dans-excel-avec-des-valeurs-de-division-simples-1.png\" sizes=\"\" srcset=\"\" alt=\"calcular propor\u00e7\u00e3o no Excel com valores de divis\u00e3o simples\"><\/figure><\/div><p> Ent\u00e3o voc\u00ea pode usar esse m\u00e9todo aqui. Insira a f\u00f3rmula abaixo na c\u00e9lula e pressione Enter. <\/p><pre class=\"wp-block-code\"> <code class=\"language-excel-formula\" lang=\"excel-formula\">=A2\/B2&amp;\":\"&amp;\"1\"<\/code><\/pre><div class=\"wp-block-image\"><figure class=\"aligncenter\"><img decoding=\"async\" src=\"https:\/\/exceladvisor.org\/wp-content\/uploads\/2023\/08\/calculer-le-rapport-dans-excel-avec-des-valeurs-de-division-simples-entrer-la-formule-1.png\" sizes=\"\" srcset=\"\" alt=\"calcular a propor\u00e7\u00e3o no Excel com valores de divis\u00e3o simples, inserir a f\u00f3rmula\"><\/figure><\/div><h4 class=\"wp-block-heading\"> veja como essa f\u00f3rmula funciona&#8230;<\/h4><p> Nesta f\u00f3rmula, dividimos 10 por 2, o que d\u00e1 5 de retorno. Ent\u00e3o agora temos 5 em vez de 10 dividindo por 2. E do outro lado usamos 1 em vez de 2. <\/p><div class=\"wp-block-image\"><figure class=\"aligncenter\"><img decoding=\"async\" src=\"https:\/\/exceladvisor.org\/wp-content\/uploads\/2023\/08\/comprendre-comment-utiliser-une-division-simple-pour-calculer-le-rapport-dans-Excel-1.png\" sizes=\"\" srcset=\"\" alt=\"entenda como usar divis\u00e3o simples para calcular propor\u00e7\u00e3o no Excel\"><\/figure><\/div><ul><li> <strong>PR\u00d3<\/strong> : #1. Simples de aplicar. #2. F\u00e1cil de entender.<\/li><li> <strong>CONTRA:<\/strong> #1. Uso limitado. #2. N\u00e3o aplic\u00e1vel se o maior valor n\u00e3o for divis\u00edvel pelo menor valor.<\/li><\/ul><h2 class=\"wp-block-heading\"> 2. Fun\u00e7\u00e3o GCD para calcular propor\u00e7\u00e3o no Excel<\/h2><p> Como eu disse, n\u00e3o existe uma fun\u00e7\u00e3o \u00fanica no Excel para calcular a propor\u00e7\u00e3o para voc\u00ea. Mas, a fun\u00e7\u00e3o GCD est\u00e1 bem pr\u00f3xima.<\/p><p> Isso pode ajud\u00e1-lo a obter uma nomenclatura comum para os dois valores e, em seguida, usando um pouco de concatena\u00e7\u00e3o, voc\u00ea pode calcular a propor\u00e7\u00e3o. <\/p><div class=\"wp-block-image\"><figure class=\"aligncenter\"><img decoding=\"async\" src=\"https:\/\/exceladvisor.org\/wp-content\/uploads\/2023\/08\/calculer-la-ration-dans-excel-avec-les-valeurs-de-la-fonction-pgcd-1.png\" sizes=\"\" srcset=\"\" alt=\"calcular relat\u00f3rio no Excel com valores da fun\u00e7\u00e3o GCD\"><\/figure><\/div><p> E para calcular a propor\u00e7\u00e3o, insira a f\u00f3rmula abaixo na c\u00e9lula e pressione Enter. <\/p><pre class=\"wp-block-code\"> <code class=\"language-excel-formula\" lang=\"excel-formula\">=A2\/GCD(A2,B2)&amp;\":\"&amp;B2\/GCD(A2,B2)<\/code><\/pre><div class=\"wp-block-image\"><figure class=\"aligncenter\"><img decoding=\"async\" src=\"https:\/\/exceladvisor.org\/wp-content\/uploads\/2023\/08\/calculer-le-rapport-dans-excel-avec-simple-avec-les-valeurs-de-la-fonction-pgcd-entrer-la-formule-1.png\" sizes=\"\" srcset=\"\" alt=\"calcular a propor\u00e7\u00e3o no Excel com valores simples da fun\u00e7\u00e3o gcd inserir a f\u00f3rmula\"><\/figure><\/div><h4 id=\"tab-con-7\" class=\"wp-block-heading\"> veja como essa f\u00f3rmula funciona&#8230;<\/h4><p> Talvez isso pare\u00e7a complexo para voc\u00ea, mas na verdade \u00e9 simples. Deixe-me explicar isso em duas partes. <\/p><div class=\"wp-block-image\"><figure class=\"aligncenter\"><img decoding=\"async\" src=\"https:\/\/exceladvisor.org\/wp-content\/uploads\/2023\/08\/comprendre-comment-utiliser-pgcd-pour-calculer-le-ratio-dans-excel-1.png\" sizes=\"\" srcset=\"\" alt=\"entenda como usar o mdc para calcular propor\u00e7\u00e3o no excel\"><\/figure><\/div><p> Como eu disse, o GCD pode fornecer um denominador comum para ambos os valores. Ent\u00e3o aqui voc\u00ea precisa usar o GCD em ambas as partes da f\u00f3rmula para obter um denominador comum.<\/p><p> Depois disso, voc\u00ea precisa dividir os dois valores por esse denominador comum. E, no final, uma pequena concatena\u00e7\u00e3o para unir os dois valores usando dois pontos.<\/p><ul><li> <strong>PR\u00d3<\/strong> : #1. \u00c9 uma f\u00f3rmula din\u00e2mica, nem importa se voc\u00ea altera os valores. #2 F\u00e1cil de aplicar.<\/li><li> <strong>CONTRA:<\/strong> #1. A fun\u00e7\u00e3o GCD s\u00f3 funciona com n\u00fameros inteiros e se voc\u00ea tiver decimais em seus valores ela n\u00e3o funcionar\u00e1.<\/li><\/ul><h2 id=\"tab-con-3\" class=\"wp-block-heading\"> 3. REPLACE e TEXT para c\u00e1lculo de propor\u00e7\u00e3o<\/h2><p> Uma combina\u00e7\u00e3o de duas fun\u00e7\u00f5es impressionantes. Sim, voc\u00ea pode usar as fun\u00e7\u00f5es REPLACE e TEXT para calcular a propor\u00e7\u00e3o. Este m\u00e9todo funciona perfeitamente, assim como a fun\u00e7\u00e3o GCD. Aqui temos os valores abaixo para calcular a propor\u00e7\u00e3o. <\/p><div class=\"wp-block-image\"><figure class=\"aligncenter\"><img decoding=\"async\" src=\"https:\/\/exceladvisor.org\/wp-content\/uploads\/2023\/08\/calculer-la-ration-dans-Excel-avec-des-valeurs-de-substitution-de-texte-1.png\" sizes=\"\" srcset=\"\" alt=\"calcular a ra\u00e7\u00e3o no Excel com valores de substitui\u00e7\u00e3o de texto\"><\/figure><\/div><p> Em uma c\u00e9lula, insira a f\u00f3rmula abaixo e pressione Enter. <\/p><pre class=\"wp-block-code\"> <code class=\"language-excel-formula\" lang=\"excel-formula\">=SUBSTITUTE(TEXT(A2\/B2,\"#####\/#####\"),\"\/\",\":\")<\/code><\/pre><div class=\"wp-block-image\"><figure class=\"aligncenter\"><img decoding=\"async\" src=\"https:\/\/exceladvisor.org\/wp-content\/uploads\/2023\/08\/calculer-le-rapport-dans-excel-avec-la-formule-des-valeurs-de-remplacement-de-texte-1.png\" sizes=\"\" srcset=\"\" alt=\"calcular relat\u00f3rio no Excel com f\u00f3rmula de valores de substitui\u00e7\u00e3o de texto\"><\/figure><\/div><h4 id=\"tab-con-9\" class=\"wp-block-heading\"> veja como essa f\u00f3rmula funciona&#8230;<\/h4><p> Esta f\u00f3rmula tamb\u00e9m funciona em duas partes de trabalho diferentes, TEXTO e SUBSTITUI\u00c7\u00c3O. <\/p><div class=\"wp-block-image\"><figure class=\"aligncenter\"><img decoding=\"async\" src=\"https:\/\/exceladvisor.org\/wp-content\/uploads\/2023\/08\/comprendre-comment-utiliser-le-texte-de-remplacement-pour-calculer-le-ratio-dans-Excel-1.png\" sizes=\"\" srcset=\"\" alt=\"entenda como usar texto alternativo para calcular propor\u00e7\u00e3o no Excel\"><\/figure><\/div><p> Primeiro, voc\u00ea precisa usar a fun\u00e7\u00e3o de texto para dividir os dois n\u00fameros e, em seguida, formatar o valor de retorno em um formato fracion\u00e1rio.<\/p><p> Em segundo lugar, ao dividir os dois valores voc\u00ea obt\u00e9m 10 e ao converter esse valor para parte fracion\u00e1ria obt\u00e9m 10\/1.<\/p><p> Terceiro, substitua a barra por dois pontos. E temos uma fun\u00e7\u00e3o de substitui\u00e7\u00e3o para isto.<\/p><ul><li> <strong>Vantagens:<\/strong> #1. Uma f\u00f3rmula din\u00e2mica n\u00e3o importa mesmo se voc\u00ea alterar os valores. #2. Simples de usar e entender.<\/li><li> <strong>Desvantagens:<\/strong> Se voc\u00ea possui valores simples para calcular uma propor\u00e7\u00e3o, n\u00e3o \u00e9 bom usar este m\u00e9todo.<\/li><\/ul><h2 id=\"tab-con-4\" class=\"wp-block-heading\"> 4. Calcule a propor\u00e7\u00e3o com a fun\u00e7\u00e3o Round<\/h2><p> Usar a fun\u00e7\u00e3o de arredondamento para calcular uma propor\u00e7\u00e3o tamb\u00e9m \u00e9 um m\u00e9todo \u00fatil. Isto \u00e9 especialmente \u00fatil quando voc\u00ea deseja calcular propor\u00e7\u00f5es com decimais para uma compara\u00e7\u00e3o precisa.<\/p><p> Aqui temos valores em que o maior valor n\u00e3o \u00e9 divis\u00edvel pelo menor valor. Portanto, nesta situa\u00e7\u00e3o, em vez de us\u00e1-los como est\u00e3o, voc\u00ea pode dividi-los e exibir a propor\u00e7\u00e3o final com decimais. <\/p><div class=\"wp-block-image\"><figure class=\"aligncenter\"><img decoding=\"async\" src=\"https:\/\/exceladvisor.org\/wp-content\/uploads\/2023\/08\/calculer-le-ratio-dans-excel-avec-des-valeurs-rondes-1.png\" sizes=\"\" srcset=\"\" alt=\"calcular propor\u00e7\u00e3o no Excel com valores redondos\"><\/figure><\/div><p> Basta inserir a f\u00f3rmula abaixo na c\u00e9lula e pressionar Enter. <\/p><pre class=\"wp-block-code\"> <code class=\"language-excel-formula\" lang=\"excel-formula\">=ROUND(A2\/B2,1)&amp;\":\"&amp;1<\/code><\/pre><div class=\"wp-block-image\"><figure class=\"aligncenter\"><img decoding=\"async\" src=\"https:\/\/exceladvisor.org\/wp-content\/uploads\/2023\/08\/calculer-le-ratio-dans-excel-avec-des-valeurs-rondes-1.png\" sizes=\"\" srcset=\"\" alt=\"calcular propor\u00e7\u00e3o no Excel com f\u00f3rmula de valores redondos\"><\/figure><\/div><p> E aqui voc\u00ea tem um relat\u00f3rio com decimais.<\/p><h4 id=\"tab-con-10\" class=\"wp-block-heading\"> veja como essa f\u00f3rmula funciona&#8230;<\/h4><p> Voc\u00ea pode dividir esta f\u00f3rmula em duas partes diferentes para entend\u00ea-la. <strong>Primeiro<\/strong> , voc\u00ea precisa usar a fun\u00e7\u00e3o round para dividir o valor maior pelo valor menor e obter o resultado com uma casa decimal. <strong>Em segundo lugar<\/strong> , voc\u00ea deve usar dois pontos e &#8220;1&#8221; no final.<\/p><ul><li> <strong>Vantagens:<\/strong> #1. \u00datil quando voc\u00ea deseja obter resultados com casas decimais. #2. O valor final ser\u00e1 mais preciso.<\/li><li> <strong>CONTRA:<\/strong> #1. N\u00e3o aplic\u00e1vel em todas as situa\u00e7\u00f5es. <\/li><\/ul><div class=\"gb-container gb-container-52dfcee1 gb-container-sample-file\"><h2 class=\"gb-headline gb-headline-e289c143 gb-headline-text gb-headline-4f7959c2\"> Obtenha o arquivo Excel<\/h2><p> <a class=\"gb-button gb-button-e88d6bee gb-button-text gb-button-button1\" href=\"https:\/\/exceladvisor.org\/wp-content\/uploads\/2023\/11\/calculer-le-ratio-dans-des-exemples-de-donnees-Excel.xlsx\" rel=\"nofollow\">Download<\/a><\/p><\/div><h2 class=\"wp-block-heading\"> Conclus\u00e3o<\/h2><p> Como eu disse, uma propor\u00e7\u00e3o \u00e9 um m\u00e9todo \u00fatil para comparar dois valores entre si. E agora voc\u00ea tem diferentes m\u00e9todos para calcul\u00e1-lo em seu aplicativo favorito, sim, no Excel.<\/p><p> Todos os m\u00e9todos que usamos acima podem ajud\u00e1-lo a calcular \u00edndices em diferentes situa\u00e7\u00f5es com diferentes tipos de valores.<\/p><p> Espero que isso ajude voc\u00ea em seu trabalho. Agora me diga uma coisa. Voc\u00ea tem outro m\u00e9todo para calcular a propor\u00e7\u00e3o? Por favor, compartilhe comigo na se\u00e7\u00e3o de coment\u00e1rios, eu adoraria ouvir de voc\u00ea.<\/p><p> E n\u00e3o esque\u00e7a de compartilhar essa dica com seus amigos. Tenho certeza que eles v\u00e3o gostar. <\/p><div class=\"wp-block-group more-tutorials is-layout-flow\"><div class=\"wp-block-group__inner-container\"><h2 class=\"wp-block-heading\"> Mais f\u00f3rmulas<\/h2><ul><li> <a href=\"https:\/\/exceladvisor.org\/pt\/valores-maximos-medios\/\">Os 5 principais valores no Excel<\/a><\/li><li> <a href=\"https:\/\/exceladvisor.org\/pt\/coeficiente-de-variacao\/\">Coeficiente de varia\u00e7\u00e3o (CV) no Excel<\/a><\/li><li> <a href=\"https:\/\/exceladvisor.org\/pt\/maximo-se\/\">MAX SE no Excel<\/a><\/li><li> <a href=\"https:\/\/exceladvisor.org\/pt\/valor-mais-baixo\/\">Encontre o valor mais baixo em uma lista de n\u00fameros (N)<\/a><\/li><li> <a href=\"https:\/\/exceladvisor.org\/pt\/menor-valor-2\/\">Encontre o menor valor em um intervalo de c\u00e9lulas (menor n\u00famero)<\/a><\/li><\/ul><\/div><\/div>","protected":false},"excerpt":{"rendered":"","protected":false},"author":1,"featured_media":0,"parent":0,"menu_order":0,"comment_status":"open","ping_status":"closed","template":"","meta":{"ub_ctt_via":"","footnotes":""},"class_list":["post-343","page","type-page","status-publish","hentry"],"featured_image_src":null,"yoast_head":"<!-- This site is optimized with the Yoast SEO plugin v25.4 - https:\/\/yoast.com\/wordpress\/plugins\/seo\/ -->\n<title>Como calcular rapidamente a propor\u00e7\u00e3o no Excel? (Guia 2023)<\/title>\n<meta name=\"description\" content=\"Quando se trata de Excel, n\u00e3o temos nenhuma fun\u00e7\u00e3o espec\u00edfica que possa nos ajudar a calcular uma propor\u00e7\u00e3o.\" \/>\n<meta name=\"robots\" content=\"index, follow, max-snippet:-1, max-image-preview:large, max-video-preview:-1\" \/>\n<link rel=\"canonical\" href=\"https:\/\/exceladvisor.org\/pt\/relatorio\/\" \/>\n<meta property=\"og:locale\" content=\"pt_PT\" \/>\n<meta property=\"og:type\" content=\"article\" \/>\n<meta property=\"og:title\" content=\"Como calcular rapidamente a propor\u00e7\u00e3o no Excel? (Guia 2023)\" \/>\n<meta property=\"og:description\" content=\"Quando se trata de Excel, n\u00e3o temos nenhuma fun\u00e7\u00e3o espec\u00edfica que possa nos ajudar a calcular uma propor\u00e7\u00e3o.\" \/>\n<meta property=\"og:url\" content=\"https:\/\/exceladvisor.org\/pt\/relatorio\/\" \/>\n<meta property=\"og:site_name\" content=\"Excel Advisor\" \/>\n<meta property=\"article:modified_time\" content=\"2023-12-06T11:35:12+00:00\" \/>\n<meta property=\"og:image\" content=\"https:\/\/exceladvisor.org\/wp-content\/uploads\/2023\/08\/calculer-le-rapport-dans-excel-avec-des-valeurs-de-division-simples-1.png\" \/>\n<meta name=\"twitter:card\" content=\"summary_large_image\" \/>\n<meta name=\"twitter:label1\" content=\"Tempo estimado de leitura\" \/>\n\t<meta name=\"twitter:data1\" content=\"5 minutos\" \/>\n<script type=\"application\/ld+json\" class=\"yoast-schema-graph\">{\"@context\":\"https:\/\/schema.org\",\"@graph\":[{\"@type\":\"WebPage\",\"@id\":\"https:\/\/exceladvisor.org\/pt\/relatorio\/\",\"url\":\"https:\/\/exceladvisor.org\/pt\/relatorio\/\",\"name\":\"Como calcular rapidamente a propor\u00e7\u00e3o no Excel? (Guia 2023)\",\"isPartOf\":{\"@id\":\"https:\/\/exceladvisor.org\/pt\/#website\"},\"primaryImageOfPage\":{\"@id\":\"https:\/\/exceladvisor.org\/pt\/relatorio\/#primaryimage\"},\"image\":{\"@id\":\"https:\/\/exceladvisor.org\/pt\/relatorio\/#primaryimage\"},\"thumbnailUrl\":\"https:\/\/exceladvisor.org\/wp-content\/uploads\/2023\/08\/calculer-le-rapport-dans-excel-avec-des-valeurs-de-division-simples-1.png\",\"datePublished\":\"2023-11-02T14:35:11+00:00\",\"dateModified\":\"2023-12-06T11:35:12+00:00\",\"description\":\"Quando se trata de Excel, n\u00e3o temos nenhuma fun\u00e7\u00e3o espec\u00edfica que possa nos ajudar a calcular uma propor\u00e7\u00e3o.\",\"breadcrumb\":{\"@id\":\"https:\/\/exceladvisor.org\/pt\/relatorio\/#breadcrumb\"},\"inLanguage\":\"pt-PT\",\"potentialAction\":[{\"@type\":\"ReadAction\",\"target\":[\"https:\/\/exceladvisor.org\/pt\/relatorio\/\"]}]},{\"@type\":\"ImageObject\",\"inLanguage\":\"pt-PT\",\"@id\":\"https:\/\/exceladvisor.org\/pt\/relatorio\/#primaryimage\",\"url\":\"https:\/\/exceladvisor.org\/wp-content\/uploads\/2023\/08\/calculer-le-rapport-dans-excel-avec-des-valeurs-de-division-simples-1.png\",\"contentUrl\":\"https:\/\/exceladvisor.org\/wp-content\/uploads\/2023\/08\/calculer-le-rapport-dans-excel-avec-des-valeurs-de-division-simples-1.png\"},{\"@type\":\"BreadcrumbList\",\"@id\":\"https:\/\/exceladvisor.org\/pt\/relatorio\/#breadcrumb\",\"itemListElement\":[{\"@type\":\"ListItem\",\"position\":1,\"name\":\"Lar\",\"item\":\"https:\/\/exceladvisor.org\/pt\/\"},{\"@type\":\"ListItem\",\"position\":2,\"name\":\"Como calcular rapidamente a propor\u00e7\u00e3o no excel?\"}]},{\"@type\":\"WebSite\",\"@id\":\"https:\/\/exceladvisor.org\/pt\/#website\",\"url\":\"https:\/\/exceladvisor.org\/pt\/\",\"name\":\"Excel Advisor\",\"description\":\"O seu guia definitivo para dominar os dados!\",\"publisher\":{\"@id\":\"https:\/\/exceladvisor.org\/pt\/#organization\"},\"potentialAction\":[{\"@type\":\"SearchAction\",\"target\":{\"@type\":\"EntryPoint\",\"urlTemplate\":\"https:\/\/exceladvisor.org\/pt\/?s={search_term_string}\"},\"query-input\":{\"@type\":\"PropertyValueSpecification\",\"valueRequired\":true,\"valueName\":\"search_term_string\"}}],\"inLanguage\":\"pt-PT\"},{\"@type\":\"Organization\",\"@id\":\"https:\/\/exceladvisor.org\/pt\/#organization\",\"name\":\"Excel Advisor\",\"url\":\"https:\/\/exceladvisor.org\/pt\/\",\"logo\":{\"@type\":\"ImageObject\",\"inLanguage\":\"pt-PT\",\"@id\":\"https:\/\/exceladvisor.org\/pt\/#\/schema\/logo\/image\/\",\"url\":\"https:\/\/exceladvisor.org\/pt\/wp-content\/uploads\/2023\/12\/exceladvisor.org_.png\",\"contentUrl\":\"https:\/\/exceladvisor.org\/pt\/wp-content\/uploads\/2023\/12\/exceladvisor.org_.png\",\"width\":105,\"height\":36,\"caption\":\"Excel Advisor\"},\"image\":{\"@id\":\"https:\/\/exceladvisor.org\/pt\/#\/schema\/logo\/image\/\"}}]}<\/script>\n<!-- \/ Yoast SEO plugin. -->","yoast_head_json":{"title":"Como calcular rapidamente a propor\u00e7\u00e3o no Excel? (Guia 2023)","description":"Quando se trata de Excel, n\u00e3o temos nenhuma fun\u00e7\u00e3o espec\u00edfica que possa nos ajudar a calcular uma propor\u00e7\u00e3o.","robots":{"index":"index","follow":"follow","max-snippet":"max-snippet:-1","max-image-preview":"max-image-preview:large","max-video-preview":"max-video-preview:-1"},"canonical":"https:\/\/exceladvisor.org\/pt\/relatorio\/","og_locale":"pt_PT","og_type":"article","og_title":"Como calcular rapidamente a propor\u00e7\u00e3o no Excel? (Guia 2023)","og_description":"Quando se trata de Excel, n\u00e3o temos nenhuma fun\u00e7\u00e3o espec\u00edfica que possa nos ajudar a calcular uma propor\u00e7\u00e3o.","og_url":"https:\/\/exceladvisor.org\/pt\/relatorio\/","og_site_name":"Excel Advisor","article_modified_time":"2023-12-06T11:35:12+00:00","og_image":[{"url":"https:\/\/exceladvisor.org\/wp-content\/uploads\/2023\/08\/calculer-le-rapport-dans-excel-avec-des-valeurs-de-division-simples-1.png","type":"","width":"","height":""}],"twitter_card":"summary_large_image","twitter_misc":{"Tempo estimado de leitura":"5 minutos"},"schema":{"@context":"https:\/\/schema.org","@graph":[{"@type":"WebPage","@id":"https:\/\/exceladvisor.org\/pt\/relatorio\/","url":"https:\/\/exceladvisor.org\/pt\/relatorio\/","name":"Como calcular rapidamente a propor\u00e7\u00e3o no Excel? (Guia 2023)","isPartOf":{"@id":"https:\/\/exceladvisor.org\/pt\/#website"},"primaryImageOfPage":{"@id":"https:\/\/exceladvisor.org\/pt\/relatorio\/#primaryimage"},"image":{"@id":"https:\/\/exceladvisor.org\/pt\/relatorio\/#primaryimage"},"thumbnailUrl":"https:\/\/exceladvisor.org\/wp-content\/uploads\/2023\/08\/calculer-le-rapport-dans-excel-avec-des-valeurs-de-division-simples-1.png","datePublished":"2023-11-02T14:35:11+00:00","dateModified":"2023-12-06T11:35:12+00:00","description":"Quando se trata de Excel, n\u00e3o temos nenhuma fun\u00e7\u00e3o espec\u00edfica que possa nos ajudar a calcular uma propor\u00e7\u00e3o.","breadcrumb":{"@id":"https:\/\/exceladvisor.org\/pt\/relatorio\/#breadcrumb"},"inLanguage":"pt-PT","potentialAction":[{"@type":"ReadAction","target":["https:\/\/exceladvisor.org\/pt\/relatorio\/"]}]},{"@type":"ImageObject","inLanguage":"pt-PT","@id":"https:\/\/exceladvisor.org\/pt\/relatorio\/#primaryimage","url":"https:\/\/exceladvisor.org\/wp-content\/uploads\/2023\/08\/calculer-le-rapport-dans-excel-avec-des-valeurs-de-division-simples-1.png","contentUrl":"https:\/\/exceladvisor.org\/wp-content\/uploads\/2023\/08\/calculer-le-rapport-dans-excel-avec-des-valeurs-de-division-simples-1.png"},{"@type":"BreadcrumbList","@id":"https:\/\/exceladvisor.org\/pt\/relatorio\/#breadcrumb","itemListElement":[{"@type":"ListItem","position":1,"name":"Lar","item":"https:\/\/exceladvisor.org\/pt\/"},{"@type":"ListItem","position":2,"name":"Como calcular rapidamente a propor\u00e7\u00e3o no excel?"}]},{"@type":"WebSite","@id":"https:\/\/exceladvisor.org\/pt\/#website","url":"https:\/\/exceladvisor.org\/pt\/","name":"Excel Advisor","description":"O seu guia definitivo para dominar os dados!","publisher":{"@id":"https:\/\/exceladvisor.org\/pt\/#organization"},"potentialAction":[{"@type":"SearchAction","target":{"@type":"EntryPoint","urlTemplate":"https:\/\/exceladvisor.org\/pt\/?s={search_term_string}"},"query-input":{"@type":"PropertyValueSpecification","valueRequired":true,"valueName":"search_term_string"}}],"inLanguage":"pt-PT"},{"@type":"Organization","@id":"https:\/\/exceladvisor.org\/pt\/#organization","name":"Excel Advisor","url":"https:\/\/exceladvisor.org\/pt\/","logo":{"@type":"ImageObject","inLanguage":"pt-PT","@id":"https:\/\/exceladvisor.org\/pt\/#\/schema\/logo\/image\/","url":"https:\/\/exceladvisor.org\/pt\/wp-content\/uploads\/2023\/12\/exceladvisor.org_.png","contentUrl":"https:\/\/exceladvisor.org\/pt\/wp-content\/uploads\/2023\/12\/exceladvisor.org_.png","width":105,"height":36,"caption":"Excel Advisor"},"image":{"@id":"https:\/\/exceladvisor.org\/pt\/#\/schema\/logo\/image\/"}}]}},"yoast_meta":{"yoast_wpseo_title":"","yoast_wpseo_metadesc":"","yoast_wpseo_canonical":""},"_links":{"self":[{"href":"https:\/\/exceladvisor.org\/pt\/wp-json\/wp\/v2\/pages\/343","targetHints":{"allow":["GET"]}}],"collection":[{"href":"https:\/\/exceladvisor.org\/pt\/wp-json\/wp\/v2\/pages"}],"about":[{"href":"https:\/\/exceladvisor.org\/pt\/wp-json\/wp\/v2\/types\/page"}],"author":[{"embeddable":true,"href":"https:\/\/exceladvisor.org\/pt\/wp-json\/wp\/v2\/users\/1"}],"replies":[{"embeddable":true,"href":"https:\/\/exceladvisor.org\/pt\/wp-json\/wp\/v2\/comments?post=343"}],"version-history":[{"count":1,"href":"https:\/\/exceladvisor.org\/pt\/wp-json\/wp\/v2\/pages\/343\/revisions"}],"predecessor-version":[{"id":886,"href":"https:\/\/exceladvisor.org\/pt\/wp-json\/wp\/v2\/pages\/343\/revisions\/886"}],"wp:attachment":[{"href":"https:\/\/exceladvisor.org\/pt\/wp-json\/wp\/v2\/media?parent=343"}],"curies":[{"name":"wp","href":"https:\/\/api.w.org\/{rel}","templated":true}]}}