{"id":346,"date":"2023-11-02T03:51:32","date_gmt":"2023-11-02T03:51:32","guid":{"rendered":"https:\/\/exceladvisor.org\/pt\/contar-os-anos-entre-duas-datas\/"},"modified":"2023-12-06T11:35:41","modified_gmt":"2023-12-06T11:35:41","slug":"contar-os-anos-entre-duas-datas","status":"publish","type":"page","link":"https:\/\/exceladvisor.org\/pt\/contar-os-anos-entre-duas-datas\/","title":{"rendered":"Como contar os anos entre duas datas?"},"content":{"rendered":"<div class=\"excel-before-content-2\" id=\"excel-352173137\"><script type=\"text\/javascript\">\r\n\tatOptions = {\r\n\t\t'key' : 'c1158f160081d6540a8409e6925dab94',\r\n\t\t'format' : 'iframe',\r\n\t\t'height' : 250,\r\n\t\t'width' : 300,\r\n\t\t'params' : {}\r\n\t};\r\n<\/script>\r\n<script type=\"text\/javascript\" src=\"\/\/www.highperformanceformat.com\/c1158f160081d6540a8409e6925dab94\/invoke.js\"><\/script><\/div><div class=\"excel-before-content\" id=\"excel-953544614\"><script type=\"text\/javascript\">\r\n\tatOptions = {\r\n\t\t'key' : 'c1158f160081d6540a8409e6925dab94',\r\n\t\t'format' : 'iframe',\r\n\t\t'height' : 250,\r\n\t\t'width' : 300,\r\n\t\t'params' : {}\r\n\t};\r\n<\/script>\r\n<script type=\"text\/javascript\" src=\"\/\/www.highperformanceformat.com\/c1158f160081d6540a8409e6925dab94\/invoke.js\"><\/script><\/div> <p>No Excel, voc\u00ea pode usar a fun\u00e7\u00e3o DATEDIF para contar o n\u00famero de anos entre duas datas. E neste tutorial aprenderemos como obter essa contagem.<\/p><h2 class=\"wp-block-heading\"> Anos entre duas datas<\/h2><p> No exemplo a seguir, voc\u00ea tem uma data de in\u00edcio e uma data de t\u00e9rmino. Agora na c\u00e9lula C1, usaremos a fun\u00e7\u00e3o DATEDIF para obter os anos entre essas duas datas. <\/p><div class=\"wp-block-image\"><figure class=\"aligncenter size-full is-resized\"><img loading=\"lazy\" decoding=\"async\" class=\"wp-image-64904\" src=\"https:\/\/exceladvisor.org\/wp-content\/uploads\/2023\/08\/1-ans-entre-deux-dates.png\" sizes=\"auto, \" srcset=\"\" alt=\"anos entre datas\" width=\"483\" height=\"263\"><\/figure><\/div><p> Use as seguintes etapas para escrever uma f\u00f3rmula para isso:<\/p><ol type=\"1\"><li> Na c\u00e9lula C1, digite \u201c=DATEDIF(\u201d para iniciar a fun\u00e7\u00e3o.<\/li><li> Consulte a c\u00e9lula A1, onde voc\u00ea tem a data de in\u00edcio.<\/li><li> Agora insira uma v\u00edrgula e consulte a c\u00e9lula B1 onde voc\u00ea tem a data de t\u00e9rmino.<\/li><li> Depois disso, digite uma v\u00edrgula e digite \u201cy\u201d.<\/li><li> No final, insira um par\u00eantese de fechamento e pressione Enter. <\/li><\/ol><div class=\"wp-block-image\"><figure class=\"aligncenter size-full is-resized\"><img loading=\"lazy\" decoding=\"async\" class=\"wp-image-64905\" src=\"https:\/\/exceladvisor.org\/wp-content\/uploads\/2023\/08\/2-formules-pour-gagner-des-annees.png\" sizes=\"auto, \" srcset=\"\" alt=\"f\u00f3rmula para obter anos\" width=\"508\" height=\"276\"><\/figure><\/div><p> No instant\u00e2neo acima voc\u00ea pode ver que temos 8 no resultado, que \u00e9 o <strong>n\u00famero de anos completados<\/strong> entre as datas que voc\u00ea especificou.<\/p><pre class=\"wp-block-code\"> <code class=\"language-excel-formula\" lang=\"excel-formula\">=DATEDIF(A1,B1,\"y\")<\/code><\/pre><p> Mas se quiser ter uma vis\u00e3o completa dos anos entre essas duas datas, voc\u00ea pode usar a seguinte f\u00f3rmula. <\/p><pre class=\"wp-block-code\"> <code class=\"language-excel-formula\" lang=\"excel-formula\">=DATEDIF(A1,B1,\"y\")&amp;\" Year(s), \"&amp; DATEDIF(A1,B1,\"ym\")&amp; \"month(s)\"<\/code><\/pre><div class=\"wp-block-image\"><figure class=\"aligncenter size-full is-resized\"><img loading=\"lazy\" decoding=\"async\" class=\"wp-image-64906\" src=\"https:\/\/exceladvisor.org\/wp-content\/uploads\/2023\/08\/3-formules-pour-obtenir-des-annees-et-des-mois.png\" sizes=\"auto, \" srcset=\"\" alt=\"f\u00f3rmula para obter anos e meses\" width=\"651\" height=\"327\"><\/figure><\/div><p> A primeira parte desta f\u00f3rmula obt\u00e9m o n\u00famero total de anos e a segunda parte obt\u00e9m o n\u00famero de meses do ano incompleto restante. <\/p><div class=\"gb-container gb-container-52dfcee1 gb-container-sample-file\"><h2 class=\"gb-headline gb-headline-e289c143 gb-headline-text gb-headline-4f7959c2\"> Obtenha o arquivo Excel<\/h2><p> <a class=\"gb-button gb-button-e88d6bee gb-button-text gb-button-button1\" href=\"https:\/\/exceladvisor.org\/wp-content\/uploads\/2023\/08\/compter-les-annees-entre-deux-dates-3.xlsx\" rel=\"nofollow\">Download<\/a><\/p><\/div><div class=\"gb-container gb-container-0df56012 gb-container-mt\"> <a class=\"gb-button gb-button-f9f432f4 gb-button-text gb-button-mt-button\" href=\"https:\/\/exceladvisor.org\/pt\/formulas\/\">Lista de f\u00f3rmulas do Excel<\/a><h2 class=\"gb-headline gb-headline-233444e8 gb-headline-text gb-headline-mt-heading\"> F\u00f3rmulas relacionadas <\/h2><div class=\"gb-grid-wrapper gb-grid-wrapper-a16fa65c gb-grid-wrapper-mt-grid\"><div class=\"gb-grid-column gb-grid-column-50d07e0d\"><div class=\"gb-container gb-container-50d07e0d\"><ul><li> <a href=\"https:\/\/exceladvisor.org\/pt\/adicionar-anos-ate-a-data\/\">Adicione anos atualizados no Excel<\/a><\/li><li> <a href=\"https:\/\/exceladvisor.org\/pt\/obter-o-numero-do-dia-do-ano\/\">Obtenha o n\u00famero de dias do ano no Excel<\/a><\/li><li> <a href=\"https:\/\/exceladvisor.org\/pt\/ganhe-2-anos-de-servico\/\">Obtenha anos de servi\u00e7o no Excel<\/a><\/li><li> <a href=\"https:\/\/exceladvisor.org\/pt\/anos-entre-datas\/\">Anos entre datas no Excel<\/a><\/li><li> <a href=\"https:\/\/exceladvisor.org\/pt\/extrair-ano-mes\/\">Extraia (obtenha) o ano ou m\u00eas de uma data no Excel<\/a> <\/li><\/ul><\/div><\/div><div class=\"gb-grid-column gb-grid-column-5b4a0cf9\"><div class=\"gb-container gb-container-5b4a0cf9\"><\/div><\/div><\/div><\/div>","protected":false},"excerpt":{"rendered":"","protected":false},"author":1,"featured_media":0,"parent":0,"menu_order":0,"comment_status":"open","ping_status":"closed","template":"","meta":{"ub_ctt_via":"","footnotes":""},"class_list":["post-346","page","type-page","status-publish","hentry"],"featured_image_src":null,"yoast_head":"<!-- This site is optimized with the Yoast SEO plugin v25.4 - https:\/\/yoast.com\/wordpress\/plugins\/seo\/ -->\n<title>Como contar os anos entre duas datas? - Consultor Excel<\/title>\n<meta name=\"description\" content=\"Neste tutorial, aprenderemos como contar o n\u00famero de anos entre duas datas (uma data de in\u00edcio e uma data de t\u00e9rmino).\" \/>\n<meta name=\"robots\" content=\"index, follow, max-snippet:-1, max-image-preview:large, max-video-preview:-1\" \/>\n<link rel=\"canonical\" href=\"https:\/\/exceladvisor.org\/pt\/contar-os-anos-entre-duas-datas\/\" \/>\n<meta property=\"og:locale\" content=\"pt_PT\" \/>\n<meta property=\"og:type\" content=\"article\" \/>\n<meta property=\"og:title\" content=\"Como contar os anos entre duas datas? - Consultor Excel\" \/>\n<meta property=\"og:description\" content=\"Neste tutorial, aprenderemos como contar o n\u00famero de anos entre duas datas (uma data de in\u00edcio e uma data de t\u00e9rmino).\" \/>\n<meta property=\"og:url\" content=\"https:\/\/exceladvisor.org\/pt\/contar-os-anos-entre-duas-datas\/\" \/>\n<meta property=\"og:site_name\" content=\"Excel Advisor\" \/>\n<meta property=\"article:modified_time\" content=\"2023-12-06T11:35:41+00:00\" \/>\n<meta property=\"og:image\" content=\"https:\/\/exceladvisor.org\/wp-content\/uploads\/2023\/08\/1-ans-entre-deux-dates.png\" \/>\n<meta name=\"twitter:card\" content=\"summary_large_image\" \/>\n<meta name=\"twitter:label1\" content=\"Tempo estimado de leitura\" \/>\n\t<meta name=\"twitter:data1\" content=\"1 minuto\" \/>\n<script type=\"application\/ld+json\" class=\"yoast-schema-graph\">{\"@context\":\"https:\/\/schema.org\",\"@graph\":[{\"@type\":\"WebPage\",\"@id\":\"https:\/\/exceladvisor.org\/pt\/contar-os-anos-entre-duas-datas\/\",\"url\":\"https:\/\/exceladvisor.org\/pt\/contar-os-anos-entre-duas-datas\/\",\"name\":\"Como contar os anos entre duas datas? - Consultor Excel\",\"isPartOf\":{\"@id\":\"https:\/\/exceladvisor.org\/pt\/#website\"},\"primaryImageOfPage\":{\"@id\":\"https:\/\/exceladvisor.org\/pt\/contar-os-anos-entre-duas-datas\/#primaryimage\"},\"image\":{\"@id\":\"https:\/\/exceladvisor.org\/pt\/contar-os-anos-entre-duas-datas\/#primaryimage\"},\"thumbnailUrl\":\"https:\/\/exceladvisor.org\/wp-content\/uploads\/2023\/08\/1-ans-entre-deux-dates.png\",\"datePublished\":\"2023-11-02T03:51:32+00:00\",\"dateModified\":\"2023-12-06T11:35:41+00:00\",\"description\":\"Neste tutorial, aprenderemos como contar o n\u00famero de anos entre duas datas (uma data de in\u00edcio e uma data de t\u00e9rmino).\",\"breadcrumb\":{\"@id\":\"https:\/\/exceladvisor.org\/pt\/contar-os-anos-entre-duas-datas\/#breadcrumb\"},\"inLanguage\":\"pt-PT\",\"potentialAction\":[{\"@type\":\"ReadAction\",\"target\":[\"https:\/\/exceladvisor.org\/pt\/contar-os-anos-entre-duas-datas\/\"]}]},{\"@type\":\"ImageObject\",\"inLanguage\":\"pt-PT\",\"@id\":\"https:\/\/exceladvisor.org\/pt\/contar-os-anos-entre-duas-datas\/#primaryimage\",\"url\":\"https:\/\/exceladvisor.org\/wp-content\/uploads\/2023\/08\/1-ans-entre-deux-dates.png\",\"contentUrl\":\"https:\/\/exceladvisor.org\/wp-content\/uploads\/2023\/08\/1-ans-entre-deux-dates.png\"},{\"@type\":\"BreadcrumbList\",\"@id\":\"https:\/\/exceladvisor.org\/pt\/contar-os-anos-entre-duas-datas\/#breadcrumb\",\"itemListElement\":[{\"@type\":\"ListItem\",\"position\":1,\"name\":\"Lar\",\"item\":\"https:\/\/exceladvisor.org\/pt\/\"},{\"@type\":\"ListItem\",\"position\":2,\"name\":\"Como contar os anos entre duas datas?\"}]},{\"@type\":\"WebSite\",\"@id\":\"https:\/\/exceladvisor.org\/pt\/#website\",\"url\":\"https:\/\/exceladvisor.org\/pt\/\",\"name\":\"Excel Advisor\",\"description\":\"O seu guia definitivo para dominar os dados!\",\"publisher\":{\"@id\":\"https:\/\/exceladvisor.org\/pt\/#organization\"},\"potentialAction\":[{\"@type\":\"SearchAction\",\"target\":{\"@type\":\"EntryPoint\",\"urlTemplate\":\"https:\/\/exceladvisor.org\/pt\/?s={search_term_string}\"},\"query-input\":{\"@type\":\"PropertyValueSpecification\",\"valueRequired\":true,\"valueName\":\"search_term_string\"}}],\"inLanguage\":\"pt-PT\"},{\"@type\":\"Organization\",\"@id\":\"https:\/\/exceladvisor.org\/pt\/#organization\",\"name\":\"Excel Advisor\",\"url\":\"https:\/\/exceladvisor.org\/pt\/\",\"logo\":{\"@type\":\"ImageObject\",\"inLanguage\":\"pt-PT\",\"@id\":\"https:\/\/exceladvisor.org\/pt\/#\/schema\/logo\/image\/\",\"url\":\"https:\/\/exceladvisor.org\/pt\/wp-content\/uploads\/2023\/12\/exceladvisor.org_.png\",\"contentUrl\":\"https:\/\/exceladvisor.org\/pt\/wp-content\/uploads\/2023\/12\/exceladvisor.org_.png\",\"width\":105,\"height\":36,\"caption\":\"Excel Advisor\"},\"image\":{\"@id\":\"https:\/\/exceladvisor.org\/pt\/#\/schema\/logo\/image\/\"}}]}<\/script>\n<!-- \/ Yoast SEO plugin. -->","yoast_head_json":{"title":"Como contar os anos entre duas datas? - Consultor Excel","description":"Neste tutorial, aprenderemos como contar o n\u00famero de anos entre duas datas (uma data de in\u00edcio e uma data de t\u00e9rmino).","robots":{"index":"index","follow":"follow","max-snippet":"max-snippet:-1","max-image-preview":"max-image-preview:large","max-video-preview":"max-video-preview:-1"},"canonical":"https:\/\/exceladvisor.org\/pt\/contar-os-anos-entre-duas-datas\/","og_locale":"pt_PT","og_type":"article","og_title":"Como contar os anos entre duas datas? - Consultor Excel","og_description":"Neste tutorial, aprenderemos como contar o n\u00famero de anos entre duas datas (uma data de in\u00edcio e uma data de t\u00e9rmino).","og_url":"https:\/\/exceladvisor.org\/pt\/contar-os-anos-entre-duas-datas\/","og_site_name":"Excel Advisor","article_modified_time":"2023-12-06T11:35:41+00:00","og_image":[{"url":"https:\/\/exceladvisor.org\/wp-content\/uploads\/2023\/08\/1-ans-entre-deux-dates.png","type":"","width":"","height":""}],"twitter_card":"summary_large_image","twitter_misc":{"Tempo estimado de leitura":"1 minuto"},"schema":{"@context":"https:\/\/schema.org","@graph":[{"@type":"WebPage","@id":"https:\/\/exceladvisor.org\/pt\/contar-os-anos-entre-duas-datas\/","url":"https:\/\/exceladvisor.org\/pt\/contar-os-anos-entre-duas-datas\/","name":"Como contar os anos entre duas datas? - Consultor Excel","isPartOf":{"@id":"https:\/\/exceladvisor.org\/pt\/#website"},"primaryImageOfPage":{"@id":"https:\/\/exceladvisor.org\/pt\/contar-os-anos-entre-duas-datas\/#primaryimage"},"image":{"@id":"https:\/\/exceladvisor.org\/pt\/contar-os-anos-entre-duas-datas\/#primaryimage"},"thumbnailUrl":"https:\/\/exceladvisor.org\/wp-content\/uploads\/2023\/08\/1-ans-entre-deux-dates.png","datePublished":"2023-11-02T03:51:32+00:00","dateModified":"2023-12-06T11:35:41+00:00","description":"Neste tutorial, aprenderemos como contar o n\u00famero de anos entre duas datas (uma data de in\u00edcio e uma data de t\u00e9rmino).","breadcrumb":{"@id":"https:\/\/exceladvisor.org\/pt\/contar-os-anos-entre-duas-datas\/#breadcrumb"},"inLanguage":"pt-PT","potentialAction":[{"@type":"ReadAction","target":["https:\/\/exceladvisor.org\/pt\/contar-os-anos-entre-duas-datas\/"]}]},{"@type":"ImageObject","inLanguage":"pt-PT","@id":"https:\/\/exceladvisor.org\/pt\/contar-os-anos-entre-duas-datas\/#primaryimage","url":"https:\/\/exceladvisor.org\/wp-content\/uploads\/2023\/08\/1-ans-entre-deux-dates.png","contentUrl":"https:\/\/exceladvisor.org\/wp-content\/uploads\/2023\/08\/1-ans-entre-deux-dates.png"},{"@type":"BreadcrumbList","@id":"https:\/\/exceladvisor.org\/pt\/contar-os-anos-entre-duas-datas\/#breadcrumb","itemListElement":[{"@type":"ListItem","position":1,"name":"Lar","item":"https:\/\/exceladvisor.org\/pt\/"},{"@type":"ListItem","position":2,"name":"Como contar os anos entre duas datas?"}]},{"@type":"WebSite","@id":"https:\/\/exceladvisor.org\/pt\/#website","url":"https:\/\/exceladvisor.org\/pt\/","name":"Excel Advisor","description":"O seu guia definitivo para dominar os dados!","publisher":{"@id":"https:\/\/exceladvisor.org\/pt\/#organization"},"potentialAction":[{"@type":"SearchAction","target":{"@type":"EntryPoint","urlTemplate":"https:\/\/exceladvisor.org\/pt\/?s={search_term_string}"},"query-input":{"@type":"PropertyValueSpecification","valueRequired":true,"valueName":"search_term_string"}}],"inLanguage":"pt-PT"},{"@type":"Organization","@id":"https:\/\/exceladvisor.org\/pt\/#organization","name":"Excel Advisor","url":"https:\/\/exceladvisor.org\/pt\/","logo":{"@type":"ImageObject","inLanguage":"pt-PT","@id":"https:\/\/exceladvisor.org\/pt\/#\/schema\/logo\/image\/","url":"https:\/\/exceladvisor.org\/pt\/wp-content\/uploads\/2023\/12\/exceladvisor.org_.png","contentUrl":"https:\/\/exceladvisor.org\/pt\/wp-content\/uploads\/2023\/12\/exceladvisor.org_.png","width":105,"height":36,"caption":"Excel Advisor"},"image":{"@id":"https:\/\/exceladvisor.org\/pt\/#\/schema\/logo\/image\/"}}]}},"yoast_meta":{"yoast_wpseo_title":"","yoast_wpseo_metadesc":"","yoast_wpseo_canonical":""},"_links":{"self":[{"href":"https:\/\/exceladvisor.org\/pt\/wp-json\/wp\/v2\/pages\/346","targetHints":{"allow":["GET"]}}],"collection":[{"href":"https:\/\/exceladvisor.org\/pt\/wp-json\/wp\/v2\/pages"}],"about":[{"href":"https:\/\/exceladvisor.org\/pt\/wp-json\/wp\/v2\/types\/page"}],"author":[{"embeddable":true,"href":"https:\/\/exceladvisor.org\/pt\/wp-json\/wp\/v2\/users\/1"}],"replies":[{"embeddable":true,"href":"https:\/\/exceladvisor.org\/pt\/wp-json\/wp\/v2\/comments?post=346"}],"version-history":[{"count":1,"href":"https:\/\/exceladvisor.org\/pt\/wp-json\/wp\/v2\/pages\/346\/revisions"}],"predecessor-version":[{"id":928,"href":"https:\/\/exceladvisor.org\/pt\/wp-json\/wp\/v2\/pages\/346\/revisions\/928"}],"wp:attachment":[{"href":"https:\/\/exceladvisor.org\/pt\/wp-json\/wp\/v2\/media?parent=346"}],"curies":[{"name":"wp","href":"https:\/\/api.w.org\/{rel}","templated":true}]}}