{"id":349,"date":"2023-11-01T23:34:59","date_gmt":"2023-11-01T23:34:59","guid":{"rendered":"https:\/\/exceladvisor.org\/pt\/nova-linha-na-celula\/"},"modified":"2023-12-06T11:34:13","modified_gmt":"2023-12-06T11:34:13","slug":"nova-linha-na-celula","status":"publish","type":"page","link":"https:\/\/exceladvisor.org\/pt\/nova-linha-na-celula\/","title":{"rendered":"Como adicionar uma nova linha a uma c\u00e9lula?"},"content":{"rendered":"<div class=\"excel-before-content-2\" id=\"excel-2186680728\"><script type=\"text\/javascript\">\r\n\tatOptions = {\r\n\t\t'key' : 'c1158f160081d6540a8409e6925dab94',\r\n\t\t'format' : 'iframe',\r\n\t\t'height' : 250,\r\n\t\t'width' : 300,\r\n\t\t'params' : {}\r\n\t};\r\n<\/script>\r\n<script type=\"text\/javascript\" src=\"\/\/www.highperformanceformat.com\/c1158f160081d6540a8409e6925dab94\/invoke.js\"><\/script><\/div><div class=\"excel-before-content\" id=\"excel-411363427\"><script type=\"text\/javascript\">\r\n\tatOptions = {\r\n\t\t'key' : 'c1158f160081d6540a8409e6925dab94',\r\n\t\t'format' : 'iframe',\r\n\t\t'height' : 250,\r\n\t\t'width' : 300,\r\n\t\t'params' : {}\r\n\t};\r\n<\/script>\r\n<script type=\"text\/javascript\" src=\"\/\/www.highperformanceformat.com\/c1158f160081d6540a8409e6925dab94\/invoke.js\"><\/script><\/div> <p>Para iniciar ou inserir uma nova linha em uma c\u00e9lula do Excel, voc\u00ea pode usar v\u00e1rios m\u00e9todos. Mas o mais f\u00e1cil \u00e9 usar o <strong><a href=\"https:\/\/exceladvisor.org\/pt\/atalhos-do-teclado\/\">atalho de teclado<\/a> Alt + Enter<\/strong> que voc\u00ea pode usar ao inserir valores, e al\u00e9m disso voc\u00ea pode us\u00e1-lo com uma f\u00f3rmula, como TEXTJOIN e CONCATENATE.<\/p><p> Neste tutorial veremos todos esses m\u00e9todos e voc\u00ea poder\u00e1 escolher qualquer um deles de acordo com suas necessidades. <\/p><div class=\"gb-container gb-container-52dfcee1 gb-container-sample-file\"><h2 class=\"gb-headline gb-headline-e289c143 gb-headline-text gb-headline-4f7959c2\"> Obtenha o arquivo Excel<\/h2> <a class=\"gb-button gb-button-e88d6bee gb-button-text gb-button-button1\" href=\"https:\/\/exceladvisor.org\/wp-content\/uploads\/2023\/11\/ajouter-une-nouvelle-ligne.xlsx\" rel=\"nofollow\">Download<\/a><\/div><h2 class=\"wp-block-heading\"> Etapas para iniciar uma nova linha no Excel em uma c\u00e9lula (manualmente)<\/h2><p> No exemplo a seguir, quero adicionar meu sobrenome \u00e0 c\u00e9lula A1, mas quero adicionar meu sobrenome apenas a uma nova linha dentro da c\u00e9lula. Ent\u00e3o, vamos usar as seguintes etapas para fazer isso: <\/p><div class=\"wp-block-image\"><figure class=\"aligncenter size-full is-resized\"><img loading=\"lazy\" decoding=\"async\" class=\"wp-image-72328\" src=\"https:\/\/exceladvisor.org\/wp-content\/uploads\/2023\/08\/1-ajouter-une-nouvelle-ligne.png\" sizes=\"auto, \" srcset=\"\" alt=\"adicione uma nova linha\" width=\"468\" height=\"436\"><\/figure><\/div><ol><li> A primeira coisa que voc\u00ea precisa fazer \u00e9 <a href=\"https:\/\/exceladvisor.org\/pt\/editar-celula\/\">editar a c\u00e9lula<\/a> e inserir o primeiro valor digitando-o normalmente. <br><img loading=\"lazy\" decoding=\"async\" title=\"2-inserir texto\" src=\"https:\/\/exceladvisor.org\/wp-content\/uploads\/2023\/08\/2-saisir-le-texte.png\" sizes=\"auto, \" srcset=\"\" alt=\"enter-the-text\" width=\"419\" height=\"197\"><\/li><li> Depois disso, voc\u00ea precisa pressionar e segurar a tecla ALT no teclado.<\/li><li> Em seguida, voc\u00ea precisa pressionar a tecla Enter enquanto mant\u00e9m pressionada a tecla ALT. Isso mover\u00e1 o cursor para a nova linha. <br><img loading=\"lazy\" decoding=\"async\" title=\"3 pressionamentos das teclas Enter e Alt\" src=\"https:\/\/exceladvisor.org\/wp-content\/uploads\/2023\/08\/3-appuyez-sur-les-touches-entree-et-alt.png\" sizes=\"auto, \" srcset=\"\" alt=\"press-enter-and-alt-keys\" width=\"426\" height=\"166\"><\/li><li> Agora voc\u00ea pode inserir o sobrenome na segunda linha, apenas digitando-o. <br><img loading=\"lazy\" decoding=\"async\" title=\"4-enter-na-segunda-linha\" src=\"https:\/\/exceladvisor.org\/wp-content\/uploads\/2023\/08\/4-entrer-en-deuxieme-ligne.png\" sizes=\"auto, \" srcset=\"\" alt=\"enter-in-second-line\" width=\"422\" height=\"203\"><\/li><li> No final, pressione Enter para sair do modo de edi\u00e7\u00e3o de c\u00e9lulas. <br><img loading=\"lazy\" decoding=\"async\" title=\"5-pressione enter\" src=\"https:\/\/exceladvisor.org\/wp-content\/uploads\/2023\/08\/5-appuyez-sur-entree.png\" sizes=\"auto, \" srcset=\"\" alt=\"hit-the-enter\" width=\"425\" height=\"158\"><\/li><\/ol><p> Ent\u00e3o aqui voc\u00ea tem uma c\u00e9lula onde voc\u00ea tem um valor na nova linha (segunda linha) da c\u00e9lula.<\/p><p> Mas h\u00e1 uma coisa que voc\u00ea deve saber ao inserir uma nova linha na c\u00e9lula usando um atalho de teclado: <strong>o Excel <a href=\"https:\/\/exceladvisor.org\/pt\/quebrar-texto\/\">ativa automaticamente a quebra autom\u00e1tica de texto<\/a> para essa c\u00e9lula.<\/strong> <\/p><div class=\"wp-block-image\"><figure class=\"aligncenter size-full is-resized\"><img loading=\"lazy\" decoding=\"async\" class=\"wp-image-72333\" src=\"https:\/\/exceladvisor.org\/wp-content\/uploads\/2023\/08\/6-habillage-du-texte-active.png\" sizes=\"auto, \" srcset=\"\" alt=\"habilitado para quebra de texto\" width=\"592\" height=\"347\"><\/figure><\/div><p> Agora, se voc\u00ea remover essa formata\u00e7\u00e3o de quebra de texto da c\u00e9lula, isso tamb\u00e9m remover\u00e1 a nova linha da c\u00e9lula que voc\u00ea adicionou ao inserir os valores. <\/p><div class=\"wp-block-image\"><figure class=\"aligncenter size-full is-resized\"><img loading=\"lazy\" decoding=\"async\" class=\"wp-image-72334\" src=\"https:\/\/exceladvisor.org\/wp-content\/uploads\/2023\/08\/7-supprimer-le-texte-dhabillage.png\" sizes=\"auto, \" srcset=\"\" alt=\"remover texto envolvente\" width=\"591\" height=\"360\"><\/figure><\/div><h2 class=\"wp-block-heading\"> F\u00f3rmula para adicionar uma nova linha a uma c\u00e9lula no Excel<\/h2><p> Se voc\u00ea precisar inserir uma nova linha em v\u00e1rias c\u00e9lulas de uma vez, a melhor maneira \u00e9 usar uma f\u00f3rmula. No exemplo a seguir, voc\u00ea tem <a href=\"https:\/\/exceladvisor.org\/pt\/obter-a-primeira-ultima-palavra\/\">nomes e sobrenomes<\/a> nas colunas A e B. <\/p><div class=\"wp-block-image\"><figure class=\"aligncenter size-full is-resized\"><img loading=\"lazy\" decoding=\"async\" class=\"wp-image-72335\" src=\"https:\/\/exceladvisor.org\/wp-content\/uploads\/2023\/08\/8-ajouter-une-nouvelle-ligne-dans-les-cellules.png\" sizes=\"auto, \" srcset=\"\" alt=\"adicionar nova linha nas c\u00e9lulas\" width=\"506\" height=\"331\"><\/figure><\/div><p> Agora voc\u00ea precisa CONCATENAR ambos para obter o nome completo na coluna C. E aqui voc\u00ea tamb\u00e9m precisa usar a fun\u00e7\u00e3o CHAR para inserir uma nova linha na c\u00e9lula. <\/p><div class=\"wp-block-image\"><figure class=\"aligncenter size-full is-resized\"><img loading=\"lazy\" decoding=\"async\" class=\"wp-image-72336\" src=\"https:\/\/exceladvisor.org\/wp-content\/uploads\/2023\/08\/9-concatenation-et-fonction-char.png\" sizes=\"auto, \" srcset=\"\" alt=\"concatena\u00e7\u00e3o e fun\u00e7\u00e3o de caractere\" width=\"610\" height=\"552\"><\/figure><\/div><ol type=\"1\"><li> A primeira coisa a fazer \u00e9 inserir a fun\u00e7\u00e3o de concatena\u00e7\u00e3o na c\u00e9lula C2.<\/li><li> Depois disso, no primeiro argumento, consulte a c\u00e9lula A2 onde voc\u00ea tem o primeiro nome.<\/li><li> Ent\u00e3o, no segundo argumento, insira a fun\u00e7\u00e3o CHAR e use 10 como valor do argumento.<\/li><li> A partir da\u00ed, no terceiro argumento, consulte a c\u00e9lula B2 onde voc\u00ea tem o sobrenome.<\/li><li> Agora pressione a tecla Enter e aplique esta f\u00f3rmula a todos os nomes que voc\u00ea possui na coluna.<\/li><li> Por fim, para obter a quebra de linha, voc\u00ea precisa aplicar o texto de quebra autom\u00e1tica a toda a coluna C.<\/li><\/ol><pre class=\"wp-block-code\"> <code class=\"language-excel-formula\" lang=\"excel-formula\">=CONCATENATE(A2,CHAR(10),B2)<\/code><\/pre><p> Da mesma forma voc\u00ea tamb\u00e9m pode usar o TEXTJOIN que tamb\u00e9m ajuda a combinar dois valores da c\u00e9lula e ent\u00e3o usando a fun\u00e7\u00e3o CHAR voc\u00ea pode adicionar uma nova linha (quebra de linha) na c\u00e9lula. <\/p><div class=\"wp-block-image\"><figure class=\"aligncenter size-full is-resized\"><img loading=\"lazy\" decoding=\"async\" class=\"wp-image-72337\" src=\"https:\/\/exceladvisor.org\/wp-content\/uploads\/2023\/08\/10-fonction-textjoin-et-char.png\" sizes=\"auto, \" srcset=\"\" alt=\"fun\u00e7\u00e3o textjoin-e-char\" width=\"599\" height=\"581\"><\/figure><\/div><pre class=\"wp-block-code\"> <code class=\"language-excel-formula\" lang=\"excel-formula\">=TEXTJOIN(CHAR(10),TRUE,A2:B2)<\/code><\/pre><p> Depois de criar uma f\u00f3rmula usando TEXTJOIN e CHAR, voc\u00ea tamb\u00e9m precisa aplicar a formata\u00e7\u00e3o de quebra de texto \u00e0 c\u00e9lula, para que ela exiba os dois valores em duas linhas diferentes usando uma <a href=\"https:\/\/exceladvisor.org\/pt\/concatenar-uma-quebra-de-linha\/\">quebra de linha<\/a> .<\/p><h2 class=\"wp-block-heading\"> Truque de intervalo nomeado para inserir uma nova linha em uma c\u00e9lula<\/h2><p> Voc\u00ea tamb\u00e9m pode criar um intervalo nomeado no Excel e adicionar uma fun\u00e7\u00e3o CHAR dentro desse intervalo nomeado. V\u00e1 para a guia F\u00f3rmula \u21e2 Gerenciador de nomes \u21e2 Novo. <\/p><div class=\"wp-block-image\"><figure class=\"aligncenter size-full is-resized\"><img loading=\"lazy\" decoding=\"async\" class=\"wp-image-72338\" src=\"https:\/\/exceladvisor.org\/wp-content\/uploads\/2023\/08\/11-plage-nommee-pour-inserer-une-ligne.png\" sizes=\"auto, \" srcset=\"\" alt=\"intervalo nomeado para inserir linha\" width=\"453\" height=\"301\"><\/figure><\/div><p> Agora, se quiser adicionar uma nova linha em uma c\u00e9lula enquanto combina dois valores, voc\u00ea pode simplesmente usar uma f\u00f3rmula como a abaixo. <\/p><div class=\"wp-block-image\"><figure class=\"aligncenter size-full is-resized\"><img loading=\"lazy\" decoding=\"async\" class=\"wp-image-72339\" src=\"https:\/\/exceladvisor.org\/wp-content\/uploads\/2023\/08\/12-formules-pour-combiner-des-valeurs-dans-des-lignes.png\" sizes=\"auto, \" srcset=\"\" alt=\"f\u00f3rmula para combinar valores em linhas\" width=\"600\" height=\"589\"><\/figure><\/div><p> Neste m\u00e9todo, voc\u00ea tamb\u00e9m precisa aplicar quebra autom\u00e1tica de texto \u00e0 c\u00e9lula para obter o segundo valor na nova linha.<\/p><div class=\"gb-container gb-container-0df56012 gb-container-mt\"> <a class=\"gb-button gb-button-f9f432f4 gb-button-text gb-button-mt-button\" href=\"https:\/\/exceladvisor.org\/pt\/formulas\/\">Lista de f\u00f3rmulas do Excel<\/a><h2 class=\"gb-headline gb-headline-233444e8 gb-headline-text gb-headline-mt-heading\"> F\u00f3rmulas relacionadas <\/h2><div class=\"gb-grid-wrapper gb-grid-wrapper-a16fa65c gb-grid-wrapper-mt-grid\"><div class=\"gb-grid-column gb-grid-column-50d07e0d\"><div class=\"gb-container gb-container-50d07e0d\"><ul><li> <a href=\"https:\/\/exceladvisor.org\/pt\/zeros-a-esquerda\/\">Adicione zeros \u00e0 esquerda no Excel<\/a><\/li><li> <a href=\"https:\/\/exceladvisor.org\/pt\/concatenar-celulas-com-virgula\/\">Concatenar (combinar) c\u00e9lulas com v\u00edrgula no Excel<\/a><\/li><li> <a href=\"https:\/\/exceladvisor.org\/pt\/concatenar-um-intervalo-de-celulas\/\">Concatenar (combinar) um intervalo de c\u00e9lulas no Excel<\/a><\/li><li> <a href=\"https:\/\/exceladvisor.org\/pt\/concatenar-uma-quebra-de-linha\/\">Concatenar com quebra de linha no Excel<\/a><\/li><\/ul><\/div><\/div><\/div><\/div>","protected":false},"excerpt":{"rendered":"","protected":false},"author":1,"featured_media":0,"parent":0,"menu_order":0,"comment_status":"open","ping_status":"closed","template":"","meta":{"ub_ctt_via":"","footnotes":""},"class_list":["post-349","page","type-page","status-publish","hentry"],"featured_image_src":null,"yoast_head":"<!-- This site is optimized with the Yoast SEO plugin v25.4 - https:\/\/yoast.com\/wordpress\/plugins\/seo\/ -->\n<title>\u25b7 Como adicionar uma nova linha a uma c\u00e9lula?<\/title>\n<meta name=\"description\" content=\"Neste tutorial, aprenderemos como adicionar uma nova linha a uma c\u00e9lula no Excel. Para isso temos diferentes m\u00e9todos\" \/>\n<meta name=\"robots\" content=\"index, follow, max-snippet:-1, max-image-preview:large, max-video-preview:-1\" \/>\n<link rel=\"canonical\" href=\"https:\/\/exceladvisor.org\/pt\/nova-linha-na-celula\/\" \/>\n<meta property=\"og:locale\" content=\"pt_PT\" \/>\n<meta property=\"og:type\" content=\"article\" \/>\n<meta property=\"og:title\" content=\"\u25b7 Como adicionar uma nova linha a uma c\u00e9lula?\" \/>\n<meta property=\"og:description\" content=\"Neste tutorial, aprenderemos como adicionar uma nova linha a uma c\u00e9lula no Excel. Para isso temos diferentes m\u00e9todos\" \/>\n<meta property=\"og:url\" content=\"https:\/\/exceladvisor.org\/pt\/nova-linha-na-celula\/\" \/>\n<meta property=\"og:site_name\" content=\"Excel Advisor\" \/>\n<meta property=\"article:modified_time\" content=\"2023-12-06T11:34:13+00:00\" \/>\n<meta property=\"og:image\" content=\"https:\/\/exceladvisor.org\/wp-content\/uploads\/2023\/08\/1-ajouter-une-nouvelle-ligne.png\" \/>\n<meta name=\"twitter:card\" content=\"summary_large_image\" \/>\n<meta name=\"twitter:label1\" content=\"Tempo estimado de leitura\" \/>\n\t<meta name=\"twitter:data1\" content=\"3 minutos\" \/>\n<script type=\"application\/ld+json\" class=\"yoast-schema-graph\">{\"@context\":\"https:\/\/schema.org\",\"@graph\":[{\"@type\":\"WebPage\",\"@id\":\"https:\/\/exceladvisor.org\/pt\/nova-linha-na-celula\/\",\"url\":\"https:\/\/exceladvisor.org\/pt\/nova-linha-na-celula\/\",\"name\":\"\u25b7 Como adicionar uma nova linha a uma c\u00e9lula?\",\"isPartOf\":{\"@id\":\"https:\/\/exceladvisor.org\/pt\/#website\"},\"primaryImageOfPage\":{\"@id\":\"https:\/\/exceladvisor.org\/pt\/nova-linha-na-celula\/#primaryimage\"},\"image\":{\"@id\":\"https:\/\/exceladvisor.org\/pt\/nova-linha-na-celula\/#primaryimage\"},\"thumbnailUrl\":\"https:\/\/exceladvisor.org\/wp-content\/uploads\/2023\/08\/1-ajouter-une-nouvelle-ligne.png\",\"datePublished\":\"2023-11-01T23:34:59+00:00\",\"dateModified\":\"2023-12-06T11:34:13+00:00\",\"description\":\"Neste tutorial, aprenderemos como adicionar uma nova linha a uma c\u00e9lula no Excel. Para isso temos diferentes m\u00e9todos\",\"breadcrumb\":{\"@id\":\"https:\/\/exceladvisor.org\/pt\/nova-linha-na-celula\/#breadcrumb\"},\"inLanguage\":\"pt-PT\",\"potentialAction\":[{\"@type\":\"ReadAction\",\"target\":[\"https:\/\/exceladvisor.org\/pt\/nova-linha-na-celula\/\"]}]},{\"@type\":\"ImageObject\",\"inLanguage\":\"pt-PT\",\"@id\":\"https:\/\/exceladvisor.org\/pt\/nova-linha-na-celula\/#primaryimage\",\"url\":\"https:\/\/exceladvisor.org\/wp-content\/uploads\/2023\/08\/1-ajouter-une-nouvelle-ligne.png\",\"contentUrl\":\"https:\/\/exceladvisor.org\/wp-content\/uploads\/2023\/08\/1-ajouter-une-nouvelle-ligne.png\"},{\"@type\":\"BreadcrumbList\",\"@id\":\"https:\/\/exceladvisor.org\/pt\/nova-linha-na-celula\/#breadcrumb\",\"itemListElement\":[{\"@type\":\"ListItem\",\"position\":1,\"name\":\"Lar\",\"item\":\"https:\/\/exceladvisor.org\/pt\/\"},{\"@type\":\"ListItem\",\"position\":2,\"name\":\"Como adicionar uma nova linha a uma c\u00e9lula?\"}]},{\"@type\":\"WebSite\",\"@id\":\"https:\/\/exceladvisor.org\/pt\/#website\",\"url\":\"https:\/\/exceladvisor.org\/pt\/\",\"name\":\"Excel Advisor\",\"description\":\"O seu guia definitivo para dominar os dados!\",\"publisher\":{\"@id\":\"https:\/\/exceladvisor.org\/pt\/#organization\"},\"potentialAction\":[{\"@type\":\"SearchAction\",\"target\":{\"@type\":\"EntryPoint\",\"urlTemplate\":\"https:\/\/exceladvisor.org\/pt\/?s={search_term_string}\"},\"query-input\":{\"@type\":\"PropertyValueSpecification\",\"valueRequired\":true,\"valueName\":\"search_term_string\"}}],\"inLanguage\":\"pt-PT\"},{\"@type\":\"Organization\",\"@id\":\"https:\/\/exceladvisor.org\/pt\/#organization\",\"name\":\"Excel Advisor\",\"url\":\"https:\/\/exceladvisor.org\/pt\/\",\"logo\":{\"@type\":\"ImageObject\",\"inLanguage\":\"pt-PT\",\"@id\":\"https:\/\/exceladvisor.org\/pt\/#\/schema\/logo\/image\/\",\"url\":\"https:\/\/exceladvisor.org\/pt\/wp-content\/uploads\/2023\/12\/exceladvisor.org_.png\",\"contentUrl\":\"https:\/\/exceladvisor.org\/pt\/wp-content\/uploads\/2023\/12\/exceladvisor.org_.png\",\"width\":105,\"height\":36,\"caption\":\"Excel Advisor\"},\"image\":{\"@id\":\"https:\/\/exceladvisor.org\/pt\/#\/schema\/logo\/image\/\"}}]}<\/script>\n<!-- \/ Yoast SEO plugin. -->","yoast_head_json":{"title":"\u25b7 Como adicionar uma nova linha a uma c\u00e9lula?","description":"Neste tutorial, aprenderemos como adicionar uma nova linha a uma c\u00e9lula no Excel. Para isso temos diferentes m\u00e9todos","robots":{"index":"index","follow":"follow","max-snippet":"max-snippet:-1","max-image-preview":"max-image-preview:large","max-video-preview":"max-video-preview:-1"},"canonical":"https:\/\/exceladvisor.org\/pt\/nova-linha-na-celula\/","og_locale":"pt_PT","og_type":"article","og_title":"\u25b7 Como adicionar uma nova linha a uma c\u00e9lula?","og_description":"Neste tutorial, aprenderemos como adicionar uma nova linha a uma c\u00e9lula no Excel. Para isso temos diferentes m\u00e9todos","og_url":"https:\/\/exceladvisor.org\/pt\/nova-linha-na-celula\/","og_site_name":"Excel Advisor","article_modified_time":"2023-12-06T11:34:13+00:00","og_image":[{"url":"https:\/\/exceladvisor.org\/wp-content\/uploads\/2023\/08\/1-ajouter-une-nouvelle-ligne.png","type":"","width":"","height":""}],"twitter_card":"summary_large_image","twitter_misc":{"Tempo estimado de leitura":"3 minutos"},"schema":{"@context":"https:\/\/schema.org","@graph":[{"@type":"WebPage","@id":"https:\/\/exceladvisor.org\/pt\/nova-linha-na-celula\/","url":"https:\/\/exceladvisor.org\/pt\/nova-linha-na-celula\/","name":"\u25b7 Como adicionar uma nova linha a uma c\u00e9lula?","isPartOf":{"@id":"https:\/\/exceladvisor.org\/pt\/#website"},"primaryImageOfPage":{"@id":"https:\/\/exceladvisor.org\/pt\/nova-linha-na-celula\/#primaryimage"},"image":{"@id":"https:\/\/exceladvisor.org\/pt\/nova-linha-na-celula\/#primaryimage"},"thumbnailUrl":"https:\/\/exceladvisor.org\/wp-content\/uploads\/2023\/08\/1-ajouter-une-nouvelle-ligne.png","datePublished":"2023-11-01T23:34:59+00:00","dateModified":"2023-12-06T11:34:13+00:00","description":"Neste tutorial, aprenderemos como adicionar uma nova linha a uma c\u00e9lula no Excel. Para isso temos diferentes m\u00e9todos","breadcrumb":{"@id":"https:\/\/exceladvisor.org\/pt\/nova-linha-na-celula\/#breadcrumb"},"inLanguage":"pt-PT","potentialAction":[{"@type":"ReadAction","target":["https:\/\/exceladvisor.org\/pt\/nova-linha-na-celula\/"]}]},{"@type":"ImageObject","inLanguage":"pt-PT","@id":"https:\/\/exceladvisor.org\/pt\/nova-linha-na-celula\/#primaryimage","url":"https:\/\/exceladvisor.org\/wp-content\/uploads\/2023\/08\/1-ajouter-une-nouvelle-ligne.png","contentUrl":"https:\/\/exceladvisor.org\/wp-content\/uploads\/2023\/08\/1-ajouter-une-nouvelle-ligne.png"},{"@type":"BreadcrumbList","@id":"https:\/\/exceladvisor.org\/pt\/nova-linha-na-celula\/#breadcrumb","itemListElement":[{"@type":"ListItem","position":1,"name":"Lar","item":"https:\/\/exceladvisor.org\/pt\/"},{"@type":"ListItem","position":2,"name":"Como adicionar uma nova linha a uma c\u00e9lula?"}]},{"@type":"WebSite","@id":"https:\/\/exceladvisor.org\/pt\/#website","url":"https:\/\/exceladvisor.org\/pt\/","name":"Excel Advisor","description":"O seu guia definitivo para dominar os dados!","publisher":{"@id":"https:\/\/exceladvisor.org\/pt\/#organization"},"potentialAction":[{"@type":"SearchAction","target":{"@type":"EntryPoint","urlTemplate":"https:\/\/exceladvisor.org\/pt\/?s={search_term_string}"},"query-input":{"@type":"PropertyValueSpecification","valueRequired":true,"valueName":"search_term_string"}}],"inLanguage":"pt-PT"},{"@type":"Organization","@id":"https:\/\/exceladvisor.org\/pt\/#organization","name":"Excel Advisor","url":"https:\/\/exceladvisor.org\/pt\/","logo":{"@type":"ImageObject","inLanguage":"pt-PT","@id":"https:\/\/exceladvisor.org\/pt\/#\/schema\/logo\/image\/","url":"https:\/\/exceladvisor.org\/pt\/wp-content\/uploads\/2023\/12\/exceladvisor.org_.png","contentUrl":"https:\/\/exceladvisor.org\/pt\/wp-content\/uploads\/2023\/12\/exceladvisor.org_.png","width":105,"height":36,"caption":"Excel Advisor"},"image":{"@id":"https:\/\/exceladvisor.org\/pt\/#\/schema\/logo\/image\/"}}]}},"yoast_meta":{"yoast_wpseo_title":"","yoast_wpseo_metadesc":"","yoast_wpseo_canonical":""},"_links":{"self":[{"href":"https:\/\/exceladvisor.org\/pt\/wp-json\/wp\/v2\/pages\/349","targetHints":{"allow":["GET"]}}],"collection":[{"href":"https:\/\/exceladvisor.org\/pt\/wp-json\/wp\/v2\/pages"}],"about":[{"href":"https:\/\/exceladvisor.org\/pt\/wp-json\/wp\/v2\/types\/page"}],"author":[{"embeddable":true,"href":"https:\/\/exceladvisor.org\/pt\/wp-json\/wp\/v2\/users\/1"}],"replies":[{"embeddable":true,"href":"https:\/\/exceladvisor.org\/pt\/wp-json\/wp\/v2\/comments?post=349"}],"version-history":[{"count":1,"href":"https:\/\/exceladvisor.org\/pt\/wp-json\/wp\/v2\/pages\/349\/revisions"}],"predecessor-version":[{"id":809,"href":"https:\/\/exceladvisor.org\/pt\/wp-json\/wp\/v2\/pages\/349\/revisions\/809"}],"wp:attachment":[{"href":"https:\/\/exceladvisor.org\/pt\/wp-json\/wp\/v2\/media?parent=349"}],"curies":[{"name":"wp","href":"https:\/\/api.w.org\/{rel}","templated":true}]}}