{"id":35,"date":"2023-11-19T15:15:07","date_gmt":"2023-11-19T15:15:07","guid":{"rendered":"https:\/\/exceladvisor.org\/pt\/sumif-com-curingas\/"},"modified":"2023-12-06T11:50:19","modified_gmt":"2023-12-06T11:50:19","slug":"sumif-com-curingas","status":"publish","type":"page","link":"https:\/\/exceladvisor.org\/pt\/sumif-com-curingas\/","title":{"rendered":"Como usar sumif com curingas?"},"content":{"rendered":"<div class=\"excel-before-content-2\" id=\"excel-1509039659\"><script type=\"text\/javascript\">\r\n\tatOptions = {\r\n\t\t'key' : 'c1158f160081d6540a8409e6925dab94',\r\n\t\t'format' : 'iframe',\r\n\t\t'height' : 250,\r\n\t\t'width' : 300,\r\n\t\t'params' : {}\r\n\t};\r\n<\/script>\r\n<script type=\"text\/javascript\" src=\"\/\/www.highperformanceformat.com\/c1158f160081d6540a8409e6925dab94\/invoke.js\"><\/script><\/div><div class=\"excel-before-content\" id=\"excel-2588513925\"><script type=\"text\/javascript\">\r\n\tatOptions = {\r\n\t\t'key' : 'c1158f160081d6540a8409e6925dab94',\r\n\t\t'format' : 'iframe',\r\n\t\t'height' : 250,\r\n\t\t'width' : 300,\r\n\t\t'params' : {}\r\n\t};\r\n<\/script>\r\n<script type=\"text\/javascript\" src=\"\/\/www.highperformanceformat.com\/c1158f160081d6540a8409e6925dab94\/invoke.js\"><\/script><\/div> <p>SUMIF \u00e9 uma das <a style=\"outline: none; display: inline-block;\" href=\"https:\/\/exceladvisor.org\/pt\/funcoes-do-excel\/\">minhas fun\u00e7\u00f5es favoritas do Excel<\/a> e tenho certeza que \u00e9 a sua tamb\u00e9m. Mas uma coisa que sempre me preocupa \u00e9 que s\u00f3 conseguimos somar os valores quando os crit\u00e9rios correspondem perfeitamente aos valores.<\/p><p> Digamos que seu nome seja John Martin.<\/p><p> Neste caso, se quisermos somar valores usando o seu nome, devemos ter o seu nome completo. E, se tivermos apenas o seu primeiro nome, n\u00e3o poderemos us\u00e1-lo.<\/p><p> Sim, isso \u00e9 um problema. Mas tamb\u00e9m tenho uma solu\u00e7\u00e3o para isso. Voc\u00ea se lembra <a href=\"https:\/\/exceladvisor.org\/pt\/curingas-2\/\" data-wpil=\"url\">dos curingas do Excel<\/a> ? Sim voc\u00ea est\u00e1 certo.<\/p><p> Se usarmos <strong><span style=\"color: #ea493f;\">curingas com SUMIF<\/span><\/strong> , podemos somar valores usando crit\u00e9rios parciais. A boa not\u00edcia \u00e9 que podemos usar todos os tr\u00eas caracteres (asterisco [*], ponto de interroga\u00e7\u00e3o [?], til [~]) com SUMIF\/SUMIFS.<\/p><p> Hoje, neste artigo, gostaria de compartilhar com voc\u00eas uma maneira simples de usar SUMIF com curingas, explicando o uso de todos os tr\u00eas caracteres com exemplos.<\/p><p> Se quiser saber mais sobre curingas, voc\u00ea aprender\u00e1 com <a style=\"outline: none;\" href=\"https:\/\/exceladvisor.org\/pt\/curingas-2\/\" data-wpil=\"url\">este guia<\/a> e certifique-se de baixar este arquivo de dados aqui para acompanhar.<\/p><p> E agora vamos come\u00e7ar&#8230;<\/p><h2 id=\"tab-con-5\" class=\"wp-block-heading\"> 1. Asterisco [*] com SUMIF<\/h2><p> O asterisco \u00e9 o caractere curinga mais popular. E \u00e9 aquele que pode ser usado perfeitamente com SUMIF.<\/p><h3 class=\"wp-block-heading\"> Asterisk: uma introdu\u00e7\u00e3o r\u00e1pida<\/h3><p> Voc\u00ea pode usar um <a href=\"https:\/\/exceladvisor.org\/pt\/curingas-2\/\" data-wpil=\"url\">asterisco<\/a> para apresentar um ou mais caracteres ausentes no final ou no in\u00edcio dos crit\u00e9rios.<\/p><p> Como falei, se tivermos Jo\u00e3o como crit\u00e9rio e precisarmos somar valores para o nome Jo\u00e3o Martin, podemos combinar o texto \u201cJo\u00e3o\u201d com um asterisco para apresentar o restante do texto. com um asterisco para apresentar o restante do texto.<\/p><h3 class=\"wp-block-heading\"> Exemplo: SUMIF + asterisco<\/h3><p> Aqui tenho um exemplo melhor para voc\u00ea entender como o asterisk funciona com o SUMIF.<\/p><p> Abaixo est\u00e1 a tabela onde temos uma coluna onde est\u00e3o anexados o nome do produto e o n\u00famero da fatura ou pode-se dizer que \u00e9 um n\u00famero de fatura por produto. <\/p><div class=\"wp-block-image\"><figure class=\"aligncenter\"><img decoding=\"async\" src=\"https:\/\/exceladvisor.org\/wp-content\/uploads\/2023\/08\/donnees-pour-obtenir-les-totaux-de-la-facture-en-utilisant-sumif-avec-des-caracteres-generiques.png\" sizes=\"\" srcset=\"\" alt=\"dados para obter totais de faturas usando sumif com curingas\"><\/figure><\/div><p> Agora a partir desta tabela precisamos criar um total por produto. Mas se voc\u00ea observar, cada nome de produto \u00e9 \u00fanico, pois temos um n\u00famero de fatura junto com ele.<\/p><p> A partir daqui, mesmo que <a href=\"https:\/\/exceladvisor.org\/pt\/tabela-dinamica-1\/\" data-wpil=\"url\">criemos uma tabela din\u00e2mica,<\/a> n\u00e3o podemos obter um total por produto. Ent\u00e3o \u00e9 hora de usar um asterisco e a f\u00f3rmula seria: <\/p><pre class=\"wp-block-code\"> <code class=\"language-excel-formula\" lang=\"excel-formula\">=SUMIF(invoice_column,product_name&amp;\"*\",amount_column)<\/code><\/pre><div class=\"wp-block-image\"><figure class=\"aligncenter\"><img decoding=\"async\" src=\"https:\/\/exceladvisor.org\/wp-content\/uploads\/2023\/08\/formule-utilisant-le-caractere-generique-asterisque-avec-sumif-pour-obtenir-le-total-de-la-facture.png\" sizes=\"\" srcset=\"\" alt=\"f\u00f3rmula usando curinga asterisco com sumif para obter o total da fatura\"><\/figure><\/div><p> Na f\u00f3rmula acima, combinamos o nome do produto com os valores da soma do curinga asterisco para cada produto.<\/p><p> Portanto, quando SUMIF corresponde aos crit\u00e9rios da coluna da fatura, ele pega os caracteres antes do asterisco e substitui o restante dos caracteres.<\/p><p> Em termos simples, ignora todos os caracteres ap\u00f3s o nome do produto de uma c\u00e9lula e retorna a soma da coluna de valor.<\/p><p> Desta forma podemos obter o total por produto mesmo quando n\u00e3o temos um nome de produto adequado na coluna.<\/p><h2 id=\"tab-con-1\" class=\"wp-block-heading\"> 2. Ponto de interroga\u00e7\u00e3o [?] com SUMIF<\/h2><p> Um <a href=\"https:\/\/exceladvisor.org\/pt\/curingas-2\/\" data-wpil=\"url\">ponto de interroga\u00e7\u00e3o \u00e9<\/a> o pr\u00f3ximo caractere importante ap\u00f3s o asterisco. SUMIF\/SUMIFS podem ajud\u00e1-lo a criar crit\u00e9rios de texto parciais.<\/p><h3 class=\"wp-block-heading\"> Ponto de interroga\u00e7\u00e3o: uma introdu\u00e7\u00e3o r\u00e1pida<\/h3><p> Voc\u00ea pode usar um ponto de interroga\u00e7\u00e3o para apresentar um \u00fanico caractere desconhecido em uma sequ\u00eancia de texto.<\/p><p> Meu nome \u00e9 \u201cPUNEET\u201d. Mas o que acontece se algu\u00e9m escrever como PUNNET e PUNIIT? N\u00e3o estou conseguindo SOMAR um valor relacionado a esses dois ou a qualquer outro.<\/p><p> Se eu usar PUN??T (dois pontos de interroga\u00e7\u00e3o), isso me ajudar\u00e1 a SOMAR os valores de ambos os crit\u00e9rios.<\/p><h3 class=\"wp-block-heading\"> Exemplo: SUMIF + ponto de interroga\u00e7\u00e3o<\/h3><p> Normalmente o uso de ponto de interroga\u00e7\u00e3o n\u00e3o \u00e9 t\u00e3o comum comparado a um asterisco, mas mesmo assim \u00e9 importante aprender e pode ser usado em algumas situa\u00e7\u00f5es espec\u00edficas.<\/p><p> D\u00ea uma olhada nos dados abaixo (novamente, estou usando meu nome). Se voc\u00ea olhar com aten\u00e7\u00e3o, ver\u00e1 que meu nome aparece v\u00e1rias vezes na lista.<\/p><p> Mas o ponto a ser observado \u00e9 que em vez de ter um espa\u00e7o entre o nome e o sobrenome, voc\u00ea tem caracteres diferentes.<\/p><p> E se voc\u00ea quiser resumir todos os b\u00f4nus a\u00ed, n\u00e3o pode simplesmente referir-se ao meu nome.<\/p><p> Mesmo que o nome esteja em v\u00e1rias c\u00e9lulas, mas cada uma seja \u00fanica para resolver esse problema e somar todos os b\u00f4nus voc\u00ea pode usar a f\u00f3rmula abaixo.<\/p><pre class=\"wp-block-code\"> <code class=\"language-excel-formula\" lang=\"excel-formula\">=SUMIF(name_column,\"Puneet?Gogia\",amount_column)<\/code><\/pre><p> Agora, aqui voc\u00ea usou um ponto de interroga\u00e7\u00e3o entre o nome e o sobrenome. Acontece que quando voc\u00ea usa um ponto de interroga\u00e7\u00e3o, ele apenas substitui esse caractere por um dos caracteres dispon\u00edveis.<\/p><p> Quando SUMIF usa crit\u00e9rios especificados por voc\u00ea, ele corresponde apenas ao nome e ao sobrenome e ignora caracteres em valores correspondentes para a mesma posi\u00e7\u00e3o onde voc\u00ea usou um ponto de interroga\u00e7\u00e3o.<\/p><p> Portanto, o ponto crucial \u00e9 este: um ponto de interroga\u00e7\u00e3o representa um \u00fanico caractere em uma sequ\u00eancia de texto.<\/p><h2 id=\"tab-con-3\" class=\"wp-block-heading\"> 3. Til [~] com SUMIFS<\/h2><p> N\u00e3o sei se voc\u00ea precisar\u00e1 usar um <a href=\"https:\/\/exceladvisor.org\/pt\/curingas-2\/\" data-wpil=\"url\">til como curinga<\/a> . Mas se o seu trabalho inclui lidar com os dados mais sujos, um til pode ser \u00fatil algum dia.<\/p><h3 class=\"wp-block-heading\"> Til: uma introdu\u00e7\u00e3o r\u00e1pida<\/h3><p> Simplificando, um til substitui o efeito dos curingas (asterisco e ponto de interroga\u00e7\u00e3o).<\/p><p> Por exemplo, se voc\u00ea tentar adicionar valores usando um texto no qual voc\u00ea tem um asterisco ou ponto de interroga\u00e7\u00e3o como caractere real, SUMIF os tratar\u00e1 como um curinga em vez de um caractere real.<\/p><h3 class=\"wp-block-heading\"> Exemplo: SUMIF + Til<\/h3><p> Aqui utilizamos os mesmos dados do exemplo acima e nestes dados voc\u00ea tem meu nome novamente. Mas esse nome de tempo j\u00e1 traz consigo um car\u00e1ter gen\u00e9rico.<\/p><p> A partir desses dados voc\u00ea precisa somar os valores dos b\u00f4nus com o nome onde tem um ponto de interroga\u00e7\u00e3o. D\u00ea uma olhada no exemplo abaixo onde simplesmente usamos os crit\u00e9rios para somar os valores dos b\u00f4nus.<\/p><p> Objetivo: Se voc\u00ea observar o resultado da f\u00f3rmula, ele exibe a soma de todos os valores de b\u00f4nus (para nome e nome completo).<\/p><p> SUMIF considera este ponto de interroga\u00e7\u00e3o nos crit\u00e9rios como um curinga e retorna a soma dos valores dos b\u00f4nus onde o texto nos crit\u00e9rios \u00e9 \u201cPuneet\u201d. Como eu disse, precisamos usar um til com asterisco para obter a soma dos valores. Ent\u00e3o a f\u00f3rmula seria:<\/p><pre class=\"wp-block-code\"> <code class=\"language-excel-formula\" lang=\"excel-formula\">=SUMIF(name_column,\"Puneet*~\",amount_column)<\/code><\/pre><p> Portanto, quando voc\u00ea usa um til pr\u00f3ximo ao asterisco, SUMIF o considera um caractere real em vez de um curinga.<\/p><p> Problema resolvido. Voc\u00ea obteve a soma correta dos valores.<\/p><h2 id=\"tab-con-4\" class=\"wp-block-heading\"> Conclus\u00e3o<\/h2><p> O que eu gosto em usar curingas com SUMIF\/SUMIFS \u00e9 que isso economiza tempo e voc\u00ea pode adicionar valores sem fazer nenhuma altera\u00e7\u00e3o inicial nos valores originais.<\/p><p> Apenas lembra-te:<\/p><ol><li> Se voc\u00ea tiver dados em que n\u00e3o tem certeza da sequ\u00eancia de texto completa, poder\u00e1 usar um asterisco.<\/li><li> E, se quiser substituir um n\u00famero espec\u00edfico de caracteres, um ponto de interroga\u00e7\u00e3o pode ser usado.<\/li><li> Mas, como eu disse, seu trabalho inclui lidar com a maioria dos dados sujos, ent\u00e3o um til pode ser \u00fatil.<\/li><\/ol><p> Espero que esta dica ajude voc\u00ea a melhorar as f\u00f3rmulas. Voc\u00ea pode aprender algumas das f\u00f3rmulas do Excel mais incr\u00edveis aqui.<\/p><p> Agora me diga uma coisa.<\/p><p> Voc\u00ea j\u00e1 usou SUMIF com curingas antes?<\/p><p> Compartilhe suas id\u00e9ias comigo na se\u00e7\u00e3o de coment\u00e1rios, eu adoraria ouvir de voc\u00ea. E n\u00e3o esque\u00e7a de compartilhar essa dica com seus amigos.<\/p><div class=\"gb-container gb-container-0df56012 gb-container-mt\"> <a class=\"gb-button gb-button-f9f432f4 gb-button-text gb-button-mt-button\" href=\"https:\/\/exceladvisor.org\/pt\/formulas\/\">Lista de f\u00f3rmulas do Excel<\/a><h2 class=\"gb-headline gb-headline-233444e8 gb-headline-text gb-headline-mt-heading\"> F\u00f3rmulas relacionadas <\/h2><div class=\"gb-grid-wrapper gb-grid-wrapper-a16fa65c gb-grid-wrapper-mt-grid\"><div class=\"gb-grid-column gb-grid-column-50d07e0d\"><div class=\"gb-container gb-container-50d07e0d\"><ul><li> <a href=\"https:\/\/exceladvisor.org\/pt\/soma-se-for-maior-que\/\">Soma maior que valores usando SUMIF<\/a><\/li><li> <a href=\"https:\/\/exceladvisor.org\/pt\/sumivos-nao-sao-iguais\/\">Soma de valores diferentes (SUMIFS) no Excel<\/a><\/li><li> <a href=\"https:\/\/exceladvisor.org\/pt\/sumif-sumifs-ou-logica\/\">SUMIF\/SUMIFS com l\u00f3gica OR no Excel<\/a><\/li><li> <a href=\"https:\/\/exceladvisor.org\/pt\/soma-dos-valores-entre-duas-datas\/\">Intervalo de datas SUMIFS (soma dos valores entre duas matrizes de datas)<\/a><\/li><li> <a href=\"https:\/\/exceladvisor.org\/pt\/sumif-vlookup\/\">Combine PROCV com SUMIF<\/a> <\/li><\/ul><\/div><\/div><div class=\"gb-grid-column gb-grid-column-5b4a0cf9\"><div class=\"gb-container gb-container-5b4a0cf9\"><\/div><\/div><\/div><\/div>","protected":false},"excerpt":{"rendered":"","protected":false},"author":1,"featured_media":0,"parent":0,"menu_order":0,"comment_status":"open","ping_status":"closed","template":"","meta":{"ub_ctt_via":"","footnotes":""},"class_list":["post-35","page","type-page","status-publish","hentry"],"featured_image_src":null,"yoast_head":"<!-- This site is optimized with the Yoast SEO plugin v25.4 - https:\/\/yoast.com\/wordpress\/plugins\/seo\/ -->\n<title>Como usar SUMIF com curingas no Excel [Ultimate Formula Hack]<\/title>\n<meta name=\"description\" content=\"Lembra dos curingas do Excel? Se usarmos curingas com SUMIF podemos somar valores usando crit\u00e9rios parciais e a boa not\u00edcia \u00e9...\" \/>\n<meta name=\"robots\" content=\"index, follow, max-snippet:-1, max-image-preview:large, max-video-preview:-1\" \/>\n<link rel=\"canonical\" href=\"https:\/\/exceladvisor.org\/pt\/sumif-com-curingas\/\" \/>\n<meta property=\"og:locale\" content=\"pt_PT\" \/>\n<meta property=\"og:type\" content=\"article\" \/>\n<meta property=\"og:title\" content=\"Como usar SUMIF com curingas no Excel [Ultimate Formula Hack]\" \/>\n<meta property=\"og:description\" content=\"Lembra dos curingas do Excel? Se usarmos curingas com SUMIF podemos somar valores usando crit\u00e9rios parciais e a boa not\u00edcia \u00e9...\" \/>\n<meta property=\"og:url\" content=\"https:\/\/exceladvisor.org\/pt\/sumif-com-curingas\/\" \/>\n<meta property=\"og:site_name\" content=\"Excel Advisor\" \/>\n<meta property=\"article:modified_time\" content=\"2023-12-06T11:50:19+00:00\" \/>\n<meta property=\"og:image\" content=\"https:\/\/exceladvisor.org\/wp-content\/uploads\/2023\/08\/donnees-pour-obtenir-les-totaux-de-la-facture-en-utilisant-sumif-avec-des-caracteres-generiques.png\" \/>\n<meta name=\"twitter:card\" content=\"summary_large_image\" \/>\n<meta name=\"twitter:label1\" content=\"Tempo estimado de leitura\" \/>\n\t<meta name=\"twitter:data1\" content=\"7 minutos\" \/>\n<script type=\"application\/ld+json\" class=\"yoast-schema-graph\">{\"@context\":\"https:\/\/schema.org\",\"@graph\":[{\"@type\":\"WebPage\",\"@id\":\"https:\/\/exceladvisor.org\/pt\/sumif-com-curingas\/\",\"url\":\"https:\/\/exceladvisor.org\/pt\/sumif-com-curingas\/\",\"name\":\"Como usar SUMIF com curingas no Excel [Ultimate Formula Hack]\",\"isPartOf\":{\"@id\":\"https:\/\/exceladvisor.org\/pt\/#website\"},\"primaryImageOfPage\":{\"@id\":\"https:\/\/exceladvisor.org\/pt\/sumif-com-curingas\/#primaryimage\"},\"image\":{\"@id\":\"https:\/\/exceladvisor.org\/pt\/sumif-com-curingas\/#primaryimage\"},\"thumbnailUrl\":\"https:\/\/exceladvisor.org\/wp-content\/uploads\/2023\/08\/donnees-pour-obtenir-les-totaux-de-la-facture-en-utilisant-sumif-avec-des-caracteres-generiques.png\",\"datePublished\":\"2023-11-19T15:15:07+00:00\",\"dateModified\":\"2023-12-06T11:50:19+00:00\",\"description\":\"Lembra dos curingas do Excel? Se usarmos curingas com SUMIF podemos somar valores usando crit\u00e9rios parciais e a boa not\u00edcia \u00e9...\",\"breadcrumb\":{\"@id\":\"https:\/\/exceladvisor.org\/pt\/sumif-com-curingas\/#breadcrumb\"},\"inLanguage\":\"pt-PT\",\"potentialAction\":[{\"@type\":\"ReadAction\",\"target\":[\"https:\/\/exceladvisor.org\/pt\/sumif-com-curingas\/\"]}]},{\"@type\":\"ImageObject\",\"inLanguage\":\"pt-PT\",\"@id\":\"https:\/\/exceladvisor.org\/pt\/sumif-com-curingas\/#primaryimage\",\"url\":\"https:\/\/exceladvisor.org\/wp-content\/uploads\/2023\/08\/donnees-pour-obtenir-les-totaux-de-la-facture-en-utilisant-sumif-avec-des-caracteres-generiques.png\",\"contentUrl\":\"https:\/\/exceladvisor.org\/wp-content\/uploads\/2023\/08\/donnees-pour-obtenir-les-totaux-de-la-facture-en-utilisant-sumif-avec-des-caracteres-generiques.png\"},{\"@type\":\"BreadcrumbList\",\"@id\":\"https:\/\/exceladvisor.org\/pt\/sumif-com-curingas\/#breadcrumb\",\"itemListElement\":[{\"@type\":\"ListItem\",\"position\":1,\"name\":\"Lar\",\"item\":\"https:\/\/exceladvisor.org\/pt\/\"},{\"@type\":\"ListItem\",\"position\":2,\"name\":\"Como usar sumif com curingas?\"}]},{\"@type\":\"WebSite\",\"@id\":\"https:\/\/exceladvisor.org\/pt\/#website\",\"url\":\"https:\/\/exceladvisor.org\/pt\/\",\"name\":\"Excel Advisor\",\"description\":\"O seu guia definitivo para dominar os dados!\",\"publisher\":{\"@id\":\"https:\/\/exceladvisor.org\/pt\/#organization\"},\"potentialAction\":[{\"@type\":\"SearchAction\",\"target\":{\"@type\":\"EntryPoint\",\"urlTemplate\":\"https:\/\/exceladvisor.org\/pt\/?s={search_term_string}\"},\"query-input\":{\"@type\":\"PropertyValueSpecification\",\"valueRequired\":true,\"valueName\":\"search_term_string\"}}],\"inLanguage\":\"pt-PT\"},{\"@type\":\"Organization\",\"@id\":\"https:\/\/exceladvisor.org\/pt\/#organization\",\"name\":\"Excel Advisor\",\"url\":\"https:\/\/exceladvisor.org\/pt\/\",\"logo\":{\"@type\":\"ImageObject\",\"inLanguage\":\"pt-PT\",\"@id\":\"https:\/\/exceladvisor.org\/pt\/#\/schema\/logo\/image\/\",\"url\":\"https:\/\/exceladvisor.org\/pt\/wp-content\/uploads\/2023\/12\/exceladvisor.org_.png\",\"contentUrl\":\"https:\/\/exceladvisor.org\/pt\/wp-content\/uploads\/2023\/12\/exceladvisor.org_.png\",\"width\":105,\"height\":36,\"caption\":\"Excel Advisor\"},\"image\":{\"@id\":\"https:\/\/exceladvisor.org\/pt\/#\/schema\/logo\/image\/\"}}]}<\/script>\n<!-- \/ Yoast SEO plugin. -->","yoast_head_json":{"title":"Como usar SUMIF com curingas no Excel [Ultimate Formula Hack]","description":"Lembra dos curingas do Excel? Se usarmos curingas com SUMIF podemos somar valores usando crit\u00e9rios parciais e a boa not\u00edcia \u00e9...","robots":{"index":"index","follow":"follow","max-snippet":"max-snippet:-1","max-image-preview":"max-image-preview:large","max-video-preview":"max-video-preview:-1"},"canonical":"https:\/\/exceladvisor.org\/pt\/sumif-com-curingas\/","og_locale":"pt_PT","og_type":"article","og_title":"Como usar SUMIF com curingas no Excel [Ultimate Formula Hack]","og_description":"Lembra dos curingas do Excel? Se usarmos curingas com SUMIF podemos somar valores usando crit\u00e9rios parciais e a boa not\u00edcia \u00e9...","og_url":"https:\/\/exceladvisor.org\/pt\/sumif-com-curingas\/","og_site_name":"Excel Advisor","article_modified_time":"2023-12-06T11:50:19+00:00","og_image":[{"url":"https:\/\/exceladvisor.org\/wp-content\/uploads\/2023\/08\/donnees-pour-obtenir-les-totaux-de-la-facture-en-utilisant-sumif-avec-des-caracteres-generiques.png","type":"","width":"","height":""}],"twitter_card":"summary_large_image","twitter_misc":{"Tempo estimado de leitura":"7 minutos"},"schema":{"@context":"https:\/\/schema.org","@graph":[{"@type":"WebPage","@id":"https:\/\/exceladvisor.org\/pt\/sumif-com-curingas\/","url":"https:\/\/exceladvisor.org\/pt\/sumif-com-curingas\/","name":"Como usar SUMIF com curingas no Excel [Ultimate Formula Hack]","isPartOf":{"@id":"https:\/\/exceladvisor.org\/pt\/#website"},"primaryImageOfPage":{"@id":"https:\/\/exceladvisor.org\/pt\/sumif-com-curingas\/#primaryimage"},"image":{"@id":"https:\/\/exceladvisor.org\/pt\/sumif-com-curingas\/#primaryimage"},"thumbnailUrl":"https:\/\/exceladvisor.org\/wp-content\/uploads\/2023\/08\/donnees-pour-obtenir-les-totaux-de-la-facture-en-utilisant-sumif-avec-des-caracteres-generiques.png","datePublished":"2023-11-19T15:15:07+00:00","dateModified":"2023-12-06T11:50:19+00:00","description":"Lembra dos curingas do Excel? Se usarmos curingas com SUMIF podemos somar valores usando crit\u00e9rios parciais e a boa not\u00edcia \u00e9...","breadcrumb":{"@id":"https:\/\/exceladvisor.org\/pt\/sumif-com-curingas\/#breadcrumb"},"inLanguage":"pt-PT","potentialAction":[{"@type":"ReadAction","target":["https:\/\/exceladvisor.org\/pt\/sumif-com-curingas\/"]}]},{"@type":"ImageObject","inLanguage":"pt-PT","@id":"https:\/\/exceladvisor.org\/pt\/sumif-com-curingas\/#primaryimage","url":"https:\/\/exceladvisor.org\/wp-content\/uploads\/2023\/08\/donnees-pour-obtenir-les-totaux-de-la-facture-en-utilisant-sumif-avec-des-caracteres-generiques.png","contentUrl":"https:\/\/exceladvisor.org\/wp-content\/uploads\/2023\/08\/donnees-pour-obtenir-les-totaux-de-la-facture-en-utilisant-sumif-avec-des-caracteres-generiques.png"},{"@type":"BreadcrumbList","@id":"https:\/\/exceladvisor.org\/pt\/sumif-com-curingas\/#breadcrumb","itemListElement":[{"@type":"ListItem","position":1,"name":"Lar","item":"https:\/\/exceladvisor.org\/pt\/"},{"@type":"ListItem","position":2,"name":"Como usar sumif com curingas?"}]},{"@type":"WebSite","@id":"https:\/\/exceladvisor.org\/pt\/#website","url":"https:\/\/exceladvisor.org\/pt\/","name":"Excel Advisor","description":"O seu guia definitivo para dominar os dados!","publisher":{"@id":"https:\/\/exceladvisor.org\/pt\/#organization"},"potentialAction":[{"@type":"SearchAction","target":{"@type":"EntryPoint","urlTemplate":"https:\/\/exceladvisor.org\/pt\/?s={search_term_string}"},"query-input":{"@type":"PropertyValueSpecification","valueRequired":true,"valueName":"search_term_string"}}],"inLanguage":"pt-PT"},{"@type":"Organization","@id":"https:\/\/exceladvisor.org\/pt\/#organization","name":"Excel Advisor","url":"https:\/\/exceladvisor.org\/pt\/","logo":{"@type":"ImageObject","inLanguage":"pt-PT","@id":"https:\/\/exceladvisor.org\/pt\/#\/schema\/logo\/image\/","url":"https:\/\/exceladvisor.org\/pt\/wp-content\/uploads\/2023\/12\/exceladvisor.org_.png","contentUrl":"https:\/\/exceladvisor.org\/pt\/wp-content\/uploads\/2023\/12\/exceladvisor.org_.png","width":105,"height":36,"caption":"Excel Advisor"},"image":{"@id":"https:\/\/exceladvisor.org\/pt\/#\/schema\/logo\/image\/"}}]}},"yoast_meta":{"yoast_wpseo_title":"","yoast_wpseo_metadesc":"","yoast_wpseo_canonical":""},"_links":{"self":[{"href":"https:\/\/exceladvisor.org\/pt\/wp-json\/wp\/v2\/pages\/35","targetHints":{"allow":["GET"]}}],"collection":[{"href":"https:\/\/exceladvisor.org\/pt\/wp-json\/wp\/v2\/pages"}],"about":[{"href":"https:\/\/exceladvisor.org\/pt\/wp-json\/wp\/v2\/types\/page"}],"author":[{"embeddable":true,"href":"https:\/\/exceladvisor.org\/pt\/wp-json\/wp\/v2\/users\/1"}],"replies":[{"embeddable":true,"href":"https:\/\/exceladvisor.org\/pt\/wp-json\/wp\/v2\/comments?post=35"}],"version-history":[{"count":1,"href":"https:\/\/exceladvisor.org\/pt\/wp-json\/wp\/v2\/pages\/35\/revisions"}],"predecessor-version":[{"id":1381,"href":"https:\/\/exceladvisor.org\/pt\/wp-json\/wp\/v2\/pages\/35\/revisions\/1381"}],"wp:attachment":[{"href":"https:\/\/exceladvisor.org\/pt\/wp-json\/wp\/v2\/media?parent=35"}],"curies":[{"name":"wp","href":"https:\/\/api.w.org\/{rel}","templated":true}]}}